{"id":14542,"date":"2026-04-27T13:57:59","date_gmt":"2026-04-27T13:57:59","guid":{"rendered":""},"modified":"2026-04-27T13:57:59","modified_gmt":"2026-04-27T13:57:59","slug":"akce-sapho-iconic-stojankova-umyvadlova-baterie-vysoka-med-mat-af006pg-14542","status":"publish","type":"product","link":"https:\/\/www.koupeltech.com\/index.php\/produkt\/akce-sapho-iconic-stojankova-umyvadlova-baterie-vysoka-med-mat-af006pg-14542\/","title":{"rendered":"Akce Sapho ICONIC stoj\u00e1nkov\u00e1 umyvadlov\u00e1 baterie vysok\u00e1, m\u011b\u010f mat AF006PG"},"content":{"rendered":"<div class=\"tabs__content-outer\" id=\"tab_description\" data-hash=\"description\" data-tabindex=\"-1\">\n<div class=\"tabs__content toggle_description\" id=\"content_description\">\n<div class=\"wysiwyg-content\">\n<div class=\"product__tab product__description full-width\">\n<div class=\"container\">\n<div >\n<h3>Sapho ICONIC stoj\u00e1nkov\u00e1 umyvadlov\u00e1 baterie vysok\u00e1, m\u011b\u010f mat AF006PG<\/h3>\n<p style=\"text-align: justify;\">Vodovodn\u00ed baterie ICONIC v legend\u00e1rn\u00edm trubkov\u00e9m designu. \u0160t\u00edhl\u00e9 t\u011blo podtrhuje nad\u010dasovost, \u010distotu a minimalismus t\u011bchto sm\u011b\u0161ovac\u00edch bateri\u00ed.<\/p>\n<p><\/p>\n<p><b>Vlastnosti<\/b><\/p>\n<ul>\n<li><span>Barva:<\/span> M\u011b\u010f mat<\/li>\n<li><span>\u0160\u00ed\u0159ka:<\/span> 45 mm<\/li>\n<li><span>V\u00fd\u0161ka:<\/span> 309 mm<\/li>\n<li><span>Materi\u00e1l:<\/span> Mosaz<\/li>\n<li><span>Pr\u016fm\u011br kartu\u0161e:<\/span> 25 mm<\/li>\n<li><span>Instalace:<\/span> Stoj\u00e1nkov\u00e1<\/li>\n<li><span>Druh ovl\u00e1d\u00e1n\u00ed:<\/span> P\u00e1ka<\/li>\n<li><span>Tvar:<\/span> Kruhov\u00e9<\/li>\n<li><span>V\u00fd\u0161ka v\u00fdtoku:<\/span> 221 mm<\/li>\n<li><span>3D model:<\/span> ANO<\/li>\n<\/ul>\n<\/div><\/div>\n<\/p><\/div>\n<\/p><\/div>\n<\/p><\/div>\n","protected":false},"excerpt":{"rendered":"<p>Sapho ICONIC stoj\u00e1nkov\u00e1 umyvadlov\u00e1 baterie vysok\u00e1, m\u011b\u010f mat AF006PG Vodovodn\u00ed baterie ICONIC v legend\u00e1rn\u00edm trubkov\u00e9m designu. \u0160t\u00edhl\u00e9 t\u011blo podtrhuje nad\u010dasovost, \u010distotu a minimalismus t\u011bchto sm\u011b\u0161ovac\u00edch bateri\u00ed. Vlastnosti Barva: M\u011b\u010f mat \u0160\u00ed\u0159ka: 45 mm V\u00fd\u0161ka: 309 mm Materi\u00e1l: Mosaz Pr\u016fm\u011br kartu\u0161e: 25 mm Instalace: Stoj\u00e1nkov\u00e1 Druh ovl\u00e1d\u00e1n\u00ed: P\u00e1ka Tvar: Kruhov\u00e9 V\u00fd\u0161ka v\u00fdtoku: 221 mm 3D model: [&hellip;]<\/p>\n","protected":false},"featured_media":14642,"comment_status":"open","ping_status":"open","template":"","meta":[],"product_brand":[],"product_cat":[83],"product_tag":[],"class_list":{"0":"post-14542","1":"product","2":"type-product","3":"status-publish","4":"has-post-thumbnail","6":"product_cat-koupelna","8":"first","9":"instock","10":"sale","11":"shipping-taxable","12":"purchasable","13":"product-type-simple"},"yoast_head":"<!-- This site is optimized with the Yoast SEO plugin v26.8 - https:\/\/yoast.com\/product\/yoast-seo-wordpress\/ -->\n<title>Akce Sapho ICONIC stoj\u00e1nkov\u00e1 umyvadlov\u00e1 baterie vysok\u00e1, m\u011b\u010f mat AF006PG -<\/title>\n<meta name=\"robots\" content=\"index, follow, max-snippet:-1, max-image-preview:large, max-video-preview:-1\" \/>\n<link rel=\"canonical\" href=\"https:\/\/www.koupeltech.com\/index.php\/produkt\/akce-sapho-iconic-stojankova-umyvadlova-baterie-vysoka-med-mat-af006pg-14542\/\" \/>\n<meta property=\"og:locale\" content=\"cs_CZ\" \/>\n<meta property=\"og:type\" content=\"article\" \/>\n<meta property=\"og:title\" content=\"Akce Sapho ICONIC stoj\u00e1nkov\u00e1 umyvadlov\u00e1 baterie vysok\u00e1, m\u011b\u010f mat AF006PG -\" \/>\n<meta property=\"og:description\" content=\"Sapho ICONIC stoj\u00e1nkov\u00e1 umyvadlov\u00e1 baterie vysok\u00e1, m\u011b\u010f mat AF006PG Vodovodn\u00ed baterie ICONIC v legend\u00e1rn\u00edm trubkov\u00e9m designu. \u0160t\u00edhl\u00e9 t\u011blo podtrhuje nad\u010dasovost, \u010distotu a minimalismus t\u011bchto sm\u011b\u0161ovac\u00edch bateri\u00ed. Vlastnosti Barva: M\u011b\u010f mat \u0160\u00ed\u0159ka: 45 mm V\u00fd\u0161ka: 309 mm Materi\u00e1l: Mosaz Pr\u016fm\u011br kartu\u0161e: 25 mm Instalace: Stoj\u00e1nkov\u00e1 Druh ovl\u00e1d\u00e1n\u00ed: P\u00e1ka Tvar: Kruhov\u00e9 V\u00fd\u0161ka v\u00fdtoku: 221 mm 3D model: [&hellip;]\" \/>\n<meta property=\"og:url\" content=\"https:\/\/www.koupeltech.com\/index.php\/produkt\/akce-sapho-iconic-stojankova-umyvadlova-baterie-vysoka-med-mat-af006pg-14542\/\" \/>\n<meta property=\"og:image\" content=\"https:\/\/www.koupeltech.com\/wp-content\/uploads\/2026\/SK0020265-CZ20260425-093041-0-1777080643-ebf0f582437946a7556e1a129d440bc2.webp\" \/>\n\t<meta property=\"og:image:width\" content=\"422\" \/>\n\t<meta property=\"og:image:height\" content=\"800\" \/>\n\t<meta property=\"og:image:type\" content=\"image\/webp\" \/>\n<meta name=\"twitter:card\" content=\"summary_large_image\" \/>\n<script type=\"application\/ld+json\" class=\"yoast-schema-graph\">{\"@context\":\"https:\/\/schema.org\",\"@graph\":[{\"@type\":\"WebPage\",\"@id\":\"https:\/\/www.koupeltech.com\/index.php\/produkt\/akce-sapho-iconic-stojankova-umyvadlova-baterie-vysoka-med-mat-af006pg-14542\/\",\"url\":\"https:\/\/www.koupeltech.com\/index.php\/produkt\/akce-sapho-iconic-stojankova-umyvadlova-baterie-vysoka-med-mat-af006pg-14542\/\",\"name\":\"Akce Sapho ICONIC stoj\u00e1nkov\u00e1 umyvadlov\u00e1 baterie vysok\u00e1, m\u011b\u010f mat AF006PG -\",\"isPartOf\":{\"@id\":\"https:\/\/www.koupeltech.com\/#website\"},\"primaryImageOfPage\":{\"@id\":\"https:\/\/www.koupeltech.com\/index.php\/produkt\/akce-sapho-iconic-stojankova-umyvadlova-baterie-vysoka-med-mat-af006pg-14542\/#primaryimage\"},\"image\":{\"@id\":\"https:\/\/www.koupeltech.com\/index.php\/produkt\/akce-sapho-iconic-stojankova-umyvadlova-baterie-vysoka-med-mat-af006pg-14542\/#primaryimage\"},\"thumbnailUrl\":\"https:\/\/www.koupeltech.com\/wp-content\/uploads\/2026\/SK0020265-CZ20260425-093041-0-1777080643-ebf0f582437946a7556e1a129d440bc2.webp\",\"datePublished\":\"2026-04-27T13:57:59+00:00\",\"breadcrumb\":{\"@id\":\"https:\/\/www.koupeltech.com\/index.php\/produkt\/akce-sapho-iconic-stojankova-umyvadlova-baterie-vysoka-med-mat-af006pg-14542\/#breadcrumb\"},\"inLanguage\":\"cs\",\"potentialAction\":[{\"@type\":\"ReadAction\",\"target\":[\"https:\/\/www.koupeltech.com\/index.php\/produkt\/akce-sapho-iconic-stojankova-umyvadlova-baterie-vysoka-med-mat-af006pg-14542\/\"]}]},{\"@type\":\"ImageObject\",\"inLanguage\":\"cs\",\"@id\":\"https:\/\/www.koupeltech.com\/index.php\/produkt\/akce-sapho-iconic-stojankova-umyvadlova-baterie-vysoka-med-mat-af006pg-14542\/#primaryimage\",\"url\":\"https:\/\/www.koupeltech.com\/wp-content\/uploads\/2026\/SK0020265-CZ20260425-093041-0-1777080643-ebf0f582437946a7556e1a129d440bc2.webp\",\"contentUrl\":\"https:\/\/www.koupeltech.com\/wp-content\/uploads\/2026\/SK0020265-CZ20260425-093041-0-1777080643-ebf0f582437946a7556e1a129d440bc2.webp\",\"width\":422,\"height\":800},{\"@type\":\"BreadcrumbList\",\"@id\":\"https:\/\/www.koupeltech.com\/index.php\/produkt\/akce-sapho-iconic-stojankova-umyvadlova-baterie-vysoka-med-mat-af006pg-14542\/#breadcrumb\",\"itemListElement\":[{\"@type\":\"ListItem\",\"position\":1,\"name\":\"Home\",\"item\":\"https:\/\/www.koupeltech.com\/\"},{\"@type\":\"ListItem\",\"position\":2,\"name\":\"Products\",\"item\":\"https:\/\/www.koupeltech.com\/index.php\/products\/\"},{\"@type\":\"ListItem\",\"position\":3,\"name\":\"Akce Sapho ICONIC stoj\u00e1nkov\u00e1 umyvadlov\u00e1 baterie vysok\u00e1, m\u011b\u010f mat AF006PG\"}]},{\"@type\":\"WebSite\",\"@id\":\"https:\/\/www.koupeltech.com\/#website\",\"url\":\"https:\/\/www.koupeltech.com\/\",\"name\":\"\",\"description\":\"\",\"potentialAction\":[{\"@type\":\"SearchAction\",\"target\":{\"@type\":\"EntryPoint\",\"urlTemplate\":\"https:\/\/www.koupeltech.com\/?s={search_term_string}\"},\"query-input\":{\"@type\":\"PropertyValueSpecification\",\"valueRequired\":true,\"valueName\":\"search_term_string\"}}],\"inLanguage\":\"cs\"}]}<\/script>\n<!-- \/ Yoast SEO plugin. -->","yoast_head_json":{"title":"Akce Sapho ICONIC stoj\u00e1nkov\u00e1 umyvadlov\u00e1 baterie vysok\u00e1, m\u011b\u010f mat AF006PG -","robots":{"index":"index","follow":"follow","max-snippet":"max-snippet:-1","max-image-preview":"max-image-preview:large","max-video-preview":"max-video-preview:-1"},"canonical":"https:\/\/www.koupeltech.com\/index.php\/produkt\/akce-sapho-iconic-stojankova-umyvadlova-baterie-vysoka-med-mat-af006pg-14542\/","og_locale":"cs_CZ","og_type":"article","og_title":"Akce Sapho ICONIC stoj\u00e1nkov\u00e1 umyvadlov\u00e1 baterie vysok\u00e1, m\u011b\u010f mat AF006PG -","og_description":"Sapho ICONIC stoj\u00e1nkov\u00e1 umyvadlov\u00e1 baterie vysok\u00e1, m\u011b\u010f mat AF006PG Vodovodn\u00ed baterie ICONIC v legend\u00e1rn\u00edm trubkov\u00e9m designu. \u0160t\u00edhl\u00e9 t\u011blo podtrhuje nad\u010dasovost, \u010distotu a minimalismus t\u011bchto sm\u011b\u0161ovac\u00edch bateri\u00ed. Vlastnosti Barva: M\u011b\u010f mat \u0160\u00ed\u0159ka: 45 mm V\u00fd\u0161ka: 309 mm Materi\u00e1l: Mosaz Pr\u016fm\u011br kartu\u0161e: 25 mm Instalace: Stoj\u00e1nkov\u00e1 Druh ovl\u00e1d\u00e1n\u00ed: P\u00e1ka Tvar: Kruhov\u00e9 V\u00fd\u0161ka v\u00fdtoku: 221 mm 3D model: [&hellip;]","og_url":"https:\/\/www.koupeltech.com\/index.php\/produkt\/akce-sapho-iconic-stojankova-umyvadlova-baterie-vysoka-med-mat-af006pg-14542\/","og_image":[{"width":422,"height":800,"url":"https:\/\/www.koupeltech.com\/wp-content\/uploads\/2026\/SK0020265-CZ20260425-093041-0-1777080643-ebf0f582437946a7556e1a129d440bc2.webp","type":"image\/webp"}],"twitter_card":"summary_large_image","schema":{"@context":"https:\/\/schema.org","@graph":[{"@type":"WebPage","@id":"https:\/\/www.koupeltech.com\/index.php\/produkt\/akce-sapho-iconic-stojankova-umyvadlova-baterie-vysoka-med-mat-af006pg-14542\/","url":"https:\/\/www.koupeltech.com\/index.php\/produkt\/akce-sapho-iconic-stojankova-umyvadlova-baterie-vysoka-med-mat-af006pg-14542\/","name":"Akce Sapho ICONIC stoj\u00e1nkov\u00e1 umyvadlov\u00e1 baterie vysok\u00e1, m\u011b\u010f mat AF006PG -","isPartOf":{"@id":"https:\/\/www.koupeltech.com\/#website"},"primaryImageOfPage":{"@id":"https:\/\/www.koupeltech.com\/index.php\/produkt\/akce-sapho-iconic-stojankova-umyvadlova-baterie-vysoka-med-mat-af006pg-14542\/#primaryimage"},"image":{"@id":"https:\/\/www.koupeltech.com\/index.php\/produkt\/akce-sapho-iconic-stojankova-umyvadlova-baterie-vysoka-med-mat-af006pg-14542\/#primaryimage"},"thumbnailUrl":"https:\/\/www.koupeltech.com\/wp-content\/uploads\/2026\/SK0020265-CZ20260425-093041-0-1777080643-ebf0f582437946a7556e1a129d440bc2.webp","datePublished":"2026-04-27T13:57:59+00:00","breadcrumb":{"@id":"https:\/\/www.koupeltech.com\/index.php\/produkt\/akce-sapho-iconic-stojankova-umyvadlova-baterie-vysoka-med-mat-af006pg-14542\/#breadcrumb"},"inLanguage":"cs","potentialAction":[{"@type":"ReadAction","target":["https:\/\/www.koupeltech.com\/index.php\/produkt\/akce-sapho-iconic-stojankova-umyvadlova-baterie-vysoka-med-mat-af006pg-14542\/"]}]},{"@type":"ImageObject","inLanguage":"cs","@id":"https:\/\/www.koupeltech.com\/index.php\/produkt\/akce-sapho-iconic-stojankova-umyvadlova-baterie-vysoka-med-mat-af006pg-14542\/#primaryimage","url":"https:\/\/www.koupeltech.com\/wp-content\/uploads\/2026\/SK0020265-CZ20260425-093041-0-1777080643-ebf0f582437946a7556e1a129d440bc2.webp","contentUrl":"https:\/\/www.koupeltech.com\/wp-content\/uploads\/2026\/SK0020265-CZ20260425-093041-0-1777080643-ebf0f582437946a7556e1a129d440bc2.webp","width":422,"height":800},{"@type":"BreadcrumbList","@id":"https:\/\/www.koupeltech.com\/index.php\/produkt\/akce-sapho-iconic-stojankova-umyvadlova-baterie-vysoka-med-mat-af006pg-14542\/#breadcrumb","itemListElement":[{"@type":"ListItem","position":1,"name":"Home","item":"https:\/\/www.koupeltech.com\/"},{"@type":"ListItem","position":2,"name":"Products","item":"https:\/\/www.koupeltech.com\/index.php\/products\/"},{"@type":"ListItem","position":3,"name":"Akce Sapho ICONIC stoj\u00e1nkov\u00e1 umyvadlov\u00e1 baterie vysok\u00e1, m\u011b\u010f mat AF006PG"}]},{"@type":"WebSite","@id":"https:\/\/www.koupeltech.com\/#website","url":"https:\/\/www.koupeltech.com\/","name":"","description":"","potentialAction":[{"@type":"SearchAction","target":{"@type":"EntryPoint","urlTemplate":"https:\/\/www.koupeltech.com\/?s={search_term_string}"},"query-input":{"@type":"PropertyValueSpecification","valueRequired":true,"valueName":"search_term_string"}}],"inLanguage":"cs"}]}},"_links":{"self":[{"href":"https:\/\/www.koupeltech.com\/index.php\/wp-json\/wp\/v2\/product\/14542","targetHints":{"allow":["GET"]}}],"collection":[{"href":"https:\/\/www.koupeltech.com\/index.php\/wp-json\/wp\/v2\/product"}],"about":[{"href":"https:\/\/www.koupeltech.com\/index.php\/wp-json\/wp\/v2\/types\/product"}],"replies":[{"embeddable":true,"href":"https:\/\/www.koupeltech.com\/index.php\/wp-json\/wp\/v2\/comments?post=14542"}],"wp:featuredmedia":[{"embeddable":true,"href":"https:\/\/www.koupeltech.com\/index.php\/wp-json\/wp\/v2\/media\/14642"}],"wp:attachment":[{"href":"https:\/\/www.koupeltech.com\/index.php\/wp-json\/wp\/v2\/media?parent=14542"}],"wp:term":[{"taxonomy":"product_brand","embeddable":true,"href":"https:\/\/www.koupeltech.com\/index.php\/wp-json\/wp\/v2\/product_brand?post=14542"},{"taxonomy":"product_cat","embeddable":true,"href":"https:\/\/www.koupeltech.com\/index.php\/wp-json\/wp\/v2\/product_cat?post=14542"},{"taxonomy":"product_tag","embeddable":true,"href":"https:\/\/www.koupeltech.com\/index.php\/wp-json\/wp\/v2\/product_tag?post=14542"}],"curies":[{"name":"wp","href":"https:\/\/api.w.org\/{rel}","templated":true}]}}