{"id":14698,"date":"2026-04-27T13:58:00","date_gmt":"2026-04-27T13:58:00","guid":{"rendered":""},"modified":"2026-04-27T13:58:00","modified_gmt":"2026-04-27T13:58:00","slug":"znackovy-gelco-trinity-black-sprchove-dvere-do-niky-900mm-cire-sklo-leve-gt1290cl-b-14698","status":"publish","type":"product","link":"https:\/\/www.koupeltech.com\/index.php\/produkt\/znackovy-gelco-trinity-black-sprchove-dvere-do-niky-900mm-cire-sklo-leve-gt1290cl-b-14698\/","title":{"rendered":"Zna\u010dkov\u00fd Gelco TRINITY BLACK sprchov\u00e9 dve\u0159e do niky 900mm, \u010dir\u00e9 sklo, lev\u00e9 GT1290CL-B"},"content":{"rendered":"<div class=\"tabs__content-outer\" id=\"tab_description\" data-hash=\"description\" data-tabindex=\"-1\">\n<div class=\"tabs__content toggle_description\" id=\"content_description\">\n<div class=\"wysiwyg-content\">\n<div class=\"product__tab product__description full-width\">\n<div class=\"container\">\n<div >\n<h3>Gelco TRINITY BLACK sprchov\u00e9 dve\u0159e do niky 900mm, \u010dir\u00e9 sklo, lev\u00e9 GT1290CL-B<\/h3>\n<p><strong>Charakteristika sprchov\u00fdch z\u00e1st\u011bn TRINITY:<\/strong><\/p>\n<ul>\n<li>Bezr\u00e1mov\u00e9 pantov\u00e9 z\u00e1st\u011bny<\/li>\n<li>Minimalistick\u00e9 panty v&nbsp;hranat\u00e9m designu, zevnit\u0159 zapu\u0161t\u011bn\u00e9 do skla pro snadn\u00e9 \u010di\u0161t\u011bn\u00ed, umo\u017e\u0148uji oto\u010den\u00ed a\u017e o 180\u00b0<\/li>\n<li>Zvedac\u00ed mechanismus pro pohodln\u00e9 otev\u00edr\u00e1n\u00ed dve\u0159\u00ed<\/li>\n<li>Barevn\u00e1 proveden\u00ed profilu: chrom, \u010dern\u00e1 mat, zlato mat<\/li>\n<li>Bezpe\u010dnostn\u00ed sklo o tlou\u0161\u0165ce 8 mm v proveden\u00ed \u010di\u0159\u00e9 a matn\u00e9<\/li>\n<li>V\u00fd\u0161ka z\u00e1st\u011bn&nbsp;2000 mm&nbsp;<\/li>\n<li>Zkracovateln\u00e9 rohov\u00e9 vzp\u011bry, kter\u00e9 lze p\u0159izp\u016fsobit pro rozm\u011br z\u00e1st\u011bny<\/li>\n<li>Povrchov\u00e1 \u00faprava Coated glass zabra\u0148uje usazov\u00e1n\u00ed vodn\u00edho kamene a usnad\u0148uje \u010di\u0161t\u011bn\u00ed<\/li>\n<\/ul>\n<p>S\u00e9rie Trinity je stavebnicov\u00fd syst\u00e9m pantov\u00fdch sprchov\u00fdch z\u00e1st\u011bn, kter\u00fd umo\u017e\u0148uje jednodu\u0161e kombinovat barevn\u00e9 proveden\u00ed kov\u00e1n\u00ed a skla do \u010dty\u0159 z\u00e1kladn\u00edch modul\u016f:<br \/>Dve\u0159e do niky<br \/>Dve\u0159e s&nbsp;bo\u010dn\u00ed st\u011bnou<br \/>\u010ctvercov\u00e1\/obd\u00e9ln\u00edkov\u00e1 z\u00e1st\u011bna s&nbsp;rohov\u00fdm vstupem<br \/>\u010ctvrtkruhov\u00e1 z\u00e1st\u011bna<\/p>\n<p>Z&nbsp;d\u016fvodu zapu\u0161t\u011bn\u00fdch pant\u016f jsou dve\u0159e v\u017edy v proveden\u00ed pro lev\u00e9 nebo prav\u00e9 otev\u00edr\u00e1n\u00ed.<\/p>\n<div style=\"float: left; width: 50%; text-align: justify;\"> <\/p>\n<div style=\"padding-right: 25px;\">Prodlou\u017een\u00e9 madlo podtrhuje v\u00fdjime\u010dnost<br \/>a zaji\u0161\u0165uje pohodln\u00e9 otev\u00edr\u00e1n\u00ed dve\u0159\u00ed<\/p>\n<\/div><\/div>\n<div style=\"float: left; width: 50%; text-align: justify;\"> <\/p>\n<div style=\"padding-right: 25px;\">Minimalistick\u00e9 panty, zevnit\u0159 zapu\u0161t\u011bn\u00e9 do skla<br \/>pro snadn\u00e9 \u010di\u0161t\u011bn\u00ed, umo\u017e\u0148uj\u00ed oto\u010den\u00ed a\u017e o 180\u00b0<\/div>\n<\/p><\/div>\n<div style=\"clear: both;\"><\/div>\n<div style=\"float: left; width: 50%; text-align: justify;\"> <\/p>\n<div style=\"padding-right: 25px;\">Zkracovateln\u00e1 rohov\u00e1 vzp\u011bra se p\u0159izp\u016fsob\u00ed<br \/>v\u0161em rozm\u011br\u016fm a pot\u0159eb\u00e1m<\/div>\n<\/p><\/div>\n<div style=\"float: left; width: 50%; text-align: justify;\"> <\/p>\n<div style=\"padding-right: 25px;\">P\u0159etokov\u00e1 li\u0161ta s PVC t\u011bsn\u011bn\u00edm br\u00e1n\u00ed <br \/>vyt\u00e9k\u00e1n\u00ed vody mimo sprchov\u00fd kout<\/div>\n<\/p><\/div>\n<div style=\"clear: both;\"><\/div>\n<div class=\"product-explanation-item\">\n<h3><span><strong>Coated glass<\/strong><\/span><\/h3>\n<p style=\"text-align: justify;\">Coated glass p\u0159edstavuje jednu z nejkvalitn\u011bj\u0161\u00edch \u00faprav skla sprchov\u00fdch kout\u016f. Jedn\u00e1 se o chemickou slou\u010deninu sm\u011bsi polymer\u016f, kter\u00e1 ve spojen\u00ed s katalyz\u00e1tory reaguje s k\u0159emi\u010ditanov\u00fdmi skupinami obsa\u017een\u00fdmi ve skle. Na sklen\u011bn\u00fdch ploch\u00e1ch tak vytv\u00e1\u0159\u00ed souvislou vrstvu filmu, kter\u00e1 vypln\u00ed mikrop\u00f3ry ve skle a odpuzuje vodu. Vlivem vod\u011bodpudiv\u00e9ho filmu se kapky vody shlukuj\u00ed a st\u00e9kaj\u00ed z povrchu skla. I kdy\u017e dojde k nepatrn\u00e9mu udr\u017een\u00ed men\u0161\u00edch kapek na skle, nedojde k chemick\u00e9 vazb\u011b, sklo nebude naru\u0161eno a neze\u0161edne.<\/p>\n<\/p><\/div>\n<div class=\"product-explanation-item\">\n<h3>Bezr\u00e1mov\u00e9 sprchov\u00e9 z\u00e1st\u011bny<\/h3>\n<p style=\"text-align: justify;\">Ochranu proti p\u0159ete\u010den\u00ed vody u bezr\u00e1mov\u00fdch z\u00e1st\u011bn zaji\u0161\u0165uje n\u00edzk\u00e1 p\u0159etokov\u00e1 li\u0161ta, kter\u00e1 dotv\u00e1\u0159\u00ed \u010dist\u00fd vzhled z\u00e1st\u011bny. Bezr\u00e1mov\u00e9 z\u00e1st\u011bny tak p\u016fsob\u00ed sv\u011b\u017e\u00edm elegantn\u00edm dojmem.<\/p>\n<\/p><\/div>\n<p><\/p>\n<p><b>Vlastnosti<\/b><\/p>\n<ul>\n<li><span>\u0160\u00ed\u0159ka:<\/span> 900 mm<\/li>\n<li><span>V\u00fd\u0161ka:<\/span> 2000 mm<\/li>\n<li><span>Tvar:<\/span> Dve\u0159e do niky<\/li>\n<li><span>Syst\u00e9m otev\u00edr\u00e1n\u00ed dve\u0159\u00ed:<\/span> k\u0159\u00eddlov\u00e9<\/li>\n<li><span>Typ v\u00fdpln\u011b:<\/span> \u010cir\u00e9 sklo<\/li>\n<li><span>\u00daprava skla:<\/span> Coated glass<\/li>\n<li><span>Tlou\u0161\u0165ka skla:<\/span> 8 mm<\/li>\n<li><span>Vlastnosti:<\/span> Bezr\u00e1mov\u00e9 proveden\u00ed<\/li>\n<li><span>Instala\u010dn\u00ed \u0161\u00ed\u0159ka od:<\/span> 885 mm<\/li>\n<li><span>Instala\u010dn\u00ed \u0161\u00ed\u0159ka do:<\/span> 915 mm<\/li>\n<li><span>Barva:<\/span> \u010cern\u00e1<\/li>\n<li><span>\u0160\u00ed\u0159ka vstupu:<\/span> 555 mm<\/li>\n<li><span>Sm\u011br otev\u00edr\u00e1n\u00ed:<\/span> Lev\u00e9<\/li>\n<li><span>3D model:<\/span> ANO<\/li>\n<\/ul>\n<\/div><\/div>\n<\/p><\/div>\n<\/p><\/div>\n<\/p><\/div>\n","protected":false},"excerpt":{"rendered":"<p>Gelco TRINITY BLACK sprchov\u00e9 dve\u0159e do niky 900mm, \u010dir\u00e9 sklo, lev\u00e9 GT1290CL-B Charakteristika sprchov\u00fdch z\u00e1st\u011bn TRINITY: Bezr\u00e1mov\u00e9 pantov\u00e9 z\u00e1st\u011bny Minimalistick\u00e9 panty v&nbsp;hranat\u00e9m designu, zevnit\u0159 zapu\u0161t\u011bn\u00e9 do skla pro snadn\u00e9 \u010di\u0161t\u011bn\u00ed, umo\u017e\u0148uji oto\u010den\u00ed a\u017e o 180\u00b0 Zvedac\u00ed mechanismus pro pohodln\u00e9 otev\u00edr\u00e1n\u00ed dve\u0159\u00ed Barevn\u00e1 proveden\u00ed profilu: chrom, \u010dern\u00e1 mat, zlato mat Bezpe\u010dnostn\u00ed sklo o tlou\u0161\u0165ce 8 mm [&hellip;]<\/p>\n","protected":false},"featured_media":14798,"comment_status":"open","ping_status":"open","template":"","meta":[],"product_brand":[],"product_cat":[83],"product_tag":[],"class_list":{"0":"post-14698","1":"product","2":"type-product","3":"status-publish","4":"has-post-thumbnail","6":"product_cat-koupelna","8":"first","9":"instock","10":"sale","11":"shipping-taxable","12":"purchasable","13":"product-type-simple"},"yoast_head":"<!-- This site is optimized with the Yoast SEO plugin v26.8 - https:\/\/yoast.com\/product\/yoast-seo-wordpress\/ -->\n<title>Zna\u010dkov\u00fd Gelco TRINITY BLACK sprchov\u00e9 dve\u0159e do niky 900mm, \u010dir\u00e9 sklo, lev\u00e9 GT1290CL-B -<\/title>\n<meta name=\"robots\" content=\"index, follow, max-snippet:-1, max-image-preview:large, max-video-preview:-1\" \/>\n<link rel=\"canonical\" href=\"https:\/\/www.koupeltech.com\/index.php\/produkt\/znackovy-gelco-trinity-black-sprchove-dvere-do-niky-900mm-cire-sklo-leve-gt1290cl-b-14698\/\" \/>\n<meta property=\"og:locale\" content=\"cs_CZ\" \/>\n<meta property=\"og:type\" content=\"article\" \/>\n<meta property=\"og:title\" content=\"Zna\u010dkov\u00fd Gelco TRINITY BLACK sprchov\u00e9 dve\u0159e do niky 900mm, \u010dir\u00e9 sklo, lev\u00e9 GT1290CL-B -\" \/>\n<meta property=\"og:description\" content=\"Gelco TRINITY BLACK sprchov\u00e9 dve\u0159e do niky 900mm, \u010dir\u00e9 sklo, lev\u00e9 GT1290CL-B Charakteristika sprchov\u00fdch z\u00e1st\u011bn TRINITY: Bezr\u00e1mov\u00e9 pantov\u00e9 z\u00e1st\u011bny Minimalistick\u00e9 panty v&nbsp;hranat\u00e9m designu, zevnit\u0159 zapu\u0161t\u011bn\u00e9 do skla pro snadn\u00e9 \u010di\u0161t\u011bn\u00ed, umo\u017e\u0148uji oto\u010den\u00ed a\u017e o 180\u00b0 Zvedac\u00ed mechanismus pro pohodln\u00e9 otev\u00edr\u00e1n\u00ed dve\u0159\u00ed Barevn\u00e1 proveden\u00ed profilu: chrom, \u010dern\u00e1 mat, zlato mat Bezpe\u010dnostn\u00ed sklo o tlou\u0161\u0165ce 8 mm [&hellip;]\" \/>\n<meta property=\"og:url\" content=\"https:\/\/www.koupeltech.com\/index.php\/produkt\/znackovy-gelco-trinity-black-sprchove-dvere-do-niky-900mm-cire-sklo-leve-gt1290cl-b-14698\/\" \/>\n<meta property=\"og:image\" content=\"https:\/\/www.koupeltech.com\/wp-content\/uploads\/2026\/SK0020322-CZ20260425-093041-0-1777080643-244b485dd2c1930174100205ee7ab8b2.webp\" \/>\n\t<meta property=\"og:image:width\" content=\"759\" \/>\n\t<meta property=\"og:image:height\" content=\"800\" \/>\n\t<meta property=\"og:image:type\" content=\"image\/webp\" \/>\n<meta name=\"twitter:card\" content=\"summary_large_image\" \/>\n<meta name=\"twitter:label1\" content=\"Odhadovan\u00e1 doba \u010dten\u00ed\" \/>\n\t<meta name=\"twitter:data1\" content=\"2 minuty\" \/>\n<script type=\"application\/ld+json\" class=\"yoast-schema-graph\">{\"@context\":\"https:\/\/schema.org\",\"@graph\":[{\"@type\":\"WebPage\",\"@id\":\"https:\/\/www.koupeltech.com\/index.php\/produkt\/znackovy-gelco-trinity-black-sprchove-dvere-do-niky-900mm-cire-sklo-leve-gt1290cl-b-14698\/\",\"url\":\"https:\/\/www.koupeltech.com\/index.php\/produkt\/znackovy-gelco-trinity-black-sprchove-dvere-do-niky-900mm-cire-sklo-leve-gt1290cl-b-14698\/\",\"name\":\"Zna\u010dkov\u00fd Gelco TRINITY BLACK sprchov\u00e9 dve\u0159e do niky 900mm, \u010dir\u00e9 sklo, lev\u00e9 GT1290CL-B -\",\"isPartOf\":{\"@id\":\"https:\/\/www.koupeltech.com\/#website\"},\"primaryImageOfPage\":{\"@id\":\"https:\/\/www.koupeltech.com\/index.php\/produkt\/znackovy-gelco-trinity-black-sprchove-dvere-do-niky-900mm-cire-sklo-leve-gt1290cl-b-14698\/#primaryimage\"},\"image\":{\"@id\":\"https:\/\/www.koupeltech.com\/index.php\/produkt\/znackovy-gelco-trinity-black-sprchove-dvere-do-niky-900mm-cire-sklo-leve-gt1290cl-b-14698\/#primaryimage\"},\"thumbnailUrl\":\"https:\/\/www.koupeltech.com\/wp-content\/uploads\/2026\/SK0020322-CZ20260425-093041-0-1777080643-244b485dd2c1930174100205ee7ab8b2.webp\",\"datePublished\":\"2026-04-27T13:58:00+00:00\",\"breadcrumb\":{\"@id\":\"https:\/\/www.koupeltech.com\/index.php\/produkt\/znackovy-gelco-trinity-black-sprchove-dvere-do-niky-900mm-cire-sklo-leve-gt1290cl-b-14698\/#breadcrumb\"},\"inLanguage\":\"cs\",\"potentialAction\":[{\"@type\":\"ReadAction\",\"target\":[\"https:\/\/www.koupeltech.com\/index.php\/produkt\/znackovy-gelco-trinity-black-sprchove-dvere-do-niky-900mm-cire-sklo-leve-gt1290cl-b-14698\/\"]}]},{\"@type\":\"ImageObject\",\"inLanguage\":\"cs\",\"@id\":\"https:\/\/www.koupeltech.com\/index.php\/produkt\/znackovy-gelco-trinity-black-sprchove-dvere-do-niky-900mm-cire-sklo-leve-gt1290cl-b-14698\/#primaryimage\",\"url\":\"https:\/\/www.koupeltech.com\/wp-content\/uploads\/2026\/SK0020322-CZ20260425-093041-0-1777080643-244b485dd2c1930174100205ee7ab8b2.webp\",\"contentUrl\":\"https:\/\/www.koupeltech.com\/wp-content\/uploads\/2026\/SK0020322-CZ20260425-093041-0-1777080643-244b485dd2c1930174100205ee7ab8b2.webp\",\"width\":759,\"height\":800},{\"@type\":\"BreadcrumbList\",\"@id\":\"https:\/\/www.koupeltech.com\/index.php\/produkt\/znackovy-gelco-trinity-black-sprchove-dvere-do-niky-900mm-cire-sklo-leve-gt1290cl-b-14698\/#breadcrumb\",\"itemListElement\":[{\"@type\":\"ListItem\",\"position\":1,\"name\":\"Home\",\"item\":\"https:\/\/www.koupeltech.com\/\"},{\"@type\":\"ListItem\",\"position\":2,\"name\":\"Products\",\"item\":\"https:\/\/www.koupeltech.com\/index.php\/products\/\"},{\"@type\":\"ListItem\",\"position\":3,\"name\":\"Zna\u010dkov\u00fd Gelco TRINITY BLACK sprchov\u00e9 dve\u0159e do niky 900mm, \u010dir\u00e9 sklo, lev\u00e9 GT1290CL-B\"}]},{\"@type\":\"WebSite\",\"@id\":\"https:\/\/www.koupeltech.com\/#website\",\"url\":\"https:\/\/www.koupeltech.com\/\",\"name\":\"\",\"description\":\"\",\"potentialAction\":[{\"@type\":\"SearchAction\",\"target\":{\"@type\":\"EntryPoint\",\"urlTemplate\":\"https:\/\/www.koupeltech.com\/?s={search_term_string}\"},\"query-input\":{\"@type\":\"PropertyValueSpecification\",\"valueRequired\":true,\"valueName\":\"search_term_string\"}}],\"inLanguage\":\"cs\"}]}<\/script>\n<!-- \/ Yoast SEO plugin. -->","yoast_head_json":{"title":"Zna\u010dkov\u00fd Gelco TRINITY BLACK sprchov\u00e9 dve\u0159e do niky 900mm, \u010dir\u00e9 sklo, lev\u00e9 GT1290CL-B -","robots":{"index":"index","follow":"follow","max-snippet":"max-snippet:-1","max-image-preview":"max-image-preview:large","max-video-preview":"max-video-preview:-1"},"canonical":"https:\/\/www.koupeltech.com\/index.php\/produkt\/znackovy-gelco-trinity-black-sprchove-dvere-do-niky-900mm-cire-sklo-leve-gt1290cl-b-14698\/","og_locale":"cs_CZ","og_type":"article","og_title":"Zna\u010dkov\u00fd Gelco TRINITY BLACK sprchov\u00e9 dve\u0159e do niky 900mm, \u010dir\u00e9 sklo, lev\u00e9 GT1290CL-B -","og_description":"Gelco TRINITY BLACK sprchov\u00e9 dve\u0159e do niky 900mm, \u010dir\u00e9 sklo, lev\u00e9 GT1290CL-B Charakteristika sprchov\u00fdch z\u00e1st\u011bn TRINITY: Bezr\u00e1mov\u00e9 pantov\u00e9 z\u00e1st\u011bny Minimalistick\u00e9 panty v&nbsp;hranat\u00e9m designu, zevnit\u0159 zapu\u0161t\u011bn\u00e9 do skla pro snadn\u00e9 \u010di\u0161t\u011bn\u00ed, umo\u017e\u0148uji oto\u010den\u00ed a\u017e o 180\u00b0 Zvedac\u00ed mechanismus pro pohodln\u00e9 otev\u00edr\u00e1n\u00ed dve\u0159\u00ed Barevn\u00e1 proveden\u00ed profilu: chrom, \u010dern\u00e1 mat, zlato mat Bezpe\u010dnostn\u00ed sklo o tlou\u0161\u0165ce 8 mm [&hellip;]","og_url":"https:\/\/www.koupeltech.com\/index.php\/produkt\/znackovy-gelco-trinity-black-sprchove-dvere-do-niky-900mm-cire-sklo-leve-gt1290cl-b-14698\/","og_image":[{"width":759,"height":800,"url":"https:\/\/www.koupeltech.com\/wp-content\/uploads\/2026\/SK0020322-CZ20260425-093041-0-1777080643-244b485dd2c1930174100205ee7ab8b2.webp","type":"image\/webp"}],"twitter_card":"summary_large_image","twitter_misc":{"Odhadovan\u00e1 doba \u010dten\u00ed":"2 minuty"},"schema":{"@context":"https:\/\/schema.org","@graph":[{"@type":"WebPage","@id":"https:\/\/www.koupeltech.com\/index.php\/produkt\/znackovy-gelco-trinity-black-sprchove-dvere-do-niky-900mm-cire-sklo-leve-gt1290cl-b-14698\/","url":"https:\/\/www.koupeltech.com\/index.php\/produkt\/znackovy-gelco-trinity-black-sprchove-dvere-do-niky-900mm-cire-sklo-leve-gt1290cl-b-14698\/","name":"Zna\u010dkov\u00fd Gelco TRINITY BLACK sprchov\u00e9 dve\u0159e do niky 900mm, \u010dir\u00e9 sklo, lev\u00e9 GT1290CL-B -","isPartOf":{"@id":"https:\/\/www.koupeltech.com\/#website"},"primaryImageOfPage":{"@id":"https:\/\/www.koupeltech.com\/index.php\/produkt\/znackovy-gelco-trinity-black-sprchove-dvere-do-niky-900mm-cire-sklo-leve-gt1290cl-b-14698\/#primaryimage"},"image":{"@id":"https:\/\/www.koupeltech.com\/index.php\/produkt\/znackovy-gelco-trinity-black-sprchove-dvere-do-niky-900mm-cire-sklo-leve-gt1290cl-b-14698\/#primaryimage"},"thumbnailUrl":"https:\/\/www.koupeltech.com\/wp-content\/uploads\/2026\/SK0020322-CZ20260425-093041-0-1777080643-244b485dd2c1930174100205ee7ab8b2.webp","datePublished":"2026-04-27T13:58:00+00:00","breadcrumb":{"@id":"https:\/\/www.koupeltech.com\/index.php\/produkt\/znackovy-gelco-trinity-black-sprchove-dvere-do-niky-900mm-cire-sklo-leve-gt1290cl-b-14698\/#breadcrumb"},"inLanguage":"cs","potentialAction":[{"@type":"ReadAction","target":["https:\/\/www.koupeltech.com\/index.php\/produkt\/znackovy-gelco-trinity-black-sprchove-dvere-do-niky-900mm-cire-sklo-leve-gt1290cl-b-14698\/"]}]},{"@type":"ImageObject","inLanguage":"cs","@id":"https:\/\/www.koupeltech.com\/index.php\/produkt\/znackovy-gelco-trinity-black-sprchove-dvere-do-niky-900mm-cire-sklo-leve-gt1290cl-b-14698\/#primaryimage","url":"https:\/\/www.koupeltech.com\/wp-content\/uploads\/2026\/SK0020322-CZ20260425-093041-0-1777080643-244b485dd2c1930174100205ee7ab8b2.webp","contentUrl":"https:\/\/www.koupeltech.com\/wp-content\/uploads\/2026\/SK0020322-CZ20260425-093041-0-1777080643-244b485dd2c1930174100205ee7ab8b2.webp","width":759,"height":800},{"@type":"BreadcrumbList","@id":"https:\/\/www.koupeltech.com\/index.php\/produkt\/znackovy-gelco-trinity-black-sprchove-dvere-do-niky-900mm-cire-sklo-leve-gt1290cl-b-14698\/#breadcrumb","itemListElement":[{"@type":"ListItem","position":1,"name":"Home","item":"https:\/\/www.koupeltech.com\/"},{"@type":"ListItem","position":2,"name":"Products","item":"https:\/\/www.koupeltech.com\/index.php\/products\/"},{"@type":"ListItem","position":3,"name":"Zna\u010dkov\u00fd Gelco TRINITY BLACK sprchov\u00e9 dve\u0159e do niky 900mm, \u010dir\u00e9 sklo, lev\u00e9 GT1290CL-B"}]},{"@type":"WebSite","@id":"https:\/\/www.koupeltech.com\/#website","url":"https:\/\/www.koupeltech.com\/","name":"","description":"","potentialAction":[{"@type":"SearchAction","target":{"@type":"EntryPoint","urlTemplate":"https:\/\/www.koupeltech.com\/?s={search_term_string}"},"query-input":{"@type":"PropertyValueSpecification","valueRequired":true,"valueName":"search_term_string"}}],"inLanguage":"cs"}]}},"_links":{"self":[{"href":"https:\/\/www.koupeltech.com\/index.php\/wp-json\/wp\/v2\/product\/14698","targetHints":{"allow":["GET"]}}],"collection":[{"href":"https:\/\/www.koupeltech.com\/index.php\/wp-json\/wp\/v2\/product"}],"about":[{"href":"https:\/\/www.koupeltech.com\/index.php\/wp-json\/wp\/v2\/types\/product"}],"replies":[{"embeddable":true,"href":"https:\/\/www.koupeltech.com\/index.php\/wp-json\/wp\/v2\/comments?post=14698"}],"wp:featuredmedia":[{"embeddable":true,"href":"https:\/\/www.koupeltech.com\/index.php\/wp-json\/wp\/v2\/media\/14798"}],"wp:attachment":[{"href":"https:\/\/www.koupeltech.com\/index.php\/wp-json\/wp\/v2\/media?parent=14698"}],"wp:term":[{"taxonomy":"product_brand","embeddable":true,"href":"https:\/\/www.koupeltech.com\/index.php\/wp-json\/wp\/v2\/product_brand?post=14698"},{"taxonomy":"product_cat","embeddable":true,"href":"https:\/\/www.koupeltech.com\/index.php\/wp-json\/wp\/v2\/product_cat?post=14698"},{"taxonomy":"product_tag","embeddable":true,"href":"https:\/\/www.koupeltech.com\/index.php\/wp-json\/wp\/v2\/product_tag?post=14698"}],"curies":[{"name":"wp","href":"https:\/\/api.w.org\/{rel}","templated":true}]}}