{"id":14735,"date":"2026-04-27T13:58:00","date_gmt":"2026-04-27T13:58:00","guid":{"rendered":""},"modified":"2026-04-27T13:58:00","modified_gmt":"2026-04-27T13:58:00","slug":"znackovy-gedy-elba-drzak-rucniku-650mm-chrom-a021613-14735","status":"publish","type":"product","link":"https:\/\/www.koupeltech.com\/index.php\/produkt\/znackovy-gedy-elba-drzak-rucniku-650mm-chrom-a021613-14735\/","title":{"rendered":"Zna\u010dkov\u00fd Gedy ELBA dr\u017e\u00e1k ru\u010dn\u00edk\u016f 650mm, chrom A021613"},"content":{"rendered":"<div class=\"tabs__content-outer\" id=\"tab_description\" data-hash=\"description\" data-tabindex=\"-1\">\n<div class=\"tabs__content toggle_description\" id=\"content_description\">\n<div class=\"wysiwyg-content\">\n<div class=\"product__tab product__description full-width\">\n<div class=\"container\">\n<div >\n<h3>Gedy ELBA dr\u017e\u00e1k ru\u010dn\u00edk\u016f 650mm, chrom A021613<\/h3>\n<p style=\"text-align: justify;\">Kolekce koupelnov\u00fdch dopl\u0148k\u016f ELBA od italsk\u00e9ho v\u00fdrobce GEDY m\u016f\u017ee na prvn\u00ed pohled p\u016fsobit robustn\u011b, ale vz\u00e1p\u011bt\u00ed si v\u00e1s z\u00edsk\u00e1 svou nad\u010dasovou eleganc\u00ed. Ocen\u00edte precizn\u00ed zpracov\u00e1n\u00ed, jednotn\u00fd design v dokonal\u00e9 harmonii a funk\u010dnost. Kolekce zahrnuje nejen d\u00e1vkova\u010d m\u00fddla, sklenku, m\u00fddlenku a WC \u0161t\u011btku, ale t\u00e9\u017e h\u00e1\u010dky a dr\u017e\u00e1ky ru\u010dn\u00edk\u016f v n\u011bkolika rozm\u011brech a proveden\u00edch. <br \/>Pokud hled\u00e1te designov\u00e9 koupelnov\u00e9 dopl\u0148ky v chromu, kter\u00e9 kombinuj\u00ed funk\u010dnost, estetiku a italskou kvalitu, s\u00e9rie ELBA je spolehliv\u00fdm \u0159e\u0161en\u00edm pro vybaven\u00ed cel\u00e9 koupelny.<\/p>\n<p><\/p>\n<p><b>Vlastnosti<\/b><\/p>\n<ul>\n<li><span>Barva:<\/span> St\u0159\u00edbrn\u00e1<\/li>\n<li><span>\u0160\u00ed\u0159ka:<\/span> 644 mm<\/li>\n<li><span>V\u00fd\u0161ka:<\/span> 44 mm<\/li>\n<li><span>Hloubka:<\/span> 65 mm<\/li>\n<li><span>Rozm\u011br:<\/span> 644x44x65 mm<\/li>\n<li><span>D\u00e9lka:<\/span> 644 mm<\/li>\n<li><span>Materi\u00e1l:<\/span> Mosaz<\/li>\n<li><span>Druh:<\/span> Dr\u017e\u00e1k ru\u010dn\u00edk\u016f jednoramenn\u00fd<\/li>\n<li><span>Instalace:<\/span> Vrt\u00e1n\u00ed<\/li>\n<li><span>Tvar:<\/span> Hranat\u00e9<\/li>\n<li><span>3D model:<\/span> ANO<\/li>\n<\/ul>\n<\/div><\/div>\n<\/p><\/div>\n<\/p><\/div>\n<\/p><\/div>\n","protected":false},"excerpt":{"rendered":"<p>Gedy ELBA dr\u017e\u00e1k ru\u010dn\u00edk\u016f 650mm, chrom A021613 Kolekce koupelnov\u00fdch dopl\u0148k\u016f ELBA od italsk\u00e9ho v\u00fdrobce GEDY m\u016f\u017ee na prvn\u00ed pohled p\u016fsobit robustn\u011b, ale vz\u00e1p\u011bt\u00ed si v\u00e1s z\u00edsk\u00e1 svou nad\u010dasovou eleganc\u00ed. Ocen\u00edte precizn\u00ed zpracov\u00e1n\u00ed, jednotn\u00fd design v dokonal\u00e9 harmonii a funk\u010dnost. Kolekce zahrnuje nejen d\u00e1vkova\u010d m\u00fddla, sklenku, m\u00fddlenku a WC \u0161t\u011btku, ale t\u00e9\u017e h\u00e1\u010dky a dr\u017e\u00e1ky ru\u010dn\u00edk\u016f [&hellip;]<\/p>\n","protected":false},"featured_media":14835,"comment_status":"open","ping_status":"open","template":"","meta":[],"product_brand":[],"product_cat":[83],"product_tag":[],"class_list":{"0":"post-14735","1":"product","2":"type-product","3":"status-publish","4":"has-post-thumbnail","6":"product_cat-koupelna","8":"first","9":"instock","10":"sale","11":"shipping-taxable","12":"purchasable","13":"product-type-simple"},"yoast_head":"<!-- This site is optimized with the Yoast SEO plugin v26.8 - https:\/\/yoast.com\/product\/yoast-seo-wordpress\/ -->\n<title>Zna\u010dkov\u00fd Gedy ELBA dr\u017e\u00e1k ru\u010dn\u00edk\u016f 650mm, chrom A021613 -<\/title>\n<meta name=\"robots\" content=\"index, follow, max-snippet:-1, max-image-preview:large, max-video-preview:-1\" \/>\n<link rel=\"canonical\" href=\"https:\/\/www.koupeltech.com\/index.php\/produkt\/znackovy-gedy-elba-drzak-rucniku-650mm-chrom-a021613-14735\/\" \/>\n<meta property=\"og:locale\" content=\"cs_CZ\" \/>\n<meta property=\"og:type\" content=\"article\" \/>\n<meta property=\"og:title\" content=\"Zna\u010dkov\u00fd Gedy ELBA dr\u017e\u00e1k ru\u010dn\u00edk\u016f 650mm, chrom A021613 -\" \/>\n<meta property=\"og:description\" content=\"Gedy ELBA dr\u017e\u00e1k ru\u010dn\u00edk\u016f 650mm, chrom A021613 Kolekce koupelnov\u00fdch dopl\u0148k\u016f ELBA od italsk\u00e9ho v\u00fdrobce GEDY m\u016f\u017ee na prvn\u00ed pohled p\u016fsobit robustn\u011b, ale vz\u00e1p\u011bt\u00ed si v\u00e1s z\u00edsk\u00e1 svou nad\u010dasovou eleganc\u00ed. Ocen\u00edte precizn\u00ed zpracov\u00e1n\u00ed, jednotn\u00fd design v dokonal\u00e9 harmonii a funk\u010dnost. Kolekce zahrnuje nejen d\u00e1vkova\u010d m\u00fddla, sklenku, m\u00fddlenku a WC \u0161t\u011btku, ale t\u00e9\u017e h\u00e1\u010dky a dr\u017e\u00e1ky ru\u010dn\u00edk\u016f [&hellip;]\" \/>\n<meta property=\"og:url\" content=\"https:\/\/www.koupeltech.com\/index.php\/produkt\/znackovy-gedy-elba-drzak-rucniku-650mm-chrom-a021613-14735\/\" \/>\n<meta property=\"og:image\" content=\"https:\/\/www.koupeltech.com\/wp-content\/uploads\/2026\/SK0020359-CZ20260425-093041-0-1777080643-0ec7bb05a2e3374f24b053346a1fbbfb.webp\" \/>\n\t<meta property=\"og:image:width\" content=\"800\" \/>\n\t<meta property=\"og:image:height\" content=\"800\" \/>\n\t<meta property=\"og:image:type\" content=\"image\/webp\" \/>\n<meta name=\"twitter:card\" content=\"summary_large_image\" \/>\n<meta name=\"twitter:label1\" content=\"Odhadovan\u00e1 doba \u010dten\u00ed\" \/>\n\t<meta name=\"twitter:data1\" content=\"1 minuta\" \/>\n<script type=\"application\/ld+json\" class=\"yoast-schema-graph\">{\"@context\":\"https:\/\/schema.org\",\"@graph\":[{\"@type\":\"WebPage\",\"@id\":\"https:\/\/www.koupeltech.com\/index.php\/produkt\/znackovy-gedy-elba-drzak-rucniku-650mm-chrom-a021613-14735\/\",\"url\":\"https:\/\/www.koupeltech.com\/index.php\/produkt\/znackovy-gedy-elba-drzak-rucniku-650mm-chrom-a021613-14735\/\",\"name\":\"Zna\u010dkov\u00fd Gedy ELBA dr\u017e\u00e1k ru\u010dn\u00edk\u016f 650mm, chrom A021613 -\",\"isPartOf\":{\"@id\":\"https:\/\/www.koupeltech.com\/#website\"},\"primaryImageOfPage\":{\"@id\":\"https:\/\/www.koupeltech.com\/index.php\/produkt\/znackovy-gedy-elba-drzak-rucniku-650mm-chrom-a021613-14735\/#primaryimage\"},\"image\":{\"@id\":\"https:\/\/www.koupeltech.com\/index.php\/produkt\/znackovy-gedy-elba-drzak-rucniku-650mm-chrom-a021613-14735\/#primaryimage\"},\"thumbnailUrl\":\"https:\/\/www.koupeltech.com\/wp-content\/uploads\/2026\/SK0020359-CZ20260425-093041-0-1777080643-0ec7bb05a2e3374f24b053346a1fbbfb.webp\",\"datePublished\":\"2026-04-27T13:58:00+00:00\",\"breadcrumb\":{\"@id\":\"https:\/\/www.koupeltech.com\/index.php\/produkt\/znackovy-gedy-elba-drzak-rucniku-650mm-chrom-a021613-14735\/#breadcrumb\"},\"inLanguage\":\"cs\",\"potentialAction\":[{\"@type\":\"ReadAction\",\"target\":[\"https:\/\/www.koupeltech.com\/index.php\/produkt\/znackovy-gedy-elba-drzak-rucniku-650mm-chrom-a021613-14735\/\"]}]},{\"@type\":\"ImageObject\",\"inLanguage\":\"cs\",\"@id\":\"https:\/\/www.koupeltech.com\/index.php\/produkt\/znackovy-gedy-elba-drzak-rucniku-650mm-chrom-a021613-14735\/#primaryimage\",\"url\":\"https:\/\/www.koupeltech.com\/wp-content\/uploads\/2026\/SK0020359-CZ20260425-093041-0-1777080643-0ec7bb05a2e3374f24b053346a1fbbfb.webp\",\"contentUrl\":\"https:\/\/www.koupeltech.com\/wp-content\/uploads\/2026\/SK0020359-CZ20260425-093041-0-1777080643-0ec7bb05a2e3374f24b053346a1fbbfb.webp\",\"width\":800,\"height\":800},{\"@type\":\"BreadcrumbList\",\"@id\":\"https:\/\/www.koupeltech.com\/index.php\/produkt\/znackovy-gedy-elba-drzak-rucniku-650mm-chrom-a021613-14735\/#breadcrumb\",\"itemListElement\":[{\"@type\":\"ListItem\",\"position\":1,\"name\":\"Home\",\"item\":\"https:\/\/www.koupeltech.com\/\"},{\"@type\":\"ListItem\",\"position\":2,\"name\":\"Products\",\"item\":\"https:\/\/www.koupeltech.com\/index.php\/products\/\"},{\"@type\":\"ListItem\",\"position\":3,\"name\":\"Zna\u010dkov\u00fd Gedy ELBA dr\u017e\u00e1k ru\u010dn\u00edk\u016f 650mm, chrom A021613\"}]},{\"@type\":\"WebSite\",\"@id\":\"https:\/\/www.koupeltech.com\/#website\",\"url\":\"https:\/\/www.koupeltech.com\/\",\"name\":\"\",\"description\":\"\",\"potentialAction\":[{\"@type\":\"SearchAction\",\"target\":{\"@type\":\"EntryPoint\",\"urlTemplate\":\"https:\/\/www.koupeltech.com\/?s={search_term_string}\"},\"query-input\":{\"@type\":\"PropertyValueSpecification\",\"valueRequired\":true,\"valueName\":\"search_term_string\"}}],\"inLanguage\":\"cs\"}]}<\/script>\n<!-- \/ Yoast SEO plugin. -->","yoast_head_json":{"title":"Zna\u010dkov\u00fd Gedy ELBA dr\u017e\u00e1k ru\u010dn\u00edk\u016f 650mm, chrom A021613 -","robots":{"index":"index","follow":"follow","max-snippet":"max-snippet:-1","max-image-preview":"max-image-preview:large","max-video-preview":"max-video-preview:-1"},"canonical":"https:\/\/www.koupeltech.com\/index.php\/produkt\/znackovy-gedy-elba-drzak-rucniku-650mm-chrom-a021613-14735\/","og_locale":"cs_CZ","og_type":"article","og_title":"Zna\u010dkov\u00fd Gedy ELBA dr\u017e\u00e1k ru\u010dn\u00edk\u016f 650mm, chrom A021613 -","og_description":"Gedy ELBA dr\u017e\u00e1k ru\u010dn\u00edk\u016f 650mm, chrom A021613 Kolekce koupelnov\u00fdch dopl\u0148k\u016f ELBA od italsk\u00e9ho v\u00fdrobce GEDY m\u016f\u017ee na prvn\u00ed pohled p\u016fsobit robustn\u011b, ale vz\u00e1p\u011bt\u00ed si v\u00e1s z\u00edsk\u00e1 svou nad\u010dasovou eleganc\u00ed. Ocen\u00edte precizn\u00ed zpracov\u00e1n\u00ed, jednotn\u00fd design v dokonal\u00e9 harmonii a funk\u010dnost. Kolekce zahrnuje nejen d\u00e1vkova\u010d m\u00fddla, sklenku, m\u00fddlenku a WC \u0161t\u011btku, ale t\u00e9\u017e h\u00e1\u010dky a dr\u017e\u00e1ky ru\u010dn\u00edk\u016f [&hellip;]","og_url":"https:\/\/www.koupeltech.com\/index.php\/produkt\/znackovy-gedy-elba-drzak-rucniku-650mm-chrom-a021613-14735\/","og_image":[{"width":800,"height":800,"url":"https:\/\/www.koupeltech.com\/wp-content\/uploads\/2026\/SK0020359-CZ20260425-093041-0-1777080643-0ec7bb05a2e3374f24b053346a1fbbfb.webp","type":"image\/webp"}],"twitter_card":"summary_large_image","twitter_misc":{"Odhadovan\u00e1 doba \u010dten\u00ed":"1 minuta"},"schema":{"@context":"https:\/\/schema.org","@graph":[{"@type":"WebPage","@id":"https:\/\/www.koupeltech.com\/index.php\/produkt\/znackovy-gedy-elba-drzak-rucniku-650mm-chrom-a021613-14735\/","url":"https:\/\/www.koupeltech.com\/index.php\/produkt\/znackovy-gedy-elba-drzak-rucniku-650mm-chrom-a021613-14735\/","name":"Zna\u010dkov\u00fd Gedy ELBA dr\u017e\u00e1k ru\u010dn\u00edk\u016f 650mm, chrom A021613 -","isPartOf":{"@id":"https:\/\/www.koupeltech.com\/#website"},"primaryImageOfPage":{"@id":"https:\/\/www.koupeltech.com\/index.php\/produkt\/znackovy-gedy-elba-drzak-rucniku-650mm-chrom-a021613-14735\/#primaryimage"},"image":{"@id":"https:\/\/www.koupeltech.com\/index.php\/produkt\/znackovy-gedy-elba-drzak-rucniku-650mm-chrom-a021613-14735\/#primaryimage"},"thumbnailUrl":"https:\/\/www.koupeltech.com\/wp-content\/uploads\/2026\/SK0020359-CZ20260425-093041-0-1777080643-0ec7bb05a2e3374f24b053346a1fbbfb.webp","datePublished":"2026-04-27T13:58:00+00:00","breadcrumb":{"@id":"https:\/\/www.koupeltech.com\/index.php\/produkt\/znackovy-gedy-elba-drzak-rucniku-650mm-chrom-a021613-14735\/#breadcrumb"},"inLanguage":"cs","potentialAction":[{"@type":"ReadAction","target":["https:\/\/www.koupeltech.com\/index.php\/produkt\/znackovy-gedy-elba-drzak-rucniku-650mm-chrom-a021613-14735\/"]}]},{"@type":"ImageObject","inLanguage":"cs","@id":"https:\/\/www.koupeltech.com\/index.php\/produkt\/znackovy-gedy-elba-drzak-rucniku-650mm-chrom-a021613-14735\/#primaryimage","url":"https:\/\/www.koupeltech.com\/wp-content\/uploads\/2026\/SK0020359-CZ20260425-093041-0-1777080643-0ec7bb05a2e3374f24b053346a1fbbfb.webp","contentUrl":"https:\/\/www.koupeltech.com\/wp-content\/uploads\/2026\/SK0020359-CZ20260425-093041-0-1777080643-0ec7bb05a2e3374f24b053346a1fbbfb.webp","width":800,"height":800},{"@type":"BreadcrumbList","@id":"https:\/\/www.koupeltech.com\/index.php\/produkt\/znackovy-gedy-elba-drzak-rucniku-650mm-chrom-a021613-14735\/#breadcrumb","itemListElement":[{"@type":"ListItem","position":1,"name":"Home","item":"https:\/\/www.koupeltech.com\/"},{"@type":"ListItem","position":2,"name":"Products","item":"https:\/\/www.koupeltech.com\/index.php\/products\/"},{"@type":"ListItem","position":3,"name":"Zna\u010dkov\u00fd Gedy ELBA dr\u017e\u00e1k ru\u010dn\u00edk\u016f 650mm, chrom A021613"}]},{"@type":"WebSite","@id":"https:\/\/www.koupeltech.com\/#website","url":"https:\/\/www.koupeltech.com\/","name":"","description":"","potentialAction":[{"@type":"SearchAction","target":{"@type":"EntryPoint","urlTemplate":"https:\/\/www.koupeltech.com\/?s={search_term_string}"},"query-input":{"@type":"PropertyValueSpecification","valueRequired":true,"valueName":"search_term_string"}}],"inLanguage":"cs"}]}},"_links":{"self":[{"href":"https:\/\/www.koupeltech.com\/index.php\/wp-json\/wp\/v2\/product\/14735","targetHints":{"allow":["GET"]}}],"collection":[{"href":"https:\/\/www.koupeltech.com\/index.php\/wp-json\/wp\/v2\/product"}],"about":[{"href":"https:\/\/www.koupeltech.com\/index.php\/wp-json\/wp\/v2\/types\/product"}],"replies":[{"embeddable":true,"href":"https:\/\/www.koupeltech.com\/index.php\/wp-json\/wp\/v2\/comments?post=14735"}],"wp:featuredmedia":[{"embeddable":true,"href":"https:\/\/www.koupeltech.com\/index.php\/wp-json\/wp\/v2\/media\/14835"}],"wp:attachment":[{"href":"https:\/\/www.koupeltech.com\/index.php\/wp-json\/wp\/v2\/media?parent=14735"}],"wp:term":[{"taxonomy":"product_brand","embeddable":true,"href":"https:\/\/www.koupeltech.com\/index.php\/wp-json\/wp\/v2\/product_brand?post=14735"},{"taxonomy":"product_cat","embeddable":true,"href":"https:\/\/www.koupeltech.com\/index.php\/wp-json\/wp\/v2\/product_cat?post=14735"},{"taxonomy":"product_tag","embeddable":true,"href":"https:\/\/www.koupeltech.com\/index.php\/wp-json\/wp\/v2\/product_tag?post=14735"}],"curies":[{"name":"wp","href":"https:\/\/api.w.org\/{rel}","templated":true}]}}