{"id":15140,"date":"2026-04-27T13:58:04","date_gmt":"2026-04-27T13:58:04","guid":{"rendered":""},"modified":"2026-04-27T13:58:04","modified_gmt":"2026-04-27T13:58:04","slug":"akce-polysan-architex-chrom-sprchova-zastena-962mm-matne-sklo-axc100mt-15140","status":"publish","type":"product","link":"https:\/\/www.koupeltech.com\/index.php\/produkt\/akce-polysan-architex-chrom-sprchova-zastena-962mm-matne-sklo-axc100mt-15140\/","title":{"rendered":"Akce Polysan ARCHITEX CHROM sprchov\u00e1 z\u00e1st\u011bna 962mm, matn\u00e9 sklo AXC100MT"},"content":{"rendered":"<div class=\"tabs__content-outer\" id=\"tab_description\" data-hash=\"description\" data-tabindex=\"-1\">\n<div class=\"tabs__content toggle_description\" id=\"content_description\">\n<div class=\"wysiwyg-content\">\n<div class=\"product__tab product__description full-width\">\n<div class=\"container\">\n<div >\n<h3>Polysan ARCHITEX CHROM sprchov\u00e1 z\u00e1st\u011bna 962mm, matn\u00e9 sklo AXC100MT<\/h3>\n<div class=\"product-explanation-item\">\n<h3>Antidrop<\/h3>\n<p style=\"text-align: justify;\">Antidrop je povrchov\u00e1 \u00faprava skla pro jeho snadnou \u00fadr\u017ebu. P\u0159i v\u00fdrob\u011b skla je nan\u00e1\u0161ena na jeho povrch s pou\u017eit\u00edm nanotechnologie a je obsa\u017eena v cen\u011b z\u00e1st\u011bn.<\/p>\n<\/p><\/div>\n<p><\/p>\n<p><b>Vlastnosti<\/b><\/p>\n<ul>\n<li><span>V\u00fd\u0161ka:<\/span> 2100 mm<\/li>\n<li><span>Tvar:<\/span> Jednost\u011bnn\u00e1 pevn\u00e1<\/li>\n<li><span>Typ v\u00fdpln\u011b:<\/span> Matn\u00e9 sklo<\/li>\n<li><span>\u00daprava skla:<\/span> Antidrop<\/li>\n<li><span>Tlou\u0161\u0165ka skla:<\/span> 8 mm<\/li>\n<li><span>Barva:<\/span> St\u0159\u00edbrn\u00e1<\/li>\n<li><span>\u0160\u00ed\u0159ka:<\/span> 962 mm<\/li>\n<\/ul>\n<\/div><\/div>\n<\/p><\/div>\n<\/p><\/div>\n<\/p><\/div>\n","protected":false},"excerpt":{"rendered":"<p>Polysan ARCHITEX CHROM sprchov\u00e1 z\u00e1st\u011bna 962mm, matn\u00e9 sklo AXC100MT Antidrop Antidrop je povrchov\u00e1 \u00faprava skla pro jeho snadnou \u00fadr\u017ebu. P\u0159i v\u00fdrob\u011b skla je nan\u00e1\u0161ena na jeho povrch s pou\u017eit\u00edm nanotechnologie a je obsa\u017eena v cen\u011b z\u00e1st\u011bn. Vlastnosti V\u00fd\u0161ka: 2100 mm Tvar: Jednost\u011bnn\u00e1 pevn\u00e1 Typ v\u00fdpln\u011b: Matn\u00e9 sklo \u00daprava skla: Antidrop Tlou\u0161\u0165ka skla: 8 mm Barva: [&hellip;]<\/p>\n","protected":false},"featured_media":15240,"comment_status":"open","ping_status":"open","template":"","meta":[],"product_brand":[],"product_cat":[83],"product_tag":[],"class_list":{"0":"post-15140","1":"product","2":"type-product","3":"status-publish","4":"has-post-thumbnail","6":"product_cat-koupelna","8":"first","9":"instock","10":"sale","11":"shipping-taxable","12":"purchasable","13":"product-type-simple"},"yoast_head":"<!-- This site is optimized with the Yoast SEO plugin v26.8 - https:\/\/yoast.com\/product\/yoast-seo-wordpress\/ -->\n<title>Akce Polysan ARCHITEX CHROM sprchov\u00e1 z\u00e1st\u011bna 962mm, matn\u00e9 sklo AXC100MT -<\/title>\n<meta name=\"robots\" content=\"index, follow, max-snippet:-1, max-image-preview:large, max-video-preview:-1\" \/>\n<link rel=\"canonical\" href=\"https:\/\/www.koupeltech.com\/index.php\/produkt\/akce-polysan-architex-chrom-sprchova-zastena-962mm-matne-sklo-axc100mt-15140\/\" \/>\n<meta property=\"og:locale\" content=\"cs_CZ\" \/>\n<meta property=\"og:type\" content=\"article\" \/>\n<meta property=\"og:title\" content=\"Akce Polysan ARCHITEX CHROM sprchov\u00e1 z\u00e1st\u011bna 962mm, matn\u00e9 sklo AXC100MT -\" \/>\n<meta property=\"og:description\" content=\"Polysan ARCHITEX CHROM sprchov\u00e1 z\u00e1st\u011bna 962mm, matn\u00e9 sklo AXC100MT Antidrop Antidrop je povrchov\u00e1 \u00faprava skla pro jeho snadnou \u00fadr\u017ebu. P\u0159i v\u00fdrob\u011b skla je nan\u00e1\u0161ena na jeho povrch s pou\u017eit\u00edm nanotechnologie a je obsa\u017eena v cen\u011b z\u00e1st\u011bn. Vlastnosti V\u00fd\u0161ka: 2100 mm Tvar: Jednost\u011bnn\u00e1 pevn\u00e1 Typ v\u00fdpln\u011b: Matn\u00e9 sklo \u00daprava skla: Antidrop Tlou\u0161\u0165ka skla: 8 mm Barva: [&hellip;]\" \/>\n<meta property=\"og:url\" content=\"https:\/\/www.koupeltech.com\/index.php\/produkt\/akce-polysan-architex-chrom-sprchova-zastena-962mm-matne-sklo-axc100mt-15140\/\" \/>\n<meta property=\"og:image\" content=\"https:\/\/www.koupeltech.com\/wp-content\/uploads\/2026\/SK0020584-CZ20260425-093041-0-1777080643-21636522811b86143222c83356e07ef1.webp\" \/>\n\t<meta property=\"og:image:width\" content=\"933\" \/>\n\t<meta property=\"og:image:height\" content=\"800\" \/>\n\t<meta property=\"og:image:type\" content=\"image\/webp\" \/>\n<meta name=\"twitter:card\" content=\"summary_large_image\" \/>\n<script type=\"application\/ld+json\" class=\"yoast-schema-graph\">{\"@context\":\"https:\/\/schema.org\",\"@graph\":[{\"@type\":\"WebPage\",\"@id\":\"https:\/\/www.koupeltech.com\/index.php\/produkt\/akce-polysan-architex-chrom-sprchova-zastena-962mm-matne-sklo-axc100mt-15140\/\",\"url\":\"https:\/\/www.koupeltech.com\/index.php\/produkt\/akce-polysan-architex-chrom-sprchova-zastena-962mm-matne-sklo-axc100mt-15140\/\",\"name\":\"Akce Polysan ARCHITEX CHROM sprchov\u00e1 z\u00e1st\u011bna 962mm, matn\u00e9 sklo AXC100MT -\",\"isPartOf\":{\"@id\":\"https:\/\/www.koupeltech.com\/#website\"},\"primaryImageOfPage\":{\"@id\":\"https:\/\/www.koupeltech.com\/index.php\/produkt\/akce-polysan-architex-chrom-sprchova-zastena-962mm-matne-sklo-axc100mt-15140\/#primaryimage\"},\"image\":{\"@id\":\"https:\/\/www.koupeltech.com\/index.php\/produkt\/akce-polysan-architex-chrom-sprchova-zastena-962mm-matne-sklo-axc100mt-15140\/#primaryimage\"},\"thumbnailUrl\":\"https:\/\/www.koupeltech.com\/wp-content\/uploads\/2026\/SK0020584-CZ20260425-093041-0-1777080643-21636522811b86143222c83356e07ef1.webp\",\"datePublished\":\"2026-04-27T13:58:04+00:00\",\"breadcrumb\":{\"@id\":\"https:\/\/www.koupeltech.com\/index.php\/produkt\/akce-polysan-architex-chrom-sprchova-zastena-962mm-matne-sklo-axc100mt-15140\/#breadcrumb\"},\"inLanguage\":\"cs\",\"potentialAction\":[{\"@type\":\"ReadAction\",\"target\":[\"https:\/\/www.koupeltech.com\/index.php\/produkt\/akce-polysan-architex-chrom-sprchova-zastena-962mm-matne-sklo-axc100mt-15140\/\"]}]},{\"@type\":\"ImageObject\",\"inLanguage\":\"cs\",\"@id\":\"https:\/\/www.koupeltech.com\/index.php\/produkt\/akce-polysan-architex-chrom-sprchova-zastena-962mm-matne-sklo-axc100mt-15140\/#primaryimage\",\"url\":\"https:\/\/www.koupeltech.com\/wp-content\/uploads\/2026\/SK0020584-CZ20260425-093041-0-1777080643-21636522811b86143222c83356e07ef1.webp\",\"contentUrl\":\"https:\/\/www.koupeltech.com\/wp-content\/uploads\/2026\/SK0020584-CZ20260425-093041-0-1777080643-21636522811b86143222c83356e07ef1.webp\",\"width\":933,\"height\":800},{\"@type\":\"BreadcrumbList\",\"@id\":\"https:\/\/www.koupeltech.com\/index.php\/produkt\/akce-polysan-architex-chrom-sprchova-zastena-962mm-matne-sklo-axc100mt-15140\/#breadcrumb\",\"itemListElement\":[{\"@type\":\"ListItem\",\"position\":1,\"name\":\"Home\",\"item\":\"https:\/\/www.koupeltech.com\/\"},{\"@type\":\"ListItem\",\"position\":2,\"name\":\"Products\",\"item\":\"https:\/\/www.koupeltech.com\/index.php\/products\/\"},{\"@type\":\"ListItem\",\"position\":3,\"name\":\"Akce Polysan ARCHITEX CHROM sprchov\u00e1 z\u00e1st\u011bna 962mm, matn\u00e9 sklo AXC100MT\"}]},{\"@type\":\"WebSite\",\"@id\":\"https:\/\/www.koupeltech.com\/#website\",\"url\":\"https:\/\/www.koupeltech.com\/\",\"name\":\"\",\"description\":\"\",\"potentialAction\":[{\"@type\":\"SearchAction\",\"target\":{\"@type\":\"EntryPoint\",\"urlTemplate\":\"https:\/\/www.koupeltech.com\/?s={search_term_string}\"},\"query-input\":{\"@type\":\"PropertyValueSpecification\",\"valueRequired\":true,\"valueName\":\"search_term_string\"}}],\"inLanguage\":\"cs\"}]}<\/script>\n<!-- \/ Yoast SEO plugin. -->","yoast_head_json":{"title":"Akce Polysan ARCHITEX CHROM sprchov\u00e1 z\u00e1st\u011bna 962mm, matn\u00e9 sklo AXC100MT -","robots":{"index":"index","follow":"follow","max-snippet":"max-snippet:-1","max-image-preview":"max-image-preview:large","max-video-preview":"max-video-preview:-1"},"canonical":"https:\/\/www.koupeltech.com\/index.php\/produkt\/akce-polysan-architex-chrom-sprchova-zastena-962mm-matne-sklo-axc100mt-15140\/","og_locale":"cs_CZ","og_type":"article","og_title":"Akce Polysan ARCHITEX CHROM sprchov\u00e1 z\u00e1st\u011bna 962mm, matn\u00e9 sklo AXC100MT -","og_description":"Polysan ARCHITEX CHROM sprchov\u00e1 z\u00e1st\u011bna 962mm, matn\u00e9 sklo AXC100MT Antidrop Antidrop je povrchov\u00e1 \u00faprava skla pro jeho snadnou \u00fadr\u017ebu. P\u0159i v\u00fdrob\u011b skla je nan\u00e1\u0161ena na jeho povrch s pou\u017eit\u00edm nanotechnologie a je obsa\u017eena v cen\u011b z\u00e1st\u011bn. Vlastnosti V\u00fd\u0161ka: 2100 mm Tvar: Jednost\u011bnn\u00e1 pevn\u00e1 Typ v\u00fdpln\u011b: Matn\u00e9 sklo \u00daprava skla: Antidrop Tlou\u0161\u0165ka skla: 8 mm Barva: [&hellip;]","og_url":"https:\/\/www.koupeltech.com\/index.php\/produkt\/akce-polysan-architex-chrom-sprchova-zastena-962mm-matne-sklo-axc100mt-15140\/","og_image":[{"width":933,"height":800,"url":"https:\/\/www.koupeltech.com\/wp-content\/uploads\/2026\/SK0020584-CZ20260425-093041-0-1777080643-21636522811b86143222c83356e07ef1.webp","type":"image\/webp"}],"twitter_card":"summary_large_image","schema":{"@context":"https:\/\/schema.org","@graph":[{"@type":"WebPage","@id":"https:\/\/www.koupeltech.com\/index.php\/produkt\/akce-polysan-architex-chrom-sprchova-zastena-962mm-matne-sklo-axc100mt-15140\/","url":"https:\/\/www.koupeltech.com\/index.php\/produkt\/akce-polysan-architex-chrom-sprchova-zastena-962mm-matne-sklo-axc100mt-15140\/","name":"Akce Polysan ARCHITEX CHROM sprchov\u00e1 z\u00e1st\u011bna 962mm, matn\u00e9 sklo AXC100MT -","isPartOf":{"@id":"https:\/\/www.koupeltech.com\/#website"},"primaryImageOfPage":{"@id":"https:\/\/www.koupeltech.com\/index.php\/produkt\/akce-polysan-architex-chrom-sprchova-zastena-962mm-matne-sklo-axc100mt-15140\/#primaryimage"},"image":{"@id":"https:\/\/www.koupeltech.com\/index.php\/produkt\/akce-polysan-architex-chrom-sprchova-zastena-962mm-matne-sklo-axc100mt-15140\/#primaryimage"},"thumbnailUrl":"https:\/\/www.koupeltech.com\/wp-content\/uploads\/2026\/SK0020584-CZ20260425-093041-0-1777080643-21636522811b86143222c83356e07ef1.webp","datePublished":"2026-04-27T13:58:04+00:00","breadcrumb":{"@id":"https:\/\/www.koupeltech.com\/index.php\/produkt\/akce-polysan-architex-chrom-sprchova-zastena-962mm-matne-sklo-axc100mt-15140\/#breadcrumb"},"inLanguage":"cs","potentialAction":[{"@type":"ReadAction","target":["https:\/\/www.koupeltech.com\/index.php\/produkt\/akce-polysan-architex-chrom-sprchova-zastena-962mm-matne-sklo-axc100mt-15140\/"]}]},{"@type":"ImageObject","inLanguage":"cs","@id":"https:\/\/www.koupeltech.com\/index.php\/produkt\/akce-polysan-architex-chrom-sprchova-zastena-962mm-matne-sklo-axc100mt-15140\/#primaryimage","url":"https:\/\/www.koupeltech.com\/wp-content\/uploads\/2026\/SK0020584-CZ20260425-093041-0-1777080643-21636522811b86143222c83356e07ef1.webp","contentUrl":"https:\/\/www.koupeltech.com\/wp-content\/uploads\/2026\/SK0020584-CZ20260425-093041-0-1777080643-21636522811b86143222c83356e07ef1.webp","width":933,"height":800},{"@type":"BreadcrumbList","@id":"https:\/\/www.koupeltech.com\/index.php\/produkt\/akce-polysan-architex-chrom-sprchova-zastena-962mm-matne-sklo-axc100mt-15140\/#breadcrumb","itemListElement":[{"@type":"ListItem","position":1,"name":"Home","item":"https:\/\/www.koupeltech.com\/"},{"@type":"ListItem","position":2,"name":"Products","item":"https:\/\/www.koupeltech.com\/index.php\/products\/"},{"@type":"ListItem","position":3,"name":"Akce Polysan ARCHITEX CHROM sprchov\u00e1 z\u00e1st\u011bna 962mm, matn\u00e9 sklo AXC100MT"}]},{"@type":"WebSite","@id":"https:\/\/www.koupeltech.com\/#website","url":"https:\/\/www.koupeltech.com\/","name":"","description":"","potentialAction":[{"@type":"SearchAction","target":{"@type":"EntryPoint","urlTemplate":"https:\/\/www.koupeltech.com\/?s={search_term_string}"},"query-input":{"@type":"PropertyValueSpecification","valueRequired":true,"valueName":"search_term_string"}}],"inLanguage":"cs"}]}},"_links":{"self":[{"href":"https:\/\/www.koupeltech.com\/index.php\/wp-json\/wp\/v2\/product\/15140","targetHints":{"allow":["GET"]}}],"collection":[{"href":"https:\/\/www.koupeltech.com\/index.php\/wp-json\/wp\/v2\/product"}],"about":[{"href":"https:\/\/www.koupeltech.com\/index.php\/wp-json\/wp\/v2\/types\/product"}],"replies":[{"embeddable":true,"href":"https:\/\/www.koupeltech.com\/index.php\/wp-json\/wp\/v2\/comments?post=15140"}],"wp:featuredmedia":[{"embeddable":true,"href":"https:\/\/www.koupeltech.com\/index.php\/wp-json\/wp\/v2\/media\/15240"}],"wp:attachment":[{"href":"https:\/\/www.koupeltech.com\/index.php\/wp-json\/wp\/v2\/media?parent=15140"}],"wp:term":[{"taxonomy":"product_brand","embeddable":true,"href":"https:\/\/www.koupeltech.com\/index.php\/wp-json\/wp\/v2\/product_brand?post=15140"},{"taxonomy":"product_cat","embeddable":true,"href":"https:\/\/www.koupeltech.com\/index.php\/wp-json\/wp\/v2\/product_cat?post=15140"},{"taxonomy":"product_tag","embeddable":true,"href":"https:\/\/www.koupeltech.com\/index.php\/wp-json\/wp\/v2\/product_tag?post=15140"}],"curies":[{"name":"wp","href":"https:\/\/api.w.org\/{rel}","templated":true}]}}