{"id":15717,"date":"2026-04-27T13:58:10","date_gmt":"2026-04-27T13:58:10","guid":{"rendered":""},"modified":"2026-04-27T13:58:10","modified_gmt":"2026-04-27T13:58:10","slug":"akce-psaci-stul-multi-s-policemi-a-suplikem-bily-dub-zlaty-15717","status":"publish","type":"product","link":"https:\/\/www.koupeltech.com\/index.php\/produkt\/akce-psaci-stul-multi-s-policemi-a-suplikem-bily-dub-zlaty-15717\/","title":{"rendered":"Akce Psac\u00ed st\u016fl MULTI s policemi a \u0161upl\u00edkem &#8211; b\u00edl\u00fd\/dub zlat\u00fd"},"content":{"rendered":"<div class=\"tabs__content-outer\" id=\"tab_description\" data-hash=\"description\" data-tabindex=\"-1\">\n<div class=\"tabs__content toggle_description\" id=\"content_description\">\n<div class=\"wysiwyg-content\">\n<div class=\"product__tab product__description full-width\">\n<div class=\"container\">\n<div >\n<h3>Psac\u00ed st\u016fl MULTI s policemi a \u0161upl\u00edkem &#8211; b\u00edl\u00fd\/dub zlat\u00fd<\/h3>\n<p>Modern\u00ed psac\u00ed st\u016fl vhodn\u00fd nejen do ka\u017ed\u00e9ho studentsk\u00e9ho pokoje.\u00a0<span>Desky psac\u00edho stolu a poli\u010dek se sk\u0159\u00ed\u0148kou jsou vyrobeny z kvalitn\u00ed lamino desky pota\u017een\u00e9 f\u00f3li\u00ed. Pln\u011b v\u00fdsuvn\u00fd \u0161upl\u00edk je skv\u011bl\u00fdm funk\u010dn\u00edm dopl\u0148kem, d\u00edky kter\u00e9mu se ji\u017e nebudete muset natahovat do zadn\u00ed \u010d\u00e1sti \u0161upl\u00edku p\u0159es naskl\u00e1dan\u00e9 v\u011bci. Kontrast mezi dekorem zlat\u00e9ho dubu a b\u00edl\u00e9 barvy d\u011bl\u00e1 ze stolu nad\u010dasov\u00fd kousek, kter\u00fd je nejen funk\u010dn\u00ed, ale i skv\u011bl\u00fdm designov\u00fdm dopl\u0148kem.<\/span><\/p>\n<p><strong>Parametry:<\/strong><\/p>\n<ul>\n<li>Materi\u00e1l: lamino deska\u00a0<\/li>\n<li>Barva: b\u00edl\u00e1 + dekor dub zlat\u00fd\u00a0<\/li>\n<li>Hmotnost: 41 kg\u00a0<\/li>\n<li>V\u00fd\u0161ka: 105 cm, v\u00fd\u0161ka stolu zhruba 75 cm\u00a0<\/li>\n<li>D\u00e9lka: 149 cm\u00a0<\/li>\n<li>\u0160\u00ed\u0159ka: 50 cm\u00a0<\/li>\n<\/ul>\n<p> Zbo\u017e\u00ed je dod\u00e1v\u00e1no v demontu s manu\u00e1lem a mont\u00e1\u017en\u00edm materi\u00e1lem.<\/p><\/div>\n<\/p><\/div>\n<\/p><\/div>\n<\/p><\/div>\n<\/p><\/div>\n","protected":false},"excerpt":{"rendered":"<p>Psac\u00ed st\u016fl MULTI s policemi a \u0161upl\u00edkem &#8211; b\u00edl\u00fd\/dub zlat\u00fd Modern\u00ed psac\u00ed st\u016fl vhodn\u00fd nejen do ka\u017ed\u00e9ho studentsk\u00e9ho pokoje.\u00a0Desky psac\u00edho stolu a poli\u010dek se sk\u0159\u00ed\u0148kou jsou vyrobeny z kvalitn\u00ed lamino desky pota\u017een\u00e9 f\u00f3li\u00ed. Pln\u011b v\u00fdsuvn\u00fd \u0161upl\u00edk je skv\u011bl\u00fdm funk\u010dn\u00edm dopl\u0148kem, d\u00edky kter\u00e9mu se ji\u017e nebudete muset natahovat do zadn\u00ed \u010d\u00e1sti \u0161upl\u00edku p\u0159es naskl\u00e1dan\u00e9 v\u011bci. Kontrast [&hellip;]<\/p>\n","protected":false},"featured_media":15817,"comment_status":"open","ping_status":"open","template":"","meta":[],"product_brand":[],"product_cat":[83],"product_tag":[],"class_list":{"0":"post-15717","1":"product","2":"type-product","3":"status-publish","4":"has-post-thumbnail","6":"product_cat-koupelna","8":"first","9":"instock","10":"sale","11":"shipping-taxable","12":"purchasable","13":"product-type-simple"},"yoast_head":"<!-- This site is optimized with the Yoast SEO plugin v26.8 - https:\/\/yoast.com\/product\/yoast-seo-wordpress\/ -->\n<title>Akce Psac\u00ed st\u016fl MULTI s policemi a \u0161upl\u00edkem - b\u00edl\u00fd\/dub zlat\u00fd -<\/title>\n<meta name=\"robots\" content=\"index, follow, max-snippet:-1, max-image-preview:large, max-video-preview:-1\" \/>\n<link rel=\"canonical\" href=\"https:\/\/www.koupeltech.com\/index.php\/produkt\/akce-psaci-stul-multi-s-policemi-a-suplikem-bily-dub-zlaty-15717\/\" \/>\n<meta property=\"og:locale\" content=\"cs_CZ\" \/>\n<meta property=\"og:type\" content=\"article\" \/>\n<meta property=\"og:title\" content=\"Akce Psac\u00ed st\u016fl MULTI s policemi a \u0161upl\u00edkem - b\u00edl\u00fd\/dub zlat\u00fd -\" \/>\n<meta property=\"og:description\" content=\"Psac\u00ed st\u016fl MULTI s policemi a \u0161upl\u00edkem &#8211; b\u00edl\u00fd\/dub zlat\u00fd Modern\u00ed psac\u00ed st\u016fl vhodn\u00fd nejen do ka\u017ed\u00e9ho studentsk\u00e9ho pokoje.\u00a0Desky psac\u00edho stolu a poli\u010dek se sk\u0159\u00ed\u0148kou jsou vyrobeny z kvalitn\u00ed lamino desky pota\u017een\u00e9 f\u00f3li\u00ed. Pln\u011b v\u00fdsuvn\u00fd \u0161upl\u00edk je skv\u011bl\u00fdm funk\u010dn\u00edm dopl\u0148kem, d\u00edky kter\u00e9mu se ji\u017e nebudete muset natahovat do zadn\u00ed \u010d\u00e1sti \u0161upl\u00edku p\u0159es naskl\u00e1dan\u00e9 v\u011bci. Kontrast [&hellip;]\" \/>\n<meta property=\"og:url\" content=\"https:\/\/www.koupeltech.com\/index.php\/produkt\/akce-psaci-stul-multi-s-policemi-a-suplikem-bily-dub-zlaty-15717\/\" \/>\n<meta property=\"og:image\" content=\"https:\/\/www.koupeltech.com\/wp-content\/uploads\/2026\/SK0020910-CZ20260425-093041-0-1777080643-psaci-stul-multi-s-policemi-a-suplikem-bily-dub-zlaty.webp\" \/>\n\t<meta property=\"og:image:width\" content=\"800\" \/>\n\t<meta property=\"og:image:height\" content=\"800\" \/>\n\t<meta property=\"og:image:type\" content=\"image\/webp\" \/>\n<meta name=\"twitter:card\" content=\"summary_large_image\" \/>\n<meta name=\"twitter:label1\" content=\"Odhadovan\u00e1 doba \u010dten\u00ed\" \/>\n\t<meta name=\"twitter:data1\" content=\"1 minuta\" \/>\n<script type=\"application\/ld+json\" class=\"yoast-schema-graph\">{\"@context\":\"https:\/\/schema.org\",\"@graph\":[{\"@type\":\"WebPage\",\"@id\":\"https:\/\/www.koupeltech.com\/index.php\/produkt\/akce-psaci-stul-multi-s-policemi-a-suplikem-bily-dub-zlaty-15717\/\",\"url\":\"https:\/\/www.koupeltech.com\/index.php\/produkt\/akce-psaci-stul-multi-s-policemi-a-suplikem-bily-dub-zlaty-15717\/\",\"name\":\"Akce Psac\u00ed st\u016fl MULTI s policemi a \u0161upl\u00edkem - b\u00edl\u00fd\/dub zlat\u00fd -\",\"isPartOf\":{\"@id\":\"https:\/\/www.koupeltech.com\/#website\"},\"primaryImageOfPage\":{\"@id\":\"https:\/\/www.koupeltech.com\/index.php\/produkt\/akce-psaci-stul-multi-s-policemi-a-suplikem-bily-dub-zlaty-15717\/#primaryimage\"},\"image\":{\"@id\":\"https:\/\/www.koupeltech.com\/index.php\/produkt\/akce-psaci-stul-multi-s-policemi-a-suplikem-bily-dub-zlaty-15717\/#primaryimage\"},\"thumbnailUrl\":\"https:\/\/www.koupeltech.com\/wp-content\/uploads\/2026\/SK0020910-CZ20260425-093041-0-1777080643-psaci-stul-multi-s-policemi-a-suplikem-bily-dub-zlaty.webp\",\"datePublished\":\"2026-04-27T13:58:10+00:00\",\"breadcrumb\":{\"@id\":\"https:\/\/www.koupeltech.com\/index.php\/produkt\/akce-psaci-stul-multi-s-policemi-a-suplikem-bily-dub-zlaty-15717\/#breadcrumb\"},\"inLanguage\":\"cs\",\"potentialAction\":[{\"@type\":\"ReadAction\",\"target\":[\"https:\/\/www.koupeltech.com\/index.php\/produkt\/akce-psaci-stul-multi-s-policemi-a-suplikem-bily-dub-zlaty-15717\/\"]}]},{\"@type\":\"ImageObject\",\"inLanguage\":\"cs\",\"@id\":\"https:\/\/www.koupeltech.com\/index.php\/produkt\/akce-psaci-stul-multi-s-policemi-a-suplikem-bily-dub-zlaty-15717\/#primaryimage\",\"url\":\"https:\/\/www.koupeltech.com\/wp-content\/uploads\/2026\/SK0020910-CZ20260425-093041-0-1777080643-psaci-stul-multi-s-policemi-a-suplikem-bily-dub-zlaty.webp\",\"contentUrl\":\"https:\/\/www.koupeltech.com\/wp-content\/uploads\/2026\/SK0020910-CZ20260425-093041-0-1777080643-psaci-stul-multi-s-policemi-a-suplikem-bily-dub-zlaty.webp\",\"width\":800,\"height\":800},{\"@type\":\"BreadcrumbList\",\"@id\":\"https:\/\/www.koupeltech.com\/index.php\/produkt\/akce-psaci-stul-multi-s-policemi-a-suplikem-bily-dub-zlaty-15717\/#breadcrumb\",\"itemListElement\":[{\"@type\":\"ListItem\",\"position\":1,\"name\":\"Home\",\"item\":\"https:\/\/www.koupeltech.com\/\"},{\"@type\":\"ListItem\",\"position\":2,\"name\":\"Products\",\"item\":\"https:\/\/www.koupeltech.com\/index.php\/products\/\"},{\"@type\":\"ListItem\",\"position\":3,\"name\":\"Akce Psac\u00ed st\u016fl MULTI s policemi a \u0161upl\u00edkem &#8211; b\u00edl\u00fd\/dub zlat\u00fd\"}]},{\"@type\":\"WebSite\",\"@id\":\"https:\/\/www.koupeltech.com\/#website\",\"url\":\"https:\/\/www.koupeltech.com\/\",\"name\":\"\",\"description\":\"\",\"potentialAction\":[{\"@type\":\"SearchAction\",\"target\":{\"@type\":\"EntryPoint\",\"urlTemplate\":\"https:\/\/www.koupeltech.com\/?s={search_term_string}\"},\"query-input\":{\"@type\":\"PropertyValueSpecification\",\"valueRequired\":true,\"valueName\":\"search_term_string\"}}],\"inLanguage\":\"cs\"}]}<\/script>\n<!-- \/ Yoast SEO plugin. -->","yoast_head_json":{"title":"Akce Psac\u00ed st\u016fl MULTI s policemi a \u0161upl\u00edkem - b\u00edl\u00fd\/dub zlat\u00fd -","robots":{"index":"index","follow":"follow","max-snippet":"max-snippet:-1","max-image-preview":"max-image-preview:large","max-video-preview":"max-video-preview:-1"},"canonical":"https:\/\/www.koupeltech.com\/index.php\/produkt\/akce-psaci-stul-multi-s-policemi-a-suplikem-bily-dub-zlaty-15717\/","og_locale":"cs_CZ","og_type":"article","og_title":"Akce Psac\u00ed st\u016fl MULTI s policemi a \u0161upl\u00edkem - b\u00edl\u00fd\/dub zlat\u00fd -","og_description":"Psac\u00ed st\u016fl MULTI s policemi a \u0161upl\u00edkem &#8211; b\u00edl\u00fd\/dub zlat\u00fd Modern\u00ed psac\u00ed st\u016fl vhodn\u00fd nejen do ka\u017ed\u00e9ho studentsk\u00e9ho pokoje.\u00a0Desky psac\u00edho stolu a poli\u010dek se sk\u0159\u00ed\u0148kou jsou vyrobeny z kvalitn\u00ed lamino desky pota\u017een\u00e9 f\u00f3li\u00ed. Pln\u011b v\u00fdsuvn\u00fd \u0161upl\u00edk je skv\u011bl\u00fdm funk\u010dn\u00edm dopl\u0148kem, d\u00edky kter\u00e9mu se ji\u017e nebudete muset natahovat do zadn\u00ed \u010d\u00e1sti \u0161upl\u00edku p\u0159es naskl\u00e1dan\u00e9 v\u011bci. Kontrast [&hellip;]","og_url":"https:\/\/www.koupeltech.com\/index.php\/produkt\/akce-psaci-stul-multi-s-policemi-a-suplikem-bily-dub-zlaty-15717\/","og_image":[{"width":800,"height":800,"url":"https:\/\/www.koupeltech.com\/wp-content\/uploads\/2026\/SK0020910-CZ20260425-093041-0-1777080643-psaci-stul-multi-s-policemi-a-suplikem-bily-dub-zlaty.webp","type":"image\/webp"}],"twitter_card":"summary_large_image","twitter_misc":{"Odhadovan\u00e1 doba \u010dten\u00ed":"1 minuta"},"schema":{"@context":"https:\/\/schema.org","@graph":[{"@type":"WebPage","@id":"https:\/\/www.koupeltech.com\/index.php\/produkt\/akce-psaci-stul-multi-s-policemi-a-suplikem-bily-dub-zlaty-15717\/","url":"https:\/\/www.koupeltech.com\/index.php\/produkt\/akce-psaci-stul-multi-s-policemi-a-suplikem-bily-dub-zlaty-15717\/","name":"Akce Psac\u00ed st\u016fl MULTI s policemi a \u0161upl\u00edkem - b\u00edl\u00fd\/dub zlat\u00fd -","isPartOf":{"@id":"https:\/\/www.koupeltech.com\/#website"},"primaryImageOfPage":{"@id":"https:\/\/www.koupeltech.com\/index.php\/produkt\/akce-psaci-stul-multi-s-policemi-a-suplikem-bily-dub-zlaty-15717\/#primaryimage"},"image":{"@id":"https:\/\/www.koupeltech.com\/index.php\/produkt\/akce-psaci-stul-multi-s-policemi-a-suplikem-bily-dub-zlaty-15717\/#primaryimage"},"thumbnailUrl":"https:\/\/www.koupeltech.com\/wp-content\/uploads\/2026\/SK0020910-CZ20260425-093041-0-1777080643-psaci-stul-multi-s-policemi-a-suplikem-bily-dub-zlaty.webp","datePublished":"2026-04-27T13:58:10+00:00","breadcrumb":{"@id":"https:\/\/www.koupeltech.com\/index.php\/produkt\/akce-psaci-stul-multi-s-policemi-a-suplikem-bily-dub-zlaty-15717\/#breadcrumb"},"inLanguage":"cs","potentialAction":[{"@type":"ReadAction","target":["https:\/\/www.koupeltech.com\/index.php\/produkt\/akce-psaci-stul-multi-s-policemi-a-suplikem-bily-dub-zlaty-15717\/"]}]},{"@type":"ImageObject","inLanguage":"cs","@id":"https:\/\/www.koupeltech.com\/index.php\/produkt\/akce-psaci-stul-multi-s-policemi-a-suplikem-bily-dub-zlaty-15717\/#primaryimage","url":"https:\/\/www.koupeltech.com\/wp-content\/uploads\/2026\/SK0020910-CZ20260425-093041-0-1777080643-psaci-stul-multi-s-policemi-a-suplikem-bily-dub-zlaty.webp","contentUrl":"https:\/\/www.koupeltech.com\/wp-content\/uploads\/2026\/SK0020910-CZ20260425-093041-0-1777080643-psaci-stul-multi-s-policemi-a-suplikem-bily-dub-zlaty.webp","width":800,"height":800},{"@type":"BreadcrumbList","@id":"https:\/\/www.koupeltech.com\/index.php\/produkt\/akce-psaci-stul-multi-s-policemi-a-suplikem-bily-dub-zlaty-15717\/#breadcrumb","itemListElement":[{"@type":"ListItem","position":1,"name":"Home","item":"https:\/\/www.koupeltech.com\/"},{"@type":"ListItem","position":2,"name":"Products","item":"https:\/\/www.koupeltech.com\/index.php\/products\/"},{"@type":"ListItem","position":3,"name":"Akce Psac\u00ed st\u016fl MULTI s policemi a \u0161upl\u00edkem &#8211; b\u00edl\u00fd\/dub zlat\u00fd"}]},{"@type":"WebSite","@id":"https:\/\/www.koupeltech.com\/#website","url":"https:\/\/www.koupeltech.com\/","name":"","description":"","potentialAction":[{"@type":"SearchAction","target":{"@type":"EntryPoint","urlTemplate":"https:\/\/www.koupeltech.com\/?s={search_term_string}"},"query-input":{"@type":"PropertyValueSpecification","valueRequired":true,"valueName":"search_term_string"}}],"inLanguage":"cs"}]}},"_links":{"self":[{"href":"https:\/\/www.koupeltech.com\/index.php\/wp-json\/wp\/v2\/product\/15717","targetHints":{"allow":["GET"]}}],"collection":[{"href":"https:\/\/www.koupeltech.com\/index.php\/wp-json\/wp\/v2\/product"}],"about":[{"href":"https:\/\/www.koupeltech.com\/index.php\/wp-json\/wp\/v2\/types\/product"}],"replies":[{"embeddable":true,"href":"https:\/\/www.koupeltech.com\/index.php\/wp-json\/wp\/v2\/comments?post=15717"}],"wp:featuredmedia":[{"embeddable":true,"href":"https:\/\/www.koupeltech.com\/index.php\/wp-json\/wp\/v2\/media\/15817"}],"wp:attachment":[{"href":"https:\/\/www.koupeltech.com\/index.php\/wp-json\/wp\/v2\/media?parent=15717"}],"wp:term":[{"taxonomy":"product_brand","embeddable":true,"href":"https:\/\/www.koupeltech.com\/index.php\/wp-json\/wp\/v2\/product_brand?post=15717"},{"taxonomy":"product_cat","embeddable":true,"href":"https:\/\/www.koupeltech.com\/index.php\/wp-json\/wp\/v2\/product_cat?post=15717"},{"taxonomy":"product_tag","embeddable":true,"href":"https:\/\/www.koupeltech.com\/index.php\/wp-json\/wp\/v2\/product_tag?post=15717"}],"curies":[{"name":"wp","href":"https:\/\/api.w.org\/{rel}","templated":true}]}}