{"id":16384,"date":"2026-04-27T13:58:17","date_gmt":"2026-04-27T13:58:17","guid":{"rendered":""},"modified":"2026-04-27T13:58:17","modified_gmt":"2026-04-27T13:58:17","slug":"znackovy-vysoka-skrin-s-kosem-dos-svd3z2k-50-d16-beton-tmavy-uchytka-t02-d16-beton-tmavy-16384","status":"publish","type":"product","link":"https:\/\/www.koupeltech.com\/index.php\/produkt\/znackovy-vysoka-skrin-s-kosem-dos-svd3z2k-50-d16-beton-tmavy-uchytka-t02-d16-beton-tmavy-16384\/","title":{"rendered":"Zna\u010dkov\u00fd Vysok\u00e1 sk\u0159\u00ed\u0148 s ko\u0161em DOS SVD3Z2K 50 &#8211; D16 Beton tmav\u00fd \/ \u00dachytka T02 \/ D16 Beton tmav\u00fd"},"content":{"rendered":"<div class=\"basic-description\">\n<h3>Detailn\u00ed popis produktu<\/h3>\n<p>Velk\u00e9 mno\u017estv\u00ed prostoru pro va\u0161e ru\u010dn\u00edky, osu\u0161ky, ale i drobnosti, kter\u00e9 v koupeln\u011b nutn\u011b pot\u0159ebujete a v\u00fdklopn\u00fd ko\u0161 na pr\u00e1dlo k tomu. Do vysok\u00e9 sk\u0159\u00edn\u011b DOS SVD3Z2K 50 se toho vejde opravdu hodn\u011b a vy tak kr\u00e1sn\u011b udr\u017e\u00edte va\u0161i koupelnu v dokonal\u00e9m po\u0159\u00e1dku.<\/p>\n<h2>Parametry sk\u0159\u00edn\u011b<\/h2>\n<p>Vysok\u00e1 sk\u0159\u00ed\u0148 DOS SVD3Z2K 50 je konstruov\u00e1na jako z\u00e1v\u011bsn\u00e1 ve t\u0159\u00eddve\u0159ov\u00e9m proveden\u00ed. V horn\u00ed \u010d\u00e1sti sk\u0159\u00edn\u011b je dvojice dv\u00ed\u0159ek, z nich ka\u017ed\u00e9 zp\u0159\u00edstup\u0148uj\u00ed prostor s jednou sklen\u011bnou polici. Tu je mo\u017en\u00e9 libovoln\u011b polohovat. <\/p>\n<p>V doln\u00ed \u010d\u00e1sti sk\u0159\u00edn\u011b je k dispozici objemn\u00fd ko\u0161 na pr\u00e1dlo o objemu 50 l. Oba zm\u00edn\u011bn\u00e9 prostory dopl\u0148uje dvojice z\u00e1suvek pro ulo\u017een\u00ed drobn\u011bj\u0161\u00edch p\u0159edm\u011bt\u016f. Komfort d\u00e1le zvy\u0161uje kov\u00e1n\u00ed zna\u010dky Hettich, d\u00edky kter\u00e9mu je dov\u00edr\u00e1n\u00ed dv\u00ed\u0159ek a z\u00e1suvek tlumen\u00e9. <strong>Na kov\u00e1n\u00ed od n\u00e1s nav\u00edc dostanete do\u017eivotn\u00ed z\u00e1ruku<\/strong>. <\/p>\n<h3><strong>Velk\u00fd v\u00fdb\u011br \u00fachytek<\/strong><\/h3>\n<p>Dv\u00ed\u0159ka i z\u00e1suvky sk\u0159\u00edn\u011b se otev\u00edraj\u00ed pomoc\u00ed n\u011bkter\u00e9 z na\u0161ich kovov\u00fdch \u00fachytek. Aktu\u00e1ln\u011b m\u00e1te na v\u00fdb\u011br z t\u011bchto typ\u016f:<\/p>\n<ul>\n<li>T01 &#8211; obl\u00e1 \u00fachytka z hlin\u00edku v proveden\u00ed mat<\/li>\n<li>T02 &#8211; obl\u00e1 \u00fachytka z brou\u0161en\u00e9ho niklu<\/li>\n<li>T03 &#8211; hranat\u00e1 \u00fachytka z chromu v proveden\u00ed lesk<\/li>\n<li>T04 &#8211; hranat\u00e1 \u00fachytka s v\u00fdrazn\u00fdmi hranami v proveden\u00ed lesk<\/li>\n<li>T06 &#8211; hranat\u00e1 \u00fachytka v proveden\u00ed \u010dern\u00e1 mat<\/li>\n<\/ul>\n<h3><strong>Povrchov\u00e9 \u00fapravy<\/strong><\/h3>\n<p>Vysokou sk\u0159\u00ed\u0148 DOS SVD3Z2K 50 vyr\u00e1b\u00edme v cel\u00e9 \u0159ad\u011b dekor\u016f, d\u0159evodekor\u016f a lak\u016f v proveden\u00ed lesk\/mat. Samoz\u0159ejmost\u00ed je tak\u00e9 \u00faprava v proveden\u00ed Individual dle vzorn\u00edku RAL\/NCS. <\/p>\n<h2>P\u0159ednosti sk\u0159\u00edn\u011b:<\/h2>\n<ul>\n<li>Na sk\u0159\u00ed\u0148 od n\u00e1s dostanete <strong>prodlou\u017eenou z\u00e1ruku 5 let<\/strong>. Na kov\u00e1n\u00ed zna\u010dky Hettich pak dokonce <strong>z\u00e1ruku do\u017eivotn\u00ed<\/strong>. <\/li>\n<li>Sk\u0159\u00ed\u0148 je velmi prostorn\u00e1 a univerz\u00e1ln\u00ed. Krom\u011b standardn\u00edho prostoru nab\u00edz\u00ed i <strong>objemn\u00fd ko\u0161 na pr\u00e1dlo<\/strong> nebo z\u00e1suvky pro ulo\u017een\u00ed drobn\u011bj\u0161\u00edch p\u0159edm\u011bt\u016f.<\/li>\n<li>Pro v\u011bt\u0161\u00ed komfort jsou dv\u00ed\u0159ka vybavena zna\u010dkov\u00fdm kov\u00e1n\u00edm Hettich s <strong>tlumen\u00fdm dov\u00edr\u00e1n\u00edm<\/strong>.<\/li>\n<\/ul><\/div>\n","protected":false},"excerpt":{"rendered":"<p>Detailn\u00ed popis produktu Velk\u00e9 mno\u017estv\u00ed prostoru pro va\u0161e ru\u010dn\u00edky, osu\u0161ky, ale i drobnosti, kter\u00e9 v koupeln\u011b nutn\u011b pot\u0159ebujete a v\u00fdklopn\u00fd ko\u0161 na pr\u00e1dlo k tomu. Do vysok\u00e9 sk\u0159\u00edn\u011b DOS SVD3Z2K 50 se toho vejde opravdu hodn\u011b a vy tak kr\u00e1sn\u011b udr\u017e\u00edte va\u0161i koupelnu v dokonal\u00e9m po\u0159\u00e1dku. Parametry sk\u0159\u00edn\u011b Vysok\u00e1 sk\u0159\u00ed\u0148 DOS SVD3Z2K 50 je konstruov\u00e1na [&hellip;]<\/p>\n","protected":false},"featured_media":16484,"comment_status":"open","ping_status":"open","template":"","meta":[],"product_brand":[],"product_cat":[84],"product_tag":[],"class_list":{"0":"post-16384","1":"product","2":"type-product","3":"status-publish","4":"has-post-thumbnail","6":"product_cat-koupelny-a-sanitarni-technika","8":"first","9":"instock","10":"sale","11":"shipping-taxable","12":"purchasable","13":"product-type-simple"},"yoast_head":"<!-- This site is optimized with the Yoast SEO plugin v26.8 - https:\/\/yoast.com\/product\/yoast-seo-wordpress\/ -->\n<title>Zna\u010dkov\u00fd Vysok\u00e1 sk\u0159\u00ed\u0148 s ko\u0161em DOS SVD3Z2K 50 - D16 Beton tmav\u00fd \/ \u00dachytka T02 \/ D16 Beton tmav\u00fd -<\/title>\n<meta name=\"robots\" content=\"index, follow, max-snippet:-1, max-image-preview:large, max-video-preview:-1\" \/>\n<link rel=\"canonical\" href=\"https:\/\/www.koupeltech.com\/index.php\/produkt\/znackovy-vysoka-skrin-s-kosem-dos-svd3z2k-50-d16-beton-tmavy-uchytka-t02-d16-beton-tmavy-16384\/\" \/>\n<meta property=\"og:locale\" content=\"cs_CZ\" \/>\n<meta property=\"og:type\" content=\"article\" \/>\n<meta property=\"og:title\" content=\"Zna\u010dkov\u00fd Vysok\u00e1 sk\u0159\u00ed\u0148 s ko\u0161em DOS SVD3Z2K 50 - D16 Beton tmav\u00fd \/ \u00dachytka T02 \/ D16 Beton tmav\u00fd -\" \/>\n<meta property=\"og:description\" content=\"Detailn\u00ed popis produktu Velk\u00e9 mno\u017estv\u00ed prostoru pro va\u0161e ru\u010dn\u00edky, osu\u0161ky, ale i drobnosti, kter\u00e9 v koupeln\u011b nutn\u011b pot\u0159ebujete a v\u00fdklopn\u00fd ko\u0161 na pr\u00e1dlo k tomu. Do vysok\u00e9 sk\u0159\u00edn\u011b DOS SVD3Z2K 50 se toho vejde opravdu hodn\u011b a vy tak kr\u00e1sn\u011b udr\u017e\u00edte va\u0161i koupelnu v dokonal\u00e9m po\u0159\u00e1dku. Parametry sk\u0159\u00edn\u011b Vysok\u00e1 sk\u0159\u00ed\u0148 DOS SVD3Z2K 50 je konstruov\u00e1na [&hellip;]\" \/>\n<meta property=\"og:url\" content=\"https:\/\/www.koupeltech.com\/index.php\/produkt\/znackovy-vysoka-skrin-s-kosem-dos-svd3z2k-50-d16-beton-tmavy-uchytka-t02-d16-beton-tmavy-16384\/\" \/>\n<meta property=\"og:image\" content=\"https:\/\/www.koupeltech.com\/wp-content\/uploads\/2026\/SK0023711-CZ20260425-093351-0-1777080838-909993_vysoka-skrin-s-kosem-dos-svd3z2k-50-d16-beton-tmavy-.webp\" \/>\n\t<meta property=\"og:image:width\" content=\"1000\" \/>\n\t<meta property=\"og:image:height\" content=\"750\" \/>\n\t<meta property=\"og:image:type\" content=\"image\/webp\" \/>\n<meta name=\"twitter:card\" content=\"summary_large_image\" \/>\n<meta name=\"twitter:label1\" content=\"Odhadovan\u00e1 doba \u010dten\u00ed\" \/>\n\t<meta name=\"twitter:data1\" content=\"2 minuty\" \/>\n<script type=\"application\/ld+json\" class=\"yoast-schema-graph\">{\"@context\":\"https:\/\/schema.org\",\"@graph\":[{\"@type\":\"WebPage\",\"@id\":\"https:\/\/www.koupeltech.com\/index.php\/produkt\/znackovy-vysoka-skrin-s-kosem-dos-svd3z2k-50-d16-beton-tmavy-uchytka-t02-d16-beton-tmavy-16384\/\",\"url\":\"https:\/\/www.koupeltech.com\/index.php\/produkt\/znackovy-vysoka-skrin-s-kosem-dos-svd3z2k-50-d16-beton-tmavy-uchytka-t02-d16-beton-tmavy-16384\/\",\"name\":\"Zna\u010dkov\u00fd Vysok\u00e1 sk\u0159\u00ed\u0148 s ko\u0161em DOS SVD3Z2K 50 - D16 Beton tmav\u00fd \/ \u00dachytka T02 \/ D16 Beton tmav\u00fd -\",\"isPartOf\":{\"@id\":\"https:\/\/www.koupeltech.com\/#website\"},\"primaryImageOfPage\":{\"@id\":\"https:\/\/www.koupeltech.com\/index.php\/produkt\/znackovy-vysoka-skrin-s-kosem-dos-svd3z2k-50-d16-beton-tmavy-uchytka-t02-d16-beton-tmavy-16384\/#primaryimage\"},\"image\":{\"@id\":\"https:\/\/www.koupeltech.com\/index.php\/produkt\/znackovy-vysoka-skrin-s-kosem-dos-svd3z2k-50-d16-beton-tmavy-uchytka-t02-d16-beton-tmavy-16384\/#primaryimage\"},\"thumbnailUrl\":\"https:\/\/www.koupeltech.com\/wp-content\/uploads\/2026\/SK0023711-CZ20260425-093351-0-1777080838-909993_vysoka-skrin-s-kosem-dos-svd3z2k-50-d16-beton-tmavy-.webp\",\"datePublished\":\"2026-04-27T13:58:17+00:00\",\"breadcrumb\":{\"@id\":\"https:\/\/www.koupeltech.com\/index.php\/produkt\/znackovy-vysoka-skrin-s-kosem-dos-svd3z2k-50-d16-beton-tmavy-uchytka-t02-d16-beton-tmavy-16384\/#breadcrumb\"},\"inLanguage\":\"cs\",\"potentialAction\":[{\"@type\":\"ReadAction\",\"target\":[\"https:\/\/www.koupeltech.com\/index.php\/produkt\/znackovy-vysoka-skrin-s-kosem-dos-svd3z2k-50-d16-beton-tmavy-uchytka-t02-d16-beton-tmavy-16384\/\"]}]},{\"@type\":\"ImageObject\",\"inLanguage\":\"cs\",\"@id\":\"https:\/\/www.koupeltech.com\/index.php\/produkt\/znackovy-vysoka-skrin-s-kosem-dos-svd3z2k-50-d16-beton-tmavy-uchytka-t02-d16-beton-tmavy-16384\/#primaryimage\",\"url\":\"https:\/\/www.koupeltech.com\/wp-content\/uploads\/2026\/SK0023711-CZ20260425-093351-0-1777080838-909993_vysoka-skrin-s-kosem-dos-svd3z2k-50-d16-beton-tmavy-.webp\",\"contentUrl\":\"https:\/\/www.koupeltech.com\/wp-content\/uploads\/2026\/SK0023711-CZ20260425-093351-0-1777080838-909993_vysoka-skrin-s-kosem-dos-svd3z2k-50-d16-beton-tmavy-.webp\",\"width\":1000,\"height\":750},{\"@type\":\"BreadcrumbList\",\"@id\":\"https:\/\/www.koupeltech.com\/index.php\/produkt\/znackovy-vysoka-skrin-s-kosem-dos-svd3z2k-50-d16-beton-tmavy-uchytka-t02-d16-beton-tmavy-16384\/#breadcrumb\",\"itemListElement\":[{\"@type\":\"ListItem\",\"position\":1,\"name\":\"Home\",\"item\":\"https:\/\/www.koupeltech.com\/\"},{\"@type\":\"ListItem\",\"position\":2,\"name\":\"Products\",\"item\":\"https:\/\/www.koupeltech.com\/index.php\/products\/\"},{\"@type\":\"ListItem\",\"position\":3,\"name\":\"Zna\u010dkov\u00fd Vysok\u00e1 sk\u0159\u00ed\u0148 s ko\u0161em DOS SVD3Z2K 50 &#8211; D16 Beton tmav\u00fd \/ \u00dachytka T02 \/ D16 Beton tmav\u00fd\"}]},{\"@type\":\"WebSite\",\"@id\":\"https:\/\/www.koupeltech.com\/#website\",\"url\":\"https:\/\/www.koupeltech.com\/\",\"name\":\"\",\"description\":\"\",\"potentialAction\":[{\"@type\":\"SearchAction\",\"target\":{\"@type\":\"EntryPoint\",\"urlTemplate\":\"https:\/\/www.koupeltech.com\/?s={search_term_string}\"},\"query-input\":{\"@type\":\"PropertyValueSpecification\",\"valueRequired\":true,\"valueName\":\"search_term_string\"}}],\"inLanguage\":\"cs\"}]}<\/script>\n<!-- \/ Yoast SEO plugin. -->","yoast_head_json":{"title":"Zna\u010dkov\u00fd Vysok\u00e1 sk\u0159\u00ed\u0148 s ko\u0161em DOS SVD3Z2K 50 - D16 Beton tmav\u00fd \/ \u00dachytka T02 \/ D16 Beton tmav\u00fd -","robots":{"index":"index","follow":"follow","max-snippet":"max-snippet:-1","max-image-preview":"max-image-preview:large","max-video-preview":"max-video-preview:-1"},"canonical":"https:\/\/www.koupeltech.com\/index.php\/produkt\/znackovy-vysoka-skrin-s-kosem-dos-svd3z2k-50-d16-beton-tmavy-uchytka-t02-d16-beton-tmavy-16384\/","og_locale":"cs_CZ","og_type":"article","og_title":"Zna\u010dkov\u00fd Vysok\u00e1 sk\u0159\u00ed\u0148 s ko\u0161em DOS SVD3Z2K 50 - D16 Beton tmav\u00fd \/ \u00dachytka T02 \/ D16 Beton tmav\u00fd -","og_description":"Detailn\u00ed popis produktu Velk\u00e9 mno\u017estv\u00ed prostoru pro va\u0161e ru\u010dn\u00edky, osu\u0161ky, ale i drobnosti, kter\u00e9 v koupeln\u011b nutn\u011b pot\u0159ebujete a v\u00fdklopn\u00fd ko\u0161 na pr\u00e1dlo k tomu. Do vysok\u00e9 sk\u0159\u00edn\u011b DOS SVD3Z2K 50 se toho vejde opravdu hodn\u011b a vy tak kr\u00e1sn\u011b udr\u017e\u00edte va\u0161i koupelnu v dokonal\u00e9m po\u0159\u00e1dku. Parametry sk\u0159\u00edn\u011b Vysok\u00e1 sk\u0159\u00ed\u0148 DOS SVD3Z2K 50 je konstruov\u00e1na [&hellip;]","og_url":"https:\/\/www.koupeltech.com\/index.php\/produkt\/znackovy-vysoka-skrin-s-kosem-dos-svd3z2k-50-d16-beton-tmavy-uchytka-t02-d16-beton-tmavy-16384\/","og_image":[{"width":1000,"height":750,"url":"https:\/\/www.koupeltech.com\/wp-content\/uploads\/2026\/SK0023711-CZ20260425-093351-0-1777080838-909993_vysoka-skrin-s-kosem-dos-svd3z2k-50-d16-beton-tmavy-.webp","type":"image\/webp"}],"twitter_card":"summary_large_image","twitter_misc":{"Odhadovan\u00e1 doba \u010dten\u00ed":"2 minuty"},"schema":{"@context":"https:\/\/schema.org","@graph":[{"@type":"WebPage","@id":"https:\/\/www.koupeltech.com\/index.php\/produkt\/znackovy-vysoka-skrin-s-kosem-dos-svd3z2k-50-d16-beton-tmavy-uchytka-t02-d16-beton-tmavy-16384\/","url":"https:\/\/www.koupeltech.com\/index.php\/produkt\/znackovy-vysoka-skrin-s-kosem-dos-svd3z2k-50-d16-beton-tmavy-uchytka-t02-d16-beton-tmavy-16384\/","name":"Zna\u010dkov\u00fd Vysok\u00e1 sk\u0159\u00ed\u0148 s ko\u0161em DOS SVD3Z2K 50 - D16 Beton tmav\u00fd \/ \u00dachytka T02 \/ D16 Beton tmav\u00fd -","isPartOf":{"@id":"https:\/\/www.koupeltech.com\/#website"},"primaryImageOfPage":{"@id":"https:\/\/www.koupeltech.com\/index.php\/produkt\/znackovy-vysoka-skrin-s-kosem-dos-svd3z2k-50-d16-beton-tmavy-uchytka-t02-d16-beton-tmavy-16384\/#primaryimage"},"image":{"@id":"https:\/\/www.koupeltech.com\/index.php\/produkt\/znackovy-vysoka-skrin-s-kosem-dos-svd3z2k-50-d16-beton-tmavy-uchytka-t02-d16-beton-tmavy-16384\/#primaryimage"},"thumbnailUrl":"https:\/\/www.koupeltech.com\/wp-content\/uploads\/2026\/SK0023711-CZ20260425-093351-0-1777080838-909993_vysoka-skrin-s-kosem-dos-svd3z2k-50-d16-beton-tmavy-.webp","datePublished":"2026-04-27T13:58:17+00:00","breadcrumb":{"@id":"https:\/\/www.koupeltech.com\/index.php\/produkt\/znackovy-vysoka-skrin-s-kosem-dos-svd3z2k-50-d16-beton-tmavy-uchytka-t02-d16-beton-tmavy-16384\/#breadcrumb"},"inLanguage":"cs","potentialAction":[{"@type":"ReadAction","target":["https:\/\/www.koupeltech.com\/index.php\/produkt\/znackovy-vysoka-skrin-s-kosem-dos-svd3z2k-50-d16-beton-tmavy-uchytka-t02-d16-beton-tmavy-16384\/"]}]},{"@type":"ImageObject","inLanguage":"cs","@id":"https:\/\/www.koupeltech.com\/index.php\/produkt\/znackovy-vysoka-skrin-s-kosem-dos-svd3z2k-50-d16-beton-tmavy-uchytka-t02-d16-beton-tmavy-16384\/#primaryimage","url":"https:\/\/www.koupeltech.com\/wp-content\/uploads\/2026\/SK0023711-CZ20260425-093351-0-1777080838-909993_vysoka-skrin-s-kosem-dos-svd3z2k-50-d16-beton-tmavy-.webp","contentUrl":"https:\/\/www.koupeltech.com\/wp-content\/uploads\/2026\/SK0023711-CZ20260425-093351-0-1777080838-909993_vysoka-skrin-s-kosem-dos-svd3z2k-50-d16-beton-tmavy-.webp","width":1000,"height":750},{"@type":"BreadcrumbList","@id":"https:\/\/www.koupeltech.com\/index.php\/produkt\/znackovy-vysoka-skrin-s-kosem-dos-svd3z2k-50-d16-beton-tmavy-uchytka-t02-d16-beton-tmavy-16384\/#breadcrumb","itemListElement":[{"@type":"ListItem","position":1,"name":"Home","item":"https:\/\/www.koupeltech.com\/"},{"@type":"ListItem","position":2,"name":"Products","item":"https:\/\/www.koupeltech.com\/index.php\/products\/"},{"@type":"ListItem","position":3,"name":"Zna\u010dkov\u00fd Vysok\u00e1 sk\u0159\u00ed\u0148 s ko\u0161em DOS SVD3Z2K 50 &#8211; D16 Beton tmav\u00fd \/ \u00dachytka T02 \/ D16 Beton tmav\u00fd"}]},{"@type":"WebSite","@id":"https:\/\/www.koupeltech.com\/#website","url":"https:\/\/www.koupeltech.com\/","name":"","description":"","potentialAction":[{"@type":"SearchAction","target":{"@type":"EntryPoint","urlTemplate":"https:\/\/www.koupeltech.com\/?s={search_term_string}"},"query-input":{"@type":"PropertyValueSpecification","valueRequired":true,"valueName":"search_term_string"}}],"inLanguage":"cs"}]}},"_links":{"self":[{"href":"https:\/\/www.koupeltech.com\/index.php\/wp-json\/wp\/v2\/product\/16384","targetHints":{"allow":["GET"]}}],"collection":[{"href":"https:\/\/www.koupeltech.com\/index.php\/wp-json\/wp\/v2\/product"}],"about":[{"href":"https:\/\/www.koupeltech.com\/index.php\/wp-json\/wp\/v2\/types\/product"}],"replies":[{"embeddable":true,"href":"https:\/\/www.koupeltech.com\/index.php\/wp-json\/wp\/v2\/comments?post=16384"}],"wp:featuredmedia":[{"embeddable":true,"href":"https:\/\/www.koupeltech.com\/index.php\/wp-json\/wp\/v2\/media\/16484"}],"wp:attachment":[{"href":"https:\/\/www.koupeltech.com\/index.php\/wp-json\/wp\/v2\/media?parent=16384"}],"wp:term":[{"taxonomy":"product_brand","embeddable":true,"href":"https:\/\/www.koupeltech.com\/index.php\/wp-json\/wp\/v2\/product_brand?post=16384"},{"taxonomy":"product_cat","embeddable":true,"href":"https:\/\/www.koupeltech.com\/index.php\/wp-json\/wp\/v2\/product_cat?post=16384"},{"taxonomy":"product_tag","embeddable":true,"href":"https:\/\/www.koupeltech.com\/index.php\/wp-json\/wp\/v2\/product_tag?post=16384"}],"curies":[{"name":"wp","href":"https:\/\/api.w.org\/{rel}","templated":true}]}}