{"id":17718,"date":"2026-04-27T13:58:31","date_gmt":"2026-04-27T13:58:31","guid":{"rendered":""},"modified":"2026-04-27T13:58:31","modified_gmt":"2026-04-27T13:58:31","slug":"zlevneny-jednodverova-galerka-focus-gaoe-50-d20-galaxy-prave-17718","status":"publish","type":"product","link":"https:\/\/www.koupeltech.com\/index.php\/produkt\/zlevneny-jednodverova-galerka-focus-gaoe-50-d20-galaxy-prave-17718\/","title":{"rendered":"Zlevn\u011bn\u00fd Jednodve\u0159ov\u00e1 galerka FOCUS GAOE 50 &#8211; D20 Galaxy \/ Prav\u00e9"},"content":{"rendered":"<div class=\"basic-description\">\n<h3>Detailn\u00ed popis produktu<\/h3>\n<h2><strong>Nov\u00e1 definice prostoru<\/strong><\/h2>\n<p>Galerka <strong>FOCUS GAOE 50<\/strong> je sou\u010d\u00e1st\u00ed nov\u00e9 \u0159ady galerek <strong>FOCUS<\/strong> s ojedin\u011ble \u0159e\u0161en\u00fdm \u00falo\u017en\u00fdm prostorem a celou \u0159adou praktick\u00fdch detail\u016f, kter\u00e9 v\u00e1m usnadn\u00ed \u017eivot v koupeln\u011b. <\/p>\n<h3><strong>Parametry<\/strong><\/h3>\n<p>Galerka <strong>FOCUS GAOE 50<\/strong> je konstruov\u00e1na jako jednodve\u0159ov\u00e1 s oboustrann\u00fdm zrcadlem. Vnit\u0159n\u00ed prostor galerky je rozd\u011blen pomoc\u00ed 2 sklen\u011bn\u00fdch a nastaviteln\u00fdch polic, d\u00edky \u010demu\u017e vznik\u00e1 praktick\u00fd prostor pro ulo\u017een\u00ed v\u0161ech dopl\u0148k\u016f, jako je kosmetika, hygienick\u00e9 pot\u0159eby atd. Velkou v\u00fdhodou galerky je<strong> el. z\u00e1suvka 230<\/strong> <strong>V<\/strong> (uvnit\u0159 galerky) a vyp\u00edna\u010d pro LED osv\u011btlen\u00ed Pino 300 (5 W, <span>teplota 4 000 K<\/span>). <strong>Galerka spl\u0148uje kryt\u00ed IP 44<\/strong>.<\/p>\n<p>U galerky je rovn\u011b\u017e mo\u017en\u00e9 vybrat, zda chcete prav\u00e9 nebo lev\u00e9 otev\u00edr\u00e1n\u00ed. <\/p>\n<h3><strong>Povrchov\u00e9 zpracov\u00e1n\u00ed<\/strong><\/h3>\n<p>Korpus galerky je mo\u017en\u00e9 vyrobit v 18 r\u016fzn\u00fdch dekorech, v lakovan\u00fdch proveden\u00edch (lesk\/mat) nebo v individu\u00e1ln\u00ed barevnosti dle vzorn\u00edku <strong>RAL\/NCS<\/strong>.<\/p>\n<h2><strong>V\u00fdhody galerky:<\/strong><\/h2>\n<ul>\n<li>Mo\u017enost volby prav\u00e9ho nebo lev\u00e9ho otev\u00edr\u00e1n\u00ed.<\/li>\n<li>Maxim\u00e1ln\u00ed zrcadlov\u00e1 plocha d\u00edky oboustrann\u00e9mu zrcadlu na dv\u00ed\u0159k\u00e1ch.<\/li>\n<li>Galeka je vybavena elektrickou z\u00e1suvkou, vyp\u00edna\u010dem a LED osv\u011btlen\u00edm Pino 300.<\/li>\n<li>Ve spodn\u00ed \u010d\u00e1sti galerky je praktick\u00e1 otev\u0159en\u00e1 nika.<\/li>\n<\/ul><\/div>\n","protected":false},"excerpt":{"rendered":"<p>Detailn\u00ed popis produktu Nov\u00e1 definice prostoru Galerka FOCUS GAOE 50 je sou\u010d\u00e1st\u00ed nov\u00e9 \u0159ady galerek FOCUS s ojedin\u011ble \u0159e\u0161en\u00fdm \u00falo\u017en\u00fdm prostorem a celou \u0159adou praktick\u00fdch detail\u016f, kter\u00e9 v\u00e1m usnadn\u00ed \u017eivot v koupeln\u011b. Parametry Galerka FOCUS GAOE 50 je konstruov\u00e1na jako jednodve\u0159ov\u00e1 s oboustrann\u00fdm zrcadlem. Vnit\u0159n\u00ed prostor galerky je rozd\u011blen pomoc\u00ed 2 sklen\u011bn\u00fdch a nastaviteln\u00fdch polic, [&hellip;]<\/p>\n","protected":false},"featured_media":17818,"comment_status":"open","ping_status":"open","template":"","meta":[],"product_brand":[],"product_cat":[84],"product_tag":[],"class_list":{"0":"post-17718","1":"product","2":"type-product","3":"status-publish","4":"has-post-thumbnail","6":"product_cat-koupelny-a-sanitarni-technika","8":"first","9":"instock","10":"sale","11":"shipping-taxable","12":"purchasable","13":"product-type-simple"},"yoast_head":"<!-- This site is optimized with the Yoast SEO plugin v26.8 - https:\/\/yoast.com\/product\/yoast-seo-wordpress\/ -->\n<title>Zlevn\u011bn\u00fd Jednodve\u0159ov\u00e1 galerka FOCUS GAOE 50 - D20 Galaxy \/ Prav\u00e9 -<\/title>\n<meta name=\"robots\" content=\"index, follow, max-snippet:-1, max-image-preview:large, max-video-preview:-1\" \/>\n<link rel=\"canonical\" href=\"https:\/\/www.koupeltech.com\/index.php\/produkt\/zlevneny-jednodverova-galerka-focus-gaoe-50-d20-galaxy-prave-17718\/\" \/>\n<meta property=\"og:locale\" content=\"cs_CZ\" \/>\n<meta property=\"og:type\" content=\"article\" \/>\n<meta property=\"og:title\" content=\"Zlevn\u011bn\u00fd Jednodve\u0159ov\u00e1 galerka FOCUS GAOE 50 - D20 Galaxy \/ Prav\u00e9 -\" \/>\n<meta property=\"og:description\" content=\"Detailn\u00ed popis produktu Nov\u00e1 definice prostoru Galerka FOCUS GAOE 50 je sou\u010d\u00e1st\u00ed nov\u00e9 \u0159ady galerek FOCUS s ojedin\u011ble \u0159e\u0161en\u00fdm \u00falo\u017en\u00fdm prostorem a celou \u0159adou praktick\u00fdch detail\u016f, kter\u00e9 v\u00e1m usnadn\u00ed \u017eivot v koupeln\u011b. Parametry Galerka FOCUS GAOE 50 je konstruov\u00e1na jako jednodve\u0159ov\u00e1 s oboustrann\u00fdm zrcadlem. Vnit\u0159n\u00ed prostor galerky je rozd\u011blen pomoc\u00ed 2 sklen\u011bn\u00fdch a nastaviteln\u00fdch polic, [&hellip;]\" \/>\n<meta property=\"og:url\" content=\"https:\/\/www.koupeltech.com\/index.php\/produkt\/zlevneny-jednodverova-galerka-focus-gaoe-50-d20-galaxy-prave-17718\/\" \/>\n<meta property=\"og:image\" content=\"https:\/\/www.koupeltech.com\/wp-content\/uploads\/2026\/SK0024356-CZ20260425-093351-0-1777080838-907869_jednodverova-galerka-focus-gaoe-50-d20-galaxy-prave..webp\" \/>\n\t<meta property=\"og:image:width\" content=\"1000\" \/>\n\t<meta property=\"og:image:height\" content=\"750\" \/>\n\t<meta property=\"og:image:type\" content=\"image\/webp\" \/>\n<meta name=\"twitter:card\" content=\"summary_large_image\" \/>\n<meta name=\"twitter:label1\" content=\"Odhadovan\u00e1 doba \u010dten\u00ed\" \/>\n\t<meta name=\"twitter:data1\" content=\"1 minuta\" \/>\n<script type=\"application\/ld+json\" class=\"yoast-schema-graph\">{\"@context\":\"https:\/\/schema.org\",\"@graph\":[{\"@type\":\"WebPage\",\"@id\":\"https:\/\/www.koupeltech.com\/index.php\/produkt\/zlevneny-jednodverova-galerka-focus-gaoe-50-d20-galaxy-prave-17718\/\",\"url\":\"https:\/\/www.koupeltech.com\/index.php\/produkt\/zlevneny-jednodverova-galerka-focus-gaoe-50-d20-galaxy-prave-17718\/\",\"name\":\"Zlevn\u011bn\u00fd Jednodve\u0159ov\u00e1 galerka FOCUS GAOE 50 - D20 Galaxy \/ Prav\u00e9 -\",\"isPartOf\":{\"@id\":\"https:\/\/www.koupeltech.com\/#website\"},\"primaryImageOfPage\":{\"@id\":\"https:\/\/www.koupeltech.com\/index.php\/produkt\/zlevneny-jednodverova-galerka-focus-gaoe-50-d20-galaxy-prave-17718\/#primaryimage\"},\"image\":{\"@id\":\"https:\/\/www.koupeltech.com\/index.php\/produkt\/zlevneny-jednodverova-galerka-focus-gaoe-50-d20-galaxy-prave-17718\/#primaryimage\"},\"thumbnailUrl\":\"https:\/\/www.koupeltech.com\/wp-content\/uploads\/2026\/SK0024356-CZ20260425-093351-0-1777080838-907869_jednodverova-galerka-focus-gaoe-50-d20-galaxy-prave..webp\",\"datePublished\":\"2026-04-27T13:58:31+00:00\",\"breadcrumb\":{\"@id\":\"https:\/\/www.koupeltech.com\/index.php\/produkt\/zlevneny-jednodverova-galerka-focus-gaoe-50-d20-galaxy-prave-17718\/#breadcrumb\"},\"inLanguage\":\"cs\",\"potentialAction\":[{\"@type\":\"ReadAction\",\"target\":[\"https:\/\/www.koupeltech.com\/index.php\/produkt\/zlevneny-jednodverova-galerka-focus-gaoe-50-d20-galaxy-prave-17718\/\"]}]},{\"@type\":\"ImageObject\",\"inLanguage\":\"cs\",\"@id\":\"https:\/\/www.koupeltech.com\/index.php\/produkt\/zlevneny-jednodverova-galerka-focus-gaoe-50-d20-galaxy-prave-17718\/#primaryimage\",\"url\":\"https:\/\/www.koupeltech.com\/wp-content\/uploads\/2026\/SK0024356-CZ20260425-093351-0-1777080838-907869_jednodverova-galerka-focus-gaoe-50-d20-galaxy-prave..webp\",\"contentUrl\":\"https:\/\/www.koupeltech.com\/wp-content\/uploads\/2026\/SK0024356-CZ20260425-093351-0-1777080838-907869_jednodverova-galerka-focus-gaoe-50-d20-galaxy-prave..webp\",\"width\":1000,\"height\":750},{\"@type\":\"BreadcrumbList\",\"@id\":\"https:\/\/www.koupeltech.com\/index.php\/produkt\/zlevneny-jednodverova-galerka-focus-gaoe-50-d20-galaxy-prave-17718\/#breadcrumb\",\"itemListElement\":[{\"@type\":\"ListItem\",\"position\":1,\"name\":\"Home\",\"item\":\"https:\/\/www.koupeltech.com\/\"},{\"@type\":\"ListItem\",\"position\":2,\"name\":\"Products\",\"item\":\"https:\/\/www.koupeltech.com\/index.php\/products\/\"},{\"@type\":\"ListItem\",\"position\":3,\"name\":\"Zlevn\u011bn\u00fd Jednodve\u0159ov\u00e1 galerka FOCUS GAOE 50 &#8211; D20 Galaxy \/ Prav\u00e9\"}]},{\"@type\":\"WebSite\",\"@id\":\"https:\/\/www.koupeltech.com\/#website\",\"url\":\"https:\/\/www.koupeltech.com\/\",\"name\":\"\",\"description\":\"\",\"potentialAction\":[{\"@type\":\"SearchAction\",\"target\":{\"@type\":\"EntryPoint\",\"urlTemplate\":\"https:\/\/www.koupeltech.com\/?s={search_term_string}\"},\"query-input\":{\"@type\":\"PropertyValueSpecification\",\"valueRequired\":true,\"valueName\":\"search_term_string\"}}],\"inLanguage\":\"cs\"}]}<\/script>\n<!-- \/ Yoast SEO plugin. -->","yoast_head_json":{"title":"Zlevn\u011bn\u00fd Jednodve\u0159ov\u00e1 galerka FOCUS GAOE 50 - D20 Galaxy \/ Prav\u00e9 -","robots":{"index":"index","follow":"follow","max-snippet":"max-snippet:-1","max-image-preview":"max-image-preview:large","max-video-preview":"max-video-preview:-1"},"canonical":"https:\/\/www.koupeltech.com\/index.php\/produkt\/zlevneny-jednodverova-galerka-focus-gaoe-50-d20-galaxy-prave-17718\/","og_locale":"cs_CZ","og_type":"article","og_title":"Zlevn\u011bn\u00fd Jednodve\u0159ov\u00e1 galerka FOCUS GAOE 50 - D20 Galaxy \/ Prav\u00e9 -","og_description":"Detailn\u00ed popis produktu Nov\u00e1 definice prostoru Galerka FOCUS GAOE 50 je sou\u010d\u00e1st\u00ed nov\u00e9 \u0159ady galerek FOCUS s ojedin\u011ble \u0159e\u0161en\u00fdm \u00falo\u017en\u00fdm prostorem a celou \u0159adou praktick\u00fdch detail\u016f, kter\u00e9 v\u00e1m usnadn\u00ed \u017eivot v koupeln\u011b. Parametry Galerka FOCUS GAOE 50 je konstruov\u00e1na jako jednodve\u0159ov\u00e1 s oboustrann\u00fdm zrcadlem. Vnit\u0159n\u00ed prostor galerky je rozd\u011blen pomoc\u00ed 2 sklen\u011bn\u00fdch a nastaviteln\u00fdch polic, [&hellip;]","og_url":"https:\/\/www.koupeltech.com\/index.php\/produkt\/zlevneny-jednodverova-galerka-focus-gaoe-50-d20-galaxy-prave-17718\/","og_image":[{"width":1000,"height":750,"url":"https:\/\/www.koupeltech.com\/wp-content\/uploads\/2026\/SK0024356-CZ20260425-093351-0-1777080838-907869_jednodverova-galerka-focus-gaoe-50-d20-galaxy-prave..webp","type":"image\/webp"}],"twitter_card":"summary_large_image","twitter_misc":{"Odhadovan\u00e1 doba \u010dten\u00ed":"1 minuta"},"schema":{"@context":"https:\/\/schema.org","@graph":[{"@type":"WebPage","@id":"https:\/\/www.koupeltech.com\/index.php\/produkt\/zlevneny-jednodverova-galerka-focus-gaoe-50-d20-galaxy-prave-17718\/","url":"https:\/\/www.koupeltech.com\/index.php\/produkt\/zlevneny-jednodverova-galerka-focus-gaoe-50-d20-galaxy-prave-17718\/","name":"Zlevn\u011bn\u00fd Jednodve\u0159ov\u00e1 galerka FOCUS GAOE 50 - D20 Galaxy \/ Prav\u00e9 -","isPartOf":{"@id":"https:\/\/www.koupeltech.com\/#website"},"primaryImageOfPage":{"@id":"https:\/\/www.koupeltech.com\/index.php\/produkt\/zlevneny-jednodverova-galerka-focus-gaoe-50-d20-galaxy-prave-17718\/#primaryimage"},"image":{"@id":"https:\/\/www.koupeltech.com\/index.php\/produkt\/zlevneny-jednodverova-galerka-focus-gaoe-50-d20-galaxy-prave-17718\/#primaryimage"},"thumbnailUrl":"https:\/\/www.koupeltech.com\/wp-content\/uploads\/2026\/SK0024356-CZ20260425-093351-0-1777080838-907869_jednodverova-galerka-focus-gaoe-50-d20-galaxy-prave..webp","datePublished":"2026-04-27T13:58:31+00:00","breadcrumb":{"@id":"https:\/\/www.koupeltech.com\/index.php\/produkt\/zlevneny-jednodverova-galerka-focus-gaoe-50-d20-galaxy-prave-17718\/#breadcrumb"},"inLanguage":"cs","potentialAction":[{"@type":"ReadAction","target":["https:\/\/www.koupeltech.com\/index.php\/produkt\/zlevneny-jednodverova-galerka-focus-gaoe-50-d20-galaxy-prave-17718\/"]}]},{"@type":"ImageObject","inLanguage":"cs","@id":"https:\/\/www.koupeltech.com\/index.php\/produkt\/zlevneny-jednodverova-galerka-focus-gaoe-50-d20-galaxy-prave-17718\/#primaryimage","url":"https:\/\/www.koupeltech.com\/wp-content\/uploads\/2026\/SK0024356-CZ20260425-093351-0-1777080838-907869_jednodverova-galerka-focus-gaoe-50-d20-galaxy-prave..webp","contentUrl":"https:\/\/www.koupeltech.com\/wp-content\/uploads\/2026\/SK0024356-CZ20260425-093351-0-1777080838-907869_jednodverova-galerka-focus-gaoe-50-d20-galaxy-prave..webp","width":1000,"height":750},{"@type":"BreadcrumbList","@id":"https:\/\/www.koupeltech.com\/index.php\/produkt\/zlevneny-jednodverova-galerka-focus-gaoe-50-d20-galaxy-prave-17718\/#breadcrumb","itemListElement":[{"@type":"ListItem","position":1,"name":"Home","item":"https:\/\/www.koupeltech.com\/"},{"@type":"ListItem","position":2,"name":"Products","item":"https:\/\/www.koupeltech.com\/index.php\/products\/"},{"@type":"ListItem","position":3,"name":"Zlevn\u011bn\u00fd Jednodve\u0159ov\u00e1 galerka FOCUS GAOE 50 &#8211; D20 Galaxy \/ Prav\u00e9"}]},{"@type":"WebSite","@id":"https:\/\/www.koupeltech.com\/#website","url":"https:\/\/www.koupeltech.com\/","name":"","description":"","potentialAction":[{"@type":"SearchAction","target":{"@type":"EntryPoint","urlTemplate":"https:\/\/www.koupeltech.com\/?s={search_term_string}"},"query-input":{"@type":"PropertyValueSpecification","valueRequired":true,"valueName":"search_term_string"}}],"inLanguage":"cs"}]}},"_links":{"self":[{"href":"https:\/\/www.koupeltech.com\/index.php\/wp-json\/wp\/v2\/product\/17718","targetHints":{"allow":["GET"]}}],"collection":[{"href":"https:\/\/www.koupeltech.com\/index.php\/wp-json\/wp\/v2\/product"}],"about":[{"href":"https:\/\/www.koupeltech.com\/index.php\/wp-json\/wp\/v2\/types\/product"}],"replies":[{"embeddable":true,"href":"https:\/\/www.koupeltech.com\/index.php\/wp-json\/wp\/v2\/comments?post=17718"}],"wp:featuredmedia":[{"embeddable":true,"href":"https:\/\/www.koupeltech.com\/index.php\/wp-json\/wp\/v2\/media\/17818"}],"wp:attachment":[{"href":"https:\/\/www.koupeltech.com\/index.php\/wp-json\/wp\/v2\/media?parent=17718"}],"wp:term":[{"taxonomy":"product_brand","embeddable":true,"href":"https:\/\/www.koupeltech.com\/index.php\/wp-json\/wp\/v2\/product_brand?post=17718"},{"taxonomy":"product_cat","embeddable":true,"href":"https:\/\/www.koupeltech.com\/index.php\/wp-json\/wp\/v2\/product_cat?post=17718"},{"taxonomy":"product_tag","embeddable":true,"href":"https:\/\/www.koupeltech.com\/index.php\/wp-json\/wp\/v2\/product_tag?post=17718"}],"curies":[{"name":"wp","href":"https:\/\/api.w.org\/{rel}","templated":true}]}}