{"id":18590,"date":"2026-04-27T13:58:37","date_gmt":"2026-04-27T13:58:37","guid":{"rendered":""},"modified":"2026-04-27T13:58:37","modified_gmt":"2026-04-27T13:58:37","slug":"znackovy-bgs-pripravek-delici-a-stahovaci-50-75-mm-18590","status":"publish","type":"product","link":"https:\/\/www.koupeltech.com\/index.php\/produkt\/znackovy-bgs-pripravek-delici-a-stahovaci-50-75-mm-18590\/","title":{"rendered":"Zna\u010dkov\u00fd BGS P\u0159\u00edpravek d\u011bl\u00edc\u00ed a stahovac\u00ed, 50 &#8211; 75 mm"},"content":{"rendered":"<div id=\"e2683536\" class=\"pages\">\n<div>\n<div id=\"PDDescription\" class=\"UserContentView userContent v1a v1 bs-view dcon dc164 PDDescription\" ><dc-con><dc-con><bs-empty><\/bs-empty><\/dc-con><dc-con>        <\/p>\n<div class=\"customDescription\">                    <\/div>\n<p><\/dc-con><dc-con><\/p>\n<ul>\n<li>z\u00e1pustkov\u00e9 kov\u00e1n\u00ed<\/li>\n<li>up\u00ednac\u00ed \u0161\u00ed\u0159ka (A) min. \/ max. v mm: min. 12 mm \/ max. 62 mm<\/li>\n<li>z\u00e1vit (B) pro ulo\u017een\u00ed stahovac\u00edho \u0161roubu: 3\/8&#8243; x 16 UNC<\/li>\n<li>vzd\u00e1lenost up\u00ednac\u00edho \u0161roubu (C) v mm: 92 mm<\/li>\n<li>camping z\u00e1vit \u0161roubu (D): 1\/2&#8243; x 20 UNF<\/li>\n<li>vzd\u00e1lenost \u0161roubu stahov\u00e1ku (E) min. \/ max. v mm: min. 80 mm \/ max. 130\u00a0 mm<\/li>\n<li>d\u00e9lka up\u00ednac\u00edho \u0161roubu (F): 137 mm<\/li>\n<li>z\u00e1kladna \u0161t\u00edpac\u00edho no\u017ee (G) min. \/ max. v mm: min. 47 mm \/ max. 97 mm<\/li>\n<\/ul>\n<p><\/dc-con><\/dc-con><\/div>\n<div id=\"PDDescription2\" class=\"UserContentView userContent v1a v1 bs-view dcon dc165 PDDescription2\" >V\u00dd\u0160KA BALEN\u00cd<\/div>\n<\/p><\/div>\n<div id=\"PDTable3\" class=\"ProductDetailTableView v3a v3 bs-view dcon dc185 PDTable3\" >\n<table>\n<thead><\/thead>\n<tbody>\n<tr class=\"attribute attr_bsshop_maker\">\n<td class=\"caption\">V\u00fdrobce<\/td>\n<td class=\"value\">BGS Technic<\/td>\n<\/tr>\n<\/tbody>\n<\/table>\n<\/div>\n<div id=\"PdProductGpsr\" class=\"ProductGpsrView v1a v1 bs-view dcon dc217 PdProductGpsr\" >\n<div class=\"subject\"><dc-root class=\"dcon dc219\"><span class=\"title\">Zodpov\u011bdn&#253; subjekt:<\/span><dc-con><dc-con><span class=\"company\">BGS technik KG<\/span><span class=\"name\">BGS Technic<\/span><\/dc-con><dc-con><span class=\"street\">Bandwirkerstr. 3<\/span><span class=\"city\">Wermelskirchen<\/span><span class=\"zip\">429 29<\/span><span class=\"country\">N\u011bmecko<\/span><\/dc-con><span class=\"email\">mail@bgs-technic.de<\/span><span class=\"phone\">+49 2196-720480<\/span><bs-empty><\/bs-empty><a href=\"https:\/\/www.bgstechnic.com\/\" class=\"link\" target=\"_blank\">https:\/\/www.bgstechnic.com\/<\/a><\/dc-con><bs-empty><\/bs-empty><\/dc-root><\/div>\n<p><bs-empty><\/bs-empty><\/div>\n<\/div>\n<div id=\"e2683537\" class=\"tabs\">\n","protected":false},"excerpt":{"rendered":"<p>z\u00e1pustkov\u00e9 kov\u00e1n\u00ed up\u00ednac\u00ed \u0161\u00ed\u0159ka (A) min. \/ max. v mm: min. 12 mm \/ max. 62 mm z\u00e1vit (B) pro ulo\u017een\u00ed stahovac\u00edho \u0161roubu: 3\/8&#8243; x 16 UNC vzd\u00e1lenost up\u00ednac\u00edho \u0161roubu (C) v mm: 92 mm camping z\u00e1vit \u0161roubu (D): 1\/2&#8243; x 20 UNF vzd\u00e1lenost \u0161roubu stahov\u00e1ku (E) min. \/ max. v mm: min. 80 mm [&hellip;]<\/p>\n","protected":false},"featured_media":18690,"comment_status":"open","ping_status":"open","template":"","meta":[],"product_brand":[],"product_cat":[85],"product_tag":[],"class_list":{"0":"post-18590","1":"product","2":"type-product","3":"status-publish","4":"has-post-thumbnail","6":"product_cat-rucn-237-n-225-rad-237-a-d-237-lna","8":"first","9":"instock","10":"sale","11":"shipping-taxable","12":"purchasable","13":"product-type-simple"},"yoast_head":"<!-- This site is optimized with the Yoast SEO plugin v26.8 - https:\/\/yoast.com\/product\/yoast-seo-wordpress\/ -->\n<title>Zna\u010dkov\u00fd BGS P\u0159\u00edpravek d\u011bl\u00edc\u00ed a stahovac\u00ed, 50 - 75 mm -<\/title>\n<meta name=\"robots\" content=\"index, follow, max-snippet:-1, max-image-preview:large, max-video-preview:-1\" \/>\n<link rel=\"canonical\" href=\"https:\/\/www.koupeltech.com\/index.php\/produkt\/znackovy-bgs-pripravek-delici-a-stahovaci-50-75-mm-18590\/\" \/>\n<meta property=\"og:locale\" content=\"cs_CZ\" \/>\n<meta property=\"og:type\" content=\"article\" \/>\n<meta property=\"og:title\" content=\"Zna\u010dkov\u00fd BGS P\u0159\u00edpravek d\u011bl\u00edc\u00ed a stahovac\u00ed, 50 - 75 mm -\" \/>\n<meta property=\"og:description\" content=\"z\u00e1pustkov\u00e9 kov\u00e1n\u00ed up\u00ednac\u00ed \u0161\u00ed\u0159ka (A) min. \/ max. v mm: min. 12 mm \/ max. 62 mm z\u00e1vit (B) pro ulo\u017een\u00ed stahovac\u00edho \u0161roubu: 3\/8&#8243; x 16 UNC vzd\u00e1lenost up\u00ednac\u00edho \u0161roubu (C) v mm: 92 mm camping z\u00e1vit \u0161roubu (D): 1\/2&#8243; x 20 UNF vzd\u00e1lenost \u0161roubu stahov\u00e1ku (E) min. \/ max. v mm: min. 80 mm [&hellip;]\" \/>\n<meta property=\"og:url\" content=\"https:\/\/www.koupeltech.com\/index.php\/produkt\/znackovy-bgs-pripravek-delici-a-stahovaci-50-75-mm-18590\/\" \/>\n<meta property=\"og:image\" content=\"https:\/\/www.koupeltech.com\/wp-content\/uploads\/2026\/SK0018396-CZ20260425-093449-0-1777080896-bgs-pripravek-delici-a-stahovaci-50-75-mm.webp\" \/>\n\t<meta property=\"og:image:width\" content=\"1000\" \/>\n\t<meta property=\"og:image:height\" content=\"525\" \/>\n\t<meta property=\"og:image:type\" content=\"image\/webp\" \/>\n<meta name=\"twitter:card\" content=\"summary_large_image\" \/>\n<script type=\"application\/ld+json\" class=\"yoast-schema-graph\">{\"@context\":\"https:\/\/schema.org\",\"@graph\":[{\"@type\":\"WebPage\",\"@id\":\"https:\/\/www.koupeltech.com\/index.php\/produkt\/znackovy-bgs-pripravek-delici-a-stahovaci-50-75-mm-18590\/\",\"url\":\"https:\/\/www.koupeltech.com\/index.php\/produkt\/znackovy-bgs-pripravek-delici-a-stahovaci-50-75-mm-18590\/\",\"name\":\"Zna\u010dkov\u00fd BGS P\u0159\u00edpravek d\u011bl\u00edc\u00ed a stahovac\u00ed, 50 - 75 mm -\",\"isPartOf\":{\"@id\":\"https:\/\/www.koupeltech.com\/#website\"},\"primaryImageOfPage\":{\"@id\":\"https:\/\/www.koupeltech.com\/index.php\/produkt\/znackovy-bgs-pripravek-delici-a-stahovaci-50-75-mm-18590\/#primaryimage\"},\"image\":{\"@id\":\"https:\/\/www.koupeltech.com\/index.php\/produkt\/znackovy-bgs-pripravek-delici-a-stahovaci-50-75-mm-18590\/#primaryimage\"},\"thumbnailUrl\":\"https:\/\/www.koupeltech.com\/wp-content\/uploads\/2026\/SK0018396-CZ20260425-093449-0-1777080896-bgs-pripravek-delici-a-stahovaci-50-75-mm.webp\",\"datePublished\":\"2026-04-27T13:58:37+00:00\",\"breadcrumb\":{\"@id\":\"https:\/\/www.koupeltech.com\/index.php\/produkt\/znackovy-bgs-pripravek-delici-a-stahovaci-50-75-mm-18590\/#breadcrumb\"},\"inLanguage\":\"cs\",\"potentialAction\":[{\"@type\":\"ReadAction\",\"target\":[\"https:\/\/www.koupeltech.com\/index.php\/produkt\/znackovy-bgs-pripravek-delici-a-stahovaci-50-75-mm-18590\/\"]}]},{\"@type\":\"ImageObject\",\"inLanguage\":\"cs\",\"@id\":\"https:\/\/www.koupeltech.com\/index.php\/produkt\/znackovy-bgs-pripravek-delici-a-stahovaci-50-75-mm-18590\/#primaryimage\",\"url\":\"https:\/\/www.koupeltech.com\/wp-content\/uploads\/2026\/SK0018396-CZ20260425-093449-0-1777080896-bgs-pripravek-delici-a-stahovaci-50-75-mm.webp\",\"contentUrl\":\"https:\/\/www.koupeltech.com\/wp-content\/uploads\/2026\/SK0018396-CZ20260425-093449-0-1777080896-bgs-pripravek-delici-a-stahovaci-50-75-mm.webp\",\"width\":1000,\"height\":525},{\"@type\":\"BreadcrumbList\",\"@id\":\"https:\/\/www.koupeltech.com\/index.php\/produkt\/znackovy-bgs-pripravek-delici-a-stahovaci-50-75-mm-18590\/#breadcrumb\",\"itemListElement\":[{\"@type\":\"ListItem\",\"position\":1,\"name\":\"Home\",\"item\":\"https:\/\/www.koupeltech.com\/\"},{\"@type\":\"ListItem\",\"position\":2,\"name\":\"Products\",\"item\":\"https:\/\/www.koupeltech.com\/index.php\/products\/\"},{\"@type\":\"ListItem\",\"position\":3,\"name\":\"Zna\u010dkov\u00fd BGS P\u0159\u00edpravek d\u011bl\u00edc\u00ed a stahovac\u00ed, 50 &#8211; 75 mm\"}]},{\"@type\":\"WebSite\",\"@id\":\"https:\/\/www.koupeltech.com\/#website\",\"url\":\"https:\/\/www.koupeltech.com\/\",\"name\":\"\",\"description\":\"\",\"potentialAction\":[{\"@type\":\"SearchAction\",\"target\":{\"@type\":\"EntryPoint\",\"urlTemplate\":\"https:\/\/www.koupeltech.com\/?s={search_term_string}\"},\"query-input\":{\"@type\":\"PropertyValueSpecification\",\"valueRequired\":true,\"valueName\":\"search_term_string\"}}],\"inLanguage\":\"cs\"}]}<\/script>\n<!-- \/ Yoast SEO plugin. -->","yoast_head_json":{"title":"Zna\u010dkov\u00fd BGS P\u0159\u00edpravek d\u011bl\u00edc\u00ed a stahovac\u00ed, 50 - 75 mm -","robots":{"index":"index","follow":"follow","max-snippet":"max-snippet:-1","max-image-preview":"max-image-preview:large","max-video-preview":"max-video-preview:-1"},"canonical":"https:\/\/www.koupeltech.com\/index.php\/produkt\/znackovy-bgs-pripravek-delici-a-stahovaci-50-75-mm-18590\/","og_locale":"cs_CZ","og_type":"article","og_title":"Zna\u010dkov\u00fd BGS P\u0159\u00edpravek d\u011bl\u00edc\u00ed a stahovac\u00ed, 50 - 75 mm -","og_description":"z\u00e1pustkov\u00e9 kov\u00e1n\u00ed up\u00ednac\u00ed \u0161\u00ed\u0159ka (A) min. \/ max. v mm: min. 12 mm \/ max. 62 mm z\u00e1vit (B) pro ulo\u017een\u00ed stahovac\u00edho \u0161roubu: 3\/8&#8243; x 16 UNC vzd\u00e1lenost up\u00ednac\u00edho \u0161roubu (C) v mm: 92 mm camping z\u00e1vit \u0161roubu (D): 1\/2&#8243; x 20 UNF vzd\u00e1lenost \u0161roubu stahov\u00e1ku (E) min. \/ max. v mm: min. 80 mm [&hellip;]","og_url":"https:\/\/www.koupeltech.com\/index.php\/produkt\/znackovy-bgs-pripravek-delici-a-stahovaci-50-75-mm-18590\/","og_image":[{"width":1000,"height":525,"url":"https:\/\/www.koupeltech.com\/wp-content\/uploads\/2026\/SK0018396-CZ20260425-093449-0-1777080896-bgs-pripravek-delici-a-stahovaci-50-75-mm.webp","type":"image\/webp"}],"twitter_card":"summary_large_image","schema":{"@context":"https:\/\/schema.org","@graph":[{"@type":"WebPage","@id":"https:\/\/www.koupeltech.com\/index.php\/produkt\/znackovy-bgs-pripravek-delici-a-stahovaci-50-75-mm-18590\/","url":"https:\/\/www.koupeltech.com\/index.php\/produkt\/znackovy-bgs-pripravek-delici-a-stahovaci-50-75-mm-18590\/","name":"Zna\u010dkov\u00fd BGS P\u0159\u00edpravek d\u011bl\u00edc\u00ed a stahovac\u00ed, 50 - 75 mm -","isPartOf":{"@id":"https:\/\/www.koupeltech.com\/#website"},"primaryImageOfPage":{"@id":"https:\/\/www.koupeltech.com\/index.php\/produkt\/znackovy-bgs-pripravek-delici-a-stahovaci-50-75-mm-18590\/#primaryimage"},"image":{"@id":"https:\/\/www.koupeltech.com\/index.php\/produkt\/znackovy-bgs-pripravek-delici-a-stahovaci-50-75-mm-18590\/#primaryimage"},"thumbnailUrl":"https:\/\/www.koupeltech.com\/wp-content\/uploads\/2026\/SK0018396-CZ20260425-093449-0-1777080896-bgs-pripravek-delici-a-stahovaci-50-75-mm.webp","datePublished":"2026-04-27T13:58:37+00:00","breadcrumb":{"@id":"https:\/\/www.koupeltech.com\/index.php\/produkt\/znackovy-bgs-pripravek-delici-a-stahovaci-50-75-mm-18590\/#breadcrumb"},"inLanguage":"cs","potentialAction":[{"@type":"ReadAction","target":["https:\/\/www.koupeltech.com\/index.php\/produkt\/znackovy-bgs-pripravek-delici-a-stahovaci-50-75-mm-18590\/"]}]},{"@type":"ImageObject","inLanguage":"cs","@id":"https:\/\/www.koupeltech.com\/index.php\/produkt\/znackovy-bgs-pripravek-delici-a-stahovaci-50-75-mm-18590\/#primaryimage","url":"https:\/\/www.koupeltech.com\/wp-content\/uploads\/2026\/SK0018396-CZ20260425-093449-0-1777080896-bgs-pripravek-delici-a-stahovaci-50-75-mm.webp","contentUrl":"https:\/\/www.koupeltech.com\/wp-content\/uploads\/2026\/SK0018396-CZ20260425-093449-0-1777080896-bgs-pripravek-delici-a-stahovaci-50-75-mm.webp","width":1000,"height":525},{"@type":"BreadcrumbList","@id":"https:\/\/www.koupeltech.com\/index.php\/produkt\/znackovy-bgs-pripravek-delici-a-stahovaci-50-75-mm-18590\/#breadcrumb","itemListElement":[{"@type":"ListItem","position":1,"name":"Home","item":"https:\/\/www.koupeltech.com\/"},{"@type":"ListItem","position":2,"name":"Products","item":"https:\/\/www.koupeltech.com\/index.php\/products\/"},{"@type":"ListItem","position":3,"name":"Zna\u010dkov\u00fd BGS P\u0159\u00edpravek d\u011bl\u00edc\u00ed a stahovac\u00ed, 50 &#8211; 75 mm"}]},{"@type":"WebSite","@id":"https:\/\/www.koupeltech.com\/#website","url":"https:\/\/www.koupeltech.com\/","name":"","description":"","potentialAction":[{"@type":"SearchAction","target":{"@type":"EntryPoint","urlTemplate":"https:\/\/www.koupeltech.com\/?s={search_term_string}"},"query-input":{"@type":"PropertyValueSpecification","valueRequired":true,"valueName":"search_term_string"}}],"inLanguage":"cs"}]}},"_links":{"self":[{"href":"https:\/\/www.koupeltech.com\/index.php\/wp-json\/wp\/v2\/product\/18590","targetHints":{"allow":["GET"]}}],"collection":[{"href":"https:\/\/www.koupeltech.com\/index.php\/wp-json\/wp\/v2\/product"}],"about":[{"href":"https:\/\/www.koupeltech.com\/index.php\/wp-json\/wp\/v2\/types\/product"}],"replies":[{"embeddable":true,"href":"https:\/\/www.koupeltech.com\/index.php\/wp-json\/wp\/v2\/comments?post=18590"}],"wp:featuredmedia":[{"embeddable":true,"href":"https:\/\/www.koupeltech.com\/index.php\/wp-json\/wp\/v2\/media\/18690"}],"wp:attachment":[{"href":"https:\/\/www.koupeltech.com\/index.php\/wp-json\/wp\/v2\/media?parent=18590"}],"wp:term":[{"taxonomy":"product_brand","embeddable":true,"href":"https:\/\/www.koupeltech.com\/index.php\/wp-json\/wp\/v2\/product_brand?post=18590"},{"taxonomy":"product_cat","embeddable":true,"href":"https:\/\/www.koupeltech.com\/index.php\/wp-json\/wp\/v2\/product_cat?post=18590"},{"taxonomy":"product_tag","embeddable":true,"href":"https:\/\/www.koupeltech.com\/index.php\/wp-json\/wp\/v2\/product_tag?post=18590"}],"curies":[{"name":"wp","href":"https:\/\/api.w.org\/{rel}","templated":true}]}}