{"id":18964,"date":"2026-04-27T13:58:40","date_gmt":"2026-04-27T13:58:40","guid":{"rendered":""},"modified":"2026-04-27T13:58:40","modified_gmt":"2026-04-27T13:58:40","slug":"akce-bgs-sroubovaky-hodin-pl-1-0-3-0-mm-ph-00-0-1-sada-11-dilu-18964","status":"publish","type":"product","link":"https:\/\/www.koupeltech.com\/index.php\/produkt\/akce-bgs-sroubovaky-hodin-pl-1-0-3-0-mm-ph-00-0-1-sada-11-dilu-18964\/","title":{"rendered":"Akce BGS \u0160roubov\u00e1ky hodin. PL 1,0 &#8211; 3,0 mm, PH 00-0-1, sada 11 d\u00edl\u016f"},"content":{"rendered":"<div id=\"e3211460\" class=\"pages\">\n<div>\n<div id=\"PDDescription\" class=\"UserContentView userContent v1a v1 bs-view dcon dc164 PDDescription\" ><dc-con><dc-con><bs-empty><\/bs-empty><\/dc-con><dc-con>        <\/p>\n<div class=\"customDescription\">                    <\/div>\n<p><\/dc-con><dc-con><\/p>\n<ul>\n<li>v plastov\u00e9m kuf\u0159\u00edku<\/li>\n<\/ul>\n<p><b>rozsah dod\u00e1vky:<\/b><\/p>\n<ul>\n<li>p\u0159esn\u00fd otvor pro \u0161roubov\u00e1k SL 1,0 mm<\/li >\n<li>\u0161t\u011brbina pro p\u0159esn\u00fd \u0161roubov\u00e1k SL 1,2 mm<\/li>\n<li>dr\u00e1ha pro p\u0159esn\u00fd \u0161roubov\u00e1k SL 1,4 mm<\/li>\n<li>dr\u00e1ha pro p\u0159esn\u00fd \u0161roubov\u00e1k SL 1,8 mm<\/li>\n<li>dr\u00e1ha pro p\u0159esn\u00fd \u0161roubov\u00e1k SL 2,4 mm< \/li>\n<li>dr\u00e1ha pro p\u0159esn\u00fd \u0161roubov\u00e1k SL 3,0 mm<\/li>\n<li>k\u0159\u00ed\u017eov\u00e1 dr\u00e1\u017eka pro p\u0159esn\u00fd \u0161roubov\u00e1k PH00<\/li>\n<li>k\u0159\u00ed\u017eov\u00e1 dr\u00e1\u017eka pro p\u0159esn\u00fd \u0161roubov\u00e1k PH0<\/li>\n<li>k\u0159\u00ed\u017eov\u00e1 dr\u00e1\u017eka pro p\u0159esn\u00fd \u0161roubov\u00e1k PH1<\/ li>\n<li>\u0161\u00eddlo<\/li>\n<li>magnetick\u00fd dr\u017e\u00e1k<\/li>\n<\/ul>\n<h2>Technick\u00e9 informace<\/h2>\n<p>Balen\u00ed vhodn\u00e9 k zav\u011b\u0161en\u00ed na st\u011bnu: Ano Hrub\u00e1 hmotnost: 124 g<\/p>\n<h2>Vyu\u017eit\u00ed<\/h2>\n<ul>\n<li>mont\u00e1\u017en\u00ed a servisn\u00ed pr\u00e1ce<\/li>\n<li>utahov\u00e1n\u00ed a povolov\u00e1n\u00ed \u0161roub\u016f<\/li>\n<li>pr\u00e1ce v dom\u00e1c\u00ed i profesion\u00e1ln\u00ed d\u00edln\u011b<\/li>\n<\/ul>\n<h2>V\u00fdhody<\/h2>\n<ul>\n<li>ergonomick\u00e1 rukoje\u0165 pro jist\u00fd \u00fachop<\/li>\n<li>odoln\u00e1 pracovn\u00ed \u010d\u00e1st<\/li>\n<li>dlouh\u00e1 \u017eivotnost p\u0159i pravideln\u00e9m pou\u017e\u00edv\u00e1n\u00ed<\/li>\n<\/ul>\n<h2>Tip<\/h2>\n<p>Vyber spr\u00e1vn\u00fd typ a velikost hrotu (PH, PZ, ploch\u00fd, Torx\u2026) \u2013 spr\u00e1vn\u011b zvolen\u00fd \u0161roubov\u00e1k zabr\u00e1n\u00ed po\u0161kozen\u00ed hlavy \u0161roubu a usnadn\u00ed pr\u00e1ci.<\/p>\n<p><\/dc-con><\/dc-con><\/div>\n<div id=\"PDDescription2\" class=\"UserContentView userContent v1a v1 bs-view dcon dc165 PDDescription2\" >V\u00dd\u0160KA BALEN\u00cd<\/div>\n<\/p><\/div>\n<div id=\"PDTable3\" class=\"ProductDetailTableView v3a v3 bs-view dcon dc185 PDTable3\" >\n<table>\n<thead><\/thead>\n<tbody>\n<tr class=\"attribute attr_bsshop_maker\">\n<td class=\"caption\">V\u00fdrobce<\/td>\n<td class=\"value\">BGS Technic<\/td>\n<\/tr>\n<\/tbody>\n<\/table>\n<\/div>\n<div id=\"PdProductGpsr\" class=\"ProductGpsrView v1a v1 bs-view dcon dc217 PdProductGpsr\" >\n<div class=\"subject\"><dc-root class=\"dcon dc219\"><span class=\"title\">Zodpov\u011bdn&#253; subjekt:<\/span><dc-con><dc-con><span class=\"company\">BGS technik KG<\/span><span class=\"name\">BGS Technic<\/span><\/dc-con><dc-con><span class=\"street\">Bandwirkerstr. 3<\/span><span class=\"city\">Wermelskirchen<\/span><span class=\"zip\">429 29<\/span><span class=\"country\">N\u011bmecko<\/span><\/dc-con><span class=\"email\">mail@bgs-technic.de<\/span><span class=\"phone\">+49 2196-720480<\/span><bs-empty><\/bs-empty><a href=\"https:\/\/www.bgstechnic.com\/\" class=\"link\" target=\"_blank\">https:\/\/www.bgstechnic.com\/<\/a><\/dc-con><bs-empty><\/bs-empty><\/dc-root><\/div>\n<p><bs-empty><\/bs-empty><\/div>\n<\/div>\n<div id=\"e3211461\" class=\"tabs\">\n","protected":false},"excerpt":{"rendered":"<p>v plastov\u00e9m kuf\u0159\u00edku rozsah dod\u00e1vky: p\u0159esn\u00fd otvor pro \u0161roubov\u00e1k SL 1,0 mm \u0161t\u011brbina pro p\u0159esn\u00fd \u0161roubov\u00e1k SL 1,2 mm dr\u00e1ha pro p\u0159esn\u00fd \u0161roubov\u00e1k SL 1,4 mm dr\u00e1ha pro p\u0159esn\u00fd \u0161roubov\u00e1k SL 1,8 mm dr\u00e1ha pro p\u0159esn\u00fd \u0161roubov\u00e1k SL 2,4 mm< \/li> dr\u00e1ha pro p\u0159esn\u00fd \u0161roubov\u00e1k SL 3,0 mm k\u0159\u00ed\u017eov\u00e1 dr\u00e1\u017eka pro p\u0159esn\u00fd \u0161roubov\u00e1k PH00 k\u0159\u00ed\u017eov\u00e1 [&hellip;]<\/p>\n","protected":false},"featured_media":19064,"comment_status":"open","ping_status":"open","template":"","meta":[],"product_brand":[],"product_cat":[85],"product_tag":[],"class_list":{"0":"post-18964","1":"product","2":"type-product","3":"status-publish","4":"has-post-thumbnail","6":"product_cat-rucn-237-n-225-rad-237-a-d-237-lna","8":"first","9":"instock","10":"sale","11":"shipping-taxable","12":"purchasable","13":"product-type-simple"},"yoast_head":"<!-- This site is optimized with the Yoast SEO plugin v26.8 - https:\/\/yoast.com\/product\/yoast-seo-wordpress\/ -->\n<title>Akce BGS \u0160roubov\u00e1ky hodin. PL 1,0 - 3,0 mm, PH 00-0-1, sada 11 d\u00edl\u016f -<\/title>\n<meta name=\"robots\" content=\"index, follow, max-snippet:-1, max-image-preview:large, max-video-preview:-1\" \/>\n<link rel=\"canonical\" href=\"https:\/\/www.koupeltech.com\/index.php\/produkt\/akce-bgs-sroubovaky-hodin-pl-1-0-3-0-mm-ph-00-0-1-sada-11-dilu-18964\/\" \/>\n<meta property=\"og:locale\" content=\"cs_CZ\" \/>\n<meta property=\"og:type\" content=\"article\" \/>\n<meta property=\"og:title\" content=\"Akce BGS \u0160roubov\u00e1ky hodin. PL 1,0 - 3,0 mm, PH 00-0-1, sada 11 d\u00edl\u016f -\" \/>\n<meta property=\"og:description\" content=\"v plastov\u00e9m kuf\u0159\u00edku rozsah dod\u00e1vky: p\u0159esn\u00fd otvor pro \u0161roubov\u00e1k SL 1,0 mm \u0161t\u011brbina pro p\u0159esn\u00fd \u0161roubov\u00e1k SL 1,2 mm dr\u00e1ha pro p\u0159esn\u00fd \u0161roubov\u00e1k SL 1,4 mm dr\u00e1ha pro p\u0159esn\u00fd \u0161roubov\u00e1k SL 1,8 mm dr\u00e1ha pro p\u0159esn\u00fd \u0161roubov\u00e1k SL 2,4 mm&lt; \/li&gt; dr\u00e1ha pro p\u0159esn\u00fd \u0161roubov\u00e1k SL 3,0 mm k\u0159\u00ed\u017eov\u00e1 dr\u00e1\u017eka pro p\u0159esn\u00fd \u0161roubov\u00e1k PH00 k\u0159\u00ed\u017eov\u00e1 [&hellip;]\" \/>\n<meta property=\"og:url\" content=\"https:\/\/www.koupeltech.com\/index.php\/produkt\/akce-bgs-sroubovaky-hodin-pl-1-0-3-0-mm-ph-00-0-1-sada-11-dilu-18964\/\" \/>\n<meta property=\"og:image\" content=\"https:\/\/www.koupeltech.com\/wp-content\/uploads\/2026\/SK0018570-CZ20260425-093449-0-1777080896-bgs-sroubovaky-hodin-pl-1-0-3-0-mm-ph-00-0-1-sada-11-dilu.j.webp\" \/>\n\t<meta property=\"og:image:width\" content=\"1000\" \/>\n\t<meta property=\"og:image:height\" content=\"525\" \/>\n\t<meta property=\"og:image:type\" content=\"image\/webp\" \/>\n<meta name=\"twitter:card\" content=\"summary_large_image\" \/>\n<meta name=\"twitter:label1\" content=\"Odhadovan\u00e1 doba \u010dten\u00ed\" \/>\n\t<meta name=\"twitter:data1\" content=\"1 minuta\" \/>\n<script type=\"application\/ld+json\" class=\"yoast-schema-graph\">{\"@context\":\"https:\/\/schema.org\",\"@graph\":[{\"@type\":\"WebPage\",\"@id\":\"https:\/\/www.koupeltech.com\/index.php\/produkt\/akce-bgs-sroubovaky-hodin-pl-1-0-3-0-mm-ph-00-0-1-sada-11-dilu-18964\/\",\"url\":\"https:\/\/www.koupeltech.com\/index.php\/produkt\/akce-bgs-sroubovaky-hodin-pl-1-0-3-0-mm-ph-00-0-1-sada-11-dilu-18964\/\",\"name\":\"Akce BGS \u0160roubov\u00e1ky hodin. PL 1,0 - 3,0 mm, PH 00-0-1, sada 11 d\u00edl\u016f -\",\"isPartOf\":{\"@id\":\"https:\/\/www.koupeltech.com\/#website\"},\"primaryImageOfPage\":{\"@id\":\"https:\/\/www.koupeltech.com\/index.php\/produkt\/akce-bgs-sroubovaky-hodin-pl-1-0-3-0-mm-ph-00-0-1-sada-11-dilu-18964\/#primaryimage\"},\"image\":{\"@id\":\"https:\/\/www.koupeltech.com\/index.php\/produkt\/akce-bgs-sroubovaky-hodin-pl-1-0-3-0-mm-ph-00-0-1-sada-11-dilu-18964\/#primaryimage\"},\"thumbnailUrl\":\"https:\/\/www.koupeltech.com\/wp-content\/uploads\/2026\/SK0018570-CZ20260425-093449-0-1777080896-bgs-sroubovaky-hodin-pl-1-0-3-0-mm-ph-00-0-1-sada-11-dilu.j.webp\",\"datePublished\":\"2026-04-27T13:58:40+00:00\",\"breadcrumb\":{\"@id\":\"https:\/\/www.koupeltech.com\/index.php\/produkt\/akce-bgs-sroubovaky-hodin-pl-1-0-3-0-mm-ph-00-0-1-sada-11-dilu-18964\/#breadcrumb\"},\"inLanguage\":\"cs\",\"potentialAction\":[{\"@type\":\"ReadAction\",\"target\":[\"https:\/\/www.koupeltech.com\/index.php\/produkt\/akce-bgs-sroubovaky-hodin-pl-1-0-3-0-mm-ph-00-0-1-sada-11-dilu-18964\/\"]}]},{\"@type\":\"ImageObject\",\"inLanguage\":\"cs\",\"@id\":\"https:\/\/www.koupeltech.com\/index.php\/produkt\/akce-bgs-sroubovaky-hodin-pl-1-0-3-0-mm-ph-00-0-1-sada-11-dilu-18964\/#primaryimage\",\"url\":\"https:\/\/www.koupeltech.com\/wp-content\/uploads\/2026\/SK0018570-CZ20260425-093449-0-1777080896-bgs-sroubovaky-hodin-pl-1-0-3-0-mm-ph-00-0-1-sada-11-dilu.j.webp\",\"contentUrl\":\"https:\/\/www.koupeltech.com\/wp-content\/uploads\/2026\/SK0018570-CZ20260425-093449-0-1777080896-bgs-sroubovaky-hodin-pl-1-0-3-0-mm-ph-00-0-1-sada-11-dilu.j.webp\",\"width\":1000,\"height\":525},{\"@type\":\"BreadcrumbList\",\"@id\":\"https:\/\/www.koupeltech.com\/index.php\/produkt\/akce-bgs-sroubovaky-hodin-pl-1-0-3-0-mm-ph-00-0-1-sada-11-dilu-18964\/#breadcrumb\",\"itemListElement\":[{\"@type\":\"ListItem\",\"position\":1,\"name\":\"Home\",\"item\":\"https:\/\/www.koupeltech.com\/\"},{\"@type\":\"ListItem\",\"position\":2,\"name\":\"Products\",\"item\":\"https:\/\/www.koupeltech.com\/index.php\/products\/\"},{\"@type\":\"ListItem\",\"position\":3,\"name\":\"Akce BGS \u0160roubov\u00e1ky hodin. PL 1,0 &#8211; 3,0 mm, PH 00-0-1, sada 11 d\u00edl\u016f\"}]},{\"@type\":\"WebSite\",\"@id\":\"https:\/\/www.koupeltech.com\/#website\",\"url\":\"https:\/\/www.koupeltech.com\/\",\"name\":\"\",\"description\":\"\",\"potentialAction\":[{\"@type\":\"SearchAction\",\"target\":{\"@type\":\"EntryPoint\",\"urlTemplate\":\"https:\/\/www.koupeltech.com\/?s={search_term_string}\"},\"query-input\":{\"@type\":\"PropertyValueSpecification\",\"valueRequired\":true,\"valueName\":\"search_term_string\"}}],\"inLanguage\":\"cs\"}]}<\/script>\n<!-- \/ Yoast SEO plugin. -->","yoast_head_json":{"title":"Akce BGS \u0160roubov\u00e1ky hodin. PL 1,0 - 3,0 mm, PH 00-0-1, sada 11 d\u00edl\u016f -","robots":{"index":"index","follow":"follow","max-snippet":"max-snippet:-1","max-image-preview":"max-image-preview:large","max-video-preview":"max-video-preview:-1"},"canonical":"https:\/\/www.koupeltech.com\/index.php\/produkt\/akce-bgs-sroubovaky-hodin-pl-1-0-3-0-mm-ph-00-0-1-sada-11-dilu-18964\/","og_locale":"cs_CZ","og_type":"article","og_title":"Akce BGS \u0160roubov\u00e1ky hodin. PL 1,0 - 3,0 mm, PH 00-0-1, sada 11 d\u00edl\u016f -","og_description":"v plastov\u00e9m kuf\u0159\u00edku rozsah dod\u00e1vky: p\u0159esn\u00fd otvor pro \u0161roubov\u00e1k SL 1,0 mm \u0161t\u011brbina pro p\u0159esn\u00fd \u0161roubov\u00e1k SL 1,2 mm dr\u00e1ha pro p\u0159esn\u00fd \u0161roubov\u00e1k SL 1,4 mm dr\u00e1ha pro p\u0159esn\u00fd \u0161roubov\u00e1k SL 1,8 mm dr\u00e1ha pro p\u0159esn\u00fd \u0161roubov\u00e1k SL 2,4 mm< \/li> dr\u00e1ha pro p\u0159esn\u00fd \u0161roubov\u00e1k SL 3,0 mm k\u0159\u00ed\u017eov\u00e1 dr\u00e1\u017eka pro p\u0159esn\u00fd \u0161roubov\u00e1k PH00 k\u0159\u00ed\u017eov\u00e1 [&hellip;]","og_url":"https:\/\/www.koupeltech.com\/index.php\/produkt\/akce-bgs-sroubovaky-hodin-pl-1-0-3-0-mm-ph-00-0-1-sada-11-dilu-18964\/","og_image":[{"width":1000,"height":525,"url":"https:\/\/www.koupeltech.com\/wp-content\/uploads\/2026\/SK0018570-CZ20260425-093449-0-1777080896-bgs-sroubovaky-hodin-pl-1-0-3-0-mm-ph-00-0-1-sada-11-dilu.j.webp","type":"image\/webp"}],"twitter_card":"summary_large_image","twitter_misc":{"Odhadovan\u00e1 doba \u010dten\u00ed":"1 minuta"},"schema":{"@context":"https:\/\/schema.org","@graph":[{"@type":"WebPage","@id":"https:\/\/www.koupeltech.com\/index.php\/produkt\/akce-bgs-sroubovaky-hodin-pl-1-0-3-0-mm-ph-00-0-1-sada-11-dilu-18964\/","url":"https:\/\/www.koupeltech.com\/index.php\/produkt\/akce-bgs-sroubovaky-hodin-pl-1-0-3-0-mm-ph-00-0-1-sada-11-dilu-18964\/","name":"Akce BGS \u0160roubov\u00e1ky hodin. PL 1,0 - 3,0 mm, PH 00-0-1, sada 11 d\u00edl\u016f -","isPartOf":{"@id":"https:\/\/www.koupeltech.com\/#website"},"primaryImageOfPage":{"@id":"https:\/\/www.koupeltech.com\/index.php\/produkt\/akce-bgs-sroubovaky-hodin-pl-1-0-3-0-mm-ph-00-0-1-sada-11-dilu-18964\/#primaryimage"},"image":{"@id":"https:\/\/www.koupeltech.com\/index.php\/produkt\/akce-bgs-sroubovaky-hodin-pl-1-0-3-0-mm-ph-00-0-1-sada-11-dilu-18964\/#primaryimage"},"thumbnailUrl":"https:\/\/www.koupeltech.com\/wp-content\/uploads\/2026\/SK0018570-CZ20260425-093449-0-1777080896-bgs-sroubovaky-hodin-pl-1-0-3-0-mm-ph-00-0-1-sada-11-dilu.j.webp","datePublished":"2026-04-27T13:58:40+00:00","breadcrumb":{"@id":"https:\/\/www.koupeltech.com\/index.php\/produkt\/akce-bgs-sroubovaky-hodin-pl-1-0-3-0-mm-ph-00-0-1-sada-11-dilu-18964\/#breadcrumb"},"inLanguage":"cs","potentialAction":[{"@type":"ReadAction","target":["https:\/\/www.koupeltech.com\/index.php\/produkt\/akce-bgs-sroubovaky-hodin-pl-1-0-3-0-mm-ph-00-0-1-sada-11-dilu-18964\/"]}]},{"@type":"ImageObject","inLanguage":"cs","@id":"https:\/\/www.koupeltech.com\/index.php\/produkt\/akce-bgs-sroubovaky-hodin-pl-1-0-3-0-mm-ph-00-0-1-sada-11-dilu-18964\/#primaryimage","url":"https:\/\/www.koupeltech.com\/wp-content\/uploads\/2026\/SK0018570-CZ20260425-093449-0-1777080896-bgs-sroubovaky-hodin-pl-1-0-3-0-mm-ph-00-0-1-sada-11-dilu.j.webp","contentUrl":"https:\/\/www.koupeltech.com\/wp-content\/uploads\/2026\/SK0018570-CZ20260425-093449-0-1777080896-bgs-sroubovaky-hodin-pl-1-0-3-0-mm-ph-00-0-1-sada-11-dilu.j.webp","width":1000,"height":525},{"@type":"BreadcrumbList","@id":"https:\/\/www.koupeltech.com\/index.php\/produkt\/akce-bgs-sroubovaky-hodin-pl-1-0-3-0-mm-ph-00-0-1-sada-11-dilu-18964\/#breadcrumb","itemListElement":[{"@type":"ListItem","position":1,"name":"Home","item":"https:\/\/www.koupeltech.com\/"},{"@type":"ListItem","position":2,"name":"Products","item":"https:\/\/www.koupeltech.com\/index.php\/products\/"},{"@type":"ListItem","position":3,"name":"Akce BGS \u0160roubov\u00e1ky hodin. PL 1,0 &#8211; 3,0 mm, PH 00-0-1, sada 11 d\u00edl\u016f"}]},{"@type":"WebSite","@id":"https:\/\/www.koupeltech.com\/#website","url":"https:\/\/www.koupeltech.com\/","name":"","description":"","potentialAction":[{"@type":"SearchAction","target":{"@type":"EntryPoint","urlTemplate":"https:\/\/www.koupeltech.com\/?s={search_term_string}"},"query-input":{"@type":"PropertyValueSpecification","valueRequired":true,"valueName":"search_term_string"}}],"inLanguage":"cs"}]}},"_links":{"self":[{"href":"https:\/\/www.koupeltech.com\/index.php\/wp-json\/wp\/v2\/product\/18964","targetHints":{"allow":["GET"]}}],"collection":[{"href":"https:\/\/www.koupeltech.com\/index.php\/wp-json\/wp\/v2\/product"}],"about":[{"href":"https:\/\/www.koupeltech.com\/index.php\/wp-json\/wp\/v2\/types\/product"}],"replies":[{"embeddable":true,"href":"https:\/\/www.koupeltech.com\/index.php\/wp-json\/wp\/v2\/comments?post=18964"}],"wp:featuredmedia":[{"embeddable":true,"href":"https:\/\/www.koupeltech.com\/index.php\/wp-json\/wp\/v2\/media\/19064"}],"wp:attachment":[{"href":"https:\/\/www.koupeltech.com\/index.php\/wp-json\/wp\/v2\/media?parent=18964"}],"wp:term":[{"taxonomy":"product_brand","embeddable":true,"href":"https:\/\/www.koupeltech.com\/index.php\/wp-json\/wp\/v2\/product_brand?post=18964"},{"taxonomy":"product_cat","embeddable":true,"href":"https:\/\/www.koupeltech.com\/index.php\/wp-json\/wp\/v2\/product_cat?post=18964"},{"taxonomy":"product_tag","embeddable":true,"href":"https:\/\/www.koupeltech.com\/index.php\/wp-json\/wp\/v2\/product_tag?post=18964"}],"curies":[{"name":"wp","href":"https:\/\/api.w.org\/{rel}","templated":true}]}}