{"id":19184,"date":"2026-04-27T13:58:42","date_gmt":"2026-04-27T13:58:42","guid":{"rendered":""},"modified":"2026-04-27T13:58:42","modified_gmt":"2026-04-27T13:58:42","slug":"bgs-pojistky-seger-vnitrni-sada-300-dilu-oblibeny-19184","status":"publish","type":"product","link":"https:\/\/www.koupeltech.com\/index.php\/produkt\/bgs-pojistky-seger-vnitrni-sada-300-dilu-oblibeny-19184\/","title":{"rendered":"BGS Pojistky seger &#8211; vnit\u0159n\u00ed, sada 300 d\u00edl\u016f Obl\u00edben\u00fd"},"content":{"rendered":"<div id=\"e2835146\" class=\"pages\">\n<div>\n<div id=\"PDDescription\" class=\"UserContentView userContent v1a v1 bs-view dcon dc164 PDDescription\" ><dc-con><dc-con><bs-empty><\/bs-empty><\/dc-con><dc-con>        <\/p>\n<div class=\"customDescription\">                    <\/div>\n<p><\/dc-con><dc-con><\/p>\n<ul>\n<li>v plastov\u00e9m kuf\u0159\u00edku<\/li>\n<\/ul>\n<p><b>rozsah dod\u00e1vky:<\/b><\/p>\n<ul>\n<li>20 pojistn\u00fdch krou\u017ek\u016f O 3 mm<\/li >\n<li>10 pojistn\u00fdch krou\u017ek\u016f O 4 mm<\/li>\n<li>15 pojistn\u00fdch krou\u017ek\u016f O 5 mm<\/li>\n<li>25 pojistn\u00fdch krou\u017ek\u016f O 6 mm<\/li>\n<li>15 pojistn\u00fdch krou\u017ek\u016f O 8 mm<\/li>\n<p>< li>20 pojistn\u00fdch krou\u017ek\u016f O 9 mm<\/li>\n<li>15 pojistn\u00fdch krou\u017ek\u016f O 11 mm<\/li>\n<li>15 pojistn\u00fdch krou\u017ek\u016f O 12 mm<\/li>\n<li>25 pojistn\u00fdch krou\u017ek\u016f O 13 mm<\/li>\n<li> 15 pojistn\u00fdch krou\u017ek\u016f O 14 mm<\/li>\n<li>20 pojistn\u00fdch krou\u017ek\u016f O 15 mm<\/li>\n<li>25 pojistn\u00fdch krou\u017ek\u016f O 19 mm<\/li>\n<li>15 pojistn\u00fdch krou\u017ek\u016f O 20 mm<\/li>\n<li>20 pojistn\u00fdch krou\u017ek\u016f O 22 mm<\/li>\n<li>15 pojistn\u00fdch krou\u017ek\u016f O 25 mm<\/li>\n<li>15 pojistn\u00fdch krou\u017ek\u016f O 26 mm<\/li>\n<li>10 pojistn\u00fdch krou\u017ek\u016f O 28 mm<\/li>\n<li>5 pojistn\u00fdch krou\u017ek\u016f O 32 mm<\/li>\n<\/ul>\n<p><\/dc-con><\/dc-con><\/div>\n<div id=\"PDDescription2\" class=\"UserContentView userContent v1a v1 bs-view dcon dc165 PDDescription2\" >V\u00dd\u0160KA BALEN\u00cd<\/div>\n<\/p><\/div>\n<div id=\"PDTable3\" class=\"ProductDetailTableView v3a v3 bs-view dcon dc185 PDTable3\" >\n<table>\n<thead><\/thead>\n<tbody>\n<tr class=\"attribute attr_bsshop_maker\">\n<td class=\"caption\">V\u00fdrobce<\/td>\n<td class=\"value\">BGS Technic<\/td>\n<\/tr>\n<\/tbody>\n<\/table>\n<\/div>\n<div id=\"PdProductGpsr\" class=\"ProductGpsrView v1a v1 bs-view dcon dc217 PdProductGpsr\" >\n<div class=\"subject\"><dc-root class=\"dcon dc219\"><span class=\"title\">Zodpov\u011bdn&#253; subjekt:<\/span><dc-con><dc-con><span class=\"company\">BGS technik KG<\/span><span class=\"name\">BGS Technic<\/span><\/dc-con><dc-con><span class=\"street\">Bandwirkerstr. 3<\/span><span class=\"city\">Wermelskirchen<\/span><span class=\"zip\">429 29<\/span><span class=\"country\">N\u011bmecko<\/span><\/dc-con><span class=\"email\">mail@bgs-technic.de<\/span><span class=\"phone\">+49 2196-720480<\/span><bs-empty><\/bs-empty><a href=\"https:\/\/www.bgstechnic.com\/\" class=\"link\" target=\"_blank\">https:\/\/www.bgstechnic.com\/<\/a><\/dc-con><bs-empty><\/bs-empty><\/dc-root><\/div>\n<p><bs-empty><\/bs-empty><\/div>\n<\/div>\n<div id=\"e2835147\" class=\"tabs\">\n","protected":false},"excerpt":{"rendered":"<p>v plastov\u00e9m kuf\u0159\u00edku rozsah dod\u00e1vky: 20 pojistn\u00fdch krou\u017ek\u016f O 3 mm 10 pojistn\u00fdch krou\u017ek\u016f O 4 mm 15 pojistn\u00fdch krou\u017ek\u016f O 5 mm 25 pojistn\u00fdch krou\u017ek\u016f O 6 mm 15 pojistn\u00fdch krou\u017ek\u016f O 8 mm < li>20 pojistn\u00fdch krou\u017ek\u016f O 9 mm 15 pojistn\u00fdch krou\u017ek\u016f O 11 mm 15 pojistn\u00fdch krou\u017ek\u016f O 12 mm 25 [&hellip;]<\/p>\n","protected":false},"featured_media":19284,"comment_status":"open","ping_status":"open","template":"","meta":[],"product_brand":[],"product_cat":[86],"product_tag":[],"class_list":{"0":"post-19184","1":"product","2":"type-product","3":"status-publish","4":"has-post-thumbnail","6":"product_cat-upevnovac-237-technika","8":"first","9":"instock","10":"sale","11":"shipping-taxable","12":"purchasable","13":"product-type-simple"},"yoast_head":"<!-- This site is optimized with the Yoast SEO plugin v26.8 - https:\/\/yoast.com\/product\/yoast-seo-wordpress\/ -->\n<title>BGS Pojistky seger - vnit\u0159n\u00ed, sada 300 d\u00edl\u016f Obl\u00edben\u00fd -<\/title>\n<meta name=\"robots\" content=\"index, follow, max-snippet:-1, max-image-preview:large, max-video-preview:-1\" \/>\n<link rel=\"canonical\" href=\"https:\/\/www.koupeltech.com\/index.php\/produkt\/bgs-pojistky-seger-vnitrni-sada-300-dilu-oblibeny-19184\/\" \/>\n<meta property=\"og:locale\" content=\"cs_CZ\" \/>\n<meta property=\"og:type\" content=\"article\" \/>\n<meta property=\"og:title\" content=\"BGS Pojistky seger - vnit\u0159n\u00ed, sada 300 d\u00edl\u016f Obl\u00edben\u00fd -\" \/>\n<meta property=\"og:description\" content=\"v plastov\u00e9m kuf\u0159\u00edku rozsah dod\u00e1vky: 20 pojistn\u00fdch krou\u017ek\u016f O 3 mm 10 pojistn\u00fdch krou\u017ek\u016f O 4 mm 15 pojistn\u00fdch krou\u017ek\u016f O 5 mm 25 pojistn\u00fdch krou\u017ek\u016f O 6 mm 15 pojistn\u00fdch krou\u017ek\u016f O 8 mm &lt; li&gt;20 pojistn\u00fdch krou\u017ek\u016f O 9 mm 15 pojistn\u00fdch krou\u017ek\u016f O 11 mm 15 pojistn\u00fdch krou\u017ek\u016f O 12 mm 25 [&hellip;]\" \/>\n<meta property=\"og:url\" content=\"https:\/\/www.koupeltech.com\/index.php\/produkt\/bgs-pojistky-seger-vnitrni-sada-300-dilu-oblibeny-19184\/\" \/>\n<meta property=\"og:image\" content=\"https:\/\/www.koupeltech.com\/wp-content\/uploads\/2026\/SK0018690-CZ20260425-093449-0-1777080896-bgs-pojistky-seger-vnitrni-sada-300-dilu.webp\" \/>\n\t<meta property=\"og:image:width\" content=\"1000\" \/>\n\t<meta property=\"og:image:height\" content=\"525\" \/>\n\t<meta property=\"og:image:type\" content=\"image\/webp\" \/>\n<meta name=\"twitter:card\" content=\"summary_large_image\" \/>\n<meta name=\"twitter:label1\" content=\"Odhadovan\u00e1 doba \u010dten\u00ed\" \/>\n\t<meta name=\"twitter:data1\" content=\"1 minuta\" \/>\n<script type=\"application\/ld+json\" class=\"yoast-schema-graph\">{\"@context\":\"https:\/\/schema.org\",\"@graph\":[{\"@type\":\"WebPage\",\"@id\":\"https:\/\/www.koupeltech.com\/index.php\/produkt\/bgs-pojistky-seger-vnitrni-sada-300-dilu-oblibeny-19184\/\",\"url\":\"https:\/\/www.koupeltech.com\/index.php\/produkt\/bgs-pojistky-seger-vnitrni-sada-300-dilu-oblibeny-19184\/\",\"name\":\"BGS Pojistky seger - vnit\u0159n\u00ed, sada 300 d\u00edl\u016f Obl\u00edben\u00fd -\",\"isPartOf\":{\"@id\":\"https:\/\/www.koupeltech.com\/#website\"},\"primaryImageOfPage\":{\"@id\":\"https:\/\/www.koupeltech.com\/index.php\/produkt\/bgs-pojistky-seger-vnitrni-sada-300-dilu-oblibeny-19184\/#primaryimage\"},\"image\":{\"@id\":\"https:\/\/www.koupeltech.com\/index.php\/produkt\/bgs-pojistky-seger-vnitrni-sada-300-dilu-oblibeny-19184\/#primaryimage\"},\"thumbnailUrl\":\"https:\/\/www.koupeltech.com\/wp-content\/uploads\/2026\/SK0018690-CZ20260425-093449-0-1777080896-bgs-pojistky-seger-vnitrni-sada-300-dilu.webp\",\"datePublished\":\"2026-04-27T13:58:42+00:00\",\"breadcrumb\":{\"@id\":\"https:\/\/www.koupeltech.com\/index.php\/produkt\/bgs-pojistky-seger-vnitrni-sada-300-dilu-oblibeny-19184\/#breadcrumb\"},\"inLanguage\":\"cs\",\"potentialAction\":[{\"@type\":\"ReadAction\",\"target\":[\"https:\/\/www.koupeltech.com\/index.php\/produkt\/bgs-pojistky-seger-vnitrni-sada-300-dilu-oblibeny-19184\/\"]}]},{\"@type\":\"ImageObject\",\"inLanguage\":\"cs\",\"@id\":\"https:\/\/www.koupeltech.com\/index.php\/produkt\/bgs-pojistky-seger-vnitrni-sada-300-dilu-oblibeny-19184\/#primaryimage\",\"url\":\"https:\/\/www.koupeltech.com\/wp-content\/uploads\/2026\/SK0018690-CZ20260425-093449-0-1777080896-bgs-pojistky-seger-vnitrni-sada-300-dilu.webp\",\"contentUrl\":\"https:\/\/www.koupeltech.com\/wp-content\/uploads\/2026\/SK0018690-CZ20260425-093449-0-1777080896-bgs-pojistky-seger-vnitrni-sada-300-dilu.webp\",\"width\":1000,\"height\":525},{\"@type\":\"BreadcrumbList\",\"@id\":\"https:\/\/www.koupeltech.com\/index.php\/produkt\/bgs-pojistky-seger-vnitrni-sada-300-dilu-oblibeny-19184\/#breadcrumb\",\"itemListElement\":[{\"@type\":\"ListItem\",\"position\":1,\"name\":\"Home\",\"item\":\"https:\/\/www.koupeltech.com\/\"},{\"@type\":\"ListItem\",\"position\":2,\"name\":\"Products\",\"item\":\"https:\/\/www.koupeltech.com\/index.php\/products\/\"},{\"@type\":\"ListItem\",\"position\":3,\"name\":\"BGS Pojistky seger &#8211; vnit\u0159n\u00ed, sada 300 d\u00edl\u016f Obl\u00edben\u00fd\"}]},{\"@type\":\"WebSite\",\"@id\":\"https:\/\/www.koupeltech.com\/#website\",\"url\":\"https:\/\/www.koupeltech.com\/\",\"name\":\"\",\"description\":\"\",\"potentialAction\":[{\"@type\":\"SearchAction\",\"target\":{\"@type\":\"EntryPoint\",\"urlTemplate\":\"https:\/\/www.koupeltech.com\/?s={search_term_string}\"},\"query-input\":{\"@type\":\"PropertyValueSpecification\",\"valueRequired\":true,\"valueName\":\"search_term_string\"}}],\"inLanguage\":\"cs\"}]}<\/script>\n<!-- \/ Yoast SEO plugin. -->","yoast_head_json":{"title":"BGS Pojistky seger - vnit\u0159n\u00ed, sada 300 d\u00edl\u016f Obl\u00edben\u00fd -","robots":{"index":"index","follow":"follow","max-snippet":"max-snippet:-1","max-image-preview":"max-image-preview:large","max-video-preview":"max-video-preview:-1"},"canonical":"https:\/\/www.koupeltech.com\/index.php\/produkt\/bgs-pojistky-seger-vnitrni-sada-300-dilu-oblibeny-19184\/","og_locale":"cs_CZ","og_type":"article","og_title":"BGS Pojistky seger - vnit\u0159n\u00ed, sada 300 d\u00edl\u016f Obl\u00edben\u00fd -","og_description":"v plastov\u00e9m kuf\u0159\u00edku rozsah dod\u00e1vky: 20 pojistn\u00fdch krou\u017ek\u016f O 3 mm 10 pojistn\u00fdch krou\u017ek\u016f O 4 mm 15 pojistn\u00fdch krou\u017ek\u016f O 5 mm 25 pojistn\u00fdch krou\u017ek\u016f O 6 mm 15 pojistn\u00fdch krou\u017ek\u016f O 8 mm < li>20 pojistn\u00fdch krou\u017ek\u016f O 9 mm 15 pojistn\u00fdch krou\u017ek\u016f O 11 mm 15 pojistn\u00fdch krou\u017ek\u016f O 12 mm 25 [&hellip;]","og_url":"https:\/\/www.koupeltech.com\/index.php\/produkt\/bgs-pojistky-seger-vnitrni-sada-300-dilu-oblibeny-19184\/","og_image":[{"width":1000,"height":525,"url":"https:\/\/www.koupeltech.com\/wp-content\/uploads\/2026\/SK0018690-CZ20260425-093449-0-1777080896-bgs-pojistky-seger-vnitrni-sada-300-dilu.webp","type":"image\/webp"}],"twitter_card":"summary_large_image","twitter_misc":{"Odhadovan\u00e1 doba \u010dten\u00ed":"1 minuta"},"schema":{"@context":"https:\/\/schema.org","@graph":[{"@type":"WebPage","@id":"https:\/\/www.koupeltech.com\/index.php\/produkt\/bgs-pojistky-seger-vnitrni-sada-300-dilu-oblibeny-19184\/","url":"https:\/\/www.koupeltech.com\/index.php\/produkt\/bgs-pojistky-seger-vnitrni-sada-300-dilu-oblibeny-19184\/","name":"BGS Pojistky seger - vnit\u0159n\u00ed, sada 300 d\u00edl\u016f Obl\u00edben\u00fd -","isPartOf":{"@id":"https:\/\/www.koupeltech.com\/#website"},"primaryImageOfPage":{"@id":"https:\/\/www.koupeltech.com\/index.php\/produkt\/bgs-pojistky-seger-vnitrni-sada-300-dilu-oblibeny-19184\/#primaryimage"},"image":{"@id":"https:\/\/www.koupeltech.com\/index.php\/produkt\/bgs-pojistky-seger-vnitrni-sada-300-dilu-oblibeny-19184\/#primaryimage"},"thumbnailUrl":"https:\/\/www.koupeltech.com\/wp-content\/uploads\/2026\/SK0018690-CZ20260425-093449-0-1777080896-bgs-pojistky-seger-vnitrni-sada-300-dilu.webp","datePublished":"2026-04-27T13:58:42+00:00","breadcrumb":{"@id":"https:\/\/www.koupeltech.com\/index.php\/produkt\/bgs-pojistky-seger-vnitrni-sada-300-dilu-oblibeny-19184\/#breadcrumb"},"inLanguage":"cs","potentialAction":[{"@type":"ReadAction","target":["https:\/\/www.koupeltech.com\/index.php\/produkt\/bgs-pojistky-seger-vnitrni-sada-300-dilu-oblibeny-19184\/"]}]},{"@type":"ImageObject","inLanguage":"cs","@id":"https:\/\/www.koupeltech.com\/index.php\/produkt\/bgs-pojistky-seger-vnitrni-sada-300-dilu-oblibeny-19184\/#primaryimage","url":"https:\/\/www.koupeltech.com\/wp-content\/uploads\/2026\/SK0018690-CZ20260425-093449-0-1777080896-bgs-pojistky-seger-vnitrni-sada-300-dilu.webp","contentUrl":"https:\/\/www.koupeltech.com\/wp-content\/uploads\/2026\/SK0018690-CZ20260425-093449-0-1777080896-bgs-pojistky-seger-vnitrni-sada-300-dilu.webp","width":1000,"height":525},{"@type":"BreadcrumbList","@id":"https:\/\/www.koupeltech.com\/index.php\/produkt\/bgs-pojistky-seger-vnitrni-sada-300-dilu-oblibeny-19184\/#breadcrumb","itemListElement":[{"@type":"ListItem","position":1,"name":"Home","item":"https:\/\/www.koupeltech.com\/"},{"@type":"ListItem","position":2,"name":"Products","item":"https:\/\/www.koupeltech.com\/index.php\/products\/"},{"@type":"ListItem","position":3,"name":"BGS Pojistky seger &#8211; vnit\u0159n\u00ed, sada 300 d\u00edl\u016f Obl\u00edben\u00fd"}]},{"@type":"WebSite","@id":"https:\/\/www.koupeltech.com\/#website","url":"https:\/\/www.koupeltech.com\/","name":"","description":"","potentialAction":[{"@type":"SearchAction","target":{"@type":"EntryPoint","urlTemplate":"https:\/\/www.koupeltech.com\/?s={search_term_string}"},"query-input":{"@type":"PropertyValueSpecification","valueRequired":true,"valueName":"search_term_string"}}],"inLanguage":"cs"}]}},"_links":{"self":[{"href":"https:\/\/www.koupeltech.com\/index.php\/wp-json\/wp\/v2\/product\/19184","targetHints":{"allow":["GET"]}}],"collection":[{"href":"https:\/\/www.koupeltech.com\/index.php\/wp-json\/wp\/v2\/product"}],"about":[{"href":"https:\/\/www.koupeltech.com\/index.php\/wp-json\/wp\/v2\/types\/product"}],"replies":[{"embeddable":true,"href":"https:\/\/www.koupeltech.com\/index.php\/wp-json\/wp\/v2\/comments?post=19184"}],"wp:featuredmedia":[{"embeddable":true,"href":"https:\/\/www.koupeltech.com\/index.php\/wp-json\/wp\/v2\/media\/19284"}],"wp:attachment":[{"href":"https:\/\/www.koupeltech.com\/index.php\/wp-json\/wp\/v2\/media?parent=19184"}],"wp:term":[{"taxonomy":"product_brand","embeddable":true,"href":"https:\/\/www.koupeltech.com\/index.php\/wp-json\/wp\/v2\/product_brand?post=19184"},{"taxonomy":"product_cat","embeddable":true,"href":"https:\/\/www.koupeltech.com\/index.php\/wp-json\/wp\/v2\/product_cat?post=19184"},{"taxonomy":"product_tag","embeddable":true,"href":"https:\/\/www.koupeltech.com\/index.php\/wp-json\/wp\/v2\/product_tag?post=19184"}],"curies":[{"name":"wp","href":"https:\/\/api.w.org\/{rel}","templated":true}]}}