{"id":19292,"date":"2026-04-27T13:58:43","date_gmt":"2026-04-27T13:58:43","guid":{"rendered":""},"modified":"2026-04-27T13:58:43","modified_gmt":"2026-04-27T13:58:43","slug":"doprava-zdarma-bgs-tesnici-krouzky-guma-fiber-a-klingerit-sada-141-dilu-pvc-kazeta-19292","status":"publish","type":"product","link":"https:\/\/www.koupeltech.com\/index.php\/produkt\/doprava-zdarma-bgs-tesnici-krouzky-guma-fiber-a-klingerit-sada-141-dilu-pvc-kazeta-19292\/","title":{"rendered":"Doprava Zdarma BGS T\u011bsn\u00edc\u00ed krou\u017eky &#8211; guma, fiber a klingerit, sada 141 d\u00edl\u016f, PVC kazeta"},"content":{"rendered":"<div id=\"e3277966\" class=\"pages\">\n<div>\n<div id=\"PDDescription\" class=\"UserContentView userContent v1a v1 bs-view dcon dc164 PDDescription\" ><dc-con><dc-con><bs-empty><\/bs-empty><\/dc-con><dc-con>        <\/p>\n<div class=\"customDescription\">                    <\/div>\n<p><\/dc-con><dc-con><\/p>\n<ul>\n<li>r\u016fzn\u00e1 t\u011bsn\u011bn\u00ed vyroben\u00e1 z pry\u017ee a sklolamin\u00e1tu<\/li>\n<li>pro sanit\u00e1rn\u00ed aplikace<\/li>\n<li>\u010dern\u00e9 t\u011bsn\u00edc\u00ed krou\u017eky, pry\u017e<\/li>\n<li>\u010derven\u00e9 t\u011bsn\u00edc\u00ed krou\u017eky, zes\u00edlen\u00e9 pap\u00edrov\u00e9 vl\u00e1kno< \/li>\n<li>v plastov\u00e9m \u00falo\u017en\u00e9m kuf\u0159\u00edku<\/li>\n<\/ul>\n<p><b>rozsah dod\u00e1vky:<\/b><\/p>\n<ul>\n<li>10 t\u011bsn\u00edc\u00edch krou\u017ek\u016f 1\/2&#8243; x 16 mm<\/li>\n<li>5 t\u011bsn\u00edc\u00edch krou\u017ek\u016f 3\/8&#8243; x 8 mm<\/li>\n<li>10 t\u011bsn\u00edc\u00edch krou\u017ek\u016f 1\/2&#8243; x 17 mm<\/li>\n<li>10 t\u011bsn\u00edc\u00edch krou\u017ek\u016f 3\/4&#8243; 15 x 24 mm<\/li>\n<li>10 t\u011bsn\u00edc\u00edch krou\u017ek\u016f 3\/4&#8243; 11 x 24 x 2 mm<\/li>\n<li>5 t\u011bsn\u00edc\u00edch krou\u017ek\u016f 1\/2&#8243; 9 x 19 mm<\/li>\n<li>5 t\u011bsn\u00edc\u00ed krou\u017eky 1\/2&#8243; x 10 mm<\/li>\n<li>5 t\u011bsn\u00edc\u00edch krou\u017ek\u016f 3\/8&#8243; x 10 mm<\/li>\n<li>10 t\u011bsn\u00edc\u00edch krou\u017ek\u016f 3\/4&#8243;<\/li>\n<li>10 t\u011bsn\u00edc\u00edch krou\u017ek\u016f 3\/8&#8243; x 8 mm<\/li>\n<li>10 t\u011bsn\u00edc\u00edch krou\u017ek\u016f 21 x 17 mm<\/li>\n<li>10 t\u011bsn\u00edc\u00edch krou\u017ek\u016f 3\/8&#8243;<\/li>\n<li>10 t\u011bsn\u00edc\u00edch krou\u017ek\u016f 1\/2&#8243;< \/li>\n<li>3 t\u011bsn\u00edc\u00ed krou\u017eky 1-1\/2&#8243; 27 x 38 mm<\/li>\n<li>10 t\u011bsn\u00edc\u00edch krou\u017ek\u016f 3\/4&#8243; 16 x 24 mm<\/li>\n<li>5 t\u011bsn\u00edc\u00edch krou\u017ek\u016f 1&#8243;< \/li>\n<li>3 t\u011bsn\u00edc\u00ed krou\u017eky 1-1\/4&#8243; 30 x 39 mm<\/li>\n<li>10 t\u011bsn\u00edc\u00edch krou\u017ek\u016f 1\/2&#8243; 12 x 18 mm<\/li>\n<\/ul>\n<p><\/dc-con><\/dc-con><\/div>\n<div id=\"PDDescription2\" class=\"UserContentView userContent v1a v1 bs-view dcon dc165 PDDescription2\" >V\u00dd\u0160KA BALEN\u00cd<\/div>\n<\/p><\/div>\n<div id=\"PDTable3\" class=\"ProductDetailTableView v3a v3 bs-view dcon dc185 PDTable3\" >\n<table>\n<thead><\/thead>\n<tbody>\n<tr class=\"attribute attr_bsshop_maker\">\n<td class=\"caption\">V\u00fdrobce<\/td>\n<td class=\"value\">BGS Technic<\/td>\n<\/tr>\n<\/tbody>\n<\/table>\n<\/div>\n<div id=\"PdProductGpsr\" class=\"ProductGpsrView v1a v1 bs-view dcon dc217 PdProductGpsr\" >\n<div class=\"subject\"><dc-root class=\"dcon dc219\"><span class=\"title\">Zodpov\u011bdn&#253; subjekt:<\/span><dc-con><dc-con><span class=\"company\">BGS technik KG<\/span><span class=\"name\">BGS Technic<\/span><\/dc-con><dc-con><span class=\"street\">Bandwirkerstr. 3<\/span><span class=\"city\">Wermelskirchen<\/span><span class=\"zip\">429 29<\/span><span class=\"country\">N\u011bmecko<\/span><\/dc-con><span class=\"email\">mail@bgs-technic.de<\/span><span class=\"phone\">+49 2196-720480<\/span><bs-empty><\/bs-empty><a href=\"https:\/\/www.bgstechnic.com\/\" class=\"link\" target=\"_blank\">https:\/\/www.bgstechnic.com\/<\/a><\/dc-con><bs-empty><\/bs-empty><\/dc-root><\/div>\n<p><bs-empty><\/bs-empty><\/div>\n<\/div>\n<div id=\"e3277967\" class=\"tabs\">\n","protected":false},"excerpt":{"rendered":"<p>r\u016fzn\u00e1 t\u011bsn\u011bn\u00ed vyroben\u00e1 z pry\u017ee a sklolamin\u00e1tu pro sanit\u00e1rn\u00ed aplikace \u010dern\u00e9 t\u011bsn\u00edc\u00ed krou\u017eky, pry\u017e \u010derven\u00e9 t\u011bsn\u00edc\u00ed krou\u017eky, zes\u00edlen\u00e9 pap\u00edrov\u00e9 vl\u00e1kno< \/li> v plastov\u00e9m \u00falo\u017en\u00e9m kuf\u0159\u00edku rozsah dod\u00e1vky: 10 t\u011bsn\u00edc\u00edch krou\u017ek\u016f 1\/2&#8243; x 16 mm 5 t\u011bsn\u00edc\u00edch krou\u017ek\u016f 3\/8&#8243; x 8 mm 10 t\u011bsn\u00edc\u00edch krou\u017ek\u016f 1\/2&#8243; x 17 mm 10 t\u011bsn\u00edc\u00edch krou\u017ek\u016f 3\/4&#8243; 15 x 24 [&hellip;]<\/p>\n","protected":false},"featured_media":19392,"comment_status":"open","ping_status":"open","template":"","meta":[],"product_brand":[],"product_cat":[86],"product_tag":[],"class_list":{"0":"post-19292","1":"product","2":"type-product","3":"status-publish","4":"has-post-thumbnail","6":"product_cat-upevnovac-237-technika","8":"first","9":"instock","10":"sale","11":"shipping-taxable","12":"purchasable","13":"product-type-simple"},"yoast_head":"<!-- This site is optimized with the Yoast SEO plugin v26.8 - https:\/\/yoast.com\/product\/yoast-seo-wordpress\/ -->\n<title>Doprava Zdarma BGS T\u011bsn\u00edc\u00ed krou\u017eky - guma, fiber a klingerit, sada 141 d\u00edl\u016f, PVC kazeta -<\/title>\n<meta name=\"robots\" content=\"index, follow, max-snippet:-1, max-image-preview:large, max-video-preview:-1\" \/>\n<link rel=\"canonical\" href=\"https:\/\/www.koupeltech.com\/index.php\/produkt\/doprava-zdarma-bgs-tesnici-krouzky-guma-fiber-a-klingerit-sada-141-dilu-pvc-kazeta-19292\/\" \/>\n<meta property=\"og:locale\" content=\"cs_CZ\" \/>\n<meta property=\"og:type\" content=\"article\" \/>\n<meta property=\"og:title\" content=\"Doprava Zdarma BGS T\u011bsn\u00edc\u00ed krou\u017eky - guma, fiber a klingerit, sada 141 d\u00edl\u016f, PVC kazeta -\" \/>\n<meta property=\"og:description\" content=\"r\u016fzn\u00e1 t\u011bsn\u011bn\u00ed vyroben\u00e1 z pry\u017ee a sklolamin\u00e1tu pro sanit\u00e1rn\u00ed aplikace \u010dern\u00e9 t\u011bsn\u00edc\u00ed krou\u017eky, pry\u017e \u010derven\u00e9 t\u011bsn\u00edc\u00ed krou\u017eky, zes\u00edlen\u00e9 pap\u00edrov\u00e9 vl\u00e1kno&lt; \/li&gt; v plastov\u00e9m \u00falo\u017en\u00e9m kuf\u0159\u00edku rozsah dod\u00e1vky: 10 t\u011bsn\u00edc\u00edch krou\u017ek\u016f 1\/2&#8243; x 16 mm 5 t\u011bsn\u00edc\u00edch krou\u017ek\u016f 3\/8&#8243; x 8 mm 10 t\u011bsn\u00edc\u00edch krou\u017ek\u016f 1\/2&#8243; x 17 mm 10 t\u011bsn\u00edc\u00edch krou\u017ek\u016f 3\/4&#8243; 15 x 24 [&hellip;]\" \/>\n<meta property=\"og:url\" content=\"https:\/\/www.koupeltech.com\/index.php\/produkt\/doprava-zdarma-bgs-tesnici-krouzky-guma-fiber-a-klingerit-sada-141-dilu-pvc-kazeta-19292\/\" \/>\n<meta property=\"og:image\" content=\"https:\/\/www.koupeltech.com\/wp-content\/uploads\/2026\/SK0018698-CZ20260425-093449-0-1777080896-bgs-tesnici-krouzky-guma-fiber-a-klingerit-sada-141-dilu-pv.webp\" \/>\n\t<meta property=\"og:image:width\" content=\"1000\" \/>\n\t<meta property=\"og:image:height\" content=\"525\" \/>\n\t<meta property=\"og:image:type\" content=\"image\/webp\" \/>\n<meta name=\"twitter:card\" content=\"summary_large_image\" \/>\n<meta name=\"twitter:label1\" content=\"Odhadovan\u00e1 doba \u010dten\u00ed\" \/>\n\t<meta name=\"twitter:data1\" content=\"1 minuta\" \/>\n<script type=\"application\/ld+json\" class=\"yoast-schema-graph\">{\"@context\":\"https:\/\/schema.org\",\"@graph\":[{\"@type\":\"WebPage\",\"@id\":\"https:\/\/www.koupeltech.com\/index.php\/produkt\/doprava-zdarma-bgs-tesnici-krouzky-guma-fiber-a-klingerit-sada-141-dilu-pvc-kazeta-19292\/\",\"url\":\"https:\/\/www.koupeltech.com\/index.php\/produkt\/doprava-zdarma-bgs-tesnici-krouzky-guma-fiber-a-klingerit-sada-141-dilu-pvc-kazeta-19292\/\",\"name\":\"Doprava Zdarma BGS T\u011bsn\u00edc\u00ed krou\u017eky - guma, fiber a klingerit, sada 141 d\u00edl\u016f, PVC kazeta -\",\"isPartOf\":{\"@id\":\"https:\/\/www.koupeltech.com\/#website\"},\"primaryImageOfPage\":{\"@id\":\"https:\/\/www.koupeltech.com\/index.php\/produkt\/doprava-zdarma-bgs-tesnici-krouzky-guma-fiber-a-klingerit-sada-141-dilu-pvc-kazeta-19292\/#primaryimage\"},\"image\":{\"@id\":\"https:\/\/www.koupeltech.com\/index.php\/produkt\/doprava-zdarma-bgs-tesnici-krouzky-guma-fiber-a-klingerit-sada-141-dilu-pvc-kazeta-19292\/#primaryimage\"},\"thumbnailUrl\":\"https:\/\/www.koupeltech.com\/wp-content\/uploads\/2026\/SK0018698-CZ20260425-093449-0-1777080896-bgs-tesnici-krouzky-guma-fiber-a-klingerit-sada-141-dilu-pv.webp\",\"datePublished\":\"2026-04-27T13:58:43+00:00\",\"breadcrumb\":{\"@id\":\"https:\/\/www.koupeltech.com\/index.php\/produkt\/doprava-zdarma-bgs-tesnici-krouzky-guma-fiber-a-klingerit-sada-141-dilu-pvc-kazeta-19292\/#breadcrumb\"},\"inLanguage\":\"cs\",\"potentialAction\":[{\"@type\":\"ReadAction\",\"target\":[\"https:\/\/www.koupeltech.com\/index.php\/produkt\/doprava-zdarma-bgs-tesnici-krouzky-guma-fiber-a-klingerit-sada-141-dilu-pvc-kazeta-19292\/\"]}]},{\"@type\":\"ImageObject\",\"inLanguage\":\"cs\",\"@id\":\"https:\/\/www.koupeltech.com\/index.php\/produkt\/doprava-zdarma-bgs-tesnici-krouzky-guma-fiber-a-klingerit-sada-141-dilu-pvc-kazeta-19292\/#primaryimage\",\"url\":\"https:\/\/www.koupeltech.com\/wp-content\/uploads\/2026\/SK0018698-CZ20260425-093449-0-1777080896-bgs-tesnici-krouzky-guma-fiber-a-klingerit-sada-141-dilu-pv.webp\",\"contentUrl\":\"https:\/\/www.koupeltech.com\/wp-content\/uploads\/2026\/SK0018698-CZ20260425-093449-0-1777080896-bgs-tesnici-krouzky-guma-fiber-a-klingerit-sada-141-dilu-pv.webp\",\"width\":1000,\"height\":525},{\"@type\":\"BreadcrumbList\",\"@id\":\"https:\/\/www.koupeltech.com\/index.php\/produkt\/doprava-zdarma-bgs-tesnici-krouzky-guma-fiber-a-klingerit-sada-141-dilu-pvc-kazeta-19292\/#breadcrumb\",\"itemListElement\":[{\"@type\":\"ListItem\",\"position\":1,\"name\":\"Home\",\"item\":\"https:\/\/www.koupeltech.com\/\"},{\"@type\":\"ListItem\",\"position\":2,\"name\":\"Products\",\"item\":\"https:\/\/www.koupeltech.com\/index.php\/products\/\"},{\"@type\":\"ListItem\",\"position\":3,\"name\":\"Doprava Zdarma BGS T\u011bsn\u00edc\u00ed krou\u017eky &#8211; guma, fiber a klingerit, sada 141 d\u00edl\u016f, PVC kazeta\"}]},{\"@type\":\"WebSite\",\"@id\":\"https:\/\/www.koupeltech.com\/#website\",\"url\":\"https:\/\/www.koupeltech.com\/\",\"name\":\"\",\"description\":\"\",\"potentialAction\":[{\"@type\":\"SearchAction\",\"target\":{\"@type\":\"EntryPoint\",\"urlTemplate\":\"https:\/\/www.koupeltech.com\/?s={search_term_string}\"},\"query-input\":{\"@type\":\"PropertyValueSpecification\",\"valueRequired\":true,\"valueName\":\"search_term_string\"}}],\"inLanguage\":\"cs\"}]}<\/script>\n<!-- \/ Yoast SEO plugin. -->","yoast_head_json":{"title":"Doprava Zdarma BGS T\u011bsn\u00edc\u00ed krou\u017eky - guma, fiber a klingerit, sada 141 d\u00edl\u016f, PVC kazeta -","robots":{"index":"index","follow":"follow","max-snippet":"max-snippet:-1","max-image-preview":"max-image-preview:large","max-video-preview":"max-video-preview:-1"},"canonical":"https:\/\/www.koupeltech.com\/index.php\/produkt\/doprava-zdarma-bgs-tesnici-krouzky-guma-fiber-a-klingerit-sada-141-dilu-pvc-kazeta-19292\/","og_locale":"cs_CZ","og_type":"article","og_title":"Doprava Zdarma BGS T\u011bsn\u00edc\u00ed krou\u017eky - guma, fiber a klingerit, sada 141 d\u00edl\u016f, PVC kazeta -","og_description":"r\u016fzn\u00e1 t\u011bsn\u011bn\u00ed vyroben\u00e1 z pry\u017ee a sklolamin\u00e1tu pro sanit\u00e1rn\u00ed aplikace \u010dern\u00e9 t\u011bsn\u00edc\u00ed krou\u017eky, pry\u017e \u010derven\u00e9 t\u011bsn\u00edc\u00ed krou\u017eky, zes\u00edlen\u00e9 pap\u00edrov\u00e9 vl\u00e1kno< \/li> v plastov\u00e9m \u00falo\u017en\u00e9m kuf\u0159\u00edku rozsah dod\u00e1vky: 10 t\u011bsn\u00edc\u00edch krou\u017ek\u016f 1\/2&#8243; x 16 mm 5 t\u011bsn\u00edc\u00edch krou\u017ek\u016f 3\/8&#8243; x 8 mm 10 t\u011bsn\u00edc\u00edch krou\u017ek\u016f 1\/2&#8243; x 17 mm 10 t\u011bsn\u00edc\u00edch krou\u017ek\u016f 3\/4&#8243; 15 x 24 [&hellip;]","og_url":"https:\/\/www.koupeltech.com\/index.php\/produkt\/doprava-zdarma-bgs-tesnici-krouzky-guma-fiber-a-klingerit-sada-141-dilu-pvc-kazeta-19292\/","og_image":[{"width":1000,"height":525,"url":"https:\/\/www.koupeltech.com\/wp-content\/uploads\/2026\/SK0018698-CZ20260425-093449-0-1777080896-bgs-tesnici-krouzky-guma-fiber-a-klingerit-sada-141-dilu-pv.webp","type":"image\/webp"}],"twitter_card":"summary_large_image","twitter_misc":{"Odhadovan\u00e1 doba \u010dten\u00ed":"1 minuta"},"schema":{"@context":"https:\/\/schema.org","@graph":[{"@type":"WebPage","@id":"https:\/\/www.koupeltech.com\/index.php\/produkt\/doprava-zdarma-bgs-tesnici-krouzky-guma-fiber-a-klingerit-sada-141-dilu-pvc-kazeta-19292\/","url":"https:\/\/www.koupeltech.com\/index.php\/produkt\/doprava-zdarma-bgs-tesnici-krouzky-guma-fiber-a-klingerit-sada-141-dilu-pvc-kazeta-19292\/","name":"Doprava Zdarma BGS T\u011bsn\u00edc\u00ed krou\u017eky - guma, fiber a klingerit, sada 141 d\u00edl\u016f, PVC kazeta -","isPartOf":{"@id":"https:\/\/www.koupeltech.com\/#website"},"primaryImageOfPage":{"@id":"https:\/\/www.koupeltech.com\/index.php\/produkt\/doprava-zdarma-bgs-tesnici-krouzky-guma-fiber-a-klingerit-sada-141-dilu-pvc-kazeta-19292\/#primaryimage"},"image":{"@id":"https:\/\/www.koupeltech.com\/index.php\/produkt\/doprava-zdarma-bgs-tesnici-krouzky-guma-fiber-a-klingerit-sada-141-dilu-pvc-kazeta-19292\/#primaryimage"},"thumbnailUrl":"https:\/\/www.koupeltech.com\/wp-content\/uploads\/2026\/SK0018698-CZ20260425-093449-0-1777080896-bgs-tesnici-krouzky-guma-fiber-a-klingerit-sada-141-dilu-pv.webp","datePublished":"2026-04-27T13:58:43+00:00","breadcrumb":{"@id":"https:\/\/www.koupeltech.com\/index.php\/produkt\/doprava-zdarma-bgs-tesnici-krouzky-guma-fiber-a-klingerit-sada-141-dilu-pvc-kazeta-19292\/#breadcrumb"},"inLanguage":"cs","potentialAction":[{"@type":"ReadAction","target":["https:\/\/www.koupeltech.com\/index.php\/produkt\/doprava-zdarma-bgs-tesnici-krouzky-guma-fiber-a-klingerit-sada-141-dilu-pvc-kazeta-19292\/"]}]},{"@type":"ImageObject","inLanguage":"cs","@id":"https:\/\/www.koupeltech.com\/index.php\/produkt\/doprava-zdarma-bgs-tesnici-krouzky-guma-fiber-a-klingerit-sada-141-dilu-pvc-kazeta-19292\/#primaryimage","url":"https:\/\/www.koupeltech.com\/wp-content\/uploads\/2026\/SK0018698-CZ20260425-093449-0-1777080896-bgs-tesnici-krouzky-guma-fiber-a-klingerit-sada-141-dilu-pv.webp","contentUrl":"https:\/\/www.koupeltech.com\/wp-content\/uploads\/2026\/SK0018698-CZ20260425-093449-0-1777080896-bgs-tesnici-krouzky-guma-fiber-a-klingerit-sada-141-dilu-pv.webp","width":1000,"height":525},{"@type":"BreadcrumbList","@id":"https:\/\/www.koupeltech.com\/index.php\/produkt\/doprava-zdarma-bgs-tesnici-krouzky-guma-fiber-a-klingerit-sada-141-dilu-pvc-kazeta-19292\/#breadcrumb","itemListElement":[{"@type":"ListItem","position":1,"name":"Home","item":"https:\/\/www.koupeltech.com\/"},{"@type":"ListItem","position":2,"name":"Products","item":"https:\/\/www.koupeltech.com\/index.php\/products\/"},{"@type":"ListItem","position":3,"name":"Doprava Zdarma BGS T\u011bsn\u00edc\u00ed krou\u017eky &#8211; guma, fiber a klingerit, sada 141 d\u00edl\u016f, PVC kazeta"}]},{"@type":"WebSite","@id":"https:\/\/www.koupeltech.com\/#website","url":"https:\/\/www.koupeltech.com\/","name":"","description":"","potentialAction":[{"@type":"SearchAction","target":{"@type":"EntryPoint","urlTemplate":"https:\/\/www.koupeltech.com\/?s={search_term_string}"},"query-input":{"@type":"PropertyValueSpecification","valueRequired":true,"valueName":"search_term_string"}}],"inLanguage":"cs"}]}},"_links":{"self":[{"href":"https:\/\/www.koupeltech.com\/index.php\/wp-json\/wp\/v2\/product\/19292","targetHints":{"allow":["GET"]}}],"collection":[{"href":"https:\/\/www.koupeltech.com\/index.php\/wp-json\/wp\/v2\/product"}],"about":[{"href":"https:\/\/www.koupeltech.com\/index.php\/wp-json\/wp\/v2\/types\/product"}],"replies":[{"embeddable":true,"href":"https:\/\/www.koupeltech.com\/index.php\/wp-json\/wp\/v2\/comments?post=19292"}],"wp:featuredmedia":[{"embeddable":true,"href":"https:\/\/www.koupeltech.com\/index.php\/wp-json\/wp\/v2\/media\/19392"}],"wp:attachment":[{"href":"https:\/\/www.koupeltech.com\/index.php\/wp-json\/wp\/v2\/media?parent=19292"}],"wp:term":[{"taxonomy":"product_brand","embeddable":true,"href":"https:\/\/www.koupeltech.com\/index.php\/wp-json\/wp\/v2\/product_brand?post=19292"},{"taxonomy":"product_cat","embeddable":true,"href":"https:\/\/www.koupeltech.com\/index.php\/wp-json\/wp\/v2\/product_cat?post=19292"},{"taxonomy":"product_tag","embeddable":true,"href":"https:\/\/www.koupeltech.com\/index.php\/wp-json\/wp\/v2\/product_tag?post=19292"}],"curies":[{"name":"wp","href":"https:\/\/api.w.org\/{rel}","templated":true}]}}