{"id":19298,"date":"2026-04-27T13:58:43","date_gmt":"2026-04-27T13:58:43","guid":{"rendered":""},"modified":"2026-04-27T13:58:43","modified_gmt":"2026-04-27T13:58:43","slug":"bgs-lepidlo-2slozkove-flex-napln10-g-vraceni-zdarma-19298","status":"publish","type":"product","link":"https:\/\/www.koupeltech.com\/index.php\/produkt\/bgs-lepidlo-2slozkove-flex-napln10-g-vraceni-zdarma-19298\/","title":{"rendered":"BGS Lepidlo 2slo\u017ekov\u00e9, FLEX, n\u00e1pl\u014810 g Vr\u00e1cen\u00ed Zdarma"},"content":{"rendered":"<div id=\"e3282373\" class=\"pages\">\n<div>\n<div id=\"PDDescription\" class=\"UserContentView userContent v1a v1 bs-view dcon dc164 PDDescription\" ><dc-con><dc-con><bs-empty><\/bs-empty><\/dc-con><dc-con>        <\/p>\n<div class=\"customDescription\">                    <\/div>\n<p><\/dc-con><dc-con><\/p>\n<ul>\n<li>2slo\u017ekov\u00e9 lepidlo na b\u00e1zi kyanakryl\u00e1tu<\/li>\n<li>nejlep\u0161\u00ed adhezn\u00ed vlastnosti na mnoha r\u016fzn\u00fdch typech materi\u00e1l\u016f, jako je kov, mnoho plast\u016f, nap\u0159. PVC, ABS, PC, PBT, pry\u017e, por\u00e9zn\u00ed\/absorp\u010dn\u00ed materi\u00e1ly jako d\u0159evo, pap\u00edr, lepenka, k\u016f\u017ee a textil<\/li>\n<li>pou\u017eit\u00ed: ve v\u00fdrob\u011b vozidel a pr\u016fmyslov\u00fdch oblastech<\/li>\n<li>tixotropn\u00ed<\/li>\n<p> li><\/p>\n<li>neodkap\u00e1v\u00e1<\/li>\n<li>extr\u00e9mn\u011b odoln\u00fd proti n\u00e1razu<\/li>\n<li>mechanicky upraviteln\u00fd<\/li>\n<li>pou\u017eiteln\u00fd nad hlavou a ve vertik\u00e1ln\u00edm um\u00edst\u011bn\u00ed<\/li>\n<li>dobr\u00e1 chemick\u00e1 odolnost< \/li>\n<li>n\u00edzk\u00e9 vyfukov\u00e1n\u00ed<\/li>\n<li>transparentn\u00ed lepen\u00ed PMMA<\/li>\n<li>v\u010d. 3 m\u00edchac\u00ed trubice, dal\u0161\u00ed trubice BGS 80603-1 lze objednat samostatn\u011b<\/li>\n<\/ul>\n<ul>\n<li>pom\u011br m\u00edch\u00e1n\u00ed: 4:1<\/li>\n<li>doba zpracov\u00e1n\u00ed: cca. 5 &#8211; 6 minut<\/li>\n<li>teplotn\u00ed odolnost: -40\u00b0C a\u017e +80\u00b0C, kr\u00e1tkodob\u011b a\u017e +120\u00b0C<\/li>\n<li>teplota zpracov\u00e1n\u00ed: od -25\u00b0C<\/ li>\n<li>kapacita pln\u011bn\u00ed: a\u017e 6 mm<\/li>\n<li>prodlou\u017een\u00ed p\u0159i p\u0159etr\u017een\u00ed: 200 %<\/li>\n<\/ul>\n<p><\/dc-con><\/dc-con><\/div>\n<div id=\"PDDescription2\" class=\"UserContentView userContent v1a v1 bs-view dcon dc165 PDDescription2\" >V\u00dd\u0160KA BALEN\u00cd<\/div>\n<\/p><\/div>\n<div id=\"PDTable3\" class=\"ProductDetailTableView v3a v3 bs-view dcon dc185 PDTable3\" >\n<table>\n<thead><\/thead>\n<tbody>\n<tr class=\"attribute attr_bsshop_maker\">\n<td class=\"caption\">V\u00fdrobce<\/td>\n<td class=\"value\">BGS Technic<\/td>\n<\/tr>\n<\/tbody>\n<\/table>\n<\/div>\n<div id=\"PdProductGpsr\" class=\"ProductGpsrView v1a v1 bs-view dcon dc217 PdProductGpsr\" >\n<div class=\"subject\"><dc-root class=\"dcon dc219\"><span class=\"title\">Zodpov\u011bdn&#253; subjekt:<\/span><dc-con><dc-con><span class=\"company\">BGS technik KG<\/span><span class=\"name\">BGS Technic<\/span><\/dc-con><dc-con><span class=\"street\">Bandwirkerstr. 3<\/span><span class=\"city\">Wermelskirchen<\/span><span class=\"zip\">429 29<\/span><span class=\"country\">N\u011bmecko<\/span><\/dc-con><span class=\"email\">mail@bgs-technic.de<\/span><span class=\"phone\">+49 2196-720480<\/span><bs-empty><\/bs-empty><a href=\"https:\/\/www.bgstechnic.com\/\" class=\"link\" target=\"_blank\">https:\/\/www.bgstechnic.com\/<\/a><\/dc-con><bs-empty><\/bs-empty><\/dc-root><\/div>\n<p><bs-empty><\/bs-empty><\/div>\n<\/div>\n<div id=\"e3282374\" class=\"tabs\">\n","protected":false},"excerpt":{"rendered":"<p>2slo\u017ekov\u00e9 lepidlo na b\u00e1zi kyanakryl\u00e1tu nejlep\u0161\u00ed adhezn\u00ed vlastnosti na mnoha r\u016fzn\u00fdch typech materi\u00e1l\u016f, jako je kov, mnoho plast\u016f, nap\u0159. PVC, ABS, PC, PBT, pry\u017e, por\u00e9zn\u00ed\/absorp\u010dn\u00ed materi\u00e1ly jako d\u0159evo, pap\u00edr, lepenka, k\u016f\u017ee a textil pou\u017eit\u00ed: ve v\u00fdrob\u011b vozidel a pr\u016fmyslov\u00fdch oblastech tixotropn\u00ed li> neodkap\u00e1v\u00e1 extr\u00e9mn\u011b odoln\u00fd proti n\u00e1razu mechanicky upraviteln\u00fd pou\u017eiteln\u00fd nad hlavou a ve vertik\u00e1ln\u00edm [&hellip;]<\/p>\n","protected":false},"featured_media":19398,"comment_status":"open","ping_status":"open","template":"","meta":[],"product_brand":[],"product_cat":[86],"product_tag":[],"class_list":{"0":"post-19298","1":"product","2":"type-product","3":"status-publish","4":"has-post-thumbnail","6":"product_cat-upevnovac-237-technika","8":"first","9":"instock","10":"sale","11":"shipping-taxable","12":"purchasable","13":"product-type-simple"},"yoast_head":"<!-- This site is optimized with the Yoast SEO plugin v26.8 - https:\/\/yoast.com\/product\/yoast-seo-wordpress\/ -->\n<title>BGS Lepidlo 2slo\u017ekov\u00e9, FLEX, n\u00e1pl\u014810 g Vr\u00e1cen\u00ed Zdarma -<\/title>\n<meta name=\"robots\" content=\"index, follow, max-snippet:-1, max-image-preview:large, max-video-preview:-1\" \/>\n<link rel=\"canonical\" href=\"https:\/\/www.koupeltech.com\/index.php\/produkt\/bgs-lepidlo-2slozkove-flex-napln10-g-vraceni-zdarma-19298\/\" \/>\n<meta property=\"og:locale\" content=\"cs_CZ\" \/>\n<meta property=\"og:type\" content=\"article\" \/>\n<meta property=\"og:title\" content=\"BGS Lepidlo 2slo\u017ekov\u00e9, FLEX, n\u00e1pl\u014810 g Vr\u00e1cen\u00ed Zdarma -\" \/>\n<meta property=\"og:description\" content=\"2slo\u017ekov\u00e9 lepidlo na b\u00e1zi kyanakryl\u00e1tu nejlep\u0161\u00ed adhezn\u00ed vlastnosti na mnoha r\u016fzn\u00fdch typech materi\u00e1l\u016f, jako je kov, mnoho plast\u016f, nap\u0159. PVC, ABS, PC, PBT, pry\u017e, por\u00e9zn\u00ed\/absorp\u010dn\u00ed materi\u00e1ly jako d\u0159evo, pap\u00edr, lepenka, k\u016f\u017ee a textil pou\u017eit\u00ed: ve v\u00fdrob\u011b vozidel a pr\u016fmyslov\u00fdch oblastech tixotropn\u00ed li&gt; neodkap\u00e1v\u00e1 extr\u00e9mn\u011b odoln\u00fd proti n\u00e1razu mechanicky upraviteln\u00fd pou\u017eiteln\u00fd nad hlavou a ve vertik\u00e1ln\u00edm [&hellip;]\" \/>\n<meta property=\"og:url\" content=\"https:\/\/www.koupeltech.com\/index.php\/produkt\/bgs-lepidlo-2slozkove-flex-napln10-g-vraceni-zdarma-19298\/\" \/>\n<meta property=\"og:image\" content=\"https:\/\/www.koupeltech.com\/wp-content\/uploads\/2026\/SK0018704-CZ20260425-093449-0-1777080896-bgs-lepidlo-2slozkove-flex-napln10-g.webp\" \/>\n\t<meta property=\"og:image:width\" content=\"1000\" \/>\n\t<meta property=\"og:image:height\" content=\"525\" \/>\n\t<meta property=\"og:image:type\" content=\"image\/webp\" \/>\n<meta name=\"twitter:card\" content=\"summary_large_image\" \/>\n<meta name=\"twitter:label1\" content=\"Odhadovan\u00e1 doba \u010dten\u00ed\" \/>\n\t<meta name=\"twitter:data1\" content=\"1 minuta\" \/>\n<script type=\"application\/ld+json\" class=\"yoast-schema-graph\">{\"@context\":\"https:\/\/schema.org\",\"@graph\":[{\"@type\":\"WebPage\",\"@id\":\"https:\/\/www.koupeltech.com\/index.php\/produkt\/bgs-lepidlo-2slozkove-flex-napln10-g-vraceni-zdarma-19298\/\",\"url\":\"https:\/\/www.koupeltech.com\/index.php\/produkt\/bgs-lepidlo-2slozkove-flex-napln10-g-vraceni-zdarma-19298\/\",\"name\":\"BGS Lepidlo 2slo\u017ekov\u00e9, FLEX, n\u00e1pl\u014810 g Vr\u00e1cen\u00ed Zdarma -\",\"isPartOf\":{\"@id\":\"https:\/\/www.koupeltech.com\/#website\"},\"primaryImageOfPage\":{\"@id\":\"https:\/\/www.koupeltech.com\/index.php\/produkt\/bgs-lepidlo-2slozkove-flex-napln10-g-vraceni-zdarma-19298\/#primaryimage\"},\"image\":{\"@id\":\"https:\/\/www.koupeltech.com\/index.php\/produkt\/bgs-lepidlo-2slozkove-flex-napln10-g-vraceni-zdarma-19298\/#primaryimage\"},\"thumbnailUrl\":\"https:\/\/www.koupeltech.com\/wp-content\/uploads\/2026\/SK0018704-CZ20260425-093449-0-1777080896-bgs-lepidlo-2slozkove-flex-napln10-g.webp\",\"datePublished\":\"2026-04-27T13:58:43+00:00\",\"breadcrumb\":{\"@id\":\"https:\/\/www.koupeltech.com\/index.php\/produkt\/bgs-lepidlo-2slozkove-flex-napln10-g-vraceni-zdarma-19298\/#breadcrumb\"},\"inLanguage\":\"cs\",\"potentialAction\":[{\"@type\":\"ReadAction\",\"target\":[\"https:\/\/www.koupeltech.com\/index.php\/produkt\/bgs-lepidlo-2slozkove-flex-napln10-g-vraceni-zdarma-19298\/\"]}]},{\"@type\":\"ImageObject\",\"inLanguage\":\"cs\",\"@id\":\"https:\/\/www.koupeltech.com\/index.php\/produkt\/bgs-lepidlo-2slozkove-flex-napln10-g-vraceni-zdarma-19298\/#primaryimage\",\"url\":\"https:\/\/www.koupeltech.com\/wp-content\/uploads\/2026\/SK0018704-CZ20260425-093449-0-1777080896-bgs-lepidlo-2slozkove-flex-napln10-g.webp\",\"contentUrl\":\"https:\/\/www.koupeltech.com\/wp-content\/uploads\/2026\/SK0018704-CZ20260425-093449-0-1777080896-bgs-lepidlo-2slozkove-flex-napln10-g.webp\",\"width\":1000,\"height\":525},{\"@type\":\"BreadcrumbList\",\"@id\":\"https:\/\/www.koupeltech.com\/index.php\/produkt\/bgs-lepidlo-2slozkove-flex-napln10-g-vraceni-zdarma-19298\/#breadcrumb\",\"itemListElement\":[{\"@type\":\"ListItem\",\"position\":1,\"name\":\"Home\",\"item\":\"https:\/\/www.koupeltech.com\/\"},{\"@type\":\"ListItem\",\"position\":2,\"name\":\"Products\",\"item\":\"https:\/\/www.koupeltech.com\/index.php\/products\/\"},{\"@type\":\"ListItem\",\"position\":3,\"name\":\"BGS Lepidlo 2slo\u017ekov\u00e9, FLEX, n\u00e1pl\u014810 g Vr\u00e1cen\u00ed Zdarma\"}]},{\"@type\":\"WebSite\",\"@id\":\"https:\/\/www.koupeltech.com\/#website\",\"url\":\"https:\/\/www.koupeltech.com\/\",\"name\":\"\",\"description\":\"\",\"potentialAction\":[{\"@type\":\"SearchAction\",\"target\":{\"@type\":\"EntryPoint\",\"urlTemplate\":\"https:\/\/www.koupeltech.com\/?s={search_term_string}\"},\"query-input\":{\"@type\":\"PropertyValueSpecification\",\"valueRequired\":true,\"valueName\":\"search_term_string\"}}],\"inLanguage\":\"cs\"}]}<\/script>\n<!-- \/ Yoast SEO plugin. -->","yoast_head_json":{"title":"BGS Lepidlo 2slo\u017ekov\u00e9, FLEX, n\u00e1pl\u014810 g Vr\u00e1cen\u00ed Zdarma -","robots":{"index":"index","follow":"follow","max-snippet":"max-snippet:-1","max-image-preview":"max-image-preview:large","max-video-preview":"max-video-preview:-1"},"canonical":"https:\/\/www.koupeltech.com\/index.php\/produkt\/bgs-lepidlo-2slozkove-flex-napln10-g-vraceni-zdarma-19298\/","og_locale":"cs_CZ","og_type":"article","og_title":"BGS Lepidlo 2slo\u017ekov\u00e9, FLEX, n\u00e1pl\u014810 g Vr\u00e1cen\u00ed Zdarma -","og_description":"2slo\u017ekov\u00e9 lepidlo na b\u00e1zi kyanakryl\u00e1tu nejlep\u0161\u00ed adhezn\u00ed vlastnosti na mnoha r\u016fzn\u00fdch typech materi\u00e1l\u016f, jako je kov, mnoho plast\u016f, nap\u0159. PVC, ABS, PC, PBT, pry\u017e, por\u00e9zn\u00ed\/absorp\u010dn\u00ed materi\u00e1ly jako d\u0159evo, pap\u00edr, lepenka, k\u016f\u017ee a textil pou\u017eit\u00ed: ve v\u00fdrob\u011b vozidel a pr\u016fmyslov\u00fdch oblastech tixotropn\u00ed li> neodkap\u00e1v\u00e1 extr\u00e9mn\u011b odoln\u00fd proti n\u00e1razu mechanicky upraviteln\u00fd pou\u017eiteln\u00fd nad hlavou a ve vertik\u00e1ln\u00edm [&hellip;]","og_url":"https:\/\/www.koupeltech.com\/index.php\/produkt\/bgs-lepidlo-2slozkove-flex-napln10-g-vraceni-zdarma-19298\/","og_image":[{"width":1000,"height":525,"url":"https:\/\/www.koupeltech.com\/wp-content\/uploads\/2026\/SK0018704-CZ20260425-093449-0-1777080896-bgs-lepidlo-2slozkove-flex-napln10-g.webp","type":"image\/webp"}],"twitter_card":"summary_large_image","twitter_misc":{"Odhadovan\u00e1 doba \u010dten\u00ed":"1 minuta"},"schema":{"@context":"https:\/\/schema.org","@graph":[{"@type":"WebPage","@id":"https:\/\/www.koupeltech.com\/index.php\/produkt\/bgs-lepidlo-2slozkove-flex-napln10-g-vraceni-zdarma-19298\/","url":"https:\/\/www.koupeltech.com\/index.php\/produkt\/bgs-lepidlo-2slozkove-flex-napln10-g-vraceni-zdarma-19298\/","name":"BGS Lepidlo 2slo\u017ekov\u00e9, FLEX, n\u00e1pl\u014810 g Vr\u00e1cen\u00ed Zdarma -","isPartOf":{"@id":"https:\/\/www.koupeltech.com\/#website"},"primaryImageOfPage":{"@id":"https:\/\/www.koupeltech.com\/index.php\/produkt\/bgs-lepidlo-2slozkove-flex-napln10-g-vraceni-zdarma-19298\/#primaryimage"},"image":{"@id":"https:\/\/www.koupeltech.com\/index.php\/produkt\/bgs-lepidlo-2slozkove-flex-napln10-g-vraceni-zdarma-19298\/#primaryimage"},"thumbnailUrl":"https:\/\/www.koupeltech.com\/wp-content\/uploads\/2026\/SK0018704-CZ20260425-093449-0-1777080896-bgs-lepidlo-2slozkove-flex-napln10-g.webp","datePublished":"2026-04-27T13:58:43+00:00","breadcrumb":{"@id":"https:\/\/www.koupeltech.com\/index.php\/produkt\/bgs-lepidlo-2slozkove-flex-napln10-g-vraceni-zdarma-19298\/#breadcrumb"},"inLanguage":"cs","potentialAction":[{"@type":"ReadAction","target":["https:\/\/www.koupeltech.com\/index.php\/produkt\/bgs-lepidlo-2slozkove-flex-napln10-g-vraceni-zdarma-19298\/"]}]},{"@type":"ImageObject","inLanguage":"cs","@id":"https:\/\/www.koupeltech.com\/index.php\/produkt\/bgs-lepidlo-2slozkove-flex-napln10-g-vraceni-zdarma-19298\/#primaryimage","url":"https:\/\/www.koupeltech.com\/wp-content\/uploads\/2026\/SK0018704-CZ20260425-093449-0-1777080896-bgs-lepidlo-2slozkove-flex-napln10-g.webp","contentUrl":"https:\/\/www.koupeltech.com\/wp-content\/uploads\/2026\/SK0018704-CZ20260425-093449-0-1777080896-bgs-lepidlo-2slozkove-flex-napln10-g.webp","width":1000,"height":525},{"@type":"BreadcrumbList","@id":"https:\/\/www.koupeltech.com\/index.php\/produkt\/bgs-lepidlo-2slozkove-flex-napln10-g-vraceni-zdarma-19298\/#breadcrumb","itemListElement":[{"@type":"ListItem","position":1,"name":"Home","item":"https:\/\/www.koupeltech.com\/"},{"@type":"ListItem","position":2,"name":"Products","item":"https:\/\/www.koupeltech.com\/index.php\/products\/"},{"@type":"ListItem","position":3,"name":"BGS Lepidlo 2slo\u017ekov\u00e9, FLEX, n\u00e1pl\u014810 g Vr\u00e1cen\u00ed Zdarma"}]},{"@type":"WebSite","@id":"https:\/\/www.koupeltech.com\/#website","url":"https:\/\/www.koupeltech.com\/","name":"","description":"","potentialAction":[{"@type":"SearchAction","target":{"@type":"EntryPoint","urlTemplate":"https:\/\/www.koupeltech.com\/?s={search_term_string}"},"query-input":{"@type":"PropertyValueSpecification","valueRequired":true,"valueName":"search_term_string"}}],"inLanguage":"cs"}]}},"_links":{"self":[{"href":"https:\/\/www.koupeltech.com\/index.php\/wp-json\/wp\/v2\/product\/19298","targetHints":{"allow":["GET"]}}],"collection":[{"href":"https:\/\/www.koupeltech.com\/index.php\/wp-json\/wp\/v2\/product"}],"about":[{"href":"https:\/\/www.koupeltech.com\/index.php\/wp-json\/wp\/v2\/types\/product"}],"replies":[{"embeddable":true,"href":"https:\/\/www.koupeltech.com\/index.php\/wp-json\/wp\/v2\/comments?post=19298"}],"wp:featuredmedia":[{"embeddable":true,"href":"https:\/\/www.koupeltech.com\/index.php\/wp-json\/wp\/v2\/media\/19398"}],"wp:attachment":[{"href":"https:\/\/www.koupeltech.com\/index.php\/wp-json\/wp\/v2\/media?parent=19298"}],"wp:term":[{"taxonomy":"product_brand","embeddable":true,"href":"https:\/\/www.koupeltech.com\/index.php\/wp-json\/wp\/v2\/product_brand?post=19298"},{"taxonomy":"product_cat","embeddable":true,"href":"https:\/\/www.koupeltech.com\/index.php\/wp-json\/wp\/v2\/product_cat?post=19298"},{"taxonomy":"product_tag","embeddable":true,"href":"https:\/\/www.koupeltech.com\/index.php\/wp-json\/wp\/v2\/product_tag?post=19298"}],"curies":[{"name":"wp","href":"https:\/\/api.w.org\/{rel}","templated":true}]}}