{"id":19375,"date":"2026-04-27T13:58:43","date_gmt":"2026-04-27T13:58:43","guid":{"rendered":""},"modified":"2026-04-27T13:58:43","modified_gmt":"2026-04-27T13:58:43","slug":"zlevneny-bgs-lepidlo-vterinove-nizkoviskozni-lahvicka-20-g-19375","status":"publish","type":"product","link":"https:\/\/www.koupeltech.com\/index.php\/produkt\/zlevneny-bgs-lepidlo-vterinove-nizkoviskozni-lahvicka-20-g-19375\/","title":{"rendered":"Zlevn\u011bn\u00fd BGS Lepidlo vte\u0159inov\u00e9, n\u00edzkovisk\u00f3zn\u00ed, lahvi\u010dka 20 g"},"content":{"rendered":"<div id=\"e3325089\" class=\"pages\">\n<div>\n<div id=\"PDDescription\" class=\"UserContentView userContent v1a v1 bs-view dcon dc164 PDDescription\" ><dc-con><dc-con><bs-empty><\/bs-empty><\/dc-con><dc-con>        <\/p>\n<div class=\"customDescription\">                    <\/div>\n<p><\/dc-con><dc-con><\/p>\n<ul>\n<li>pro extr\u00e9mn\u011b rychl\u00e9 lepen\u00ed hladk\u00fdch povrch\u016f z plastu nebo pry\u017ee ji\u017e nen\u00ed mo\u017en\u00e9 p\u0159enastaven\u00ed<\/li>\n<li>n\u00edzk\u00e1 viskozita (tekouc\u00ed)<\/li>\n<li>\u0161irok\u00e9 mo\u017enosti pou\u017eit\u00ed<\/li >\n<li>dod\u00e1v\u00e1no v prodejn\u00edm displeji za ka\u017ed\u00fdch 25 objednan\u00fdch lahv\u00ed<\/li>\n<\/ul>\n<ul>\n<li>lahev s nov\u00fdm uz\u00e1v\u011brem a PE jehlou (kapil\u00e1rou)<\/li>\n<li>neb\u011bh\u00e1<\/li >\n<li>ventilov\u00e9 \u0161oup\u00e1tko<\/li>\n<li>\u017e\u00e1dn\u00e9 ucp\u00e1v\u00e1n\u00ed pr\u016fchodek<\/li>\n<li>snadn\u00e1 aplikace lepidla<\/li>\n<li>p\u0159esn\u00e9 d\u00e1vkov\u00e1n\u00ed<\/li>\n<\/ul>\n<ul>\n<li>z\u00e1klad: Ethylkyanoakryl\u00e1t<\/li>\n<li>barva: transparentn\u00ed<\/li>\n<li>viskozita 20\u00b0C: cca. 35 &#8211; 70 mPa.s<\/li>\n<li>hustota: cca. 1,05 g \/ cm3<\/li>\n<li>n\u00e1pl\u0148: max. 0,07 mm<\/li>\n<li>teplotn\u00ed odolnost: od -50 do + 80 \u00b0C<\/li>\n<li>rukot\u011bsn\u00fd hlin\u00edk: cca. 5 &#8211; 15 sekund<\/li>\n<li>ru\u010dn\u011b uta\u017een\u00e1 guma: cca. 5 &#8211; 10 sekund<\/li>\n<li>kone\u010dn\u00e1 s\u00edla: 24 hodin<\/li>\n<li>vyrobeno v EU<\/li>\n<\/ul>\n<p><\/dc-con><\/dc-con><\/div>\n<div id=\"PDDescription2\" class=\"UserContentView userContent v1a v1 bs-view dcon dc165 PDDescription2\" >V\u00dd\u0160KA BALEN\u00cd<\/div>\n<\/p><\/div>\n<div id=\"PDTable3\" class=\"ProductDetailTableView v3a v3 bs-view dcon dc185 PDTable3\" >\n<table>\n<thead><\/thead>\n<tbody>\n<tr class=\"attribute attr_bsshop_maker\">\n<td class=\"caption\">V\u00fdrobce<\/td>\n<td class=\"value\">BGS Technic<\/td>\n<\/tr>\n<\/tbody>\n<\/table>\n<\/div>\n<div id=\"PdProductGpsr\" class=\"ProductGpsrView v1a v1 bs-view dcon dc217 PdProductGpsr\" >\n<div class=\"subject\"><dc-root class=\"dcon dc219\"><span class=\"title\">Zodpov\u011bdn&#253; subjekt:<\/span><dc-con><dc-con><span class=\"company\">BGS technik KG<\/span><span class=\"name\">BGS Technic<\/span><\/dc-con><dc-con><span class=\"street\">Bandwirkerstr. 3<\/span><span class=\"city\">Wermelskirchen<\/span><span class=\"zip\">429 29<\/span><span class=\"country\">N\u011bmecko<\/span><\/dc-con><span class=\"email\">mail@bgs-technic.de<\/span><span class=\"phone\">+49 2196-720480<\/span><bs-empty><\/bs-empty><a href=\"https:\/\/www.bgstechnic.com\/\" class=\"link\" target=\"_blank\">https:\/\/www.bgstechnic.com\/<\/a><\/dc-con><bs-empty><\/bs-empty><\/dc-root><\/div>\n<p><bs-empty><\/bs-empty><\/div>\n<\/div>\n<div id=\"e3325090\" class=\"tabs\">\n","protected":false},"excerpt":{"rendered":"<p>pro extr\u00e9mn\u011b rychl\u00e9 lepen\u00ed hladk\u00fdch povrch\u016f z plastu nebo pry\u017ee ji\u017e nen\u00ed mo\u017en\u00e9 p\u0159enastaven\u00ed n\u00edzk\u00e1 viskozita (tekouc\u00ed) \u0161irok\u00e9 mo\u017enosti pou\u017eit\u00ed dod\u00e1v\u00e1no v prodejn\u00edm displeji za ka\u017ed\u00fdch 25 objednan\u00fdch lahv\u00ed lahev s nov\u00fdm uz\u00e1v\u011brem a PE jehlou (kapil\u00e1rou) neb\u011bh\u00e1 ventilov\u00e9 \u0161oup\u00e1tko \u017e\u00e1dn\u00e9 ucp\u00e1v\u00e1n\u00ed pr\u016fchodek snadn\u00e1 aplikace lepidla p\u0159esn\u00e9 d\u00e1vkov\u00e1n\u00ed z\u00e1klad: Ethylkyanoakryl\u00e1t barva: transparentn\u00ed viskozita 20\u00b0C: cca. [&hellip;]<\/p>\n","protected":false},"featured_media":19475,"comment_status":"open","ping_status":"open","template":"","meta":[],"product_brand":[],"product_cat":[86],"product_tag":[],"class_list":{"0":"post-19375","1":"product","2":"type-product","3":"status-publish","4":"has-post-thumbnail","6":"product_cat-upevnovac-237-technika","8":"first","9":"instock","10":"sale","11":"shipping-taxable","12":"purchasable","13":"product-type-simple"},"yoast_head":"<!-- This site is optimized with the Yoast SEO plugin v26.8 - https:\/\/yoast.com\/product\/yoast-seo-wordpress\/ -->\n<title>Zlevn\u011bn\u00fd BGS Lepidlo vte\u0159inov\u00e9, n\u00edzkovisk\u00f3zn\u00ed, lahvi\u010dka 20 g -<\/title>\n<meta name=\"robots\" content=\"index, follow, max-snippet:-1, max-image-preview:large, max-video-preview:-1\" \/>\n<link rel=\"canonical\" href=\"https:\/\/www.koupeltech.com\/index.php\/produkt\/zlevneny-bgs-lepidlo-vterinove-nizkoviskozni-lahvicka-20-g-19375\/\" \/>\n<meta property=\"og:locale\" content=\"cs_CZ\" \/>\n<meta property=\"og:type\" content=\"article\" \/>\n<meta property=\"og:title\" content=\"Zlevn\u011bn\u00fd BGS Lepidlo vte\u0159inov\u00e9, n\u00edzkovisk\u00f3zn\u00ed, lahvi\u010dka 20 g -\" \/>\n<meta property=\"og:description\" content=\"pro extr\u00e9mn\u011b rychl\u00e9 lepen\u00ed hladk\u00fdch povrch\u016f z plastu nebo pry\u017ee ji\u017e nen\u00ed mo\u017en\u00e9 p\u0159enastaven\u00ed n\u00edzk\u00e1 viskozita (tekouc\u00ed) \u0161irok\u00e9 mo\u017enosti pou\u017eit\u00ed dod\u00e1v\u00e1no v prodejn\u00edm displeji za ka\u017ed\u00fdch 25 objednan\u00fdch lahv\u00ed lahev s nov\u00fdm uz\u00e1v\u011brem a PE jehlou (kapil\u00e1rou) neb\u011bh\u00e1 ventilov\u00e9 \u0161oup\u00e1tko \u017e\u00e1dn\u00e9 ucp\u00e1v\u00e1n\u00ed pr\u016fchodek snadn\u00e1 aplikace lepidla p\u0159esn\u00e9 d\u00e1vkov\u00e1n\u00ed z\u00e1klad: Ethylkyanoakryl\u00e1t barva: transparentn\u00ed viskozita 20\u00b0C: cca. [&hellip;]\" \/>\n<meta property=\"og:url\" content=\"https:\/\/www.koupeltech.com\/index.php\/produkt\/zlevneny-bgs-lepidlo-vterinove-nizkoviskozni-lahvicka-20-g-19375\/\" \/>\n<meta property=\"og:image\" content=\"https:\/\/www.koupeltech.com\/wp-content\/uploads\/2026\/SK0018781-CZ20260425-093449-0-1777080896-bgs-lepidlo-vterinove-nizkoviskozni-lahvicka-20-g.webp\" \/>\n\t<meta property=\"og:image:width\" content=\"1000\" \/>\n\t<meta property=\"og:image:height\" content=\"525\" \/>\n\t<meta property=\"og:image:type\" content=\"image\/webp\" \/>\n<meta name=\"twitter:card\" content=\"summary_large_image\" \/>\n<meta name=\"twitter:label1\" content=\"Odhadovan\u00e1 doba \u010dten\u00ed\" \/>\n\t<meta name=\"twitter:data1\" content=\"1 minuta\" \/>\n<script type=\"application\/ld+json\" class=\"yoast-schema-graph\">{\"@context\":\"https:\/\/schema.org\",\"@graph\":[{\"@type\":\"WebPage\",\"@id\":\"https:\/\/www.koupeltech.com\/index.php\/produkt\/zlevneny-bgs-lepidlo-vterinove-nizkoviskozni-lahvicka-20-g-19375\/\",\"url\":\"https:\/\/www.koupeltech.com\/index.php\/produkt\/zlevneny-bgs-lepidlo-vterinove-nizkoviskozni-lahvicka-20-g-19375\/\",\"name\":\"Zlevn\u011bn\u00fd BGS Lepidlo vte\u0159inov\u00e9, n\u00edzkovisk\u00f3zn\u00ed, lahvi\u010dka 20 g -\",\"isPartOf\":{\"@id\":\"https:\/\/www.koupeltech.com\/#website\"},\"primaryImageOfPage\":{\"@id\":\"https:\/\/www.koupeltech.com\/index.php\/produkt\/zlevneny-bgs-lepidlo-vterinove-nizkoviskozni-lahvicka-20-g-19375\/#primaryimage\"},\"image\":{\"@id\":\"https:\/\/www.koupeltech.com\/index.php\/produkt\/zlevneny-bgs-lepidlo-vterinove-nizkoviskozni-lahvicka-20-g-19375\/#primaryimage\"},\"thumbnailUrl\":\"https:\/\/www.koupeltech.com\/wp-content\/uploads\/2026\/SK0018781-CZ20260425-093449-0-1777080896-bgs-lepidlo-vterinove-nizkoviskozni-lahvicka-20-g.webp\",\"datePublished\":\"2026-04-27T13:58:43+00:00\",\"breadcrumb\":{\"@id\":\"https:\/\/www.koupeltech.com\/index.php\/produkt\/zlevneny-bgs-lepidlo-vterinove-nizkoviskozni-lahvicka-20-g-19375\/#breadcrumb\"},\"inLanguage\":\"cs\",\"potentialAction\":[{\"@type\":\"ReadAction\",\"target\":[\"https:\/\/www.koupeltech.com\/index.php\/produkt\/zlevneny-bgs-lepidlo-vterinove-nizkoviskozni-lahvicka-20-g-19375\/\"]}]},{\"@type\":\"ImageObject\",\"inLanguage\":\"cs\",\"@id\":\"https:\/\/www.koupeltech.com\/index.php\/produkt\/zlevneny-bgs-lepidlo-vterinove-nizkoviskozni-lahvicka-20-g-19375\/#primaryimage\",\"url\":\"https:\/\/www.koupeltech.com\/wp-content\/uploads\/2026\/SK0018781-CZ20260425-093449-0-1777080896-bgs-lepidlo-vterinove-nizkoviskozni-lahvicka-20-g.webp\",\"contentUrl\":\"https:\/\/www.koupeltech.com\/wp-content\/uploads\/2026\/SK0018781-CZ20260425-093449-0-1777080896-bgs-lepidlo-vterinove-nizkoviskozni-lahvicka-20-g.webp\",\"width\":1000,\"height\":525},{\"@type\":\"BreadcrumbList\",\"@id\":\"https:\/\/www.koupeltech.com\/index.php\/produkt\/zlevneny-bgs-lepidlo-vterinove-nizkoviskozni-lahvicka-20-g-19375\/#breadcrumb\",\"itemListElement\":[{\"@type\":\"ListItem\",\"position\":1,\"name\":\"Home\",\"item\":\"https:\/\/www.koupeltech.com\/\"},{\"@type\":\"ListItem\",\"position\":2,\"name\":\"Products\",\"item\":\"https:\/\/www.koupeltech.com\/index.php\/products\/\"},{\"@type\":\"ListItem\",\"position\":3,\"name\":\"Zlevn\u011bn\u00fd BGS Lepidlo vte\u0159inov\u00e9, n\u00edzkovisk\u00f3zn\u00ed, lahvi\u010dka 20 g\"}]},{\"@type\":\"WebSite\",\"@id\":\"https:\/\/www.koupeltech.com\/#website\",\"url\":\"https:\/\/www.koupeltech.com\/\",\"name\":\"\",\"description\":\"\",\"potentialAction\":[{\"@type\":\"SearchAction\",\"target\":{\"@type\":\"EntryPoint\",\"urlTemplate\":\"https:\/\/www.koupeltech.com\/?s={search_term_string}\"},\"query-input\":{\"@type\":\"PropertyValueSpecification\",\"valueRequired\":true,\"valueName\":\"search_term_string\"}}],\"inLanguage\":\"cs\"}]}<\/script>\n<!-- \/ Yoast SEO plugin. -->","yoast_head_json":{"title":"Zlevn\u011bn\u00fd BGS Lepidlo vte\u0159inov\u00e9, n\u00edzkovisk\u00f3zn\u00ed, lahvi\u010dka 20 g -","robots":{"index":"index","follow":"follow","max-snippet":"max-snippet:-1","max-image-preview":"max-image-preview:large","max-video-preview":"max-video-preview:-1"},"canonical":"https:\/\/www.koupeltech.com\/index.php\/produkt\/zlevneny-bgs-lepidlo-vterinove-nizkoviskozni-lahvicka-20-g-19375\/","og_locale":"cs_CZ","og_type":"article","og_title":"Zlevn\u011bn\u00fd BGS Lepidlo vte\u0159inov\u00e9, n\u00edzkovisk\u00f3zn\u00ed, lahvi\u010dka 20 g -","og_description":"pro extr\u00e9mn\u011b rychl\u00e9 lepen\u00ed hladk\u00fdch povrch\u016f z plastu nebo pry\u017ee ji\u017e nen\u00ed mo\u017en\u00e9 p\u0159enastaven\u00ed n\u00edzk\u00e1 viskozita (tekouc\u00ed) \u0161irok\u00e9 mo\u017enosti pou\u017eit\u00ed dod\u00e1v\u00e1no v prodejn\u00edm displeji za ka\u017ed\u00fdch 25 objednan\u00fdch lahv\u00ed lahev s nov\u00fdm uz\u00e1v\u011brem a PE jehlou (kapil\u00e1rou) neb\u011bh\u00e1 ventilov\u00e9 \u0161oup\u00e1tko \u017e\u00e1dn\u00e9 ucp\u00e1v\u00e1n\u00ed pr\u016fchodek snadn\u00e1 aplikace lepidla p\u0159esn\u00e9 d\u00e1vkov\u00e1n\u00ed z\u00e1klad: Ethylkyanoakryl\u00e1t barva: transparentn\u00ed viskozita 20\u00b0C: cca. [&hellip;]","og_url":"https:\/\/www.koupeltech.com\/index.php\/produkt\/zlevneny-bgs-lepidlo-vterinove-nizkoviskozni-lahvicka-20-g-19375\/","og_image":[{"width":1000,"height":525,"url":"https:\/\/www.koupeltech.com\/wp-content\/uploads\/2026\/SK0018781-CZ20260425-093449-0-1777080896-bgs-lepidlo-vterinove-nizkoviskozni-lahvicka-20-g.webp","type":"image\/webp"}],"twitter_card":"summary_large_image","twitter_misc":{"Odhadovan\u00e1 doba \u010dten\u00ed":"1 minuta"},"schema":{"@context":"https:\/\/schema.org","@graph":[{"@type":"WebPage","@id":"https:\/\/www.koupeltech.com\/index.php\/produkt\/zlevneny-bgs-lepidlo-vterinove-nizkoviskozni-lahvicka-20-g-19375\/","url":"https:\/\/www.koupeltech.com\/index.php\/produkt\/zlevneny-bgs-lepidlo-vterinove-nizkoviskozni-lahvicka-20-g-19375\/","name":"Zlevn\u011bn\u00fd BGS Lepidlo vte\u0159inov\u00e9, n\u00edzkovisk\u00f3zn\u00ed, lahvi\u010dka 20 g -","isPartOf":{"@id":"https:\/\/www.koupeltech.com\/#website"},"primaryImageOfPage":{"@id":"https:\/\/www.koupeltech.com\/index.php\/produkt\/zlevneny-bgs-lepidlo-vterinove-nizkoviskozni-lahvicka-20-g-19375\/#primaryimage"},"image":{"@id":"https:\/\/www.koupeltech.com\/index.php\/produkt\/zlevneny-bgs-lepidlo-vterinove-nizkoviskozni-lahvicka-20-g-19375\/#primaryimage"},"thumbnailUrl":"https:\/\/www.koupeltech.com\/wp-content\/uploads\/2026\/SK0018781-CZ20260425-093449-0-1777080896-bgs-lepidlo-vterinove-nizkoviskozni-lahvicka-20-g.webp","datePublished":"2026-04-27T13:58:43+00:00","breadcrumb":{"@id":"https:\/\/www.koupeltech.com\/index.php\/produkt\/zlevneny-bgs-lepidlo-vterinove-nizkoviskozni-lahvicka-20-g-19375\/#breadcrumb"},"inLanguage":"cs","potentialAction":[{"@type":"ReadAction","target":["https:\/\/www.koupeltech.com\/index.php\/produkt\/zlevneny-bgs-lepidlo-vterinove-nizkoviskozni-lahvicka-20-g-19375\/"]}]},{"@type":"ImageObject","inLanguage":"cs","@id":"https:\/\/www.koupeltech.com\/index.php\/produkt\/zlevneny-bgs-lepidlo-vterinove-nizkoviskozni-lahvicka-20-g-19375\/#primaryimage","url":"https:\/\/www.koupeltech.com\/wp-content\/uploads\/2026\/SK0018781-CZ20260425-093449-0-1777080896-bgs-lepidlo-vterinove-nizkoviskozni-lahvicka-20-g.webp","contentUrl":"https:\/\/www.koupeltech.com\/wp-content\/uploads\/2026\/SK0018781-CZ20260425-093449-0-1777080896-bgs-lepidlo-vterinove-nizkoviskozni-lahvicka-20-g.webp","width":1000,"height":525},{"@type":"BreadcrumbList","@id":"https:\/\/www.koupeltech.com\/index.php\/produkt\/zlevneny-bgs-lepidlo-vterinove-nizkoviskozni-lahvicka-20-g-19375\/#breadcrumb","itemListElement":[{"@type":"ListItem","position":1,"name":"Home","item":"https:\/\/www.koupeltech.com\/"},{"@type":"ListItem","position":2,"name":"Products","item":"https:\/\/www.koupeltech.com\/index.php\/products\/"},{"@type":"ListItem","position":3,"name":"Zlevn\u011bn\u00fd BGS Lepidlo vte\u0159inov\u00e9, n\u00edzkovisk\u00f3zn\u00ed, lahvi\u010dka 20 g"}]},{"@type":"WebSite","@id":"https:\/\/www.koupeltech.com\/#website","url":"https:\/\/www.koupeltech.com\/","name":"","description":"","potentialAction":[{"@type":"SearchAction","target":{"@type":"EntryPoint","urlTemplate":"https:\/\/www.koupeltech.com\/?s={search_term_string}"},"query-input":{"@type":"PropertyValueSpecification","valueRequired":true,"valueName":"search_term_string"}}],"inLanguage":"cs"}]}},"_links":{"self":[{"href":"https:\/\/www.koupeltech.com\/index.php\/wp-json\/wp\/v2\/product\/19375","targetHints":{"allow":["GET"]}}],"collection":[{"href":"https:\/\/www.koupeltech.com\/index.php\/wp-json\/wp\/v2\/product"}],"about":[{"href":"https:\/\/www.koupeltech.com\/index.php\/wp-json\/wp\/v2\/types\/product"}],"replies":[{"embeddable":true,"href":"https:\/\/www.koupeltech.com\/index.php\/wp-json\/wp\/v2\/comments?post=19375"}],"wp:featuredmedia":[{"embeddable":true,"href":"https:\/\/www.koupeltech.com\/index.php\/wp-json\/wp\/v2\/media\/19475"}],"wp:attachment":[{"href":"https:\/\/www.koupeltech.com\/index.php\/wp-json\/wp\/v2\/media?parent=19375"}],"wp:term":[{"taxonomy":"product_brand","embeddable":true,"href":"https:\/\/www.koupeltech.com\/index.php\/wp-json\/wp\/v2\/product_brand?post=19375"},{"taxonomy":"product_cat","embeddable":true,"href":"https:\/\/www.koupeltech.com\/index.php\/wp-json\/wp\/v2\/product_cat?post=19375"},{"taxonomy":"product_tag","embeddable":true,"href":"https:\/\/www.koupeltech.com\/index.php\/wp-json\/wp\/v2\/product_tag?post=19375"}],"curies":[{"name":"wp","href":"https:\/\/api.w.org\/{rel}","templated":true}]}}