{"id":20188,"date":"2026-04-27T13:58:50","date_gmt":"2026-04-27T13:58:50","guid":{"rendered":""},"modified":"2026-04-27T13:58:50","modified_gmt":"2026-04-27T13:58:50","slug":"akce-bgs-haky-pro-demontaz-tesnicich-krouzku-sada-3-dily-20188","status":"publish","type":"product","link":"https:\/\/www.koupeltech.com\/index.php\/produkt\/akce-bgs-haky-pro-demontaz-tesnicich-krouzku-sada-3-dily-20188\/","title":{"rendered":"Akce BGS H\u00e1ky pro demont\u00e1\u017e t\u011bsn\u00edc\u00edch krou\u017ek\u016f, sada 3 d\u00edly"},"content":{"rendered":"<div id=\"e3550264\" class=\"pages\">\n<div>\n<div id=\"PDDescription\" class=\"UserContentView userContent v1a v1 bs-view dcon dc164 PDDescription\" ><dc-con><dc-con><bs-empty><\/bs-empty><\/dc-con><dc-con>        <\/p>\n<div class=\"customDescription\">                    <\/div>\n<p><\/dc-con><dc-con><\/p>\n<ul>\n<li>H\u00e1\u010dky ve tvaru S e. G. pro uvoln\u011bn\u00ed rota\u010dn\u00edch h\u0159\u00eddelov\u00fdch t\u011bsn\u011bn\u00ed<\/li>\n<li>90\u00b0 h\u00e1ky e. G. pro uvoln\u011bn\u00ed O-krou\u017ek\u016f<\/li>\n<li>n\u00e1stroj pro mal\u00fd h\u00e1k<\/li>\n<\/ul>\n<h2>Technick\u00e9 informace<\/h2>\n<p>Balen\u00ed vhodn\u00e9 k zav\u011b\u0161en\u00ed na st\u011bnu: Ano Hrub\u00e1 hmotnost: 200 g<\/p>\n<h2>Vyu\u017eit\u00ed v praxi<\/h2>\n<ul>\n<li>demont\u00e1\u017e lo\u017eisek, n\u00e1boj\u016f nebo pouzder<\/li>\n<li>mont\u00e1\u017e a lisov\u00e1n\u00ed d\u00edl\u016f bez po\u0161kozen\u00ed<\/li>\n<li>servis podvozku a n\u00e1prav<\/li>\n<\/ul>\n<h2>V\u00fdhody<\/h2>\n<ul>\n<li>kontrolovan\u00e1 aplikace s\u00edly<\/li>\n<li>minimalizace rizika po\u0161kozen\u00ed okoln\u00edch d\u00edl\u016f<\/li>\n<li>profi n\u00e1\u0159ad\u00ed pro ka\u017edodenn\u00ed servisn\u00ed z\u00e1sahy<\/li>\n<\/ul>\n<h2>Tip z praxe<\/h2>\n<p>P\u0159i demont\u00e1\u017ei v\u017edy pracuj rovnom\u011brn\u011b a kontroluj spr\u00e1vn\u00e9 usazen\u00ed p\u0159\u00edpravku. Pou\u017eit\u00ed spr\u00e1vn\u00e9ho typu n\u00e1stroje v\u00fdrazn\u011b zkr\u00e1t\u00ed \u010das opravy a zabr\u00e1n\u00ed necht\u011bn\u00e9mu po\u0161kozen\u00ed komponent. Pokud si nejsi jist\u00e1 vhodnost\u00ed pro konkr\u00e9tn\u00ed aplikaci, napi\u0161 n\u00e1m.<\/p>\n<p><\/dc-con><\/dc-con><\/div>\n<div id=\"PDDescription2\" class=\"UserContentView userContent v1a v1 bs-view dcon dc165 PDDescription2\" >V\u00dd\u0160KA BALEN\u00cd<\/div>\n<\/p><\/div>\n<div id=\"PDTable3\" class=\"ProductDetailTableView v3a v3 bs-view dcon dc185 PDTable3\" >\n<table>\n<thead><\/thead>\n<tbody>\n<tr class=\"attribute attr_bsshop_maker\">\n<td class=\"caption\">V\u00fdrobce<\/td>\n<td class=\"value\">BGS Technic<\/td>\n<\/tr>\n<\/tbody>\n<\/table>\n<\/div>\n<div id=\"PdProductGpsr\" class=\"ProductGpsrView v1a v1 bs-view dcon dc217 PdProductGpsr\" >\n<div class=\"subject\"><dc-root class=\"dcon dc219\"><span class=\"title\">Zodpov\u011bdn&#253; subjekt:<\/span><dc-con><dc-con><span class=\"company\">BGS technik KG<\/span><span class=\"name\">BGS Technic<\/span><\/dc-con><dc-con><span class=\"street\">Bandwirkerstr. 3<\/span><span class=\"city\">Wermelskirchen<\/span><span class=\"zip\">429 29<\/span><span class=\"country\">N\u011bmecko<\/span><\/dc-con><span class=\"email\">mail@bgs-technic.de<\/span><span class=\"phone\">+49 2196-720480<\/span><bs-empty><\/bs-empty><a href=\"https:\/\/www.bgstechnic.com\/\" class=\"link\" target=\"_blank\">https:\/\/www.bgstechnic.com\/<\/a><\/dc-con><bs-empty><\/bs-empty><\/dc-root><\/div>\n<p><bs-empty><\/bs-empty><\/div>\n<\/div>\n<div id=\"e3550265\" class=\"tabs\">\n","protected":false},"excerpt":{"rendered":"<p>H\u00e1\u010dky ve tvaru S e. G. pro uvoln\u011bn\u00ed rota\u010dn\u00edch h\u0159\u00eddelov\u00fdch t\u011bsn\u011bn\u00ed 90\u00b0 h\u00e1ky e. G. pro uvoln\u011bn\u00ed O-krou\u017ek\u016f n\u00e1stroj pro mal\u00fd h\u00e1k Technick\u00e9 informace Balen\u00ed vhodn\u00e9 k zav\u011b\u0161en\u00ed na st\u011bnu: Ano Hrub\u00e1 hmotnost: 200 g Vyu\u017eit\u00ed v praxi demont\u00e1\u017e lo\u017eisek, n\u00e1boj\u016f nebo pouzder mont\u00e1\u017e a lisov\u00e1n\u00ed d\u00edl\u016f bez po\u0161kozen\u00ed servis podvozku a n\u00e1prav V\u00fdhody kontrolovan\u00e1 [&hellip;]<\/p>\n","protected":false},"featured_media":20288,"comment_status":"open","ping_status":"open","template":"","meta":[],"product_brand":[],"product_cat":[85],"product_tag":[],"class_list":{"0":"post-20188","1":"product","2":"type-product","3":"status-publish","4":"has-post-thumbnail","6":"product_cat-rucn-237-n-225-rad-237-a-d-237-lna","8":"first","9":"instock","10":"sale","11":"shipping-taxable","12":"purchasable","13":"product-type-simple"},"yoast_head":"<!-- This site is optimized with the Yoast SEO plugin v26.8 - https:\/\/yoast.com\/product\/yoast-seo-wordpress\/ -->\n<title>Akce BGS H\u00e1ky pro demont\u00e1\u017e t\u011bsn\u00edc\u00edch krou\u017ek\u016f, sada 3 d\u00edly -<\/title>\n<meta name=\"robots\" content=\"index, follow, max-snippet:-1, max-image-preview:large, max-video-preview:-1\" \/>\n<link rel=\"canonical\" href=\"https:\/\/www.koupeltech.com\/index.php\/produkt\/akce-bgs-haky-pro-demontaz-tesnicich-krouzku-sada-3-dily-20188\/\" \/>\n<meta property=\"og:locale\" content=\"cs_CZ\" \/>\n<meta property=\"og:type\" content=\"article\" \/>\n<meta property=\"og:title\" content=\"Akce BGS H\u00e1ky pro demont\u00e1\u017e t\u011bsn\u00edc\u00edch krou\u017ek\u016f, sada 3 d\u00edly -\" \/>\n<meta property=\"og:description\" content=\"H\u00e1\u010dky ve tvaru S e. G. pro uvoln\u011bn\u00ed rota\u010dn\u00edch h\u0159\u00eddelov\u00fdch t\u011bsn\u011bn\u00ed 90\u00b0 h\u00e1ky e. G. pro uvoln\u011bn\u00ed O-krou\u017ek\u016f n\u00e1stroj pro mal\u00fd h\u00e1k Technick\u00e9 informace Balen\u00ed vhodn\u00e9 k zav\u011b\u0161en\u00ed na st\u011bnu: Ano Hrub\u00e1 hmotnost: 200 g Vyu\u017eit\u00ed v praxi demont\u00e1\u017e lo\u017eisek, n\u00e1boj\u016f nebo pouzder mont\u00e1\u017e a lisov\u00e1n\u00ed d\u00edl\u016f bez po\u0161kozen\u00ed servis podvozku a n\u00e1prav V\u00fdhody kontrolovan\u00e1 [&hellip;]\" \/>\n<meta property=\"og:url\" content=\"https:\/\/www.koupeltech.com\/index.php\/produkt\/akce-bgs-haky-pro-demontaz-tesnicich-krouzku-sada-3-dily-20188\/\" \/>\n<meta property=\"og:image\" content=\"https:\/\/www.koupeltech.com\/wp-content\/uploads\/2026\/SK0019194-CZ20260425-093449-0-1777080896-bgs-haky-pro-demontaz-tesnicich-krouzku-sada-3-dily.webp\" \/>\n\t<meta property=\"og:image:width\" content=\"1000\" \/>\n\t<meta property=\"og:image:height\" content=\"525\" \/>\n\t<meta property=\"og:image:type\" content=\"image\/webp\" \/>\n<meta name=\"twitter:card\" content=\"summary_large_image\" \/>\n<meta name=\"twitter:label1\" content=\"Odhadovan\u00e1 doba \u010dten\u00ed\" \/>\n\t<meta name=\"twitter:data1\" content=\"1 minuta\" \/>\n<script type=\"application\/ld+json\" class=\"yoast-schema-graph\">{\"@context\":\"https:\/\/schema.org\",\"@graph\":[{\"@type\":\"WebPage\",\"@id\":\"https:\/\/www.koupeltech.com\/index.php\/produkt\/akce-bgs-haky-pro-demontaz-tesnicich-krouzku-sada-3-dily-20188\/\",\"url\":\"https:\/\/www.koupeltech.com\/index.php\/produkt\/akce-bgs-haky-pro-demontaz-tesnicich-krouzku-sada-3-dily-20188\/\",\"name\":\"Akce BGS H\u00e1ky pro demont\u00e1\u017e t\u011bsn\u00edc\u00edch krou\u017ek\u016f, sada 3 d\u00edly -\",\"isPartOf\":{\"@id\":\"https:\/\/www.koupeltech.com\/#website\"},\"primaryImageOfPage\":{\"@id\":\"https:\/\/www.koupeltech.com\/index.php\/produkt\/akce-bgs-haky-pro-demontaz-tesnicich-krouzku-sada-3-dily-20188\/#primaryimage\"},\"image\":{\"@id\":\"https:\/\/www.koupeltech.com\/index.php\/produkt\/akce-bgs-haky-pro-demontaz-tesnicich-krouzku-sada-3-dily-20188\/#primaryimage\"},\"thumbnailUrl\":\"https:\/\/www.koupeltech.com\/wp-content\/uploads\/2026\/SK0019194-CZ20260425-093449-0-1777080896-bgs-haky-pro-demontaz-tesnicich-krouzku-sada-3-dily.webp\",\"datePublished\":\"2026-04-27T13:58:50+00:00\",\"breadcrumb\":{\"@id\":\"https:\/\/www.koupeltech.com\/index.php\/produkt\/akce-bgs-haky-pro-demontaz-tesnicich-krouzku-sada-3-dily-20188\/#breadcrumb\"},\"inLanguage\":\"cs\",\"potentialAction\":[{\"@type\":\"ReadAction\",\"target\":[\"https:\/\/www.koupeltech.com\/index.php\/produkt\/akce-bgs-haky-pro-demontaz-tesnicich-krouzku-sada-3-dily-20188\/\"]}]},{\"@type\":\"ImageObject\",\"inLanguage\":\"cs\",\"@id\":\"https:\/\/www.koupeltech.com\/index.php\/produkt\/akce-bgs-haky-pro-demontaz-tesnicich-krouzku-sada-3-dily-20188\/#primaryimage\",\"url\":\"https:\/\/www.koupeltech.com\/wp-content\/uploads\/2026\/SK0019194-CZ20260425-093449-0-1777080896-bgs-haky-pro-demontaz-tesnicich-krouzku-sada-3-dily.webp\",\"contentUrl\":\"https:\/\/www.koupeltech.com\/wp-content\/uploads\/2026\/SK0019194-CZ20260425-093449-0-1777080896-bgs-haky-pro-demontaz-tesnicich-krouzku-sada-3-dily.webp\",\"width\":1000,\"height\":525},{\"@type\":\"BreadcrumbList\",\"@id\":\"https:\/\/www.koupeltech.com\/index.php\/produkt\/akce-bgs-haky-pro-demontaz-tesnicich-krouzku-sada-3-dily-20188\/#breadcrumb\",\"itemListElement\":[{\"@type\":\"ListItem\",\"position\":1,\"name\":\"Home\",\"item\":\"https:\/\/www.koupeltech.com\/\"},{\"@type\":\"ListItem\",\"position\":2,\"name\":\"Products\",\"item\":\"https:\/\/www.koupeltech.com\/index.php\/products\/\"},{\"@type\":\"ListItem\",\"position\":3,\"name\":\"Akce BGS H\u00e1ky pro demont\u00e1\u017e t\u011bsn\u00edc\u00edch krou\u017ek\u016f, sada 3 d\u00edly\"}]},{\"@type\":\"WebSite\",\"@id\":\"https:\/\/www.koupeltech.com\/#website\",\"url\":\"https:\/\/www.koupeltech.com\/\",\"name\":\"\",\"description\":\"\",\"potentialAction\":[{\"@type\":\"SearchAction\",\"target\":{\"@type\":\"EntryPoint\",\"urlTemplate\":\"https:\/\/www.koupeltech.com\/?s={search_term_string}\"},\"query-input\":{\"@type\":\"PropertyValueSpecification\",\"valueRequired\":true,\"valueName\":\"search_term_string\"}}],\"inLanguage\":\"cs\"}]}<\/script>\n<!-- \/ Yoast SEO plugin. -->","yoast_head_json":{"title":"Akce BGS H\u00e1ky pro demont\u00e1\u017e t\u011bsn\u00edc\u00edch krou\u017ek\u016f, sada 3 d\u00edly -","robots":{"index":"index","follow":"follow","max-snippet":"max-snippet:-1","max-image-preview":"max-image-preview:large","max-video-preview":"max-video-preview:-1"},"canonical":"https:\/\/www.koupeltech.com\/index.php\/produkt\/akce-bgs-haky-pro-demontaz-tesnicich-krouzku-sada-3-dily-20188\/","og_locale":"cs_CZ","og_type":"article","og_title":"Akce BGS H\u00e1ky pro demont\u00e1\u017e t\u011bsn\u00edc\u00edch krou\u017ek\u016f, sada 3 d\u00edly -","og_description":"H\u00e1\u010dky ve tvaru S e. G. pro uvoln\u011bn\u00ed rota\u010dn\u00edch h\u0159\u00eddelov\u00fdch t\u011bsn\u011bn\u00ed 90\u00b0 h\u00e1ky e. G. pro uvoln\u011bn\u00ed O-krou\u017ek\u016f n\u00e1stroj pro mal\u00fd h\u00e1k Technick\u00e9 informace Balen\u00ed vhodn\u00e9 k zav\u011b\u0161en\u00ed na st\u011bnu: Ano Hrub\u00e1 hmotnost: 200 g Vyu\u017eit\u00ed v praxi demont\u00e1\u017e lo\u017eisek, n\u00e1boj\u016f nebo pouzder mont\u00e1\u017e a lisov\u00e1n\u00ed d\u00edl\u016f bez po\u0161kozen\u00ed servis podvozku a n\u00e1prav V\u00fdhody kontrolovan\u00e1 [&hellip;]","og_url":"https:\/\/www.koupeltech.com\/index.php\/produkt\/akce-bgs-haky-pro-demontaz-tesnicich-krouzku-sada-3-dily-20188\/","og_image":[{"width":1000,"height":525,"url":"https:\/\/www.koupeltech.com\/wp-content\/uploads\/2026\/SK0019194-CZ20260425-093449-0-1777080896-bgs-haky-pro-demontaz-tesnicich-krouzku-sada-3-dily.webp","type":"image\/webp"}],"twitter_card":"summary_large_image","twitter_misc":{"Odhadovan\u00e1 doba \u010dten\u00ed":"1 minuta"},"schema":{"@context":"https:\/\/schema.org","@graph":[{"@type":"WebPage","@id":"https:\/\/www.koupeltech.com\/index.php\/produkt\/akce-bgs-haky-pro-demontaz-tesnicich-krouzku-sada-3-dily-20188\/","url":"https:\/\/www.koupeltech.com\/index.php\/produkt\/akce-bgs-haky-pro-demontaz-tesnicich-krouzku-sada-3-dily-20188\/","name":"Akce BGS H\u00e1ky pro demont\u00e1\u017e t\u011bsn\u00edc\u00edch krou\u017ek\u016f, sada 3 d\u00edly -","isPartOf":{"@id":"https:\/\/www.koupeltech.com\/#website"},"primaryImageOfPage":{"@id":"https:\/\/www.koupeltech.com\/index.php\/produkt\/akce-bgs-haky-pro-demontaz-tesnicich-krouzku-sada-3-dily-20188\/#primaryimage"},"image":{"@id":"https:\/\/www.koupeltech.com\/index.php\/produkt\/akce-bgs-haky-pro-demontaz-tesnicich-krouzku-sada-3-dily-20188\/#primaryimage"},"thumbnailUrl":"https:\/\/www.koupeltech.com\/wp-content\/uploads\/2026\/SK0019194-CZ20260425-093449-0-1777080896-bgs-haky-pro-demontaz-tesnicich-krouzku-sada-3-dily.webp","datePublished":"2026-04-27T13:58:50+00:00","breadcrumb":{"@id":"https:\/\/www.koupeltech.com\/index.php\/produkt\/akce-bgs-haky-pro-demontaz-tesnicich-krouzku-sada-3-dily-20188\/#breadcrumb"},"inLanguage":"cs","potentialAction":[{"@type":"ReadAction","target":["https:\/\/www.koupeltech.com\/index.php\/produkt\/akce-bgs-haky-pro-demontaz-tesnicich-krouzku-sada-3-dily-20188\/"]}]},{"@type":"ImageObject","inLanguage":"cs","@id":"https:\/\/www.koupeltech.com\/index.php\/produkt\/akce-bgs-haky-pro-demontaz-tesnicich-krouzku-sada-3-dily-20188\/#primaryimage","url":"https:\/\/www.koupeltech.com\/wp-content\/uploads\/2026\/SK0019194-CZ20260425-093449-0-1777080896-bgs-haky-pro-demontaz-tesnicich-krouzku-sada-3-dily.webp","contentUrl":"https:\/\/www.koupeltech.com\/wp-content\/uploads\/2026\/SK0019194-CZ20260425-093449-0-1777080896-bgs-haky-pro-demontaz-tesnicich-krouzku-sada-3-dily.webp","width":1000,"height":525},{"@type":"BreadcrumbList","@id":"https:\/\/www.koupeltech.com\/index.php\/produkt\/akce-bgs-haky-pro-demontaz-tesnicich-krouzku-sada-3-dily-20188\/#breadcrumb","itemListElement":[{"@type":"ListItem","position":1,"name":"Home","item":"https:\/\/www.koupeltech.com\/"},{"@type":"ListItem","position":2,"name":"Products","item":"https:\/\/www.koupeltech.com\/index.php\/products\/"},{"@type":"ListItem","position":3,"name":"Akce BGS H\u00e1ky pro demont\u00e1\u017e t\u011bsn\u00edc\u00edch krou\u017ek\u016f, sada 3 d\u00edly"}]},{"@type":"WebSite","@id":"https:\/\/www.koupeltech.com\/#website","url":"https:\/\/www.koupeltech.com\/","name":"","description":"","potentialAction":[{"@type":"SearchAction","target":{"@type":"EntryPoint","urlTemplate":"https:\/\/www.koupeltech.com\/?s={search_term_string}"},"query-input":{"@type":"PropertyValueSpecification","valueRequired":true,"valueName":"search_term_string"}}],"inLanguage":"cs"}]}},"_links":{"self":[{"href":"https:\/\/www.koupeltech.com\/index.php\/wp-json\/wp\/v2\/product\/20188","targetHints":{"allow":["GET"]}}],"collection":[{"href":"https:\/\/www.koupeltech.com\/index.php\/wp-json\/wp\/v2\/product"}],"about":[{"href":"https:\/\/www.koupeltech.com\/index.php\/wp-json\/wp\/v2\/types\/product"}],"replies":[{"embeddable":true,"href":"https:\/\/www.koupeltech.com\/index.php\/wp-json\/wp\/v2\/comments?post=20188"}],"wp:featuredmedia":[{"embeddable":true,"href":"https:\/\/www.koupeltech.com\/index.php\/wp-json\/wp\/v2\/media\/20288"}],"wp:attachment":[{"href":"https:\/\/www.koupeltech.com\/index.php\/wp-json\/wp\/v2\/media?parent=20188"}],"wp:term":[{"taxonomy":"product_brand","embeddable":true,"href":"https:\/\/www.koupeltech.com\/index.php\/wp-json\/wp\/v2\/product_brand?post=20188"},{"taxonomy":"product_cat","embeddable":true,"href":"https:\/\/www.koupeltech.com\/index.php\/wp-json\/wp\/v2\/product_cat?post=20188"},{"taxonomy":"product_tag","embeddable":true,"href":"https:\/\/www.koupeltech.com\/index.php\/wp-json\/wp\/v2\/product_tag?post=20188"}],"curies":[{"name":"wp","href":"https:\/\/api.w.org\/{rel}","templated":true}]}}