{"id":20327,"date":"2026-04-27T13:58:52","date_gmt":"2026-04-27T13:58:52","guid":{"rendered":""},"modified":"2026-04-27T13:58:52","modified_gmt":"2026-04-27T13:58:52","slug":"akce-bgs-klice-na-vstrikovaci-a-jina-potrubi-14-17-19-mm-3-dily-20327","status":"publish","type":"product","link":"https:\/\/www.koupeltech.com\/index.php\/produkt\/akce-bgs-klice-na-vstrikovaci-a-jina-potrubi-14-17-19-mm-3-dily-20327\/","title":{"rendered":"Akce BGS Kl\u00ed\u010de na vst\u0159ikovac\u00ed a jin\u00e1 potrub\u00ed  14-17-19 mm, 3 d\u00edly"},"content":{"rendered":"<div id=\"e3110908\" class=\"pages\">\n<div>\n<div id=\"PDDescription\" class=\"UserContentView userContent v1a v1 bs-view dcon dc164 PDDescription\" ><dc-con><dc-con><bs-empty><\/bs-empty><\/dc-con><dc-con>        <\/p>\n<div class=\"customDescription\">                    <\/div>\n<p><\/dc-con><dc-con><\/p>\n<ul>\n<li>usnad\u0148uje demont\u00e1\u017e \/ mont\u00e1\u017e vst\u0159ikovac\u00edch trubek nafty na vst\u0159ikova\u010de a dal\u0161\u00ed potrubn\u00ed armatury<\/li>\n<li>zahrnuje speci\u00e1ln\u00ed kl\u00ed\u010de na n\u00e1sleduj\u00edc\u00ed vst\u0159ikovac\u00ed trubky, nap\u0159\u00edklad\n<ul>\n<li>14 mm pro BMW <\/li>\n<li>17 mm pro BMW, Opel 2,5TD, Mercedes-Benz<\/li>\n<li>19 mm pro Mercedes-Benz<\/li>\n<\/ul>\n<\/li>\n<li>12,5 mm ( 1\/2\u201c) pohon<\/li>\n<li>d\u00e9lka 120 mm<\/li>\n<li>na z\u00e1suvkov\u00e9 li\u0161t\u011b<\/li>\n<\/ul>\n<p><\/dc-con><\/dc-con><\/div>\n<div id=\"PDDescription2\" class=\"UserContentView userContent v1a v1 bs-view dcon dc165 PDDescription2\" >V\u00dd\u0160KA BALEN\u00cd<\/div>\n<\/p><\/div>\n<div id=\"PDTable3\" class=\"ProductDetailTableView v3a v3 bs-view dcon dc185 PDTable3\" >\n<table>\n<thead><\/thead>\n<tbody>\n<tr class=\"attribute attr_bsshop_maker\">\n<td class=\"caption\">V\u00fdrobce<\/td>\n<td class=\"value\">BGS Technic<\/td>\n<\/tr>\n<\/tbody>\n<\/table>\n<\/div>\n<div id=\"PdProductGpsr\" class=\"ProductGpsrView v1a v1 bs-view dcon dc217 PdProductGpsr\" >\n<div class=\"subject\"><dc-root class=\"dcon dc219\"><span class=\"title\">Zodpov\u011bdn&#253; subjekt:<\/span><dc-con><dc-con><span class=\"company\">BGS technik KG<\/span><span class=\"name\">BGS Technic<\/span><\/dc-con><dc-con><span class=\"street\">Bandwirkerstr. 3<\/span><span class=\"city\">Wermelskirchen<\/span><span class=\"zip\">429 29<\/span><span class=\"country\">N\u011bmecko<\/span><\/dc-con><span class=\"email\">mail@bgs-technic.de<\/span><span class=\"phone\">+49 2196-720480<\/span><bs-empty><\/bs-empty><a href=\"https:\/\/www.bgstechnic.com\/\" class=\"link\" target=\"_blank\">https:\/\/www.bgstechnic.com\/<\/a><\/dc-con><bs-empty><\/bs-empty><\/dc-root><\/div>\n<p><bs-empty><\/bs-empty><\/div>\n<\/div>\n<div id=\"e3110909\" class=\"tabs\">\n","protected":false},"excerpt":{"rendered":"<p>usnad\u0148uje demont\u00e1\u017e \/ mont\u00e1\u017e vst\u0159ikovac\u00edch trubek nafty na vst\u0159ikova\u010de a dal\u0161\u00ed potrubn\u00ed armatury zahrnuje speci\u00e1ln\u00ed kl\u00ed\u010de na n\u00e1sleduj\u00edc\u00ed vst\u0159ikovac\u00ed trubky, nap\u0159\u00edklad 14 mm pro BMW 17 mm pro BMW, Opel 2,5TD, Mercedes-Benz 19 mm pro Mercedes-Benz 12,5 mm ( 1\/2\u201c) pohon d\u00e9lka 120 mm na z\u00e1suvkov\u00e9 li\u0161t\u011b V\u00dd\u0160KA BALEN\u00cd V\u00fdrobce BGS Technic Zodpov\u011bdn&#253; subjekt:BGS technik [&hellip;]<\/p>\n","protected":false},"featured_media":20427,"comment_status":"open","ping_status":"open","template":"","meta":[],"product_brand":[],"product_cat":[85],"product_tag":[],"class_list":{"0":"post-20327","1":"product","2":"type-product","3":"status-publish","4":"has-post-thumbnail","6":"product_cat-rucn-237-n-225-rad-237-a-d-237-lna","8":"first","9":"instock","10":"sale","11":"shipping-taxable","12":"purchasable","13":"product-type-simple"},"yoast_head":"<!-- This site is optimized with the Yoast SEO plugin v26.8 - https:\/\/yoast.com\/product\/yoast-seo-wordpress\/ -->\n<title>Akce BGS Kl\u00ed\u010de na vst\u0159ikovac\u00ed a jin\u00e1 potrub\u00ed 14-17-19 mm, 3 d\u00edly -<\/title>\n<meta name=\"robots\" content=\"index, follow, max-snippet:-1, max-image-preview:large, max-video-preview:-1\" \/>\n<link rel=\"canonical\" href=\"https:\/\/www.koupeltech.com\/index.php\/produkt\/akce-bgs-klice-na-vstrikovaci-a-jina-potrubi-14-17-19-mm-3-dily-20327\/\" \/>\n<meta property=\"og:locale\" content=\"cs_CZ\" \/>\n<meta property=\"og:type\" content=\"article\" \/>\n<meta property=\"og:title\" content=\"Akce BGS Kl\u00ed\u010de na vst\u0159ikovac\u00ed a jin\u00e1 potrub\u00ed 14-17-19 mm, 3 d\u00edly -\" \/>\n<meta property=\"og:description\" content=\"usnad\u0148uje demont\u00e1\u017e \/ mont\u00e1\u017e vst\u0159ikovac\u00edch trubek nafty na vst\u0159ikova\u010de a dal\u0161\u00ed potrubn\u00ed armatury zahrnuje speci\u00e1ln\u00ed kl\u00ed\u010de na n\u00e1sleduj\u00edc\u00ed vst\u0159ikovac\u00ed trubky, nap\u0159\u00edklad 14 mm pro BMW 17 mm pro BMW, Opel 2,5TD, Mercedes-Benz 19 mm pro Mercedes-Benz 12,5 mm ( 1\/2\u201c) pohon d\u00e9lka 120 mm na z\u00e1suvkov\u00e9 li\u0161t\u011b V\u00dd\u0160KA BALEN\u00cd V\u00fdrobce BGS Technic Zodpov\u011bdn&#253; subjekt:BGS technik [&hellip;]\" \/>\n<meta property=\"og:url\" content=\"https:\/\/www.koupeltech.com\/index.php\/produkt\/akce-bgs-klice-na-vstrikovaci-a-jina-potrubi-14-17-19-mm-3-dily-20327\/\" \/>\n<meta property=\"og:image\" content=\"https:\/\/www.koupeltech.com\/wp-content\/uploads\/2026\/SK0019233-CZ20260425-093449-0-1777080896-bgs-klice-na-vstrikovaci-a-jina-potrubi-14-17-19-mm-3-dily..webp\" \/>\n\t<meta property=\"og:image:width\" content=\"1000\" \/>\n\t<meta property=\"og:image:height\" content=\"525\" \/>\n\t<meta property=\"og:image:type\" content=\"image\/webp\" \/>\n<meta name=\"twitter:card\" content=\"summary_large_image\" \/>\n<script type=\"application\/ld+json\" class=\"yoast-schema-graph\">{\"@context\":\"https:\/\/schema.org\",\"@graph\":[{\"@type\":\"WebPage\",\"@id\":\"https:\/\/www.koupeltech.com\/index.php\/produkt\/akce-bgs-klice-na-vstrikovaci-a-jina-potrubi-14-17-19-mm-3-dily-20327\/\",\"url\":\"https:\/\/www.koupeltech.com\/index.php\/produkt\/akce-bgs-klice-na-vstrikovaci-a-jina-potrubi-14-17-19-mm-3-dily-20327\/\",\"name\":\"Akce BGS Kl\u00ed\u010de na vst\u0159ikovac\u00ed a jin\u00e1 potrub\u00ed 14-17-19 mm, 3 d\u00edly -\",\"isPartOf\":{\"@id\":\"https:\/\/www.koupeltech.com\/#website\"},\"primaryImageOfPage\":{\"@id\":\"https:\/\/www.koupeltech.com\/index.php\/produkt\/akce-bgs-klice-na-vstrikovaci-a-jina-potrubi-14-17-19-mm-3-dily-20327\/#primaryimage\"},\"image\":{\"@id\":\"https:\/\/www.koupeltech.com\/index.php\/produkt\/akce-bgs-klice-na-vstrikovaci-a-jina-potrubi-14-17-19-mm-3-dily-20327\/#primaryimage\"},\"thumbnailUrl\":\"https:\/\/www.koupeltech.com\/wp-content\/uploads\/2026\/SK0019233-CZ20260425-093449-0-1777080896-bgs-klice-na-vstrikovaci-a-jina-potrubi-14-17-19-mm-3-dily..webp\",\"datePublished\":\"2026-04-27T13:58:52+00:00\",\"breadcrumb\":{\"@id\":\"https:\/\/www.koupeltech.com\/index.php\/produkt\/akce-bgs-klice-na-vstrikovaci-a-jina-potrubi-14-17-19-mm-3-dily-20327\/#breadcrumb\"},\"inLanguage\":\"cs\",\"potentialAction\":[{\"@type\":\"ReadAction\",\"target\":[\"https:\/\/www.koupeltech.com\/index.php\/produkt\/akce-bgs-klice-na-vstrikovaci-a-jina-potrubi-14-17-19-mm-3-dily-20327\/\"]}]},{\"@type\":\"ImageObject\",\"inLanguage\":\"cs\",\"@id\":\"https:\/\/www.koupeltech.com\/index.php\/produkt\/akce-bgs-klice-na-vstrikovaci-a-jina-potrubi-14-17-19-mm-3-dily-20327\/#primaryimage\",\"url\":\"https:\/\/www.koupeltech.com\/wp-content\/uploads\/2026\/SK0019233-CZ20260425-093449-0-1777080896-bgs-klice-na-vstrikovaci-a-jina-potrubi-14-17-19-mm-3-dily..webp\",\"contentUrl\":\"https:\/\/www.koupeltech.com\/wp-content\/uploads\/2026\/SK0019233-CZ20260425-093449-0-1777080896-bgs-klice-na-vstrikovaci-a-jina-potrubi-14-17-19-mm-3-dily..webp\",\"width\":1000,\"height\":525},{\"@type\":\"BreadcrumbList\",\"@id\":\"https:\/\/www.koupeltech.com\/index.php\/produkt\/akce-bgs-klice-na-vstrikovaci-a-jina-potrubi-14-17-19-mm-3-dily-20327\/#breadcrumb\",\"itemListElement\":[{\"@type\":\"ListItem\",\"position\":1,\"name\":\"Home\",\"item\":\"https:\/\/www.koupeltech.com\/\"},{\"@type\":\"ListItem\",\"position\":2,\"name\":\"Products\",\"item\":\"https:\/\/www.koupeltech.com\/index.php\/products\/\"},{\"@type\":\"ListItem\",\"position\":3,\"name\":\"Akce BGS Kl\u00ed\u010de na vst\u0159ikovac\u00ed a jin\u00e1 potrub\u00ed 14-17-19 mm, 3 d\u00edly\"}]},{\"@type\":\"WebSite\",\"@id\":\"https:\/\/www.koupeltech.com\/#website\",\"url\":\"https:\/\/www.koupeltech.com\/\",\"name\":\"\",\"description\":\"\",\"potentialAction\":[{\"@type\":\"SearchAction\",\"target\":{\"@type\":\"EntryPoint\",\"urlTemplate\":\"https:\/\/www.koupeltech.com\/?s={search_term_string}\"},\"query-input\":{\"@type\":\"PropertyValueSpecification\",\"valueRequired\":true,\"valueName\":\"search_term_string\"}}],\"inLanguage\":\"cs\"}]}<\/script>\n<!-- \/ Yoast SEO plugin. -->","yoast_head_json":{"title":"Akce BGS Kl\u00ed\u010de na vst\u0159ikovac\u00ed a jin\u00e1 potrub\u00ed 14-17-19 mm, 3 d\u00edly -","robots":{"index":"index","follow":"follow","max-snippet":"max-snippet:-1","max-image-preview":"max-image-preview:large","max-video-preview":"max-video-preview:-1"},"canonical":"https:\/\/www.koupeltech.com\/index.php\/produkt\/akce-bgs-klice-na-vstrikovaci-a-jina-potrubi-14-17-19-mm-3-dily-20327\/","og_locale":"cs_CZ","og_type":"article","og_title":"Akce BGS Kl\u00ed\u010de na vst\u0159ikovac\u00ed a jin\u00e1 potrub\u00ed 14-17-19 mm, 3 d\u00edly -","og_description":"usnad\u0148uje demont\u00e1\u017e \/ mont\u00e1\u017e vst\u0159ikovac\u00edch trubek nafty na vst\u0159ikova\u010de a dal\u0161\u00ed potrubn\u00ed armatury zahrnuje speci\u00e1ln\u00ed kl\u00ed\u010de na n\u00e1sleduj\u00edc\u00ed vst\u0159ikovac\u00ed trubky, nap\u0159\u00edklad 14 mm pro BMW 17 mm pro BMW, Opel 2,5TD, Mercedes-Benz 19 mm pro Mercedes-Benz 12,5 mm ( 1\/2\u201c) pohon d\u00e9lka 120 mm na z\u00e1suvkov\u00e9 li\u0161t\u011b V\u00dd\u0160KA BALEN\u00cd V\u00fdrobce BGS Technic Zodpov\u011bdn&#253; subjekt:BGS technik [&hellip;]","og_url":"https:\/\/www.koupeltech.com\/index.php\/produkt\/akce-bgs-klice-na-vstrikovaci-a-jina-potrubi-14-17-19-mm-3-dily-20327\/","og_image":[{"width":1000,"height":525,"url":"https:\/\/www.koupeltech.com\/wp-content\/uploads\/2026\/SK0019233-CZ20260425-093449-0-1777080896-bgs-klice-na-vstrikovaci-a-jina-potrubi-14-17-19-mm-3-dily..webp","type":"image\/webp"}],"twitter_card":"summary_large_image","schema":{"@context":"https:\/\/schema.org","@graph":[{"@type":"WebPage","@id":"https:\/\/www.koupeltech.com\/index.php\/produkt\/akce-bgs-klice-na-vstrikovaci-a-jina-potrubi-14-17-19-mm-3-dily-20327\/","url":"https:\/\/www.koupeltech.com\/index.php\/produkt\/akce-bgs-klice-na-vstrikovaci-a-jina-potrubi-14-17-19-mm-3-dily-20327\/","name":"Akce BGS Kl\u00ed\u010de na vst\u0159ikovac\u00ed a jin\u00e1 potrub\u00ed 14-17-19 mm, 3 d\u00edly -","isPartOf":{"@id":"https:\/\/www.koupeltech.com\/#website"},"primaryImageOfPage":{"@id":"https:\/\/www.koupeltech.com\/index.php\/produkt\/akce-bgs-klice-na-vstrikovaci-a-jina-potrubi-14-17-19-mm-3-dily-20327\/#primaryimage"},"image":{"@id":"https:\/\/www.koupeltech.com\/index.php\/produkt\/akce-bgs-klice-na-vstrikovaci-a-jina-potrubi-14-17-19-mm-3-dily-20327\/#primaryimage"},"thumbnailUrl":"https:\/\/www.koupeltech.com\/wp-content\/uploads\/2026\/SK0019233-CZ20260425-093449-0-1777080896-bgs-klice-na-vstrikovaci-a-jina-potrubi-14-17-19-mm-3-dily..webp","datePublished":"2026-04-27T13:58:52+00:00","breadcrumb":{"@id":"https:\/\/www.koupeltech.com\/index.php\/produkt\/akce-bgs-klice-na-vstrikovaci-a-jina-potrubi-14-17-19-mm-3-dily-20327\/#breadcrumb"},"inLanguage":"cs","potentialAction":[{"@type":"ReadAction","target":["https:\/\/www.koupeltech.com\/index.php\/produkt\/akce-bgs-klice-na-vstrikovaci-a-jina-potrubi-14-17-19-mm-3-dily-20327\/"]}]},{"@type":"ImageObject","inLanguage":"cs","@id":"https:\/\/www.koupeltech.com\/index.php\/produkt\/akce-bgs-klice-na-vstrikovaci-a-jina-potrubi-14-17-19-mm-3-dily-20327\/#primaryimage","url":"https:\/\/www.koupeltech.com\/wp-content\/uploads\/2026\/SK0019233-CZ20260425-093449-0-1777080896-bgs-klice-na-vstrikovaci-a-jina-potrubi-14-17-19-mm-3-dily..webp","contentUrl":"https:\/\/www.koupeltech.com\/wp-content\/uploads\/2026\/SK0019233-CZ20260425-093449-0-1777080896-bgs-klice-na-vstrikovaci-a-jina-potrubi-14-17-19-mm-3-dily..webp","width":1000,"height":525},{"@type":"BreadcrumbList","@id":"https:\/\/www.koupeltech.com\/index.php\/produkt\/akce-bgs-klice-na-vstrikovaci-a-jina-potrubi-14-17-19-mm-3-dily-20327\/#breadcrumb","itemListElement":[{"@type":"ListItem","position":1,"name":"Home","item":"https:\/\/www.koupeltech.com\/"},{"@type":"ListItem","position":2,"name":"Products","item":"https:\/\/www.koupeltech.com\/index.php\/products\/"},{"@type":"ListItem","position":3,"name":"Akce BGS Kl\u00ed\u010de na vst\u0159ikovac\u00ed a jin\u00e1 potrub\u00ed 14-17-19 mm, 3 d\u00edly"}]},{"@type":"WebSite","@id":"https:\/\/www.koupeltech.com\/#website","url":"https:\/\/www.koupeltech.com\/","name":"","description":"","potentialAction":[{"@type":"SearchAction","target":{"@type":"EntryPoint","urlTemplate":"https:\/\/www.koupeltech.com\/?s={search_term_string}"},"query-input":{"@type":"PropertyValueSpecification","valueRequired":true,"valueName":"search_term_string"}}],"inLanguage":"cs"}]}},"_links":{"self":[{"href":"https:\/\/www.koupeltech.com\/index.php\/wp-json\/wp\/v2\/product\/20327","targetHints":{"allow":["GET"]}}],"collection":[{"href":"https:\/\/www.koupeltech.com\/index.php\/wp-json\/wp\/v2\/product"}],"about":[{"href":"https:\/\/www.koupeltech.com\/index.php\/wp-json\/wp\/v2\/types\/product"}],"replies":[{"embeddable":true,"href":"https:\/\/www.koupeltech.com\/index.php\/wp-json\/wp\/v2\/comments?post=20327"}],"wp:featuredmedia":[{"embeddable":true,"href":"https:\/\/www.koupeltech.com\/index.php\/wp-json\/wp\/v2\/media\/20427"}],"wp:attachment":[{"href":"https:\/\/www.koupeltech.com\/index.php\/wp-json\/wp\/v2\/media?parent=20327"}],"wp:term":[{"taxonomy":"product_brand","embeddable":true,"href":"https:\/\/www.koupeltech.com\/index.php\/wp-json\/wp\/v2\/product_brand?post=20327"},{"taxonomy":"product_cat","embeddable":true,"href":"https:\/\/www.koupeltech.com\/index.php\/wp-json\/wp\/v2\/product_cat?post=20327"},{"taxonomy":"product_tag","embeddable":true,"href":"https:\/\/www.koupeltech.com\/index.php\/wp-json\/wp\/v2\/product_tag?post=20327"}],"curies":[{"name":"wp","href":"https:\/\/api.w.org\/{rel}","templated":true}]}}