{"id":20551,"date":"2026-04-27T13:58:54","date_gmt":"2026-04-27T13:58:54","guid":{"rendered":""},"modified":"2026-04-27T13:58:54","modified_gmt":"2026-04-27T13:58:54","slug":"akcni-cena-bgs-aretacni-pripravky-pro-vozy-fiat-ford-lancia-1-2-a-1-4-8v-20551","status":"publish","type":"product","link":"https:\/\/www.koupeltech.com\/index.php\/produkt\/akcni-cena-bgs-aretacni-pripravky-pro-vozy-fiat-ford-lancia-1-2-a-1-4-8v-20551\/","title":{"rendered":"Ak\u010dn\u00ed Cena BGS Areta\u010dn\u00ed p\u0159\u00edpravky pro vozy Fiat,Ford,Lancia  1,2 a 1,4  8V"},"content":{"rendered":"<div id=\"e3632959\" class=\"pages\">\n<div>\n<div id=\"PDDescription\" class=\"UserContentView userContent v1a v1 bs-view dcon dc164 PDDescription\" ><dc-con><dc-con><bs-empty><\/bs-empty><\/dc-con><dc-con>        <\/p>\n<div class=\"customDescription\">                    <\/div>\n<p><\/dc-con><dc-con><\/p>\n<p><strong>Areta\u010dn\u00ed p\u0159\u00edpravky pro vozy Fiat,Ford,Lancia 1,2 a 1,4 8V \u2013 BGS 8578<\/strong> je profesion\u00e1ln\u00ed p\u0159\u00edpravek BGS pro aretaci klikov\u00e9 h\u0159\u00eddele. Hod\u00ed se pro p\u0159esn\u00e9 nastaven\u00ed a zaji\u0161t\u011bn\u00ed komponent p\u0159i servisn\u00edch \u00fakonech na motoru.<\/p>\n<h2>K \u010demu slou\u017e\u00ed<\/h2>\n<ul>\n<li>usnad\u0148uje v\u00fdm\u011bnu rozvodov\u00e9ho \u0159emene a umo\u017e\u0148uje kontrolu rozvodu motoru u n\u00e1sleduj\u00edc\u00edch voz\u016f:\n<ul>\n<li>Fiat 500 (07-12), Doblo\/Cargo (05-10), Grande Punto (07 -12), Idea (04-12), Linea (07-11), Panda EVO2, Punto EVO (09-12)<\/li>\n<li>Lancia Ypsilon (06-11), Musa (05-12)< \/li>\n<li>Ford Ka (09-12)<\/li>\n<\/ul>\n<\/li>\n<li>s motory:\n<ul>\n<li>Fiat 1.2\/1.2 Dualogic, 169A4.000, 188A4.000 (pouze EVO2), 199A4.0001.4\/1.4 Bi-Fuel LPG \/ 1.4 Natural power CNG, 199A7.000, 350A1.000<\/li>\n<li>Lancia 1.4\/1.4 Bi-Fuel LPG, 350A1.000<\/li>\n<li>Ford 1.2 Duratec, 169A4.000 (FP4)<\/li>\n<\/ul>\n<\/li>\n<\/ul>\n<p><b>Rozsah dod\u00e1vky:<br \/><\/b><\/p>\n<ul>\n<li>N\u00e1stroj na zablokov\u00e1n\u00ed klikov\u00e9ho h\u0159\u00eddele, kter\u00fd se pou\u017e\u00edv\u00e1 jako OEM 2 000 004 500 u Fiat\/Lancia a OEM 303-1480 u Ford<\/li>\n<li>N\u00e1stroj pro nastaven\u00ed va\u010dkov\u00e9ho h\u0159\u00eddele, kter\u00fd se pou\u017eije jako OEM 2 000 004 400 u Fiat \/Lancia a OEM 303-1479 na Ford<\/li>\n<li>n\u00e1stroj na zamyk\u00e1n\u00ed \u0159et\u011bzov\u00fdch kol va\u010dkov\u00e9ho h\u0159\u00eddele, kter\u00fd se m\u00e1 pou\u017e\u00edt jako OEM 2 000 004 200 na Fiat\/Lancia a OEM 303-1477 na Ford<\/li>\n<li>Zarovn\u00e1va\u010d krytu va\u010dkov\u00e9ho h\u0159\u00eddele pro pou\u017eit\u00ed jako OEM 2.000.004.30 0 na Fiat\/Lancia a OEM 303-1478 na Ford<\/li>\n<li>nap\u00edna\u010d nap\u00edna\u010de, kter\u00fd bude pou\u017eit jako OEM 1 860 987 000 na Fiat\/Lancia<\/li>\n<\/ul>\n<h2>Kompatibilita \/ pou\u017eit\u00ed<\/h2>\n<p>Fiat, Ford, Lancia 1.2, 1.4 8V<\/p>\n<h2>Technick\u00e9 informace<\/h2>\n<p><strong>Hrub\u00e1 hmotnost:<\/strong> 1280 g<\/p>\n<h3>OEM reference<\/h3>\n<ul>\n<li>303-1477<\/li>\n<li>2000004200<\/li>\n<\/ul>\n<h2>P\u016fvodn\u00ed \u00fadaje (pro kontrolu)<\/h2>\n<p>K pou\u017eit\u00ed jako OEM2: 303-1477 | 303-1478 |303-1480 |303-1479 Ford Hrub\u00e1 hmotnost: 1280 g K pou\u017eit\u00ed jako OEM1: 2000004200 | 2190754200 | 2000004300 | 2000004400 | 2190754400 | 2191964400 | 2000004500 | 2190754500 | 2191964500 | 1860987000 Fiat<\/p>\n<h2>Tip<\/h2>\n<p>P\u0159ed aretac\u00ed si v\u017edy ov\u011b\u0159 postup podle servisn\u00edho manu\u00e1lu konkr\u00e9tn\u00edho motoru. Aretace \u0161et\u0159\u00ed \u010das a hlavn\u011b sni\u017euje riziko posunut\u00ed rozvod\u016f \u2013 ide\u00e1ln\u00ed p\u0159i v\u00fdm\u011bn\u011b \u0159emene\/\u0159et\u011bzu, t\u011bsn\u011bn\u00ed nebo dal\u0161\u00edch d\u00edl\u016f.<\/p>\n<p><\/dc-con><\/dc-con><\/div>\n<div id=\"PDDescription2\" class=\"UserContentView userContent v1a v1 bs-view dcon dc165 PDDescription2\" >V\u00dd\u0160KA BALEN\u00cd<\/div>\n<\/p><\/div>\n<div id=\"PDTable3\" class=\"ProductDetailTableView v3a v3 bs-view dcon dc185 PDTable3\" >\n<table>\n<thead><\/thead>\n<tbody>\n<tr class=\"attribute attr_bsshop_maker\">\n<td class=\"caption\">V\u00fdrobce<\/td>\n<td class=\"value\">BGS Technic<\/td>\n<\/tr>\n<\/tbody>\n<\/table>\n<\/div>\n<div id=\"PdProductGpsr\" class=\"ProductGpsrView v1a v1 bs-view dcon dc217 PdProductGpsr\" >\n<div class=\"subject\"><dc-root class=\"dcon dc219\"><span class=\"title\">Zodpov\u011bdn&#253; subjekt:<\/span><dc-con><dc-con><span class=\"company\">BGS technik KG<\/span><span class=\"name\">BGS Technic<\/span><\/dc-con><dc-con><span class=\"street\">Bandwirkerstr. 3<\/span><span class=\"city\">Wermelskirchen<\/span><span class=\"zip\">429 29<\/span><span class=\"country\">N\u011bmecko<\/span><\/dc-con><span class=\"email\">mail@bgs-technic.de<\/span><span class=\"phone\">+49 2196-720480<\/span><bs-empty><\/bs-empty><a href=\"https:\/\/www.bgstechnic.com\/\" class=\"link\" target=\"_blank\">https:\/\/www.bgstechnic.com\/<\/a><\/dc-con><bs-empty><\/bs-empty><\/dc-root><\/div>\n<p><bs-empty><\/bs-empty><\/div>\n<\/div>\n<div id=\"e3632960\" class=\"tabs\">\n","protected":false},"excerpt":{"rendered":"<p>Areta\u010dn\u00ed p\u0159\u00edpravky pro vozy Fiat,Ford,Lancia 1,2 a 1,4 8V \u2013 BGS 8578 je profesion\u00e1ln\u00ed p\u0159\u00edpravek BGS pro aretaci klikov\u00e9 h\u0159\u00eddele. Hod\u00ed se pro p\u0159esn\u00e9 nastaven\u00ed a zaji\u0161t\u011bn\u00ed komponent p\u0159i servisn\u00edch \u00fakonech na motoru. K \u010demu slou\u017e\u00ed usnad\u0148uje v\u00fdm\u011bnu rozvodov\u00e9ho \u0159emene a umo\u017e\u0148uje kontrolu rozvodu motoru u n\u00e1sleduj\u00edc\u00edch voz\u016f: Fiat 500 (07-12), Doblo\/Cargo (05-10), Grande Punto [&hellip;]<\/p>\n","protected":false},"featured_media":20651,"comment_status":"open","ping_status":"open","template":"","meta":[],"product_brand":[],"product_cat":[85],"product_tag":[],"class_list":{"0":"post-20551","1":"product","2":"type-product","3":"status-publish","4":"has-post-thumbnail","6":"product_cat-rucn-237-n-225-rad-237-a-d-237-lna","8":"first","9":"instock","10":"sale","11":"shipping-taxable","12":"purchasable","13":"product-type-simple"},"yoast_head":"<!-- This site is optimized with the Yoast SEO plugin v26.8 - https:\/\/yoast.com\/product\/yoast-seo-wordpress\/ -->\n<title>Ak\u010dn\u00ed Cena BGS Areta\u010dn\u00ed p\u0159\u00edpravky pro vozy Fiat,Ford,Lancia 1,2 a 1,4 8V -<\/title>\n<meta name=\"robots\" content=\"index, follow, max-snippet:-1, max-image-preview:large, max-video-preview:-1\" \/>\n<link rel=\"canonical\" href=\"https:\/\/www.koupeltech.com\/index.php\/produkt\/akcni-cena-bgs-aretacni-pripravky-pro-vozy-fiat-ford-lancia-1-2-a-1-4-8v-20551\/\" \/>\n<meta property=\"og:locale\" content=\"cs_CZ\" \/>\n<meta property=\"og:type\" content=\"article\" \/>\n<meta property=\"og:title\" content=\"Ak\u010dn\u00ed Cena BGS Areta\u010dn\u00ed p\u0159\u00edpravky pro vozy Fiat,Ford,Lancia 1,2 a 1,4 8V -\" \/>\n<meta property=\"og:description\" content=\"Areta\u010dn\u00ed p\u0159\u00edpravky pro vozy Fiat,Ford,Lancia 1,2 a 1,4 8V \u2013 BGS 8578 je profesion\u00e1ln\u00ed p\u0159\u00edpravek BGS pro aretaci klikov\u00e9 h\u0159\u00eddele. Hod\u00ed se pro p\u0159esn\u00e9 nastaven\u00ed a zaji\u0161t\u011bn\u00ed komponent p\u0159i servisn\u00edch \u00fakonech na motoru. K \u010demu slou\u017e\u00ed usnad\u0148uje v\u00fdm\u011bnu rozvodov\u00e9ho \u0159emene a umo\u017e\u0148uje kontrolu rozvodu motoru u n\u00e1sleduj\u00edc\u00edch voz\u016f: Fiat 500 (07-12), Doblo\/Cargo (05-10), Grande Punto [&hellip;]\" \/>\n<meta property=\"og:url\" content=\"https:\/\/www.koupeltech.com\/index.php\/produkt\/akcni-cena-bgs-aretacni-pripravky-pro-vozy-fiat-ford-lancia-1-2-a-1-4-8v-20551\/\" \/>\n<meta property=\"og:image\" content=\"https:\/\/www.koupeltech.com\/wp-content\/uploads\/2026\/SK0019357-CZ20260425-093449-0-1777080896-bgs-aretacni-pripravky-pro-vozy-fiat-ford-lancia-1-2-a-1-4-.webp\" \/>\n\t<meta property=\"og:image:width\" content=\"1000\" \/>\n\t<meta property=\"og:image:height\" content=\"525\" \/>\n\t<meta property=\"og:image:type\" content=\"image\/webp\" \/>\n<meta name=\"twitter:card\" content=\"summary_large_image\" \/>\n<meta name=\"twitter:label1\" content=\"Odhadovan\u00e1 doba \u010dten\u00ed\" \/>\n\t<meta name=\"twitter:data1\" content=\"2 minuty\" \/>\n<script type=\"application\/ld+json\" class=\"yoast-schema-graph\">{\"@context\":\"https:\/\/schema.org\",\"@graph\":[{\"@type\":\"WebPage\",\"@id\":\"https:\/\/www.koupeltech.com\/index.php\/produkt\/akcni-cena-bgs-aretacni-pripravky-pro-vozy-fiat-ford-lancia-1-2-a-1-4-8v-20551\/\",\"url\":\"https:\/\/www.koupeltech.com\/index.php\/produkt\/akcni-cena-bgs-aretacni-pripravky-pro-vozy-fiat-ford-lancia-1-2-a-1-4-8v-20551\/\",\"name\":\"Ak\u010dn\u00ed Cena BGS Areta\u010dn\u00ed p\u0159\u00edpravky pro vozy Fiat,Ford,Lancia 1,2 a 1,4 8V -\",\"isPartOf\":{\"@id\":\"https:\/\/www.koupeltech.com\/#website\"},\"primaryImageOfPage\":{\"@id\":\"https:\/\/www.koupeltech.com\/index.php\/produkt\/akcni-cena-bgs-aretacni-pripravky-pro-vozy-fiat-ford-lancia-1-2-a-1-4-8v-20551\/#primaryimage\"},\"image\":{\"@id\":\"https:\/\/www.koupeltech.com\/index.php\/produkt\/akcni-cena-bgs-aretacni-pripravky-pro-vozy-fiat-ford-lancia-1-2-a-1-4-8v-20551\/#primaryimage\"},\"thumbnailUrl\":\"https:\/\/www.koupeltech.com\/wp-content\/uploads\/2026\/SK0019357-CZ20260425-093449-0-1777080896-bgs-aretacni-pripravky-pro-vozy-fiat-ford-lancia-1-2-a-1-4-.webp\",\"datePublished\":\"2026-04-27T13:58:54+00:00\",\"breadcrumb\":{\"@id\":\"https:\/\/www.koupeltech.com\/index.php\/produkt\/akcni-cena-bgs-aretacni-pripravky-pro-vozy-fiat-ford-lancia-1-2-a-1-4-8v-20551\/#breadcrumb\"},\"inLanguage\":\"cs\",\"potentialAction\":[{\"@type\":\"ReadAction\",\"target\":[\"https:\/\/www.koupeltech.com\/index.php\/produkt\/akcni-cena-bgs-aretacni-pripravky-pro-vozy-fiat-ford-lancia-1-2-a-1-4-8v-20551\/\"]}]},{\"@type\":\"ImageObject\",\"inLanguage\":\"cs\",\"@id\":\"https:\/\/www.koupeltech.com\/index.php\/produkt\/akcni-cena-bgs-aretacni-pripravky-pro-vozy-fiat-ford-lancia-1-2-a-1-4-8v-20551\/#primaryimage\",\"url\":\"https:\/\/www.koupeltech.com\/wp-content\/uploads\/2026\/SK0019357-CZ20260425-093449-0-1777080896-bgs-aretacni-pripravky-pro-vozy-fiat-ford-lancia-1-2-a-1-4-.webp\",\"contentUrl\":\"https:\/\/www.koupeltech.com\/wp-content\/uploads\/2026\/SK0019357-CZ20260425-093449-0-1777080896-bgs-aretacni-pripravky-pro-vozy-fiat-ford-lancia-1-2-a-1-4-.webp\",\"width\":1000,\"height\":525},{\"@type\":\"BreadcrumbList\",\"@id\":\"https:\/\/www.koupeltech.com\/index.php\/produkt\/akcni-cena-bgs-aretacni-pripravky-pro-vozy-fiat-ford-lancia-1-2-a-1-4-8v-20551\/#breadcrumb\",\"itemListElement\":[{\"@type\":\"ListItem\",\"position\":1,\"name\":\"Home\",\"item\":\"https:\/\/www.koupeltech.com\/\"},{\"@type\":\"ListItem\",\"position\":2,\"name\":\"Products\",\"item\":\"https:\/\/www.koupeltech.com\/index.php\/products\/\"},{\"@type\":\"ListItem\",\"position\":3,\"name\":\"Ak\u010dn\u00ed Cena BGS Areta\u010dn\u00ed p\u0159\u00edpravky pro vozy Fiat,Ford,Lancia 1,2 a 1,4 8V\"}]},{\"@type\":\"WebSite\",\"@id\":\"https:\/\/www.koupeltech.com\/#website\",\"url\":\"https:\/\/www.koupeltech.com\/\",\"name\":\"\",\"description\":\"\",\"potentialAction\":[{\"@type\":\"SearchAction\",\"target\":{\"@type\":\"EntryPoint\",\"urlTemplate\":\"https:\/\/www.koupeltech.com\/?s={search_term_string}\"},\"query-input\":{\"@type\":\"PropertyValueSpecification\",\"valueRequired\":true,\"valueName\":\"search_term_string\"}}],\"inLanguage\":\"cs\"}]}<\/script>\n<!-- \/ Yoast SEO plugin. -->","yoast_head_json":{"title":"Ak\u010dn\u00ed Cena BGS Areta\u010dn\u00ed p\u0159\u00edpravky pro vozy Fiat,Ford,Lancia 1,2 a 1,4 8V -","robots":{"index":"index","follow":"follow","max-snippet":"max-snippet:-1","max-image-preview":"max-image-preview:large","max-video-preview":"max-video-preview:-1"},"canonical":"https:\/\/www.koupeltech.com\/index.php\/produkt\/akcni-cena-bgs-aretacni-pripravky-pro-vozy-fiat-ford-lancia-1-2-a-1-4-8v-20551\/","og_locale":"cs_CZ","og_type":"article","og_title":"Ak\u010dn\u00ed Cena BGS Areta\u010dn\u00ed p\u0159\u00edpravky pro vozy Fiat,Ford,Lancia 1,2 a 1,4 8V -","og_description":"Areta\u010dn\u00ed p\u0159\u00edpravky pro vozy Fiat,Ford,Lancia 1,2 a 1,4 8V \u2013 BGS 8578 je profesion\u00e1ln\u00ed p\u0159\u00edpravek BGS pro aretaci klikov\u00e9 h\u0159\u00eddele. Hod\u00ed se pro p\u0159esn\u00e9 nastaven\u00ed a zaji\u0161t\u011bn\u00ed komponent p\u0159i servisn\u00edch \u00fakonech na motoru. K \u010demu slou\u017e\u00ed usnad\u0148uje v\u00fdm\u011bnu rozvodov\u00e9ho \u0159emene a umo\u017e\u0148uje kontrolu rozvodu motoru u n\u00e1sleduj\u00edc\u00edch voz\u016f: Fiat 500 (07-12), Doblo\/Cargo (05-10), Grande Punto [&hellip;]","og_url":"https:\/\/www.koupeltech.com\/index.php\/produkt\/akcni-cena-bgs-aretacni-pripravky-pro-vozy-fiat-ford-lancia-1-2-a-1-4-8v-20551\/","og_image":[{"width":1000,"height":525,"url":"https:\/\/www.koupeltech.com\/wp-content\/uploads\/2026\/SK0019357-CZ20260425-093449-0-1777080896-bgs-aretacni-pripravky-pro-vozy-fiat-ford-lancia-1-2-a-1-4-.webp","type":"image\/webp"}],"twitter_card":"summary_large_image","twitter_misc":{"Odhadovan\u00e1 doba \u010dten\u00ed":"2 minuty"},"schema":{"@context":"https:\/\/schema.org","@graph":[{"@type":"WebPage","@id":"https:\/\/www.koupeltech.com\/index.php\/produkt\/akcni-cena-bgs-aretacni-pripravky-pro-vozy-fiat-ford-lancia-1-2-a-1-4-8v-20551\/","url":"https:\/\/www.koupeltech.com\/index.php\/produkt\/akcni-cena-bgs-aretacni-pripravky-pro-vozy-fiat-ford-lancia-1-2-a-1-4-8v-20551\/","name":"Ak\u010dn\u00ed Cena BGS Areta\u010dn\u00ed p\u0159\u00edpravky pro vozy Fiat,Ford,Lancia 1,2 a 1,4 8V -","isPartOf":{"@id":"https:\/\/www.koupeltech.com\/#website"},"primaryImageOfPage":{"@id":"https:\/\/www.koupeltech.com\/index.php\/produkt\/akcni-cena-bgs-aretacni-pripravky-pro-vozy-fiat-ford-lancia-1-2-a-1-4-8v-20551\/#primaryimage"},"image":{"@id":"https:\/\/www.koupeltech.com\/index.php\/produkt\/akcni-cena-bgs-aretacni-pripravky-pro-vozy-fiat-ford-lancia-1-2-a-1-4-8v-20551\/#primaryimage"},"thumbnailUrl":"https:\/\/www.koupeltech.com\/wp-content\/uploads\/2026\/SK0019357-CZ20260425-093449-0-1777080896-bgs-aretacni-pripravky-pro-vozy-fiat-ford-lancia-1-2-a-1-4-.webp","datePublished":"2026-04-27T13:58:54+00:00","breadcrumb":{"@id":"https:\/\/www.koupeltech.com\/index.php\/produkt\/akcni-cena-bgs-aretacni-pripravky-pro-vozy-fiat-ford-lancia-1-2-a-1-4-8v-20551\/#breadcrumb"},"inLanguage":"cs","potentialAction":[{"@type":"ReadAction","target":["https:\/\/www.koupeltech.com\/index.php\/produkt\/akcni-cena-bgs-aretacni-pripravky-pro-vozy-fiat-ford-lancia-1-2-a-1-4-8v-20551\/"]}]},{"@type":"ImageObject","inLanguage":"cs","@id":"https:\/\/www.koupeltech.com\/index.php\/produkt\/akcni-cena-bgs-aretacni-pripravky-pro-vozy-fiat-ford-lancia-1-2-a-1-4-8v-20551\/#primaryimage","url":"https:\/\/www.koupeltech.com\/wp-content\/uploads\/2026\/SK0019357-CZ20260425-093449-0-1777080896-bgs-aretacni-pripravky-pro-vozy-fiat-ford-lancia-1-2-a-1-4-.webp","contentUrl":"https:\/\/www.koupeltech.com\/wp-content\/uploads\/2026\/SK0019357-CZ20260425-093449-0-1777080896-bgs-aretacni-pripravky-pro-vozy-fiat-ford-lancia-1-2-a-1-4-.webp","width":1000,"height":525},{"@type":"BreadcrumbList","@id":"https:\/\/www.koupeltech.com\/index.php\/produkt\/akcni-cena-bgs-aretacni-pripravky-pro-vozy-fiat-ford-lancia-1-2-a-1-4-8v-20551\/#breadcrumb","itemListElement":[{"@type":"ListItem","position":1,"name":"Home","item":"https:\/\/www.koupeltech.com\/"},{"@type":"ListItem","position":2,"name":"Products","item":"https:\/\/www.koupeltech.com\/index.php\/products\/"},{"@type":"ListItem","position":3,"name":"Ak\u010dn\u00ed Cena BGS Areta\u010dn\u00ed p\u0159\u00edpravky pro vozy Fiat,Ford,Lancia 1,2 a 1,4 8V"}]},{"@type":"WebSite","@id":"https:\/\/www.koupeltech.com\/#website","url":"https:\/\/www.koupeltech.com\/","name":"","description":"","potentialAction":[{"@type":"SearchAction","target":{"@type":"EntryPoint","urlTemplate":"https:\/\/www.koupeltech.com\/?s={search_term_string}"},"query-input":{"@type":"PropertyValueSpecification","valueRequired":true,"valueName":"search_term_string"}}],"inLanguage":"cs"}]}},"_links":{"self":[{"href":"https:\/\/www.koupeltech.com\/index.php\/wp-json\/wp\/v2\/product\/20551","targetHints":{"allow":["GET"]}}],"collection":[{"href":"https:\/\/www.koupeltech.com\/index.php\/wp-json\/wp\/v2\/product"}],"about":[{"href":"https:\/\/www.koupeltech.com\/index.php\/wp-json\/wp\/v2\/types\/product"}],"replies":[{"embeddable":true,"href":"https:\/\/www.koupeltech.com\/index.php\/wp-json\/wp\/v2\/comments?post=20551"}],"wp:featuredmedia":[{"embeddable":true,"href":"https:\/\/www.koupeltech.com\/index.php\/wp-json\/wp\/v2\/media\/20651"}],"wp:attachment":[{"href":"https:\/\/www.koupeltech.com\/index.php\/wp-json\/wp\/v2\/media?parent=20551"}],"wp:term":[{"taxonomy":"product_brand","embeddable":true,"href":"https:\/\/www.koupeltech.com\/index.php\/wp-json\/wp\/v2\/product_brand?post=20551"},{"taxonomy":"product_cat","embeddable":true,"href":"https:\/\/www.koupeltech.com\/index.php\/wp-json\/wp\/v2\/product_cat?post=20551"},{"taxonomy":"product_tag","embeddable":true,"href":"https:\/\/www.koupeltech.com\/index.php\/wp-json\/wp\/v2\/product_tag?post=20551"}],"curies":[{"name":"wp","href":"https:\/\/api.w.org\/{rel}","templated":true}]}}