{"id":21128,"date":"2026-04-27T13:59:01","date_gmt":"2026-04-27T13:59:01","guid":{"rendered":""},"modified":"2026-04-27T13:59:01","modified_gmt":"2026-04-27T13:59:01","slug":"nejprodavanejsi-roth-pxvb-800x1500-mm-bocni-stena-k-zastene-pxv2-452-8000000-00-02-21128","status":"publish","type":"product","link":"https:\/\/www.koupeltech.com\/index.php\/produkt\/nejprodavanejsi-roth-pxvb-800x1500-mm-bocni-stena-k-zastene-pxv2-452-8000000-00-02-21128\/","title":{"rendered":"Nejprod\u00e1van\u011bj\u0161\u00ed Roth PXVB 800&#215;1500 mm, bo\u010dn\u00ed st\u011bna k z\u00e1st\u011bn\u011b PXV2 &#8211; 452-8000000-00-02"},"content":{"rendered":"<div class=\"basic-description\">\n<h3>Detailn\u00ed popis produktu<\/h3>\n<p><strong><span>Vanov\u00e1 z\u00e1st\u011bna s&nbsp;posuvn\u00fdmi dve\u0159mi PXV2 s&nbsp;pevnou bo\u010dn\u00ed st\u011bnou PXVB<\/span><\/strong><span> tvo\u0159\u00ed produkt <strong>PXV2+PXVB<\/strong>, kter\u00fd zajist\u00ed pohodln\u00e9 sprchov\u00e1n\u00ed.&nbsp;D\u00edky t\u00e9to vanov\u00e9 z\u00e1st\u011bn\u011b vytvo\u0159\u00edte z&nbsp;va\u0161\u00ed vany <strong>plnohodnotn\u00fd <\/strong>sprchov\u00fd kout a&nbsp;nemus\u00edte se tr\u00e1pit s&nbsp;p\u0159estavbou.<\/span><\/p>\n<p><span><meta charset=\"UTF-8\" \/><\/span><\/p>\n<div><span>Instala\u010dn\u00ed rozm\u011br (y):<\/span> <span>780\u2013805<\/span><\/div>\n<div><span>V\u00fd\u0161ka (h):<\/span> <span>1500 mm<\/span><\/div>\n<h2><span>Technick\u00e9 proveden\u00ed<\/span><\/h2>\n<p><span>Vanov\u00e1 z\u00e1st\u011bna se py\u0161n\u00ed <strong>odoln\u00fdmi, <\/strong>stabiln\u00edmi a<strong>&nbsp;bez\u00fadr\u017ebov\u00fdmi<\/strong> hlin\u00edkov\u00fdmi profily v&nbsp;proveden\u00ed Brillant.&nbsp;Posuvn\u00e9 dve\u0159e se pohybuj\u00ed po <strong>vysoce kvalitn\u00edch <\/strong>lo\u017eiskov\u00fdch pojezdech.&nbsp;Spodn\u00ed pojezdy lze <strong>vyklopit<\/strong> a&nbsp;to umo\u017e\u0148uje <strong>snadnou \u00fadr\u017ebu<\/strong> v&nbsp;jindy t\u011b\u017eko dostupn\u00fdch m\u00edstech. V\u00fdpl\u0148 <strong>bezpe\u010dnostn\u00edch<\/strong> skel nab\u00edz\u00edme v&nbsp;nad\u010dasov\u00e9m <strong>transparentn\u00edm<\/strong> (\u010dir\u00e9m) proveden\u00ed, kter\u00e9 se skv\u011ble hod\u00ed do v\u0161ech typ\u016f koupelen. <\/span><span>V\u00fd\u0161ka samotn\u00e9 vanov\u00e9 z\u00e1st\u011bny je <strong>1500 mm<\/strong>, ve spojen\u00ed s&nbsp;hloubkou vany tak poskytuje pohodln\u00e9 sprchov\u00e1n\u00ed bez obav z&nbsp;vyplaven\u00e9 koupelny.<\/span><\/p>\n<p><span>Z\u00e1st\u011bna m\u00e1 <strong>precizn\u00ed magnetick\u00e9 <\/strong>t\u011bsn\u011bn\u00ed, v&nbsp;tomto p\u0159\u00edpad\u011b mezi dve\u0159mi a&nbsp;profilem, kter\u00e9 zaji\u0161\u0165uje <strong>dokonalou t\u011bsnost<\/strong>.&nbsp;T\u011bsn\u00edc\u00ed <\/span><span>silikonov\u00fd praporek na spodn\u00ed hran\u011b dve\u0159\u00ed <strong>zamezuje podst\u0159iku <\/strong>vody pod z\u00e1st\u011bnou. D\u00edky t\u011bmto t\u011bsn\u00edc\u00edm komponent\u016fm u\u017e nebude p\u0159ed vanou potopa, po kter\u00e9 byste mohli uklouznout. Cel\u00fd vzhled t\u00e9to z\u00e1st\u011bny podtrhuj\u00ed dv\u011b<strong> madla z&nbsp;le\u0161t\u011bn\u00e9ho hlin\u00edku<\/strong>, p\u0159i\u010dem\u017e madlo na pevn\u00e9 st\u011bn\u011b slou\u017e\u00ed jako praktick\u00fd<strong>dr\u017e\u00e1k <\/strong>ru\u010dn\u00edk\u016f.<\/span><\/p>\n<p>Na d\u016fkaz <strong>precizn\u00edho <\/strong>zpracov\u00e1n\u00eda<strong>&nbsp;vysok\u00e9 kvality<\/strong> v\u00e1m na vanovou z\u00e1st\u011bnu PXV2+PXVB poskytneme <strong>prodlou\u017eenou z\u00e1ruku 5&nbsp;let<\/strong>.<\/p>\n<\/p>\n<h2>Kombinace z\u00e1st\u011bny s pevnou st\u011bnou a jejich instalace<\/h2>\n<p>Podle vlastn\u00edch po\u017eadavk\u016f si <strong>sami nakombinujete <\/strong>rozm\u011bryvanov\u00e9 z\u00e1st\u011bny PXV2 a&nbsp;bo\u010dn\u00ed st\u011bny PXVB tak, aby odpov\u00eddaly rozm\u011br\u016fm va\u0161\u00ed vany. M\u016f\u017eete si tak\u00e9 <strong>zvolit<\/strong>, zda v\u00e1m v\u00edce vyhovuje <strong>lev\u00e9 \u010di prav\u00e9 <\/strong>otv\u00edr\u00e1n\u00ed dve\u0159\u00ed.&nbsp;<\/p>\n<p>Instala\u010dn\u00ed rozm\u011br slou\u017e\u00ed pro <strong>variabiln\u00ed <\/strong>mo\u017enosti instalace dve\u0159\u00ed\/z\u00e1st\u011bny. Umo\u017e\u0148uje nainstalov\u00e1n\u00ed dve\u0159\u00ed\/z\u00e1st\u011bny do uveden\u00fdch rozm\u011br\u016f. <strong>Rozmez\u00ed<\/strong> instala\u010dn\u00edho rozm\u011bru je<strong> d\u016fle\u017eitou <\/strong>informac\u00edpro stavebn\u00ed p\u0159ipravenost.&nbsp;<\/p>\n<p><span>Stabiln\u00ed hlin\u00edkov\u00e9 profily jsou upevn\u011bny ke st\u011bn\u00e1m pomoc\u00ed<strong> vnit\u0159n\u00edch zapu\u0161t\u011bn\u00fdch <\/strong>\u0161roub\u016f.&nbsp;Dal\u0161\u00ed \u0161rouby z&nbsp;pohledu zevnit\u0159 sprchovac\u00edho prostoru jsou opat\u0159eny<strong> krytkami<\/strong> v&nbsp;barv\u011b profilu.&nbsp;<\/span><\/p>\n<p>Doporu\u010dujeme prohl\u00e9dnout si <strong>Mont\u00e1\u017en\u00ed n\u00e1vod <\/strong>v\u00fd\u0161e v&nbsp;z\u00e1lo\u017ece <strong>Dokumenty<\/strong>.<\/p>\n<h2>Odkl\u00e1p\u011bn\u00ed pro snadnou \u00fadr\u017ebu<\/h2>\n<p><span>Odklopen\u00ed dve\u0159\u00ed je velice snadn\u00e9.&nbsp;<\/span><span>Jak m\u016f\u017eete vid\u011bt na obr\u00e1zku, na pojezdech se nach\u00e1z\u00ed st\u0159\u00edbrn\u00fd <strong>&#8222;\u010dudl\u00edk&#8220;<\/strong>.&nbsp;\u010cudl\u00edk&nbsp;<\/span><strong>stla\u010dte<\/strong><span>&nbsp;sm\u011brem dol\u016f a&nbsp;n\u00e1sledn\u011b dve\u0159e u\u017e&nbsp;jen&nbsp;<\/span><strong>odklop\u00edte<\/strong><span>&nbsp;od li\u0161ty. Je nutn\u00e9 oba dva \u010dudl\u00edky na obou pojezdech stla\u010dit &nbsp;<\/span><strong>najednou<\/strong><span>, abyste sklo mohli bez probl\u00e9mu odklopit. Dve\u0159e se v\u0161ak d<\/span><span>aj\u00ed vyklopit pouze v&nbsp;<\/span><strong>doln\u00ed \u010d\u00e1sti<\/strong><span>, v&nbsp;horn\u00ed \u010d\u00e1sti z\u016fst\u00e1vaj\u00ed&nbsp;<\/span><strong>st\u00e1le<\/strong><span>&nbsp;<\/span><strong>p\u0159ipevn\u011bn\u00e9<\/strong><span>, co\u017e zaji\u0161\u0165uje, \u017ee na v\u00e1s dve\u0159e nespadnou a&nbsp;<\/span><strong>nezp\u016fsob\u00ed \u017e\u00e1dn\u00fd \u00faraz<\/strong><span>.&nbsp;<\/span><span>Po vy\u010di\u0161t\u011bn\u00ed pojezdy jen&nbsp;<\/span><strong>nacvaknete<\/strong><span>&nbsp;zp\u011bt do li\u0161ty. Neexistuje nic snaz\u0161\u00edho.<\/span><\/p>\n<h2>BEZPE\u010cNOSTN\u00cd SKLA S&nbsp;POVRCHOVOU \u00daPRAVOU<\/h2>\n<p>Vanov\u00e1 z\u00e1st\u011bna<strong> PXV2+PXVB<\/strong> disponuje <strong>bezpe\u010dnostn\u00edmi skly o&nbsp;s\u00edle 6<\/strong><strong> mm<\/strong>, <span>vyroben\u00fdmi tzv.&nbsp;<\/span><strong>kalen\u00edm<\/strong><span>&nbsp;(zah\u0159\u00e1t\u00edm a&nbsp;n\u00e1sledn\u011b prudk\u00fdm ochlazen\u00edm), kter\u00e9 vysoce zvy\u0161uje jejich mechanickou a&nbsp;tepelnou odolnost i&nbsp;ohybovou pevnost. V\u00fddr\u017e skel byla&nbsp;<\/span><strong>testov\u00e1na<\/strong><span>&nbsp;silou 140 kg koncentrovanou do st\u0159edu skla zav\u011b\u0161en\u00e9ho za hrany. Je velmi nepravd\u011bpodobn\u00e9, \u017ee by tato situace b\u011b\u017en\u011b nastala, a&nbsp;proto je <strong>\u0161ance na rozbit\u00ed skla minim\u00e1ln\u00ed<\/strong>.&nbsp;Pokud p\u0159esto dojde k&nbsp;po\u0161kozen\u00ed skla, rozpadne se (obdobn\u011b jako u&nbsp;autoskel) na drobn\u00e9 \u00falomky&nbsp;<strong>bez ostr\u00fdch hran<\/strong>, tak\u017ee se nemus\u00edte b\u00e1t poran\u011bn\u00ed.<\/span><\/p>\n<p>V\u0161echna bezpe\u010dnostn\u00ed skla jsou opat\u0159ena povrchovou&nbsp;\u00fapravou<strong>&nbsp;RothETC<\/strong>.&nbsp;Jedn\u00e1 se o&nbsp;nejnov\u011bj\u0161\u00ed&nbsp;<strong>nanotechnologii<\/strong>, kter\u00e1 z<strong>abra\u0148uje usazov\u00e1n\u00ed ne\u010distot, mastnot a&nbsp;vodn\u00edho kamene<\/strong>.&nbsp;\u00dadr\u017eba nyn\u00ed zabere jen p\u00e1r minut a&nbsp;vy d\u00edky tomu nebudete m\u00edt rozm\u00e1\u010den\u00e9 prsty s&nbsp;varh\u00e1nky.<\/p>\n<\/p>\n<p><strong>UPOZORN\u011aN\u00cd<\/strong>:&nbsp;<br \/> Pevn\u00e1 bo\u010dn\u00ed st\u011bna PXVB nen\u00ed sou\u010d\u00e1st\u00ed vanov\u00e9 z\u00e1st\u011bny PXV2. Pevnou bo\u010dn\u00ed st\u011bnu lze dokoupit zvl\u00e1\u0161\u0165 a m\u016f\u017eete si vybrat z r\u016fzn\u00fdch rozm\u011br\u016f: 70, 75, 80, 90 cm.<\/p>\n<p><strong>Upozorn\u011bn\u00ed pro z\u00e1kazn\u00edky ke koupi produkt\u016f na objedn\u00e1n\u00ed:<\/strong> Toto zbo\u017e\u00ed nen\u00ed standardn\u00edm s\u00e9riov\u00fdm v\u00fdrobkem. Bude vyrobeno na p\u0159\u00e1n\u00ed z\u00e1kazn\u00edka a proto jej <strong>nelze dodavateli v z\u00e1konn\u00e9 lh\u016ft\u011b vr\u00e1tit<\/strong>. (viz \u00a71837 odst.d, ob\u010dansk\u00e9ho z\u00e1kon\u00edku). V tomto p\u0159\u00edpad\u011b m\u016f\u017eeme po\u017eadovat nevratnou z\u00e1lohu a\u017e do v\u00fd\u0161e 100 % z ceny v\u00fdrobku.<\/p>\n<\/p><\/div>\n","protected":false},"excerpt":{"rendered":"<p>Detailn\u00ed popis produktu Vanov\u00e1 z\u00e1st\u011bna s&nbsp;posuvn\u00fdmi dve\u0159mi PXV2 s&nbsp;pevnou bo\u010dn\u00ed st\u011bnou PXVB tvo\u0159\u00ed produkt PXV2+PXVB, kter\u00fd zajist\u00ed pohodln\u00e9 sprchov\u00e1n\u00ed.&nbsp;D\u00edky t\u00e9to vanov\u00e9 z\u00e1st\u011bn\u011b vytvo\u0159\u00edte z&nbsp;va\u0161\u00ed vany plnohodnotn\u00fd sprchov\u00fd kout a&nbsp;nemus\u00edte se tr\u00e1pit s&nbsp;p\u0159estavbou. Instala\u010dn\u00ed rozm\u011br (y): 780\u2013805 V\u00fd\u0161ka (h): 1500 mm Technick\u00e9 proveden\u00ed Vanov\u00e1 z\u00e1st\u011bna se py\u0161n\u00ed odoln\u00fdmi, stabiln\u00edmi a&nbsp;bez\u00fadr\u017ebov\u00fdmi hlin\u00edkov\u00fdmi profily v&nbsp;proveden\u00ed Brillant.&nbsp;Posuvn\u00e9 dve\u0159e se [&hellip;]<\/p>\n","protected":false},"featured_media":21228,"comment_status":"open","ping_status":"open","template":"","meta":[],"product_brand":[],"product_cat":[88],"product_tag":[],"class_list":{"0":"post-21128","1":"product","2":"type-product","3":"status-publish","4":"has-post-thumbnail","6":"product_cat-vany","8":"first","9":"instock","10":"sale","11":"shipping-taxable","12":"purchasable","13":"product-type-simple"},"yoast_head":"<!-- This site is optimized with the Yoast SEO plugin v26.8 - https:\/\/yoast.com\/product\/yoast-seo-wordpress\/ -->\n<title>Nejprod\u00e1van\u011bj\u0161\u00ed Roth PXVB 800x1500 mm, bo\u010dn\u00ed st\u011bna k z\u00e1st\u011bn\u011b PXV2 - 452-8000000-00-02 -<\/title>\n<meta name=\"robots\" content=\"index, follow, max-snippet:-1, max-image-preview:large, max-video-preview:-1\" \/>\n<link rel=\"canonical\" href=\"https:\/\/www.koupeltech.com\/index.php\/produkt\/nejprodavanejsi-roth-pxvb-800x1500-mm-bocni-stena-k-zastene-pxv2-452-8000000-00-02-21128\/\" \/>\n<meta property=\"og:locale\" content=\"cs_CZ\" \/>\n<meta property=\"og:type\" content=\"article\" \/>\n<meta property=\"og:title\" content=\"Nejprod\u00e1van\u011bj\u0161\u00ed Roth PXVB 800x1500 mm, bo\u010dn\u00ed st\u011bna k z\u00e1st\u011bn\u011b PXV2 - 452-8000000-00-02 -\" \/>\n<meta property=\"og:description\" content=\"Detailn\u00ed popis produktu Vanov\u00e1 z\u00e1st\u011bna s&nbsp;posuvn\u00fdmi dve\u0159mi PXV2 s&nbsp;pevnou bo\u010dn\u00ed st\u011bnou PXVB tvo\u0159\u00ed produkt PXV2+PXVB, kter\u00fd zajist\u00ed pohodln\u00e9 sprchov\u00e1n\u00ed.&nbsp;D\u00edky t\u00e9to vanov\u00e9 z\u00e1st\u011bn\u011b vytvo\u0159\u00edte z&nbsp;va\u0161\u00ed vany plnohodnotn\u00fd sprchov\u00fd kout a&nbsp;nemus\u00edte se tr\u00e1pit s&nbsp;p\u0159estavbou. Instala\u010dn\u00ed rozm\u011br (y): 780\u2013805 V\u00fd\u0161ka (h): 1500 mm Technick\u00e9 proveden\u00ed Vanov\u00e1 z\u00e1st\u011bna se py\u0161n\u00ed odoln\u00fdmi, stabiln\u00edmi a&nbsp;bez\u00fadr\u017ebov\u00fdmi hlin\u00edkov\u00fdmi profily v&nbsp;proveden\u00ed Brillant.&nbsp;Posuvn\u00e9 dve\u0159e se [&hellip;]\" \/>\n<meta property=\"og:url\" content=\"https:\/\/www.koupeltech.com\/index.php\/produkt\/nejprodavanejsi-roth-pxvb-800x1500-mm-bocni-stena-k-zastene-pxv2-452-8000000-00-02-21128\/\" \/>\n<meta property=\"og:image\" content=\"https:\/\/www.koupeltech.com\/wp-content\/uploads\/2026\/SK0020053-CZ20260425-093631-0-1777080994-334178-1_roth-pxvb-800x1500-mm--vanova-zastena-452-8000000-.webp\" \/>\n\t<meta property=\"og:image:width\" content=\"1000\" \/>\n\t<meta property=\"og:image:height\" content=\"750\" \/>\n\t<meta property=\"og:image:type\" content=\"image\/webp\" \/>\n<meta name=\"twitter:card\" content=\"summary_large_image\" \/>\n<meta name=\"twitter:label1\" content=\"Odhadovan\u00e1 doba \u010dten\u00ed\" \/>\n\t<meta name=\"twitter:data1\" content=\"5 minut\" \/>\n<script type=\"application\/ld+json\" class=\"yoast-schema-graph\">{\"@context\":\"https:\/\/schema.org\",\"@graph\":[{\"@type\":\"WebPage\",\"@id\":\"https:\/\/www.koupeltech.com\/index.php\/produkt\/nejprodavanejsi-roth-pxvb-800x1500-mm-bocni-stena-k-zastene-pxv2-452-8000000-00-02-21128\/\",\"url\":\"https:\/\/www.koupeltech.com\/index.php\/produkt\/nejprodavanejsi-roth-pxvb-800x1500-mm-bocni-stena-k-zastene-pxv2-452-8000000-00-02-21128\/\",\"name\":\"Nejprod\u00e1van\u011bj\u0161\u00ed Roth PXVB 800x1500 mm, bo\u010dn\u00ed st\u011bna k z\u00e1st\u011bn\u011b PXV2 - 452-8000000-00-02 -\",\"isPartOf\":{\"@id\":\"https:\/\/www.koupeltech.com\/#website\"},\"primaryImageOfPage\":{\"@id\":\"https:\/\/www.koupeltech.com\/index.php\/produkt\/nejprodavanejsi-roth-pxvb-800x1500-mm-bocni-stena-k-zastene-pxv2-452-8000000-00-02-21128\/#primaryimage\"},\"image\":{\"@id\":\"https:\/\/www.koupeltech.com\/index.php\/produkt\/nejprodavanejsi-roth-pxvb-800x1500-mm-bocni-stena-k-zastene-pxv2-452-8000000-00-02-21128\/#primaryimage\"},\"thumbnailUrl\":\"https:\/\/www.koupeltech.com\/wp-content\/uploads\/2026\/SK0020053-CZ20260425-093631-0-1777080994-334178-1_roth-pxvb-800x1500-mm--vanova-zastena-452-8000000-.webp\",\"datePublished\":\"2026-04-27T13:59:01+00:00\",\"breadcrumb\":{\"@id\":\"https:\/\/www.koupeltech.com\/index.php\/produkt\/nejprodavanejsi-roth-pxvb-800x1500-mm-bocni-stena-k-zastene-pxv2-452-8000000-00-02-21128\/#breadcrumb\"},\"inLanguage\":\"cs\",\"potentialAction\":[{\"@type\":\"ReadAction\",\"target\":[\"https:\/\/www.koupeltech.com\/index.php\/produkt\/nejprodavanejsi-roth-pxvb-800x1500-mm-bocni-stena-k-zastene-pxv2-452-8000000-00-02-21128\/\"]}]},{\"@type\":\"ImageObject\",\"inLanguage\":\"cs\",\"@id\":\"https:\/\/www.koupeltech.com\/index.php\/produkt\/nejprodavanejsi-roth-pxvb-800x1500-mm-bocni-stena-k-zastene-pxv2-452-8000000-00-02-21128\/#primaryimage\",\"url\":\"https:\/\/www.koupeltech.com\/wp-content\/uploads\/2026\/SK0020053-CZ20260425-093631-0-1777080994-334178-1_roth-pxvb-800x1500-mm--vanova-zastena-452-8000000-.webp\",\"contentUrl\":\"https:\/\/www.koupeltech.com\/wp-content\/uploads\/2026\/SK0020053-CZ20260425-093631-0-1777080994-334178-1_roth-pxvb-800x1500-mm--vanova-zastena-452-8000000-.webp\",\"width\":1000,\"height\":750},{\"@type\":\"BreadcrumbList\",\"@id\":\"https:\/\/www.koupeltech.com\/index.php\/produkt\/nejprodavanejsi-roth-pxvb-800x1500-mm-bocni-stena-k-zastene-pxv2-452-8000000-00-02-21128\/#breadcrumb\",\"itemListElement\":[{\"@type\":\"ListItem\",\"position\":1,\"name\":\"Home\",\"item\":\"https:\/\/www.koupeltech.com\/\"},{\"@type\":\"ListItem\",\"position\":2,\"name\":\"Products\",\"item\":\"https:\/\/www.koupeltech.com\/index.php\/products\/\"},{\"@type\":\"ListItem\",\"position\":3,\"name\":\"Nejprod\u00e1van\u011bj\u0161\u00ed Roth PXVB 800&#215;1500 mm, bo\u010dn\u00ed st\u011bna k z\u00e1st\u011bn\u011b PXV2 &#8211; 452-8000000-00-02\"}]},{\"@type\":\"WebSite\",\"@id\":\"https:\/\/www.koupeltech.com\/#website\",\"url\":\"https:\/\/www.koupeltech.com\/\",\"name\":\"\",\"description\":\"\",\"potentialAction\":[{\"@type\":\"SearchAction\",\"target\":{\"@type\":\"EntryPoint\",\"urlTemplate\":\"https:\/\/www.koupeltech.com\/?s={search_term_string}\"},\"query-input\":{\"@type\":\"PropertyValueSpecification\",\"valueRequired\":true,\"valueName\":\"search_term_string\"}}],\"inLanguage\":\"cs\"}]}<\/script>\n<!-- \/ Yoast SEO plugin. -->","yoast_head_json":{"title":"Nejprod\u00e1van\u011bj\u0161\u00ed Roth PXVB 800x1500 mm, bo\u010dn\u00ed st\u011bna k z\u00e1st\u011bn\u011b PXV2 - 452-8000000-00-02 -","robots":{"index":"index","follow":"follow","max-snippet":"max-snippet:-1","max-image-preview":"max-image-preview:large","max-video-preview":"max-video-preview:-1"},"canonical":"https:\/\/www.koupeltech.com\/index.php\/produkt\/nejprodavanejsi-roth-pxvb-800x1500-mm-bocni-stena-k-zastene-pxv2-452-8000000-00-02-21128\/","og_locale":"cs_CZ","og_type":"article","og_title":"Nejprod\u00e1van\u011bj\u0161\u00ed Roth PXVB 800x1500 mm, bo\u010dn\u00ed st\u011bna k z\u00e1st\u011bn\u011b PXV2 - 452-8000000-00-02 -","og_description":"Detailn\u00ed popis produktu Vanov\u00e1 z\u00e1st\u011bna s&nbsp;posuvn\u00fdmi dve\u0159mi PXV2 s&nbsp;pevnou bo\u010dn\u00ed st\u011bnou PXVB tvo\u0159\u00ed produkt PXV2+PXVB, kter\u00fd zajist\u00ed pohodln\u00e9 sprchov\u00e1n\u00ed.&nbsp;D\u00edky t\u00e9to vanov\u00e9 z\u00e1st\u011bn\u011b vytvo\u0159\u00edte z&nbsp;va\u0161\u00ed vany plnohodnotn\u00fd sprchov\u00fd kout a&nbsp;nemus\u00edte se tr\u00e1pit s&nbsp;p\u0159estavbou. Instala\u010dn\u00ed rozm\u011br (y): 780\u2013805 V\u00fd\u0161ka (h): 1500 mm Technick\u00e9 proveden\u00ed Vanov\u00e1 z\u00e1st\u011bna se py\u0161n\u00ed odoln\u00fdmi, stabiln\u00edmi a&nbsp;bez\u00fadr\u017ebov\u00fdmi hlin\u00edkov\u00fdmi profily v&nbsp;proveden\u00ed Brillant.&nbsp;Posuvn\u00e9 dve\u0159e se [&hellip;]","og_url":"https:\/\/www.koupeltech.com\/index.php\/produkt\/nejprodavanejsi-roth-pxvb-800x1500-mm-bocni-stena-k-zastene-pxv2-452-8000000-00-02-21128\/","og_image":[{"width":1000,"height":750,"url":"https:\/\/www.koupeltech.com\/wp-content\/uploads\/2026\/SK0020053-CZ20260425-093631-0-1777080994-334178-1_roth-pxvb-800x1500-mm--vanova-zastena-452-8000000-.webp","type":"image\/webp"}],"twitter_card":"summary_large_image","twitter_misc":{"Odhadovan\u00e1 doba \u010dten\u00ed":"5 minut"},"schema":{"@context":"https:\/\/schema.org","@graph":[{"@type":"WebPage","@id":"https:\/\/www.koupeltech.com\/index.php\/produkt\/nejprodavanejsi-roth-pxvb-800x1500-mm-bocni-stena-k-zastene-pxv2-452-8000000-00-02-21128\/","url":"https:\/\/www.koupeltech.com\/index.php\/produkt\/nejprodavanejsi-roth-pxvb-800x1500-mm-bocni-stena-k-zastene-pxv2-452-8000000-00-02-21128\/","name":"Nejprod\u00e1van\u011bj\u0161\u00ed Roth PXVB 800x1500 mm, bo\u010dn\u00ed st\u011bna k z\u00e1st\u011bn\u011b PXV2 - 452-8000000-00-02 -","isPartOf":{"@id":"https:\/\/www.koupeltech.com\/#website"},"primaryImageOfPage":{"@id":"https:\/\/www.koupeltech.com\/index.php\/produkt\/nejprodavanejsi-roth-pxvb-800x1500-mm-bocni-stena-k-zastene-pxv2-452-8000000-00-02-21128\/#primaryimage"},"image":{"@id":"https:\/\/www.koupeltech.com\/index.php\/produkt\/nejprodavanejsi-roth-pxvb-800x1500-mm-bocni-stena-k-zastene-pxv2-452-8000000-00-02-21128\/#primaryimage"},"thumbnailUrl":"https:\/\/www.koupeltech.com\/wp-content\/uploads\/2026\/SK0020053-CZ20260425-093631-0-1777080994-334178-1_roth-pxvb-800x1500-mm--vanova-zastena-452-8000000-.webp","datePublished":"2026-04-27T13:59:01+00:00","breadcrumb":{"@id":"https:\/\/www.koupeltech.com\/index.php\/produkt\/nejprodavanejsi-roth-pxvb-800x1500-mm-bocni-stena-k-zastene-pxv2-452-8000000-00-02-21128\/#breadcrumb"},"inLanguage":"cs","potentialAction":[{"@type":"ReadAction","target":["https:\/\/www.koupeltech.com\/index.php\/produkt\/nejprodavanejsi-roth-pxvb-800x1500-mm-bocni-stena-k-zastene-pxv2-452-8000000-00-02-21128\/"]}]},{"@type":"ImageObject","inLanguage":"cs","@id":"https:\/\/www.koupeltech.com\/index.php\/produkt\/nejprodavanejsi-roth-pxvb-800x1500-mm-bocni-stena-k-zastene-pxv2-452-8000000-00-02-21128\/#primaryimage","url":"https:\/\/www.koupeltech.com\/wp-content\/uploads\/2026\/SK0020053-CZ20260425-093631-0-1777080994-334178-1_roth-pxvb-800x1500-mm--vanova-zastena-452-8000000-.webp","contentUrl":"https:\/\/www.koupeltech.com\/wp-content\/uploads\/2026\/SK0020053-CZ20260425-093631-0-1777080994-334178-1_roth-pxvb-800x1500-mm--vanova-zastena-452-8000000-.webp","width":1000,"height":750},{"@type":"BreadcrumbList","@id":"https:\/\/www.koupeltech.com\/index.php\/produkt\/nejprodavanejsi-roth-pxvb-800x1500-mm-bocni-stena-k-zastene-pxv2-452-8000000-00-02-21128\/#breadcrumb","itemListElement":[{"@type":"ListItem","position":1,"name":"Home","item":"https:\/\/www.koupeltech.com\/"},{"@type":"ListItem","position":2,"name":"Products","item":"https:\/\/www.koupeltech.com\/index.php\/products\/"},{"@type":"ListItem","position":3,"name":"Nejprod\u00e1van\u011bj\u0161\u00ed Roth PXVB 800&#215;1500 mm, bo\u010dn\u00ed st\u011bna k z\u00e1st\u011bn\u011b PXV2 &#8211; 452-8000000-00-02"}]},{"@type":"WebSite","@id":"https:\/\/www.koupeltech.com\/#website","url":"https:\/\/www.koupeltech.com\/","name":"","description":"","potentialAction":[{"@type":"SearchAction","target":{"@type":"EntryPoint","urlTemplate":"https:\/\/www.koupeltech.com\/?s={search_term_string}"},"query-input":{"@type":"PropertyValueSpecification","valueRequired":true,"valueName":"search_term_string"}}],"inLanguage":"cs"}]}},"_links":{"self":[{"href":"https:\/\/www.koupeltech.com\/index.php\/wp-json\/wp\/v2\/product\/21128","targetHints":{"allow":["GET"]}}],"collection":[{"href":"https:\/\/www.koupeltech.com\/index.php\/wp-json\/wp\/v2\/product"}],"about":[{"href":"https:\/\/www.koupeltech.com\/index.php\/wp-json\/wp\/v2\/types\/product"}],"replies":[{"embeddable":true,"href":"https:\/\/www.koupeltech.com\/index.php\/wp-json\/wp\/v2\/comments?post=21128"}],"wp:featuredmedia":[{"embeddable":true,"href":"https:\/\/www.koupeltech.com\/index.php\/wp-json\/wp\/v2\/media\/21228"}],"wp:attachment":[{"href":"https:\/\/www.koupeltech.com\/index.php\/wp-json\/wp\/v2\/media?parent=21128"}],"wp:term":[{"taxonomy":"product_brand","embeddable":true,"href":"https:\/\/www.koupeltech.com\/index.php\/wp-json\/wp\/v2\/product_brand?post=21128"},{"taxonomy":"product_cat","embeddable":true,"href":"https:\/\/www.koupeltech.com\/index.php\/wp-json\/wp\/v2\/product_cat?post=21128"},{"taxonomy":"product_tag","embeddable":true,"href":"https:\/\/www.koupeltech.com\/index.php\/wp-json\/wp\/v2\/product_tag?post=21128"}],"curies":[{"name":"wp","href":"https:\/\/api.w.org\/{rel}","templated":true}]}}