{"id":21132,"date":"2026-04-27T13:59:01","date_gmt":"2026-04-27T13:59:01","guid":{"rendered":""},"modified":"2026-04-27T13:59:01","modified_gmt":"2026-04-27T13:59:01","slug":"sapho-powerflex-kovova-sprchova-hadice-150cm-zlato-flex150g-sezonni-sleva-21132","status":"publish","type":"product","link":"https:\/\/www.koupeltech.com\/index.php\/produkt\/sapho-powerflex-kovova-sprchova-hadice-150cm-zlato-flex150g-sezonni-sleva-21132\/","title":{"rendered":"Sapho POWERFLEX kovov\u00e1 sprchov\u00e1 hadice, 150cm, zlato FLEX150G Sez\u00f3nn\u00ed Sleva"},"content":{"rendered":"<div class=\"basic-description\">\n<h3>Detailn\u00ed popis produktu<\/h3>\n<p><\/p>\n<h2 class=\"props-title\">Vlastnosti<\/h2>\n<table>\n<tr>\n<th>Zna\u010dka<\/th>\n<td>SAPHO<\/td>\n<\/tr>\n<tr>\n<th>3D model<\/th>\n<td>ANO<\/td>\n<\/tr>\n<tr>\n<th>D\u00e9lka<\/th>\n<td>1500&nbsp;mm<\/td>\n<\/tr>\n<tr>\n<th>Barva<\/th>\n<td>Zlato<\/td>\n<\/tr>\n<tr>\n<th>Materi\u00e1l<\/th>\n<td>Nerez<\/td>\n<\/tr>\n<tr>\n<th>Instalace<\/th>\n<td>Klasick\u00e1<\/td>\n<\/tr>\n<tr>\n<th>Ostatn\u00ed<\/th>\n<td>Anti-twist syst\u00e9m<\/td>\n<\/tr>\n<tr>\n<th>Hmotnost \/ ks<\/th>\n<td>0.2200&nbsp;kg<\/td>\n<\/tr>\n<tr>\n<th>Balen\u00ed<\/th>\n<td>1&nbsp;ks<\/td>\n<\/tr>\n<tr>\n<th>EAN<\/th>\n<td>8590913991349<\/td>\n<\/tr>\n<tr>\n<th>Taric<\/th>\n<td>84818019<\/td>\n<\/tr>\n<tr>\n<th>Z\u00e1ruka<\/th>\n<td>2 roky<\/td>\n<\/tr>\n<\/table>\n<div class=\"product-explanation-item\">\n<h3>Anti-twist syst\u00e9m<\/h3>\n<p><span>Syst\u00e9m, kter\u00fd zabra\u0148uje p\u0159eto\u010den\u00ed. Je ukryt v k\u00f3nusu hadice a zabra\u0148uje jej\u00edmu p\u0159ekroucen\u00ed.<\/span><\/p>\n<\/div><\/div>\n","protected":false},"excerpt":{"rendered":"<p>Detailn\u00ed popis produktu Vlastnosti Zna\u010dka SAPHO 3D model ANO D\u00e9lka 1500&nbsp;mm Barva Zlato Materi\u00e1l Nerez Instalace Klasick\u00e1 Ostatn\u00ed Anti-twist syst\u00e9m Hmotnost \/ ks 0.2200&nbsp;kg Balen\u00ed 1&nbsp;ks EAN 8590913991349 Taric 84818019 Z\u00e1ruka 2 roky Anti-twist syst\u00e9m Syst\u00e9m, kter\u00fd zabra\u0148uje p\u0159eto\u010den\u00ed. Je ukryt v k\u00f3nusu hadice a zabra\u0148uje jej\u00edmu p\u0159ekroucen\u00ed.<\/p>\n","protected":false},"featured_media":21232,"comment_status":"open","ping_status":"open","template":"","meta":[],"product_brand":[],"product_cat":[89],"product_tag":[],"class_list":{"0":"post-21132","1":"product","2":"type-product","3":"status-publish","4":"has-post-thumbnail","6":"product_cat-sprchovy-program","8":"first","9":"instock","10":"sale","11":"shipping-taxable","12":"purchasable","13":"product-type-simple"},"yoast_head":"<!-- This site is optimized with the Yoast SEO plugin v26.8 - https:\/\/yoast.com\/product\/yoast-seo-wordpress\/ -->\n<title>Sapho POWERFLEX kovov\u00e1 sprchov\u00e1 hadice, 150cm, zlato FLEX150G Sez\u00f3nn\u00ed Sleva -<\/title>\n<meta name=\"robots\" content=\"index, follow, max-snippet:-1, max-image-preview:large, max-video-preview:-1\" \/>\n<link rel=\"canonical\" href=\"https:\/\/www.koupeltech.com\/index.php\/produkt\/sapho-powerflex-kovova-sprchova-hadice-150cm-zlato-flex150g-sezonni-sleva-21132\/\" \/>\n<meta property=\"og:locale\" content=\"cs_CZ\" \/>\n<meta property=\"og:type\" content=\"article\" \/>\n<meta property=\"og:title\" content=\"Sapho POWERFLEX kovov\u00e1 sprchov\u00e1 hadice, 150cm, zlato FLEX150G Sez\u00f3nn\u00ed Sleva -\" \/>\n<meta property=\"og:description\" content=\"Detailn\u00ed popis produktu Vlastnosti Zna\u010dka SAPHO 3D model ANO D\u00e9lka 1500&nbsp;mm Barva Zlato Materi\u00e1l Nerez Instalace Klasick\u00e1 Ostatn\u00ed Anti-twist syst\u00e9m Hmotnost \/ ks 0.2200&nbsp;kg Balen\u00ed 1&nbsp;ks EAN 8590913991349 Taric 84818019 Z\u00e1ruka 2 roky Anti-twist syst\u00e9m Syst\u00e9m, kter\u00fd zabra\u0148uje p\u0159eto\u010den\u00ed. Je ukryt v k\u00f3nusu hadice a zabra\u0148uje jej\u00edmu p\u0159ekroucen\u00ed.\" \/>\n<meta property=\"og:url\" content=\"https:\/\/www.koupeltech.com\/index.php\/produkt\/sapho-powerflex-kovova-sprchova-hadice-150cm-zlato-flex150g-sezonni-sleva-21132\/\" \/>\n<meta property=\"og:image\" content=\"https:\/\/www.koupeltech.com\/wp-content\/uploads\/2026\/SK0020057-CZ20260425-093631-0-1777080994-334190_flex150g-255421705093737.webp\" \/>\n\t<meta property=\"og:image:width\" content=\"1000\" \/>\n\t<meta property=\"og:image:height\" content=\"750\" \/>\n\t<meta property=\"og:image:type\" content=\"image\/webp\" \/>\n<meta name=\"twitter:card\" content=\"summary_large_image\" \/>\n<script type=\"application\/ld+json\" class=\"yoast-schema-graph\">{\"@context\":\"https:\/\/schema.org\",\"@graph\":[{\"@type\":\"WebPage\",\"@id\":\"https:\/\/www.koupeltech.com\/index.php\/produkt\/sapho-powerflex-kovova-sprchova-hadice-150cm-zlato-flex150g-sezonni-sleva-21132\/\",\"url\":\"https:\/\/www.koupeltech.com\/index.php\/produkt\/sapho-powerflex-kovova-sprchova-hadice-150cm-zlato-flex150g-sezonni-sleva-21132\/\",\"name\":\"Sapho POWERFLEX kovov\u00e1 sprchov\u00e1 hadice, 150cm, zlato FLEX150G Sez\u00f3nn\u00ed Sleva -\",\"isPartOf\":{\"@id\":\"https:\/\/www.koupeltech.com\/#website\"},\"primaryImageOfPage\":{\"@id\":\"https:\/\/www.koupeltech.com\/index.php\/produkt\/sapho-powerflex-kovova-sprchova-hadice-150cm-zlato-flex150g-sezonni-sleva-21132\/#primaryimage\"},\"image\":{\"@id\":\"https:\/\/www.koupeltech.com\/index.php\/produkt\/sapho-powerflex-kovova-sprchova-hadice-150cm-zlato-flex150g-sezonni-sleva-21132\/#primaryimage\"},\"thumbnailUrl\":\"https:\/\/www.koupeltech.com\/wp-content\/uploads\/2026\/SK0020057-CZ20260425-093631-0-1777080994-334190_flex150g-255421705093737.webp\",\"datePublished\":\"2026-04-27T13:59:01+00:00\",\"breadcrumb\":{\"@id\":\"https:\/\/www.koupeltech.com\/index.php\/produkt\/sapho-powerflex-kovova-sprchova-hadice-150cm-zlato-flex150g-sezonni-sleva-21132\/#breadcrumb\"},\"inLanguage\":\"cs\",\"potentialAction\":[{\"@type\":\"ReadAction\",\"target\":[\"https:\/\/www.koupeltech.com\/index.php\/produkt\/sapho-powerflex-kovova-sprchova-hadice-150cm-zlato-flex150g-sezonni-sleva-21132\/\"]}]},{\"@type\":\"ImageObject\",\"inLanguage\":\"cs\",\"@id\":\"https:\/\/www.koupeltech.com\/index.php\/produkt\/sapho-powerflex-kovova-sprchova-hadice-150cm-zlato-flex150g-sezonni-sleva-21132\/#primaryimage\",\"url\":\"https:\/\/www.koupeltech.com\/wp-content\/uploads\/2026\/SK0020057-CZ20260425-093631-0-1777080994-334190_flex150g-255421705093737.webp\",\"contentUrl\":\"https:\/\/www.koupeltech.com\/wp-content\/uploads\/2026\/SK0020057-CZ20260425-093631-0-1777080994-334190_flex150g-255421705093737.webp\",\"width\":1000,\"height\":750},{\"@type\":\"BreadcrumbList\",\"@id\":\"https:\/\/www.koupeltech.com\/index.php\/produkt\/sapho-powerflex-kovova-sprchova-hadice-150cm-zlato-flex150g-sezonni-sleva-21132\/#breadcrumb\",\"itemListElement\":[{\"@type\":\"ListItem\",\"position\":1,\"name\":\"Home\",\"item\":\"https:\/\/www.koupeltech.com\/\"},{\"@type\":\"ListItem\",\"position\":2,\"name\":\"Products\",\"item\":\"https:\/\/www.koupeltech.com\/index.php\/products\/\"},{\"@type\":\"ListItem\",\"position\":3,\"name\":\"Sapho POWERFLEX kovov\u00e1 sprchov\u00e1 hadice, 150cm, zlato FLEX150G Sez\u00f3nn\u00ed Sleva\"}]},{\"@type\":\"WebSite\",\"@id\":\"https:\/\/www.koupeltech.com\/#website\",\"url\":\"https:\/\/www.koupeltech.com\/\",\"name\":\"\",\"description\":\"\",\"potentialAction\":[{\"@type\":\"SearchAction\",\"target\":{\"@type\":\"EntryPoint\",\"urlTemplate\":\"https:\/\/www.koupeltech.com\/?s={search_term_string}\"},\"query-input\":{\"@type\":\"PropertyValueSpecification\",\"valueRequired\":true,\"valueName\":\"search_term_string\"}}],\"inLanguage\":\"cs\"}]}<\/script>\n<!-- \/ Yoast SEO plugin. -->","yoast_head_json":{"title":"Sapho POWERFLEX kovov\u00e1 sprchov\u00e1 hadice, 150cm, zlato FLEX150G Sez\u00f3nn\u00ed Sleva -","robots":{"index":"index","follow":"follow","max-snippet":"max-snippet:-1","max-image-preview":"max-image-preview:large","max-video-preview":"max-video-preview:-1"},"canonical":"https:\/\/www.koupeltech.com\/index.php\/produkt\/sapho-powerflex-kovova-sprchova-hadice-150cm-zlato-flex150g-sezonni-sleva-21132\/","og_locale":"cs_CZ","og_type":"article","og_title":"Sapho POWERFLEX kovov\u00e1 sprchov\u00e1 hadice, 150cm, zlato FLEX150G Sez\u00f3nn\u00ed Sleva -","og_description":"Detailn\u00ed popis produktu Vlastnosti Zna\u010dka SAPHO 3D model ANO D\u00e9lka 1500&nbsp;mm Barva Zlato Materi\u00e1l Nerez Instalace Klasick\u00e1 Ostatn\u00ed Anti-twist syst\u00e9m Hmotnost \/ ks 0.2200&nbsp;kg Balen\u00ed 1&nbsp;ks EAN 8590913991349 Taric 84818019 Z\u00e1ruka 2 roky Anti-twist syst\u00e9m Syst\u00e9m, kter\u00fd zabra\u0148uje p\u0159eto\u010den\u00ed. Je ukryt v k\u00f3nusu hadice a zabra\u0148uje jej\u00edmu p\u0159ekroucen\u00ed.","og_url":"https:\/\/www.koupeltech.com\/index.php\/produkt\/sapho-powerflex-kovova-sprchova-hadice-150cm-zlato-flex150g-sezonni-sleva-21132\/","og_image":[{"width":1000,"height":750,"url":"https:\/\/www.koupeltech.com\/wp-content\/uploads\/2026\/SK0020057-CZ20260425-093631-0-1777080994-334190_flex150g-255421705093737.webp","type":"image\/webp"}],"twitter_card":"summary_large_image","schema":{"@context":"https:\/\/schema.org","@graph":[{"@type":"WebPage","@id":"https:\/\/www.koupeltech.com\/index.php\/produkt\/sapho-powerflex-kovova-sprchova-hadice-150cm-zlato-flex150g-sezonni-sleva-21132\/","url":"https:\/\/www.koupeltech.com\/index.php\/produkt\/sapho-powerflex-kovova-sprchova-hadice-150cm-zlato-flex150g-sezonni-sleva-21132\/","name":"Sapho POWERFLEX kovov\u00e1 sprchov\u00e1 hadice, 150cm, zlato FLEX150G Sez\u00f3nn\u00ed Sleva -","isPartOf":{"@id":"https:\/\/www.koupeltech.com\/#website"},"primaryImageOfPage":{"@id":"https:\/\/www.koupeltech.com\/index.php\/produkt\/sapho-powerflex-kovova-sprchova-hadice-150cm-zlato-flex150g-sezonni-sleva-21132\/#primaryimage"},"image":{"@id":"https:\/\/www.koupeltech.com\/index.php\/produkt\/sapho-powerflex-kovova-sprchova-hadice-150cm-zlato-flex150g-sezonni-sleva-21132\/#primaryimage"},"thumbnailUrl":"https:\/\/www.koupeltech.com\/wp-content\/uploads\/2026\/SK0020057-CZ20260425-093631-0-1777080994-334190_flex150g-255421705093737.webp","datePublished":"2026-04-27T13:59:01+00:00","breadcrumb":{"@id":"https:\/\/www.koupeltech.com\/index.php\/produkt\/sapho-powerflex-kovova-sprchova-hadice-150cm-zlato-flex150g-sezonni-sleva-21132\/#breadcrumb"},"inLanguage":"cs","potentialAction":[{"@type":"ReadAction","target":["https:\/\/www.koupeltech.com\/index.php\/produkt\/sapho-powerflex-kovova-sprchova-hadice-150cm-zlato-flex150g-sezonni-sleva-21132\/"]}]},{"@type":"ImageObject","inLanguage":"cs","@id":"https:\/\/www.koupeltech.com\/index.php\/produkt\/sapho-powerflex-kovova-sprchova-hadice-150cm-zlato-flex150g-sezonni-sleva-21132\/#primaryimage","url":"https:\/\/www.koupeltech.com\/wp-content\/uploads\/2026\/SK0020057-CZ20260425-093631-0-1777080994-334190_flex150g-255421705093737.webp","contentUrl":"https:\/\/www.koupeltech.com\/wp-content\/uploads\/2026\/SK0020057-CZ20260425-093631-0-1777080994-334190_flex150g-255421705093737.webp","width":1000,"height":750},{"@type":"BreadcrumbList","@id":"https:\/\/www.koupeltech.com\/index.php\/produkt\/sapho-powerflex-kovova-sprchova-hadice-150cm-zlato-flex150g-sezonni-sleva-21132\/#breadcrumb","itemListElement":[{"@type":"ListItem","position":1,"name":"Home","item":"https:\/\/www.koupeltech.com\/"},{"@type":"ListItem","position":2,"name":"Products","item":"https:\/\/www.koupeltech.com\/index.php\/products\/"},{"@type":"ListItem","position":3,"name":"Sapho POWERFLEX kovov\u00e1 sprchov\u00e1 hadice, 150cm, zlato FLEX150G Sez\u00f3nn\u00ed Sleva"}]},{"@type":"WebSite","@id":"https:\/\/www.koupeltech.com\/#website","url":"https:\/\/www.koupeltech.com\/","name":"","description":"","potentialAction":[{"@type":"SearchAction","target":{"@type":"EntryPoint","urlTemplate":"https:\/\/www.koupeltech.com\/?s={search_term_string}"},"query-input":{"@type":"PropertyValueSpecification","valueRequired":true,"valueName":"search_term_string"}}],"inLanguage":"cs"}]}},"_links":{"self":[{"href":"https:\/\/www.koupeltech.com\/index.php\/wp-json\/wp\/v2\/product\/21132","targetHints":{"allow":["GET"]}}],"collection":[{"href":"https:\/\/www.koupeltech.com\/index.php\/wp-json\/wp\/v2\/product"}],"about":[{"href":"https:\/\/www.koupeltech.com\/index.php\/wp-json\/wp\/v2\/types\/product"}],"replies":[{"embeddable":true,"href":"https:\/\/www.koupeltech.com\/index.php\/wp-json\/wp\/v2\/comments?post=21132"}],"wp:featuredmedia":[{"embeddable":true,"href":"https:\/\/www.koupeltech.com\/index.php\/wp-json\/wp\/v2\/media\/21232"}],"wp:attachment":[{"href":"https:\/\/www.koupeltech.com\/index.php\/wp-json\/wp\/v2\/media?parent=21132"}],"wp:term":[{"taxonomy":"product_brand","embeddable":true,"href":"https:\/\/www.koupeltech.com\/index.php\/wp-json\/wp\/v2\/product_brand?post=21132"},{"taxonomy":"product_cat","embeddable":true,"href":"https:\/\/www.koupeltech.com\/index.php\/wp-json\/wp\/v2\/product_cat?post=21132"},{"taxonomy":"product_tag","embeddable":true,"href":"https:\/\/www.koupeltech.com\/index.php\/wp-json\/wp\/v2\/product_tag?post=21132"}],"curies":[{"name":"wp","href":"https:\/\/api.w.org\/{rel}","templated":true}]}}