{"id":21302,"date":"2026-04-27T13:59:03","date_gmt":"2026-04-27T13:59:03","guid":{"rendered":""},"modified":"2026-04-27T13:59:03","modified_gmt":"2026-04-27T13:59:03","slug":"casove-omezene-sapho-sprchova-souprava-hranata-posuvny-drzak-680mm-cerna-mat-sc815b-21302","status":"publish","type":"product","link":"https:\/\/www.koupeltech.com\/index.php\/produkt\/casove-omezene-sapho-sprchova-souprava-hranata-posuvny-drzak-680mm-cerna-mat-sc815b-21302\/","title":{"rendered":"\u010casov\u011b Omezen\u00e9 Sapho Sprchov\u00e1 souprava hranat\u00e1, posuvn\u00fd dr\u017e\u00e1k 680mm, \u010dern\u00e1 mat SC815B"},"content":{"rendered":"<div class=\"basic-description\">\n<h3>Detailn\u00ed popis produktu<\/h3>\n<p><\/p>\n<h2 class=\"props-title\">Vlastnosti<\/h2>\n<table>\n<tr>\n<th>Zna\u010dka<\/th>\n<td>SAPHO<\/td>\n<\/tr>\n<tr>\n<th>V\u00fd\u0161ka<\/th>\n<td>680&nbsp;mm<\/td>\n<\/tr>\n<tr>\n<th>Barva<\/th>\n<td>\u010cern\u00e1 mat<\/td>\n<\/tr>\n<tr>\n<th>Materi\u00e1l<\/th>\n<td>ABS\/nerez<\/td>\n<\/tr>\n<tr>\n<th>Tvar<\/th>\n<td>Hranat\u00e9<\/td>\n<\/tr>\n<tr>\n<th>Funkce sprchy<\/th>\n<td>D\u00e9\u0161\u0165<\/td>\n<\/tr>\n<tr>\n<th>Rozm\u011br pr\u016f\u0159ezu ty\u010de<\/th>\n<td>30&#215;15 mm<\/td>\n<\/tr>\n<tr>\n<th>Ostatn\u00ed<\/th>\n<td>Jedna funkce, Sprcha + dr\u017e\u00e1k + hadice 150 cm, AntiCalc<\/td>\n<\/tr>\n<tr>\n<th>Hmotnost \/ ks<\/th>\n<td>1.4200&nbsp;kg<\/td>\n<\/tr>\n<tr>\n<th>Balen\u00ed<\/th>\n<td>1&nbsp;ks<\/td>\n<\/tr>\n<tr>\n<th>EAN<\/th>\n<td>8590913997136<\/td>\n<\/tr>\n<tr>\n<th>Taric<\/th>\n<td>39249000<\/td>\n<\/tr>\n<tr>\n<th>Z\u00e1ruka<\/th>\n<td>2 roky<\/td>\n<\/tr>\n<\/table>\n<div class=\"product-explanation-item\">\n<h3>AntiCalc<\/h3>\n<p style=\"text-align: justify;\">Odolnost v\u016f\u010di usazov\u00e1n\u00ed vodn\u00edho kamene a snadn\u00e9 \u010di\u0161t\u011bn\u00ed.<\/p>\n<\/div>\n<p>   Upozorn\u011bn\u00ed pro z\u00e1kazn\u00edky ke koupi produkt\u016f na objedn\u00e1n\u00ed: Toto zbo\u017e\u00ed nen\u00ed standardn\u00edm s\u00e9riov\u00fdm v\u00fdrobkem. Bude vyrobeno na p\u0159\u00e1n\u00ed z\u00e1kazn\u00edka a proto jej nelze dodavateli v z\u00e1konn\u00e9 lh\u016ft\u011b vr\u00e1tit. (viz \u00a71837 odst.d, ob\u010dansk\u00e9ho z\u00e1kon\u00edku). V tomto p\u0159\u00edpad\u011b m\u016f\u017eeme po\u017eadovat nevratnou z\u00e1lohu a\u017e do v\u00fd\u0161e 100 % z ceny v\u00fdrobku.                            <\/p><\/div>\n","protected":false},"excerpt":{"rendered":"<p>Detailn\u00ed popis produktu Vlastnosti Zna\u010dka SAPHO V\u00fd\u0161ka 680&nbsp;mm Barva \u010cern\u00e1 mat Materi\u00e1l ABS\/nerez Tvar Hranat\u00e9 Funkce sprchy D\u00e9\u0161\u0165 Rozm\u011br pr\u016f\u0159ezu ty\u010de 30&#215;15 mm Ostatn\u00ed Jedna funkce, Sprcha + dr\u017e\u00e1k + hadice 150 cm, AntiCalc Hmotnost \/ ks 1.4200&nbsp;kg Balen\u00ed 1&nbsp;ks EAN 8590913997136 Taric 39249000 Z\u00e1ruka 2 roky AntiCalc Odolnost v\u016f\u010di usazov\u00e1n\u00ed vodn\u00edho kamene a snadn\u00e9 [&hellip;]<\/p>\n","protected":false},"featured_media":21402,"comment_status":"open","ping_status":"open","template":"","meta":[],"product_brand":[],"product_cat":[89],"product_tag":[],"class_list":{"0":"post-21302","1":"product","2":"type-product","3":"status-publish","4":"has-post-thumbnail","6":"product_cat-sprchovy-program","8":"first","9":"instock","10":"sale","11":"shipping-taxable","12":"purchasable","13":"product-type-simple"},"yoast_head":"<!-- This site is optimized with the Yoast SEO plugin v26.8 - https:\/\/yoast.com\/product\/yoast-seo-wordpress\/ -->\n<title>\u010casov\u011b Omezen\u00e9 Sapho Sprchov\u00e1 souprava hranat\u00e1, posuvn\u00fd dr\u017e\u00e1k 680mm, \u010dern\u00e1 mat SC815B -<\/title>\n<meta name=\"robots\" content=\"index, follow, max-snippet:-1, max-image-preview:large, max-video-preview:-1\" \/>\n<link rel=\"canonical\" href=\"https:\/\/www.koupeltech.com\/index.php\/produkt\/casove-omezene-sapho-sprchova-souprava-hranata-posuvny-drzak-680mm-cerna-mat-sc815b-21302\/\" \/>\n<meta property=\"og:locale\" content=\"cs_CZ\" \/>\n<meta property=\"og:type\" content=\"article\" \/>\n<meta property=\"og:title\" content=\"\u010casov\u011b Omezen\u00e9 Sapho Sprchov\u00e1 souprava hranat\u00e1, posuvn\u00fd dr\u017e\u00e1k 680mm, \u010dern\u00e1 mat SC815B -\" \/>\n<meta property=\"og:description\" content=\"Detailn\u00ed popis produktu Vlastnosti Zna\u010dka SAPHO V\u00fd\u0161ka 680&nbsp;mm Barva \u010cern\u00e1 mat Materi\u00e1l ABS\/nerez Tvar Hranat\u00e9 Funkce sprchy D\u00e9\u0161\u0165 Rozm\u011br pr\u016f\u0159ezu ty\u010de 30&#215;15 mm Ostatn\u00ed Jedna funkce, Sprcha + dr\u017e\u00e1k + hadice 150 cm, AntiCalc Hmotnost \/ ks 1.4200&nbsp;kg Balen\u00ed 1&nbsp;ks EAN 8590913997136 Taric 39249000 Z\u00e1ruka 2 roky AntiCalc Odolnost v\u016f\u010di usazov\u00e1n\u00ed vodn\u00edho kamene a snadn\u00e9 [&hellip;]\" \/>\n<meta property=\"og:url\" content=\"https:\/\/www.koupeltech.com\/index.php\/produkt\/casove-omezene-sapho-sprchova-souprava-hranata-posuvny-drzak-680mm-cerna-mat-sc815b-21302\/\" \/>\n<meta property=\"og:image\" content=\"https:\/\/www.koupeltech.com\/wp-content\/uploads\/2026\/SK0020127-CZ20260425-093631-0-1777080994-334403_sc815b-244353574372671.webp\" \/>\n\t<meta property=\"og:image:width\" content=\"1000\" \/>\n\t<meta property=\"og:image:height\" content=\"750\" \/>\n\t<meta property=\"og:image:type\" content=\"image\/webp\" \/>\n<meta name=\"twitter:card\" content=\"summary_large_image\" \/>\n<meta name=\"twitter:label1\" content=\"Odhadovan\u00e1 doba \u010dten\u00ed\" \/>\n\t<meta name=\"twitter:data1\" content=\"1 minuta\" \/>\n<script type=\"application\/ld+json\" class=\"yoast-schema-graph\">{\"@context\":\"https:\/\/schema.org\",\"@graph\":[{\"@type\":\"WebPage\",\"@id\":\"https:\/\/www.koupeltech.com\/index.php\/produkt\/casove-omezene-sapho-sprchova-souprava-hranata-posuvny-drzak-680mm-cerna-mat-sc815b-21302\/\",\"url\":\"https:\/\/www.koupeltech.com\/index.php\/produkt\/casove-omezene-sapho-sprchova-souprava-hranata-posuvny-drzak-680mm-cerna-mat-sc815b-21302\/\",\"name\":\"\u010casov\u011b Omezen\u00e9 Sapho Sprchov\u00e1 souprava hranat\u00e1, posuvn\u00fd dr\u017e\u00e1k 680mm, \u010dern\u00e1 mat SC815B -\",\"isPartOf\":{\"@id\":\"https:\/\/www.koupeltech.com\/#website\"},\"primaryImageOfPage\":{\"@id\":\"https:\/\/www.koupeltech.com\/index.php\/produkt\/casove-omezene-sapho-sprchova-souprava-hranata-posuvny-drzak-680mm-cerna-mat-sc815b-21302\/#primaryimage\"},\"image\":{\"@id\":\"https:\/\/www.koupeltech.com\/index.php\/produkt\/casove-omezene-sapho-sprchova-souprava-hranata-posuvny-drzak-680mm-cerna-mat-sc815b-21302\/#primaryimage\"},\"thumbnailUrl\":\"https:\/\/www.koupeltech.com\/wp-content\/uploads\/2026\/SK0020127-CZ20260425-093631-0-1777080994-334403_sc815b-244353574372671.webp\",\"datePublished\":\"2026-04-27T13:59:03+00:00\",\"breadcrumb\":{\"@id\":\"https:\/\/www.koupeltech.com\/index.php\/produkt\/casove-omezene-sapho-sprchova-souprava-hranata-posuvny-drzak-680mm-cerna-mat-sc815b-21302\/#breadcrumb\"},\"inLanguage\":\"cs\",\"potentialAction\":[{\"@type\":\"ReadAction\",\"target\":[\"https:\/\/www.koupeltech.com\/index.php\/produkt\/casove-omezene-sapho-sprchova-souprava-hranata-posuvny-drzak-680mm-cerna-mat-sc815b-21302\/\"]}]},{\"@type\":\"ImageObject\",\"inLanguage\":\"cs\",\"@id\":\"https:\/\/www.koupeltech.com\/index.php\/produkt\/casove-omezene-sapho-sprchova-souprava-hranata-posuvny-drzak-680mm-cerna-mat-sc815b-21302\/#primaryimage\",\"url\":\"https:\/\/www.koupeltech.com\/wp-content\/uploads\/2026\/SK0020127-CZ20260425-093631-0-1777080994-334403_sc815b-244353574372671.webp\",\"contentUrl\":\"https:\/\/www.koupeltech.com\/wp-content\/uploads\/2026\/SK0020127-CZ20260425-093631-0-1777080994-334403_sc815b-244353574372671.webp\",\"width\":1000,\"height\":750},{\"@type\":\"BreadcrumbList\",\"@id\":\"https:\/\/www.koupeltech.com\/index.php\/produkt\/casove-omezene-sapho-sprchova-souprava-hranata-posuvny-drzak-680mm-cerna-mat-sc815b-21302\/#breadcrumb\",\"itemListElement\":[{\"@type\":\"ListItem\",\"position\":1,\"name\":\"Home\",\"item\":\"https:\/\/www.koupeltech.com\/\"},{\"@type\":\"ListItem\",\"position\":2,\"name\":\"Products\",\"item\":\"https:\/\/www.koupeltech.com\/index.php\/products\/\"},{\"@type\":\"ListItem\",\"position\":3,\"name\":\"\u010casov\u011b Omezen\u00e9 Sapho Sprchov\u00e1 souprava hranat\u00e1, posuvn\u00fd dr\u017e\u00e1k 680mm, \u010dern\u00e1 mat SC815B\"}]},{\"@type\":\"WebSite\",\"@id\":\"https:\/\/www.koupeltech.com\/#website\",\"url\":\"https:\/\/www.koupeltech.com\/\",\"name\":\"\",\"description\":\"\",\"potentialAction\":[{\"@type\":\"SearchAction\",\"target\":{\"@type\":\"EntryPoint\",\"urlTemplate\":\"https:\/\/www.koupeltech.com\/?s={search_term_string}\"},\"query-input\":{\"@type\":\"PropertyValueSpecification\",\"valueRequired\":true,\"valueName\":\"search_term_string\"}}],\"inLanguage\":\"cs\"}]}<\/script>\n<!-- \/ Yoast SEO plugin. -->","yoast_head_json":{"title":"\u010casov\u011b Omezen\u00e9 Sapho Sprchov\u00e1 souprava hranat\u00e1, posuvn\u00fd dr\u017e\u00e1k 680mm, \u010dern\u00e1 mat SC815B -","robots":{"index":"index","follow":"follow","max-snippet":"max-snippet:-1","max-image-preview":"max-image-preview:large","max-video-preview":"max-video-preview:-1"},"canonical":"https:\/\/www.koupeltech.com\/index.php\/produkt\/casove-omezene-sapho-sprchova-souprava-hranata-posuvny-drzak-680mm-cerna-mat-sc815b-21302\/","og_locale":"cs_CZ","og_type":"article","og_title":"\u010casov\u011b Omezen\u00e9 Sapho Sprchov\u00e1 souprava hranat\u00e1, posuvn\u00fd dr\u017e\u00e1k 680mm, \u010dern\u00e1 mat SC815B -","og_description":"Detailn\u00ed popis produktu Vlastnosti Zna\u010dka SAPHO V\u00fd\u0161ka 680&nbsp;mm Barva \u010cern\u00e1 mat Materi\u00e1l ABS\/nerez Tvar Hranat\u00e9 Funkce sprchy D\u00e9\u0161\u0165 Rozm\u011br pr\u016f\u0159ezu ty\u010de 30&#215;15 mm Ostatn\u00ed Jedna funkce, Sprcha + dr\u017e\u00e1k + hadice 150 cm, AntiCalc Hmotnost \/ ks 1.4200&nbsp;kg Balen\u00ed 1&nbsp;ks EAN 8590913997136 Taric 39249000 Z\u00e1ruka 2 roky AntiCalc Odolnost v\u016f\u010di usazov\u00e1n\u00ed vodn\u00edho kamene a snadn\u00e9 [&hellip;]","og_url":"https:\/\/www.koupeltech.com\/index.php\/produkt\/casove-omezene-sapho-sprchova-souprava-hranata-posuvny-drzak-680mm-cerna-mat-sc815b-21302\/","og_image":[{"width":1000,"height":750,"url":"https:\/\/www.koupeltech.com\/wp-content\/uploads\/2026\/SK0020127-CZ20260425-093631-0-1777080994-334403_sc815b-244353574372671.webp","type":"image\/webp"}],"twitter_card":"summary_large_image","twitter_misc":{"Odhadovan\u00e1 doba \u010dten\u00ed":"1 minuta"},"schema":{"@context":"https:\/\/schema.org","@graph":[{"@type":"WebPage","@id":"https:\/\/www.koupeltech.com\/index.php\/produkt\/casove-omezene-sapho-sprchova-souprava-hranata-posuvny-drzak-680mm-cerna-mat-sc815b-21302\/","url":"https:\/\/www.koupeltech.com\/index.php\/produkt\/casove-omezene-sapho-sprchova-souprava-hranata-posuvny-drzak-680mm-cerna-mat-sc815b-21302\/","name":"\u010casov\u011b Omezen\u00e9 Sapho Sprchov\u00e1 souprava hranat\u00e1, posuvn\u00fd dr\u017e\u00e1k 680mm, \u010dern\u00e1 mat SC815B -","isPartOf":{"@id":"https:\/\/www.koupeltech.com\/#website"},"primaryImageOfPage":{"@id":"https:\/\/www.koupeltech.com\/index.php\/produkt\/casove-omezene-sapho-sprchova-souprava-hranata-posuvny-drzak-680mm-cerna-mat-sc815b-21302\/#primaryimage"},"image":{"@id":"https:\/\/www.koupeltech.com\/index.php\/produkt\/casove-omezene-sapho-sprchova-souprava-hranata-posuvny-drzak-680mm-cerna-mat-sc815b-21302\/#primaryimage"},"thumbnailUrl":"https:\/\/www.koupeltech.com\/wp-content\/uploads\/2026\/SK0020127-CZ20260425-093631-0-1777080994-334403_sc815b-244353574372671.webp","datePublished":"2026-04-27T13:59:03+00:00","breadcrumb":{"@id":"https:\/\/www.koupeltech.com\/index.php\/produkt\/casove-omezene-sapho-sprchova-souprava-hranata-posuvny-drzak-680mm-cerna-mat-sc815b-21302\/#breadcrumb"},"inLanguage":"cs","potentialAction":[{"@type":"ReadAction","target":["https:\/\/www.koupeltech.com\/index.php\/produkt\/casove-omezene-sapho-sprchova-souprava-hranata-posuvny-drzak-680mm-cerna-mat-sc815b-21302\/"]}]},{"@type":"ImageObject","inLanguage":"cs","@id":"https:\/\/www.koupeltech.com\/index.php\/produkt\/casove-omezene-sapho-sprchova-souprava-hranata-posuvny-drzak-680mm-cerna-mat-sc815b-21302\/#primaryimage","url":"https:\/\/www.koupeltech.com\/wp-content\/uploads\/2026\/SK0020127-CZ20260425-093631-0-1777080994-334403_sc815b-244353574372671.webp","contentUrl":"https:\/\/www.koupeltech.com\/wp-content\/uploads\/2026\/SK0020127-CZ20260425-093631-0-1777080994-334403_sc815b-244353574372671.webp","width":1000,"height":750},{"@type":"BreadcrumbList","@id":"https:\/\/www.koupeltech.com\/index.php\/produkt\/casove-omezene-sapho-sprchova-souprava-hranata-posuvny-drzak-680mm-cerna-mat-sc815b-21302\/#breadcrumb","itemListElement":[{"@type":"ListItem","position":1,"name":"Home","item":"https:\/\/www.koupeltech.com\/"},{"@type":"ListItem","position":2,"name":"Products","item":"https:\/\/www.koupeltech.com\/index.php\/products\/"},{"@type":"ListItem","position":3,"name":"\u010casov\u011b Omezen\u00e9 Sapho Sprchov\u00e1 souprava hranat\u00e1, posuvn\u00fd dr\u017e\u00e1k 680mm, \u010dern\u00e1 mat SC815B"}]},{"@type":"WebSite","@id":"https:\/\/www.koupeltech.com\/#website","url":"https:\/\/www.koupeltech.com\/","name":"","description":"","potentialAction":[{"@type":"SearchAction","target":{"@type":"EntryPoint","urlTemplate":"https:\/\/www.koupeltech.com\/?s={search_term_string}"},"query-input":{"@type":"PropertyValueSpecification","valueRequired":true,"valueName":"search_term_string"}}],"inLanguage":"cs"}]}},"_links":{"self":[{"href":"https:\/\/www.koupeltech.com\/index.php\/wp-json\/wp\/v2\/product\/21302","targetHints":{"allow":["GET"]}}],"collection":[{"href":"https:\/\/www.koupeltech.com\/index.php\/wp-json\/wp\/v2\/product"}],"about":[{"href":"https:\/\/www.koupeltech.com\/index.php\/wp-json\/wp\/v2\/types\/product"}],"replies":[{"embeddable":true,"href":"https:\/\/www.koupeltech.com\/index.php\/wp-json\/wp\/v2\/comments?post=21302"}],"wp:featuredmedia":[{"embeddable":true,"href":"https:\/\/www.koupeltech.com\/index.php\/wp-json\/wp\/v2\/media\/21402"}],"wp:attachment":[{"href":"https:\/\/www.koupeltech.com\/index.php\/wp-json\/wp\/v2\/media?parent=21302"}],"wp:term":[{"taxonomy":"product_brand","embeddable":true,"href":"https:\/\/www.koupeltech.com\/index.php\/wp-json\/wp\/v2\/product_brand?post=21302"},{"taxonomy":"product_cat","embeddable":true,"href":"https:\/\/www.koupeltech.com\/index.php\/wp-json\/wp\/v2\/product_cat?post=21302"},{"taxonomy":"product_tag","embeddable":true,"href":"https:\/\/www.koupeltech.com\/index.php\/wp-json\/wp\/v2\/product_tag?post=21302"}],"curies":[{"name":"wp","href":"https:\/\/api.w.org\/{rel}","templated":true}]}}