{"id":21307,"date":"2026-04-27T13:59:03","date_gmt":"2026-04-27T13:59:03","guid":{"rendered":""},"modified":"2026-04-27T13:59:03","modified_gmt":"2026-04-27T13:59:03","slug":"sapho-sprchova-souprava-posuvny-drzak-708mm-zlato-mat-sc715gb-cenove-vyhodny-21307","status":"publish","type":"product","link":"https:\/\/www.koupeltech.com\/index.php\/produkt\/sapho-sprchova-souprava-posuvny-drzak-708mm-zlato-mat-sc715gb-cenove-vyhodny-21307\/","title":{"rendered":"Sapho Sprchov\u00e1 souprava, posuvn\u00fd dr\u017e\u00e1k 708mm, zlato mat SC715GB Cenov\u011b V\u00fdhodn\u00fd"},"content":{"rendered":"<div class=\"basic-description\">\n<h3>Detailn\u00ed popis produktu<\/h3>\n<p><\/p>\n<h2 class=\"props-title\">Vlastnosti<\/h2>\n<table>\n<tr>\n<th>Zna\u010dka<\/th>\n<td>SAPHO<\/td>\n<\/tr>\n<tr>\n<th>V\u00fd\u0161ka<\/th>\n<td>708&nbsp;mm<\/td>\n<\/tr>\n<tr>\n<th>Barva<\/th>\n<td>Zlato mat<\/td>\n<\/tr>\n<tr>\n<th>Materi\u00e1l<\/th>\n<td>ABS\/nerez<\/td>\n<\/tr>\n<tr>\n<th>Tvar<\/th>\n<td>Kruhov\u00e9<\/td>\n<\/tr>\n<tr>\n<th>Funkce sprchy<\/th>\n<td>D\u00e9\u0161\u0165, Mas\u00e1\u017e, D\u00e9\u0161\u0165\/Mas\u00e1\u017e<\/td>\n<\/tr>\n<tr>\n<th>Rozm\u011br pr\u016f\u0159ezu ty\u010de<\/th>\n<td>Pr\u016fm\u011br 22 mm<\/td>\n<\/tr>\n<tr>\n<th>Ostatn\u00ed<\/th>\n<td>V\u00edce funkc\u00ed, Sprcha + dr\u017e\u00e1k + hadice 150 cm, AntiCalc<\/td>\n<\/tr>\n<tr>\n<th>Hmotnost \/ ks<\/th>\n<td>1.4120&nbsp;kg<\/td>\n<\/tr>\n<tr>\n<th>Balen\u00ed<\/th>\n<td>1&nbsp;ks<\/td>\n<\/tr>\n<tr>\n<th>EAN<\/th>\n<td>8590913997181<\/td>\n<\/tr>\n<tr>\n<th>Taric<\/th>\n<td>39249000<\/td>\n<\/tr>\n<tr>\n<th>Z\u00e1ruka<\/th>\n<td>2 roky<\/td>\n<\/tr>\n<\/table>\n<div class=\"product-explanation-item\">\n<h3>AntiCalc<\/h3>\n<p style=\"text-align: justify;\">Odolnost v\u016f\u010di usazov\u00e1n\u00ed vodn\u00edho kamene a snadn\u00e9 \u010di\u0161t\u011bn\u00ed.<\/p>\n<\/div><\/div>\n","protected":false},"excerpt":{"rendered":"<p>Detailn\u00ed popis produktu Vlastnosti Zna\u010dka SAPHO V\u00fd\u0161ka 708&nbsp;mm Barva Zlato mat Materi\u00e1l ABS\/nerez Tvar Kruhov\u00e9 Funkce sprchy D\u00e9\u0161\u0165, Mas\u00e1\u017e, D\u00e9\u0161\u0165\/Mas\u00e1\u017e Rozm\u011br pr\u016f\u0159ezu ty\u010de Pr\u016fm\u011br 22 mm Ostatn\u00ed V\u00edce funkc\u00ed, Sprcha + dr\u017e\u00e1k + hadice 150 cm, AntiCalc Hmotnost \/ ks 1.4120&nbsp;kg Balen\u00ed 1&nbsp;ks EAN 8590913997181 Taric 39249000 Z\u00e1ruka 2 roky AntiCalc Odolnost v\u016f\u010di usazov\u00e1n\u00ed vodn\u00edho [&hellip;]<\/p>\n","protected":false},"featured_media":21407,"comment_status":"open","ping_status":"open","template":"","meta":[],"product_brand":[],"product_cat":[89],"product_tag":[],"class_list":{"0":"post-21307","1":"product","2":"type-product","3":"status-publish","4":"has-post-thumbnail","6":"product_cat-sprchovy-program","8":"first","9":"instock","10":"sale","11":"shipping-taxable","12":"purchasable","13":"product-type-simple"},"yoast_head":"<!-- This site is optimized with the Yoast SEO plugin v26.8 - https:\/\/yoast.com\/product\/yoast-seo-wordpress\/ -->\n<title>Sapho Sprchov\u00e1 souprava, posuvn\u00fd dr\u017e\u00e1k 708mm, zlato mat SC715GB Cenov\u011b V\u00fdhodn\u00fd -<\/title>\n<meta name=\"robots\" content=\"index, follow, max-snippet:-1, max-image-preview:large, max-video-preview:-1\" \/>\n<link rel=\"canonical\" href=\"https:\/\/www.koupeltech.com\/index.php\/produkt\/sapho-sprchova-souprava-posuvny-drzak-708mm-zlato-mat-sc715gb-cenove-vyhodny-21307\/\" \/>\n<meta property=\"og:locale\" content=\"cs_CZ\" \/>\n<meta property=\"og:type\" content=\"article\" \/>\n<meta property=\"og:title\" content=\"Sapho Sprchov\u00e1 souprava, posuvn\u00fd dr\u017e\u00e1k 708mm, zlato mat SC715GB Cenov\u011b V\u00fdhodn\u00fd -\" \/>\n<meta property=\"og:description\" content=\"Detailn\u00ed popis produktu Vlastnosti Zna\u010dka SAPHO V\u00fd\u0161ka 708&nbsp;mm Barva Zlato mat Materi\u00e1l ABS\/nerez Tvar Kruhov\u00e9 Funkce sprchy D\u00e9\u0161\u0165, Mas\u00e1\u017e, D\u00e9\u0161\u0165\/Mas\u00e1\u017e Rozm\u011br pr\u016f\u0159ezu ty\u010de Pr\u016fm\u011br 22 mm Ostatn\u00ed V\u00edce funkc\u00ed, Sprcha + dr\u017e\u00e1k + hadice 150 cm, AntiCalc Hmotnost \/ ks 1.4120&nbsp;kg Balen\u00ed 1&nbsp;ks EAN 8590913997181 Taric 39249000 Z\u00e1ruka 2 roky AntiCalc Odolnost v\u016f\u010di usazov\u00e1n\u00ed vodn\u00edho [&hellip;]\" \/>\n<meta property=\"og:url\" content=\"https:\/\/www.koupeltech.com\/index.php\/produkt\/sapho-sprchova-souprava-posuvny-drzak-708mm-zlato-mat-sc715gb-cenove-vyhodny-21307\/\" \/>\n<meta property=\"og:image\" content=\"https:\/\/www.koupeltech.com\/wp-content\/uploads\/2026\/SK0020132-CZ20260425-093631-0-1777080994-334418_sc715gb-244353574372532.webp\" \/>\n\t<meta property=\"og:image:width\" content=\"1000\" \/>\n\t<meta property=\"og:image:height\" content=\"750\" \/>\n\t<meta property=\"og:image:type\" content=\"image\/webp\" \/>\n<meta name=\"twitter:card\" content=\"summary_large_image\" \/>\n<script type=\"application\/ld+json\" class=\"yoast-schema-graph\">{\"@context\":\"https:\/\/schema.org\",\"@graph\":[{\"@type\":\"WebPage\",\"@id\":\"https:\/\/www.koupeltech.com\/index.php\/produkt\/sapho-sprchova-souprava-posuvny-drzak-708mm-zlato-mat-sc715gb-cenove-vyhodny-21307\/\",\"url\":\"https:\/\/www.koupeltech.com\/index.php\/produkt\/sapho-sprchova-souprava-posuvny-drzak-708mm-zlato-mat-sc715gb-cenove-vyhodny-21307\/\",\"name\":\"Sapho Sprchov\u00e1 souprava, posuvn\u00fd dr\u017e\u00e1k 708mm, zlato mat SC715GB Cenov\u011b V\u00fdhodn\u00fd -\",\"isPartOf\":{\"@id\":\"https:\/\/www.koupeltech.com\/#website\"},\"primaryImageOfPage\":{\"@id\":\"https:\/\/www.koupeltech.com\/index.php\/produkt\/sapho-sprchova-souprava-posuvny-drzak-708mm-zlato-mat-sc715gb-cenove-vyhodny-21307\/#primaryimage\"},\"image\":{\"@id\":\"https:\/\/www.koupeltech.com\/index.php\/produkt\/sapho-sprchova-souprava-posuvny-drzak-708mm-zlato-mat-sc715gb-cenove-vyhodny-21307\/#primaryimage\"},\"thumbnailUrl\":\"https:\/\/www.koupeltech.com\/wp-content\/uploads\/2026\/SK0020132-CZ20260425-093631-0-1777080994-334418_sc715gb-244353574372532.webp\",\"datePublished\":\"2026-04-27T13:59:03+00:00\",\"breadcrumb\":{\"@id\":\"https:\/\/www.koupeltech.com\/index.php\/produkt\/sapho-sprchova-souprava-posuvny-drzak-708mm-zlato-mat-sc715gb-cenove-vyhodny-21307\/#breadcrumb\"},\"inLanguage\":\"cs\",\"potentialAction\":[{\"@type\":\"ReadAction\",\"target\":[\"https:\/\/www.koupeltech.com\/index.php\/produkt\/sapho-sprchova-souprava-posuvny-drzak-708mm-zlato-mat-sc715gb-cenove-vyhodny-21307\/\"]}]},{\"@type\":\"ImageObject\",\"inLanguage\":\"cs\",\"@id\":\"https:\/\/www.koupeltech.com\/index.php\/produkt\/sapho-sprchova-souprava-posuvny-drzak-708mm-zlato-mat-sc715gb-cenove-vyhodny-21307\/#primaryimage\",\"url\":\"https:\/\/www.koupeltech.com\/wp-content\/uploads\/2026\/SK0020132-CZ20260425-093631-0-1777080994-334418_sc715gb-244353574372532.webp\",\"contentUrl\":\"https:\/\/www.koupeltech.com\/wp-content\/uploads\/2026\/SK0020132-CZ20260425-093631-0-1777080994-334418_sc715gb-244353574372532.webp\",\"width\":1000,\"height\":750},{\"@type\":\"BreadcrumbList\",\"@id\":\"https:\/\/www.koupeltech.com\/index.php\/produkt\/sapho-sprchova-souprava-posuvny-drzak-708mm-zlato-mat-sc715gb-cenove-vyhodny-21307\/#breadcrumb\",\"itemListElement\":[{\"@type\":\"ListItem\",\"position\":1,\"name\":\"Home\",\"item\":\"https:\/\/www.koupeltech.com\/\"},{\"@type\":\"ListItem\",\"position\":2,\"name\":\"Products\",\"item\":\"https:\/\/www.koupeltech.com\/index.php\/products\/\"},{\"@type\":\"ListItem\",\"position\":3,\"name\":\"Sapho Sprchov\u00e1 souprava, posuvn\u00fd dr\u017e\u00e1k 708mm, zlato mat SC715GB Cenov\u011b V\u00fdhodn\u00fd\"}]},{\"@type\":\"WebSite\",\"@id\":\"https:\/\/www.koupeltech.com\/#website\",\"url\":\"https:\/\/www.koupeltech.com\/\",\"name\":\"\",\"description\":\"\",\"potentialAction\":[{\"@type\":\"SearchAction\",\"target\":{\"@type\":\"EntryPoint\",\"urlTemplate\":\"https:\/\/www.koupeltech.com\/?s={search_term_string}\"},\"query-input\":{\"@type\":\"PropertyValueSpecification\",\"valueRequired\":true,\"valueName\":\"search_term_string\"}}],\"inLanguage\":\"cs\"}]}<\/script>\n<!-- \/ Yoast SEO plugin. -->","yoast_head_json":{"title":"Sapho Sprchov\u00e1 souprava, posuvn\u00fd dr\u017e\u00e1k 708mm, zlato mat SC715GB Cenov\u011b V\u00fdhodn\u00fd -","robots":{"index":"index","follow":"follow","max-snippet":"max-snippet:-1","max-image-preview":"max-image-preview:large","max-video-preview":"max-video-preview:-1"},"canonical":"https:\/\/www.koupeltech.com\/index.php\/produkt\/sapho-sprchova-souprava-posuvny-drzak-708mm-zlato-mat-sc715gb-cenove-vyhodny-21307\/","og_locale":"cs_CZ","og_type":"article","og_title":"Sapho Sprchov\u00e1 souprava, posuvn\u00fd dr\u017e\u00e1k 708mm, zlato mat SC715GB Cenov\u011b V\u00fdhodn\u00fd -","og_description":"Detailn\u00ed popis produktu Vlastnosti Zna\u010dka SAPHO V\u00fd\u0161ka 708&nbsp;mm Barva Zlato mat Materi\u00e1l ABS\/nerez Tvar Kruhov\u00e9 Funkce sprchy D\u00e9\u0161\u0165, Mas\u00e1\u017e, D\u00e9\u0161\u0165\/Mas\u00e1\u017e Rozm\u011br pr\u016f\u0159ezu ty\u010de Pr\u016fm\u011br 22 mm Ostatn\u00ed V\u00edce funkc\u00ed, Sprcha + dr\u017e\u00e1k + hadice 150 cm, AntiCalc Hmotnost \/ ks 1.4120&nbsp;kg Balen\u00ed 1&nbsp;ks EAN 8590913997181 Taric 39249000 Z\u00e1ruka 2 roky AntiCalc Odolnost v\u016f\u010di usazov\u00e1n\u00ed vodn\u00edho [&hellip;]","og_url":"https:\/\/www.koupeltech.com\/index.php\/produkt\/sapho-sprchova-souprava-posuvny-drzak-708mm-zlato-mat-sc715gb-cenove-vyhodny-21307\/","og_image":[{"width":1000,"height":750,"url":"https:\/\/www.koupeltech.com\/wp-content\/uploads\/2026\/SK0020132-CZ20260425-093631-0-1777080994-334418_sc715gb-244353574372532.webp","type":"image\/webp"}],"twitter_card":"summary_large_image","schema":{"@context":"https:\/\/schema.org","@graph":[{"@type":"WebPage","@id":"https:\/\/www.koupeltech.com\/index.php\/produkt\/sapho-sprchova-souprava-posuvny-drzak-708mm-zlato-mat-sc715gb-cenove-vyhodny-21307\/","url":"https:\/\/www.koupeltech.com\/index.php\/produkt\/sapho-sprchova-souprava-posuvny-drzak-708mm-zlato-mat-sc715gb-cenove-vyhodny-21307\/","name":"Sapho Sprchov\u00e1 souprava, posuvn\u00fd dr\u017e\u00e1k 708mm, zlato mat SC715GB Cenov\u011b V\u00fdhodn\u00fd -","isPartOf":{"@id":"https:\/\/www.koupeltech.com\/#website"},"primaryImageOfPage":{"@id":"https:\/\/www.koupeltech.com\/index.php\/produkt\/sapho-sprchova-souprava-posuvny-drzak-708mm-zlato-mat-sc715gb-cenove-vyhodny-21307\/#primaryimage"},"image":{"@id":"https:\/\/www.koupeltech.com\/index.php\/produkt\/sapho-sprchova-souprava-posuvny-drzak-708mm-zlato-mat-sc715gb-cenove-vyhodny-21307\/#primaryimage"},"thumbnailUrl":"https:\/\/www.koupeltech.com\/wp-content\/uploads\/2026\/SK0020132-CZ20260425-093631-0-1777080994-334418_sc715gb-244353574372532.webp","datePublished":"2026-04-27T13:59:03+00:00","breadcrumb":{"@id":"https:\/\/www.koupeltech.com\/index.php\/produkt\/sapho-sprchova-souprava-posuvny-drzak-708mm-zlato-mat-sc715gb-cenove-vyhodny-21307\/#breadcrumb"},"inLanguage":"cs","potentialAction":[{"@type":"ReadAction","target":["https:\/\/www.koupeltech.com\/index.php\/produkt\/sapho-sprchova-souprava-posuvny-drzak-708mm-zlato-mat-sc715gb-cenove-vyhodny-21307\/"]}]},{"@type":"ImageObject","inLanguage":"cs","@id":"https:\/\/www.koupeltech.com\/index.php\/produkt\/sapho-sprchova-souprava-posuvny-drzak-708mm-zlato-mat-sc715gb-cenove-vyhodny-21307\/#primaryimage","url":"https:\/\/www.koupeltech.com\/wp-content\/uploads\/2026\/SK0020132-CZ20260425-093631-0-1777080994-334418_sc715gb-244353574372532.webp","contentUrl":"https:\/\/www.koupeltech.com\/wp-content\/uploads\/2026\/SK0020132-CZ20260425-093631-0-1777080994-334418_sc715gb-244353574372532.webp","width":1000,"height":750},{"@type":"BreadcrumbList","@id":"https:\/\/www.koupeltech.com\/index.php\/produkt\/sapho-sprchova-souprava-posuvny-drzak-708mm-zlato-mat-sc715gb-cenove-vyhodny-21307\/#breadcrumb","itemListElement":[{"@type":"ListItem","position":1,"name":"Home","item":"https:\/\/www.koupeltech.com\/"},{"@type":"ListItem","position":2,"name":"Products","item":"https:\/\/www.koupeltech.com\/index.php\/products\/"},{"@type":"ListItem","position":3,"name":"Sapho Sprchov\u00e1 souprava, posuvn\u00fd dr\u017e\u00e1k 708mm, zlato mat SC715GB Cenov\u011b V\u00fdhodn\u00fd"}]},{"@type":"WebSite","@id":"https:\/\/www.koupeltech.com\/#website","url":"https:\/\/www.koupeltech.com\/","name":"","description":"","potentialAction":[{"@type":"SearchAction","target":{"@type":"EntryPoint","urlTemplate":"https:\/\/www.koupeltech.com\/?s={search_term_string}"},"query-input":{"@type":"PropertyValueSpecification","valueRequired":true,"valueName":"search_term_string"}}],"inLanguage":"cs"}]}},"_links":{"self":[{"href":"https:\/\/www.koupeltech.com\/index.php\/wp-json\/wp\/v2\/product\/21307","targetHints":{"allow":["GET"]}}],"collection":[{"href":"https:\/\/www.koupeltech.com\/index.php\/wp-json\/wp\/v2\/product"}],"about":[{"href":"https:\/\/www.koupeltech.com\/index.php\/wp-json\/wp\/v2\/types\/product"}],"replies":[{"embeddable":true,"href":"https:\/\/www.koupeltech.com\/index.php\/wp-json\/wp\/v2\/comments?post=21307"}],"wp:featuredmedia":[{"embeddable":true,"href":"https:\/\/www.koupeltech.com\/index.php\/wp-json\/wp\/v2\/media\/21407"}],"wp:attachment":[{"href":"https:\/\/www.koupeltech.com\/index.php\/wp-json\/wp\/v2\/media?parent=21307"}],"wp:term":[{"taxonomy":"product_brand","embeddable":true,"href":"https:\/\/www.koupeltech.com\/index.php\/wp-json\/wp\/v2\/product_brand?post=21307"},{"taxonomy":"product_cat","embeddable":true,"href":"https:\/\/www.koupeltech.com\/index.php\/wp-json\/wp\/v2\/product_cat?post=21307"},{"taxonomy":"product_tag","embeddable":true,"href":"https:\/\/www.koupeltech.com\/index.php\/wp-json\/wp\/v2\/product_tag?post=21307"}],"curies":[{"name":"wp","href":"https:\/\/api.w.org\/{rel}","templated":true}]}}