{"id":21344,"date":"2026-04-27T13:59:03","date_gmt":"2026-04-27T13:59:03","guid":{"rendered":""},"modified":"2026-04-27T13:59:03","modified_gmt":"2026-04-27T13:59:03","slug":"sapho-larissa-mydlenka-mlecne-sklo-cerna-med-mat-ws002bc-znackovy-21344","status":"publish","type":"product","link":"https:\/\/www.koupeltech.com\/index.php\/produkt\/sapho-larissa-mydlenka-mlecne-sklo-cerna-med-mat-ws002bc-znackovy-21344\/","title":{"rendered":"Sapho LARISSA m\u00fddlenka, ml\u00e9\u010dn\u00e9 sklo, \u010dern\u00e1\/m\u011b\u010f mat WS002BC Zna\u010dkov\u00fd"},"content":{"rendered":"<div class=\"basic-description\">\n<h3>Detailn\u00ed popis produktu<\/h3>\n<li>Lepidlo nen\u00ed sou\u010d\u00e1st\u00ed balen\u00ed. V p\u0159\u00edpad\u011b instalace lepen\u00edm doporu\u010dujeme p\u0159ikoupit Upev\u0148ovac\u00ed sadu pro lepen\u00ed (MS287) a Mamut lepidlo.<\/li>\n<p><\/p>\n<p style=\"text-align: justify;\">Kolekci LARISSA vystihuj\u00ed t\u0159i slova: kr\u00e1sa, elegance, nad\u010dasovost. Decentn\u00ed vroubkovan\u00e9 zdoben\u00ed na z\u00e1kladn\u00e1ch dopl\u0148k\u016f ji nav\u00edc p\u0159edur\u010duje ke kombinaci s kolekc\u00ed vodovodn\u00edch bateri\u00ed SOLARIS.<\/p>\n<h2 class=\"props-title\">Vlastnosti<\/h2>\n<table>\n<tr>\n<th>Zna\u010dka<\/th>\n<td>SAPHO<\/td>\n<\/tr>\n<tr>\n<th>S\u00e9rie<\/th>\n<td>LARISSA<\/td>\n<\/tr>\n<tr>\n<th>3D model<\/th>\n<td>ANO<\/td>\n<\/tr>\n<tr>\n<th>Rozm\u011br<\/th>\n<td>110x54x130 mm<\/td>\n<\/tr>\n<tr>\n<th>\u0160\u00ed\u0159ka<\/th>\n<td>110&nbsp;mm<\/td>\n<\/tr>\n<tr>\n<th>V\u00fd\u0161ka<\/th>\n<td>54&nbsp;mm<\/td>\n<\/tr>\n<tr>\n<th>Hloubka<\/th>\n<td>130&nbsp;mm<\/td>\n<\/tr>\n<tr>\n<th>Barva<\/th>\n<td>\u010cern\u00e1<\/td>\n<\/tr>\n<tr>\n<th>Materi\u00e1l<\/th>\n<td>Sklo, Slitina<\/td>\n<\/tr>\n<tr>\n<th>Tvar<\/th>\n<td>Kruhov\u00e9<\/td>\n<\/tr>\n<tr>\n<th>Druh<\/th>\n<td>M\u00fddlenka<\/td>\n<\/tr>\n<tr>\n<th>Instalace<\/th>\n<td>Lepen\u00ed, Vrt\u00e1n\u00ed<\/td>\n<\/tr>\n<tr>\n<th>Hmotnost \/ ks<\/th>\n<td>0.4760&nbsp;kg<\/td>\n<\/tr>\n<tr>\n<th>Balen\u00ed<\/th>\n<td>1&nbsp;ks<\/td>\n<\/tr>\n<tr>\n<th>EAN<\/th>\n<td>8590913997631<\/td>\n<\/tr>\n<tr>\n<th>Taric<\/th>\n<td>70139900<\/td>\n<\/tr>\n<tr>\n<th>Z\u00e1ruka<\/th>\n<td>2 roky<\/td>\n<\/tr>\n<\/table><\/div>\n","protected":false},"excerpt":{"rendered":"<p>Detailn\u00ed popis produktu Lepidlo nen\u00ed sou\u010d\u00e1st\u00ed balen\u00ed. V p\u0159\u00edpad\u011b instalace lepen\u00edm doporu\u010dujeme p\u0159ikoupit Upev\u0148ovac\u00ed sadu pro lepen\u00ed (MS287) a Mamut lepidlo. Kolekci LARISSA vystihuj\u00ed t\u0159i slova: kr\u00e1sa, elegance, nad\u010dasovost. Decentn\u00ed vroubkovan\u00e9 zdoben\u00ed na z\u00e1kladn\u00e1ch dopl\u0148k\u016f ji nav\u00edc p\u0159edur\u010duje ke kombinaci s kolekc\u00ed vodovodn\u00edch bateri\u00ed SOLARIS. Vlastnosti Zna\u010dka SAPHO S\u00e9rie LARISSA 3D model ANO Rozm\u011br 110x54x130 [&hellip;]<\/p>\n","protected":false},"featured_media":21444,"comment_status":"open","ping_status":"open","template":"","meta":[],"product_brand":[],"product_cat":[90],"product_tag":[],"class_list":{"0":"post-21344","1":"product","2":"type-product","3":"status-publish","4":"has-post-thumbnail","6":"product_cat-koupelnove-vybaveni","8":"first","9":"instock","10":"sale","11":"shipping-taxable","12":"purchasable","13":"product-type-simple"},"yoast_head":"<!-- This site is optimized with the Yoast SEO plugin v26.8 - https:\/\/yoast.com\/product\/yoast-seo-wordpress\/ -->\n<title>Sapho LARISSA m\u00fddlenka, ml\u00e9\u010dn\u00e9 sklo, \u010dern\u00e1\/m\u011b\u010f mat WS002BC Zna\u010dkov\u00fd -<\/title>\n<meta name=\"robots\" content=\"index, follow, max-snippet:-1, max-image-preview:large, max-video-preview:-1\" \/>\n<link rel=\"canonical\" href=\"https:\/\/www.koupeltech.com\/index.php\/produkt\/sapho-larissa-mydlenka-mlecne-sklo-cerna-med-mat-ws002bc-znackovy-21344\/\" \/>\n<meta property=\"og:locale\" content=\"cs_CZ\" \/>\n<meta property=\"og:type\" content=\"article\" \/>\n<meta property=\"og:title\" content=\"Sapho LARISSA m\u00fddlenka, ml\u00e9\u010dn\u00e9 sklo, \u010dern\u00e1\/m\u011b\u010f mat WS002BC Zna\u010dkov\u00fd -\" \/>\n<meta property=\"og:description\" content=\"Detailn\u00ed popis produktu Lepidlo nen\u00ed sou\u010d\u00e1st\u00ed balen\u00ed. V p\u0159\u00edpad\u011b instalace lepen\u00edm doporu\u010dujeme p\u0159ikoupit Upev\u0148ovac\u00ed sadu pro lepen\u00ed (MS287) a Mamut lepidlo. Kolekci LARISSA vystihuj\u00ed t\u0159i slova: kr\u00e1sa, elegance, nad\u010dasovost. Decentn\u00ed vroubkovan\u00e9 zdoben\u00ed na z\u00e1kladn\u00e1ch dopl\u0148k\u016f ji nav\u00edc p\u0159edur\u010duje ke kombinaci s kolekc\u00ed vodovodn\u00edch bateri\u00ed SOLARIS. Vlastnosti Zna\u010dka SAPHO S\u00e9rie LARISSA 3D model ANO Rozm\u011br 110x54x130 [&hellip;]\" \/>\n<meta property=\"og:url\" content=\"https:\/\/www.koupeltech.com\/index.php\/produkt\/sapho-larissa-mydlenka-mlecne-sklo-cerna-med-mat-ws002bc-znackovy-21344\/\" \/>\n<meta property=\"og:image\" content=\"https:\/\/www.koupeltech.com\/wp-content\/uploads\/2026\/SK0020169-CZ20260425-093631-0-1777080994-334571_ws002bc-256031590452632.webp\" \/>\n\t<meta property=\"og:image:width\" content=\"1000\" \/>\n\t<meta property=\"og:image:height\" content=\"750\" \/>\n\t<meta property=\"og:image:type\" content=\"image\/webp\" \/>\n<meta name=\"twitter:card\" content=\"summary_large_image\" \/>\n<script type=\"application\/ld+json\" class=\"yoast-schema-graph\">{\"@context\":\"https:\/\/schema.org\",\"@graph\":[{\"@type\":\"WebPage\",\"@id\":\"https:\/\/www.koupeltech.com\/index.php\/produkt\/sapho-larissa-mydlenka-mlecne-sklo-cerna-med-mat-ws002bc-znackovy-21344\/\",\"url\":\"https:\/\/www.koupeltech.com\/index.php\/produkt\/sapho-larissa-mydlenka-mlecne-sklo-cerna-med-mat-ws002bc-znackovy-21344\/\",\"name\":\"Sapho LARISSA m\u00fddlenka, ml\u00e9\u010dn\u00e9 sklo, \u010dern\u00e1\/m\u011b\u010f mat WS002BC Zna\u010dkov\u00fd -\",\"isPartOf\":{\"@id\":\"https:\/\/www.koupeltech.com\/#website\"},\"primaryImageOfPage\":{\"@id\":\"https:\/\/www.koupeltech.com\/index.php\/produkt\/sapho-larissa-mydlenka-mlecne-sklo-cerna-med-mat-ws002bc-znackovy-21344\/#primaryimage\"},\"image\":{\"@id\":\"https:\/\/www.koupeltech.com\/index.php\/produkt\/sapho-larissa-mydlenka-mlecne-sklo-cerna-med-mat-ws002bc-znackovy-21344\/#primaryimage\"},\"thumbnailUrl\":\"https:\/\/www.koupeltech.com\/wp-content\/uploads\/2026\/SK0020169-CZ20260425-093631-0-1777080994-334571_ws002bc-256031590452632.webp\",\"datePublished\":\"2026-04-27T13:59:03+00:00\",\"breadcrumb\":{\"@id\":\"https:\/\/www.koupeltech.com\/index.php\/produkt\/sapho-larissa-mydlenka-mlecne-sklo-cerna-med-mat-ws002bc-znackovy-21344\/#breadcrumb\"},\"inLanguage\":\"cs\",\"potentialAction\":[{\"@type\":\"ReadAction\",\"target\":[\"https:\/\/www.koupeltech.com\/index.php\/produkt\/sapho-larissa-mydlenka-mlecne-sklo-cerna-med-mat-ws002bc-znackovy-21344\/\"]}]},{\"@type\":\"ImageObject\",\"inLanguage\":\"cs\",\"@id\":\"https:\/\/www.koupeltech.com\/index.php\/produkt\/sapho-larissa-mydlenka-mlecne-sklo-cerna-med-mat-ws002bc-znackovy-21344\/#primaryimage\",\"url\":\"https:\/\/www.koupeltech.com\/wp-content\/uploads\/2026\/SK0020169-CZ20260425-093631-0-1777080994-334571_ws002bc-256031590452632.webp\",\"contentUrl\":\"https:\/\/www.koupeltech.com\/wp-content\/uploads\/2026\/SK0020169-CZ20260425-093631-0-1777080994-334571_ws002bc-256031590452632.webp\",\"width\":1000,\"height\":750},{\"@type\":\"BreadcrumbList\",\"@id\":\"https:\/\/www.koupeltech.com\/index.php\/produkt\/sapho-larissa-mydlenka-mlecne-sklo-cerna-med-mat-ws002bc-znackovy-21344\/#breadcrumb\",\"itemListElement\":[{\"@type\":\"ListItem\",\"position\":1,\"name\":\"Home\",\"item\":\"https:\/\/www.koupeltech.com\/\"},{\"@type\":\"ListItem\",\"position\":2,\"name\":\"Products\",\"item\":\"https:\/\/www.koupeltech.com\/index.php\/products\/\"},{\"@type\":\"ListItem\",\"position\":3,\"name\":\"Sapho LARISSA m\u00fddlenka, ml\u00e9\u010dn\u00e9 sklo, \u010dern\u00e1\/m\u011b\u010f mat WS002BC Zna\u010dkov\u00fd\"}]},{\"@type\":\"WebSite\",\"@id\":\"https:\/\/www.koupeltech.com\/#website\",\"url\":\"https:\/\/www.koupeltech.com\/\",\"name\":\"\",\"description\":\"\",\"potentialAction\":[{\"@type\":\"SearchAction\",\"target\":{\"@type\":\"EntryPoint\",\"urlTemplate\":\"https:\/\/www.koupeltech.com\/?s={search_term_string}\"},\"query-input\":{\"@type\":\"PropertyValueSpecification\",\"valueRequired\":true,\"valueName\":\"search_term_string\"}}],\"inLanguage\":\"cs\"}]}<\/script>\n<!-- \/ Yoast SEO plugin. -->","yoast_head_json":{"title":"Sapho LARISSA m\u00fddlenka, ml\u00e9\u010dn\u00e9 sklo, \u010dern\u00e1\/m\u011b\u010f mat WS002BC Zna\u010dkov\u00fd -","robots":{"index":"index","follow":"follow","max-snippet":"max-snippet:-1","max-image-preview":"max-image-preview:large","max-video-preview":"max-video-preview:-1"},"canonical":"https:\/\/www.koupeltech.com\/index.php\/produkt\/sapho-larissa-mydlenka-mlecne-sklo-cerna-med-mat-ws002bc-znackovy-21344\/","og_locale":"cs_CZ","og_type":"article","og_title":"Sapho LARISSA m\u00fddlenka, ml\u00e9\u010dn\u00e9 sklo, \u010dern\u00e1\/m\u011b\u010f mat WS002BC Zna\u010dkov\u00fd -","og_description":"Detailn\u00ed popis produktu Lepidlo nen\u00ed sou\u010d\u00e1st\u00ed balen\u00ed. V p\u0159\u00edpad\u011b instalace lepen\u00edm doporu\u010dujeme p\u0159ikoupit Upev\u0148ovac\u00ed sadu pro lepen\u00ed (MS287) a Mamut lepidlo. Kolekci LARISSA vystihuj\u00ed t\u0159i slova: kr\u00e1sa, elegance, nad\u010dasovost. Decentn\u00ed vroubkovan\u00e9 zdoben\u00ed na z\u00e1kladn\u00e1ch dopl\u0148k\u016f ji nav\u00edc p\u0159edur\u010duje ke kombinaci s kolekc\u00ed vodovodn\u00edch bateri\u00ed SOLARIS. Vlastnosti Zna\u010dka SAPHO S\u00e9rie LARISSA 3D model ANO Rozm\u011br 110x54x130 [&hellip;]","og_url":"https:\/\/www.koupeltech.com\/index.php\/produkt\/sapho-larissa-mydlenka-mlecne-sklo-cerna-med-mat-ws002bc-znackovy-21344\/","og_image":[{"width":1000,"height":750,"url":"https:\/\/www.koupeltech.com\/wp-content\/uploads\/2026\/SK0020169-CZ20260425-093631-0-1777080994-334571_ws002bc-256031590452632.webp","type":"image\/webp"}],"twitter_card":"summary_large_image","schema":{"@context":"https:\/\/schema.org","@graph":[{"@type":"WebPage","@id":"https:\/\/www.koupeltech.com\/index.php\/produkt\/sapho-larissa-mydlenka-mlecne-sklo-cerna-med-mat-ws002bc-znackovy-21344\/","url":"https:\/\/www.koupeltech.com\/index.php\/produkt\/sapho-larissa-mydlenka-mlecne-sklo-cerna-med-mat-ws002bc-znackovy-21344\/","name":"Sapho LARISSA m\u00fddlenka, ml\u00e9\u010dn\u00e9 sklo, \u010dern\u00e1\/m\u011b\u010f mat WS002BC Zna\u010dkov\u00fd -","isPartOf":{"@id":"https:\/\/www.koupeltech.com\/#website"},"primaryImageOfPage":{"@id":"https:\/\/www.koupeltech.com\/index.php\/produkt\/sapho-larissa-mydlenka-mlecne-sklo-cerna-med-mat-ws002bc-znackovy-21344\/#primaryimage"},"image":{"@id":"https:\/\/www.koupeltech.com\/index.php\/produkt\/sapho-larissa-mydlenka-mlecne-sklo-cerna-med-mat-ws002bc-znackovy-21344\/#primaryimage"},"thumbnailUrl":"https:\/\/www.koupeltech.com\/wp-content\/uploads\/2026\/SK0020169-CZ20260425-093631-0-1777080994-334571_ws002bc-256031590452632.webp","datePublished":"2026-04-27T13:59:03+00:00","breadcrumb":{"@id":"https:\/\/www.koupeltech.com\/index.php\/produkt\/sapho-larissa-mydlenka-mlecne-sklo-cerna-med-mat-ws002bc-znackovy-21344\/#breadcrumb"},"inLanguage":"cs","potentialAction":[{"@type":"ReadAction","target":["https:\/\/www.koupeltech.com\/index.php\/produkt\/sapho-larissa-mydlenka-mlecne-sklo-cerna-med-mat-ws002bc-znackovy-21344\/"]}]},{"@type":"ImageObject","inLanguage":"cs","@id":"https:\/\/www.koupeltech.com\/index.php\/produkt\/sapho-larissa-mydlenka-mlecne-sklo-cerna-med-mat-ws002bc-znackovy-21344\/#primaryimage","url":"https:\/\/www.koupeltech.com\/wp-content\/uploads\/2026\/SK0020169-CZ20260425-093631-0-1777080994-334571_ws002bc-256031590452632.webp","contentUrl":"https:\/\/www.koupeltech.com\/wp-content\/uploads\/2026\/SK0020169-CZ20260425-093631-0-1777080994-334571_ws002bc-256031590452632.webp","width":1000,"height":750},{"@type":"BreadcrumbList","@id":"https:\/\/www.koupeltech.com\/index.php\/produkt\/sapho-larissa-mydlenka-mlecne-sklo-cerna-med-mat-ws002bc-znackovy-21344\/#breadcrumb","itemListElement":[{"@type":"ListItem","position":1,"name":"Home","item":"https:\/\/www.koupeltech.com\/"},{"@type":"ListItem","position":2,"name":"Products","item":"https:\/\/www.koupeltech.com\/index.php\/products\/"},{"@type":"ListItem","position":3,"name":"Sapho LARISSA m\u00fddlenka, ml\u00e9\u010dn\u00e9 sklo, \u010dern\u00e1\/m\u011b\u010f mat WS002BC Zna\u010dkov\u00fd"}]},{"@type":"WebSite","@id":"https:\/\/www.koupeltech.com\/#website","url":"https:\/\/www.koupeltech.com\/","name":"","description":"","potentialAction":[{"@type":"SearchAction","target":{"@type":"EntryPoint","urlTemplate":"https:\/\/www.koupeltech.com\/?s={search_term_string}"},"query-input":{"@type":"PropertyValueSpecification","valueRequired":true,"valueName":"search_term_string"}}],"inLanguage":"cs"}]}},"_links":{"self":[{"href":"https:\/\/www.koupeltech.com\/index.php\/wp-json\/wp\/v2\/product\/21344","targetHints":{"allow":["GET"]}}],"collection":[{"href":"https:\/\/www.koupeltech.com\/index.php\/wp-json\/wp\/v2\/product"}],"about":[{"href":"https:\/\/www.koupeltech.com\/index.php\/wp-json\/wp\/v2\/types\/product"}],"replies":[{"embeddable":true,"href":"https:\/\/www.koupeltech.com\/index.php\/wp-json\/wp\/v2\/comments?post=21344"}],"wp:featuredmedia":[{"embeddable":true,"href":"https:\/\/www.koupeltech.com\/index.php\/wp-json\/wp\/v2\/media\/21444"}],"wp:attachment":[{"href":"https:\/\/www.koupeltech.com\/index.php\/wp-json\/wp\/v2\/media?parent=21344"}],"wp:term":[{"taxonomy":"product_brand","embeddable":true,"href":"https:\/\/www.koupeltech.com\/index.php\/wp-json\/wp\/v2\/product_brand?post=21344"},{"taxonomy":"product_cat","embeddable":true,"href":"https:\/\/www.koupeltech.com\/index.php\/wp-json\/wp\/v2\/product_cat?post=21344"},{"taxonomy":"product_tag","embeddable":true,"href":"https:\/\/www.koupeltech.com\/index.php\/wp-json\/wp\/v2\/product_tag?post=21344"}],"curies":[{"name":"wp","href":"https:\/\/api.w.org\/{rel}","templated":true}]}}