{"id":21368,"date":"2026-04-27T13:59:03","date_gmt":"2026-04-27T13:59:03","guid":{"rendered":""},"modified":"2026-04-27T13:59:03","modified_gmt":"2026-04-27T13:59:03","slug":"jen-po-omezenou-doba-thermal-trend-elektricky-radiator-bdhr-es-bez-regulace-do-zasuvky-bily-21368","status":"publish","type":"product","link":"https:\/\/www.koupeltech.com\/index.php\/produkt\/jen-po-omezenou-doba-thermal-trend-elektricky-radiator-bdhr-es-bez-regulace-do-zasuvky-bily-21368\/","title":{"rendered":"Jen Po Omezenou Doba Thermal Trend elektrick\u00fd radi\u00e1tor BDHR.ES bez regulace do z\u00e1suvky, b\u00edl\u00fd"},"content":{"rendered":"<div class=\"basic-description\">\n<h3>Detailn\u00ed popis produktu<\/h3>\n<p>Koupelnov\u00e9 otopn\u00e9 t\u011bleso BDHR vynik\u00e1 sv\u00fdm v\u00fdjime\u010dn\u00fdm a elegantn\u00edm vzhledem, kter\u00fd p\u0159edstavuje p\u0159\u00edjemnou zm\u011bnu v&nbsp;ka\u017ed\u00e9m modern\u00edm interi\u00e9ru koupelny. Tento origin\u00e1ln\u00ed radi\u00e1tor je tvo\u0159en p\u0159\u00ed\u010dn\u00fdmi ocelov\u00fdmi plochoov\u00e1ln\u00fdmi profily 70 x 10 mm a dv\u011bma vertik\u00e1ln\u00edmi ocelov\u00fdmi stojinami o pr\u016fm\u011bru 32 mm um\u00edst\u011bn\u00e9 k jedn\u00e9 stran\u011b a umo\u017e\u0148uje pohodln\u00e9 nasouv\u00e1n\u00ed ru\u010dn\u00edk\u016f na otopn\u00e9 t\u011bleso. Radi\u00e1tor BDHR je dod\u00e1v\u00e1n v&nbsp;d\u00e9lk\u00e1ch 450 mm, 600 mm a 750 mm a v\u00fd\u0161k\u00e1ch od 934 mm do 1798 mm. Sou\u010d\u00e1st\u00ed dod\u00e1vky koupelnov\u00e9ho trubkov\u00e9ho radi\u00e1toru je sada pro upevn\u011bn\u00ed na st\u011bnu i odvzdu\u0161\u0148ovac\u00ed a zaslepovac\u00ed z\u00e1tka.<\/p>\n<p>Koupelnov\u00e9 trubkov\u00e9 t\u011bleso BDHR nab\u00edz\u00edme standardn\u011b v b\u00edl\u00e9 barv\u011b nebo antracit. Po dohod\u011b je mo\u017en\u00e9 dodat koupelnov\u00fd radi\u00e1tor v jin\u00e9 barv\u011b RAL a p\u0159izp\u016fsobit tak otopn\u00e9 t\u011bleso interi\u00e9ru koupelny.<\/p>\n<\/p>\n<p><strong>Elektrick\u00fd koupelnov\u00fd radi\u00e1tor<\/strong><span>&nbsp;<\/span>\u2013 su\u0161\u00e1k BDHR je tvo\u0159en z&nbsp;precizn\u011b vyroben\u00fdch a dokonale spojen\u00fdch ocelov\u00fdch trubek. P\u0159\u00ed\u010dn\u00e9 ocelov\u00e9 profily o rozm\u011bru 70 x 10 mm vertik\u00e1ln\u011b symetricky rozm\u00edst\u011bny na vertik\u00e1ln\u00ed stojiny o pr\u016fm\u011br 32 mm um\u00edst\u011bn\u00e9 k jedn\u00e9 stran\u011b pro pohodln\u011bj\u0161\u00ed nasouv\u00e1n\u00ed ru\u010dn\u00edk\u016f.<\/p>\n<p><strong>Elektrick\u00fd radi\u00e1tor<\/strong><span>&nbsp;<\/span>&#8211; su\u0161\u00e1k je ur\u010den\u00fd do koupelny k&nbsp;odkl\u00e1d\u00e1n\u00ed a su\u0161en\u00ed vlhk\u00fdch ru\u010dn\u00edk\u016f a osu\u0161ek. Elektrick\u00fd koupelnov\u00fd radi\u00e1tor ELVL je dod\u00e1v\u00e1n jako celek, kter\u00fd sta\u010d\u00ed jen upevnit ke zdi (mont\u00e1\u017en\u00ed konzole jsou sou\u010d\u00e1st\u00ed dod\u00e1vky) a p\u0159ipojit do s\u00edt\u011b. Elektrick\u00fd trubkov\u00fd radi\u00e1tor je napln\u011bn\u00fd p\u0159esn\u00fdm mno\u017estv\u00edm nemrznouc\u00ed kapaliny za&nbsp;p\u0159\u00edsn\u011b stanoven\u00fdch podm\u00ednek a osazen\u00fd elektrick\u00fdm topn\u00fdm t\u011blesem s&nbsp;p\u0159ipojen\u00edm k&nbsp;elektrick\u00e9 s\u00edti p\u0159es instala\u010dn\u00ed krabici pevn\u00e9ho elektrick\u00e9ho rozvodu nebo do z\u00e1suvky s&nbsp;mo\u017enost\u00ed regulace nebo bez regulace.<\/p>\n<table class=\"varianta\">\n<tbody>\n<tr>\n<td>\n<h3>BDHR.ES bez regulace, do z\u00e1suvky<\/h3>\n<p>Elektrick\u00fd koupelnov\u00fd radi\u00e1tor \u2013 su\u0161\u00e1k BDHR.ES je ur\u010den\u00fd k&nbsp;zapojen\u00ed do z\u00e1suvky. Sou\u010d\u00e1st\u00ed radi\u00e1toru je elektrick\u00e9 topn\u00e9 t\u011bleso EL.05&nbsp;S vybaven\u00e9 omezova\u010dem teploty, kter\u00fd zamezuje p\u0159eh\u0159\u00e1t\u00ed radi\u00e1toru. V&nbsp;proveden\u00ed BDHR.ES je koupelnov\u00fd radi\u00e1tor do z\u00e1suvky bez mo\u017enosti regulace v\u00fdkonu. Koupelnov\u00fd radi\u00e1tor s&nbsp;topnou ty\u010d\u00ed a&nbsp;n\u00e1pln\u00ed BDHR.ES je&nbsp;nab\u00edzen s&nbsp;rovn\u00fdm nebo kroucen\u00fdm p\u0159\u00edvodn\u00edm kabelem, kter\u00fd je&nbsp;zakon\u010den s\u00ed\u0165ovou vidlic\u00ed.<\/p>\n<p>&nbsp; &nbsp; &nbsp; &nbsp;&nbsp;<\/p>\n<\/td>\n<td><\/td>\n<\/tr>\n<\/tbody>\n<\/table>\n<div class=\"strana\">\n<div class=\"ikona\"><span>&nbsp;<\/span><span>&nbsp;<\/span><\/div>\n<div class=\"ikona\">&nbsp;<\/div>\n<p class=\"popis-zebriky\">Vysoce kvalitn\u00ed koupelnov\u00fd radi\u00e1tor zaujme sv\u00fdm proveden\u00edm pro snadn\u00e9 vkl\u00e1d\u00e1n\u00ed osu\u0161ek a ru\u010dn\u00edku. Elegantn\u00ed radi\u00e1tor je vhodn\u00fd pro ka\u017edou modern\u00ed koupelnu.<\/p>\n<\/div><\/div>\n","protected":false},"excerpt":{"rendered":"<p>Detailn\u00ed popis produktu Koupelnov\u00e9 otopn\u00e9 t\u011bleso BDHR vynik\u00e1 sv\u00fdm v\u00fdjime\u010dn\u00fdm a elegantn\u00edm vzhledem, kter\u00fd p\u0159edstavuje p\u0159\u00edjemnou zm\u011bnu v&nbsp;ka\u017ed\u00e9m modern\u00edm interi\u00e9ru koupelny. Tento origin\u00e1ln\u00ed radi\u00e1tor je tvo\u0159en p\u0159\u00ed\u010dn\u00fdmi ocelov\u00fdmi plochoov\u00e1ln\u00fdmi profily 70 x 10 mm a dv\u011bma vertik\u00e1ln\u00edmi ocelov\u00fdmi stojinami o pr\u016fm\u011bru 32 mm um\u00edst\u011bn\u00e9 k jedn\u00e9 stran\u011b a umo\u017e\u0148uje pohodln\u00e9 nasouv\u00e1n\u00ed ru\u010dn\u00edk\u016f na otopn\u00e9 t\u011bleso. [&hellip;]<\/p>\n","protected":false},"featured_media":21468,"comment_status":"open","ping_status":"open","template":"","meta":[],"product_brand":[],"product_cat":[87],"product_tag":[],"class_list":{"0":"post-21368","1":"product","2":"type-product","3":"status-publish","4":"has-post-thumbnail","6":"product_cat-vytapeni","8":"first","9":"instock","10":"sale","11":"shipping-taxable","12":"purchasable","13":"product-type-simple"},"yoast_head":"<!-- This site is optimized with the Yoast SEO plugin v26.8 - https:\/\/yoast.com\/product\/yoast-seo-wordpress\/ -->\n<title>Jen Po Omezenou Doba Thermal Trend elektrick\u00fd radi\u00e1tor BDHR.ES bez regulace do z\u00e1suvky, b\u00edl\u00fd -<\/title>\n<meta name=\"robots\" content=\"index, follow, max-snippet:-1, max-image-preview:large, max-video-preview:-1\" \/>\n<link rel=\"canonical\" href=\"https:\/\/www.koupeltech.com\/index.php\/produkt\/jen-po-omezenou-doba-thermal-trend-elektricky-radiator-bdhr-es-bez-regulace-do-zasuvky-bily-21368\/\" \/>\n<meta property=\"og:locale\" content=\"cs_CZ\" \/>\n<meta property=\"og:type\" content=\"article\" \/>\n<meta property=\"og:title\" content=\"Jen Po Omezenou Doba Thermal Trend elektrick\u00fd radi\u00e1tor BDHR.ES bez regulace do z\u00e1suvky, b\u00edl\u00fd -\" \/>\n<meta property=\"og:description\" content=\"Detailn\u00ed popis produktu Koupelnov\u00e9 otopn\u00e9 t\u011bleso BDHR vynik\u00e1 sv\u00fdm v\u00fdjime\u010dn\u00fdm a elegantn\u00edm vzhledem, kter\u00fd p\u0159edstavuje p\u0159\u00edjemnou zm\u011bnu v&nbsp;ka\u017ed\u00e9m modern\u00edm interi\u00e9ru koupelny. Tento origin\u00e1ln\u00ed radi\u00e1tor je tvo\u0159en p\u0159\u00ed\u010dn\u00fdmi ocelov\u00fdmi plochoov\u00e1ln\u00fdmi profily 70 x 10 mm a dv\u011bma vertik\u00e1ln\u00edmi ocelov\u00fdmi stojinami o pr\u016fm\u011bru 32 mm um\u00edst\u011bn\u00e9 k jedn\u00e9 stran\u011b a umo\u017e\u0148uje pohodln\u00e9 nasouv\u00e1n\u00ed ru\u010dn\u00edk\u016f na otopn\u00e9 t\u011bleso. [&hellip;]\" \/>\n<meta property=\"og:url\" content=\"https:\/\/www.koupeltech.com\/index.php\/produkt\/jen-po-omezenou-doba-thermal-trend-elektricky-radiator-bdhr-es-bez-regulace-do-zasuvky-bily-21368\/\" \/>\n<meta property=\"og:image\" content=\"https:\/\/www.koupeltech.com\/wp-content\/uploads\/2026\/SK0020193-CZ20260425-093631-0-1777080994-334676-10_bdhr-es-l-1.webp\" \/>\n\t<meta property=\"og:image:width\" content=\"1000\" \/>\n\t<meta property=\"og:image:height\" content=\"750\" \/>\n\t<meta property=\"og:image:type\" content=\"image\/webp\" \/>\n<meta name=\"twitter:card\" content=\"summary_large_image\" \/>\n<meta name=\"twitter:label1\" content=\"Odhadovan\u00e1 doba \u010dten\u00ed\" \/>\n\t<meta name=\"twitter:data1\" content=\"2 minuty\" \/>\n<script type=\"application\/ld+json\" class=\"yoast-schema-graph\">{\"@context\":\"https:\/\/schema.org\",\"@graph\":[{\"@type\":\"WebPage\",\"@id\":\"https:\/\/www.koupeltech.com\/index.php\/produkt\/jen-po-omezenou-doba-thermal-trend-elektricky-radiator-bdhr-es-bez-regulace-do-zasuvky-bily-21368\/\",\"url\":\"https:\/\/www.koupeltech.com\/index.php\/produkt\/jen-po-omezenou-doba-thermal-trend-elektricky-radiator-bdhr-es-bez-regulace-do-zasuvky-bily-21368\/\",\"name\":\"Jen Po Omezenou Doba Thermal Trend elektrick\u00fd radi\u00e1tor BDHR.ES bez regulace do z\u00e1suvky, b\u00edl\u00fd -\",\"isPartOf\":{\"@id\":\"https:\/\/www.koupeltech.com\/#website\"},\"primaryImageOfPage\":{\"@id\":\"https:\/\/www.koupeltech.com\/index.php\/produkt\/jen-po-omezenou-doba-thermal-trend-elektricky-radiator-bdhr-es-bez-regulace-do-zasuvky-bily-21368\/#primaryimage\"},\"image\":{\"@id\":\"https:\/\/www.koupeltech.com\/index.php\/produkt\/jen-po-omezenou-doba-thermal-trend-elektricky-radiator-bdhr-es-bez-regulace-do-zasuvky-bily-21368\/#primaryimage\"},\"thumbnailUrl\":\"https:\/\/www.koupeltech.com\/wp-content\/uploads\/2026\/SK0020193-CZ20260425-093631-0-1777080994-334676-10_bdhr-es-l-1.webp\",\"datePublished\":\"2026-04-27T13:59:03+00:00\",\"breadcrumb\":{\"@id\":\"https:\/\/www.koupeltech.com\/index.php\/produkt\/jen-po-omezenou-doba-thermal-trend-elektricky-radiator-bdhr-es-bez-regulace-do-zasuvky-bily-21368\/#breadcrumb\"},\"inLanguage\":\"cs\",\"potentialAction\":[{\"@type\":\"ReadAction\",\"target\":[\"https:\/\/www.koupeltech.com\/index.php\/produkt\/jen-po-omezenou-doba-thermal-trend-elektricky-radiator-bdhr-es-bez-regulace-do-zasuvky-bily-21368\/\"]}]},{\"@type\":\"ImageObject\",\"inLanguage\":\"cs\",\"@id\":\"https:\/\/www.koupeltech.com\/index.php\/produkt\/jen-po-omezenou-doba-thermal-trend-elektricky-radiator-bdhr-es-bez-regulace-do-zasuvky-bily-21368\/#primaryimage\",\"url\":\"https:\/\/www.koupeltech.com\/wp-content\/uploads\/2026\/SK0020193-CZ20260425-093631-0-1777080994-334676-10_bdhr-es-l-1.webp\",\"contentUrl\":\"https:\/\/www.koupeltech.com\/wp-content\/uploads\/2026\/SK0020193-CZ20260425-093631-0-1777080994-334676-10_bdhr-es-l-1.webp\",\"width\":1000,\"height\":750},{\"@type\":\"BreadcrumbList\",\"@id\":\"https:\/\/www.koupeltech.com\/index.php\/produkt\/jen-po-omezenou-doba-thermal-trend-elektricky-radiator-bdhr-es-bez-regulace-do-zasuvky-bily-21368\/#breadcrumb\",\"itemListElement\":[{\"@type\":\"ListItem\",\"position\":1,\"name\":\"Home\",\"item\":\"https:\/\/www.koupeltech.com\/\"},{\"@type\":\"ListItem\",\"position\":2,\"name\":\"Products\",\"item\":\"https:\/\/www.koupeltech.com\/index.php\/products\/\"},{\"@type\":\"ListItem\",\"position\":3,\"name\":\"Jen Po Omezenou Doba Thermal Trend elektrick\u00fd radi\u00e1tor BDHR.ES bez regulace do z\u00e1suvky, b\u00edl\u00fd\"}]},{\"@type\":\"WebSite\",\"@id\":\"https:\/\/www.koupeltech.com\/#website\",\"url\":\"https:\/\/www.koupeltech.com\/\",\"name\":\"\",\"description\":\"\",\"potentialAction\":[{\"@type\":\"SearchAction\",\"target\":{\"@type\":\"EntryPoint\",\"urlTemplate\":\"https:\/\/www.koupeltech.com\/?s={search_term_string}\"},\"query-input\":{\"@type\":\"PropertyValueSpecification\",\"valueRequired\":true,\"valueName\":\"search_term_string\"}}],\"inLanguage\":\"cs\"}]}<\/script>\n<!-- \/ Yoast SEO plugin. -->","yoast_head_json":{"title":"Jen Po Omezenou Doba Thermal Trend elektrick\u00fd radi\u00e1tor BDHR.ES bez regulace do z\u00e1suvky, b\u00edl\u00fd -","robots":{"index":"index","follow":"follow","max-snippet":"max-snippet:-1","max-image-preview":"max-image-preview:large","max-video-preview":"max-video-preview:-1"},"canonical":"https:\/\/www.koupeltech.com\/index.php\/produkt\/jen-po-omezenou-doba-thermal-trend-elektricky-radiator-bdhr-es-bez-regulace-do-zasuvky-bily-21368\/","og_locale":"cs_CZ","og_type":"article","og_title":"Jen Po Omezenou Doba Thermal Trend elektrick\u00fd radi\u00e1tor BDHR.ES bez regulace do z\u00e1suvky, b\u00edl\u00fd -","og_description":"Detailn\u00ed popis produktu Koupelnov\u00e9 otopn\u00e9 t\u011bleso BDHR vynik\u00e1 sv\u00fdm v\u00fdjime\u010dn\u00fdm a elegantn\u00edm vzhledem, kter\u00fd p\u0159edstavuje p\u0159\u00edjemnou zm\u011bnu v&nbsp;ka\u017ed\u00e9m modern\u00edm interi\u00e9ru koupelny. Tento origin\u00e1ln\u00ed radi\u00e1tor je tvo\u0159en p\u0159\u00ed\u010dn\u00fdmi ocelov\u00fdmi plochoov\u00e1ln\u00fdmi profily 70 x 10 mm a dv\u011bma vertik\u00e1ln\u00edmi ocelov\u00fdmi stojinami o pr\u016fm\u011bru 32 mm um\u00edst\u011bn\u00e9 k jedn\u00e9 stran\u011b a umo\u017e\u0148uje pohodln\u00e9 nasouv\u00e1n\u00ed ru\u010dn\u00edk\u016f na otopn\u00e9 t\u011bleso. [&hellip;]","og_url":"https:\/\/www.koupeltech.com\/index.php\/produkt\/jen-po-omezenou-doba-thermal-trend-elektricky-radiator-bdhr-es-bez-regulace-do-zasuvky-bily-21368\/","og_image":[{"width":1000,"height":750,"url":"https:\/\/www.koupeltech.com\/wp-content\/uploads\/2026\/SK0020193-CZ20260425-093631-0-1777080994-334676-10_bdhr-es-l-1.webp","type":"image\/webp"}],"twitter_card":"summary_large_image","twitter_misc":{"Odhadovan\u00e1 doba \u010dten\u00ed":"2 minuty"},"schema":{"@context":"https:\/\/schema.org","@graph":[{"@type":"WebPage","@id":"https:\/\/www.koupeltech.com\/index.php\/produkt\/jen-po-omezenou-doba-thermal-trend-elektricky-radiator-bdhr-es-bez-regulace-do-zasuvky-bily-21368\/","url":"https:\/\/www.koupeltech.com\/index.php\/produkt\/jen-po-omezenou-doba-thermal-trend-elektricky-radiator-bdhr-es-bez-regulace-do-zasuvky-bily-21368\/","name":"Jen Po Omezenou Doba Thermal Trend elektrick\u00fd radi\u00e1tor BDHR.ES bez regulace do z\u00e1suvky, b\u00edl\u00fd -","isPartOf":{"@id":"https:\/\/www.koupeltech.com\/#website"},"primaryImageOfPage":{"@id":"https:\/\/www.koupeltech.com\/index.php\/produkt\/jen-po-omezenou-doba-thermal-trend-elektricky-radiator-bdhr-es-bez-regulace-do-zasuvky-bily-21368\/#primaryimage"},"image":{"@id":"https:\/\/www.koupeltech.com\/index.php\/produkt\/jen-po-omezenou-doba-thermal-trend-elektricky-radiator-bdhr-es-bez-regulace-do-zasuvky-bily-21368\/#primaryimage"},"thumbnailUrl":"https:\/\/www.koupeltech.com\/wp-content\/uploads\/2026\/SK0020193-CZ20260425-093631-0-1777080994-334676-10_bdhr-es-l-1.webp","datePublished":"2026-04-27T13:59:03+00:00","breadcrumb":{"@id":"https:\/\/www.koupeltech.com\/index.php\/produkt\/jen-po-omezenou-doba-thermal-trend-elektricky-radiator-bdhr-es-bez-regulace-do-zasuvky-bily-21368\/#breadcrumb"},"inLanguage":"cs","potentialAction":[{"@type":"ReadAction","target":["https:\/\/www.koupeltech.com\/index.php\/produkt\/jen-po-omezenou-doba-thermal-trend-elektricky-radiator-bdhr-es-bez-regulace-do-zasuvky-bily-21368\/"]}]},{"@type":"ImageObject","inLanguage":"cs","@id":"https:\/\/www.koupeltech.com\/index.php\/produkt\/jen-po-omezenou-doba-thermal-trend-elektricky-radiator-bdhr-es-bez-regulace-do-zasuvky-bily-21368\/#primaryimage","url":"https:\/\/www.koupeltech.com\/wp-content\/uploads\/2026\/SK0020193-CZ20260425-093631-0-1777080994-334676-10_bdhr-es-l-1.webp","contentUrl":"https:\/\/www.koupeltech.com\/wp-content\/uploads\/2026\/SK0020193-CZ20260425-093631-0-1777080994-334676-10_bdhr-es-l-1.webp","width":1000,"height":750},{"@type":"BreadcrumbList","@id":"https:\/\/www.koupeltech.com\/index.php\/produkt\/jen-po-omezenou-doba-thermal-trend-elektricky-radiator-bdhr-es-bez-regulace-do-zasuvky-bily-21368\/#breadcrumb","itemListElement":[{"@type":"ListItem","position":1,"name":"Home","item":"https:\/\/www.koupeltech.com\/"},{"@type":"ListItem","position":2,"name":"Products","item":"https:\/\/www.koupeltech.com\/index.php\/products\/"},{"@type":"ListItem","position":3,"name":"Jen Po Omezenou Doba Thermal Trend elektrick\u00fd radi\u00e1tor BDHR.ES bez regulace do z\u00e1suvky, b\u00edl\u00fd"}]},{"@type":"WebSite","@id":"https:\/\/www.koupeltech.com\/#website","url":"https:\/\/www.koupeltech.com\/","name":"","description":"","potentialAction":[{"@type":"SearchAction","target":{"@type":"EntryPoint","urlTemplate":"https:\/\/www.koupeltech.com\/?s={search_term_string}"},"query-input":{"@type":"PropertyValueSpecification","valueRequired":true,"valueName":"search_term_string"}}],"inLanguage":"cs"}]}},"_links":{"self":[{"href":"https:\/\/www.koupeltech.com\/index.php\/wp-json\/wp\/v2\/product\/21368","targetHints":{"allow":["GET"]}}],"collection":[{"href":"https:\/\/www.koupeltech.com\/index.php\/wp-json\/wp\/v2\/product"}],"about":[{"href":"https:\/\/www.koupeltech.com\/index.php\/wp-json\/wp\/v2\/types\/product"}],"replies":[{"embeddable":true,"href":"https:\/\/www.koupeltech.com\/index.php\/wp-json\/wp\/v2\/comments?post=21368"}],"wp:featuredmedia":[{"embeddable":true,"href":"https:\/\/www.koupeltech.com\/index.php\/wp-json\/wp\/v2\/media\/21468"}],"wp:attachment":[{"href":"https:\/\/www.koupeltech.com\/index.php\/wp-json\/wp\/v2\/media?parent=21368"}],"wp:term":[{"taxonomy":"product_brand","embeddable":true,"href":"https:\/\/www.koupeltech.com\/index.php\/wp-json\/wp\/v2\/product_brand?post=21368"},{"taxonomy":"product_cat","embeddable":true,"href":"https:\/\/www.koupeltech.com\/index.php\/wp-json\/wp\/v2\/product_cat?post=21368"},{"taxonomy":"product_tag","embeddable":true,"href":"https:\/\/www.koupeltech.com\/index.php\/wp-json\/wp\/v2\/product_tag?post=21368"}],"curies":[{"name":"wp","href":"https:\/\/api.w.org\/{rel}","templated":true}]}}