{"id":21373,"date":"2026-04-27T13:59:03","date_gmt":"2026-04-27T13:59:03","guid":{"rendered":""},"modified":"2026-04-27T13:59:03","modified_gmt":"2026-04-27T13:59:03","slug":"znackovy-sapho-ezara-deska-dtdl-141-6x1-8x47cm-dub-cuneo-ezd141-2525-21373","status":"publish","type":"product","link":"https:\/\/www.koupeltech.com\/index.php\/produkt\/znackovy-sapho-ezara-deska-dtdl-141-6x1-8x47cm-dub-cuneo-ezd141-2525-21373\/","title":{"rendered":"Zna\u010dkov\u00fd Sapho EZARA deska DTDL 141,6&#215;1,8x47cm, dub cuneo EZD141-2525"},"content":{"rendered":"<div class=\"basic-description\">\n<h3>Detailn\u00ed popis produktu<\/h3>\n<p><\/p>\n<h2 class=\"props-title\">Vlastnosti<\/h2>\n<table>\n<tr>\n<th>Zna\u010dka<\/th>\n<td>SAPHO<\/td>\n<\/tr>\n<tr>\n<th>Rozm\u011br<\/th>\n<td>141,6&#215;1,8&#215;47 cm<\/td>\n<\/tr>\n<tr>\n<th>\u0160\u00ed\u0159ka<\/th>\n<td>1416&nbsp;mm<\/td>\n<\/tr>\n<tr>\n<th>V\u00fd\u0161ka<\/th>\n<td>18&nbsp;mm<\/td>\n<\/tr>\n<tr>\n<th>Hloubka<\/th>\n<td>470&nbsp;mm<\/td>\n<\/tr>\n<tr>\n<th>Barva<\/th>\n<td>Hn\u011bd\u00e1<\/td>\n<\/tr>\n<tr>\n<th>Dekor<\/th>\n<td>Dub cuneo<\/td>\n<\/tr>\n<tr>\n<th>Jin\u00e9 barevn\u00e9 proveden\u00ed<\/th>\n<td>Dle vzorn\u00edku<\/td>\n<\/tr>\n<tr>\n<th>Materi\u00e1l<\/th>\n<td>DTDL<\/td>\n<\/tr>\n<tr>\n<th>Typ sk\u0159\u00ed\u0148ky<\/th>\n<td>Deska<\/td>\n<\/tr>\n<tr>\n<th>Typ umyvadla<\/th>\n<td>Umyvadlo na desku<\/td>\n<\/tr>\n<tr>\n<th>Hmotnost \/ ks<\/th>\n<td>8.7000&nbsp;kg<\/td>\n<\/tr>\n<tr>\n<th>Balen\u00ed<\/th>\n<td>1&nbsp;ks<\/td>\n<\/tr>\n<tr>\n<th>EAN<\/th>\n<td>8590913114267<\/td>\n<\/tr>\n<tr>\n<th>Taric<\/th>\n<td>94036090<\/td>\n<\/tr>\n<tr>\n<th>Z\u00e1ruka<\/th>\n<td>2 roky<\/td>\n<\/tr>\n<\/table>\n<div class=\"product-explanation-item\">\n<h3>Lze vyrobit v tomto barevn\u00e9m proveden\u00ed:<\/h3>\n<p><strong>Cenov\u00e1 skupina A  <\/strong>p\u0159\u00edplatek 0%<\/p>\n<div class=\"vzorniky-list\">\n<div class=\"vzorniky-item\">30 B\u00edl\u00e1 lesk<\/div>\n<div class=\"vzorniky-item\">11 Dub st\u0159\u00edbrn\u00fd<\/div>\n<div class=\"vzorniky-item\">16 Borovice rustik<\/div>\n<div class=\"vzorniky-item\">22 Dub alabama<\/div>\n<div class=\"vzorniky-item\">25 Dub cuneo<\/div>\n<\/div>\n<p><strong>Cenov\u00e1 skupina B:<\/strong> p\u0159\u00edplatek 30%<\/p>\n<div class=\"vzorniky-list\">\n<div class=\"vzorniky-item\">10 Dub polar<\/div>\n<div class=\"vzorniky-item\">12 Dub mocca<\/div>\n<div class=\"vzorniky-item\">20 Dub texas<\/div>\n<div class=\"vzorniky-item\">15 Dub sherwood<\/div>\n<div class=\"vzorniky-item\">13 Jilm bardini<\/div>\n<div class=\"vzorniky-item\">21 Mali wenge<\/div>\n<div class=\"vzorniky-item\">17 O\u0159ech yosemite<\/div>\n<div class=\"vzorniky-item\">18 Dub \u010dern\u00fd<\/div>\n<div class=\"vzorniky-item\">31 B\u00edl\u00e1 mat<\/div>\n<div class=\"vzorniky-item\">32 Ka\u0161m\u00edrov\u00e1 matn\u00e1<\/div>\n<div class=\"vzorniky-item\">33 \u0160ed\u00e1 matn\u00e1<\/div>\n<div class=\"vzorniky-item\">34 Antracit matn\u00fd<\/div>\n<div class=\"vzorniky-item\">35 \u010cern\u00e1 matn\u00e1<\/div>\n<\/div>\n<p>Dodac\u00ed lh\u016fta cenov\u00e9 skupiny B je 6 t\u00fddn\u016f.<\/p>\n<\/div>\n<p>   Upozorn\u011bn\u00ed pro z\u00e1kazn\u00edky ke koupi produkt\u016f na objedn\u00e1n\u00ed: Toto zbo\u017e\u00ed nen\u00ed standardn\u00edm s\u00e9riov\u00fdm v\u00fdrobkem. Bude vyrobeno na p\u0159\u00e1n\u00ed z\u00e1kazn\u00edka a proto jej nelze dodavateli v z\u00e1konn\u00e9 lh\u016ft\u011b vr\u00e1tit. (viz \u00a71837 odst.d, ob\u010dansk\u00e9ho z\u00e1kon\u00edku). V tomto p\u0159\u00edpad\u011b m\u016f\u017eeme po\u017eadovat nevratnou z\u00e1lohu a\u017e do v\u00fd\u0161e 100 % z ceny v\u00fdrobku.                            <\/p><\/div>\n","protected":false},"excerpt":{"rendered":"<p>Detailn\u00ed popis produktu Vlastnosti Zna\u010dka SAPHO Rozm\u011br 141,6&#215;1,8&#215;47 cm \u0160\u00ed\u0159ka 1416&nbsp;mm V\u00fd\u0161ka 18&nbsp;mm Hloubka 470&nbsp;mm Barva Hn\u011bd\u00e1 Dekor Dub cuneo Jin\u00e9 barevn\u00e9 proveden\u00ed Dle vzorn\u00edku Materi\u00e1l DTDL Typ sk\u0159\u00ed\u0148ky Deska Typ umyvadla Umyvadlo na desku Hmotnost \/ ks 8.7000&nbsp;kg Balen\u00ed 1&nbsp;ks EAN 8590913114267 Taric 94036090 Z\u00e1ruka 2 roky Lze vyrobit v tomto barevn\u00e9m proveden\u00ed: Cenov\u00e1 [&hellip;]<\/p>\n","protected":false},"featured_media":21473,"comment_status":"open","ping_status":"open","template":"","meta":[],"product_brand":[],"product_cat":[67],"product_tag":[],"class_list":{"0":"post-21373","1":"product","2":"type-product","3":"status-publish","4":"has-post-thumbnail","6":"product_cat-koupelnovy-nabytek","8":"first","9":"instock","10":"sale","11":"shipping-taxable","12":"purchasable","13":"product-type-simple"},"yoast_head":"<!-- This site is optimized with the Yoast SEO plugin v26.8 - https:\/\/yoast.com\/product\/yoast-seo-wordpress\/ -->\n<title>Zna\u010dkov\u00fd Sapho EZARA deska DTDL 141,6x1,8x47cm, dub cuneo EZD141-2525 -<\/title>\n<meta name=\"robots\" content=\"index, follow, max-snippet:-1, max-image-preview:large, max-video-preview:-1\" \/>\n<link rel=\"canonical\" href=\"https:\/\/www.koupeltech.com\/index.php\/produkt\/znackovy-sapho-ezara-deska-dtdl-141-6x1-8x47cm-dub-cuneo-ezd141-2525-21373\/\" \/>\n<meta property=\"og:locale\" content=\"cs_CZ\" \/>\n<meta property=\"og:type\" content=\"article\" \/>\n<meta property=\"og:title\" content=\"Zna\u010dkov\u00fd Sapho EZARA deska DTDL 141,6x1,8x47cm, dub cuneo EZD141-2525 -\" \/>\n<meta property=\"og:description\" content=\"Detailn\u00ed popis produktu Vlastnosti Zna\u010dka SAPHO Rozm\u011br 141,6&#215;1,8&#215;47 cm \u0160\u00ed\u0159ka 1416&nbsp;mm V\u00fd\u0161ka 18&nbsp;mm Hloubka 470&nbsp;mm Barva Hn\u011bd\u00e1 Dekor Dub cuneo Jin\u00e9 barevn\u00e9 proveden\u00ed Dle vzorn\u00edku Materi\u00e1l DTDL Typ sk\u0159\u00ed\u0148ky Deska Typ umyvadla Umyvadlo na desku Hmotnost \/ ks 8.7000&nbsp;kg Balen\u00ed 1&nbsp;ks EAN 8590913114267 Taric 94036090 Z\u00e1ruka 2 roky Lze vyrobit v tomto barevn\u00e9m proveden\u00ed: Cenov\u00e1 [&hellip;]\" \/>\n<meta property=\"og:url\" content=\"https:\/\/www.koupeltech.com\/index.php\/produkt\/znackovy-sapho-ezara-deska-dtdl-141-6x1-8x47cm-dub-cuneo-ezd141-2525-21373\/\" \/>\n<meta property=\"og:image\" content=\"https:\/\/www.koupeltech.com\/wp-content\/uploads\/2026\/SK0020198-CZ20260425-093631-0-1777080994-334697_ezd141-2525-257423159896608.webp\" \/>\n\t<meta property=\"og:image:width\" content=\"1000\" \/>\n\t<meta property=\"og:image:height\" content=\"750\" \/>\n\t<meta property=\"og:image:type\" content=\"image\/webp\" \/>\n<meta name=\"twitter:card\" content=\"summary_large_image\" \/>\n<meta name=\"twitter:label1\" content=\"Odhadovan\u00e1 doba \u010dten\u00ed\" \/>\n\t<meta name=\"twitter:data1\" content=\"1 minuta\" \/>\n<script type=\"application\/ld+json\" class=\"yoast-schema-graph\">{\"@context\":\"https:\/\/schema.org\",\"@graph\":[{\"@type\":\"WebPage\",\"@id\":\"https:\/\/www.koupeltech.com\/index.php\/produkt\/znackovy-sapho-ezara-deska-dtdl-141-6x1-8x47cm-dub-cuneo-ezd141-2525-21373\/\",\"url\":\"https:\/\/www.koupeltech.com\/index.php\/produkt\/znackovy-sapho-ezara-deska-dtdl-141-6x1-8x47cm-dub-cuneo-ezd141-2525-21373\/\",\"name\":\"Zna\u010dkov\u00fd Sapho EZARA deska DTDL 141,6x1,8x47cm, dub cuneo EZD141-2525 -\",\"isPartOf\":{\"@id\":\"https:\/\/www.koupeltech.com\/#website\"},\"primaryImageOfPage\":{\"@id\":\"https:\/\/www.koupeltech.com\/index.php\/produkt\/znackovy-sapho-ezara-deska-dtdl-141-6x1-8x47cm-dub-cuneo-ezd141-2525-21373\/#primaryimage\"},\"image\":{\"@id\":\"https:\/\/www.koupeltech.com\/index.php\/produkt\/znackovy-sapho-ezara-deska-dtdl-141-6x1-8x47cm-dub-cuneo-ezd141-2525-21373\/#primaryimage\"},\"thumbnailUrl\":\"https:\/\/www.koupeltech.com\/wp-content\/uploads\/2026\/SK0020198-CZ20260425-093631-0-1777080994-334697_ezd141-2525-257423159896608.webp\",\"datePublished\":\"2026-04-27T13:59:03+00:00\",\"breadcrumb\":{\"@id\":\"https:\/\/www.koupeltech.com\/index.php\/produkt\/znackovy-sapho-ezara-deska-dtdl-141-6x1-8x47cm-dub-cuneo-ezd141-2525-21373\/#breadcrumb\"},\"inLanguage\":\"cs\",\"potentialAction\":[{\"@type\":\"ReadAction\",\"target\":[\"https:\/\/www.koupeltech.com\/index.php\/produkt\/znackovy-sapho-ezara-deska-dtdl-141-6x1-8x47cm-dub-cuneo-ezd141-2525-21373\/\"]}]},{\"@type\":\"ImageObject\",\"inLanguage\":\"cs\",\"@id\":\"https:\/\/www.koupeltech.com\/index.php\/produkt\/znackovy-sapho-ezara-deska-dtdl-141-6x1-8x47cm-dub-cuneo-ezd141-2525-21373\/#primaryimage\",\"url\":\"https:\/\/www.koupeltech.com\/wp-content\/uploads\/2026\/SK0020198-CZ20260425-093631-0-1777080994-334697_ezd141-2525-257423159896608.webp\",\"contentUrl\":\"https:\/\/www.koupeltech.com\/wp-content\/uploads\/2026\/SK0020198-CZ20260425-093631-0-1777080994-334697_ezd141-2525-257423159896608.webp\",\"width\":1000,\"height\":750},{\"@type\":\"BreadcrumbList\",\"@id\":\"https:\/\/www.koupeltech.com\/index.php\/produkt\/znackovy-sapho-ezara-deska-dtdl-141-6x1-8x47cm-dub-cuneo-ezd141-2525-21373\/#breadcrumb\",\"itemListElement\":[{\"@type\":\"ListItem\",\"position\":1,\"name\":\"Home\",\"item\":\"https:\/\/www.koupeltech.com\/\"},{\"@type\":\"ListItem\",\"position\":2,\"name\":\"Products\",\"item\":\"https:\/\/www.koupeltech.com\/index.php\/products\/\"},{\"@type\":\"ListItem\",\"position\":3,\"name\":\"Zna\u010dkov\u00fd Sapho EZARA deska DTDL 141,6&#215;1,8x47cm, dub cuneo EZD141-2525\"}]},{\"@type\":\"WebSite\",\"@id\":\"https:\/\/www.koupeltech.com\/#website\",\"url\":\"https:\/\/www.koupeltech.com\/\",\"name\":\"\",\"description\":\"\",\"potentialAction\":[{\"@type\":\"SearchAction\",\"target\":{\"@type\":\"EntryPoint\",\"urlTemplate\":\"https:\/\/www.koupeltech.com\/?s={search_term_string}\"},\"query-input\":{\"@type\":\"PropertyValueSpecification\",\"valueRequired\":true,\"valueName\":\"search_term_string\"}}],\"inLanguage\":\"cs\"}]}<\/script>\n<!-- \/ Yoast SEO plugin. -->","yoast_head_json":{"title":"Zna\u010dkov\u00fd Sapho EZARA deska DTDL 141,6x1,8x47cm, dub cuneo EZD141-2525 -","robots":{"index":"index","follow":"follow","max-snippet":"max-snippet:-1","max-image-preview":"max-image-preview:large","max-video-preview":"max-video-preview:-1"},"canonical":"https:\/\/www.koupeltech.com\/index.php\/produkt\/znackovy-sapho-ezara-deska-dtdl-141-6x1-8x47cm-dub-cuneo-ezd141-2525-21373\/","og_locale":"cs_CZ","og_type":"article","og_title":"Zna\u010dkov\u00fd Sapho EZARA deska DTDL 141,6x1,8x47cm, dub cuneo EZD141-2525 -","og_description":"Detailn\u00ed popis produktu Vlastnosti Zna\u010dka SAPHO Rozm\u011br 141,6&#215;1,8&#215;47 cm \u0160\u00ed\u0159ka 1416&nbsp;mm V\u00fd\u0161ka 18&nbsp;mm Hloubka 470&nbsp;mm Barva Hn\u011bd\u00e1 Dekor Dub cuneo Jin\u00e9 barevn\u00e9 proveden\u00ed Dle vzorn\u00edku Materi\u00e1l DTDL Typ sk\u0159\u00ed\u0148ky Deska Typ umyvadla Umyvadlo na desku Hmotnost \/ ks 8.7000&nbsp;kg Balen\u00ed 1&nbsp;ks EAN 8590913114267 Taric 94036090 Z\u00e1ruka 2 roky Lze vyrobit v tomto barevn\u00e9m proveden\u00ed: Cenov\u00e1 [&hellip;]","og_url":"https:\/\/www.koupeltech.com\/index.php\/produkt\/znackovy-sapho-ezara-deska-dtdl-141-6x1-8x47cm-dub-cuneo-ezd141-2525-21373\/","og_image":[{"width":1000,"height":750,"url":"https:\/\/www.koupeltech.com\/wp-content\/uploads\/2026\/SK0020198-CZ20260425-093631-0-1777080994-334697_ezd141-2525-257423159896608.webp","type":"image\/webp"}],"twitter_card":"summary_large_image","twitter_misc":{"Odhadovan\u00e1 doba \u010dten\u00ed":"1 minuta"},"schema":{"@context":"https:\/\/schema.org","@graph":[{"@type":"WebPage","@id":"https:\/\/www.koupeltech.com\/index.php\/produkt\/znackovy-sapho-ezara-deska-dtdl-141-6x1-8x47cm-dub-cuneo-ezd141-2525-21373\/","url":"https:\/\/www.koupeltech.com\/index.php\/produkt\/znackovy-sapho-ezara-deska-dtdl-141-6x1-8x47cm-dub-cuneo-ezd141-2525-21373\/","name":"Zna\u010dkov\u00fd Sapho EZARA deska DTDL 141,6x1,8x47cm, dub cuneo EZD141-2525 -","isPartOf":{"@id":"https:\/\/www.koupeltech.com\/#website"},"primaryImageOfPage":{"@id":"https:\/\/www.koupeltech.com\/index.php\/produkt\/znackovy-sapho-ezara-deska-dtdl-141-6x1-8x47cm-dub-cuneo-ezd141-2525-21373\/#primaryimage"},"image":{"@id":"https:\/\/www.koupeltech.com\/index.php\/produkt\/znackovy-sapho-ezara-deska-dtdl-141-6x1-8x47cm-dub-cuneo-ezd141-2525-21373\/#primaryimage"},"thumbnailUrl":"https:\/\/www.koupeltech.com\/wp-content\/uploads\/2026\/SK0020198-CZ20260425-093631-0-1777080994-334697_ezd141-2525-257423159896608.webp","datePublished":"2026-04-27T13:59:03+00:00","breadcrumb":{"@id":"https:\/\/www.koupeltech.com\/index.php\/produkt\/znackovy-sapho-ezara-deska-dtdl-141-6x1-8x47cm-dub-cuneo-ezd141-2525-21373\/#breadcrumb"},"inLanguage":"cs","potentialAction":[{"@type":"ReadAction","target":["https:\/\/www.koupeltech.com\/index.php\/produkt\/znackovy-sapho-ezara-deska-dtdl-141-6x1-8x47cm-dub-cuneo-ezd141-2525-21373\/"]}]},{"@type":"ImageObject","inLanguage":"cs","@id":"https:\/\/www.koupeltech.com\/index.php\/produkt\/znackovy-sapho-ezara-deska-dtdl-141-6x1-8x47cm-dub-cuneo-ezd141-2525-21373\/#primaryimage","url":"https:\/\/www.koupeltech.com\/wp-content\/uploads\/2026\/SK0020198-CZ20260425-093631-0-1777080994-334697_ezd141-2525-257423159896608.webp","contentUrl":"https:\/\/www.koupeltech.com\/wp-content\/uploads\/2026\/SK0020198-CZ20260425-093631-0-1777080994-334697_ezd141-2525-257423159896608.webp","width":1000,"height":750},{"@type":"BreadcrumbList","@id":"https:\/\/www.koupeltech.com\/index.php\/produkt\/znackovy-sapho-ezara-deska-dtdl-141-6x1-8x47cm-dub-cuneo-ezd141-2525-21373\/#breadcrumb","itemListElement":[{"@type":"ListItem","position":1,"name":"Home","item":"https:\/\/www.koupeltech.com\/"},{"@type":"ListItem","position":2,"name":"Products","item":"https:\/\/www.koupeltech.com\/index.php\/products\/"},{"@type":"ListItem","position":3,"name":"Zna\u010dkov\u00fd Sapho EZARA deska DTDL 141,6&#215;1,8x47cm, dub cuneo EZD141-2525"}]},{"@type":"WebSite","@id":"https:\/\/www.koupeltech.com\/#website","url":"https:\/\/www.koupeltech.com\/","name":"","description":"","potentialAction":[{"@type":"SearchAction","target":{"@type":"EntryPoint","urlTemplate":"https:\/\/www.koupeltech.com\/?s={search_term_string}"},"query-input":{"@type":"PropertyValueSpecification","valueRequired":true,"valueName":"search_term_string"}}],"inLanguage":"cs"}]}},"_links":{"self":[{"href":"https:\/\/www.koupeltech.com\/index.php\/wp-json\/wp\/v2\/product\/21373","targetHints":{"allow":["GET"]}}],"collection":[{"href":"https:\/\/www.koupeltech.com\/index.php\/wp-json\/wp\/v2\/product"}],"about":[{"href":"https:\/\/www.koupeltech.com\/index.php\/wp-json\/wp\/v2\/types\/product"}],"replies":[{"embeddable":true,"href":"https:\/\/www.koupeltech.com\/index.php\/wp-json\/wp\/v2\/comments?post=21373"}],"wp:featuredmedia":[{"embeddable":true,"href":"https:\/\/www.koupeltech.com\/index.php\/wp-json\/wp\/v2\/media\/21473"}],"wp:attachment":[{"href":"https:\/\/www.koupeltech.com\/index.php\/wp-json\/wp\/v2\/media?parent=21373"}],"wp:term":[{"taxonomy":"product_brand","embeddable":true,"href":"https:\/\/www.koupeltech.com\/index.php\/wp-json\/wp\/v2\/product_brand?post=21373"},{"taxonomy":"product_cat","embeddable":true,"href":"https:\/\/www.koupeltech.com\/index.php\/wp-json\/wp\/v2\/product_cat?post=21373"},{"taxonomy":"product_tag","embeddable":true,"href":"https:\/\/www.koupeltech.com\/index.php\/wp-json\/wp\/v2\/product_tag?post=21373"}],"curies":[{"name":"wp","href":"https:\/\/api.w.org\/{rel}","templated":true}]}}