{"id":21386,"date":"2026-04-27T13:59:03","date_gmt":"2026-04-27T13:59:03","guid":{"rendered":""},"modified":"2026-04-27T13:59:03","modified_gmt":"2026-04-27T13:59:03","slug":"sleva-terma-rolo-room-designovy-koupelnovy-radiator-21386","status":"publish","type":"product","link":"https:\/\/www.koupeltech.com\/index.php\/produkt\/sleva-terma-rolo-room-designovy-koupelnovy-radiator-21386\/","title":{"rendered":"Sleva Terma Rolo Room designov\u00fd koupelnov\u00fd radi\u00e1tor"},"content":{"rendered":"<div class=\"basic-description\">\n<h3>Detailn\u00ed popis produktu<\/h3>\n<div class=\"upperInfo\">\n<div class=\"upperInfo\">\n<div class=\"upperInfo\">\n<div class=\"upperInfo\">\n<div class=\"upperInfo\">\n<div class=\"upperInfo\">\n<div class=\"upperInfo\">\n<div class=\"upperInfo\">\n<div class=\"upperInfo\">\n<div class=\"upperInfo\">\n<div class=\"upperInfo\">\n<div class=\"upperInfo\">\n<h1>Radi\u00e1tor Rolo Room&nbsp;<\/h1>\n<div class=\"header-lead clerafix node-6573-product-field-product-version \"><span>Minimalistick\u00fd designov\u00fd radi\u00e1tor do v\u0161ech m\u00edstnost\u00ed s nad\u010dasov\u00fdm tvarem je ide\u00e1ln\u00ed jak pro klasick\u00e9, tak pro modern\u00ed interi\u00e9ry. ROLO ROOM vertik\u00e1ln\u00ed je k dispozici i na le\u017eato nebo zkr\u00e1cen\u00fd ve verzi pod parapet a je v\u00fdbornou alternativou k tradi\u010dn\u00edm plechov\u00fdm radi\u00e1tor\u016fm.<\/span><br \/><span>Dostupn\u00fd jako teplovodn\u00ed a kombinovan\u00fd. M\u016f\u017ee b\u00fdt dopln\u011bn bodov\u00fdmi h\u00e1\u010dky HANDY pro je\u0161t\u011b v\u011bt\u0161\u00ed prakti\u010dnost.<\/span><\/div>\n<div class=\"header-lead clerafix node-6573-product-field-product-version \">&nbsp;<\/div>\n<\/div>\n<div class=\"description\" id=\"rmjs-1\" data-readmore=\"\" aria-expanded=\"true\">&nbsp;<\/div>\n<\/div>\n<\/div>\n<\/div>\n<\/div>\n<\/div>\n<\/div>\n<\/div>\n<\/div>\n<p>&nbsp;<\/p>\n<h4>V\u00fdhody<\/h4>\n<ul>\n<li>\n<div class=\"field-item\">\n<ul>\n<li>\n<div class=\"field-item\">Mont\u00e1\u017en\u00ed \u00fachyty CKF umo\u017e\u0148uj\u00ed nastaven\u00ed vzd\u00e1lenosti radi\u00e1toru od st\u011bny<\/div>\n<\/li>\n<li>\n<div class=\"field-item\">Modern\u00ed design<\/div>\n<\/li>\n<li>\n<div class=\"field-item\">Origin\u00e1ln\u00ed a funk\u010dn\u00ed dekorace mistnost\u00ed<\/div>\n<\/li>\n<li>\n<div class=\"field-item\">Jednoduchost a elegance<\/div>\n<\/li>\n<\/ul>\n<\/div>\n<\/li>\n<\/ul>\n<\/div>\n<div class=\"description\">\n<div class=\"field-description\">\n<div class=\"field-items\">\n<div class=\"field-item even\">\n<div>\n<div class=\"upperInfo\">\n<div class=\"upperInfo\">\n<div class=\"upperInfo\">\n<div class=\"description\">\n<div class=\"field-description\">\n<div class=\"field-items\">\n<div class=\"field-item even\">\n<h4>SADA OBSAHUJE<\/h4>\n<ul>\n<li>\n<div class=\"field-item \">Odvzdu\u0161\u0148ovac\u00ed ventil<\/div>\n<\/li>\n<li>\n<div class=\"field-item \">Sada mont\u00e1\u017en\u00edch \u00fachyt\u016f<\/div>\n<\/li>\n<\/ul>\n<\/p>\n<\/p>\n<p>&nbsp;<\/p>\n<p>&nbsp;<\/p>\n<p>&nbsp;<\/p>\n<\/div>\n<\/div>\n<\/div>\n<\/div>\n<\/div>\n<\/div>\n<\/div>\n<\/div>\n<div>\n<\/p>\n<p>&nbsp;<\/p>\n<\/div>\n<\/div>\n<\/div>\n<\/div>\n<\/div>\n<\/div>\n<\/div>\n<div class=\"description\">\n<div class=\"field-description\">\n<div class=\"field-items\">\n<div class=\"field-item even\">\n<div>&nbsp;<\/div>\n<div class=\"plus-gallery-item\" style=\"height: 100px; width: 100px;\"><\/div>\n<div class=\"plus-gallery-item\" style=\"height: 100px; width: 100px;\"><\/div>\n<div class=\"plus-gallery-item\" style=\"height: 100px; width: 100px;\"><\/div>\n<div class=\"plus-gallery-item\" style=\"height: 100px; width: 100px;\"><\/div>\n<div class=\"plus-gallery-item\" style=\"height: 100px; width: 100px;\"><\/div>\n<div class=\"plus-gallery-item\" style=\"height: 100px; width: 100px;\"><\/div>\n<div class=\"plus-gallery-item\" style=\"height: 100px; width: 100px;\"><\/div>\n<div class=\"plus-gallery-item\" style=\"height: 100px; width: 100px;\"><\/div>\n<div class=\"plus-gallery-item\" style=\"height: 100px; width: 100px;\"><\/div>\n<div class=\"plus-gallery-item\" style=\"height: 100px; width: 100px;\"><\/div>\n<div class=\"plus-gallery-item\" style=\"height: 100px; width: 100px;\"><\/div>\n<div class=\"plus-gallery-item\" style=\"height: 100px; width: 100px;\"><\/div>\n<div class=\"plus-gallery-item\" style=\"height: 100px; width: 100px;\"><\/div>\n<div class=\"plus-gallery-item\" style=\"height: 100px; width: 100px;\"><\/div>\n<div class=\"plus-gallery-item\" style=\"height: 100px; width: 100px;\"><\/div>\n<div class=\"plus-gallery-item\" style=\"height: 100px; width: 100px;\"><\/div>\n<div class=\"plus-gallery-item\" style=\"height: 100px; width: 100px;\"><\/div>\n<div class=\"plus-gallery-item\" style=\"height: 100px; width: 100px;\"><\/div>\n<div class=\"plus-gallery-item\" style=\"height: 100px; width: 100px;\"><\/div>\n<div class=\"plus-gallery-item\" style=\"height: 100px; width: 100px;\"><\/div>\n<div class=\"plus-gallery-item\" style=\"height: 100px; width: 100px;\"><\/div>\n<div class=\"plus-gallery-item\" style=\"height: 100px; width: 100px;\"><\/div>\n<div class=\"plus-gallery-item\" style=\"height: 100px; width: 100px;\"><\/div>\n<div class=\"plus-gallery-item\" style=\"height: 100px; width: 100px;\"><\/div>\n<div class=\"plus-gallery-item\" style=\"height: 100px; width: 100px;\"><\/div>\n<div class=\"plus-gallery-item\" style=\"height: 100px; width: 100px;\"><\/div>\n<div class=\"plus-gallery-item\" style=\"height: 100px; width: 100px;\"><\/div>\n<div class=\"plus-gallery-item\" style=\"height: 100px; width: 100px;\"><\/div>\n<div class=\"plus-gallery-item\" style=\"height: 100px; width: 100px;\"><\/div>\n<div class=\"plus-gallery-item\" style=\"height: 100px; width: 100px;\"><\/div>\n<div class=\"plus-gallery-item\" style=\"height: 100px; width: 100px;\"><\/div>\n<div class=\"plus-gallery-item\" style=\"height: 100px; width: 100px;\"><\/div>\n<div class=\"plus-gallery-item\" style=\"height: 100px; width: 100px;\"><\/div>\n<div class=\"plus-gallery-item\" style=\"height: 100px; width: 100px;\"><\/div>\n<div class=\"plus-gallery-item\" style=\"height: 100px; width: 100px;\"><\/div>\n<div class=\"plus-gallery-item\" style=\"height: 100px; width: 100px;\"><\/div>\n<div class=\"plus-gallery-item\" style=\"height: 100px; width: 100px;\"><\/div>\n<div class=\"plus-gallery-item\" style=\"height: 100px; width: 100px;\"><\/div>\n<div class=\"plus-gallery-item\" style=\"height: 100px; width: 100px;\"><\/div>\n<div class=\"plus-gallery-item\" style=\"height: 100px; width: 100px;\"><\/div>\n<div class=\"plus-gallery-item\" style=\"height: 100px; width: 100px;\"><\/div>\n<div class=\"plus-gallery-item\" style=\"height: 100px; width: 100px;\"><\/div>\n<div class=\"plus-gallery-item\" style=\"height: 100px; width: 100px;\"><\/div>\n<div class=\"plus-gallery-item\" style=\"height: 100px; width: 100px;\"><\/div>\n<div class=\"plus-gallery-item\" style=\"height: 100px; width: 100px;\"><\/div>\n<div class=\"plus-gallery-item\" style=\"height: 100px; width: 100px;\"><\/div>\n<div class=\"plus-gallery-item\" style=\"height: 100px; width: 100px;\"><\/div>\n<div class=\"plus-gallery-item\" style=\"height: 100px; width: 100px;\"><\/div>\n<div class=\"plus-gallery-item\" style=\"height: 100px; width: 100px;\"><\/div>\n<div class=\"plus-gallery-item\" style=\"height: 100px; width: 100px;\"><\/div>\n<div class=\"plus-gallery-item\" style=\"height: 100px; width: 100px;\"><\/div>\n<div class=\"plus-gallery-item\" style=\"height: 100px; width: 100px;\"><\/div>\n<div class=\"plus-gallery-item\" style=\"height: 100px; width: 100px;\"><\/div>\n<div class=\"plus-gallery-item\" style=\"height: 100px; width: 100px;\"><\/div>\n<\/div>\n<\/div>\n<div>\n<div class=\"plus-gallery-wrap\">&nbsp;<\/div>\n<div class=\"plus-gallery-wrap\">&nbsp;<\/div>\n<div class=\"plus-gallery-wrap\"><span style=\"font-size: 16pt; color: #000000;\"><strong><span style=\"color: #008000;\">Premium barvy<\/span>&nbsp;<\/strong><\/span><\/div>\n<div class=\"plus-gallery-wrap\"><span style=\"font-size: 16pt; color: #000000;\"><strong>(jsou s p\u0159\u00edplatkem 25% z d\u016fvodu dra\u017e\u0161\u00ed technologie lakov\u00e1n\u00ed)<\/strong><\/span><\/div>\n<div class=\"plus-gallery-wrap\">&nbsp;<\/div>\n<div class=\"plus-gallery-wrap\">\n<div class=\"plus-gallery-wrap\">\n<div class=\"plus-gallery-item\" style=\"height: 100px; width: 100px;\"><\/div>\n<div class=\"plus-gallery-item\" style=\"height: 100px; width: 100px;\"><\/div>\n<div class=\"plus-gallery-item\" style=\"height: 100px; width: 100px;\"><\/div>\n<div class=\"plus-gallery-item\" style=\"height: 100px; width: 100px;\"><\/div>\n<div class=\"plus-gallery-item\" style=\"height: 100px; width: 100px;\"><\/div>\n<div class=\"plus-gallery-item\" style=\"height: 100px; width: 100px;\"><\/div>\n<div class=\"plus-gallery-item\" style=\"height: 100px; width: 100px;\"><\/div>\n<div class=\"plus-gallery-item\" style=\"height: 100px; width: 100px;\"><\/div>\n<div class=\"plus-gallery-item\" style=\"height: 100px; width: 100px;\"><\/div>\n<div class=\"plus-gallery-item\" style=\"height: 100px; width: 100px;\"><\/div>\n<div class=\"plus-gallery-item\" style=\"height: 100px; width: 100px;\"><\/div>\n<div class=\"plus-gallery-item\" style=\"height: 100px; width: 100px;\"><\/div>\n<div class=\"plus-gallery-item\" style=\"height: 100px; width: 100px;\"><\/div>\n<\/div>\n<\/div>\n<p>&nbsp;<\/p>\n<h4 style=\"text-align: center;\"><b style=\"font-family: var(--template-headings-font),sans-serif;\"><\/b><\/h4>\n<h4 style=\"text-align: center;\"><span style=\"color: #008000;\"><strong><span style=\"font-family: 'Source Sans 3', sans-serif;\">RAL barvy<\/span><\/strong><\/span><\/h4>\n<p><strong><span style=\"font-family: 'Source Sans 3', sans-serif; color: #000000;\"><\/span><\/strong><\/p>\n<p>&nbsp;<\/p>\n<div class=\"sketchfab-embed-wrapper\">\n<div class=\"sketchfab-embed-wrapper\">\n<div class=\"sketchfab-embed-wrapper\">\n<div class=\"embed-container\" style=\"position: relative; padding-bottom: 56.25%; height: 0; overflow: hidden; max-width: 100%;\">\n<div class=\"embed-container\" style=\"position: relative; padding-bottom: 56.25%; height: 0; overflow: hidden; max-width: 100%;\">\n<div class=\"embed-container\" style=\"position: relative; padding-bottom: 56.25%; height: 0; overflow: hidden; max-width: 100%;\">\n<div class=\"embed-container\" style=\"position: relative; padding-bottom: 56.25%; height: 0; overflow: hidden; max-width: 100%;\">\n<div class=\"embed-container\" style=\"position: relative; padding-bottom: 56.25%; height: 0; overflow: hidden; max-width: 100%;\">\n<div class=\"embed-container\" style=\"position: relative; padding-bottom: 56.25%; height: 0; overflow: hidden; max-width: 100%;\">\n<div class=\"embed-container\" style=\"position: relative; padding-bottom: 56.25%; height: 0; overflow: hidden; max-width: 100%;\">\n<div class=\"embed-container\" style=\"position: relative; padding-bottom: 56.25%; height: 0; overflow: hidden; max-width: 100%;\">\n<div class=\"embed-container\" style=\"position: relative; padding-bottom: 56.25%; height: 0; overflow: hidden; max-width: 100%;\">\n<div class=\"embed-container\" style=\"position: relative; padding-bottom: 56.25%; height: 0; overflow: hidden; max-width: 100%;\">\n<div class=\"embed-container\" style=\"position: relative; padding-bottom: 56.25%; height: 0; overflow: hidden; max-width: 100%;\"><\/div>\n<\/div>\n<\/div>\n<\/div>\n<\/div>\n<\/div>\n<\/div>\n<\/div>\n<\/div>\n<\/div>\n<\/div>\n<p style=\"font-size: 13px; font-weight: normal; margin: 5px; color: #4a4a4a;\">&nbsp;<\/p>\n<p style=\"font-size: 13px; font-weight: normal; margin: 5px; color: #4a4a4a;\">&nbsp;<\/p>\n<p style=\"font-size: 13px; font-weight: normal; margin: 5px; color: #4a4a4a;\">&nbsp;<\/p>\n<\/div>\n<p style=\"font-size: 13px; font-weight: normal; margin: 5px; color: #4a4a4a;\">&nbsp;<span style=\"color: #666666; font-family: var(--template-font),sans-serif; font-size: 14px;\">&nbsp;<\/span><\/p>\n<\/div>\n<\/div>\n<\/div>\n<\/div>\n<\/div>\n<\/div>\n<\/div>\n<p>Upozorn\u011bn\u00ed pro z\u00e1kazn\u00edky ke koupi produkt\u016f na objedn\u00e1n\u00ed: Toto zbo\u017e\u00ed nen\u00ed standardn\u00edm s\u00e9riov\u00fdm v\u00fdrobkem. Bude vyrobeno na p\u0159\u00e1n\u00ed z\u00e1kazn\u00edka a proto jej nelze dodavateli v z\u00e1konn\u00e9 lh\u016ft\u011b vr\u00e1tit. (viz \u00a71837 odst.d, ob\u010dansk\u00e9ho z\u00e1kon\u00edku). V tomto p\u0159\u00edpad\u011b m\u016f\u017eeme po\u017eadovat nevratnou z\u00e1lohu a\u017e do v\u00fd\u0161e 100 % z ceny v\u00fdrobku.<\/p>\n<\/p><\/div>\n","protected":false},"excerpt":{"rendered":"<p>Detailn\u00ed popis produktu Radi\u00e1tor Rolo Room&nbsp; Minimalistick\u00fd designov\u00fd radi\u00e1tor do v\u0161ech m\u00edstnost\u00ed s nad\u010dasov\u00fdm tvarem je ide\u00e1ln\u00ed jak pro klasick\u00e9, tak pro modern\u00ed interi\u00e9ry. ROLO ROOM vertik\u00e1ln\u00ed je k dispozici i na le\u017eato nebo zkr\u00e1cen\u00fd ve verzi pod parapet a je v\u00fdbornou alternativou k tradi\u010dn\u00edm plechov\u00fdm radi\u00e1tor\u016fm.Dostupn\u00fd jako teplovodn\u00ed a kombinovan\u00fd. M\u016f\u017ee b\u00fdt dopln\u011bn bodov\u00fdmi [&hellip;]<\/p>\n","protected":false},"featured_media":21486,"comment_status":"open","ping_status":"open","template":"","meta":[],"product_brand":[],"product_cat":[87],"product_tag":[],"class_list":{"0":"post-21386","1":"product","2":"type-product","3":"status-publish","4":"has-post-thumbnail","6":"product_cat-vytapeni","8":"first","9":"instock","10":"sale","11":"shipping-taxable","12":"purchasable","13":"product-type-simple"},"yoast_head":"<!-- This site is optimized with the Yoast SEO plugin v26.8 - https:\/\/yoast.com\/product\/yoast-seo-wordpress\/ -->\n<title>Sleva Terma Rolo Room designov\u00fd koupelnov\u00fd radi\u00e1tor -<\/title>\n<meta name=\"robots\" content=\"index, follow, max-snippet:-1, max-image-preview:large, max-video-preview:-1\" \/>\n<link rel=\"canonical\" href=\"https:\/\/www.koupeltech.com\/index.php\/produkt\/sleva-terma-rolo-room-designovy-koupelnovy-radiator-21386\/\" \/>\n<meta property=\"og:locale\" content=\"cs_CZ\" \/>\n<meta property=\"og:type\" content=\"article\" \/>\n<meta property=\"og:title\" content=\"Sleva Terma Rolo Room designov\u00fd koupelnov\u00fd radi\u00e1tor -\" \/>\n<meta property=\"og:description\" content=\"Detailn\u00ed popis produktu Radi\u00e1tor Rolo Room&nbsp; Minimalistick\u00fd designov\u00fd radi\u00e1tor do v\u0161ech m\u00edstnost\u00ed s nad\u010dasov\u00fdm tvarem je ide\u00e1ln\u00ed jak pro klasick\u00e9, tak pro modern\u00ed interi\u00e9ry. ROLO ROOM vertik\u00e1ln\u00ed je k dispozici i na le\u017eato nebo zkr\u00e1cen\u00fd ve verzi pod parapet a je v\u00fdbornou alternativou k tradi\u010dn\u00edm plechov\u00fdm radi\u00e1tor\u016fm.Dostupn\u00fd jako teplovodn\u00ed a kombinovan\u00fd. M\u016f\u017ee b\u00fdt dopln\u011bn bodov\u00fdmi [&hellip;]\" \/>\n<meta property=\"og:url\" content=\"https:\/\/www.koupeltech.com\/index.php\/produkt\/sleva-terma-rolo-room-designovy-koupelnovy-radiator-21386\/\" \/>\n<meta property=\"og:image\" content=\"https:\/\/www.koupeltech.com\/wp-content\/uploads\/2026\/SK0020211-CZ20260425-093631-0-1777080994-334742_ean-5901804743016-designer-radiator-rolo-room-1800-4.webp\" \/>\n\t<meta property=\"og:image:width\" content=\"1000\" \/>\n\t<meta property=\"og:image:height\" content=\"750\" \/>\n\t<meta property=\"og:image:type\" content=\"image\/webp\" \/>\n<meta name=\"twitter:card\" content=\"summary_large_image\" \/>\n<meta name=\"twitter:label1\" content=\"Odhadovan\u00e1 doba \u010dten\u00ed\" \/>\n\t<meta name=\"twitter:data1\" content=\"1 minuta\" \/>\n<script type=\"application\/ld+json\" class=\"yoast-schema-graph\">{\"@context\":\"https:\/\/schema.org\",\"@graph\":[{\"@type\":\"WebPage\",\"@id\":\"https:\/\/www.koupeltech.com\/index.php\/produkt\/sleva-terma-rolo-room-designovy-koupelnovy-radiator-21386\/\",\"url\":\"https:\/\/www.koupeltech.com\/index.php\/produkt\/sleva-terma-rolo-room-designovy-koupelnovy-radiator-21386\/\",\"name\":\"Sleva Terma Rolo Room designov\u00fd koupelnov\u00fd radi\u00e1tor -\",\"isPartOf\":{\"@id\":\"https:\/\/www.koupeltech.com\/#website\"},\"primaryImageOfPage\":{\"@id\":\"https:\/\/www.koupeltech.com\/index.php\/produkt\/sleva-terma-rolo-room-designovy-koupelnovy-radiator-21386\/#primaryimage\"},\"image\":{\"@id\":\"https:\/\/www.koupeltech.com\/index.php\/produkt\/sleva-terma-rolo-room-designovy-koupelnovy-radiator-21386\/#primaryimage\"},\"thumbnailUrl\":\"https:\/\/www.koupeltech.com\/wp-content\/uploads\/2026\/SK0020211-CZ20260425-093631-0-1777080994-334742_ean-5901804743016-designer-radiator-rolo-room-1800-4.webp\",\"datePublished\":\"2026-04-27T13:59:03+00:00\",\"breadcrumb\":{\"@id\":\"https:\/\/www.koupeltech.com\/index.php\/produkt\/sleva-terma-rolo-room-designovy-koupelnovy-radiator-21386\/#breadcrumb\"},\"inLanguage\":\"cs\",\"potentialAction\":[{\"@type\":\"ReadAction\",\"target\":[\"https:\/\/www.koupeltech.com\/index.php\/produkt\/sleva-terma-rolo-room-designovy-koupelnovy-radiator-21386\/\"]}]},{\"@type\":\"ImageObject\",\"inLanguage\":\"cs\",\"@id\":\"https:\/\/www.koupeltech.com\/index.php\/produkt\/sleva-terma-rolo-room-designovy-koupelnovy-radiator-21386\/#primaryimage\",\"url\":\"https:\/\/www.koupeltech.com\/wp-content\/uploads\/2026\/SK0020211-CZ20260425-093631-0-1777080994-334742_ean-5901804743016-designer-radiator-rolo-room-1800-4.webp\",\"contentUrl\":\"https:\/\/www.koupeltech.com\/wp-content\/uploads\/2026\/SK0020211-CZ20260425-093631-0-1777080994-334742_ean-5901804743016-designer-radiator-rolo-room-1800-4.webp\",\"width\":1000,\"height\":750},{\"@type\":\"BreadcrumbList\",\"@id\":\"https:\/\/www.koupeltech.com\/index.php\/produkt\/sleva-terma-rolo-room-designovy-koupelnovy-radiator-21386\/#breadcrumb\",\"itemListElement\":[{\"@type\":\"ListItem\",\"position\":1,\"name\":\"Home\",\"item\":\"https:\/\/www.koupeltech.com\/\"},{\"@type\":\"ListItem\",\"position\":2,\"name\":\"Products\",\"item\":\"https:\/\/www.koupeltech.com\/index.php\/products\/\"},{\"@type\":\"ListItem\",\"position\":3,\"name\":\"Sleva Terma Rolo Room designov\u00fd koupelnov\u00fd radi\u00e1tor\"}]},{\"@type\":\"WebSite\",\"@id\":\"https:\/\/www.koupeltech.com\/#website\",\"url\":\"https:\/\/www.koupeltech.com\/\",\"name\":\"\",\"description\":\"\",\"potentialAction\":[{\"@type\":\"SearchAction\",\"target\":{\"@type\":\"EntryPoint\",\"urlTemplate\":\"https:\/\/www.koupeltech.com\/?s={search_term_string}\"},\"query-input\":{\"@type\":\"PropertyValueSpecification\",\"valueRequired\":true,\"valueName\":\"search_term_string\"}}],\"inLanguage\":\"cs\"}]}<\/script>\n<!-- \/ Yoast SEO plugin. -->","yoast_head_json":{"title":"Sleva Terma Rolo Room designov\u00fd koupelnov\u00fd radi\u00e1tor -","robots":{"index":"index","follow":"follow","max-snippet":"max-snippet:-1","max-image-preview":"max-image-preview:large","max-video-preview":"max-video-preview:-1"},"canonical":"https:\/\/www.koupeltech.com\/index.php\/produkt\/sleva-terma-rolo-room-designovy-koupelnovy-radiator-21386\/","og_locale":"cs_CZ","og_type":"article","og_title":"Sleva Terma Rolo Room designov\u00fd koupelnov\u00fd radi\u00e1tor -","og_description":"Detailn\u00ed popis produktu Radi\u00e1tor Rolo Room&nbsp; Minimalistick\u00fd designov\u00fd radi\u00e1tor do v\u0161ech m\u00edstnost\u00ed s nad\u010dasov\u00fdm tvarem je ide\u00e1ln\u00ed jak pro klasick\u00e9, tak pro modern\u00ed interi\u00e9ry. ROLO ROOM vertik\u00e1ln\u00ed je k dispozici i na le\u017eato nebo zkr\u00e1cen\u00fd ve verzi pod parapet a je v\u00fdbornou alternativou k tradi\u010dn\u00edm plechov\u00fdm radi\u00e1tor\u016fm.Dostupn\u00fd jako teplovodn\u00ed a kombinovan\u00fd. M\u016f\u017ee b\u00fdt dopln\u011bn bodov\u00fdmi [&hellip;]","og_url":"https:\/\/www.koupeltech.com\/index.php\/produkt\/sleva-terma-rolo-room-designovy-koupelnovy-radiator-21386\/","og_image":[{"width":1000,"height":750,"url":"https:\/\/www.koupeltech.com\/wp-content\/uploads\/2026\/SK0020211-CZ20260425-093631-0-1777080994-334742_ean-5901804743016-designer-radiator-rolo-room-1800-4.webp","type":"image\/webp"}],"twitter_card":"summary_large_image","twitter_misc":{"Odhadovan\u00e1 doba \u010dten\u00ed":"1 minuta"},"schema":{"@context":"https:\/\/schema.org","@graph":[{"@type":"WebPage","@id":"https:\/\/www.koupeltech.com\/index.php\/produkt\/sleva-terma-rolo-room-designovy-koupelnovy-radiator-21386\/","url":"https:\/\/www.koupeltech.com\/index.php\/produkt\/sleva-terma-rolo-room-designovy-koupelnovy-radiator-21386\/","name":"Sleva Terma Rolo Room designov\u00fd koupelnov\u00fd radi\u00e1tor -","isPartOf":{"@id":"https:\/\/www.koupeltech.com\/#website"},"primaryImageOfPage":{"@id":"https:\/\/www.koupeltech.com\/index.php\/produkt\/sleva-terma-rolo-room-designovy-koupelnovy-radiator-21386\/#primaryimage"},"image":{"@id":"https:\/\/www.koupeltech.com\/index.php\/produkt\/sleva-terma-rolo-room-designovy-koupelnovy-radiator-21386\/#primaryimage"},"thumbnailUrl":"https:\/\/www.koupeltech.com\/wp-content\/uploads\/2026\/SK0020211-CZ20260425-093631-0-1777080994-334742_ean-5901804743016-designer-radiator-rolo-room-1800-4.webp","datePublished":"2026-04-27T13:59:03+00:00","breadcrumb":{"@id":"https:\/\/www.koupeltech.com\/index.php\/produkt\/sleva-terma-rolo-room-designovy-koupelnovy-radiator-21386\/#breadcrumb"},"inLanguage":"cs","potentialAction":[{"@type":"ReadAction","target":["https:\/\/www.koupeltech.com\/index.php\/produkt\/sleva-terma-rolo-room-designovy-koupelnovy-radiator-21386\/"]}]},{"@type":"ImageObject","inLanguage":"cs","@id":"https:\/\/www.koupeltech.com\/index.php\/produkt\/sleva-terma-rolo-room-designovy-koupelnovy-radiator-21386\/#primaryimage","url":"https:\/\/www.koupeltech.com\/wp-content\/uploads\/2026\/SK0020211-CZ20260425-093631-0-1777080994-334742_ean-5901804743016-designer-radiator-rolo-room-1800-4.webp","contentUrl":"https:\/\/www.koupeltech.com\/wp-content\/uploads\/2026\/SK0020211-CZ20260425-093631-0-1777080994-334742_ean-5901804743016-designer-radiator-rolo-room-1800-4.webp","width":1000,"height":750},{"@type":"BreadcrumbList","@id":"https:\/\/www.koupeltech.com\/index.php\/produkt\/sleva-terma-rolo-room-designovy-koupelnovy-radiator-21386\/#breadcrumb","itemListElement":[{"@type":"ListItem","position":1,"name":"Home","item":"https:\/\/www.koupeltech.com\/"},{"@type":"ListItem","position":2,"name":"Products","item":"https:\/\/www.koupeltech.com\/index.php\/products\/"},{"@type":"ListItem","position":3,"name":"Sleva Terma Rolo Room designov\u00fd koupelnov\u00fd radi\u00e1tor"}]},{"@type":"WebSite","@id":"https:\/\/www.koupeltech.com\/#website","url":"https:\/\/www.koupeltech.com\/","name":"","description":"","potentialAction":[{"@type":"SearchAction","target":{"@type":"EntryPoint","urlTemplate":"https:\/\/www.koupeltech.com\/?s={search_term_string}"},"query-input":{"@type":"PropertyValueSpecification","valueRequired":true,"valueName":"search_term_string"}}],"inLanguage":"cs"}]}},"_links":{"self":[{"href":"https:\/\/www.koupeltech.com\/index.php\/wp-json\/wp\/v2\/product\/21386","targetHints":{"allow":["GET"]}}],"collection":[{"href":"https:\/\/www.koupeltech.com\/index.php\/wp-json\/wp\/v2\/product"}],"about":[{"href":"https:\/\/www.koupeltech.com\/index.php\/wp-json\/wp\/v2\/types\/product"}],"replies":[{"embeddable":true,"href":"https:\/\/www.koupeltech.com\/index.php\/wp-json\/wp\/v2\/comments?post=21386"}],"wp:featuredmedia":[{"embeddable":true,"href":"https:\/\/www.koupeltech.com\/index.php\/wp-json\/wp\/v2\/media\/21486"}],"wp:attachment":[{"href":"https:\/\/www.koupeltech.com\/index.php\/wp-json\/wp\/v2\/media?parent=21386"}],"wp:term":[{"taxonomy":"product_brand","embeddable":true,"href":"https:\/\/www.koupeltech.com\/index.php\/wp-json\/wp\/v2\/product_brand?post=21386"},{"taxonomy":"product_cat","embeddable":true,"href":"https:\/\/www.koupeltech.com\/index.php\/wp-json\/wp\/v2\/product_cat?post=21386"},{"taxonomy":"product_tag","embeddable":true,"href":"https:\/\/www.koupeltech.com\/index.php\/wp-json\/wp\/v2\/product_tag?post=21386"}],"curies":[{"name":"wp","href":"https:\/\/api.w.org\/{rel}","templated":true}]}}