{"id":21582,"date":"2026-04-27T13:59:05","date_gmt":"2026-04-27T13:59:05","guid":{"rendered":""},"modified":"2026-04-27T13:59:05","modified_gmt":"2026-04-27T13:59:05","slug":"zlevneny-roth-walk-in-line-ai-twf-walk-in-pevna-stena-samostatna-100-cm-21582","status":"publish","type":"product","link":"https:\/\/www.koupeltech.com\/index.php\/produkt\/zlevneny-roth-walk-in-line-ai-twf-walk-in-pevna-stena-samostatna-100-cm-21582\/","title":{"rendered":"Zlevn\u011bn\u00fd Roth WALK IN LINE AI TWF Walk-In Pevn\u00e1 st\u011bna samostatn\u00e1 100 cm"},"content":{"rendered":"<div class=\"basic-description\">\n<h3>Detailn\u00ed popis produktu<\/h3>\n<div class=\"cHeading \">\n<h2 class=\"cHeading__hx\">WALK IN LINE AI TWF<\/h2>\n<p><meta charset=\"UTF-8\" \/><span>Na\u0161e nejnov\u011bj\u0161\u00ed sprchov\u00e1 z\u00e1st\u011bna typu walk in <\/span><strong>AI TWF<\/strong><span> p\u0159in\u00e1\u0161\u00ed do va\u0161\u00ed koupelny neobvykl\u00fd minimalismus ukotven\u00ed bez vzp\u011bry <\/span><strong>s&nbsp;ESG sklem o s\u00edle 10 mm<\/strong><span>. Robustn\u00ed sklo spolu s&nbsp;kvalitn\u011b zpracovan\u00fdm profilem z&nbsp;le\u0161t\u011bn\u00e9ho hlin\u00edku <\/span><strong>Brillant<\/strong><span> nebo v barv\u011b <\/span><strong>\u010cern\u00fd elox<\/strong><span> bude p\u016fsobit vzdu\u0161n\u011b v&nbsp;ka\u017ed\u00e9m modern\u00edm interi\u00e9ru.<\/span><\/p>\n<h3><span>Velkoprostorov\u00e1 sprchov\u00e1 z\u00e1st\u011bna<\/span><span style=\"color: #4d4d4d; font-family: var(--template-font),sans-serif; font-size: 14px;\">&nbsp;<\/span><\/h3>\n<\/div>\n<div class=\"cHeading \">\n<div class=\"cHeading \">\n<div class=\"cHeading \">\n<div class=\"cHeading \">\n<div class=\"cPerex__desc \">\n<p><meta charset=\"UTF-8\" \/><strong>Velkoprostorov\u00e1 bezr\u00e1mov\u00e1 sprchov\u00e1 z\u00e1st\u011bna ALINA &#8211; AI TWF&nbsp;<\/strong><span>ze s\u00e9rie WALK IN&nbsp;<\/span><span>se skv\u011ble hod\u00ed p\u0159edev\u0161\u00edm do <strong>velk\u00fdch koupelen a&nbsp;designov\u00fdch interi\u00e9r\u016f<\/strong>. Konstrukce bez vzp\u011bry vytv\u00e1\u0159\u00ed netradi\u010dn\u011b velk\u00fd otev\u0159en\u00fd sprchovac\u00ed prostor, ve kter\u00e9m poc\u00edt\u00edte opravdovou <strong>volnost pohybu<\/strong>.<\/span><\/p>\n<\/div>\n<\/article>\n<\/div>\n<\/div>\n<\/div>\n<\/div>\n<table width=\"557\">\n<tbody>\n<tr style=\"height: 82px;\">\n<td style=\"width: 104.328px; text-align: center; height: 82px;\"><\/td>\n<td style=\"width: 104.328px; text-align: center; height: 82px;\"><\/td>\n<td style=\"width: 105.609px; text-align: center; height: 82px;\"><\/td>\n<td style=\"width: 104.328px; text-align: center; height: 82px;\"><\/td>\n<td style=\"width: 104.406px; height: 82px;\"><\/td>\n<\/tr>\n<tr style=\"height: 11px;\">\n<td style=\"width: 104.328px; height: 11px; text-align: center;\">\n<p>Tvrzen\u00e9 ESG sklo<\/p>\n<\/td>\n<td style=\"width: 104.328px; height: 11px; text-align: center;\">\n<p>Bezr\u00e1mov\u00e9 proveden\u00ed<\/p>\n<\/td>\n<td style=\"width: 105.609px; height: 11px; text-align: center; vertical-align: middle;\">\n<p>Povrchov\u00e1 \u00faprava<\/p>\n<\/td>\n<td style=\"width: 104.328px; height: 11px; text-align: center;\">\n<p>\u0158e\u0161en\u00ed bez bari\u00e9r<\/p>\n<\/td>\n<td style=\"width: 104.406px; height: 11px; text-align: center;\">\n<p>Z\u00e1ruka od n\u00e1s<\/p>\n<\/td>\n<\/tr>\n<\/tbody>\n<\/table>\n<p><meta charset=\"UTF-8\" \/><\/p>\n<h2>Modern\u00ed zpracov\u00e1n\u00ed<\/h2>\n<p>Pro upevn\u011bn\u00ed z\u00e1st\u011bny, a&nbsp;tud\u00ed\u017e <strong>zaji\u0161t\u011bn\u00ed jej\u00ed stability<\/strong>, slou\u017e\u00ed&nbsp;<strong>hlin\u00edkov\u00fd profil<\/strong> v&nbsp;povrchov\u00e9 \u00faprav\u011b <strong>Brillant a \u010cern\u00fd elox<\/strong>, do kter\u00e9ho je vlo\u017eeno <strong>kl\u00ednkov\u00e9 t\u011bsn\u011bn\u00ed<\/strong>.&nbsp;D\u00edky jednoduch\u00e9mu upevn\u011bn\u00ed lze sprchovou z\u00e1st\u011bnu instalovat v&nbsp;<strong>lev\u00e9m <\/strong>i&nbsp;<strong>prav\u00e9m <\/strong><strong>proveden\u00ed<\/strong>.&nbsp;Bezpe\u010dnostn\u00ed sklo sprchov\u00e9 z\u00e1st\u011bny v \u010dir\u00e9m proveden\u00ed <strong>Transparent<\/strong>&nbsp;m\u00e1 nejv\u011bt\u0161\u00ed \u0161\u00ed\u0159ku z na\u0161\u00ed nab\u00eddky &#8211; <strong>10 mm<\/strong>, co\u017e spolu se spodn\u00edm ut\u011bsn\u011bn\u00edm pomoc\u00ed silikonu tak\u00e9 zvy\u0161uje tuhost t\u00e9to sestavy.<\/p>\n<p>P\u0159ednost\u00ed sprchov\u00e9 z\u00e1st\u011bny <strong>AI TWF<\/strong>&nbsp;je, p\u0159edev\u0161\u00edm d\u00edky absenci pohybliv\u00fdch \u010d\u00e1st\u00ed, <strong>dlouh\u00e1 \u017eivotnost s&nbsp;minim\u00e1ln\u00edm mechanick\u00fdm opot\u0159eben\u00edm<\/strong>.<\/p>\n<p>Sprchov\u00e1 z\u00e1st\u011bna je kv\u016fli<strong> otev\u0159en\u00e9mu sprchovac\u00edmu prostoru<\/strong> vhodn\u00e1 p\u0159edev\u0161\u00edm do <strong>hojn\u011b vyt\u00e1p\u011bn\u00fdch<\/strong>koupelen. Pokud je koupelna m\u00e9n\u011b vyt\u00e1p\u011bn\u00e1, v&nbsp;kombinaci s&nbsp;horkou vodou vznikne ve sprchovac\u00edm prostoru <strong>pr\u016fvan<\/strong>, kter\u00fd m\u016f\u017ee zp\u016fsobovat <strong>pocit chladu<\/strong> p\u0159i sprchov\u00e1n\u00ed.<\/p>\n<p>Na tuto sprchovou z\u00e1st\u011bnu poskytujeme <strong>z\u00e1ruku a\u017e 5 let<\/strong>.<\/p>\n<h2>Bezpe\u010dnostn\u00ed skla z\u00e1st\u011bny<\/h2>\n<p>Sprchovou z\u00e1st\u011bnu&nbsp;<strong>AI TWF<\/strong>&nbsp;tvo\u0159\u00ed<span>&nbsp;bezpe\u010dnostn\u00ed sklo o&nbsp;s\u00edle <\/span><strong>10 mm<\/strong><span>.<\/span><span> Sklo je vyrobeno tzv.&nbsp;<\/span><strong>kalen\u00edm<\/strong><span>&nbsp;<\/span><span>(zah\u0159\u00e1t\u00edm a&nbsp;n\u00e1sledn\u011b prudk\u00fdm ochlazen\u00edm), kter\u00e9 vysoce zvy\u0161uje jeho mechanickou a&nbsp;tepelnou odolnost i&nbsp;ohybovou pevnost. V\u00fddr\u017e skla byla&nbsp;<\/span><strong>testov\u00e1na&nbsp;<\/strong><span>silou&nbsp;<strong>140 kg<\/strong>&nbsp;koncentrovanou do st\u0159edu skla zav\u011b\u0161en\u00e9ho za hrany. Tato situace nem\u016f\u017ee b\u011b\u017en\u011b nastat, a&nbsp;proto je&nbsp;<strong>\u0161ance na rozbit\u00ed skla minim\u00e1ln\u00ed<\/strong>.&nbsp;Pokud p\u0159esto dojde k&nbsp;po\u0161kozen\u00ed skla, rozpadne se (obdobn\u011b jako u&nbsp;autoskel) <strong>na drobn\u00e9 \u00falomky, tak\u017ee nehroz\u00ed poran\u011bn\u00ed.<\/strong><\/span><\/p>\n<div>\n<h2>Povrchov\u00e1 \u00faprava skla<\/h2>\n<p>Sprchov\u00e1 z\u00e1st\u011bna<strong>&nbsp;AI TWF<\/strong>&nbsp;se py\u0161n\u00ed \u00fapravou&nbsp;RothETC&nbsp;na b\u00e1zi&nbsp;<strong>nanotechnologie<\/strong>, <strong>kter\u00e1 zabra\u0148uje usazov\u00e1n\u00ed&nbsp;ne\u010distot, mastnoty a&nbsp;vodn\u00edho kamene<\/strong>.<\/p>\n<\/div>\n<h2>Doporu\u010dujeme<\/h2>\n<p><span>Instalac\u00ed sprchov\u00e9 z\u00e1st\u011bny p\u0159\u00edmo na podlahu lze vytvo\u0159it p\u0159irozen\u00fd&nbsp;<strong>bezbari\u00e9rov\u00fd vstup<\/strong>&nbsp;do sprchovac\u00edho prostoru. Samoz\u0159ejmost\u00ed je ale tak\u00e9 mo\u017enost instalace&nbsp;na jednu z&nbsp;na\u0161ich n\u00edzk\u00fdch vani\u010dek.&nbsp;Pokud chcete poradit, <strong>mramorov\u00e1<\/strong> <strong>vani\u010dka&nbsp;<\/strong><\/span><span>MARMO NEO SQUARE-R&nbsp;<\/span><span>by se mohla <strong>vyj\u00edmat<\/strong> v&nbsp;kombinaci se sprchovou z\u00e1st\u011bnou.<\/span><\/p>\n<p>Pro <strong>snaz\u0161\u00ed<\/strong> \u010di\u0161t\u011bn\u00ed skla doporu\u010dujeme <strong>zakoupit<\/strong> st\u011brku na sklo.<\/p>\n<table height=\"473\" style=\"width: 955.344px;\">\n<tbody>\n<tr>\n<td style=\"width: 313px;\"><strong>V\u00fdpl\u0148 skla: <\/strong>\u010dir\u00e9<\/td>\n<td style=\"width: 313px;\"><strong>Barva profil\u016f:<\/strong> Chrom<\/td>\n<td style=\"width: 315.344px;\"><strong>Barva profil\u016f: <\/strong>\u010cern\u00fd elox<\/td>\n<\/tr>\n<tr>\n<td style=\"width: 313px;\"><\/td>\n<td style=\"width: 313px;\"><\/td>\n<td style=\"width: 315.344px;\"><\/td>\n<\/tr>\n<\/tbody>\n<\/table>\n<div class=\"content_container_max1280px center f90 overflow_hidden line_height_1_4 image_margin_b_8px\">\n<div class=\"box_px width_160px box_with_selection\">\n<div class=\"content_container_max1280px overflow_hidden center line_height_1_4 uppercase\">\n<div class=\"overflow_hidden\">\n<div class=\"box_px width_200px\">\n<div class=\"onmouseover_div_container\">\n<h2>Technick\u00e9 parametry<\/h2>\n<table class=\"table table--features m-b-0\" border=\"1\" width=\"345\" height=\"237\">\n<tbody>\n<tr>\n<td><strong>P\u016fdorys<\/strong><\/td>\n<td>Z\u00e1st\u011bny \/ st\u011bny typu walk<\/td>\n<\/tr>\n<tr>\n<td><strong>Materi\u00e1l v\u00fdpln\u011b<\/strong><\/td>\n<td>Bezpe\u010dnostn\u00ed sklo<\/td>\n<\/tr>\n<tr>\n<td><strong>Materi\u00e1l profilu<\/strong><\/td>\n<td>Hlin\u00edk<\/td>\n<\/tr>\n<tr>\n<td><strong>S\u00edla skla<\/strong><\/td>\n<td>10 mm<\/td>\n<\/tr>\n<tr>\n<td><strong>Povrchov\u00e1 \u00faprava<\/strong><\/td>\n<td>RothETC<\/td>\n<\/tr>\n<tr>\n<td><strong>Typ profilu<\/strong><\/td>\n<td>Brillant<\/td>\n<\/tr>\n<\/tbody>\n<\/table>\n<p><strong>Upozorn\u011bn\u00ed pro z\u00e1kazn\u00edky ke koupi produkt\u016f na objedn\u00e1n\u00ed:<\/strong><span>&nbsp;Toto zbo\u017e\u00ed nen\u00ed standardn\u00edm s\u00e9riov\u00fdm v\u00fdrobkem. Bude vyrobeno na p\u0159\u00e1n\u00ed z\u00e1kazn\u00edka a proto jej&nbsp;<\/span><strong>nelze dodavateli v z\u00e1konn\u00e9 lh\u016ft\u011b vr\u00e1tit<\/strong><span>. (viz \u00a71837 odst.d, ob\u010dansk\u00e9ho z\u00e1kon\u00edku). V tomto p\u0159\u00edpad\u011b m\u016f\u017eeme po\u017eadovat nevratnou z\u00e1lohu a\u017e do v\u00fd\u0161e 100 % z ceny v\u00fdrobku.<\/span><\/p>\n<\/div>\n<\/div>\n<\/div>\n<\/div>\n<\/div>\n<\/div><\/div>\n","protected":false},"excerpt":{"rendered":"<p>Detailn\u00ed popis produktu WALK IN LINE AI TWF Na\u0161e nejnov\u011bj\u0161\u00ed sprchov\u00e1 z\u00e1st\u011bna typu walk in AI TWF p\u0159in\u00e1\u0161\u00ed do va\u0161\u00ed koupelny neobvykl\u00fd minimalismus ukotven\u00ed bez vzp\u011bry s&nbsp;ESG sklem o s\u00edle 10 mm. Robustn\u00ed sklo spolu s&nbsp;kvalitn\u011b zpracovan\u00fdm profilem z&nbsp;le\u0161t\u011bn\u00e9ho hlin\u00edku Brillant nebo v barv\u011b \u010cern\u00fd elox bude p\u016fsobit vzdu\u0161n\u011b v&nbsp;ka\u017ed\u00e9m modern\u00edm interi\u00e9ru. Velkoprostorov\u00e1 sprchov\u00e1 z\u00e1st\u011bna&nbsp; [&hellip;]<\/p>\n","protected":false},"featured_media":21682,"comment_status":"open","ping_status":"open","template":"","meta":[],"product_brand":[],"product_cat":[57],"product_tag":[],"class_list":{"0":"post-21582","1":"product","2":"type-product","3":"status-publish","4":"has-post-thumbnail","6":"product_cat-sprchove-kouty","8":"first","9":"instock","10":"sale","11":"shipping-taxable","12":"purchasable","13":"product-type-simple"},"yoast_head":"<!-- This site is optimized with the Yoast SEO plugin v26.8 - https:\/\/yoast.com\/product\/yoast-seo-wordpress\/ -->\n<title>Zlevn\u011bn\u00fd Roth WALK IN LINE AI TWF Walk-In Pevn\u00e1 st\u011bna samostatn\u00e1 100 cm -<\/title>\n<meta name=\"robots\" content=\"index, follow, max-snippet:-1, max-image-preview:large, max-video-preview:-1\" \/>\n<link rel=\"canonical\" href=\"https:\/\/www.koupeltech.com\/index.php\/produkt\/zlevneny-roth-walk-in-line-ai-twf-walk-in-pevna-stena-samostatna-100-cm-21582\/\" \/>\n<meta property=\"og:locale\" content=\"cs_CZ\" \/>\n<meta property=\"og:type\" content=\"article\" \/>\n<meta property=\"og:title\" content=\"Zlevn\u011bn\u00fd Roth WALK IN LINE AI TWF Walk-In Pevn\u00e1 st\u011bna samostatn\u00e1 100 cm -\" \/>\n<meta property=\"og:description\" content=\"Detailn\u00ed popis produktu WALK IN LINE AI TWF Na\u0161e nejnov\u011bj\u0161\u00ed sprchov\u00e1 z\u00e1st\u011bna typu walk in AI TWF p\u0159in\u00e1\u0161\u00ed do va\u0161\u00ed koupelny neobvykl\u00fd minimalismus ukotven\u00ed bez vzp\u011bry s&nbsp;ESG sklem o s\u00edle 10 mm. Robustn\u00ed sklo spolu s&nbsp;kvalitn\u011b zpracovan\u00fdm profilem z&nbsp;le\u0161t\u011bn\u00e9ho hlin\u00edku Brillant nebo v barv\u011b \u010cern\u00fd elox bude p\u016fsobit vzdu\u0161n\u011b v&nbsp;ka\u017ed\u00e9m modern\u00edm interi\u00e9ru. Velkoprostorov\u00e1 sprchov\u00e1 z\u00e1st\u011bna&nbsp; [&hellip;]\" \/>\n<meta property=\"og:url\" content=\"https:\/\/www.koupeltech.com\/index.php\/produkt\/zlevneny-roth-walk-in-line-ai-twf-walk-in-pevna-stena-samostatna-100-cm-21582\/\" \/>\n<meta property=\"og:image\" content=\"https:\/\/www.koupeltech.com\/wp-content\/uploads\/2026\/SK0020522-CZ20260425-093631-0-1777080994-335768_roth-walk-in-line-ai-twf-walk-in-pevna-stena-samosta.webp\" \/>\n\t<meta property=\"og:image:width\" content=\"1000\" \/>\n\t<meta property=\"og:image:height\" content=\"750\" \/>\n\t<meta property=\"og:image:type\" content=\"image\/webp\" \/>\n<meta name=\"twitter:card\" content=\"summary_large_image\" \/>\n<meta name=\"twitter:label1\" content=\"Odhadovan\u00e1 doba \u010dten\u00ed\" \/>\n\t<meta name=\"twitter:data1\" content=\"3 minuty\" \/>\n<script type=\"application\/ld+json\" class=\"yoast-schema-graph\">{\"@context\":\"https:\/\/schema.org\",\"@graph\":[{\"@type\":\"WebPage\",\"@id\":\"https:\/\/www.koupeltech.com\/index.php\/produkt\/zlevneny-roth-walk-in-line-ai-twf-walk-in-pevna-stena-samostatna-100-cm-21582\/\",\"url\":\"https:\/\/www.koupeltech.com\/index.php\/produkt\/zlevneny-roth-walk-in-line-ai-twf-walk-in-pevna-stena-samostatna-100-cm-21582\/\",\"name\":\"Zlevn\u011bn\u00fd Roth WALK IN LINE AI TWF Walk-In Pevn\u00e1 st\u011bna samostatn\u00e1 100 cm -\",\"isPartOf\":{\"@id\":\"https:\/\/www.koupeltech.com\/#website\"},\"primaryImageOfPage\":{\"@id\":\"https:\/\/www.koupeltech.com\/index.php\/produkt\/zlevneny-roth-walk-in-line-ai-twf-walk-in-pevna-stena-samostatna-100-cm-21582\/#primaryimage\"},\"image\":{\"@id\":\"https:\/\/www.koupeltech.com\/index.php\/produkt\/zlevneny-roth-walk-in-line-ai-twf-walk-in-pevna-stena-samostatna-100-cm-21582\/#primaryimage\"},\"thumbnailUrl\":\"https:\/\/www.koupeltech.com\/wp-content\/uploads\/2026\/SK0020522-CZ20260425-093631-0-1777080994-335768_roth-walk-in-line-ai-twf-walk-in-pevna-stena-samosta.webp\",\"datePublished\":\"2026-04-27T13:59:05+00:00\",\"breadcrumb\":{\"@id\":\"https:\/\/www.koupeltech.com\/index.php\/produkt\/zlevneny-roth-walk-in-line-ai-twf-walk-in-pevna-stena-samostatna-100-cm-21582\/#breadcrumb\"},\"inLanguage\":\"cs\",\"potentialAction\":[{\"@type\":\"ReadAction\",\"target\":[\"https:\/\/www.koupeltech.com\/index.php\/produkt\/zlevneny-roth-walk-in-line-ai-twf-walk-in-pevna-stena-samostatna-100-cm-21582\/\"]}]},{\"@type\":\"ImageObject\",\"inLanguage\":\"cs\",\"@id\":\"https:\/\/www.koupeltech.com\/index.php\/produkt\/zlevneny-roth-walk-in-line-ai-twf-walk-in-pevna-stena-samostatna-100-cm-21582\/#primaryimage\",\"url\":\"https:\/\/www.koupeltech.com\/wp-content\/uploads\/2026\/SK0020522-CZ20260425-093631-0-1777080994-335768_roth-walk-in-line-ai-twf-walk-in-pevna-stena-samosta.webp\",\"contentUrl\":\"https:\/\/www.koupeltech.com\/wp-content\/uploads\/2026\/SK0020522-CZ20260425-093631-0-1777080994-335768_roth-walk-in-line-ai-twf-walk-in-pevna-stena-samosta.webp\",\"width\":1000,\"height\":750},{\"@type\":\"BreadcrumbList\",\"@id\":\"https:\/\/www.koupeltech.com\/index.php\/produkt\/zlevneny-roth-walk-in-line-ai-twf-walk-in-pevna-stena-samostatna-100-cm-21582\/#breadcrumb\",\"itemListElement\":[{\"@type\":\"ListItem\",\"position\":1,\"name\":\"Home\",\"item\":\"https:\/\/www.koupeltech.com\/\"},{\"@type\":\"ListItem\",\"position\":2,\"name\":\"Products\",\"item\":\"https:\/\/www.koupeltech.com\/index.php\/products\/\"},{\"@type\":\"ListItem\",\"position\":3,\"name\":\"Zlevn\u011bn\u00fd Roth WALK IN LINE AI TWF Walk-In Pevn\u00e1 st\u011bna samostatn\u00e1 100 cm\"}]},{\"@type\":\"WebSite\",\"@id\":\"https:\/\/www.koupeltech.com\/#website\",\"url\":\"https:\/\/www.koupeltech.com\/\",\"name\":\"\",\"description\":\"\",\"potentialAction\":[{\"@type\":\"SearchAction\",\"target\":{\"@type\":\"EntryPoint\",\"urlTemplate\":\"https:\/\/www.koupeltech.com\/?s={search_term_string}\"},\"query-input\":{\"@type\":\"PropertyValueSpecification\",\"valueRequired\":true,\"valueName\":\"search_term_string\"}}],\"inLanguage\":\"cs\"}]}<\/script>\n<!-- \/ Yoast SEO plugin. -->","yoast_head_json":{"title":"Zlevn\u011bn\u00fd Roth WALK IN LINE AI TWF Walk-In Pevn\u00e1 st\u011bna samostatn\u00e1 100 cm -","robots":{"index":"index","follow":"follow","max-snippet":"max-snippet:-1","max-image-preview":"max-image-preview:large","max-video-preview":"max-video-preview:-1"},"canonical":"https:\/\/www.koupeltech.com\/index.php\/produkt\/zlevneny-roth-walk-in-line-ai-twf-walk-in-pevna-stena-samostatna-100-cm-21582\/","og_locale":"cs_CZ","og_type":"article","og_title":"Zlevn\u011bn\u00fd Roth WALK IN LINE AI TWF Walk-In Pevn\u00e1 st\u011bna samostatn\u00e1 100 cm -","og_description":"Detailn\u00ed popis produktu WALK IN LINE AI TWF Na\u0161e nejnov\u011bj\u0161\u00ed sprchov\u00e1 z\u00e1st\u011bna typu walk in AI TWF p\u0159in\u00e1\u0161\u00ed do va\u0161\u00ed koupelny neobvykl\u00fd minimalismus ukotven\u00ed bez vzp\u011bry s&nbsp;ESG sklem o s\u00edle 10 mm. Robustn\u00ed sklo spolu s&nbsp;kvalitn\u011b zpracovan\u00fdm profilem z&nbsp;le\u0161t\u011bn\u00e9ho hlin\u00edku Brillant nebo v barv\u011b \u010cern\u00fd elox bude p\u016fsobit vzdu\u0161n\u011b v&nbsp;ka\u017ed\u00e9m modern\u00edm interi\u00e9ru. Velkoprostorov\u00e1 sprchov\u00e1 z\u00e1st\u011bna&nbsp; [&hellip;]","og_url":"https:\/\/www.koupeltech.com\/index.php\/produkt\/zlevneny-roth-walk-in-line-ai-twf-walk-in-pevna-stena-samostatna-100-cm-21582\/","og_image":[{"width":1000,"height":750,"url":"https:\/\/www.koupeltech.com\/wp-content\/uploads\/2026\/SK0020522-CZ20260425-093631-0-1777080994-335768_roth-walk-in-line-ai-twf-walk-in-pevna-stena-samosta.webp","type":"image\/webp"}],"twitter_card":"summary_large_image","twitter_misc":{"Odhadovan\u00e1 doba \u010dten\u00ed":"3 minuty"},"schema":{"@context":"https:\/\/schema.org","@graph":[{"@type":"WebPage","@id":"https:\/\/www.koupeltech.com\/index.php\/produkt\/zlevneny-roth-walk-in-line-ai-twf-walk-in-pevna-stena-samostatna-100-cm-21582\/","url":"https:\/\/www.koupeltech.com\/index.php\/produkt\/zlevneny-roth-walk-in-line-ai-twf-walk-in-pevna-stena-samostatna-100-cm-21582\/","name":"Zlevn\u011bn\u00fd Roth WALK IN LINE AI TWF Walk-In Pevn\u00e1 st\u011bna samostatn\u00e1 100 cm -","isPartOf":{"@id":"https:\/\/www.koupeltech.com\/#website"},"primaryImageOfPage":{"@id":"https:\/\/www.koupeltech.com\/index.php\/produkt\/zlevneny-roth-walk-in-line-ai-twf-walk-in-pevna-stena-samostatna-100-cm-21582\/#primaryimage"},"image":{"@id":"https:\/\/www.koupeltech.com\/index.php\/produkt\/zlevneny-roth-walk-in-line-ai-twf-walk-in-pevna-stena-samostatna-100-cm-21582\/#primaryimage"},"thumbnailUrl":"https:\/\/www.koupeltech.com\/wp-content\/uploads\/2026\/SK0020522-CZ20260425-093631-0-1777080994-335768_roth-walk-in-line-ai-twf-walk-in-pevna-stena-samosta.webp","datePublished":"2026-04-27T13:59:05+00:00","breadcrumb":{"@id":"https:\/\/www.koupeltech.com\/index.php\/produkt\/zlevneny-roth-walk-in-line-ai-twf-walk-in-pevna-stena-samostatna-100-cm-21582\/#breadcrumb"},"inLanguage":"cs","potentialAction":[{"@type":"ReadAction","target":["https:\/\/www.koupeltech.com\/index.php\/produkt\/zlevneny-roth-walk-in-line-ai-twf-walk-in-pevna-stena-samostatna-100-cm-21582\/"]}]},{"@type":"ImageObject","inLanguage":"cs","@id":"https:\/\/www.koupeltech.com\/index.php\/produkt\/zlevneny-roth-walk-in-line-ai-twf-walk-in-pevna-stena-samostatna-100-cm-21582\/#primaryimage","url":"https:\/\/www.koupeltech.com\/wp-content\/uploads\/2026\/SK0020522-CZ20260425-093631-0-1777080994-335768_roth-walk-in-line-ai-twf-walk-in-pevna-stena-samosta.webp","contentUrl":"https:\/\/www.koupeltech.com\/wp-content\/uploads\/2026\/SK0020522-CZ20260425-093631-0-1777080994-335768_roth-walk-in-line-ai-twf-walk-in-pevna-stena-samosta.webp","width":1000,"height":750},{"@type":"BreadcrumbList","@id":"https:\/\/www.koupeltech.com\/index.php\/produkt\/zlevneny-roth-walk-in-line-ai-twf-walk-in-pevna-stena-samostatna-100-cm-21582\/#breadcrumb","itemListElement":[{"@type":"ListItem","position":1,"name":"Home","item":"https:\/\/www.koupeltech.com\/"},{"@type":"ListItem","position":2,"name":"Products","item":"https:\/\/www.koupeltech.com\/index.php\/products\/"},{"@type":"ListItem","position":3,"name":"Zlevn\u011bn\u00fd Roth WALK IN LINE AI TWF Walk-In Pevn\u00e1 st\u011bna samostatn\u00e1 100 cm"}]},{"@type":"WebSite","@id":"https:\/\/www.koupeltech.com\/#website","url":"https:\/\/www.koupeltech.com\/","name":"","description":"","potentialAction":[{"@type":"SearchAction","target":{"@type":"EntryPoint","urlTemplate":"https:\/\/www.koupeltech.com\/?s={search_term_string}"},"query-input":{"@type":"PropertyValueSpecification","valueRequired":true,"valueName":"search_term_string"}}],"inLanguage":"cs"}]}},"_links":{"self":[{"href":"https:\/\/www.koupeltech.com\/index.php\/wp-json\/wp\/v2\/product\/21582","targetHints":{"allow":["GET"]}}],"collection":[{"href":"https:\/\/www.koupeltech.com\/index.php\/wp-json\/wp\/v2\/product"}],"about":[{"href":"https:\/\/www.koupeltech.com\/index.php\/wp-json\/wp\/v2\/types\/product"}],"replies":[{"embeddable":true,"href":"https:\/\/www.koupeltech.com\/index.php\/wp-json\/wp\/v2\/comments?post=21582"}],"wp:featuredmedia":[{"embeddable":true,"href":"https:\/\/www.koupeltech.com\/index.php\/wp-json\/wp\/v2\/media\/21682"}],"wp:attachment":[{"href":"https:\/\/www.koupeltech.com\/index.php\/wp-json\/wp\/v2\/media?parent=21582"}],"wp:term":[{"taxonomy":"product_brand","embeddable":true,"href":"https:\/\/www.koupeltech.com\/index.php\/wp-json\/wp\/v2\/product_brand?post=21582"},{"taxonomy":"product_cat","embeddable":true,"href":"https:\/\/www.koupeltech.com\/index.php\/wp-json\/wp\/v2\/product_cat?post=21582"},{"taxonomy":"product_tag","embeddable":true,"href":"https:\/\/www.koupeltech.com\/index.php\/wp-json\/wp\/v2\/product_tag?post=21582"}],"curies":[{"name":"wp","href":"https:\/\/api.w.org\/{rel}","templated":true}]}}