{"id":21704,"date":"2026-04-27T13:59:07","date_gmt":"2026-04-27T13:59:07","guid":{"rendered":""},"modified":"2026-04-27T13:59:07","modified_gmt":"2026-04-27T13:59:07","slug":"znackovy-roth-walk-in-line-mi-twf-walk-in-pevna-stena-samostatna-80-cm-21704","status":"publish","type":"product","link":"https:\/\/www.koupeltech.com\/index.php\/produkt\/znackovy-roth-walk-in-line-mi-twf-walk-in-pevna-stena-samostatna-80-cm-21704\/","title":{"rendered":"Zna\u010dkov\u00fd Roth WALK IN LINE MI TWF Walk-In Pevn\u00e1 st\u011bna samostatn\u00e1 80 cm"},"content":{"rendered":"<div class=\"basic-description\">\n<h3>Detailn\u00ed popis produktu<\/h3>\n<div class=\"cHeading \">\n<h2 class=\"cHeading__hx\">WALK IN LINE MI TWF<\/h2>\n<p><meta charset=\"UTF-8\" \/><meta charset=\"UTF-8\" \/><\/p>\n<p>Origin\u00e1ln\u00ed vzhled, kter\u00fd zaujme. Va\u0161e koupelna bude d\u00edky \u010dist\u00e9mu designu vypadat modern\u011b a \u00fatuln\u011b.<\/p>\n<p><b>MI TWF&nbsp;<\/b>&nbsp;pro v\u00e1s m\u00e1me ve t\u0159ech v\u00fdrazn\u00fdch barevn\u00fdch proveden\u00edch &#8211;&nbsp;<strong>Gold, Brillant a \u010cern\u00fd elox.&nbsp;<\/strong>Barevn\u011b jsou slad\u011bny i prvky kov\u00e1n\u00ed. D\u00edky kotven\u00ed \u00faheln\u00edky m\u00e1 vzhled odleh\u010den\u00fd dojem.<\/p>\n<p>Pou\u017eit\u00e9 <strong>8<\/strong><strong>&nbsp; mm<\/strong>&nbsp;bezpe\u010dnostn\u00ed sklo s modern\u00edm o\u0161et\u0159en\u00edm&nbsp;<strong>RothETC&nbsp;<\/strong>pro snadnou \u00fadr\u017ebu spole\u010dn\u011b se standardn\u00ed v\u00fd\u0161kou <strong>2 metry.<\/strong><\/p>\n<h3><span style=\"color: #4d4d4d; font-family: var(--template-font),sans-serif; font-size: 14px;\"><meta charset=\"UTF-8\" \/><\/span><\/h3>\n<h2 fira=\"\" font-size:=\"\">Velkorozm\u011brov\u00e1 bezr\u00e1mov\u00e1 sprchov\u00e1 z\u00e1st\u011bna<\/h2>\n<\/div>\n<div class=\"cHeading \">\n<div class=\"cHeading \">\n<div class=\"cHeading \">\n<div class=\"cHeading \">\n<div class=\"cPerex__desc \">\n<p><meta charset=\"UTF-8\" \/><meta charset=\"UTF-8\" \/><strong>Velkoprostorov\u00e1 bezr\u00e1mov\u00e1 sprchov\u00e1 z\u00e1st\u011bna MELINA &#8211; MI TWF&nbsp;<\/strong><span>ze s\u00e9rie WALK IN&nbsp;<\/span><span>se skv\u011ble hod\u00ed p\u0159edev\u0161\u00edm do <strong>modern\u00edch<\/strong> koupelen a&nbsp;<strong>designov\u00fdch<\/strong> interi\u00e9r\u016f. D\u00edky mo\u017enosti <strong>individu\u00e1ln\u00edho nastaven\u00ed d\u00e9lky vzp\u011bry (max. 1200 mm)<\/strong> lze dos\u00e1hnout netradi\u010dn\u011b velk\u00e9ho sprchovac\u00edho prostoru, ve kter\u00e9m poc\u00edt\u00edte opravdovou <strong>volnost pohybu<\/strong>.<\/span><\/p>\n<\/div>\n<\/article>\n<\/div>\n<\/div>\n<\/div>\n<\/div>\n<table width=\"557\">\n<tbody>\n<tr style=\"height: 82px;\">\n<td style=\"width: 104.328px; text-align: center; height: 82px;\"><\/td>\n<td style=\"width: 104.328px; text-align: center; height: 82px;\"><\/td>\n<td style=\"width: 105.609px; text-align: center; height: 82px;\"><\/td>\n<td style=\"width: 104.328px; text-align: center; height: 82px;\"><\/td>\n<td style=\"width: 104.406px; height: 82px;\"><\/td>\n<\/tr>\n<tr style=\"height: 11px;\">\n<td style=\"width: 104.328px; height: 11px; text-align: center;\">\n<p>Tvrzen\u00e9 ESG sklo<\/p>\n<\/td>\n<td style=\"width: 104.328px; height: 11px; text-align: center;\">\n<p>Bezr\u00e1mov\u00e9 proveden\u00ed<\/p>\n<\/td>\n<td style=\"width: 105.609px; height: 11px; text-align: center; vertical-align: middle;\">\n<p>Povrchov\u00e1 \u00faprava<\/p>\n<\/td>\n<td style=\"width: 104.328px; height: 11px; text-align: center;\">\n<p>\u0158e\u0161en\u00ed bez bari\u00e9r<\/p>\n<\/td>\n<td style=\"width: 104.406px; height: 11px; text-align: center;\">\n<p>Z\u00e1ruka od n\u00e1s<\/p>\n<\/td>\n<\/tr>\n<\/tbody>\n<\/table>\n<p><meta charset=\"UTF-8\" \/><meta charset=\"UTF-8\" \/><\/p>\n<h2>Modern\u00ed zpracov\u00e1n\u00ed<\/h2>\n<p><strong>Neobvykl\u00fd<\/strong>&nbsp;<strong>vzhled, minimalistick\u00e9 kotven\u00ed pomoc\u00ed \u00faheln\u00edk\u016f<\/strong>&nbsp;a v\u00fdb\u011br designu ve <strong>t\u0159ech barevn\u00fdch variant\u00e1ch<\/strong>&nbsp;jsou pro nov\u00e9 bezdve\u0159ov\u00e9 sprchov\u00e9 z\u00e1st\u011bny&nbsp;<strong>MELINA<\/strong> typick\u00e9.&nbsp;<\/p>\n<p>Pro upevn\u011bn\u00ed z\u00e1st\u011bny, a&nbsp;tud\u00ed\u017e zaji\u0161t\u011bn\u00ed jej\u00ed <strong>maxim\u00e1ln\u00ed stability<\/strong>, slou\u017e\u00ed&nbsp;designov\u00e1 <strong>hlin\u00edkov\u00e1 vzp\u011bra slad\u011bn\u00e1 s barvou \u00faheln\u00edk\u016f &#8211;&nbsp;<\/strong> <strong>Brillant, \u010cern\u00e1 nebo Zlat\u00e1 barva<\/strong>.&nbsp;D\u00e9lku vzp\u011bry je mo\u017en\u00e9 <strong>p\u0159izp\u016fsobit<\/strong> konkr\u00e9tn\u00edm pot\u0159eb\u00e1m, a&nbsp;to a\u017e do p\u0159ekvapiv\u00fdch&nbsp;<strong>1200 mm<\/strong>.&nbsp;D\u00edky jednoduch\u00e9mu upevn\u011bn\u00ed lze sprchovou z\u00e1st\u011bnu instalovat v&nbsp;<strong>lev\u00e9m <\/strong>i&nbsp;<strong>prav\u00e9m <\/strong><strong>proveden\u00ed<\/strong>.&nbsp;Bezpe\u010dnostn\u00ed sklo sprchov\u00e9 z\u00e1st\u011bny je v \u010dir\u00e9m proveden\u00ed <strong>Transparent<\/strong>, kotv\u00edc\u00ed \u00faheln\u00edky jsou pak stejn\u011b jako vzp\u011bra v&nbsp;proveden\u00ed <span>Brillant, \u010cern\u00e1 nebo Zlat\u00e1 barva<\/span>.<\/p>\n<p>P\u0159ednost\u00ed sprchov\u00e9 z\u00e1st\u011bny <strong>MI TWF<\/strong>&nbsp;je, p\u0159edev\u0161\u00edm d\u00edky absenci pohybliv\u00fdch \u010d\u00e1st\u00ed, <strong>dlouh\u00e1 \u017eivotnost<\/strong>s&nbsp;<strong>minim\u00e1ln\u00edm<\/strong> mechanick\u00fdm <strong>opot\u0159eben\u00edm<\/strong>.<\/p>\n<p>Sprchov\u00e1 z\u00e1st\u011bna je kv\u016fli<strong> otev\u0159en\u00e9mu sprchovac\u00edmu prostoru<\/strong> vhodn\u00e1 p\u0159edev\u0161\u00edm do <strong>hojn\u011b vyt\u00e1p\u011bn\u00fdch<\/strong>koupelen. Pokud je koupelna m\u00e9n\u011b vyt\u00e1p\u011bn\u00e1, v&nbsp;kombinaci s&nbsp;horkou vodou vznikne ve sprchovac\u00edm prostoru <strong>pr\u016fvan<\/strong>, kter\u00fd m\u016f\u017ee zp\u016fsobovat <strong>pocit chladu<\/strong> p\u0159i sprchov\u00e1n\u00ed.<\/p>\n<p>Na tuto sprchovou z\u00e1st\u011bnu poskytujeme <strong>z\u00e1ruku a\u017e 5 let<\/strong>.<\/p>\n<h2>Bezpe\u010dnostn\u00ed skla z\u00e1st\u011bny<\/h2>\n<p>Sprchovou z\u00e1st\u011bnu&nbsp;<strong>MI TWF<\/strong>&nbsp;tvo\u0159\u00ed<span>&nbsp;bezpe\u010dnostn\u00ed sklo o&nbsp;s\u00edle <strong>8<\/strong><\/span><strong>&nbsp;mm<\/strong><span>.<\/span><span> Sklo je vyrobeno tzv.&nbsp;<\/span><strong>kalen\u00edm<\/strong><span>&nbsp;<\/span><span>(zah\u0159\u00e1t\u00edm a&nbsp;n\u00e1sledn\u011b prudk\u00fdm ochlazen\u00edm), kter\u00e9 vysoce zvy\u0161uje jeho mechanickou a&nbsp;tepelnou odolnost i&nbsp;ohybovou pevnost. V\u00fddr\u017e skla byla&nbsp;<\/span><strong>testov\u00e1na&nbsp;<\/strong><span>silou&nbsp;<strong>140 kg<\/strong>&nbsp;koncentrovanou do st\u0159edu skla zav\u011b\u0161en\u00e9ho za hrany. Tato situace nem\u016f\u017ee b\u011b\u017en\u011b nastat, a&nbsp;proto je&nbsp;<strong>\u0161ance na rozbit\u00ed skla minim\u00e1ln\u00ed<\/strong>.&nbsp;Pokud p\u0159esto dojde k&nbsp;po\u0161kozen\u00ed skla, rozpadne se (obdobn\u011b jako u&nbsp;autoskel) <strong>na drobn\u00e9 \u00falomky, tak\u017ee nehroz\u00ed poran\u011bn\u00ed.<\/strong><\/span><\/p>\n<div>\n<h2>Povrchov\u00e1 \u00faprava skla<\/h2>\n<p>Sprchov\u00e1 z\u00e1st\u011bna<strong>&nbsp;MI TWF<\/strong>&nbsp;se py\u0161n\u00ed \u00fapravou&nbsp;RothETC&nbsp;na b\u00e1zi&nbsp;<strong>nanotechnologie<\/strong>, <strong>kter\u00e1 zabra\u0148uje usazov\u00e1n\u00ed&nbsp;ne\u010distot, mastnoty a&nbsp;vodn\u00edho kamene<\/strong>.&nbsp;&nbsp;<\/p>\n<\/div>\n<h2>Doporu\u010dujeme<\/h2>\n<p><span>Instalac\u00ed sprchov\u00e9 z\u00e1st\u011bny p\u0159\u00edmo na podlahu lze vytvo\u0159it p\u0159irozen\u00fd&nbsp;<strong>bezbari\u00e9rov\u00fd vstup<\/strong>&nbsp;do sprchovac\u00edho prostoru. Samoz\u0159ejmost\u00ed je ale tak\u00e9 mo\u017enost instalace&nbsp;na jednu z&nbsp;na\u0161ich n\u00edzk\u00fdch vani\u010dek.&nbsp;Pokud chcete poradit, <strong>mramorov\u00e1<\/strong> <strong>vani\u010dka&nbsp;<\/strong><\/span><span>MARMO NEO SQUARE-R&nbsp;<\/span><span>by se mohla <strong>vyj\u00edmat<\/strong> v&nbsp;kombinaci se sprchovou z\u00e1st\u011bnou.<\/span><\/p>\n<p>Pro <strong>snaz\u0161\u00ed<\/strong> \u010di\u0161t\u011bn\u00ed skla doporu\u010dujeme <strong>zakoupit<\/strong> st\u011brku na sklo.<\/p>\n<table height=\"473\" style=\"width: 955.344px;\">\n<tbody>\n<tr>\n<td style=\"width: 313px;\"><strong>V\u00fdpl\u0148 skla: <\/strong>\u010dir\u00e9<\/td>\n<td style=\"width: 313px;\"><strong>Barva profil\u016f:<\/strong> Chrom<\/td>\n<td style=\"width: 315.344px;\"><strong>Barva profil\u016f: <\/strong>\u010cern\u00fd elox<\/td>\n<\/tr>\n<tr>\n<td style=\"width: 313px;\"><\/td>\n<td style=\"width: 313px;\"><\/td>\n<td style=\"width: 315.344px;\"><\/td>\n<\/tr>\n<\/tbody>\n<\/table>\n<div class=\"content_container_max1280px center f90 overflow_hidden line_height_1_4 image_margin_b_8px\">\n<div class=\"box_px width_160px box_with_selection\">\n<div class=\"content_container_max1280px overflow_hidden center line_height_1_4 uppercase\">\n<div class=\"overflow_hidden\">\n<div class=\"box_px width_200px\">\n<div class=\"onmouseover_div_container\">\n<h2>Technick\u00e9 parametry<\/h2>\n<table class=\"table table--features m-b-0\" border=\"1\" width=\"345\" height=\"237\">\n<tbody>\n<tr>\n<td>\n<div><meta charset=\"UTF-8\" \/><\/div>\n<p><strong><span>V\u00fd\u0161ka koutu (h)<\/span><\/strong><\/td>\n<td><span>2004 mm<\/span><\/td>\n<\/tr>\n<tr>\n<td>\n<div><meta charset=\"UTF-8\" \/><\/div>\n<p><strong><span>Typ v\u00fdpln\u011b<\/span><\/strong><\/td>\n<td><span>Transparent<\/span><span><\/span><\/td>\n<\/tr>\n<tr>\n<td><strong>P\u016fdorys<\/strong><\/td>\n<td>Z\u00e1st\u011bny \/ st\u011bny typu walk<\/td>\n<\/tr>\n<tr>\n<td><strong>Materi\u00e1l v\u00fdpln\u011b<\/strong><\/td>\n<td>Bezpe\u010dnostn\u00ed sklo<\/td>\n<\/tr>\n<tr>\n<td><strong>Materi\u00e1l profilu<\/strong><\/td>\n<td>Hlin\u00edk<\/td>\n<\/tr>\n<tr>\n<td><strong>S\u00edla skla<\/strong><\/td>\n<td>8 mm<\/td>\n<\/tr>\n<tr>\n<td><strong>Povrchov\u00e1 \u00faprava<\/strong><\/td>\n<td>RothETC<\/td>\n<\/tr>\n<tr>\n<td><strong>Typ profilu<\/strong><\/td>\n<td>Brillant<\/td>\n<\/tr>\n<\/tbody>\n<\/table>\n<p><strong>Upozorn\u011bn\u00ed pro z\u00e1kazn\u00edky ke koupi produkt\u016f na objedn\u00e1n\u00ed:<\/strong><span>&nbsp;Toto zbo\u017e\u00ed nen\u00ed standardn\u00edm s\u00e9riov\u00fdm v\u00fdrobkem. Bude vyrobeno na p\u0159\u00e1n\u00ed z\u00e1kazn\u00edka a proto jej&nbsp;<\/span><strong>nelze dodavateli v z\u00e1konn\u00e9 lh\u016ft\u011b vr\u00e1tit<\/strong><span>. (viz \u00a71837 odst.d, ob\u010dansk\u00e9ho z\u00e1kon\u00edku). V tomto p\u0159\u00edpad\u011b m\u016f\u017eeme po\u017eadovat nevratnou z\u00e1lohu a\u017e do v\u00fd\u0161e 100 % z ceny v\u00fdrobku.<\/span><\/p>\n<\/div>\n<\/div>\n<\/div>\n<\/div>\n<\/div>\n<\/div><\/div>\n","protected":false},"excerpt":{"rendered":"<p>Detailn\u00ed popis produktu WALK IN LINE MI TWF Origin\u00e1ln\u00ed vzhled, kter\u00fd zaujme. Va\u0161e koupelna bude d\u00edky \u010dist\u00e9mu designu vypadat modern\u011b a \u00fatuln\u011b. MI TWF&nbsp;&nbsp;pro v\u00e1s m\u00e1me ve t\u0159ech v\u00fdrazn\u00fdch barevn\u00fdch proveden\u00edch &#8211;&nbsp;Gold, Brillant a \u010cern\u00fd elox.&nbsp;Barevn\u011b jsou slad\u011bny i prvky kov\u00e1n\u00ed. D\u00edky kotven\u00ed \u00faheln\u00edky m\u00e1 vzhled odleh\u010den\u00fd dojem. Pou\u017eit\u00e9 8&nbsp; mm&nbsp;bezpe\u010dnostn\u00ed sklo s modern\u00edm o\u0161et\u0159en\u00edm&nbsp;RothETC&nbsp;pro [&hellip;]<\/p>\n","protected":false},"featured_media":21804,"comment_status":"open","ping_status":"open","template":"","meta":[],"product_brand":[],"product_cat":[57],"product_tag":[],"class_list":{"0":"post-21704","1":"product","2":"type-product","3":"status-publish","4":"has-post-thumbnail","6":"product_cat-sprchove-kouty","8":"first","9":"instock","10":"sale","11":"shipping-taxable","12":"purchasable","13":"product-type-simple"},"yoast_head":"<!-- This site is optimized with the Yoast SEO plugin v26.8 - https:\/\/yoast.com\/product\/yoast-seo-wordpress\/ -->\n<title>Zna\u010dkov\u00fd Roth WALK IN LINE MI TWF Walk-In Pevn\u00e1 st\u011bna samostatn\u00e1 80 cm -<\/title>\n<meta name=\"robots\" content=\"index, follow, max-snippet:-1, max-image-preview:large, max-video-preview:-1\" \/>\n<link rel=\"canonical\" href=\"https:\/\/www.koupeltech.com\/index.php\/produkt\/znackovy-roth-walk-in-line-mi-twf-walk-in-pevna-stena-samostatna-80-cm-21704\/\" \/>\n<meta property=\"og:locale\" content=\"cs_CZ\" \/>\n<meta property=\"og:type\" content=\"article\" \/>\n<meta property=\"og:title\" content=\"Zna\u010dkov\u00fd Roth WALK IN LINE MI TWF Walk-In Pevn\u00e1 st\u011bna samostatn\u00e1 80 cm -\" \/>\n<meta property=\"og:description\" content=\"Detailn\u00ed popis produktu WALK IN LINE MI TWF Origin\u00e1ln\u00ed vzhled, kter\u00fd zaujme. Va\u0161e koupelna bude d\u00edky \u010dist\u00e9mu designu vypadat modern\u011b a \u00fatuln\u011b. MI TWF&nbsp;&nbsp;pro v\u00e1s m\u00e1me ve t\u0159ech v\u00fdrazn\u00fdch barevn\u00fdch proveden\u00edch &#8211;&nbsp;Gold, Brillant a \u010cern\u00fd elox.&nbsp;Barevn\u011b jsou slad\u011bny i prvky kov\u00e1n\u00ed. D\u00edky kotven\u00ed \u00faheln\u00edky m\u00e1 vzhled odleh\u010den\u00fd dojem. Pou\u017eit\u00e9 8&nbsp; mm&nbsp;bezpe\u010dnostn\u00ed sklo s modern\u00edm o\u0161et\u0159en\u00edm&nbsp;RothETC&nbsp;pro [&hellip;]\" \/>\n<meta property=\"og:url\" content=\"https:\/\/www.koupeltech.com\/index.php\/produkt\/znackovy-roth-walk-in-line-mi-twf-walk-in-pevna-stena-samostatna-80-cm-21704\/\" \/>\n<meta property=\"og:image\" content=\"https:\/\/www.koupeltech.com\/wp-content\/uploads\/2026\/SK0020544-CZ20260425-093631-0-1777080994-335834-7_roth-walk-in-line-mi-twf-walk-in-pevna-stena-samos.webp\" \/>\n\t<meta property=\"og:image:width\" content=\"1000\" \/>\n\t<meta property=\"og:image:height\" content=\"750\" \/>\n\t<meta property=\"og:image:type\" content=\"image\/webp\" \/>\n<meta name=\"twitter:card\" content=\"summary_large_image\" \/>\n<meta name=\"twitter:label1\" content=\"Odhadovan\u00e1 doba \u010dten\u00ed\" \/>\n\t<meta name=\"twitter:data1\" content=\"4 minuty\" \/>\n<script type=\"application\/ld+json\" class=\"yoast-schema-graph\">{\"@context\":\"https:\/\/schema.org\",\"@graph\":[{\"@type\":\"WebPage\",\"@id\":\"https:\/\/www.koupeltech.com\/index.php\/produkt\/znackovy-roth-walk-in-line-mi-twf-walk-in-pevna-stena-samostatna-80-cm-21704\/\",\"url\":\"https:\/\/www.koupeltech.com\/index.php\/produkt\/znackovy-roth-walk-in-line-mi-twf-walk-in-pevna-stena-samostatna-80-cm-21704\/\",\"name\":\"Zna\u010dkov\u00fd Roth WALK IN LINE MI TWF Walk-In Pevn\u00e1 st\u011bna samostatn\u00e1 80 cm -\",\"isPartOf\":{\"@id\":\"https:\/\/www.koupeltech.com\/#website\"},\"primaryImageOfPage\":{\"@id\":\"https:\/\/www.koupeltech.com\/index.php\/produkt\/znackovy-roth-walk-in-line-mi-twf-walk-in-pevna-stena-samostatna-80-cm-21704\/#primaryimage\"},\"image\":{\"@id\":\"https:\/\/www.koupeltech.com\/index.php\/produkt\/znackovy-roth-walk-in-line-mi-twf-walk-in-pevna-stena-samostatna-80-cm-21704\/#primaryimage\"},\"thumbnailUrl\":\"https:\/\/www.koupeltech.com\/wp-content\/uploads\/2026\/SK0020544-CZ20260425-093631-0-1777080994-335834-7_roth-walk-in-line-mi-twf-walk-in-pevna-stena-samos.webp\",\"datePublished\":\"2026-04-27T13:59:07+00:00\",\"breadcrumb\":{\"@id\":\"https:\/\/www.koupeltech.com\/index.php\/produkt\/znackovy-roth-walk-in-line-mi-twf-walk-in-pevna-stena-samostatna-80-cm-21704\/#breadcrumb\"},\"inLanguage\":\"cs\",\"potentialAction\":[{\"@type\":\"ReadAction\",\"target\":[\"https:\/\/www.koupeltech.com\/index.php\/produkt\/znackovy-roth-walk-in-line-mi-twf-walk-in-pevna-stena-samostatna-80-cm-21704\/\"]}]},{\"@type\":\"ImageObject\",\"inLanguage\":\"cs\",\"@id\":\"https:\/\/www.koupeltech.com\/index.php\/produkt\/znackovy-roth-walk-in-line-mi-twf-walk-in-pevna-stena-samostatna-80-cm-21704\/#primaryimage\",\"url\":\"https:\/\/www.koupeltech.com\/wp-content\/uploads\/2026\/SK0020544-CZ20260425-093631-0-1777080994-335834-7_roth-walk-in-line-mi-twf-walk-in-pevna-stena-samos.webp\",\"contentUrl\":\"https:\/\/www.koupeltech.com\/wp-content\/uploads\/2026\/SK0020544-CZ20260425-093631-0-1777080994-335834-7_roth-walk-in-line-mi-twf-walk-in-pevna-stena-samos.webp\",\"width\":1000,\"height\":750},{\"@type\":\"BreadcrumbList\",\"@id\":\"https:\/\/www.koupeltech.com\/index.php\/produkt\/znackovy-roth-walk-in-line-mi-twf-walk-in-pevna-stena-samostatna-80-cm-21704\/#breadcrumb\",\"itemListElement\":[{\"@type\":\"ListItem\",\"position\":1,\"name\":\"Home\",\"item\":\"https:\/\/www.koupeltech.com\/\"},{\"@type\":\"ListItem\",\"position\":2,\"name\":\"Products\",\"item\":\"https:\/\/www.koupeltech.com\/index.php\/products\/\"},{\"@type\":\"ListItem\",\"position\":3,\"name\":\"Zna\u010dkov\u00fd Roth WALK IN LINE MI TWF Walk-In Pevn\u00e1 st\u011bna samostatn\u00e1 80 cm\"}]},{\"@type\":\"WebSite\",\"@id\":\"https:\/\/www.koupeltech.com\/#website\",\"url\":\"https:\/\/www.koupeltech.com\/\",\"name\":\"\",\"description\":\"\",\"potentialAction\":[{\"@type\":\"SearchAction\",\"target\":{\"@type\":\"EntryPoint\",\"urlTemplate\":\"https:\/\/www.koupeltech.com\/?s={search_term_string}\"},\"query-input\":{\"@type\":\"PropertyValueSpecification\",\"valueRequired\":true,\"valueName\":\"search_term_string\"}}],\"inLanguage\":\"cs\"}]}<\/script>\n<!-- \/ Yoast SEO plugin. -->","yoast_head_json":{"title":"Zna\u010dkov\u00fd Roth WALK IN LINE MI TWF Walk-In Pevn\u00e1 st\u011bna samostatn\u00e1 80 cm -","robots":{"index":"index","follow":"follow","max-snippet":"max-snippet:-1","max-image-preview":"max-image-preview:large","max-video-preview":"max-video-preview:-1"},"canonical":"https:\/\/www.koupeltech.com\/index.php\/produkt\/znackovy-roth-walk-in-line-mi-twf-walk-in-pevna-stena-samostatna-80-cm-21704\/","og_locale":"cs_CZ","og_type":"article","og_title":"Zna\u010dkov\u00fd Roth WALK IN LINE MI TWF Walk-In Pevn\u00e1 st\u011bna samostatn\u00e1 80 cm -","og_description":"Detailn\u00ed popis produktu WALK IN LINE MI TWF Origin\u00e1ln\u00ed vzhled, kter\u00fd zaujme. Va\u0161e koupelna bude d\u00edky \u010dist\u00e9mu designu vypadat modern\u011b a \u00fatuln\u011b. MI TWF&nbsp;&nbsp;pro v\u00e1s m\u00e1me ve t\u0159ech v\u00fdrazn\u00fdch barevn\u00fdch proveden\u00edch &#8211;&nbsp;Gold, Brillant a \u010cern\u00fd elox.&nbsp;Barevn\u011b jsou slad\u011bny i prvky kov\u00e1n\u00ed. D\u00edky kotven\u00ed \u00faheln\u00edky m\u00e1 vzhled odleh\u010den\u00fd dojem. Pou\u017eit\u00e9 8&nbsp; mm&nbsp;bezpe\u010dnostn\u00ed sklo s modern\u00edm o\u0161et\u0159en\u00edm&nbsp;RothETC&nbsp;pro [&hellip;]","og_url":"https:\/\/www.koupeltech.com\/index.php\/produkt\/znackovy-roth-walk-in-line-mi-twf-walk-in-pevna-stena-samostatna-80-cm-21704\/","og_image":[{"width":1000,"height":750,"url":"https:\/\/www.koupeltech.com\/wp-content\/uploads\/2026\/SK0020544-CZ20260425-093631-0-1777080994-335834-7_roth-walk-in-line-mi-twf-walk-in-pevna-stena-samos.webp","type":"image\/webp"}],"twitter_card":"summary_large_image","twitter_misc":{"Odhadovan\u00e1 doba \u010dten\u00ed":"4 minuty"},"schema":{"@context":"https:\/\/schema.org","@graph":[{"@type":"WebPage","@id":"https:\/\/www.koupeltech.com\/index.php\/produkt\/znackovy-roth-walk-in-line-mi-twf-walk-in-pevna-stena-samostatna-80-cm-21704\/","url":"https:\/\/www.koupeltech.com\/index.php\/produkt\/znackovy-roth-walk-in-line-mi-twf-walk-in-pevna-stena-samostatna-80-cm-21704\/","name":"Zna\u010dkov\u00fd Roth WALK IN LINE MI TWF Walk-In Pevn\u00e1 st\u011bna samostatn\u00e1 80 cm -","isPartOf":{"@id":"https:\/\/www.koupeltech.com\/#website"},"primaryImageOfPage":{"@id":"https:\/\/www.koupeltech.com\/index.php\/produkt\/znackovy-roth-walk-in-line-mi-twf-walk-in-pevna-stena-samostatna-80-cm-21704\/#primaryimage"},"image":{"@id":"https:\/\/www.koupeltech.com\/index.php\/produkt\/znackovy-roth-walk-in-line-mi-twf-walk-in-pevna-stena-samostatna-80-cm-21704\/#primaryimage"},"thumbnailUrl":"https:\/\/www.koupeltech.com\/wp-content\/uploads\/2026\/SK0020544-CZ20260425-093631-0-1777080994-335834-7_roth-walk-in-line-mi-twf-walk-in-pevna-stena-samos.webp","datePublished":"2026-04-27T13:59:07+00:00","breadcrumb":{"@id":"https:\/\/www.koupeltech.com\/index.php\/produkt\/znackovy-roth-walk-in-line-mi-twf-walk-in-pevna-stena-samostatna-80-cm-21704\/#breadcrumb"},"inLanguage":"cs","potentialAction":[{"@type":"ReadAction","target":["https:\/\/www.koupeltech.com\/index.php\/produkt\/znackovy-roth-walk-in-line-mi-twf-walk-in-pevna-stena-samostatna-80-cm-21704\/"]}]},{"@type":"ImageObject","inLanguage":"cs","@id":"https:\/\/www.koupeltech.com\/index.php\/produkt\/znackovy-roth-walk-in-line-mi-twf-walk-in-pevna-stena-samostatna-80-cm-21704\/#primaryimage","url":"https:\/\/www.koupeltech.com\/wp-content\/uploads\/2026\/SK0020544-CZ20260425-093631-0-1777080994-335834-7_roth-walk-in-line-mi-twf-walk-in-pevna-stena-samos.webp","contentUrl":"https:\/\/www.koupeltech.com\/wp-content\/uploads\/2026\/SK0020544-CZ20260425-093631-0-1777080994-335834-7_roth-walk-in-line-mi-twf-walk-in-pevna-stena-samos.webp","width":1000,"height":750},{"@type":"BreadcrumbList","@id":"https:\/\/www.koupeltech.com\/index.php\/produkt\/znackovy-roth-walk-in-line-mi-twf-walk-in-pevna-stena-samostatna-80-cm-21704\/#breadcrumb","itemListElement":[{"@type":"ListItem","position":1,"name":"Home","item":"https:\/\/www.koupeltech.com\/"},{"@type":"ListItem","position":2,"name":"Products","item":"https:\/\/www.koupeltech.com\/index.php\/products\/"},{"@type":"ListItem","position":3,"name":"Zna\u010dkov\u00fd Roth WALK IN LINE MI TWF Walk-In Pevn\u00e1 st\u011bna samostatn\u00e1 80 cm"}]},{"@type":"WebSite","@id":"https:\/\/www.koupeltech.com\/#website","url":"https:\/\/www.koupeltech.com\/","name":"","description":"","potentialAction":[{"@type":"SearchAction","target":{"@type":"EntryPoint","urlTemplate":"https:\/\/www.koupeltech.com\/?s={search_term_string}"},"query-input":{"@type":"PropertyValueSpecification","valueRequired":true,"valueName":"search_term_string"}}],"inLanguage":"cs"}]}},"_links":{"self":[{"href":"https:\/\/www.koupeltech.com\/index.php\/wp-json\/wp\/v2\/product\/21704","targetHints":{"allow":["GET"]}}],"collection":[{"href":"https:\/\/www.koupeltech.com\/index.php\/wp-json\/wp\/v2\/product"}],"about":[{"href":"https:\/\/www.koupeltech.com\/index.php\/wp-json\/wp\/v2\/types\/product"}],"replies":[{"embeddable":true,"href":"https:\/\/www.koupeltech.com\/index.php\/wp-json\/wp\/v2\/comments?post=21704"}],"wp:featuredmedia":[{"embeddable":true,"href":"https:\/\/www.koupeltech.com\/index.php\/wp-json\/wp\/v2\/media\/21804"}],"wp:attachment":[{"href":"https:\/\/www.koupeltech.com\/index.php\/wp-json\/wp\/v2\/media?parent=21704"}],"wp:term":[{"taxonomy":"product_brand","embeddable":true,"href":"https:\/\/www.koupeltech.com\/index.php\/wp-json\/wp\/v2\/product_brand?post=21704"},{"taxonomy":"product_cat","embeddable":true,"href":"https:\/\/www.koupeltech.com\/index.php\/wp-json\/wp\/v2\/product_cat?post=21704"},{"taxonomy":"product_tag","embeddable":true,"href":"https:\/\/www.koupeltech.com\/index.php\/wp-json\/wp\/v2\/product_tag?post=21704"}],"curies":[{"name":"wp","href":"https:\/\/api.w.org\/{rel}","templated":true}]}}