{"id":21744,"date":"2026-04-27T13:59:07","date_gmt":"2026-04-27T13:59:07","guid":{"rendered":""},"modified":"2026-04-27T13:59:07","modified_gmt":"2026-04-27T13:59:07","slug":"zlevneny-roth-cariba-line-ci-d3l-ci-d3r-tridilne-sprchove-dvere-posuvne-pro-instalaci-do-niky-110-cm-21744","status":"publish","type":"product","link":"https:\/\/www.koupeltech.com\/index.php\/produkt\/zlevneny-roth-cariba-line-ci-d3l-ci-d3r-tridilne-sprchove-dvere-posuvne-pro-instalaci-do-niky-110-cm-21744\/","title":{"rendered":"Zlevn\u011bn\u00fd Roth CARIBA LINE CI D3L \/ CI D3R T\u0159\u00edd\u00edln\u00e9 sprchov\u00e9 dve\u0159e posuvn\u00e9 pro instalaci do niky 110 cm"},"content":{"rendered":"<div class=\"basic-description\">\n<h3>Detailn\u00ed popis produktu<\/h3>\n<div class=\"cHeading \">\n<div class=\"cHeading \">\n<div class=\"cHeading \">\n<h1 class=\"cHeading__hx\">CARIBA LINE<\/h1>\n<\/div>\n<div class=\"cPerex__desc \">\n<h3>Nej\u0161ir\u0161\u00ed v\u00fdb\u011br tvar\u016f a variant v jedn\u00e9 s\u00e9rii<\/h3>\n<p>Vylad\u011bn\u00fd vzhled a\u017e do nejmen\u0161\u00edho detailu v dokonal\u00e9 harmonii kovu a skla.<span>&nbsp;<\/span><strong>Nechte se un\u00e1\u0161et vlnou relaxace, sn\u011bn\u00ed a pohody&#8230;<\/strong><br \/>Nesp\u011bchejte, v\u017edy\u0165 jste ji pr\u00e1v\u011b objevili. S\u00e9rie Cariba Line p\u0159in\u00e1\u0161\u00ed to prav\u00e9 \u0159e\u0161en\u00ed pro ka\u017edou koupelnu.<br \/><b>Symetrick\u00e9 madlo dve\u0159\u00ed padne perfektn\u011b do ruky<\/b>, o pohodln\u00e9 oboustrann\u00e9 otev\u00edr\u00e1n\u00ed se postar\u00e1&nbsp;kvalitn\u00ed&nbsp;zdvihov\u00fd&nbsp;mechanismus&nbsp;a<span>&nbsp;<\/span><strong>na\u0161e promy\u0161len\u00e9 technick\u00e9 prvky v\u00e1m dop\u0159ej\u00ed opravdu snadnou \u00fadr\u017ebu<\/strong>.<\/p>\n<\/div>\n<\/article>\n<\/div>\n<\/div>\n<ul>\n<li>Inovovan\u00fd zdvihov\u00fd mechanismus s obojstrann\u00fdm otev\u00edr\u00e1n\u00edm<\/li>\n<li>S\u00e9rie s nej\u0161ir\u0161\u00ed nab\u00eddkou \u0159e\u0161en\u00ed pro va\u0161i koupelnu<\/li>\n<li>Technick\u00e9 vychyt\u00e1vky pro snadnou \u00fadr\u017ebu<br \/><span><\/span><\/li>\n<li>Vylad\u011bn\u00fd design kovov\u00fdch prvk\u016f<\/li>\n<\/ul>\n<div class=\"cHeading \">\n<div class=\"cHeading \">\n<div class=\"cHeading \">\n<div class=\"cHeading \">\n<h1 class=\"product__title\" itemprop=\"name\">CI D3L \/ CI D3R<\/h1>\n<\/div>\n<div class=\"cPerex__desc \"><meta charset=\"UTF-8\" \/><\/p>\n<h2>T\u0159\u00edd\u00edln\u00e9 sprchov\u00e9 dve\u0159e posuvn\u00e9 pro instalaci do niky<\/h2>\n<p><meta charset=\"UTF-8\" \/><\/p>\n<p><strong>NOVINKA!<\/strong> Elegantn\u00ed t\u0159\u00edd\u00edln\u00e9 posuvn\u00e9 sprchov\u00e9 dve\u0159e <strong>CI D3L\/CI D3R<\/strong> pro instalaci do niky. Dostupn\u00e9 v luxusn\u00edm proveden\u00ed <strong>Brillant <\/strong>a modern\u00edm <strong>\u010cern\u00fd elox<\/strong>. Zaji\u0161\u0165uj\u00ed \u0161irok\u00fd vstup a \u00fasporu m\u00edsta. Vyrobeny z<strong> 5mm<\/strong>tvrzen\u00e9ho skla <strong>Transparent <\/strong>s kvalitn\u00edmi pojezdy pro tich\u00fd chod.<\/p>\n<p>Vhodn\u00e9 pro instalaci <strong>do niky<\/strong> nebo pro <strong>kombinaci s bo\u010dn\u00ed st\u011bnou CI FXP<\/strong>.<\/p>\n<\/div>\n<\/article>\n<\/div>\n<\/div>\n<\/div>\n<table width=\"557\">\n<tbody>\n<tr style=\"height: 82px;\">\n<td style=\"width: 104.328px; text-align: center; height: 82px;\"><\/td>\n<td style=\"width: 104.328px; text-align: center; height: 82px;\"><\/td>\n<td style=\"width: 105.609px; text-align: center; height: 82px;\"><\/td>\n<td style=\"width: 104.328px; text-align: center; height: 82px;\"><\/td>\n<td style=\"width: 104.406px; height: 82px;\"><\/td>\n<\/tr>\n<tr style=\"height: 11px;\">\n<td style=\"width: 104.328px; height: 11px; text-align: center;\">\n<p>Tvrzen\u00e9 ESG sklo<\/p>\n<\/td>\n<td style=\"width: 104.328px; height: 11px; text-align: center;\">\n<p>Bezr\u00e1mov\u00e9 proveden\u00ed<\/p>\n<\/td>\n<td style=\"width: 105.609px; height: 11px; text-align: center; vertical-align: middle;\">\n<p>Povrchov\u00e1 \u00faprava<\/p>\n<\/td>\n<td style=\"width: 104.328px; height: 11px; text-align: center;\">\n<p>\u0158e\u0161en\u00ed bez bari\u00e9r<\/p>\n<\/td>\n<td style=\"width: 104.406px; height: 11px; text-align: center;\">\n<p>Z\u00e1ruka od n\u00e1s<\/p>\n<\/td>\n<\/tr>\n<\/tbody>\n<\/table>\n<h3>Detailn\u00ed popis<\/h3>\n<p><meta charset=\"UTF-8\" \/><\/p>\n<p>P\u0159edstavujeme V\u00e1m elegantn\u00ed a praktick\u00e9 t\u0159\u00edd\u00edln\u00e9 sprchov\u00e9 dve\u0159e<strong> CI D3L<\/strong> (lev\u00e9 proveden\u00ed) a <strong>CI D3R <\/strong>(prav\u00e9 proveden\u00ed), ide\u00e1ln\u00ed \u0159e\u0161en\u00ed pro Va\u0161i sprchovou niku. Tyto dve\u0159e kombinuj\u00ed modern\u00ed design s vysokou funk\u010dnost\u00ed a kvalitn\u00edmi materi\u00e1ly, \u010d\u00edm\u017e prom\u011bn\u00ed Va\u0161i koupelnu v o\u00e1zu klidu a stylu.<\/p>\n<h2>Proveden\u00ed sprchov\u00fdch dve\u0159\u00ed<\/h2>\n<p>Dve\u0159e jsou dostupn\u00e9 v exkluzivn\u00edm proveden\u00ed <strong>Brillant <\/strong>s leskl\u00fdmi hlin\u00edkov\u00fdmi profily, kter\u00e9 dodaj\u00ed Va\u0161\u00ed koupeln\u011b n\u00e1dech luxusu, a v sofistikovan\u00e9m proveden\u00ed <strong>\u010cern\u00fd elox<\/strong> s matn\u00fdmi \u010dern\u00fdmi profily, kter\u00e9 podtrhnou modern\u00ed a industri\u00e1ln\u00ed vzhled.<\/p>\n<p>T\u0159\u00edd\u00edln\u00e9 sprchov\u00e9 dve\u0159e CI D3L\/CI D3R zaji\u0161\u0165uj\u00ed <strong>\u0161irok\u00fd a pohodln\u00fd vstup<\/strong> do sprchov\u00e9ho koutu a z\u00e1rove\u0148 \u0161et\u0159\u00ed prostor ve va\u0161\u00ed koupeln\u011b. Kvalitn\u00ed lo\u017eiskov\u00e9 pojezdy zaru\u010duj\u00ed <strong>tich\u00fd a plynul\u00fd<\/strong> chod dve\u0159\u00ed.&nbsp;<span>Pou\u017eit\u00e9 je<strong> 5mm<\/strong>bezpe\u010dnostn\u00ed sklo v \u010dir\u00e9m proveden\u00ed <strong>Transparent<\/strong>.<\/span><\/p>\n<p><strong>Chcete zkusit kombinovat tyto dve\u0159e s pevnou st\u011bnou?<\/strong> Pak V\u00e1s ur\u010dit\u011b pot\u011b\u0161\u00edme, proto\u017ee takov\u00e9 p\u0159\u00e1n\u00ed dok\u00e1\u017eeme splnit: T\u0159\u00edd\u00edln\u00e9 posuvn\u00e9 dve\u0159e v kombinaci s pevnou bo\u010dn\u00ed st\u011bnou <strong>CI FXP<\/strong>.<\/p>\n<h2>Bezpe\u010dnost a povrchov\u00e1 \u00faprava skla<\/h2>\n<p><strong>Bezpe\u010dnost je na prvn\u00edm m\u00edst\u011b! <\/strong>Sklo je vyrobeno tzv. <strong>kalen\u00edm <\/strong>(zah\u0159\u00e1t\u00edm a n\u00e1sledn\u011b prudk\u00fdm ochlazen\u00edm), to zvy\u0161uje jejich mechanickou a tepelnou odolnost i ohybovou pevnost. P\u0159i <strong>testov\u00e1n\u00ed <\/strong>vydr\u017eela skla (zav\u011b\u0161en\u00e1 za hrany nale\u017eato) koncentrovanou v\u00e1hu, p\u016fsob\u00edc\u00ed do jejich st\u0159edu, p\u0159es <strong>140 kg<\/strong>. Tato situace nem\u016f\u017ee v koupeln\u011b b\u011b\u017en\u011b nastat, proto je<strong> \u0161ance na rozbit\u00ed skla minim\u00e1ln\u00ed<\/strong>. Kdyby se v\u0161ak rozbilo, rozpadne se na mal\u00e9 <strong>neostr\u00e9 <\/strong>\u00falomky podobn\u011b jako u autoskel, \u010d\u00edm\u017e <strong>minimalizuje riziko poran\u011bn\u00ed<\/strong>.<\/p>\n<p>Pro je\u0161t\u011b v\u011bt\u0161\u00ed komfort a snadnou \u00fadr\u017ebu je sklo nav\u00edc o\u0161et\u0159eno speci\u00e1ln\u00ed vrstvou na b\u00e1zi <strong>nanotechnologie <\/strong>RothETC, kter\u00e1 <strong>zabra\u0148uje usazov\u00e1n\u00ed ne\u010distot, mastnoty a vodn\u00edho kamene.<\/strong><\/p>\n<h2>Doporu\u010dujeme<\/h2>\n<p>Vhodn\u00fdm <strong>pomocn\u00edkem <\/strong>na \u00fadr\u017ebu by mohla b\u00fdt praktick\u00e1 sada COMPLETE CARE \u010di st\u011brka na sklo.<\/p>\n<table height=\"484\" style=\"width: 641px;\">\n<tbody>\n<tr>\n<td style=\"width: 320.141px;\"><strong>Barva profil\u016f: brillant<\/strong><\/td>\n<td style=\"width: 320.141px;\"><strong>Barva profil\u016f: \u010dern\u00fd elox<\/strong><\/td>\n<td style=\"width: 304.859px;\"><strong>Barva skla: \u010dir\u00e9<\/strong><\/td>\n<\/tr>\n<tr>\n<td style=\"width: 320.141px;\"><\/td>\n<td style=\"width: 320.141px;\"><\/td>\n<td style=\"width: 304.859px;\"><\/td>\n<\/tr>\n<\/tbody>\n<\/table>\n<h2 style=\"font-weight: 400;\"><strong>Technick\u00e9 parametry<\/strong><\/h2>\n<div class=\"content_container_max1280px center f90 overflow_hidden line_height_1_4 image_margin_b_8px\">\n<div class=\"box_px width_160px box_with_selection\">\n<div class=\"content_container_max1280px overflow_hidden center line_height_1_4 uppercase\">\n<div class=\"overflow_hidden\">\n<div class=\"box_px width_200px\">\n<div class=\"onmouseover_div_container\">\n<table class=\"table table--features m-b-0\" border=\"1\" width=\"393\" height=\"310\">\n<tbody>\n<tr>\n<td style=\"width: 211.703px;\"><strong>V\u00fd\u0161ka koutu (h)<\/strong><\/td>\n<td style=\"width: 165.297px;\">2000 mm<\/td>\n<\/tr>\n<tr>\n<td style=\"width: 211.703px;\"><strong>Typ v\u00fdpln\u011b<\/strong><\/td>\n<td style=\"width: 165.297px;\">Transparent<\/td>\n<\/tr>\n<tr>\n<td style=\"width: 211.703px;\">\n<div><meta charset=\"UTF-8\" \/><\/div>\n<p><strong><span>Zp\u016fsob dod\u00e1n\u00ed<\/span><\/strong><\/td>\n<td style=\"width: 165.297px;\"><span>O<\/span><\/td>\n<\/tr>\n<tr>\n<td style=\"width: 211.703px;\"><strong>P\u016fdorys<\/strong><\/td>\n<td style=\"width: 165.297px;\">Dve\u0159e do niky<\/td>\n<\/tr>\n<tr>\n<td style=\"width: 211.703px;\"><strong>Materi\u00e1l v\u00fdpln\u011b<\/strong><\/td>\n<td style=\"width: 165.297px;\">Bezpe\u010dnostn\u00ed sklo<\/td>\n<\/tr>\n<tr>\n<td style=\"width: 211.703px;\"><strong>Dve\u0159e<\/strong><\/td>\n<td style=\"width: 165.297px;\">Posuvn\u00e9 t\u0159\u00edd\u00edln\u00e9<\/td>\n<\/tr>\n<tr>\n<td style=\"width: 211.703px;\"><strong>S\u00edla skla<\/strong><\/td>\n<td style=\"width: 165.297px;\">5 mm<\/td>\n<\/tr>\n<tr>\n<td style=\"width: 211.703px;\"><strong>Povrchov\u00e1 \u00faprava<\/strong><\/td>\n<td style=\"width: 165.297px;\">RothETC<\/td>\n<\/tr>\n<tr>\n<td style=\"width: 211.703px;\"><strong>Typ profilu<\/strong><\/td>\n<td style=\"width: 165.297px;\">Brillant<\/td>\n<\/tr>\n<tr>\n<td style=\"width: 211.703px;\"><strong>\u0160\u00ed\u0159ka bo\u010dku (s)<\/strong><\/td>\n<td style=\"width: 165.297px;\">373 mm<span style=\"font-family: var(--template-font),sans-serif; font-size: 14px;\">&nbsp;<\/span><\/td>\n<\/tr>\n<\/tbody>\n<\/table>\n<\/div>\n<\/div>\n<\/div>\n<\/div>\n<\/div>\n<\/div>\n<p><strong>Upozorn\u011bn\u00ed pro z\u00e1kazn\u00edky ke koupi produkt\u016f na objedn\u00e1n\u00ed:<\/strong><span>&nbsp;Toto zbo\u017e\u00ed nen\u00ed standardn\u00edm s\u00e9riov\u00fdm v\u00fdrobkem. Bude vyrobeno na p\u0159\u00e1n\u00ed z\u00e1kazn\u00edka a proto jej&nbsp;<\/span><strong>nelze dodavateli v z\u00e1konn\u00e9 lh\u016ft\u011b vr\u00e1tit<\/strong><span>. (viz \u00a71837 odst.d, ob\u010dansk\u00e9ho z\u00e1kon\u00edku). V tomto p\u0159\u00edpad\u011b m\u016f\u017eeme po\u017eadovat nevratnou z\u00e1lohu a\u017e do v\u00fd\u0161e 100 % z ceny v\u00fdrobku.<\/span><\/p>\n<\/p><\/div>\n","protected":false},"excerpt":{"rendered":"<p>Detailn\u00ed popis produktu CARIBA LINE Nej\u0161ir\u0161\u00ed v\u00fdb\u011br tvar\u016f a variant v jedn\u00e9 s\u00e9rii Vylad\u011bn\u00fd vzhled a\u017e do nejmen\u0161\u00edho detailu v dokonal\u00e9 harmonii kovu a skla.&nbsp;Nechte se un\u00e1\u0161et vlnou relaxace, sn\u011bn\u00ed a pohody&#8230;Nesp\u011bchejte, v\u017edy\u0165 jste ji pr\u00e1v\u011b objevili. S\u00e9rie Cariba Line p\u0159in\u00e1\u0161\u00ed to prav\u00e9 \u0159e\u0161en\u00ed pro ka\u017edou koupelnu.Symetrick\u00e9 madlo dve\u0159\u00ed padne perfektn\u011b do ruky, o pohodln\u00e9 [&hellip;]<\/p>\n","protected":false},"featured_media":21844,"comment_status":"open","ping_status":"open","template":"","meta":[],"product_brand":[],"product_cat":[57],"product_tag":[],"class_list":{"0":"post-21744","1":"product","2":"type-product","3":"status-publish","4":"has-post-thumbnail","6":"product_cat-sprchove-kouty","8":"first","9":"instock","10":"sale","11":"shipping-taxable","12":"purchasable","13":"product-type-simple"},"yoast_head":"<!-- This site is optimized with the Yoast SEO plugin v26.8 - https:\/\/yoast.com\/product\/yoast-seo-wordpress\/ -->\n<title>Zlevn\u011bn\u00fd Roth CARIBA LINE CI D3L \/ CI D3R T\u0159\u00edd\u00edln\u00e9 sprchov\u00e9 dve\u0159e posuvn\u00e9 pro instalaci do niky 110 cm -<\/title>\n<meta name=\"robots\" content=\"index, follow, max-snippet:-1, max-image-preview:large, max-video-preview:-1\" \/>\n<link rel=\"canonical\" href=\"https:\/\/www.koupeltech.com\/index.php\/produkt\/zlevneny-roth-cariba-line-ci-d3l-ci-d3r-tridilne-sprchove-dvere-posuvne-pro-instalaci-do-niky-110-cm-21744\/\" \/>\n<meta property=\"og:locale\" content=\"cs_CZ\" \/>\n<meta property=\"og:type\" content=\"article\" \/>\n<meta property=\"og:title\" content=\"Zlevn\u011bn\u00fd Roth CARIBA LINE CI D3L \/ CI D3R T\u0159\u00edd\u00edln\u00e9 sprchov\u00e9 dve\u0159e posuvn\u00e9 pro instalaci do niky 110 cm -\" \/>\n<meta property=\"og:description\" content=\"Detailn\u00ed popis produktu CARIBA LINE Nej\u0161ir\u0161\u00ed v\u00fdb\u011br tvar\u016f a variant v jedn\u00e9 s\u00e9rii Vylad\u011bn\u00fd vzhled a\u017e do nejmen\u0161\u00edho detailu v dokonal\u00e9 harmonii kovu a skla.&nbsp;Nechte se un\u00e1\u0161et vlnou relaxace, sn\u011bn\u00ed a pohody&#8230;Nesp\u011bchejte, v\u017edy\u0165 jste ji pr\u00e1v\u011b objevili. S\u00e9rie Cariba Line p\u0159in\u00e1\u0161\u00ed to prav\u00e9 \u0159e\u0161en\u00ed pro ka\u017edou koupelnu.Symetrick\u00e9 madlo dve\u0159\u00ed padne perfektn\u011b do ruky, o pohodln\u00e9 [&hellip;]\" \/>\n<meta property=\"og:url\" content=\"https:\/\/www.koupeltech.com\/index.php\/produkt\/zlevneny-roth-cariba-line-ci-d3l-ci-d3r-tridilne-sprchove-dvere-posuvne-pro-instalaci-do-niky-110-cm-21744\/\" \/>\n<meta property=\"og:image\" content=\"https:\/\/www.koupeltech.com\/wp-content\/uploads\/2026\/SK0020592-CZ20260425-093631-0-1777080994-335978_roth-cariba-line-ci-d3l-ci-d3r-tridilne-sprchove-dve.webp\" \/>\n\t<meta property=\"og:image:width\" content=\"1000\" \/>\n\t<meta property=\"og:image:height\" content=\"750\" \/>\n\t<meta property=\"og:image:type\" content=\"image\/webp\" \/>\n<meta name=\"twitter:card\" content=\"summary_large_image\" \/>\n<meta name=\"twitter:label1\" content=\"Odhadovan\u00e1 doba \u010dten\u00ed\" \/>\n\t<meta name=\"twitter:data1\" content=\"4 minuty\" \/>\n<script type=\"application\/ld+json\" class=\"yoast-schema-graph\">{\"@context\":\"https:\/\/schema.org\",\"@graph\":[{\"@type\":\"WebPage\",\"@id\":\"https:\/\/www.koupeltech.com\/index.php\/produkt\/zlevneny-roth-cariba-line-ci-d3l-ci-d3r-tridilne-sprchove-dvere-posuvne-pro-instalaci-do-niky-110-cm-21744\/\",\"url\":\"https:\/\/www.koupeltech.com\/index.php\/produkt\/zlevneny-roth-cariba-line-ci-d3l-ci-d3r-tridilne-sprchove-dvere-posuvne-pro-instalaci-do-niky-110-cm-21744\/\",\"name\":\"Zlevn\u011bn\u00fd Roth CARIBA LINE CI D3L \/ CI D3R T\u0159\u00edd\u00edln\u00e9 sprchov\u00e9 dve\u0159e posuvn\u00e9 pro instalaci do niky 110 cm -\",\"isPartOf\":{\"@id\":\"https:\/\/www.koupeltech.com\/#website\"},\"primaryImageOfPage\":{\"@id\":\"https:\/\/www.koupeltech.com\/index.php\/produkt\/zlevneny-roth-cariba-line-ci-d3l-ci-d3r-tridilne-sprchove-dvere-posuvne-pro-instalaci-do-niky-110-cm-21744\/#primaryimage\"},\"image\":{\"@id\":\"https:\/\/www.koupeltech.com\/index.php\/produkt\/zlevneny-roth-cariba-line-ci-d3l-ci-d3r-tridilne-sprchove-dvere-posuvne-pro-instalaci-do-niky-110-cm-21744\/#primaryimage\"},\"thumbnailUrl\":\"https:\/\/www.koupeltech.com\/wp-content\/uploads\/2026\/SK0020592-CZ20260425-093631-0-1777080994-335978_roth-cariba-line-ci-d3l-ci-d3r-tridilne-sprchove-dve.webp\",\"datePublished\":\"2026-04-27T13:59:07+00:00\",\"breadcrumb\":{\"@id\":\"https:\/\/www.koupeltech.com\/index.php\/produkt\/zlevneny-roth-cariba-line-ci-d3l-ci-d3r-tridilne-sprchove-dvere-posuvne-pro-instalaci-do-niky-110-cm-21744\/#breadcrumb\"},\"inLanguage\":\"cs\",\"potentialAction\":[{\"@type\":\"ReadAction\",\"target\":[\"https:\/\/www.koupeltech.com\/index.php\/produkt\/zlevneny-roth-cariba-line-ci-d3l-ci-d3r-tridilne-sprchove-dvere-posuvne-pro-instalaci-do-niky-110-cm-21744\/\"]}]},{\"@type\":\"ImageObject\",\"inLanguage\":\"cs\",\"@id\":\"https:\/\/www.koupeltech.com\/index.php\/produkt\/zlevneny-roth-cariba-line-ci-d3l-ci-d3r-tridilne-sprchove-dvere-posuvne-pro-instalaci-do-niky-110-cm-21744\/#primaryimage\",\"url\":\"https:\/\/www.koupeltech.com\/wp-content\/uploads\/2026\/SK0020592-CZ20260425-093631-0-1777080994-335978_roth-cariba-line-ci-d3l-ci-d3r-tridilne-sprchove-dve.webp\",\"contentUrl\":\"https:\/\/www.koupeltech.com\/wp-content\/uploads\/2026\/SK0020592-CZ20260425-093631-0-1777080994-335978_roth-cariba-line-ci-d3l-ci-d3r-tridilne-sprchove-dve.webp\",\"width\":1000,\"height\":750},{\"@type\":\"BreadcrumbList\",\"@id\":\"https:\/\/www.koupeltech.com\/index.php\/produkt\/zlevneny-roth-cariba-line-ci-d3l-ci-d3r-tridilne-sprchove-dvere-posuvne-pro-instalaci-do-niky-110-cm-21744\/#breadcrumb\",\"itemListElement\":[{\"@type\":\"ListItem\",\"position\":1,\"name\":\"Home\",\"item\":\"https:\/\/www.koupeltech.com\/\"},{\"@type\":\"ListItem\",\"position\":2,\"name\":\"Products\",\"item\":\"https:\/\/www.koupeltech.com\/index.php\/products\/\"},{\"@type\":\"ListItem\",\"position\":3,\"name\":\"Zlevn\u011bn\u00fd Roth CARIBA LINE CI D3L \/ CI D3R T\u0159\u00edd\u00edln\u00e9 sprchov\u00e9 dve\u0159e posuvn\u00e9 pro instalaci do niky 110 cm\"}]},{\"@type\":\"WebSite\",\"@id\":\"https:\/\/www.koupeltech.com\/#website\",\"url\":\"https:\/\/www.koupeltech.com\/\",\"name\":\"\",\"description\":\"\",\"potentialAction\":[{\"@type\":\"SearchAction\",\"target\":{\"@type\":\"EntryPoint\",\"urlTemplate\":\"https:\/\/www.koupeltech.com\/?s={search_term_string}\"},\"query-input\":{\"@type\":\"PropertyValueSpecification\",\"valueRequired\":true,\"valueName\":\"search_term_string\"}}],\"inLanguage\":\"cs\"}]}<\/script>\n<!-- \/ Yoast SEO plugin. -->","yoast_head_json":{"title":"Zlevn\u011bn\u00fd Roth CARIBA LINE CI D3L \/ CI D3R T\u0159\u00edd\u00edln\u00e9 sprchov\u00e9 dve\u0159e posuvn\u00e9 pro instalaci do niky 110 cm -","robots":{"index":"index","follow":"follow","max-snippet":"max-snippet:-1","max-image-preview":"max-image-preview:large","max-video-preview":"max-video-preview:-1"},"canonical":"https:\/\/www.koupeltech.com\/index.php\/produkt\/zlevneny-roth-cariba-line-ci-d3l-ci-d3r-tridilne-sprchove-dvere-posuvne-pro-instalaci-do-niky-110-cm-21744\/","og_locale":"cs_CZ","og_type":"article","og_title":"Zlevn\u011bn\u00fd Roth CARIBA LINE CI D3L \/ CI D3R T\u0159\u00edd\u00edln\u00e9 sprchov\u00e9 dve\u0159e posuvn\u00e9 pro instalaci do niky 110 cm -","og_description":"Detailn\u00ed popis produktu CARIBA LINE Nej\u0161ir\u0161\u00ed v\u00fdb\u011br tvar\u016f a variant v jedn\u00e9 s\u00e9rii Vylad\u011bn\u00fd vzhled a\u017e do nejmen\u0161\u00edho detailu v dokonal\u00e9 harmonii kovu a skla.&nbsp;Nechte se un\u00e1\u0161et vlnou relaxace, sn\u011bn\u00ed a pohody&#8230;Nesp\u011bchejte, v\u017edy\u0165 jste ji pr\u00e1v\u011b objevili. S\u00e9rie Cariba Line p\u0159in\u00e1\u0161\u00ed to prav\u00e9 \u0159e\u0161en\u00ed pro ka\u017edou koupelnu.Symetrick\u00e9 madlo dve\u0159\u00ed padne perfektn\u011b do ruky, o pohodln\u00e9 [&hellip;]","og_url":"https:\/\/www.koupeltech.com\/index.php\/produkt\/zlevneny-roth-cariba-line-ci-d3l-ci-d3r-tridilne-sprchove-dvere-posuvne-pro-instalaci-do-niky-110-cm-21744\/","og_image":[{"width":1000,"height":750,"url":"https:\/\/www.koupeltech.com\/wp-content\/uploads\/2026\/SK0020592-CZ20260425-093631-0-1777080994-335978_roth-cariba-line-ci-d3l-ci-d3r-tridilne-sprchove-dve.webp","type":"image\/webp"}],"twitter_card":"summary_large_image","twitter_misc":{"Odhadovan\u00e1 doba \u010dten\u00ed":"4 minuty"},"schema":{"@context":"https:\/\/schema.org","@graph":[{"@type":"WebPage","@id":"https:\/\/www.koupeltech.com\/index.php\/produkt\/zlevneny-roth-cariba-line-ci-d3l-ci-d3r-tridilne-sprchove-dvere-posuvne-pro-instalaci-do-niky-110-cm-21744\/","url":"https:\/\/www.koupeltech.com\/index.php\/produkt\/zlevneny-roth-cariba-line-ci-d3l-ci-d3r-tridilne-sprchove-dvere-posuvne-pro-instalaci-do-niky-110-cm-21744\/","name":"Zlevn\u011bn\u00fd Roth CARIBA LINE CI D3L \/ CI D3R T\u0159\u00edd\u00edln\u00e9 sprchov\u00e9 dve\u0159e posuvn\u00e9 pro instalaci do niky 110 cm -","isPartOf":{"@id":"https:\/\/www.koupeltech.com\/#website"},"primaryImageOfPage":{"@id":"https:\/\/www.koupeltech.com\/index.php\/produkt\/zlevneny-roth-cariba-line-ci-d3l-ci-d3r-tridilne-sprchove-dvere-posuvne-pro-instalaci-do-niky-110-cm-21744\/#primaryimage"},"image":{"@id":"https:\/\/www.koupeltech.com\/index.php\/produkt\/zlevneny-roth-cariba-line-ci-d3l-ci-d3r-tridilne-sprchove-dvere-posuvne-pro-instalaci-do-niky-110-cm-21744\/#primaryimage"},"thumbnailUrl":"https:\/\/www.koupeltech.com\/wp-content\/uploads\/2026\/SK0020592-CZ20260425-093631-0-1777080994-335978_roth-cariba-line-ci-d3l-ci-d3r-tridilne-sprchove-dve.webp","datePublished":"2026-04-27T13:59:07+00:00","breadcrumb":{"@id":"https:\/\/www.koupeltech.com\/index.php\/produkt\/zlevneny-roth-cariba-line-ci-d3l-ci-d3r-tridilne-sprchove-dvere-posuvne-pro-instalaci-do-niky-110-cm-21744\/#breadcrumb"},"inLanguage":"cs","potentialAction":[{"@type":"ReadAction","target":["https:\/\/www.koupeltech.com\/index.php\/produkt\/zlevneny-roth-cariba-line-ci-d3l-ci-d3r-tridilne-sprchove-dvere-posuvne-pro-instalaci-do-niky-110-cm-21744\/"]}]},{"@type":"ImageObject","inLanguage":"cs","@id":"https:\/\/www.koupeltech.com\/index.php\/produkt\/zlevneny-roth-cariba-line-ci-d3l-ci-d3r-tridilne-sprchove-dvere-posuvne-pro-instalaci-do-niky-110-cm-21744\/#primaryimage","url":"https:\/\/www.koupeltech.com\/wp-content\/uploads\/2026\/SK0020592-CZ20260425-093631-0-1777080994-335978_roth-cariba-line-ci-d3l-ci-d3r-tridilne-sprchove-dve.webp","contentUrl":"https:\/\/www.koupeltech.com\/wp-content\/uploads\/2026\/SK0020592-CZ20260425-093631-0-1777080994-335978_roth-cariba-line-ci-d3l-ci-d3r-tridilne-sprchove-dve.webp","width":1000,"height":750},{"@type":"BreadcrumbList","@id":"https:\/\/www.koupeltech.com\/index.php\/produkt\/zlevneny-roth-cariba-line-ci-d3l-ci-d3r-tridilne-sprchove-dvere-posuvne-pro-instalaci-do-niky-110-cm-21744\/#breadcrumb","itemListElement":[{"@type":"ListItem","position":1,"name":"Home","item":"https:\/\/www.koupeltech.com\/"},{"@type":"ListItem","position":2,"name":"Products","item":"https:\/\/www.koupeltech.com\/index.php\/products\/"},{"@type":"ListItem","position":3,"name":"Zlevn\u011bn\u00fd Roth CARIBA LINE CI D3L \/ CI D3R T\u0159\u00edd\u00edln\u00e9 sprchov\u00e9 dve\u0159e posuvn\u00e9 pro instalaci do niky 110 cm"}]},{"@type":"WebSite","@id":"https:\/\/www.koupeltech.com\/#website","url":"https:\/\/www.koupeltech.com\/","name":"","description":"","potentialAction":[{"@type":"SearchAction","target":{"@type":"EntryPoint","urlTemplate":"https:\/\/www.koupeltech.com\/?s={search_term_string}"},"query-input":{"@type":"PropertyValueSpecification","valueRequired":true,"valueName":"search_term_string"}}],"inLanguage":"cs"}]}},"_links":{"self":[{"href":"https:\/\/www.koupeltech.com\/index.php\/wp-json\/wp\/v2\/product\/21744","targetHints":{"allow":["GET"]}}],"collection":[{"href":"https:\/\/www.koupeltech.com\/index.php\/wp-json\/wp\/v2\/product"}],"about":[{"href":"https:\/\/www.koupeltech.com\/index.php\/wp-json\/wp\/v2\/types\/product"}],"replies":[{"embeddable":true,"href":"https:\/\/www.koupeltech.com\/index.php\/wp-json\/wp\/v2\/comments?post=21744"}],"wp:featuredmedia":[{"embeddable":true,"href":"https:\/\/www.koupeltech.com\/index.php\/wp-json\/wp\/v2\/media\/21844"}],"wp:attachment":[{"href":"https:\/\/www.koupeltech.com\/index.php\/wp-json\/wp\/v2\/media?parent=21744"}],"wp:term":[{"taxonomy":"product_brand","embeddable":true,"href":"https:\/\/www.koupeltech.com\/index.php\/wp-json\/wp\/v2\/product_brand?post=21744"},{"taxonomy":"product_cat","embeddable":true,"href":"https:\/\/www.koupeltech.com\/index.php\/wp-json\/wp\/v2\/product_cat?post=21744"},{"taxonomy":"product_tag","embeddable":true,"href":"https:\/\/www.koupeltech.com\/index.php\/wp-json\/wp\/v2\/product_tag?post=21744"}],"curies":[{"name":"wp","href":"https:\/\/api.w.org\/{rel}","templated":true}]}}