{"id":22372,"date":"2026-04-27T13:59:13","date_gmt":"2026-04-27T13:59:13","guid":{"rendered":""},"modified":"2026-04-27T13:59:13","modified_gmt":"2026-04-27T13:59:13","slug":"sapho-lara-wc-kombi-spodni-zadni-odpad-cerna-mat-lr360-01-overeny-22372","status":"publish","type":"product","link":"https:\/\/www.koupeltech.com\/index.php\/produkt\/sapho-lara-wc-kombi-spodni-zadni-odpad-cerna-mat-lr360-01-overeny-22372\/","title":{"rendered":"Sapho LARA WC kombi, spodn\u00ed\/zadn\u00ed odpad, \u010dern\u00e1 mat LR360-01 Ov\u011b\u0159en\u00fd"},"content":{"rendered":"<div class=\"basic-description\">\n<h3>Detailn\u00ed popis produktu<\/h3>\n<ul>\n<li>WC m\u00edsa &#8211; zadn\u00ed v\u00fdvod odpadu (spodn\u00ed p\u0159ipojen\u00ed lze vytvo\u0159it pomoc\u00ed   p\u0159ipojovac\u00edho kolena nebo flexi p\u0159ipojen\u00ed).<\/li>\n<li>N\u00e1dr\u017eka se splachovac\u00ed armaturou, v\u010detn\u011b dual tla\u010d\u00edtka chrom pro \u00fasporu   vody (splachov\u00e1n\u00ed 3,5 a 5l).<\/li>\n<li>Napou\u0161t\u011bc\u00ed ventil se spodn\u00edm p\u0159ipojen\u00edm na lev\u00e9 stran\u011b n\u00e1dr\u017eky.<\/li>\n<li>Mont\u00e1\u017en\u00ed sada<\/li>\n<\/ul>\n<p><\/p>\n<h2 class=\"props-title\">Vlastnosti<\/h2>\n<table>\n<tr>\n<th>Zna\u010dka<\/th>\n<td>CREAVIT<\/td>\n<\/tr>\n<tr>\n<th>3D model<\/th>\n<td>ANO<\/td>\n<\/tr>\n<tr>\n<th>Rozm\u011br<\/th>\n<td>35x80x64 cm<\/td>\n<\/tr>\n<tr>\n<th>\u0160\u00ed\u0159ka<\/th>\n<td>350&nbsp;mm<\/td>\n<\/tr>\n<tr>\n<th>V\u00fd\u0161ka<\/th>\n<td>800&nbsp;mm<\/td>\n<\/tr>\n<tr>\n<th>Hloubka<\/th>\n<td>640&nbsp;mm<\/td>\n<\/tr>\n<tr>\n<th>Barva<\/th>\n<td>\u010cern\u00e1<\/td>\n<\/tr>\n<tr>\n<th>Materi\u00e1l<\/th>\n<td>Keramika<\/td>\n<\/tr>\n<tr>\n<th>Technologie splachov\u00e1n\u00ed<\/th>\n<td>Standard<\/td>\n<\/tr>\n<tr>\n<th>Objem splachovac\u00ed vody<\/th>\n<td>4 l \/ 6 l<\/td>\n<\/tr>\n<tr>\n<th>Tvar<\/th>\n<td>Hranat\u00e9<\/td>\n<\/tr>\n<tr>\n<th>Ostatn\u00ed<\/th>\n<td>Odpad spodn\u00ed, Odpad zadn\u00ed<\/td>\n<\/tr>\n<tr>\n<th>Balen\u00ed obsahuje<\/th>\n<td>Mont\u00e1\u017en\u00ed sada<\/td>\n<\/tr>\n<tr>\n<th>Balen\u00ed neobsahuje<\/th>\n<td>WC sed\u00e1tko<\/td>\n<\/tr>\n<tr>\n<th>Hmotnost \/ ks<\/th>\n<td>41.3800&nbsp;kg<\/td>\n<\/tr>\n<tr>\n<th>Balen\u00ed<\/th>\n<td>3&nbsp;ks<\/td>\n<\/tr>\n<tr>\n<th>EAN<\/th>\n<td>8590913905926<\/td>\n<\/tr>\n<tr>\n<th>Taric<\/th>\n<td>69109000<\/td>\n<\/tr>\n<tr>\n<th>Z\u00e1ruka<\/th>\n<td>2 roky<\/td>\n<\/tr>\n<\/table>\n<p>   Upozorn\u011bn\u00ed pro z\u00e1kazn\u00edky ke koupi produkt\u016f na objedn\u00e1n\u00ed: Toto zbo\u017e\u00ed nen\u00ed standardn\u00edm s\u00e9riov\u00fdm v\u00fdrobkem. Bude vyrobeno na p\u0159\u00e1n\u00ed z\u00e1kazn\u00edka a proto jej nelze dodavateli v z\u00e1konn\u00e9 lh\u016ft\u011b vr\u00e1tit. (viz \u00a71837 odst.d, ob\u010dansk\u00e9ho z\u00e1kon\u00edku). V tomto p\u0159\u00edpad\u011b m\u016f\u017eeme po\u017eadovat nevratnou z\u00e1lohu a\u017e do v\u00fd\u0161e 100 % z ceny v\u00fdrobku.                            <\/p><\/div>\n","protected":false},"excerpt":{"rendered":"<p>Detailn\u00ed popis produktu WC m\u00edsa &#8211; zadn\u00ed v\u00fdvod odpadu (spodn\u00ed p\u0159ipojen\u00ed lze vytvo\u0159it pomoc\u00ed p\u0159ipojovac\u00edho kolena nebo flexi p\u0159ipojen\u00ed). N\u00e1dr\u017eka se splachovac\u00ed armaturou, v\u010detn\u011b dual tla\u010d\u00edtka chrom pro \u00fasporu vody (splachov\u00e1n\u00ed 3,5 a 5l). Napou\u0161t\u011bc\u00ed ventil se spodn\u00edm p\u0159ipojen\u00edm na lev\u00e9 stran\u011b n\u00e1dr\u017eky. Mont\u00e1\u017en\u00ed sada Vlastnosti Zna\u010dka CREAVIT 3D model ANO Rozm\u011br 35x80x64 cm \u0160\u00ed\u0159ka [&hellip;]<\/p>\n","protected":false},"featured_media":22472,"comment_status":"open","ping_status":"open","template":"","meta":[],"product_brand":[],"product_cat":[91],"product_tag":[],"class_list":{"0":"post-22372","1":"product","2":"type-product","3":"status-publish","4":"has-post-thumbnail","6":"product_cat-wc","8":"first","9":"instock","10":"sale","11":"shipping-taxable","12":"purchasable","13":"product-type-simple"},"yoast_head":"<!-- This site is optimized with the Yoast SEO plugin v26.8 - https:\/\/yoast.com\/product\/yoast-seo-wordpress\/ -->\n<title>Sapho LARA WC kombi, spodn\u00ed\/zadn\u00ed odpad, \u010dern\u00e1 mat LR360-01 Ov\u011b\u0159en\u00fd -<\/title>\n<meta name=\"robots\" content=\"index, follow, max-snippet:-1, max-image-preview:large, max-video-preview:-1\" \/>\n<link rel=\"canonical\" href=\"https:\/\/www.koupeltech.com\/index.php\/produkt\/sapho-lara-wc-kombi-spodni-zadni-odpad-cerna-mat-lr360-01-overeny-22372\/\" \/>\n<meta property=\"og:locale\" content=\"cs_CZ\" \/>\n<meta property=\"og:type\" content=\"article\" \/>\n<meta property=\"og:title\" content=\"Sapho LARA WC kombi, spodn\u00ed\/zadn\u00ed odpad, \u010dern\u00e1 mat LR360-01 Ov\u011b\u0159en\u00fd -\" \/>\n<meta property=\"og:description\" content=\"Detailn\u00ed popis produktu WC m\u00edsa &#8211; zadn\u00ed v\u00fdvod odpadu (spodn\u00ed p\u0159ipojen\u00ed lze vytvo\u0159it pomoc\u00ed p\u0159ipojovac\u00edho kolena nebo flexi p\u0159ipojen\u00ed). N\u00e1dr\u017eka se splachovac\u00ed armaturou, v\u010detn\u011b dual tla\u010d\u00edtka chrom pro \u00fasporu vody (splachov\u00e1n\u00ed 3,5 a 5l). Napou\u0161t\u011bc\u00ed ventil se spodn\u00edm p\u0159ipojen\u00edm na lev\u00e9 stran\u011b n\u00e1dr\u017eky. Mont\u00e1\u017en\u00ed sada Vlastnosti Zna\u010dka CREAVIT 3D model ANO Rozm\u011br 35x80x64 cm \u0160\u00ed\u0159ka [&hellip;]\" \/>\n<meta property=\"og:url\" content=\"https:\/\/www.koupeltech.com\/index.php\/produkt\/sapho-lara-wc-kombi-spodni-zadni-odpad-cerna-mat-lr360-01-overeny-22372\/\" \/>\n<meta property=\"og:image\" content=\"https:\/\/www.koupeltech.com\/wp-content\/uploads\/2026\/SK0021073-CZ20260425-093631-0-1777080994-338228_lr360-01-250933464270272.webp\" \/>\n\t<meta property=\"og:image:width\" content=\"1000\" \/>\n\t<meta property=\"og:image:height\" content=\"750\" \/>\n\t<meta property=\"og:image:type\" content=\"image\/webp\" \/>\n<meta name=\"twitter:card\" content=\"summary_large_image\" \/>\n<meta name=\"twitter:label1\" content=\"Odhadovan\u00e1 doba \u010dten\u00ed\" \/>\n\t<meta name=\"twitter:data1\" content=\"1 minuta\" \/>\n<script type=\"application\/ld+json\" class=\"yoast-schema-graph\">{\"@context\":\"https:\/\/schema.org\",\"@graph\":[{\"@type\":\"WebPage\",\"@id\":\"https:\/\/www.koupeltech.com\/index.php\/produkt\/sapho-lara-wc-kombi-spodni-zadni-odpad-cerna-mat-lr360-01-overeny-22372\/\",\"url\":\"https:\/\/www.koupeltech.com\/index.php\/produkt\/sapho-lara-wc-kombi-spodni-zadni-odpad-cerna-mat-lr360-01-overeny-22372\/\",\"name\":\"Sapho LARA WC kombi, spodn\u00ed\/zadn\u00ed odpad, \u010dern\u00e1 mat LR360-01 Ov\u011b\u0159en\u00fd -\",\"isPartOf\":{\"@id\":\"https:\/\/www.koupeltech.com\/#website\"},\"primaryImageOfPage\":{\"@id\":\"https:\/\/www.koupeltech.com\/index.php\/produkt\/sapho-lara-wc-kombi-spodni-zadni-odpad-cerna-mat-lr360-01-overeny-22372\/#primaryimage\"},\"image\":{\"@id\":\"https:\/\/www.koupeltech.com\/index.php\/produkt\/sapho-lara-wc-kombi-spodni-zadni-odpad-cerna-mat-lr360-01-overeny-22372\/#primaryimage\"},\"thumbnailUrl\":\"https:\/\/www.koupeltech.com\/wp-content\/uploads\/2026\/SK0021073-CZ20260425-093631-0-1777080994-338228_lr360-01-250933464270272.webp\",\"datePublished\":\"2026-04-27T13:59:13+00:00\",\"breadcrumb\":{\"@id\":\"https:\/\/www.koupeltech.com\/index.php\/produkt\/sapho-lara-wc-kombi-spodni-zadni-odpad-cerna-mat-lr360-01-overeny-22372\/#breadcrumb\"},\"inLanguage\":\"cs\",\"potentialAction\":[{\"@type\":\"ReadAction\",\"target\":[\"https:\/\/www.koupeltech.com\/index.php\/produkt\/sapho-lara-wc-kombi-spodni-zadni-odpad-cerna-mat-lr360-01-overeny-22372\/\"]}]},{\"@type\":\"ImageObject\",\"inLanguage\":\"cs\",\"@id\":\"https:\/\/www.koupeltech.com\/index.php\/produkt\/sapho-lara-wc-kombi-spodni-zadni-odpad-cerna-mat-lr360-01-overeny-22372\/#primaryimage\",\"url\":\"https:\/\/www.koupeltech.com\/wp-content\/uploads\/2026\/SK0021073-CZ20260425-093631-0-1777080994-338228_lr360-01-250933464270272.webp\",\"contentUrl\":\"https:\/\/www.koupeltech.com\/wp-content\/uploads\/2026\/SK0021073-CZ20260425-093631-0-1777080994-338228_lr360-01-250933464270272.webp\",\"width\":1000,\"height\":750},{\"@type\":\"BreadcrumbList\",\"@id\":\"https:\/\/www.koupeltech.com\/index.php\/produkt\/sapho-lara-wc-kombi-spodni-zadni-odpad-cerna-mat-lr360-01-overeny-22372\/#breadcrumb\",\"itemListElement\":[{\"@type\":\"ListItem\",\"position\":1,\"name\":\"Home\",\"item\":\"https:\/\/www.koupeltech.com\/\"},{\"@type\":\"ListItem\",\"position\":2,\"name\":\"Products\",\"item\":\"https:\/\/www.koupeltech.com\/index.php\/products\/\"},{\"@type\":\"ListItem\",\"position\":3,\"name\":\"Sapho LARA WC kombi, spodn\u00ed\/zadn\u00ed odpad, \u010dern\u00e1 mat LR360-01 Ov\u011b\u0159en\u00fd\"}]},{\"@type\":\"WebSite\",\"@id\":\"https:\/\/www.koupeltech.com\/#website\",\"url\":\"https:\/\/www.koupeltech.com\/\",\"name\":\"\",\"description\":\"\",\"potentialAction\":[{\"@type\":\"SearchAction\",\"target\":{\"@type\":\"EntryPoint\",\"urlTemplate\":\"https:\/\/www.koupeltech.com\/?s={search_term_string}\"},\"query-input\":{\"@type\":\"PropertyValueSpecification\",\"valueRequired\":true,\"valueName\":\"search_term_string\"}}],\"inLanguage\":\"cs\"}]}<\/script>\n<!-- \/ Yoast SEO plugin. -->","yoast_head_json":{"title":"Sapho LARA WC kombi, spodn\u00ed\/zadn\u00ed odpad, \u010dern\u00e1 mat LR360-01 Ov\u011b\u0159en\u00fd -","robots":{"index":"index","follow":"follow","max-snippet":"max-snippet:-1","max-image-preview":"max-image-preview:large","max-video-preview":"max-video-preview:-1"},"canonical":"https:\/\/www.koupeltech.com\/index.php\/produkt\/sapho-lara-wc-kombi-spodni-zadni-odpad-cerna-mat-lr360-01-overeny-22372\/","og_locale":"cs_CZ","og_type":"article","og_title":"Sapho LARA WC kombi, spodn\u00ed\/zadn\u00ed odpad, \u010dern\u00e1 mat LR360-01 Ov\u011b\u0159en\u00fd -","og_description":"Detailn\u00ed popis produktu WC m\u00edsa &#8211; zadn\u00ed v\u00fdvod odpadu (spodn\u00ed p\u0159ipojen\u00ed lze vytvo\u0159it pomoc\u00ed p\u0159ipojovac\u00edho kolena nebo flexi p\u0159ipojen\u00ed). N\u00e1dr\u017eka se splachovac\u00ed armaturou, v\u010detn\u011b dual tla\u010d\u00edtka chrom pro \u00fasporu vody (splachov\u00e1n\u00ed 3,5 a 5l). Napou\u0161t\u011bc\u00ed ventil se spodn\u00edm p\u0159ipojen\u00edm na lev\u00e9 stran\u011b n\u00e1dr\u017eky. Mont\u00e1\u017en\u00ed sada Vlastnosti Zna\u010dka CREAVIT 3D model ANO Rozm\u011br 35x80x64 cm \u0160\u00ed\u0159ka [&hellip;]","og_url":"https:\/\/www.koupeltech.com\/index.php\/produkt\/sapho-lara-wc-kombi-spodni-zadni-odpad-cerna-mat-lr360-01-overeny-22372\/","og_image":[{"width":1000,"height":750,"url":"https:\/\/www.koupeltech.com\/wp-content\/uploads\/2026\/SK0021073-CZ20260425-093631-0-1777080994-338228_lr360-01-250933464270272.webp","type":"image\/webp"}],"twitter_card":"summary_large_image","twitter_misc":{"Odhadovan\u00e1 doba \u010dten\u00ed":"1 minuta"},"schema":{"@context":"https:\/\/schema.org","@graph":[{"@type":"WebPage","@id":"https:\/\/www.koupeltech.com\/index.php\/produkt\/sapho-lara-wc-kombi-spodni-zadni-odpad-cerna-mat-lr360-01-overeny-22372\/","url":"https:\/\/www.koupeltech.com\/index.php\/produkt\/sapho-lara-wc-kombi-spodni-zadni-odpad-cerna-mat-lr360-01-overeny-22372\/","name":"Sapho LARA WC kombi, spodn\u00ed\/zadn\u00ed odpad, \u010dern\u00e1 mat LR360-01 Ov\u011b\u0159en\u00fd -","isPartOf":{"@id":"https:\/\/www.koupeltech.com\/#website"},"primaryImageOfPage":{"@id":"https:\/\/www.koupeltech.com\/index.php\/produkt\/sapho-lara-wc-kombi-spodni-zadni-odpad-cerna-mat-lr360-01-overeny-22372\/#primaryimage"},"image":{"@id":"https:\/\/www.koupeltech.com\/index.php\/produkt\/sapho-lara-wc-kombi-spodni-zadni-odpad-cerna-mat-lr360-01-overeny-22372\/#primaryimage"},"thumbnailUrl":"https:\/\/www.koupeltech.com\/wp-content\/uploads\/2026\/SK0021073-CZ20260425-093631-0-1777080994-338228_lr360-01-250933464270272.webp","datePublished":"2026-04-27T13:59:13+00:00","breadcrumb":{"@id":"https:\/\/www.koupeltech.com\/index.php\/produkt\/sapho-lara-wc-kombi-spodni-zadni-odpad-cerna-mat-lr360-01-overeny-22372\/#breadcrumb"},"inLanguage":"cs","potentialAction":[{"@type":"ReadAction","target":["https:\/\/www.koupeltech.com\/index.php\/produkt\/sapho-lara-wc-kombi-spodni-zadni-odpad-cerna-mat-lr360-01-overeny-22372\/"]}]},{"@type":"ImageObject","inLanguage":"cs","@id":"https:\/\/www.koupeltech.com\/index.php\/produkt\/sapho-lara-wc-kombi-spodni-zadni-odpad-cerna-mat-lr360-01-overeny-22372\/#primaryimage","url":"https:\/\/www.koupeltech.com\/wp-content\/uploads\/2026\/SK0021073-CZ20260425-093631-0-1777080994-338228_lr360-01-250933464270272.webp","contentUrl":"https:\/\/www.koupeltech.com\/wp-content\/uploads\/2026\/SK0021073-CZ20260425-093631-0-1777080994-338228_lr360-01-250933464270272.webp","width":1000,"height":750},{"@type":"BreadcrumbList","@id":"https:\/\/www.koupeltech.com\/index.php\/produkt\/sapho-lara-wc-kombi-spodni-zadni-odpad-cerna-mat-lr360-01-overeny-22372\/#breadcrumb","itemListElement":[{"@type":"ListItem","position":1,"name":"Home","item":"https:\/\/www.koupeltech.com\/"},{"@type":"ListItem","position":2,"name":"Products","item":"https:\/\/www.koupeltech.com\/index.php\/products\/"},{"@type":"ListItem","position":3,"name":"Sapho LARA WC kombi, spodn\u00ed\/zadn\u00ed odpad, \u010dern\u00e1 mat LR360-01 Ov\u011b\u0159en\u00fd"}]},{"@type":"WebSite","@id":"https:\/\/www.koupeltech.com\/#website","url":"https:\/\/www.koupeltech.com\/","name":"","description":"","potentialAction":[{"@type":"SearchAction","target":{"@type":"EntryPoint","urlTemplate":"https:\/\/www.koupeltech.com\/?s={search_term_string}"},"query-input":{"@type":"PropertyValueSpecification","valueRequired":true,"valueName":"search_term_string"}}],"inLanguage":"cs"}]}},"_links":{"self":[{"href":"https:\/\/www.koupeltech.com\/index.php\/wp-json\/wp\/v2\/product\/22372","targetHints":{"allow":["GET"]}}],"collection":[{"href":"https:\/\/www.koupeltech.com\/index.php\/wp-json\/wp\/v2\/product"}],"about":[{"href":"https:\/\/www.koupeltech.com\/index.php\/wp-json\/wp\/v2\/types\/product"}],"replies":[{"embeddable":true,"href":"https:\/\/www.koupeltech.com\/index.php\/wp-json\/wp\/v2\/comments?post=22372"}],"wp:featuredmedia":[{"embeddable":true,"href":"https:\/\/www.koupeltech.com\/index.php\/wp-json\/wp\/v2\/media\/22472"}],"wp:attachment":[{"href":"https:\/\/www.koupeltech.com\/index.php\/wp-json\/wp\/v2\/media?parent=22372"}],"wp:term":[{"taxonomy":"product_brand","embeddable":true,"href":"https:\/\/www.koupeltech.com\/index.php\/wp-json\/wp\/v2\/product_brand?post=22372"},{"taxonomy":"product_cat","embeddable":true,"href":"https:\/\/www.koupeltech.com\/index.php\/wp-json\/wp\/v2\/product_cat?post=22372"},{"taxonomy":"product_tag","embeddable":true,"href":"https:\/\/www.koupeltech.com\/index.php\/wp-json\/wp\/v2\/product_tag?post=22372"}],"curies":[{"name":"wp","href":"https:\/\/api.w.org\/{rel}","templated":true}]}}