{"id":22505,"date":"2026-04-27T13:59:15","date_gmt":"2026-04-27T13:59:15","guid":{"rendered":""},"modified":"2026-04-27T13:59:15","modified_gmt":"2026-04-27T13:59:15","slug":"sapho-kube-x-zavesna-wc-misa-geniusflush-36x50cm-cerna-dual-mat-941226-horka-nabidka-22505","status":"publish","type":"product","link":"https:\/\/www.koupeltech.com\/index.php\/produkt\/sapho-kube-x-zavesna-wc-misa-geniusflush-36x50cm-cerna-dual-mat-941226-horka-nabidka-22505\/","title":{"rendered":"Sapho KUBE X z\u00e1v\u011bsn\u00e1 WC m\u00edsa, GeniusFlush, 36x50cm, \u010dern\u00e1 dual-mat 941226 Hork\u00e1 Nab\u00eddka"},"content":{"rendered":"<div class=\"basic-description\">\n<h3>Detailn\u00ed popis produktu<\/h3>\n<p><\/p>\n<p>Sanit\u00e1rn\u00ed keramika KUBE X COLOR:<\/p>\n<ul>\n<li>masivn\u00ed hranat\u00e1 umyvadla s praktick\u00fdmi&nbsp;odkl\u00e1dac\u00edmi plochami<\/li>\n<li>v\u011bt\u0161inu umyvadel lze doplnit o dr\u017e\u00e1ky ru\u010dn\u00edk\u016f, kter\u00e9 lze instalovat i dodate\u010dn\u011b, po mont\u00e1\u017ei umyvadla<\/li>\n<li>umyvadla lze dodat i v retifikovan\u00e9 verzi (se zabrou\u0161enou spodn\u00ed plochou) pro pou\u017eit\u00ed na desku, s p\u0159\u00edplatkem dle platn\u00e9ho cen\u00edku&nbsp;\n<\/li>\n<\/ul>\n<p>S\u00e9rie KUBE X COLOR zahrnuje keramick\u00e1 umyvadla na desku v 8 barevn\u00fdch variac\u00edch, vybran\u00e1 umyvadla na zav\u011b\u0161en\u00ed, WC m\u00edsy a bidety v proveden\u00ed b\u00edl\u00e1 mat a \u010dern\u00e1 mat.<\/p>\n<p>N\u00e1hled barevn\u00fdch variac\u00ed n\u00ed\u017ee. Re\u00e1ln\u00e9 proveden\u00ed barev se m\u016f\u017ee li\u0161it v n\u00e1vaznosti na nastaven\u00ed Va\u0161eho monitoru.<\/p>\n<p>Charakteristika s\u00e9rie:<\/p>\n<ul>\n<li><span>Hranat\u00e1 umyvadla s&nbsp;decentn\u011b zaoblen\u00fdmi rohy a \u0161t\u00edhlou hranou<\/span><\/li>\n<li><span>Ov\u00e1ln\u00e1 a kulat\u00e1 umyvadla se \u0161t\u00edhlou hranou<\/span><\/li>\n<li><span>Umyvadla lze doplnit v\u00fdpust\u00ed s keramickou z\u00e1tkou ve stejn\u00e9 barv\u011b<\/span><\/li>\n<li><span>WC m\u00edsy se splachovac\u00edm syst\u00e9mem SwirlFlush&reg;<\/span><span>&nbsp;nebo GeniusFlush&reg; a SAVE WATER, kter\u00fd umo\u017e\u0148uje splachovat&nbsp;pouze 4,5 litry vody<\/span><\/li>\n<li>Sed\u00e1tka k z\u00e1v\u011bsn\u00fdm WC opat\u0159ena syst\u00e9mem&nbsp;SOFT CLOSE (pomal\u00e9 skl\u00e1p\u011bn\u00ed) a QUICK RELEASE (odn\u00edmateln\u00e9 sed\u00e1tko)<\/li>\n<\/ul>\n<h2 class=\"props-title\">Vlastnosti<\/h2>\n<table>\n<tr>\n<th>Zna\u010dka<\/th>\n<td>GSI<\/td>\n<\/tr>\n<tr>\n<th>S\u00e9rie<\/th>\n<td>KUBE X COLOR<\/td>\n<\/tr>\n<tr>\n<th>3D model<\/th>\n<td>ANO<\/td>\n<\/tr>\n<tr>\n<th>Rozm\u011br<\/th>\n<td>36&#215;50 cm<\/td>\n<\/tr>\n<tr>\n<th>\u0160\u00ed\u0159ka<\/th>\n<td>360&nbsp;mm<\/td>\n<\/tr>\n<tr>\n<th>Hloubka<\/th>\n<td>500&nbsp;mm<\/td>\n<\/tr>\n<tr>\n<th>Barva<\/th>\n<td>\u010cern\u00e1<\/td>\n<\/tr>\n<tr>\n<th>Materi\u00e1l<\/th>\n<td>Keramika<\/td>\n<\/tr>\n<tr>\n<th>Technologie splachov\u00e1n\u00ed<\/th>\n<td>GeniusFlush<\/td>\n<\/tr>\n<tr>\n<th>Objem splachovac\u00ed vody<\/th>\n<td>3 l \/ 4,5 l<\/td>\n<\/tr>\n<tr>\n<th>Tvar<\/th>\n<td>Klasik<\/td>\n<\/tr>\n<tr>\n<th>Ostatn\u00ed<\/th>\n<td>Skryt\u00e9 uchycen\u00ed, DualGlaze<\/td>\n<\/tr>\n<tr>\n<th>Balen\u00ed obsahuje<\/th>\n<td>Mont\u00e1\u017en\u00ed sada<\/td>\n<\/tr>\n<tr>\n<th>Balen\u00ed neobsahuje<\/th>\n<td>WC sed\u00e1tko<\/td>\n<\/tr>\n<tr>\n<th>Hmotnost \/ ks<\/th>\n<td>23.9000&nbsp;kg<\/td>\n<\/tr>\n<tr>\n<th>Balen\u00ed<\/th>\n<td>1&nbsp;ks<\/td>\n<\/tr>\n<tr>\n<th>EAN<\/th>\n<td>8057729356477<\/td>\n<\/tr>\n<tr>\n<th>Taric<\/th>\n<td>69109000<\/td>\n<\/tr>\n<tr>\n<th>Z\u00e1ruka<\/th>\n<td>2 roky<\/td>\n<\/tr>\n<\/table>\n<div class=\"product-explanation-item\">\n<h3>Technologie splachov\u00e1n\u00ed GeniusFlush<strong>&reg;<\/strong><\/h3>\n<p style=\"text-align: justify;\">GeniusFlush&reg;  &#8211; toalety bez tradi\u010dn\u00edho oplachov\u00e9ho kruhu. Patentovan\u00fd splachovac\u00ed syst\u00e9m od spole\u010dnosti GSI dosahuje d\u00edky inovativn\u00edmu \u0159e\u0161en\u00ed maxim\u00e1ln\u00ed efektivity a tichosti. <span>Splachov\u00e1n\u00ed je um\u00edst\u011bno ve st\u0159edn\u00ed \u010d\u00e1sti toalety a je na pohled zcela skryt\u00e9. Okraj,<\/span> kter\u00fd vymezuje cirkulaci vody v okam\u017eiku spl\u00e1chnut\u00ed, byl minimalizov\u00e1n a z\u00edskal jemn\u011bj\u0161\u00ed zak\u0159iven\u00ed. <br \/>Toto zdokonalen\u00ed v kombinaci s glazurou Extraglaze&reg;, kter\u00e1 dod\u00e1v\u00e1 keramice dokonale hladk\u00fd povrch a p\u016fsobiv\u00fd lesk, zaji\u0161\u0165uje maxim\u00e1ln\u00ed hygienu a sn\u00ed\u017een\u00ed n\u00e1mahy p\u0159i \u010di\u0161t\u011bn\u00ed WC. Samoz\u0159ejmost\u00ed je du\u00e1ln\u00ed syst\u00e9m splachov\u00e1n\u00ed s mno\u017estv\u00edm vody 3 nebo 4,5 l.<\/p>\n<\/div>\n<div class=\"product-explanation-item\">\n<h3>Water saving &#8211; \u00fasporn\u00e9 splachov\u00e1n\u00ed<\/h3>\n<p style=\"text-align: justify;\">Tvar m\u00edsy umo\u017e\u0148uje efektivn\u00ed a \u00fa\u010dinn\u00e9 spl\u00e1chnut\u00ed s men\u0161\u00edm objemem vody a t\u00edm \u0161et\u0159\u00ed \u017eivotn\u00ed prost\u0159ed\u00ed a n\u00e1klady za vodu.<br \/>\u00dasporn\u00e9 splachov\u00e1n\u00ed je mo\u017en\u00e9 pou\u017e\u00edt s n\u00e1dr\u017ekou s du\u00e1ln\u00edm splachov\u00e1n\u00edm, jej\u00ed\u017e vypou\u0161t\u011bc\u00ed ventil umo\u017e\u0148uje nastaven\u00ed objemu vody od 2 litr\u016f u mal\u00e9ho splachov\u00e1n\u00ed a od 4 litr\u016f u velk\u00e9ho splachov\u00e1n\u00ed.<\/p>\n<\/div>\n<div class=\"product-explanation-item\">\n<h3><strong>Keramick\u00e1 glazura DualGlaze+<\/strong><\/h3>\n<p style=\"text-align: justify;\">Dvojit\u00e1 glazura, neboli DualGlaze+, je speci\u00e1ln\u00ed \u00faprava, kter\u00e1 se pou\u017e\u00edv\u00e1 u barevn\u00fdch toalet vybaven\u00fdch syst\u00e9mem splachov\u00e1n\u00ed SwirlFlush&reg;. DualGlaze+ kombinuje hygienu a eleganci. \u010cistota matn\u00e9ho venkovn\u00edho povrchu se setk\u00e1v\u00e1 s antibakteri\u00e1ln\u00ed glazurou Extraglaze&reg; Antibacterial na vnit\u0159n\u00edch \u010d\u00e1stech toalety, kter\u00e9 jsou v kontaktu s vodou, \u010d\u00edm\u017e se zabra\u0148uje skvrn\u00e1m a nehygienick\u00fdm usazenin\u00e1m vodn\u00edho kamene.<\/p>\n<\/div>\n<p>   Upozorn\u011bn\u00ed pro z\u00e1kazn\u00edky ke koupi produkt\u016f na objedn\u00e1n\u00ed: Toto zbo\u017e\u00ed nen\u00ed standardn\u00edm s\u00e9riov\u00fdm v\u00fdrobkem. Bude vyrobeno na p\u0159\u00e1n\u00ed z\u00e1kazn\u00edka a proto jej nelze dodavateli v z\u00e1konn\u00e9 lh\u016ft\u011b vr\u00e1tit. (viz \u00a71837 odst.d, ob\u010dansk\u00e9ho z\u00e1kon\u00edku). V tomto p\u0159\u00edpad\u011b m\u016f\u017eeme po\u017eadovat nevratnou z\u00e1lohu a\u017e do v\u00fd\u0161e 100 % z ceny v\u00fdrobku.                            <\/p><\/div>\n","protected":false},"excerpt":{"rendered":"<p>Detailn\u00ed popis produktu Sanit\u00e1rn\u00ed keramika KUBE X COLOR: masivn\u00ed hranat\u00e1 umyvadla s praktick\u00fdmi&nbsp;odkl\u00e1dac\u00edmi plochami v\u011bt\u0161inu umyvadel lze doplnit o dr\u017e\u00e1ky ru\u010dn\u00edk\u016f, kter\u00e9 lze instalovat i dodate\u010dn\u011b, po mont\u00e1\u017ei umyvadla umyvadla lze dodat i v retifikovan\u00e9 verzi (se zabrou\u0161enou spodn\u00ed plochou) pro pou\u017eit\u00ed na desku, s p\u0159\u00edplatkem dle platn\u00e9ho cen\u00edku&nbsp; S\u00e9rie KUBE X COLOR zahrnuje keramick\u00e1 [&hellip;]<\/p>\n","protected":false},"featured_media":22605,"comment_status":"open","ping_status":"open","template":"","meta":[],"product_brand":[],"product_cat":[91],"product_tag":[],"class_list":{"0":"post-22505","1":"product","2":"type-product","3":"status-publish","4":"has-post-thumbnail","6":"product_cat-wc","8":"first","9":"instock","10":"sale","11":"shipping-taxable","12":"purchasable","13":"product-type-simple"},"yoast_head":"<!-- This site is optimized with the Yoast SEO plugin v26.8 - https:\/\/yoast.com\/product\/yoast-seo-wordpress\/ -->\n<title>Sapho KUBE X z\u00e1v\u011bsn\u00e1 WC m\u00edsa, GeniusFlush, 36x50cm, \u010dern\u00e1 dual-mat 941226 Hork\u00e1 Nab\u00eddka -<\/title>\n<meta name=\"robots\" content=\"index, follow, max-snippet:-1, max-image-preview:large, max-video-preview:-1\" \/>\n<link rel=\"canonical\" href=\"https:\/\/www.koupeltech.com\/index.php\/produkt\/sapho-kube-x-zavesna-wc-misa-geniusflush-36x50cm-cerna-dual-mat-941226-horka-nabidka-22505\/\" \/>\n<meta property=\"og:locale\" content=\"cs_CZ\" \/>\n<meta property=\"og:type\" content=\"article\" \/>\n<meta property=\"og:title\" content=\"Sapho KUBE X z\u00e1v\u011bsn\u00e1 WC m\u00edsa, GeniusFlush, 36x50cm, \u010dern\u00e1 dual-mat 941226 Hork\u00e1 Nab\u00eddka -\" \/>\n<meta property=\"og:description\" content=\"Detailn\u00ed popis produktu Sanit\u00e1rn\u00ed keramika KUBE X COLOR: masivn\u00ed hranat\u00e1 umyvadla s praktick\u00fdmi&nbsp;odkl\u00e1dac\u00edmi plochami v\u011bt\u0161inu umyvadel lze doplnit o dr\u017e\u00e1ky ru\u010dn\u00edk\u016f, kter\u00e9 lze instalovat i dodate\u010dn\u011b, po mont\u00e1\u017ei umyvadla umyvadla lze dodat i v retifikovan\u00e9 verzi (se zabrou\u0161enou spodn\u00ed plochou) pro pou\u017eit\u00ed na desku, s p\u0159\u00edplatkem dle platn\u00e9ho cen\u00edku&nbsp; S\u00e9rie KUBE X COLOR zahrnuje keramick\u00e1 [&hellip;]\" \/>\n<meta property=\"og:url\" content=\"https:\/\/www.koupeltech.com\/index.php\/produkt\/sapho-kube-x-zavesna-wc-misa-geniusflush-36x50cm-cerna-dual-mat-941226-horka-nabidka-22505\/\" \/>\n<meta property=\"og:image\" content=\"https:\/\/www.koupeltech.com\/wp-content\/uploads\/2026\/SK0021107-CZ20260425-093631-0-1777080994-338354_sapho-kube-x-zavesna-wc-misa--geniusflush--36x50cm--.webp\" \/>\n\t<meta property=\"og:image:width\" content=\"1000\" \/>\n\t<meta property=\"og:image:height\" content=\"750\" \/>\n\t<meta property=\"og:image:type\" content=\"image\/webp\" \/>\n<meta name=\"twitter:card\" content=\"summary_large_image\" \/>\n<meta name=\"twitter:label1\" content=\"Odhadovan\u00e1 doba \u010dten\u00ed\" \/>\n\t<meta name=\"twitter:data1\" content=\"3 minuty\" \/>\n<script type=\"application\/ld+json\" class=\"yoast-schema-graph\">{\"@context\":\"https:\/\/schema.org\",\"@graph\":[{\"@type\":\"WebPage\",\"@id\":\"https:\/\/www.koupeltech.com\/index.php\/produkt\/sapho-kube-x-zavesna-wc-misa-geniusflush-36x50cm-cerna-dual-mat-941226-horka-nabidka-22505\/\",\"url\":\"https:\/\/www.koupeltech.com\/index.php\/produkt\/sapho-kube-x-zavesna-wc-misa-geniusflush-36x50cm-cerna-dual-mat-941226-horka-nabidka-22505\/\",\"name\":\"Sapho KUBE X z\u00e1v\u011bsn\u00e1 WC m\u00edsa, GeniusFlush, 36x50cm, \u010dern\u00e1 dual-mat 941226 Hork\u00e1 Nab\u00eddka -\",\"isPartOf\":{\"@id\":\"https:\/\/www.koupeltech.com\/#website\"},\"primaryImageOfPage\":{\"@id\":\"https:\/\/www.koupeltech.com\/index.php\/produkt\/sapho-kube-x-zavesna-wc-misa-geniusflush-36x50cm-cerna-dual-mat-941226-horka-nabidka-22505\/#primaryimage\"},\"image\":{\"@id\":\"https:\/\/www.koupeltech.com\/index.php\/produkt\/sapho-kube-x-zavesna-wc-misa-geniusflush-36x50cm-cerna-dual-mat-941226-horka-nabidka-22505\/#primaryimage\"},\"thumbnailUrl\":\"https:\/\/www.koupeltech.com\/wp-content\/uploads\/2026\/SK0021107-CZ20260425-093631-0-1777080994-338354_sapho-kube-x-zavesna-wc-misa--geniusflush--36x50cm--.webp\",\"datePublished\":\"2026-04-27T13:59:15+00:00\",\"breadcrumb\":{\"@id\":\"https:\/\/www.koupeltech.com\/index.php\/produkt\/sapho-kube-x-zavesna-wc-misa-geniusflush-36x50cm-cerna-dual-mat-941226-horka-nabidka-22505\/#breadcrumb\"},\"inLanguage\":\"cs\",\"potentialAction\":[{\"@type\":\"ReadAction\",\"target\":[\"https:\/\/www.koupeltech.com\/index.php\/produkt\/sapho-kube-x-zavesna-wc-misa-geniusflush-36x50cm-cerna-dual-mat-941226-horka-nabidka-22505\/\"]}]},{\"@type\":\"ImageObject\",\"inLanguage\":\"cs\",\"@id\":\"https:\/\/www.koupeltech.com\/index.php\/produkt\/sapho-kube-x-zavesna-wc-misa-geniusflush-36x50cm-cerna-dual-mat-941226-horka-nabidka-22505\/#primaryimage\",\"url\":\"https:\/\/www.koupeltech.com\/wp-content\/uploads\/2026\/SK0021107-CZ20260425-093631-0-1777080994-338354_sapho-kube-x-zavesna-wc-misa--geniusflush--36x50cm--.webp\",\"contentUrl\":\"https:\/\/www.koupeltech.com\/wp-content\/uploads\/2026\/SK0021107-CZ20260425-093631-0-1777080994-338354_sapho-kube-x-zavesna-wc-misa--geniusflush--36x50cm--.webp\",\"width\":1000,\"height\":750},{\"@type\":\"BreadcrumbList\",\"@id\":\"https:\/\/www.koupeltech.com\/index.php\/produkt\/sapho-kube-x-zavesna-wc-misa-geniusflush-36x50cm-cerna-dual-mat-941226-horka-nabidka-22505\/#breadcrumb\",\"itemListElement\":[{\"@type\":\"ListItem\",\"position\":1,\"name\":\"Home\",\"item\":\"https:\/\/www.koupeltech.com\/\"},{\"@type\":\"ListItem\",\"position\":2,\"name\":\"Products\",\"item\":\"https:\/\/www.koupeltech.com\/index.php\/products\/\"},{\"@type\":\"ListItem\",\"position\":3,\"name\":\"Sapho KUBE X z\u00e1v\u011bsn\u00e1 WC m\u00edsa, GeniusFlush, 36x50cm, \u010dern\u00e1 dual-mat 941226 Hork\u00e1 Nab\u00eddka\"}]},{\"@type\":\"WebSite\",\"@id\":\"https:\/\/www.koupeltech.com\/#website\",\"url\":\"https:\/\/www.koupeltech.com\/\",\"name\":\"\",\"description\":\"\",\"potentialAction\":[{\"@type\":\"SearchAction\",\"target\":{\"@type\":\"EntryPoint\",\"urlTemplate\":\"https:\/\/www.koupeltech.com\/?s={search_term_string}\"},\"query-input\":{\"@type\":\"PropertyValueSpecification\",\"valueRequired\":true,\"valueName\":\"search_term_string\"}}],\"inLanguage\":\"cs\"}]}<\/script>\n<!-- \/ Yoast SEO plugin. -->","yoast_head_json":{"title":"Sapho KUBE X z\u00e1v\u011bsn\u00e1 WC m\u00edsa, GeniusFlush, 36x50cm, \u010dern\u00e1 dual-mat 941226 Hork\u00e1 Nab\u00eddka -","robots":{"index":"index","follow":"follow","max-snippet":"max-snippet:-1","max-image-preview":"max-image-preview:large","max-video-preview":"max-video-preview:-1"},"canonical":"https:\/\/www.koupeltech.com\/index.php\/produkt\/sapho-kube-x-zavesna-wc-misa-geniusflush-36x50cm-cerna-dual-mat-941226-horka-nabidka-22505\/","og_locale":"cs_CZ","og_type":"article","og_title":"Sapho KUBE X z\u00e1v\u011bsn\u00e1 WC m\u00edsa, GeniusFlush, 36x50cm, \u010dern\u00e1 dual-mat 941226 Hork\u00e1 Nab\u00eddka -","og_description":"Detailn\u00ed popis produktu Sanit\u00e1rn\u00ed keramika KUBE X COLOR: masivn\u00ed hranat\u00e1 umyvadla s praktick\u00fdmi&nbsp;odkl\u00e1dac\u00edmi plochami v\u011bt\u0161inu umyvadel lze doplnit o dr\u017e\u00e1ky ru\u010dn\u00edk\u016f, kter\u00e9 lze instalovat i dodate\u010dn\u011b, po mont\u00e1\u017ei umyvadla umyvadla lze dodat i v retifikovan\u00e9 verzi (se zabrou\u0161enou spodn\u00ed plochou) pro pou\u017eit\u00ed na desku, s p\u0159\u00edplatkem dle platn\u00e9ho cen\u00edku&nbsp; S\u00e9rie KUBE X COLOR zahrnuje keramick\u00e1 [&hellip;]","og_url":"https:\/\/www.koupeltech.com\/index.php\/produkt\/sapho-kube-x-zavesna-wc-misa-geniusflush-36x50cm-cerna-dual-mat-941226-horka-nabidka-22505\/","og_image":[{"width":1000,"height":750,"url":"https:\/\/www.koupeltech.com\/wp-content\/uploads\/2026\/SK0021107-CZ20260425-093631-0-1777080994-338354_sapho-kube-x-zavesna-wc-misa--geniusflush--36x50cm--.webp","type":"image\/webp"}],"twitter_card":"summary_large_image","twitter_misc":{"Odhadovan\u00e1 doba \u010dten\u00ed":"3 minuty"},"schema":{"@context":"https:\/\/schema.org","@graph":[{"@type":"WebPage","@id":"https:\/\/www.koupeltech.com\/index.php\/produkt\/sapho-kube-x-zavesna-wc-misa-geniusflush-36x50cm-cerna-dual-mat-941226-horka-nabidka-22505\/","url":"https:\/\/www.koupeltech.com\/index.php\/produkt\/sapho-kube-x-zavesna-wc-misa-geniusflush-36x50cm-cerna-dual-mat-941226-horka-nabidka-22505\/","name":"Sapho KUBE X z\u00e1v\u011bsn\u00e1 WC m\u00edsa, GeniusFlush, 36x50cm, \u010dern\u00e1 dual-mat 941226 Hork\u00e1 Nab\u00eddka -","isPartOf":{"@id":"https:\/\/www.koupeltech.com\/#website"},"primaryImageOfPage":{"@id":"https:\/\/www.koupeltech.com\/index.php\/produkt\/sapho-kube-x-zavesna-wc-misa-geniusflush-36x50cm-cerna-dual-mat-941226-horka-nabidka-22505\/#primaryimage"},"image":{"@id":"https:\/\/www.koupeltech.com\/index.php\/produkt\/sapho-kube-x-zavesna-wc-misa-geniusflush-36x50cm-cerna-dual-mat-941226-horka-nabidka-22505\/#primaryimage"},"thumbnailUrl":"https:\/\/www.koupeltech.com\/wp-content\/uploads\/2026\/SK0021107-CZ20260425-093631-0-1777080994-338354_sapho-kube-x-zavesna-wc-misa--geniusflush--36x50cm--.webp","datePublished":"2026-04-27T13:59:15+00:00","breadcrumb":{"@id":"https:\/\/www.koupeltech.com\/index.php\/produkt\/sapho-kube-x-zavesna-wc-misa-geniusflush-36x50cm-cerna-dual-mat-941226-horka-nabidka-22505\/#breadcrumb"},"inLanguage":"cs","potentialAction":[{"@type":"ReadAction","target":["https:\/\/www.koupeltech.com\/index.php\/produkt\/sapho-kube-x-zavesna-wc-misa-geniusflush-36x50cm-cerna-dual-mat-941226-horka-nabidka-22505\/"]}]},{"@type":"ImageObject","inLanguage":"cs","@id":"https:\/\/www.koupeltech.com\/index.php\/produkt\/sapho-kube-x-zavesna-wc-misa-geniusflush-36x50cm-cerna-dual-mat-941226-horka-nabidka-22505\/#primaryimage","url":"https:\/\/www.koupeltech.com\/wp-content\/uploads\/2026\/SK0021107-CZ20260425-093631-0-1777080994-338354_sapho-kube-x-zavesna-wc-misa--geniusflush--36x50cm--.webp","contentUrl":"https:\/\/www.koupeltech.com\/wp-content\/uploads\/2026\/SK0021107-CZ20260425-093631-0-1777080994-338354_sapho-kube-x-zavesna-wc-misa--geniusflush--36x50cm--.webp","width":1000,"height":750},{"@type":"BreadcrumbList","@id":"https:\/\/www.koupeltech.com\/index.php\/produkt\/sapho-kube-x-zavesna-wc-misa-geniusflush-36x50cm-cerna-dual-mat-941226-horka-nabidka-22505\/#breadcrumb","itemListElement":[{"@type":"ListItem","position":1,"name":"Home","item":"https:\/\/www.koupeltech.com\/"},{"@type":"ListItem","position":2,"name":"Products","item":"https:\/\/www.koupeltech.com\/index.php\/products\/"},{"@type":"ListItem","position":3,"name":"Sapho KUBE X z\u00e1v\u011bsn\u00e1 WC m\u00edsa, GeniusFlush, 36x50cm, \u010dern\u00e1 dual-mat 941226 Hork\u00e1 Nab\u00eddka"}]},{"@type":"WebSite","@id":"https:\/\/www.koupeltech.com\/#website","url":"https:\/\/www.koupeltech.com\/","name":"","description":"","potentialAction":[{"@type":"SearchAction","target":{"@type":"EntryPoint","urlTemplate":"https:\/\/www.koupeltech.com\/?s={search_term_string}"},"query-input":{"@type":"PropertyValueSpecification","valueRequired":true,"valueName":"search_term_string"}}],"inLanguage":"cs"}]}},"_links":{"self":[{"href":"https:\/\/www.koupeltech.com\/index.php\/wp-json\/wp\/v2\/product\/22505","targetHints":{"allow":["GET"]}}],"collection":[{"href":"https:\/\/www.koupeltech.com\/index.php\/wp-json\/wp\/v2\/product"}],"about":[{"href":"https:\/\/www.koupeltech.com\/index.php\/wp-json\/wp\/v2\/types\/product"}],"replies":[{"embeddable":true,"href":"https:\/\/www.koupeltech.com\/index.php\/wp-json\/wp\/v2\/comments?post=22505"}],"wp:featuredmedia":[{"embeddable":true,"href":"https:\/\/www.koupeltech.com\/index.php\/wp-json\/wp\/v2\/media\/22605"}],"wp:attachment":[{"href":"https:\/\/www.koupeltech.com\/index.php\/wp-json\/wp\/v2\/media?parent=22505"}],"wp:term":[{"taxonomy":"product_brand","embeddable":true,"href":"https:\/\/www.koupeltech.com\/index.php\/wp-json\/wp\/v2\/product_brand?post=22505"},{"taxonomy":"product_cat","embeddable":true,"href":"https:\/\/www.koupeltech.com\/index.php\/wp-json\/wp\/v2\/product_cat?post=22505"},{"taxonomy":"product_tag","embeddable":true,"href":"https:\/\/www.koupeltech.com\/index.php\/wp-json\/wp\/v2\/product_tag?post=22505"}],"curies":[{"name":"wp","href":"https:\/\/api.w.org\/{rel}","templated":true}]}}