{"id":22516,"date":"2026-04-27T13:59:15","date_gmt":"2026-04-27T13:59:15","guid":{"rendered":""},"modified":"2026-04-27T13:59:15","modified_gmt":"2026-04-27T13:59:15","slug":"specialni-cena-santech-vypust-alca-click-clack-80-cm-chrom-vypsac80-22516","status":"publish","type":"product","link":"https:\/\/www.koupeltech.com\/index.php\/produkt\/specialni-cena-santech-vypust-alca-click-clack-80-cm-chrom-vypsac80-22516\/","title":{"rendered":"Speci\u00e1ln\u00ed Cena Santech V\u00ddPUS\u0164 ALCA CLICK-CLACK 80 cm CHROM VYPSAC80"},"content":{"rendered":"<div class=\"basic-description\">\n<h3>Detailn\u00ed popis produktu<\/h3>\n<p><meta charset=\"utf-8\" \/><\/p>\n<h2><span>Mechanick\u00e1 v\u00fdpus\u0165 CLICK-CLACK je vhodn\u00e1 pro v\u0161echny vany standardn\u00edch rozm\u011br\u016f v\u010detn\u011b van s \u00fazk\u00fdm horn\u00edm okrajem.<\/span><\/h2>\n<p><span><meta charset=\"utf-8\" \/><\/span><\/p>\n<ul>\n<li>Proveden\u00ed: chrom\n<\/li>\n<li>D\u00e9lka: 800 mm &#8211; d\u00e9lku lze zkr\u00e1tit\n<\/li>\n<li>K\u00f3d zbo\u017e\u00ed: VYPSAC80\n<\/li>\n<li>Instala\u010dn\u00ed \u0161\u00ed\u0159ka p\u0159epadu na boku vany 40 mm\n<\/li>\n<li>Uzav\u00edr\u00e1n\u00ed odpadu pomoc\u00ed&nbsp;syst\u00e9mu CLICK-CLACK\n<\/li>\n<li>Snadn\u00e9 \u010di\u0161t\u011bn\u00ed sifonu shora\n<\/li>\n<li>Pochromovan\u00fd kovov\u00fd kryt p\u0159epadu\n<\/li>\n<li>Pochromovan\u00e1 kovov\u00e1 z\u00e1tka\n<\/li>\n<li>Nerezov\u00e1 m\u0159\u00ed\u017eka v\u00fdpusti\n<\/li>\n<li>Standardn\u00ed z\u00e1pachov\u00e1 uz\u00e1v\u011bra pr. 50 mm\n<\/li>\n<li>Mont\u00e1\u017en\u00ed set<\/li>\n<\/ul><\/div>\n","protected":false},"excerpt":{"rendered":"<p>Detailn\u00ed popis produktu Mechanick\u00e1 v\u00fdpus\u0165 CLICK-CLACK je vhodn\u00e1 pro v\u0161echny vany standardn\u00edch rozm\u011br\u016f v\u010detn\u011b van s \u00fazk\u00fdm horn\u00edm okrajem. Proveden\u00ed: chrom D\u00e9lka: 800 mm &#8211; d\u00e9lku lze zkr\u00e1tit K\u00f3d zbo\u017e\u00ed: VYPSAC80 Instala\u010dn\u00ed \u0161\u00ed\u0159ka p\u0159epadu na boku vany 40 mm Uzav\u00edr\u00e1n\u00ed odpadu pomoc\u00ed&nbsp;syst\u00e9mu CLICK-CLACK Snadn\u00e9 \u010di\u0161t\u011bn\u00ed sifonu shora Pochromovan\u00fd kovov\u00fd kryt p\u0159epadu Pochromovan\u00e1 kovov\u00e1 z\u00e1tka Nerezov\u00e1 [&hellip;]<\/p>\n","protected":false},"featured_media":22616,"comment_status":"open","ping_status":"open","template":"","meta":[],"product_brand":[],"product_cat":[88],"product_tag":[],"class_list":{"0":"post-22516","1":"product","2":"type-product","3":"status-publish","4":"has-post-thumbnail","6":"product_cat-vany","8":"first","9":"instock","10":"sale","11":"shipping-taxable","12":"purchasable","13":"product-type-simple"},"yoast_head":"<!-- This site is optimized with the Yoast SEO plugin v26.8 - https:\/\/yoast.com\/product\/yoast-seo-wordpress\/ -->\n<title>Speci\u00e1ln\u00ed Cena Santech V\u00ddPUS\u0164 ALCA CLICK-CLACK 80 cm CHROM VYPSAC80 -<\/title>\n<meta name=\"robots\" content=\"index, follow, max-snippet:-1, max-image-preview:large, max-video-preview:-1\" \/>\n<link rel=\"canonical\" href=\"https:\/\/www.koupeltech.com\/index.php\/produkt\/specialni-cena-santech-vypust-alca-click-clack-80-cm-chrom-vypsac80-22516\/\" \/>\n<meta property=\"og:locale\" content=\"cs_CZ\" \/>\n<meta property=\"og:type\" content=\"article\" \/>\n<meta property=\"og:title\" content=\"Speci\u00e1ln\u00ed Cena Santech V\u00ddPUS\u0164 ALCA CLICK-CLACK 80 cm CHROM VYPSAC80 -\" \/>\n<meta property=\"og:description\" content=\"Detailn\u00ed popis produktu Mechanick\u00e1 v\u00fdpus\u0165 CLICK-CLACK je vhodn\u00e1 pro v\u0161echny vany standardn\u00edch rozm\u011br\u016f v\u010detn\u011b van s \u00fazk\u00fdm horn\u00edm okrajem. Proveden\u00ed: chrom D\u00e9lka: 800 mm &#8211; d\u00e9lku lze zkr\u00e1tit K\u00f3d zbo\u017e\u00ed: VYPSAC80 Instala\u010dn\u00ed \u0161\u00ed\u0159ka p\u0159epadu na boku vany 40 mm Uzav\u00edr\u00e1n\u00ed odpadu pomoc\u00ed&nbsp;syst\u00e9mu CLICK-CLACK Snadn\u00e9 \u010di\u0161t\u011bn\u00ed sifonu shora Pochromovan\u00fd kovov\u00fd kryt p\u0159epadu Pochromovan\u00e1 kovov\u00e1 z\u00e1tka Nerezov\u00e1 [&hellip;]\" \/>\n<meta property=\"og:url\" content=\"https:\/\/www.koupeltech.com\/index.php\/produkt\/specialni-cena-santech-vypust-alca-click-clack-80-cm-chrom-vypsac80-22516\/\" \/>\n<meta property=\"og:image\" content=\"https:\/\/www.koupeltech.com\/wp-content\/uploads\/2026\/SK0021118-CZ20260425-093631-0-1777080994-338390_vypust-alca-click-1647348243.webp\" \/>\n\t<meta property=\"og:image:width\" content=\"1000\" \/>\n\t<meta property=\"og:image:height\" content=\"750\" \/>\n\t<meta property=\"og:image:type\" content=\"image\/webp\" \/>\n<meta name=\"twitter:card\" content=\"summary_large_image\" \/>\n<script type=\"application\/ld+json\" class=\"yoast-schema-graph\">{\"@context\":\"https:\/\/schema.org\",\"@graph\":[{\"@type\":\"WebPage\",\"@id\":\"https:\/\/www.koupeltech.com\/index.php\/produkt\/specialni-cena-santech-vypust-alca-click-clack-80-cm-chrom-vypsac80-22516\/\",\"url\":\"https:\/\/www.koupeltech.com\/index.php\/produkt\/specialni-cena-santech-vypust-alca-click-clack-80-cm-chrom-vypsac80-22516\/\",\"name\":\"Speci\u00e1ln\u00ed Cena Santech V\u00ddPUS\u0164 ALCA CLICK-CLACK 80 cm CHROM VYPSAC80 -\",\"isPartOf\":{\"@id\":\"https:\/\/www.koupeltech.com\/#website\"},\"primaryImageOfPage\":{\"@id\":\"https:\/\/www.koupeltech.com\/index.php\/produkt\/specialni-cena-santech-vypust-alca-click-clack-80-cm-chrom-vypsac80-22516\/#primaryimage\"},\"image\":{\"@id\":\"https:\/\/www.koupeltech.com\/index.php\/produkt\/specialni-cena-santech-vypust-alca-click-clack-80-cm-chrom-vypsac80-22516\/#primaryimage\"},\"thumbnailUrl\":\"https:\/\/www.koupeltech.com\/wp-content\/uploads\/2026\/SK0021118-CZ20260425-093631-0-1777080994-338390_vypust-alca-click-1647348243.webp\",\"datePublished\":\"2026-04-27T13:59:15+00:00\",\"breadcrumb\":{\"@id\":\"https:\/\/www.koupeltech.com\/index.php\/produkt\/specialni-cena-santech-vypust-alca-click-clack-80-cm-chrom-vypsac80-22516\/#breadcrumb\"},\"inLanguage\":\"cs\",\"potentialAction\":[{\"@type\":\"ReadAction\",\"target\":[\"https:\/\/www.koupeltech.com\/index.php\/produkt\/specialni-cena-santech-vypust-alca-click-clack-80-cm-chrom-vypsac80-22516\/\"]}]},{\"@type\":\"ImageObject\",\"inLanguage\":\"cs\",\"@id\":\"https:\/\/www.koupeltech.com\/index.php\/produkt\/specialni-cena-santech-vypust-alca-click-clack-80-cm-chrom-vypsac80-22516\/#primaryimage\",\"url\":\"https:\/\/www.koupeltech.com\/wp-content\/uploads\/2026\/SK0021118-CZ20260425-093631-0-1777080994-338390_vypust-alca-click-1647348243.webp\",\"contentUrl\":\"https:\/\/www.koupeltech.com\/wp-content\/uploads\/2026\/SK0021118-CZ20260425-093631-0-1777080994-338390_vypust-alca-click-1647348243.webp\",\"width\":1000,\"height\":750},{\"@type\":\"BreadcrumbList\",\"@id\":\"https:\/\/www.koupeltech.com\/index.php\/produkt\/specialni-cena-santech-vypust-alca-click-clack-80-cm-chrom-vypsac80-22516\/#breadcrumb\",\"itemListElement\":[{\"@type\":\"ListItem\",\"position\":1,\"name\":\"Home\",\"item\":\"https:\/\/www.koupeltech.com\/\"},{\"@type\":\"ListItem\",\"position\":2,\"name\":\"Products\",\"item\":\"https:\/\/www.koupeltech.com\/index.php\/products\/\"},{\"@type\":\"ListItem\",\"position\":3,\"name\":\"Speci\u00e1ln\u00ed Cena Santech V\u00ddPUS\u0164 ALCA CLICK-CLACK 80 cm CHROM VYPSAC80\"}]},{\"@type\":\"WebSite\",\"@id\":\"https:\/\/www.koupeltech.com\/#website\",\"url\":\"https:\/\/www.koupeltech.com\/\",\"name\":\"\",\"description\":\"\",\"potentialAction\":[{\"@type\":\"SearchAction\",\"target\":{\"@type\":\"EntryPoint\",\"urlTemplate\":\"https:\/\/www.koupeltech.com\/?s={search_term_string}\"},\"query-input\":{\"@type\":\"PropertyValueSpecification\",\"valueRequired\":true,\"valueName\":\"search_term_string\"}}],\"inLanguage\":\"cs\"}]}<\/script>\n<!-- \/ Yoast SEO plugin. -->","yoast_head_json":{"title":"Speci\u00e1ln\u00ed Cena Santech V\u00ddPUS\u0164 ALCA CLICK-CLACK 80 cm CHROM VYPSAC80 -","robots":{"index":"index","follow":"follow","max-snippet":"max-snippet:-1","max-image-preview":"max-image-preview:large","max-video-preview":"max-video-preview:-1"},"canonical":"https:\/\/www.koupeltech.com\/index.php\/produkt\/specialni-cena-santech-vypust-alca-click-clack-80-cm-chrom-vypsac80-22516\/","og_locale":"cs_CZ","og_type":"article","og_title":"Speci\u00e1ln\u00ed Cena Santech V\u00ddPUS\u0164 ALCA CLICK-CLACK 80 cm CHROM VYPSAC80 -","og_description":"Detailn\u00ed popis produktu Mechanick\u00e1 v\u00fdpus\u0165 CLICK-CLACK je vhodn\u00e1 pro v\u0161echny vany standardn\u00edch rozm\u011br\u016f v\u010detn\u011b van s \u00fazk\u00fdm horn\u00edm okrajem. Proveden\u00ed: chrom D\u00e9lka: 800 mm &#8211; d\u00e9lku lze zkr\u00e1tit K\u00f3d zbo\u017e\u00ed: VYPSAC80 Instala\u010dn\u00ed \u0161\u00ed\u0159ka p\u0159epadu na boku vany 40 mm Uzav\u00edr\u00e1n\u00ed odpadu pomoc\u00ed&nbsp;syst\u00e9mu CLICK-CLACK Snadn\u00e9 \u010di\u0161t\u011bn\u00ed sifonu shora Pochromovan\u00fd kovov\u00fd kryt p\u0159epadu Pochromovan\u00e1 kovov\u00e1 z\u00e1tka Nerezov\u00e1 [&hellip;]","og_url":"https:\/\/www.koupeltech.com\/index.php\/produkt\/specialni-cena-santech-vypust-alca-click-clack-80-cm-chrom-vypsac80-22516\/","og_image":[{"width":1000,"height":750,"url":"https:\/\/www.koupeltech.com\/wp-content\/uploads\/2026\/SK0021118-CZ20260425-093631-0-1777080994-338390_vypust-alca-click-1647348243.webp","type":"image\/webp"}],"twitter_card":"summary_large_image","schema":{"@context":"https:\/\/schema.org","@graph":[{"@type":"WebPage","@id":"https:\/\/www.koupeltech.com\/index.php\/produkt\/specialni-cena-santech-vypust-alca-click-clack-80-cm-chrom-vypsac80-22516\/","url":"https:\/\/www.koupeltech.com\/index.php\/produkt\/specialni-cena-santech-vypust-alca-click-clack-80-cm-chrom-vypsac80-22516\/","name":"Speci\u00e1ln\u00ed Cena Santech V\u00ddPUS\u0164 ALCA CLICK-CLACK 80 cm CHROM VYPSAC80 -","isPartOf":{"@id":"https:\/\/www.koupeltech.com\/#website"},"primaryImageOfPage":{"@id":"https:\/\/www.koupeltech.com\/index.php\/produkt\/specialni-cena-santech-vypust-alca-click-clack-80-cm-chrom-vypsac80-22516\/#primaryimage"},"image":{"@id":"https:\/\/www.koupeltech.com\/index.php\/produkt\/specialni-cena-santech-vypust-alca-click-clack-80-cm-chrom-vypsac80-22516\/#primaryimage"},"thumbnailUrl":"https:\/\/www.koupeltech.com\/wp-content\/uploads\/2026\/SK0021118-CZ20260425-093631-0-1777080994-338390_vypust-alca-click-1647348243.webp","datePublished":"2026-04-27T13:59:15+00:00","breadcrumb":{"@id":"https:\/\/www.koupeltech.com\/index.php\/produkt\/specialni-cena-santech-vypust-alca-click-clack-80-cm-chrom-vypsac80-22516\/#breadcrumb"},"inLanguage":"cs","potentialAction":[{"@type":"ReadAction","target":["https:\/\/www.koupeltech.com\/index.php\/produkt\/specialni-cena-santech-vypust-alca-click-clack-80-cm-chrom-vypsac80-22516\/"]}]},{"@type":"ImageObject","inLanguage":"cs","@id":"https:\/\/www.koupeltech.com\/index.php\/produkt\/specialni-cena-santech-vypust-alca-click-clack-80-cm-chrom-vypsac80-22516\/#primaryimage","url":"https:\/\/www.koupeltech.com\/wp-content\/uploads\/2026\/SK0021118-CZ20260425-093631-0-1777080994-338390_vypust-alca-click-1647348243.webp","contentUrl":"https:\/\/www.koupeltech.com\/wp-content\/uploads\/2026\/SK0021118-CZ20260425-093631-0-1777080994-338390_vypust-alca-click-1647348243.webp","width":1000,"height":750},{"@type":"BreadcrumbList","@id":"https:\/\/www.koupeltech.com\/index.php\/produkt\/specialni-cena-santech-vypust-alca-click-clack-80-cm-chrom-vypsac80-22516\/#breadcrumb","itemListElement":[{"@type":"ListItem","position":1,"name":"Home","item":"https:\/\/www.koupeltech.com\/"},{"@type":"ListItem","position":2,"name":"Products","item":"https:\/\/www.koupeltech.com\/index.php\/products\/"},{"@type":"ListItem","position":3,"name":"Speci\u00e1ln\u00ed Cena Santech V\u00ddPUS\u0164 ALCA CLICK-CLACK 80 cm CHROM VYPSAC80"}]},{"@type":"WebSite","@id":"https:\/\/www.koupeltech.com\/#website","url":"https:\/\/www.koupeltech.com\/","name":"","description":"","potentialAction":[{"@type":"SearchAction","target":{"@type":"EntryPoint","urlTemplate":"https:\/\/www.koupeltech.com\/?s={search_term_string}"},"query-input":{"@type":"PropertyValueSpecification","valueRequired":true,"valueName":"search_term_string"}}],"inLanguage":"cs"}]}},"_links":{"self":[{"href":"https:\/\/www.koupeltech.com\/index.php\/wp-json\/wp\/v2\/product\/22516","targetHints":{"allow":["GET"]}}],"collection":[{"href":"https:\/\/www.koupeltech.com\/index.php\/wp-json\/wp\/v2\/product"}],"about":[{"href":"https:\/\/www.koupeltech.com\/index.php\/wp-json\/wp\/v2\/types\/product"}],"replies":[{"embeddable":true,"href":"https:\/\/www.koupeltech.com\/index.php\/wp-json\/wp\/v2\/comments?post=22516"}],"wp:featuredmedia":[{"embeddable":true,"href":"https:\/\/www.koupeltech.com\/index.php\/wp-json\/wp\/v2\/media\/22616"}],"wp:attachment":[{"href":"https:\/\/www.koupeltech.com\/index.php\/wp-json\/wp\/v2\/media?parent=22516"}],"wp:term":[{"taxonomy":"product_brand","embeddable":true,"href":"https:\/\/www.koupeltech.com\/index.php\/wp-json\/wp\/v2\/product_brand?post=22516"},{"taxonomy":"product_cat","embeddable":true,"href":"https:\/\/www.koupeltech.com\/index.php\/wp-json\/wp\/v2\/product_cat?post=22516"},{"taxonomy":"product_tag","embeddable":true,"href":"https:\/\/www.koupeltech.com\/index.php\/wp-json\/wp\/v2\/product_tag?post=22516"}],"curies":[{"name":"wp","href":"https:\/\/api.w.org\/{rel}","templated":true}]}}