{"id":22518,"date":"2026-04-27T13:59:15","date_gmt":"2026-04-27T13:59:15","guid":{"rendered":""},"modified":"2026-04-27T13:59:15","modified_gmt":"2026-04-27T13:59:15","slug":"santech-gemini-xl-obdelnikova-vana-170x80-cm-sagemxl170-span-class-product-appendix-darek-nohy-k-vane-santech-zdarma-span-vyprodej-22518","status":"publish","type":"product","link":"https:\/\/www.koupeltech.com\/index.php\/produkt\/santech-gemini-xl-obdelnikova-vana-170x80-cm-sagemxl170-span-class-product-appendix-darek-nohy-k-vane-santech-zdarma-span-vyprodej-22518\/","title":{"rendered":"Santech Gemini XL obd\u00e9ln\u00edkov\u00e1 vana 170&#215;80 cm SAGEMXL170 <span class=\"product-appendix\"> + d\u00e1rek nohy k van\u011b Santech ZDARMA<\/span> V\u00fdprodej"},"content":{"rendered":"<div class=\"basic-description\">\n<h3>Detailn\u00ed popis produktu<\/h3>\n<h2>Santech Gemini XL vana obd\u00e9ln\u00edkov\u00e1 170 x 80 cm<\/h2>\n<p><meta charset=\"utf-8\" \/><span>Novinka z d\u00edlny Santech <strong>GEMINI XL<\/strong> se m\u016f\u017ee pochlubit p\u0159\u00edjemn\u00fdm a pohodln\u00fdm le\u017een\u00edm d\u00edky optim\u00e1ln\u00edmu sklonu z\u00e1dov\u00e9 \u010d\u00e1sti vany. Velkorys\u00fd vnit\u0159n\u00ed prostor s nadstandardn\u00ed \u0161\u00ed\u0159kou dna 54 cm bude vyhovovat i osob\u00e1m pln\u011bj\u0161\u00edch tvar\u016f. \u0160irok\u00fd okraj nab\u00edz\u00ed komfortn\u00ed odkl\u00e1dac\u00ed plochu. Z\u00e1rove\u0148 je ide\u00e1ln\u00edm m\u00edstem pro instalaci vanov\u00e9 baterie.<\/span><\/p>\n<p><span><\/span><strong><\/strong><\/p>\n<p><span><meta charset=\"utf-8\" \/><\/span><\/p>\n<p><meta charset=\"utf-8\" \/><\/p>\n<p>Kryc\u00ed panel pro akryl\u00e1tov\u00e9 vany nab\u00edz\u00ed mont\u00e1\u017en\u00ed variabilitu, kter\u00e1 umo\u017e\u0148uje tyto vany montovat nez\u00e1visle na pr\u00e1ci obklada\u010d\u016f, tzn. akryl\u00e1tov\u00e9 vany nemus\u00edte v\u017edy obezd\u00edvat, zazd\u00edvat a obkl\u00e1dat. Sta\u010d\u00ed jen pou\u017e\u00edt p\u0159\u00edslu\u0161n\u00e9 akryl\u00e1tov\u00e9 panely a mont\u00e1\u017en\u00ed li\u0161ty.&nbsp;<\/p>\n<p>Pokud zvol\u00edte variantu vany a kryc\u00edho panelu, je<span>&nbsp;<\/span><strong>nutn\u00e9 objednat i samonosnou kovovou konstrukci<\/strong><span>&nbsp;<\/span>k van\u011b. Ta se dod\u00e1v\u00e1 ji\u017e ve smontovan\u00e9m stavu s vanou a zabezpe\u010duje vysokou stabilitu vany a z\u00e1rove\u0148 slou\u017e\u00ed k p\u0159ichycen\u00ed kryc\u00edho panelu.<\/p>\n<p>Mont\u00e1\u017e kryc\u00edho panelu na vanu a jeho p\u0159\u00edpadn\u00e9 odejmut\u00ed je pak velmi snadn\u00e9. Snadno se upev\u0148uje i demontuje v p\u0159\u00edpad\u011b, \u017ee pot\u0159ebujete p\u0159\u00edstup do prostoru pod vanou.<\/p>\n<p><meta charset=\"utf-8\" \/><\/p>\n<p>&nbsp;<\/p>\n<h3 style=\"font-family: Arial, Helveca;\"><strong>Pro\u010d jsou vany SANTECH jedny z nejkvalitn\u011bj\u0161\u00edch van na trhu?<\/strong><\/h3>\n<p style=\"font-family: Arial, Helveca;\">V\u00fdchoz\u00edm materi\u00e1lem pro vany Santech je vysoce kvalitn\u00ed lit\u00fd akryl\u00e1t od p\u0159edn\u00edch evropsk\u00fdch firem jako je ALTUGLAS nebo LUCITE. Je jedn\u00edm z nejtvrd\u0161\u00edch termoplast\u016f na sv\u011btov\u00e9m trhu.<\/p>\n<h4 style=\"font-family: Arial, Helveca;\">Lit\u00fd akryl\u00e1t PMMA se vyzna\u010duje vynikaj\u00edc\u00edmi vlastnostmi:<\/h4>\n<ul style=\"font-family: Arial, Helveca;\">\n<li>vany jsou odoln\u00e9 proti povrchov\u00e9mu po\u0161kr\u00e1b\u00e1n\u00ed<\/li>\n<li>v\u00fdborn\u011b odol\u00e1vaj\u00ed b\u011b\u017en\u00fdm dom\u00e1c\u00edm chemik\u00e1li\u00edm<\/li>\n<li>ve van\u00e1ch m\u016f\u017eete pou\u017e\u00edvat ve\u0161ker\u00e9 dostupn\u00e9 osobn\u00ed hygienick\u00e9 prost\u0159edky<\/li>\n<li>vyzna\u010duj\u00ed se barevnou st\u00e1lost\u00ed po celou dobu \u017eivotnosti<\/li>\n<li>povrch van je hladk\u00fd a nepor\u00e9zn\u00ed, na povrchu van se neusazuj\u00ed ne\u010distoty<\/li>\n<li>m\u00e1 vynikaj\u00edc\u00ed izola\u010dn\u00ed vlastnosti<\/li>\n<li>povrch van je natolik tvrd\u00fd, \u017ee v p\u0159\u00edpad\u011b po\u0161kozen\u00ed povrchu m\u016f\u017eete vanu brousit a le\u0161tit do p\u016fvodn\u00ed podoby<\/li>\n<li>antibakteri\u00e1ln\u00ed \u00faprava povrchu je standardn\u011b prov\u00e1d\u011bna u v\u0161ech typ\u016f van<\/li>\n<li>\u017eivotnost t\u011bchto termoplast\u016f je minim\u00e1ln\u011b 20 let<\/li>\n<\/ul>\n<h3 style=\"font-family: Arial, Helveca;\"><strong>Spole\u010dnost Santech si stoj\u00ed za 100% kvalitou sv\u00fdch van<\/strong><\/h3>\n<ul style=\"font-family: Arial, Helveca;\">\n<li>koupelnov\u00e1 vana je v dom\u011b sou\u010d\u00e1st\u00ed stavby, proto mus\u00ed vydr\u017eet co nejd\u00e9le<\/li>\n<li>vany z d\u00edlny Santech poskytuj\u00ed naprostou jistotu dlouh\u00e9 \u017eivotnosti, kter\u00e1 je podtr\u017eena nadstandardn\u00ed z\u00e1rukou, a to 10 let<\/li>\n<\/ul>\n<p><meta charset=\"utf-8\" \/><\/p>\n<h3>SANTECH technologie<\/h3>\n<p>Pro v\u00fdrobu akryl\u00e1tov\u00fdch van pou\u017e\u00edv\u00e1me pouze \u0161pi\u010dkov\u00e9 materi\u00e1ly (lit\u00e9 akryl\u00e1tov\u00e9 desky) od renomovan\u00fdch zna\u010dek LUCITE a ALTUGLAS. U mas\u00e1\u017en\u00edch syst\u00e9m\u016f se orientujeme na osv\u011bd\u010den\u00e9 zna\u010dkov\u00e9 komponenty sv\u011btov\u00e9ho v\u00fdrobce KOLLER.<\/p>\n<p><strong>Z\u00e1ruka kvality \u0159\u00edzen\u00ed jakosti je dokladov\u00e1na ISO 9001:2000, ve\u0161ker\u00e1 v\u00fdroba prob\u00edh\u00e1 s maxim\u00e1ln\u00ed ohleduplnost\u00ed<br \/>k \u017eivotn\u00edmu prost\u0159ed\u00ed.<\/strong><\/p>\n<p> V\u00edce o v\u00fdrobku na st\u00e1nk\u00e1ch&nbsp;<u>v\u00fdrobce<\/u><\/p>\n<\/p><\/div>\n","protected":false},"excerpt":{"rendered":"<p>Detailn\u00ed popis produktu Santech Gemini XL vana obd\u00e9ln\u00edkov\u00e1 170 x 80 cm Novinka z d\u00edlny Santech GEMINI XL se m\u016f\u017ee pochlubit p\u0159\u00edjemn\u00fdm a pohodln\u00fdm le\u017een\u00edm d\u00edky optim\u00e1ln\u00edmu sklonu z\u00e1dov\u00e9 \u010d\u00e1sti vany. Velkorys\u00fd vnit\u0159n\u00ed prostor s nadstandardn\u00ed \u0161\u00ed\u0159kou dna 54 cm bude vyhovovat i osob\u00e1m pln\u011bj\u0161\u00edch tvar\u016f. \u0160irok\u00fd okraj nab\u00edz\u00ed komfortn\u00ed odkl\u00e1dac\u00ed plochu. Z\u00e1rove\u0148 je ide\u00e1ln\u00edm [&hellip;]<\/p>\n","protected":false},"featured_media":22618,"comment_status":"open","ping_status":"open","template":"","meta":[],"product_brand":[],"product_cat":[88],"product_tag":[],"class_list":{"0":"post-22518","1":"product","2":"type-product","3":"status-publish","4":"has-post-thumbnail","6":"product_cat-vany","8":"first","9":"instock","10":"sale","11":"shipping-taxable","12":"purchasable","13":"product-type-simple"},"yoast_head":"<!-- This site is optimized with the Yoast SEO plugin v26.8 - https:\/\/yoast.com\/product\/yoast-seo-wordpress\/ -->\n<title>Santech Gemini XL obd\u00e9ln\u00edkov\u00e1 vana 170x80 cm SAGEMXL170  + d\u00e1rek nohy k van\u011b Santech ZDARMA V\u00fdprodej -<\/title>\n<meta name=\"robots\" content=\"index, follow, max-snippet:-1, max-image-preview:large, max-video-preview:-1\" \/>\n<link rel=\"canonical\" href=\"https:\/\/www.koupeltech.com\/index.php\/produkt\/santech-gemini-xl-obdelnikova-vana-170x80-cm-sagemxl170-span-class-product-appendix-darek-nohy-k-vane-santech-zdarma-span-vyprodej-22518\/\" \/>\n<meta property=\"og:locale\" content=\"cs_CZ\" \/>\n<meta property=\"og:type\" content=\"article\" \/>\n<meta property=\"og:title\" content=\"Santech Gemini XL obd\u00e9ln\u00edkov\u00e1 vana 170x80 cm SAGEMXL170  + d\u00e1rek nohy k van\u011b Santech ZDARMA V\u00fdprodej -\" \/>\n<meta property=\"og:description\" content=\"Detailn\u00ed popis produktu Santech Gemini XL vana obd\u00e9ln\u00edkov\u00e1 170 x 80 cm Novinka z d\u00edlny Santech GEMINI XL se m\u016f\u017ee pochlubit p\u0159\u00edjemn\u00fdm a pohodln\u00fdm le\u017een\u00edm d\u00edky optim\u00e1ln\u00edmu sklonu z\u00e1dov\u00e9 \u010d\u00e1sti vany. Velkorys\u00fd vnit\u0159n\u00ed prostor s nadstandardn\u00ed \u0161\u00ed\u0159kou dna 54 cm bude vyhovovat i osob\u00e1m pln\u011bj\u0161\u00edch tvar\u016f. \u0160irok\u00fd okraj nab\u00edz\u00ed komfortn\u00ed odkl\u00e1dac\u00ed plochu. Z\u00e1rove\u0148 je ide\u00e1ln\u00edm [&hellip;]\" \/>\n<meta property=\"og:url\" content=\"https:\/\/www.koupeltech.com\/index.php\/produkt\/santech-gemini-xl-obdelnikova-vana-170x80-cm-sagemxl170-span-class-product-appendix-darek-nohy-k-vane-santech-zdarma-span-vyprodej-22518\/\" \/>\n<meta property=\"og:image\" content=\"https:\/\/www.koupeltech.com\/wp-content\/uploads\/2026\/SK0021120-CZ20260425-093631-0-1777080994-338396_santech-gemini-xl.webp\" \/>\n\t<meta property=\"og:image:width\" content=\"1000\" \/>\n\t<meta property=\"og:image:height\" content=\"750\" \/>\n\t<meta property=\"og:image:type\" content=\"image\/webp\" \/>\n<meta name=\"twitter:card\" content=\"summary_large_image\" \/>\n<meta name=\"twitter:label1\" content=\"Odhadovan\u00e1 doba \u010dten\u00ed\" \/>\n\t<meta name=\"twitter:data1\" content=\"3 minuty\" \/>\n<script type=\"application\/ld+json\" class=\"yoast-schema-graph\">{\"@context\":\"https:\/\/schema.org\",\"@graph\":[{\"@type\":\"WebPage\",\"@id\":\"https:\/\/www.koupeltech.com\/index.php\/produkt\/santech-gemini-xl-obdelnikova-vana-170x80-cm-sagemxl170-span-class-product-appendix-darek-nohy-k-vane-santech-zdarma-span-vyprodej-22518\/\",\"url\":\"https:\/\/www.koupeltech.com\/index.php\/produkt\/santech-gemini-xl-obdelnikova-vana-170x80-cm-sagemxl170-span-class-product-appendix-darek-nohy-k-vane-santech-zdarma-span-vyprodej-22518\/\",\"name\":\"Santech Gemini XL obd\u00e9ln\u00edkov\u00e1 vana 170x80 cm SAGEMXL170 + d\u00e1rek nohy k van\u011b Santech ZDARMA V\u00fdprodej -\",\"isPartOf\":{\"@id\":\"https:\/\/www.koupeltech.com\/#website\"},\"primaryImageOfPage\":{\"@id\":\"https:\/\/www.koupeltech.com\/index.php\/produkt\/santech-gemini-xl-obdelnikova-vana-170x80-cm-sagemxl170-span-class-product-appendix-darek-nohy-k-vane-santech-zdarma-span-vyprodej-22518\/#primaryimage\"},\"image\":{\"@id\":\"https:\/\/www.koupeltech.com\/index.php\/produkt\/santech-gemini-xl-obdelnikova-vana-170x80-cm-sagemxl170-span-class-product-appendix-darek-nohy-k-vane-santech-zdarma-span-vyprodej-22518\/#primaryimage\"},\"thumbnailUrl\":\"https:\/\/www.koupeltech.com\/wp-content\/uploads\/2026\/SK0021120-CZ20260425-093631-0-1777080994-338396_santech-gemini-xl.webp\",\"datePublished\":\"2026-04-27T13:59:15+00:00\",\"breadcrumb\":{\"@id\":\"https:\/\/www.koupeltech.com\/index.php\/produkt\/santech-gemini-xl-obdelnikova-vana-170x80-cm-sagemxl170-span-class-product-appendix-darek-nohy-k-vane-santech-zdarma-span-vyprodej-22518\/#breadcrumb\"},\"inLanguage\":\"cs\",\"potentialAction\":[{\"@type\":\"ReadAction\",\"target\":[\"https:\/\/www.koupeltech.com\/index.php\/produkt\/santech-gemini-xl-obdelnikova-vana-170x80-cm-sagemxl170-span-class-product-appendix-darek-nohy-k-vane-santech-zdarma-span-vyprodej-22518\/\"]}]},{\"@type\":\"ImageObject\",\"inLanguage\":\"cs\",\"@id\":\"https:\/\/www.koupeltech.com\/index.php\/produkt\/santech-gemini-xl-obdelnikova-vana-170x80-cm-sagemxl170-span-class-product-appendix-darek-nohy-k-vane-santech-zdarma-span-vyprodej-22518\/#primaryimage\",\"url\":\"https:\/\/www.koupeltech.com\/wp-content\/uploads\/2026\/SK0021120-CZ20260425-093631-0-1777080994-338396_santech-gemini-xl.webp\",\"contentUrl\":\"https:\/\/www.koupeltech.com\/wp-content\/uploads\/2026\/SK0021120-CZ20260425-093631-0-1777080994-338396_santech-gemini-xl.webp\",\"width\":1000,\"height\":750},{\"@type\":\"BreadcrumbList\",\"@id\":\"https:\/\/www.koupeltech.com\/index.php\/produkt\/santech-gemini-xl-obdelnikova-vana-170x80-cm-sagemxl170-span-class-product-appendix-darek-nohy-k-vane-santech-zdarma-span-vyprodej-22518\/#breadcrumb\",\"itemListElement\":[{\"@type\":\"ListItem\",\"position\":1,\"name\":\"Home\",\"item\":\"https:\/\/www.koupeltech.com\/\"},{\"@type\":\"ListItem\",\"position\":2,\"name\":\"Products\",\"item\":\"https:\/\/www.koupeltech.com\/index.php\/products\/\"},{\"@type\":\"ListItem\",\"position\":3,\"name\":\"Santech Gemini XL obd\u00e9ln\u00edkov\u00e1 vana 170&#215;80 cm SAGEMXL170 + d\u00e1rek nohy k van\u011b Santech ZDARMA V\u00fdprodej\"}]},{\"@type\":\"WebSite\",\"@id\":\"https:\/\/www.koupeltech.com\/#website\",\"url\":\"https:\/\/www.koupeltech.com\/\",\"name\":\"\",\"description\":\"\",\"potentialAction\":[{\"@type\":\"SearchAction\",\"target\":{\"@type\":\"EntryPoint\",\"urlTemplate\":\"https:\/\/www.koupeltech.com\/?s={search_term_string}\"},\"query-input\":{\"@type\":\"PropertyValueSpecification\",\"valueRequired\":true,\"valueName\":\"search_term_string\"}}],\"inLanguage\":\"cs\"}]}<\/script>\n<!-- \/ Yoast SEO plugin. -->","yoast_head_json":{"title":"Santech Gemini XL obd\u00e9ln\u00edkov\u00e1 vana 170x80 cm SAGEMXL170  + d\u00e1rek nohy k van\u011b Santech ZDARMA V\u00fdprodej -","robots":{"index":"index","follow":"follow","max-snippet":"max-snippet:-1","max-image-preview":"max-image-preview:large","max-video-preview":"max-video-preview:-1"},"canonical":"https:\/\/www.koupeltech.com\/index.php\/produkt\/santech-gemini-xl-obdelnikova-vana-170x80-cm-sagemxl170-span-class-product-appendix-darek-nohy-k-vane-santech-zdarma-span-vyprodej-22518\/","og_locale":"cs_CZ","og_type":"article","og_title":"Santech Gemini XL obd\u00e9ln\u00edkov\u00e1 vana 170x80 cm SAGEMXL170  + d\u00e1rek nohy k van\u011b Santech ZDARMA V\u00fdprodej -","og_description":"Detailn\u00ed popis produktu Santech Gemini XL vana obd\u00e9ln\u00edkov\u00e1 170 x 80 cm Novinka z d\u00edlny Santech GEMINI XL se m\u016f\u017ee pochlubit p\u0159\u00edjemn\u00fdm a pohodln\u00fdm le\u017een\u00edm d\u00edky optim\u00e1ln\u00edmu sklonu z\u00e1dov\u00e9 \u010d\u00e1sti vany. Velkorys\u00fd vnit\u0159n\u00ed prostor s nadstandardn\u00ed \u0161\u00ed\u0159kou dna 54 cm bude vyhovovat i osob\u00e1m pln\u011bj\u0161\u00edch tvar\u016f. \u0160irok\u00fd okraj nab\u00edz\u00ed komfortn\u00ed odkl\u00e1dac\u00ed plochu. Z\u00e1rove\u0148 je ide\u00e1ln\u00edm [&hellip;]","og_url":"https:\/\/www.koupeltech.com\/index.php\/produkt\/santech-gemini-xl-obdelnikova-vana-170x80-cm-sagemxl170-span-class-product-appendix-darek-nohy-k-vane-santech-zdarma-span-vyprodej-22518\/","og_image":[{"width":1000,"height":750,"url":"https:\/\/www.koupeltech.com\/wp-content\/uploads\/2026\/SK0021120-CZ20260425-093631-0-1777080994-338396_santech-gemini-xl.webp","type":"image\/webp"}],"twitter_card":"summary_large_image","twitter_misc":{"Odhadovan\u00e1 doba \u010dten\u00ed":"3 minuty"},"schema":{"@context":"https:\/\/schema.org","@graph":[{"@type":"WebPage","@id":"https:\/\/www.koupeltech.com\/index.php\/produkt\/santech-gemini-xl-obdelnikova-vana-170x80-cm-sagemxl170-span-class-product-appendix-darek-nohy-k-vane-santech-zdarma-span-vyprodej-22518\/","url":"https:\/\/www.koupeltech.com\/index.php\/produkt\/santech-gemini-xl-obdelnikova-vana-170x80-cm-sagemxl170-span-class-product-appendix-darek-nohy-k-vane-santech-zdarma-span-vyprodej-22518\/","name":"Santech Gemini XL obd\u00e9ln\u00edkov\u00e1 vana 170x80 cm SAGEMXL170 + d\u00e1rek nohy k van\u011b Santech ZDARMA V\u00fdprodej -","isPartOf":{"@id":"https:\/\/www.koupeltech.com\/#website"},"primaryImageOfPage":{"@id":"https:\/\/www.koupeltech.com\/index.php\/produkt\/santech-gemini-xl-obdelnikova-vana-170x80-cm-sagemxl170-span-class-product-appendix-darek-nohy-k-vane-santech-zdarma-span-vyprodej-22518\/#primaryimage"},"image":{"@id":"https:\/\/www.koupeltech.com\/index.php\/produkt\/santech-gemini-xl-obdelnikova-vana-170x80-cm-sagemxl170-span-class-product-appendix-darek-nohy-k-vane-santech-zdarma-span-vyprodej-22518\/#primaryimage"},"thumbnailUrl":"https:\/\/www.koupeltech.com\/wp-content\/uploads\/2026\/SK0021120-CZ20260425-093631-0-1777080994-338396_santech-gemini-xl.webp","datePublished":"2026-04-27T13:59:15+00:00","breadcrumb":{"@id":"https:\/\/www.koupeltech.com\/index.php\/produkt\/santech-gemini-xl-obdelnikova-vana-170x80-cm-sagemxl170-span-class-product-appendix-darek-nohy-k-vane-santech-zdarma-span-vyprodej-22518\/#breadcrumb"},"inLanguage":"cs","potentialAction":[{"@type":"ReadAction","target":["https:\/\/www.koupeltech.com\/index.php\/produkt\/santech-gemini-xl-obdelnikova-vana-170x80-cm-sagemxl170-span-class-product-appendix-darek-nohy-k-vane-santech-zdarma-span-vyprodej-22518\/"]}]},{"@type":"ImageObject","inLanguage":"cs","@id":"https:\/\/www.koupeltech.com\/index.php\/produkt\/santech-gemini-xl-obdelnikova-vana-170x80-cm-sagemxl170-span-class-product-appendix-darek-nohy-k-vane-santech-zdarma-span-vyprodej-22518\/#primaryimage","url":"https:\/\/www.koupeltech.com\/wp-content\/uploads\/2026\/SK0021120-CZ20260425-093631-0-1777080994-338396_santech-gemini-xl.webp","contentUrl":"https:\/\/www.koupeltech.com\/wp-content\/uploads\/2026\/SK0021120-CZ20260425-093631-0-1777080994-338396_santech-gemini-xl.webp","width":1000,"height":750},{"@type":"BreadcrumbList","@id":"https:\/\/www.koupeltech.com\/index.php\/produkt\/santech-gemini-xl-obdelnikova-vana-170x80-cm-sagemxl170-span-class-product-appendix-darek-nohy-k-vane-santech-zdarma-span-vyprodej-22518\/#breadcrumb","itemListElement":[{"@type":"ListItem","position":1,"name":"Home","item":"https:\/\/www.koupeltech.com\/"},{"@type":"ListItem","position":2,"name":"Products","item":"https:\/\/www.koupeltech.com\/index.php\/products\/"},{"@type":"ListItem","position":3,"name":"Santech Gemini XL obd\u00e9ln\u00edkov\u00e1 vana 170&#215;80 cm SAGEMXL170 + d\u00e1rek nohy k van\u011b Santech ZDARMA V\u00fdprodej"}]},{"@type":"WebSite","@id":"https:\/\/www.koupeltech.com\/#website","url":"https:\/\/www.koupeltech.com\/","name":"","description":"","potentialAction":[{"@type":"SearchAction","target":{"@type":"EntryPoint","urlTemplate":"https:\/\/www.koupeltech.com\/?s={search_term_string}"},"query-input":{"@type":"PropertyValueSpecification","valueRequired":true,"valueName":"search_term_string"}}],"inLanguage":"cs"}]}},"_links":{"self":[{"href":"https:\/\/www.koupeltech.com\/index.php\/wp-json\/wp\/v2\/product\/22518","targetHints":{"allow":["GET"]}}],"collection":[{"href":"https:\/\/www.koupeltech.com\/index.php\/wp-json\/wp\/v2\/product"}],"about":[{"href":"https:\/\/www.koupeltech.com\/index.php\/wp-json\/wp\/v2\/types\/product"}],"replies":[{"embeddable":true,"href":"https:\/\/www.koupeltech.com\/index.php\/wp-json\/wp\/v2\/comments?post=22518"}],"wp:featuredmedia":[{"embeddable":true,"href":"https:\/\/www.koupeltech.com\/index.php\/wp-json\/wp\/v2\/media\/22618"}],"wp:attachment":[{"href":"https:\/\/www.koupeltech.com\/index.php\/wp-json\/wp\/v2\/media?parent=22518"}],"wp:term":[{"taxonomy":"product_brand","embeddable":true,"href":"https:\/\/www.koupeltech.com\/index.php\/wp-json\/wp\/v2\/product_brand?post=22518"},{"taxonomy":"product_cat","embeddable":true,"href":"https:\/\/www.koupeltech.com\/index.php\/wp-json\/wp\/v2\/product_cat?post=22518"},{"taxonomy":"product_tag","embeddable":true,"href":"https:\/\/www.koupeltech.com\/index.php\/wp-json\/wp\/v2\/product_tag?post=22518"}],"curies":[{"name":"wp","href":"https:\/\/api.w.org\/{rel}","templated":true}]}}