{"id":22531,"date":"2026-04-27T13:59:15","date_gmt":"2026-04-27T13:59:15","guid":{"rendered":""},"modified":"2026-04-27T13:59:15","modified_gmt":"2026-04-27T13:59:15","slug":"santech-obdelnikova-vana-evo-sharp-178x78-cm-saevo178-sh-span-class-product-appendix-darek-nohy-k-vane-santech-zdarma-span-kup-ted-22531","status":"publish","type":"product","link":"https:\/\/www.koupeltech.com\/index.php\/produkt\/santech-obdelnikova-vana-evo-sharp-178x78-cm-saevo178-sh-span-class-product-appendix-darek-nohy-k-vane-santech-zdarma-span-kup-ted-22531\/","title":{"rendered":"Santech OBD\u00c9LN\u00cdKOV\u00c1 VANA EVO SHARP, 178&#215;78 cm &#8211; SAEVO178-SH <span class=\"product-appendix\"> + d\u00e1rek nohy k van\u011b Santech ZDARMA<\/span> Kup Te\u010f"},"content":{"rendered":"<div class=\"basic-description\">\n<h3>Detailn\u00ed popis produktu<\/h3>\n<p><meta charset=\"utf-8\" \/><\/p>\n<p><span>\u0160irok\u00fd okraj vany EVO poskytuje maxim\u00e1ln\u00ed volnost: m\u016f\u017eete um\u00edstit vanovou baterii na okraj vany nebo plochu vyu\u017e\u00edt pro odklad hygienick\u00fdch pot\u0159eb, ale tak\u00e9 V\u00e1m usnadn\u00ed vstup do vany. Oboustrann\u00e9 z\u00e1dov\u00e9 le\u017een\u00ed m\u00e1 p\u0159\u00edjemn\u00fd sklon. Tato akryl\u00e1tov\u00e1 vana se vyr\u00e1b\u00ed ve t\u0159ech d\u00e9lkov\u00fdch variant\u00e1ch.<\/span><\/p>\n<\/p>\n<p><meta charset=\"utf-8\" \/><\/p>\n<h3><strong>Pro\u010d jsou vany SANTECH jedny z nejkvalitn\u011bj\u0161\u00edch van na trhu?<\/strong><\/h3>\n<p>V\u00fdchoz\u00edm materi\u00e1lem pro vany Santech je vysoce kvalitn\u00ed lit\u00fd akryl\u00e1t od p\u0159edn\u00edch evropsk\u00fdch firem jako je ALTUGLAS nebo LUCITE. Je jedn\u00edm z nejtvrd\u0161\u00edch termoplast\u016f na sv\u011btov\u00e9m trhu.<\/p>\n<p><span>&nbsp;<\/span><span>&nbsp;<\/span><\/p>\n<h4>Lit\u00fd akryl\u00e1t PMMA se vyzna\u010duje vynikaj\u00edc\u00edmi vlastnostmi:<\/h4>\n<ul>\n<li>vany jsou odoln\u00e9 proti povrchov\u00e9mu po\u0161kr\u00e1b\u00e1n\u00ed<\/li>\n<li>v\u00fdborn\u011b odol\u00e1vaj\u00ed b\u011b\u017en\u00fdm dom\u00e1c\u00edm chemik\u00e1li\u00edm<\/li>\n<li>ve van\u00e1ch m\u016f\u017eete pou\u017e\u00edvat ve\u0161ker\u00e9 dostupn\u00e9 osobn\u00ed hygienick\u00e9 prost\u0159edky<\/li>\n<li>vyzna\u010duj\u00ed se barevnou st\u00e1lost\u00ed po celou dobu \u017eivotnosti<\/li>\n<li>povrch van je hladk\u00fd a nepor\u00e9zn\u00ed, na povrchu van se neusazuj\u00ed ne\u010distoty<\/li>\n<li>m\u00e1 vynikaj\u00edc\u00ed izola\u010dn\u00ed vlastnosti<\/li>\n<li>povrch van je natolik tvrd\u00fd, \u017ee v p\u0159\u00edpad\u011b po\u0161kozen\u00ed povrchu m\u016f\u017eete vanu brousit a le\u0161tit do p\u016fvodn\u00ed podoby<\/li>\n<li>antibakteri\u00e1ln\u00ed \u00faprava povrchu je standardn\u011b prov\u00e1d\u011bna u v\u0161ech typ\u016f van<\/li>\n<li>\u017eivotnost t\u011bchto termoplast\u016f je minim\u00e1ln\u011b 20 let<\/li>\n<\/ul>\n<h1>PERFEKTN\u00cd DESIGN, KTER\u00dd JDE S DOBOU<\/h1>\n<p><span>Vany s\u00e9rie SHARP&nbsp;<strong>vynikaj\u00ed rovn\u00fdm a ostr\u00fdm okrajem<\/strong>, kter\u00fd dokonale&nbsp;<strong>l\u00edcuje s obkladem nebo st\u011brkou<\/strong>. Pokud chcete sv\u00e9 koupeln\u011b dodat modern\u00ed n\u00e1dech a z\u00e1rove\u0148 neslevit z po\u017eadavk\u016f na kvalitu a perfektn\u00ed funk\u010dnost, po\u0159i\u010fte si&nbsp;<strong>vany z \u0159ady SHARP<\/strong>.<\/span><\/p>\n<p><span>U\u017e nemus\u00ed kupovat n\u00e1sobn\u011b dra\u017e\u0161\u00ed vany nap\u0159. z quarylu, abyste&nbsp;<strong>dos\u00e1hli milimetrov\u00e9 p\u0159esnosti d\u00edky rovn\u00fdm a ostr\u00fdm hran\u00e1m.&nbsp;<\/strong><strong>SANTECH&nbsp;<\/strong>V\u00e1m nyn\u00ed, jako<strong>&nbsp;jedin\u00fd \u010desk\u00fd v\u00fdrobce, p\u0159in\u00e1\u0161\u00ed tyto v\u00fdhody i u akryl\u00e1tov\u00fdch van<\/strong>.<\/span><\/p>\n<p><em>Povrchov\u00e1 \u00faprava st\u011brka<\/em><\/p>\n<p><span><br \/><em>Povrchov\u00e1 \u00faprava velkoform\u00e1tov\u00fd obklad<br \/><\/em><\/span><\/p>\n<h1>PR\u00c9MIOV\u00c1 KVALITA VAN SHARP<\/h1>\n<p><span>Proto\u017ee pou\u017e\u00edv\u00e1me&nbsp;<strong>nejkvalitn\u011bj\u0161\u00ed lit\u00fd akryl\u00e1t PMMA<\/strong>, kter\u00fd je na trhu dostupn\u00fd, garantujeme v\u00e1m&nbsp;<strong>\u017eivotnost vany minim\u00e1ln\u011b 20 let a z\u00e1ruku 10 let.<\/strong><\/span><\/p>\n<p>&nbsp;<\/p>\n<p><meta charset=\"utf-8\" \/><\/p>\n<h3>SANTECH technologie<\/h3>\n<p>Pro v\u00fdrobu akryl\u00e1tov\u00fdch van pou\u017e\u00edv\u00e1me pouze \u0161pi\u010dkov\u00e9 materi\u00e1ly (lit\u00e9 akryl\u00e1tov\u00e9 desky) od renomovan\u00fdch zna\u010dek LUCITE a ALTUGLAS. U mas\u00e1\u017en\u00edch syst\u00e9m\u016f se orientujeme na osv\u011bd\u010den\u00e9 zna\u010dkov\u00e9 komponenty sv\u011btov\u00e9ho v\u00fdrobce KOLLER.<\/p>\n<p><strong>Z\u00e1ruka kvality \u0159\u00edzen\u00ed jakosti je dokladov\u00e1na ISO 9001:2000, ve\u0161ker\u00e1 v\u00fdroba prob\u00edh\u00e1 s maxim\u00e1ln\u00ed ohleduplnost\u00ed<br \/>k \u017eivotn\u00edmu prost\u0159ed\u00ed.<\/strong><\/p>\n<p><meta charset=\"utf-8\" \/><strong><\/strong><\/p>\n<h3><strong>Spole\u010dnost Santech si stoj\u00ed za 100% kvalitou sv\u00fdch van<\/strong><\/h3>\n<ul>\n<li>koupelnov\u00e1 vana je v dom\u011b sou\u010d\u00e1st\u00ed stavby, proto mus\u00ed vydr\u017eet co nejd\u00e9le<\/li>\n<li>vany z d\u00edlny Santech poskytuj\u00ed naprostou jistotu dlouh\u00e9 \u017eivotnosti, kter\u00e1 je podtr\u017eena nadstandardn\u00ed z\u00e1rukou, a to 10 let<\/li>\n<\/ul><\/div>\n","protected":false},"excerpt":{"rendered":"<p>Detailn\u00ed popis produktu \u0160irok\u00fd okraj vany EVO poskytuje maxim\u00e1ln\u00ed volnost: m\u016f\u017eete um\u00edstit vanovou baterii na okraj vany nebo plochu vyu\u017e\u00edt pro odklad hygienick\u00fdch pot\u0159eb, ale tak\u00e9 V\u00e1m usnadn\u00ed vstup do vany. Oboustrann\u00e9 z\u00e1dov\u00e9 le\u017een\u00ed m\u00e1 p\u0159\u00edjemn\u00fd sklon. Tato akryl\u00e1tov\u00e1 vana se vyr\u00e1b\u00ed ve t\u0159ech d\u00e9lkov\u00fdch variant\u00e1ch. Pro\u010d jsou vany SANTECH jedny z nejkvalitn\u011bj\u0161\u00edch van na [&hellip;]<\/p>\n","protected":false},"featured_media":22631,"comment_status":"open","ping_status":"open","template":"","meta":[],"product_brand":[],"product_cat":[88],"product_tag":[],"class_list":{"0":"post-22531","1":"product","2":"type-product","3":"status-publish","4":"has-post-thumbnail","6":"product_cat-vany","8":"first","9":"instock","10":"sale","11":"shipping-taxable","12":"purchasable","13":"product-type-simple"},"yoast_head":"<!-- This site is optimized with the Yoast SEO plugin v26.8 - https:\/\/yoast.com\/product\/yoast-seo-wordpress\/ -->\n<title>Santech OBD\u00c9LN\u00cdKOV\u00c1 VANA EVO SHARP, 178x78 cm - SAEVO178-SH  + d\u00e1rek nohy k van\u011b Santech ZDARMA Kup Te\u010f -<\/title>\n<meta name=\"robots\" content=\"index, follow, max-snippet:-1, max-image-preview:large, max-video-preview:-1\" \/>\n<link rel=\"canonical\" href=\"https:\/\/www.koupeltech.com\/index.php\/produkt\/santech-obdelnikova-vana-evo-sharp-178x78-cm-saevo178-sh-span-class-product-appendix-darek-nohy-k-vane-santech-zdarma-span-kup-ted-22531\/\" \/>\n<meta property=\"og:locale\" content=\"cs_CZ\" \/>\n<meta property=\"og:type\" content=\"article\" \/>\n<meta property=\"og:title\" content=\"Santech OBD\u00c9LN\u00cdKOV\u00c1 VANA EVO SHARP, 178x78 cm - SAEVO178-SH  + d\u00e1rek nohy k van\u011b Santech ZDARMA Kup Te\u010f -\" \/>\n<meta property=\"og:description\" content=\"Detailn\u00ed popis produktu \u0160irok\u00fd okraj vany EVO poskytuje maxim\u00e1ln\u00ed volnost: m\u016f\u017eete um\u00edstit vanovou baterii na okraj vany nebo plochu vyu\u017e\u00edt pro odklad hygienick\u00fdch pot\u0159eb, ale tak\u00e9 V\u00e1m usnadn\u00ed vstup do vany. Oboustrann\u00e9 z\u00e1dov\u00e9 le\u017een\u00ed m\u00e1 p\u0159\u00edjemn\u00fd sklon. Tato akryl\u00e1tov\u00e1 vana se vyr\u00e1b\u00ed ve t\u0159ech d\u00e9lkov\u00fdch variant\u00e1ch. Pro\u010d jsou vany SANTECH jedny z nejkvalitn\u011bj\u0161\u00edch van na [&hellip;]\" \/>\n<meta property=\"og:url\" content=\"https:\/\/www.koupeltech.com\/index.php\/produkt\/santech-obdelnikova-vana-evo-sharp-178x78-cm-saevo178-sh-span-class-product-appendix-darek-nohy-k-vane-santech-zdarma-span-kup-ted-22531\/\" \/>\n<meta property=\"og:image\" content=\"https:\/\/www.koupeltech.com\/wp-content\/uploads\/2026\/SK0021135-CZ20260425-093631-0-1777080994-338480_evo-sharp.webp\" \/>\n\t<meta property=\"og:image:width\" content=\"1000\" \/>\n\t<meta property=\"og:image:height\" content=\"750\" \/>\n\t<meta property=\"og:image:type\" content=\"image\/webp\" \/>\n<meta name=\"twitter:card\" content=\"summary_large_image\" \/>\n<meta name=\"twitter:label1\" content=\"Odhadovan\u00e1 doba \u010dten\u00ed\" \/>\n\t<meta name=\"twitter:data1\" content=\"2 minuty\" \/>\n<script type=\"application\/ld+json\" class=\"yoast-schema-graph\">{\"@context\":\"https:\/\/schema.org\",\"@graph\":[{\"@type\":\"WebPage\",\"@id\":\"https:\/\/www.koupeltech.com\/index.php\/produkt\/santech-obdelnikova-vana-evo-sharp-178x78-cm-saevo178-sh-span-class-product-appendix-darek-nohy-k-vane-santech-zdarma-span-kup-ted-22531\/\",\"url\":\"https:\/\/www.koupeltech.com\/index.php\/produkt\/santech-obdelnikova-vana-evo-sharp-178x78-cm-saevo178-sh-span-class-product-appendix-darek-nohy-k-vane-santech-zdarma-span-kup-ted-22531\/\",\"name\":\"Santech OBD\u00c9LN\u00cdKOV\u00c1 VANA EVO SHARP, 178x78 cm - SAEVO178-SH + d\u00e1rek nohy k van\u011b Santech ZDARMA Kup Te\u010f -\",\"isPartOf\":{\"@id\":\"https:\/\/www.koupeltech.com\/#website\"},\"primaryImageOfPage\":{\"@id\":\"https:\/\/www.koupeltech.com\/index.php\/produkt\/santech-obdelnikova-vana-evo-sharp-178x78-cm-saevo178-sh-span-class-product-appendix-darek-nohy-k-vane-santech-zdarma-span-kup-ted-22531\/#primaryimage\"},\"image\":{\"@id\":\"https:\/\/www.koupeltech.com\/index.php\/produkt\/santech-obdelnikova-vana-evo-sharp-178x78-cm-saevo178-sh-span-class-product-appendix-darek-nohy-k-vane-santech-zdarma-span-kup-ted-22531\/#primaryimage\"},\"thumbnailUrl\":\"https:\/\/www.koupeltech.com\/wp-content\/uploads\/2026\/SK0021135-CZ20260425-093631-0-1777080994-338480_evo-sharp.webp\",\"datePublished\":\"2026-04-27T13:59:15+00:00\",\"breadcrumb\":{\"@id\":\"https:\/\/www.koupeltech.com\/index.php\/produkt\/santech-obdelnikova-vana-evo-sharp-178x78-cm-saevo178-sh-span-class-product-appendix-darek-nohy-k-vane-santech-zdarma-span-kup-ted-22531\/#breadcrumb\"},\"inLanguage\":\"cs\",\"potentialAction\":[{\"@type\":\"ReadAction\",\"target\":[\"https:\/\/www.koupeltech.com\/index.php\/produkt\/santech-obdelnikova-vana-evo-sharp-178x78-cm-saevo178-sh-span-class-product-appendix-darek-nohy-k-vane-santech-zdarma-span-kup-ted-22531\/\"]}]},{\"@type\":\"ImageObject\",\"inLanguage\":\"cs\",\"@id\":\"https:\/\/www.koupeltech.com\/index.php\/produkt\/santech-obdelnikova-vana-evo-sharp-178x78-cm-saevo178-sh-span-class-product-appendix-darek-nohy-k-vane-santech-zdarma-span-kup-ted-22531\/#primaryimage\",\"url\":\"https:\/\/www.koupeltech.com\/wp-content\/uploads\/2026\/SK0021135-CZ20260425-093631-0-1777080994-338480_evo-sharp.webp\",\"contentUrl\":\"https:\/\/www.koupeltech.com\/wp-content\/uploads\/2026\/SK0021135-CZ20260425-093631-0-1777080994-338480_evo-sharp.webp\",\"width\":1000,\"height\":750},{\"@type\":\"BreadcrumbList\",\"@id\":\"https:\/\/www.koupeltech.com\/index.php\/produkt\/santech-obdelnikova-vana-evo-sharp-178x78-cm-saevo178-sh-span-class-product-appendix-darek-nohy-k-vane-santech-zdarma-span-kup-ted-22531\/#breadcrumb\",\"itemListElement\":[{\"@type\":\"ListItem\",\"position\":1,\"name\":\"Home\",\"item\":\"https:\/\/www.koupeltech.com\/\"},{\"@type\":\"ListItem\",\"position\":2,\"name\":\"Products\",\"item\":\"https:\/\/www.koupeltech.com\/index.php\/products\/\"},{\"@type\":\"ListItem\",\"position\":3,\"name\":\"Santech OBD\u00c9LN\u00cdKOV\u00c1 VANA EVO SHARP, 178&#215;78 cm &#8211; SAEVO178-SH + d\u00e1rek nohy k van\u011b Santech ZDARMA Kup Te\u010f\"}]},{\"@type\":\"WebSite\",\"@id\":\"https:\/\/www.koupeltech.com\/#website\",\"url\":\"https:\/\/www.koupeltech.com\/\",\"name\":\"\",\"description\":\"\",\"potentialAction\":[{\"@type\":\"SearchAction\",\"target\":{\"@type\":\"EntryPoint\",\"urlTemplate\":\"https:\/\/www.koupeltech.com\/?s={search_term_string}\"},\"query-input\":{\"@type\":\"PropertyValueSpecification\",\"valueRequired\":true,\"valueName\":\"search_term_string\"}}],\"inLanguage\":\"cs\"}]}<\/script>\n<!-- \/ Yoast SEO plugin. -->","yoast_head_json":{"title":"Santech OBD\u00c9LN\u00cdKOV\u00c1 VANA EVO SHARP, 178x78 cm - SAEVO178-SH  + d\u00e1rek nohy k van\u011b Santech ZDARMA Kup Te\u010f -","robots":{"index":"index","follow":"follow","max-snippet":"max-snippet:-1","max-image-preview":"max-image-preview:large","max-video-preview":"max-video-preview:-1"},"canonical":"https:\/\/www.koupeltech.com\/index.php\/produkt\/santech-obdelnikova-vana-evo-sharp-178x78-cm-saevo178-sh-span-class-product-appendix-darek-nohy-k-vane-santech-zdarma-span-kup-ted-22531\/","og_locale":"cs_CZ","og_type":"article","og_title":"Santech OBD\u00c9LN\u00cdKOV\u00c1 VANA EVO SHARP, 178x78 cm - SAEVO178-SH  + d\u00e1rek nohy k van\u011b Santech ZDARMA Kup Te\u010f -","og_description":"Detailn\u00ed popis produktu \u0160irok\u00fd okraj vany EVO poskytuje maxim\u00e1ln\u00ed volnost: m\u016f\u017eete um\u00edstit vanovou baterii na okraj vany nebo plochu vyu\u017e\u00edt pro odklad hygienick\u00fdch pot\u0159eb, ale tak\u00e9 V\u00e1m usnadn\u00ed vstup do vany. Oboustrann\u00e9 z\u00e1dov\u00e9 le\u017een\u00ed m\u00e1 p\u0159\u00edjemn\u00fd sklon. Tato akryl\u00e1tov\u00e1 vana se vyr\u00e1b\u00ed ve t\u0159ech d\u00e9lkov\u00fdch variant\u00e1ch. Pro\u010d jsou vany SANTECH jedny z nejkvalitn\u011bj\u0161\u00edch van na [&hellip;]","og_url":"https:\/\/www.koupeltech.com\/index.php\/produkt\/santech-obdelnikova-vana-evo-sharp-178x78-cm-saevo178-sh-span-class-product-appendix-darek-nohy-k-vane-santech-zdarma-span-kup-ted-22531\/","og_image":[{"width":1000,"height":750,"url":"https:\/\/www.koupeltech.com\/wp-content\/uploads\/2026\/SK0021135-CZ20260425-093631-0-1777080994-338480_evo-sharp.webp","type":"image\/webp"}],"twitter_card":"summary_large_image","twitter_misc":{"Odhadovan\u00e1 doba \u010dten\u00ed":"2 minuty"},"schema":{"@context":"https:\/\/schema.org","@graph":[{"@type":"WebPage","@id":"https:\/\/www.koupeltech.com\/index.php\/produkt\/santech-obdelnikova-vana-evo-sharp-178x78-cm-saevo178-sh-span-class-product-appendix-darek-nohy-k-vane-santech-zdarma-span-kup-ted-22531\/","url":"https:\/\/www.koupeltech.com\/index.php\/produkt\/santech-obdelnikova-vana-evo-sharp-178x78-cm-saevo178-sh-span-class-product-appendix-darek-nohy-k-vane-santech-zdarma-span-kup-ted-22531\/","name":"Santech OBD\u00c9LN\u00cdKOV\u00c1 VANA EVO SHARP, 178x78 cm - SAEVO178-SH + d\u00e1rek nohy k van\u011b Santech ZDARMA Kup Te\u010f -","isPartOf":{"@id":"https:\/\/www.koupeltech.com\/#website"},"primaryImageOfPage":{"@id":"https:\/\/www.koupeltech.com\/index.php\/produkt\/santech-obdelnikova-vana-evo-sharp-178x78-cm-saevo178-sh-span-class-product-appendix-darek-nohy-k-vane-santech-zdarma-span-kup-ted-22531\/#primaryimage"},"image":{"@id":"https:\/\/www.koupeltech.com\/index.php\/produkt\/santech-obdelnikova-vana-evo-sharp-178x78-cm-saevo178-sh-span-class-product-appendix-darek-nohy-k-vane-santech-zdarma-span-kup-ted-22531\/#primaryimage"},"thumbnailUrl":"https:\/\/www.koupeltech.com\/wp-content\/uploads\/2026\/SK0021135-CZ20260425-093631-0-1777080994-338480_evo-sharp.webp","datePublished":"2026-04-27T13:59:15+00:00","breadcrumb":{"@id":"https:\/\/www.koupeltech.com\/index.php\/produkt\/santech-obdelnikova-vana-evo-sharp-178x78-cm-saevo178-sh-span-class-product-appendix-darek-nohy-k-vane-santech-zdarma-span-kup-ted-22531\/#breadcrumb"},"inLanguage":"cs","potentialAction":[{"@type":"ReadAction","target":["https:\/\/www.koupeltech.com\/index.php\/produkt\/santech-obdelnikova-vana-evo-sharp-178x78-cm-saevo178-sh-span-class-product-appendix-darek-nohy-k-vane-santech-zdarma-span-kup-ted-22531\/"]}]},{"@type":"ImageObject","inLanguage":"cs","@id":"https:\/\/www.koupeltech.com\/index.php\/produkt\/santech-obdelnikova-vana-evo-sharp-178x78-cm-saevo178-sh-span-class-product-appendix-darek-nohy-k-vane-santech-zdarma-span-kup-ted-22531\/#primaryimage","url":"https:\/\/www.koupeltech.com\/wp-content\/uploads\/2026\/SK0021135-CZ20260425-093631-0-1777080994-338480_evo-sharp.webp","contentUrl":"https:\/\/www.koupeltech.com\/wp-content\/uploads\/2026\/SK0021135-CZ20260425-093631-0-1777080994-338480_evo-sharp.webp","width":1000,"height":750},{"@type":"BreadcrumbList","@id":"https:\/\/www.koupeltech.com\/index.php\/produkt\/santech-obdelnikova-vana-evo-sharp-178x78-cm-saevo178-sh-span-class-product-appendix-darek-nohy-k-vane-santech-zdarma-span-kup-ted-22531\/#breadcrumb","itemListElement":[{"@type":"ListItem","position":1,"name":"Home","item":"https:\/\/www.koupeltech.com\/"},{"@type":"ListItem","position":2,"name":"Products","item":"https:\/\/www.koupeltech.com\/index.php\/products\/"},{"@type":"ListItem","position":3,"name":"Santech OBD\u00c9LN\u00cdKOV\u00c1 VANA EVO SHARP, 178&#215;78 cm &#8211; SAEVO178-SH + d\u00e1rek nohy k van\u011b Santech ZDARMA Kup Te\u010f"}]},{"@type":"WebSite","@id":"https:\/\/www.koupeltech.com\/#website","url":"https:\/\/www.koupeltech.com\/","name":"","description":"","potentialAction":[{"@type":"SearchAction","target":{"@type":"EntryPoint","urlTemplate":"https:\/\/www.koupeltech.com\/?s={search_term_string}"},"query-input":{"@type":"PropertyValueSpecification","valueRequired":true,"valueName":"search_term_string"}}],"inLanguage":"cs"}]}},"_links":{"self":[{"href":"https:\/\/www.koupeltech.com\/index.php\/wp-json\/wp\/v2\/product\/22531","targetHints":{"allow":["GET"]}}],"collection":[{"href":"https:\/\/www.koupeltech.com\/index.php\/wp-json\/wp\/v2\/product"}],"about":[{"href":"https:\/\/www.koupeltech.com\/index.php\/wp-json\/wp\/v2\/types\/product"}],"replies":[{"embeddable":true,"href":"https:\/\/www.koupeltech.com\/index.php\/wp-json\/wp\/v2\/comments?post=22531"}],"wp:featuredmedia":[{"embeddable":true,"href":"https:\/\/www.koupeltech.com\/index.php\/wp-json\/wp\/v2\/media\/22631"}],"wp:attachment":[{"href":"https:\/\/www.koupeltech.com\/index.php\/wp-json\/wp\/v2\/media?parent=22531"}],"wp:term":[{"taxonomy":"product_brand","embeddable":true,"href":"https:\/\/www.koupeltech.com\/index.php\/wp-json\/wp\/v2\/product_brand?post=22531"},{"taxonomy":"product_cat","embeddable":true,"href":"https:\/\/www.koupeltech.com\/index.php\/wp-json\/wp\/v2\/product_cat?post=22531"},{"taxonomy":"product_tag","embeddable":true,"href":"https:\/\/www.koupeltech.com\/index.php\/wp-json\/wp\/v2\/product_tag?post=22531"}],"curies":[{"name":"wp","href":"https:\/\/api.w.org\/{rel}","templated":true}]}}