{"id":2326,"date":"2026-04-27T13:56:38","date_gmt":"2026-04-27T13:56:38","guid":{"rendered":""},"modified":"2026-04-27T13:56:38","modified_gmt":"2026-04-27T13:56:38","slug":"akce-stropni-svitidlo-bengala-cerne-gu10-50w-230v-light-impressions-2326","status":"publish","type":"product","link":"https:\/\/www.koupeltech.com\/index.php\/produkt\/akce-stropni-svitidlo-bengala-cerne-gu10-50w-230v-light-impressions-2326\/","title":{"rendered":"Akce Stropn\u00ed sv\u00edtidlo Bengala \u010dern\u00e9 GU10 50W 230V &#8211; LIGHT IMPRESSIONS"},"content":{"rendered":"<h3 class=\"product-h3\">Popis produktu<\/h3>\n<p><h2>Stropn\u00ed sv\u00edtidlo Bengala \u010dern\u00e9 GU10 50W 230V \u2013 LIGHT IMPRESSIONS<\/h2>\n<p>Stropn\u00ed sv\u00edtidlo Bengala v elegantn\u00edm \u010dern\u00e9m proveden\u00ed p\u0159edstavuje ide\u00e1ln\u00ed \u0159e\u0161en\u00ed pro modern\u00ed interi\u00e9ry, kde je kladen d\u016fraz na \u010dist\u00fd design, flexibilitu a kvalitn\u00ed zpracov\u00e1n\u00ed. Minimalistick\u00fd v\u00e1lcov\u00fd tvar sv\u00edtidla z anodizovan\u00e9ho hlin\u00edku p\u016fsob\u00ed nad\u010dasov\u011b a snadno jej zakomponujete do jak\u00e9hokoliv stylu \u2013 od priv\u00e1tn\u00edch rezidenc\u00ed a\u017e po komer\u010dn\u00ed prostory.<\/p>\n<h3>Hlavn\u00ed p\u0159ednosti a technick\u00e9 detaily<\/h3>\n<ul>\n<li><strong>Vym\u011bniteln\u00e9 sv\u011bteln\u00e9 zdroje:<\/strong> Sv\u00edtidlo vyu\u017e\u00edv\u00e1 patici GU10, co\u017e v\u00e1m umo\u017en\u00ed vybrat sv\u011bteln\u00fd zdroj dle va\u0161ich preferenc\u00ed (max. 50 W, nen\u00ed sou\u010d\u00e1st\u00ed dod\u00e1vky).<\/li>\n<li><strong>Nastaviteln\u00fd sm\u011br sv\u00edcen\u00ed:<\/strong> Bengala je oto\u010dn\u00e1 a v\u00fdkyvn\u00e1 , tak\u017ee sv\u011btlo v\u017edy nasm\u011brujete tam, kde je nejv\u00edce pot\u0159eba. V\u00fdkyvn\u00fd \u00fahel \u010din\u00ed 30\u00b0.<\/li>\n<li><strong>D\u016fraz na jednoduchou mont\u00e1\u017e:<\/strong> Sv\u00edtidlo je ur\u010deno k p\u0159\u00edm\u00e9 mont\u00e1\u017ei na strop a k p\u0159ipojen\u00ed pomoc\u00ed svorky.<\/li>\n<li><strong>Komfortn\u00ed ovl\u00e1d\u00e1n\u00ed:<\/strong> Dle zvolen\u00e9ho sv\u011bteln\u00e9ho zdroje lze sv\u00edtidlo tak\u00e9 stm\u00edvat.<\/li>\n<li><strong>Odoln\u00fd povrch:<\/strong> Hlin\u00edkov\u00e9 t\u011blo s \u010dernou povrchovou \u00fapravou zaji\u0161\u0165uje dlouhou \u017eivotnost a snadnou \u00fadr\u017ebu.<\/li>\n<\/ul>\n<h3>Technick\u00e9 parametry<\/h3>\n<ul>\n<li><strong>Materi\u00e1l t\u011bla:<\/strong> Hlin\u00edk<\/li>\n<li><strong>Barva:<\/strong> \u010cern\u00e1<\/li>\n<li><strong>Rozm\u011bry:<\/strong> Pr\u016fm\u011br 96 mm, v\u00fd\u0161ka 120 mm<\/li>\n<li><strong>Patice:<\/strong> 1x GU10, max. 50 W (zdroj nen\u00ed sou\u010d\u00e1st\u00ed)<\/li>\n<li><strong>Vstupn\u00ed nap\u011bt\u00ed:<\/strong> 220\u2013240 V AC, 50\/60 Hz<\/li>\n<li><strong>Stupe\u0148 kryt\u00ed:<\/strong> IP 20 (ur\u010deno pro vnit\u0159n\u00ed pou\u017eit\u00ed)<\/li>\n<li><strong>Mont\u00e1\u017e:<\/strong> Na strop, vnit\u0159n\u00ed prostory<\/li>\n<li><strong>Hmotnost:<\/strong> 467 g<\/li>\n<li><strong>Sm\u011br sv\u00edcen\u00ed:<\/strong> Dol\u016f, symetrick\u00e1 distribuce sv\u011btla<\/li>\n<li><strong>Stm\u00edvatelnost:<\/strong> Ano (v z\u00e1vislosti na pou\u017eit\u00e9m zdroji)<\/li>\n<li><strong>Ochrann\u00e1 t\u0159\u00edda:<\/strong> I (s ochrann\u00fdm uzemn\u011bn\u00edm)<\/li>\n<li><strong>Pracovn\u00ed teplota:<\/strong> -5 a\u017e 40 \u00b0C<\/li>\n<\/ul>\n<h3>Doporu\u010den\u00ed architekta<\/h3>\n<p>Stropn\u00ed sv\u00edtidlo Bengala doporu\u010dujeme zejm\u00e9na do minimalistick\u00fdch a modern\u00edch interi\u00e9r\u016f, kde vynikne jeho \u010dist\u00e1 linie i funk\u010dnost. Skv\u011ble poslou\u017e\u00ed jako osv\u011btlen\u00ed chodeb, kuchyn\u00ed, ob\u00fdvac\u00edch pokoj\u016f nebo galerijn\u00edch prostor. D\u00edky sm\u011brov\u00e9mu nastaven\u00ed je vhodn\u00e9 pro akcentaci konkr\u00e9tn\u00edch z\u00f3n, obraz\u016f nebo designov\u00fdch prvk\u016f. Kombinujte v\u00edce sv\u00edtidel pro dokonal\u00e9 sv\u011bteln\u00e9 sc\u00e9ny v prostoru.<\/p>\n<h3>Z\u00e1ruky a certifikace<\/h3>\n<ul>\n<li><strong>Z\u00e1ruka:<\/strong> 5 let<\/li>\n<li><strong>Certifikace:<\/strong> CE<\/li>\n<\/ul>\n<h3>Pro\u010d zvolit pr\u00e1v\u011b toto sv\u00edtidlo?<\/h3>\n<ul>\n<li>Pr\u00e9miov\u00e9 materi\u00e1ly a zpracov\u00e1n\u00ed zaji\u0161\u0165uj\u00ed dlouhou \u017eivotnost a stabiln\u00ed provoz<\/li>\n<li>Nastaviteln\u00fd sm\u011br sv\u011btla pro variabiln\u00ed vyu\u017eit\u00ed<\/li>\n<li>Mo\u017enost stm\u00edv\u00e1n\u00ed dle pot\u0159eb atmosf\u00e9ry v prostoru<\/li>\n<li>Flexibilita d\u00edky vym\u011bniteln\u00e9mu sv\u011bteln\u00e9mu zdroji<\/li>\n<li>Elegantn\u00ed design, kter\u00fd podtrhne charakter ka\u017ed\u00e9ho modern\u00edho interi\u00e9ru<\/li>\n<\/ul>\n<\/p><\/div>\n<\/p><\/div>\n<p><\/p>\n<div class=\"top-params\">\n<h3 class=\"product-h3 collapse-header \" data-toggle=\"collapse\" data-target=\"#collapseOne\" aria-expanded=\"true\" aria-controls=\"collapseOne\">Parametry<\/h3>\n<div id=\"collapseOne\" class=\"collapse show\" aria-labelledby=\"headingOne\" data-parent=\"#product-info-accordion1\">\n<table class=\"table-striped\">\n<tr>\n<td>                Hmotnost g            <\/td>\n<td>                467            <\/td>\n<\/tr>\n<tr>\n<td>                Nap\u00e1jec\u00ed nap\u011bt\u00ed            <\/td>\n<td>                220-240V            <\/td>\n<\/tr>\n<tr>\n<td>                Max. p\u0159\u00edkon sv\u011bteln\u00e9ho zdroje            <\/td>\n<td>                50W            <\/td>\n<\/tr>\n<tr>\n<td>                Materi\u00e1l            <\/td>\n<td>                hlin\u00edk            <\/td>\n<\/tr>\n<tr>\n<td>                Patice            <\/td>\n<td>                GU10            <\/td>\n<\/tr>\n<tr>\n<td>                Barva            <\/td>\n<td>                \u010dern\u00e1            <\/td>\n<\/tr>\n<tr>\n<td>                Pr\u016fm\u011br v mm            <\/td>\n<td>                96            <\/td>\n<\/tr>\n<tr>\n<td>                Ochrana IP            <\/td>\n<td>                IP20            <\/td>\n<\/tr>\n<tr>\n<td>                Stm\u00edvateln\u00e9            <\/td>\n<td>                ano, z\u00e1le\u017e\u00ed na pou\u017eit\u00e9 \u017e\u00e1rovce            <\/td>\n<\/tr>\n<tr>\n<td>                \u00dahel vyklopen\u00ed            <\/td>\n<td>                30\u00b0            <\/td>\n<\/tr>\n<tr>\n<td>                V\u00fdkon            <\/td>\n<td>                50W            <\/td>\n<\/tr>\n<tr>\n<td>                V\u00fdrobce            <\/td>\n<td>                LIGHT IMPRESSIONS            <\/td>\n<\/tr>\n<tr>\n<td>                U v\u00fdrobce dostupn\u00fdch            <\/td>\n<td>                347                    ks            <\/td>\n<\/tr>\n<tr>\n<td>                Kolekce            <\/td>\n<td>                Bengala            <\/td>\n<\/tr>\n<tr>\n<td>                Vystaveno na studiu            <\/td>\n<td>                ano            <\/td>\n<\/tr>\n<tr>\n<td>                T\u0159\u00edda ochrany            <\/td>\n<td>                I             <\/td>\n<\/tr>\n<tr>\n<td>                Okoln\u00ed teplota            <\/td>\n<td>                -5 a\u017e 40 \u00b0C            <\/td>\n<\/tr>\n<tr>\n<td>                Po\u010det sv\u011bteln\u00fdch zdroj\u016f            <\/td>\n<td>                1            <\/td>\n<\/tr>\n<tr>\n<td>                V\u00fd\u0161ka v mm            <\/td>\n<td>                120            <\/td>\n<\/tr>\n<tr>\n<td>                V\u010detn\u011b sv\u011bteln\u00e9ho zdroje            <\/td>\n<td>                ne            <\/td>\n<\/tr>\n<\/table>\n<\/div><\/div>\n<\/div>\n<div class=\"accordion\" id=\"product-info-accordion2\">\n","protected":false},"excerpt":{"rendered":"<p>Popis produktu Stropn\u00ed sv\u00edtidlo Bengala \u010dern\u00e9 GU10 50W 230V \u2013 LIGHT IMPRESSIONS Stropn\u00ed sv\u00edtidlo Bengala v elegantn\u00edm \u010dern\u00e9m proveden\u00ed p\u0159edstavuje ide\u00e1ln\u00ed \u0159e\u0161en\u00ed pro modern\u00ed interi\u00e9ry, kde je kladen d\u016fraz na \u010dist\u00fd design, flexibilitu a kvalitn\u00ed zpracov\u00e1n\u00ed. Minimalistick\u00fd v\u00e1lcov\u00fd tvar sv\u00edtidla z anodizovan\u00e9ho hlin\u00edku p\u016fsob\u00ed nad\u010dasov\u011b a snadno jej zakomponujete do jak\u00e9hokoliv stylu \u2013 od priv\u00e1tn\u00edch [&hellip;]<\/p>\n","protected":false},"featured_media":2426,"comment_status":"open","ping_status":"open","template":"","meta":[],"product_brand":[],"product_cat":[31],"product_tag":[],"class_list":{"0":"post-2326","1":"product","2":"type-product","3":"status-publish","4":"has-post-thumbnail","6":"product_cat-interierova-svitidla","8":"first","9":"instock","10":"sale","11":"shipping-taxable","12":"purchasable","13":"product-type-simple"},"yoast_head":"<!-- This site is optimized with the Yoast SEO plugin v26.8 - https:\/\/yoast.com\/product\/yoast-seo-wordpress\/ -->\n<title>Akce Stropn\u00ed sv\u00edtidlo Bengala \u010dern\u00e9 GU10 50W 230V - LIGHT IMPRESSIONS -<\/title>\n<meta name=\"robots\" content=\"index, follow, max-snippet:-1, max-image-preview:large, max-video-preview:-1\" \/>\n<link rel=\"canonical\" href=\"https:\/\/www.koupeltech.com\/index.php\/produkt\/akce-stropni-svitidlo-bengala-cerne-gu10-50w-230v-light-impressions-2326\/\" \/>\n<meta property=\"og:locale\" content=\"cs_CZ\" \/>\n<meta property=\"og:type\" content=\"article\" \/>\n<meta property=\"og:title\" content=\"Akce Stropn\u00ed sv\u00edtidlo Bengala \u010dern\u00e9 GU10 50W 230V - LIGHT IMPRESSIONS -\" \/>\n<meta property=\"og:description\" content=\"Popis produktu Stropn\u00ed sv\u00edtidlo Bengala \u010dern\u00e9 GU10 50W 230V \u2013 LIGHT IMPRESSIONS Stropn\u00ed sv\u00edtidlo Bengala v elegantn\u00edm \u010dern\u00e9m proveden\u00ed p\u0159edstavuje ide\u00e1ln\u00ed \u0159e\u0161en\u00ed pro modern\u00ed interi\u00e9ry, kde je kladen d\u016fraz na \u010dist\u00fd design, flexibilitu a kvalitn\u00ed zpracov\u00e1n\u00ed. Minimalistick\u00fd v\u00e1lcov\u00fd tvar sv\u00edtidla z anodizovan\u00e9ho hlin\u00edku p\u016fsob\u00ed nad\u010dasov\u011b a snadno jej zakomponujete do jak\u00e9hokoliv stylu \u2013 od priv\u00e1tn\u00edch [&hellip;]\" \/>\n<meta property=\"og:url\" content=\"https:\/\/www.koupeltech.com\/index.php\/produkt\/akce-stropni-svitidlo-bengala-cerne-gu10-50w-230v-light-impressions-2326\/\" \/>\n<meta property=\"og:image\" content=\"https:\/\/www.koupeltech.com\/wp-content\/uploads\/2026\/SK0018033-CZ20260425-091535-0-1777079743-IMPR-348022.webp\" \/>\n\t<meta property=\"og:image:width\" content=\"624\" \/>\n\t<meta property=\"og:image:height\" content=\"800\" \/>\n\t<meta property=\"og:image:type\" content=\"image\/webp\" \/>\n<meta name=\"twitter:card\" content=\"summary_large_image\" \/>\n<meta name=\"twitter:label1\" content=\"Odhadovan\u00e1 doba \u010dten\u00ed\" \/>\n\t<meta name=\"twitter:data1\" content=\"3 minuty\" \/>\n<script type=\"application\/ld+json\" class=\"yoast-schema-graph\">{\"@context\":\"https:\/\/schema.org\",\"@graph\":[{\"@type\":\"WebPage\",\"@id\":\"https:\/\/www.koupeltech.com\/index.php\/produkt\/akce-stropni-svitidlo-bengala-cerne-gu10-50w-230v-light-impressions-2326\/\",\"url\":\"https:\/\/www.koupeltech.com\/index.php\/produkt\/akce-stropni-svitidlo-bengala-cerne-gu10-50w-230v-light-impressions-2326\/\",\"name\":\"Akce Stropn\u00ed sv\u00edtidlo Bengala \u010dern\u00e9 GU10 50W 230V - LIGHT IMPRESSIONS -\",\"isPartOf\":{\"@id\":\"https:\/\/www.koupeltech.com\/#website\"},\"primaryImageOfPage\":{\"@id\":\"https:\/\/www.koupeltech.com\/index.php\/produkt\/akce-stropni-svitidlo-bengala-cerne-gu10-50w-230v-light-impressions-2326\/#primaryimage\"},\"image\":{\"@id\":\"https:\/\/www.koupeltech.com\/index.php\/produkt\/akce-stropni-svitidlo-bengala-cerne-gu10-50w-230v-light-impressions-2326\/#primaryimage\"},\"thumbnailUrl\":\"https:\/\/www.koupeltech.com\/wp-content\/uploads\/2026\/SK0018033-CZ20260425-091535-0-1777079743-IMPR-348022.webp\",\"datePublished\":\"2026-04-27T13:56:38+00:00\",\"breadcrumb\":{\"@id\":\"https:\/\/www.koupeltech.com\/index.php\/produkt\/akce-stropni-svitidlo-bengala-cerne-gu10-50w-230v-light-impressions-2326\/#breadcrumb\"},\"inLanguage\":\"cs\",\"potentialAction\":[{\"@type\":\"ReadAction\",\"target\":[\"https:\/\/www.koupeltech.com\/index.php\/produkt\/akce-stropni-svitidlo-bengala-cerne-gu10-50w-230v-light-impressions-2326\/\"]}]},{\"@type\":\"ImageObject\",\"inLanguage\":\"cs\",\"@id\":\"https:\/\/www.koupeltech.com\/index.php\/produkt\/akce-stropni-svitidlo-bengala-cerne-gu10-50w-230v-light-impressions-2326\/#primaryimage\",\"url\":\"https:\/\/www.koupeltech.com\/wp-content\/uploads\/2026\/SK0018033-CZ20260425-091535-0-1777079743-IMPR-348022.webp\",\"contentUrl\":\"https:\/\/www.koupeltech.com\/wp-content\/uploads\/2026\/SK0018033-CZ20260425-091535-0-1777079743-IMPR-348022.webp\",\"width\":624,\"height\":800},{\"@type\":\"BreadcrumbList\",\"@id\":\"https:\/\/www.koupeltech.com\/index.php\/produkt\/akce-stropni-svitidlo-bengala-cerne-gu10-50w-230v-light-impressions-2326\/#breadcrumb\",\"itemListElement\":[{\"@type\":\"ListItem\",\"position\":1,\"name\":\"Home\",\"item\":\"https:\/\/www.koupeltech.com\/\"},{\"@type\":\"ListItem\",\"position\":2,\"name\":\"Products\",\"item\":\"https:\/\/www.koupeltech.com\/index.php\/products\/\"},{\"@type\":\"ListItem\",\"position\":3,\"name\":\"Akce Stropn\u00ed sv\u00edtidlo Bengala \u010dern\u00e9 GU10 50W 230V &#8211; LIGHT IMPRESSIONS\"}]},{\"@type\":\"WebSite\",\"@id\":\"https:\/\/www.koupeltech.com\/#website\",\"url\":\"https:\/\/www.koupeltech.com\/\",\"name\":\"\",\"description\":\"\",\"potentialAction\":[{\"@type\":\"SearchAction\",\"target\":{\"@type\":\"EntryPoint\",\"urlTemplate\":\"https:\/\/www.koupeltech.com\/?s={search_term_string}\"},\"query-input\":{\"@type\":\"PropertyValueSpecification\",\"valueRequired\":true,\"valueName\":\"search_term_string\"}}],\"inLanguage\":\"cs\"}]}<\/script>\n<!-- \/ Yoast SEO plugin. -->","yoast_head_json":{"title":"Akce Stropn\u00ed sv\u00edtidlo Bengala \u010dern\u00e9 GU10 50W 230V - LIGHT IMPRESSIONS -","robots":{"index":"index","follow":"follow","max-snippet":"max-snippet:-1","max-image-preview":"max-image-preview:large","max-video-preview":"max-video-preview:-1"},"canonical":"https:\/\/www.koupeltech.com\/index.php\/produkt\/akce-stropni-svitidlo-bengala-cerne-gu10-50w-230v-light-impressions-2326\/","og_locale":"cs_CZ","og_type":"article","og_title":"Akce Stropn\u00ed sv\u00edtidlo Bengala \u010dern\u00e9 GU10 50W 230V - LIGHT IMPRESSIONS -","og_description":"Popis produktu Stropn\u00ed sv\u00edtidlo Bengala \u010dern\u00e9 GU10 50W 230V \u2013 LIGHT IMPRESSIONS Stropn\u00ed sv\u00edtidlo Bengala v elegantn\u00edm \u010dern\u00e9m proveden\u00ed p\u0159edstavuje ide\u00e1ln\u00ed \u0159e\u0161en\u00ed pro modern\u00ed interi\u00e9ry, kde je kladen d\u016fraz na \u010dist\u00fd design, flexibilitu a kvalitn\u00ed zpracov\u00e1n\u00ed. Minimalistick\u00fd v\u00e1lcov\u00fd tvar sv\u00edtidla z anodizovan\u00e9ho hlin\u00edku p\u016fsob\u00ed nad\u010dasov\u011b a snadno jej zakomponujete do jak\u00e9hokoliv stylu \u2013 od priv\u00e1tn\u00edch [&hellip;]","og_url":"https:\/\/www.koupeltech.com\/index.php\/produkt\/akce-stropni-svitidlo-bengala-cerne-gu10-50w-230v-light-impressions-2326\/","og_image":[{"width":624,"height":800,"url":"https:\/\/www.koupeltech.com\/wp-content\/uploads\/2026\/SK0018033-CZ20260425-091535-0-1777079743-IMPR-348022.webp","type":"image\/webp"}],"twitter_card":"summary_large_image","twitter_misc":{"Odhadovan\u00e1 doba \u010dten\u00ed":"3 minuty"},"schema":{"@context":"https:\/\/schema.org","@graph":[{"@type":"WebPage","@id":"https:\/\/www.koupeltech.com\/index.php\/produkt\/akce-stropni-svitidlo-bengala-cerne-gu10-50w-230v-light-impressions-2326\/","url":"https:\/\/www.koupeltech.com\/index.php\/produkt\/akce-stropni-svitidlo-bengala-cerne-gu10-50w-230v-light-impressions-2326\/","name":"Akce Stropn\u00ed sv\u00edtidlo Bengala \u010dern\u00e9 GU10 50W 230V - LIGHT IMPRESSIONS -","isPartOf":{"@id":"https:\/\/www.koupeltech.com\/#website"},"primaryImageOfPage":{"@id":"https:\/\/www.koupeltech.com\/index.php\/produkt\/akce-stropni-svitidlo-bengala-cerne-gu10-50w-230v-light-impressions-2326\/#primaryimage"},"image":{"@id":"https:\/\/www.koupeltech.com\/index.php\/produkt\/akce-stropni-svitidlo-bengala-cerne-gu10-50w-230v-light-impressions-2326\/#primaryimage"},"thumbnailUrl":"https:\/\/www.koupeltech.com\/wp-content\/uploads\/2026\/SK0018033-CZ20260425-091535-0-1777079743-IMPR-348022.webp","datePublished":"2026-04-27T13:56:38+00:00","breadcrumb":{"@id":"https:\/\/www.koupeltech.com\/index.php\/produkt\/akce-stropni-svitidlo-bengala-cerne-gu10-50w-230v-light-impressions-2326\/#breadcrumb"},"inLanguage":"cs","potentialAction":[{"@type":"ReadAction","target":["https:\/\/www.koupeltech.com\/index.php\/produkt\/akce-stropni-svitidlo-bengala-cerne-gu10-50w-230v-light-impressions-2326\/"]}]},{"@type":"ImageObject","inLanguage":"cs","@id":"https:\/\/www.koupeltech.com\/index.php\/produkt\/akce-stropni-svitidlo-bengala-cerne-gu10-50w-230v-light-impressions-2326\/#primaryimage","url":"https:\/\/www.koupeltech.com\/wp-content\/uploads\/2026\/SK0018033-CZ20260425-091535-0-1777079743-IMPR-348022.webp","contentUrl":"https:\/\/www.koupeltech.com\/wp-content\/uploads\/2026\/SK0018033-CZ20260425-091535-0-1777079743-IMPR-348022.webp","width":624,"height":800},{"@type":"BreadcrumbList","@id":"https:\/\/www.koupeltech.com\/index.php\/produkt\/akce-stropni-svitidlo-bengala-cerne-gu10-50w-230v-light-impressions-2326\/#breadcrumb","itemListElement":[{"@type":"ListItem","position":1,"name":"Home","item":"https:\/\/www.koupeltech.com\/"},{"@type":"ListItem","position":2,"name":"Products","item":"https:\/\/www.koupeltech.com\/index.php\/products\/"},{"@type":"ListItem","position":3,"name":"Akce Stropn\u00ed sv\u00edtidlo Bengala \u010dern\u00e9 GU10 50W 230V &#8211; LIGHT IMPRESSIONS"}]},{"@type":"WebSite","@id":"https:\/\/www.koupeltech.com\/#website","url":"https:\/\/www.koupeltech.com\/","name":"","description":"","potentialAction":[{"@type":"SearchAction","target":{"@type":"EntryPoint","urlTemplate":"https:\/\/www.koupeltech.com\/?s={search_term_string}"},"query-input":{"@type":"PropertyValueSpecification","valueRequired":true,"valueName":"search_term_string"}}],"inLanguage":"cs"}]}},"_links":{"self":[{"href":"https:\/\/www.koupeltech.com\/index.php\/wp-json\/wp\/v2\/product\/2326","targetHints":{"allow":["GET"]}}],"collection":[{"href":"https:\/\/www.koupeltech.com\/index.php\/wp-json\/wp\/v2\/product"}],"about":[{"href":"https:\/\/www.koupeltech.com\/index.php\/wp-json\/wp\/v2\/types\/product"}],"replies":[{"embeddable":true,"href":"https:\/\/www.koupeltech.com\/index.php\/wp-json\/wp\/v2\/comments?post=2326"}],"wp:featuredmedia":[{"embeddable":true,"href":"https:\/\/www.koupeltech.com\/index.php\/wp-json\/wp\/v2\/media\/2426"}],"wp:attachment":[{"href":"https:\/\/www.koupeltech.com\/index.php\/wp-json\/wp\/v2\/media?parent=2326"}],"wp:term":[{"taxonomy":"product_brand","embeddable":true,"href":"https:\/\/www.koupeltech.com\/index.php\/wp-json\/wp\/v2\/product_brand?post=2326"},{"taxonomy":"product_cat","embeddable":true,"href":"https:\/\/www.koupeltech.com\/index.php\/wp-json\/wp\/v2\/product_cat?post=2326"},{"taxonomy":"product_tag","embeddable":true,"href":"https:\/\/www.koupeltech.com\/index.php\/wp-json\/wp\/v2\/product_tag?post=2326"}],"curies":[{"name":"wp","href":"https:\/\/api.w.org\/{rel}","templated":true}]}}