{"id":24497,"date":"2026-04-27T13:59:33","date_gmt":"2026-04-27T13:59:33","guid":{"rendered":""},"modified":"2026-04-27T13:59:33","modified_gmt":"2026-04-27T13:59:33","slug":"200-cm-prodluzovaci-kabel-light-impressions-akcni-nabidka-24497","status":"publish","type":"product","link":"https:\/\/www.koupeltech.com\/index.php\/produkt\/200-cm-prodluzovaci-kabel-light-impressions-akcni-nabidka-24497\/","title":{"rendered":"200 cm prodlu\u017eovac\u00ed kabel &#8211; LIGHT IMPRESSIONS Ak\u010dn\u00ed Nab\u00eddka"},"content":{"rendered":"<h3 class=\"product-h3\">Popis produktu<\/h3>\n<p>\t200 cm prodlu\u017e.kabel\t<\/p>\n<\/p><\/div>\n<\/p><\/div>\n<p><\/p>\n<div class=\"top-params\">\n<h3 class=\"product-h3 collapse-header \" data-toggle=\"collapse\" data-target=\"#collapseOne\" aria-expanded=\"true\" aria-controls=\"collapseOne\">Parametry<\/h3>\n<div id=\"collapseOne\" class=\"collapse show\" aria-labelledby=\"headingOne\" data-parent=\"#product-info-accordion1\">\n<table class=\"table-striped\">\n<tr>\n<td>                V\u00fdrobce            <\/td>\n<td>                LIGHT IMPRESSIONS            <\/td>\n<\/tr>\n<tr>\n<td>                Barva            <\/td>\n<td>                \u010dern\u00e1            <\/td>\n<\/tr>\n<tr>\n<td>                Materi\u00e1l            <\/td>\n<td>                plast            <\/td>\n<\/tr>\n<tr>\n<td>                D\u00e9lka v mm            <\/td>\n<td>                2000            <\/td>\n<\/tr>\n<tr>\n<td>                T\u0159\u00edda ochrany            <\/td>\n<td>                III            <\/td>\n<\/tr>\n<tr>\n<td>                Hmotnost g            <\/td>\n<td>                33            <\/td>\n<\/tr>\n<tr>\n<td>                Nap\u00e1jec\u00ed nap\u011bt\u00ed            <\/td>\n<td>                24V DC            <\/td>\n<\/tr>\n<tr>\n<td>                U v\u00fdrobce dostupn\u00fdch            <\/td>\n<td>                567                    ks            <\/td>\n<\/tr>\n<\/table>\n<\/div><\/div>\n<\/div>\n<div class=\"accordion\" id=\"product-info-accordion2\">\n","protected":false},"excerpt":{"rendered":"<p>Popis produktu 200 cm prodlu\u017e.kabel Parametry V\u00fdrobce LIGHT IMPRESSIONS Barva \u010dern\u00e1 Materi\u00e1l plast D\u00e9lka v mm 2000 T\u0159\u00edda ochrany III Hmotnost g 33 Nap\u00e1jec\u00ed nap\u011bt\u00ed 24V DC U v\u00fdrobce dostupn\u00fdch 567 ks<\/p>\n","protected":false},"featured_media":24597,"comment_status":"open","ping_status":"open","template":"","meta":[],"product_brand":[],"product_cat":[33],"product_tag":[],"class_list":{"0":"post-24497","1":"product","2":"type-product","3":"status-publish","4":"has-post-thumbnail","6":"product_cat-prislusenstvi","8":"first","9":"instock","10":"sale","11":"shipping-taxable","12":"purchasable","13":"product-type-simple"},"yoast_head":"<!-- This site is optimized with the Yoast SEO plugin v26.8 - https:\/\/yoast.com\/product\/yoast-seo-wordpress\/ -->\n<title>200 cm prodlu\u017eovac\u00ed kabel - LIGHT IMPRESSIONS Ak\u010dn\u00ed Nab\u00eddka -<\/title>\n<meta name=\"robots\" content=\"index, follow, max-snippet:-1, max-image-preview:large, max-video-preview:-1\" \/>\n<link rel=\"canonical\" href=\"https:\/\/www.koupeltech.com\/index.php\/produkt\/200-cm-prodluzovaci-kabel-light-impressions-akcni-nabidka-24497\/\" \/>\n<meta property=\"og:locale\" content=\"cs_CZ\" \/>\n<meta property=\"og:type\" content=\"article\" \/>\n<meta property=\"og:title\" content=\"200 cm prodlu\u017eovac\u00ed kabel - LIGHT IMPRESSIONS Ak\u010dn\u00ed Nab\u00eddka -\" \/>\n<meta property=\"og:description\" content=\"Popis produktu 200 cm prodlu\u017e.kabel Parametry V\u00fdrobce LIGHT IMPRESSIONS Barva \u010dern\u00e1 Materi\u00e1l plast D\u00e9lka v mm 2000 T\u0159\u00edda ochrany III Hmotnost g 33 Nap\u00e1jec\u00ed nap\u011bt\u00ed 24V DC U v\u00fdrobce dostupn\u00fdch 567 ks\" \/>\n<meta property=\"og:url\" content=\"https:\/\/www.koupeltech.com\/index.php\/produkt\/200-cm-prodluzovaci-kabel-light-impressions-akcni-nabidka-24497\/\" \/>\n<meta property=\"og:image\" content=\"https:\/\/www.koupeltech.com\/wp-content\/uploads\/2026\/SK0019288-CZ20260425-091535-0-1777079743-IMPR-843255.webp\" \/>\n\t<meta property=\"og:image:width\" content=\"700\" \/>\n\t<meta property=\"og:image:height\" content=\"560\" \/>\n\t<meta property=\"og:image:type\" content=\"image\/webp\" \/>\n<meta name=\"twitter:card\" content=\"summary_large_image\" \/>\n<script type=\"application\/ld+json\" class=\"yoast-schema-graph\">{\"@context\":\"https:\/\/schema.org\",\"@graph\":[{\"@type\":\"WebPage\",\"@id\":\"https:\/\/www.koupeltech.com\/index.php\/produkt\/200-cm-prodluzovaci-kabel-light-impressions-akcni-nabidka-24497\/\",\"url\":\"https:\/\/www.koupeltech.com\/index.php\/produkt\/200-cm-prodluzovaci-kabel-light-impressions-akcni-nabidka-24497\/\",\"name\":\"200 cm prodlu\u017eovac\u00ed kabel - LIGHT IMPRESSIONS Ak\u010dn\u00ed Nab\u00eddka -\",\"isPartOf\":{\"@id\":\"https:\/\/www.koupeltech.com\/#website\"},\"primaryImageOfPage\":{\"@id\":\"https:\/\/www.koupeltech.com\/index.php\/produkt\/200-cm-prodluzovaci-kabel-light-impressions-akcni-nabidka-24497\/#primaryimage\"},\"image\":{\"@id\":\"https:\/\/www.koupeltech.com\/index.php\/produkt\/200-cm-prodluzovaci-kabel-light-impressions-akcni-nabidka-24497\/#primaryimage\"},\"thumbnailUrl\":\"https:\/\/www.koupeltech.com\/wp-content\/uploads\/2026\/SK0019288-CZ20260425-091535-0-1777079743-IMPR-843255.webp\",\"datePublished\":\"2026-04-27T13:59:33+00:00\",\"breadcrumb\":{\"@id\":\"https:\/\/www.koupeltech.com\/index.php\/produkt\/200-cm-prodluzovaci-kabel-light-impressions-akcni-nabidka-24497\/#breadcrumb\"},\"inLanguage\":\"cs\",\"potentialAction\":[{\"@type\":\"ReadAction\",\"target\":[\"https:\/\/www.koupeltech.com\/index.php\/produkt\/200-cm-prodluzovaci-kabel-light-impressions-akcni-nabidka-24497\/\"]}]},{\"@type\":\"ImageObject\",\"inLanguage\":\"cs\",\"@id\":\"https:\/\/www.koupeltech.com\/index.php\/produkt\/200-cm-prodluzovaci-kabel-light-impressions-akcni-nabidka-24497\/#primaryimage\",\"url\":\"https:\/\/www.koupeltech.com\/wp-content\/uploads\/2026\/SK0019288-CZ20260425-091535-0-1777079743-IMPR-843255.webp\",\"contentUrl\":\"https:\/\/www.koupeltech.com\/wp-content\/uploads\/2026\/SK0019288-CZ20260425-091535-0-1777079743-IMPR-843255.webp\",\"width\":700,\"height\":560},{\"@type\":\"BreadcrumbList\",\"@id\":\"https:\/\/www.koupeltech.com\/index.php\/produkt\/200-cm-prodluzovaci-kabel-light-impressions-akcni-nabidka-24497\/#breadcrumb\",\"itemListElement\":[{\"@type\":\"ListItem\",\"position\":1,\"name\":\"Home\",\"item\":\"https:\/\/www.koupeltech.com\/\"},{\"@type\":\"ListItem\",\"position\":2,\"name\":\"Products\",\"item\":\"https:\/\/www.koupeltech.com\/index.php\/products\/\"},{\"@type\":\"ListItem\",\"position\":3,\"name\":\"200 cm prodlu\u017eovac\u00ed kabel &#8211; LIGHT IMPRESSIONS Ak\u010dn\u00ed Nab\u00eddka\"}]},{\"@type\":\"WebSite\",\"@id\":\"https:\/\/www.koupeltech.com\/#website\",\"url\":\"https:\/\/www.koupeltech.com\/\",\"name\":\"\",\"description\":\"\",\"potentialAction\":[{\"@type\":\"SearchAction\",\"target\":{\"@type\":\"EntryPoint\",\"urlTemplate\":\"https:\/\/www.koupeltech.com\/?s={search_term_string}\"},\"query-input\":{\"@type\":\"PropertyValueSpecification\",\"valueRequired\":true,\"valueName\":\"search_term_string\"}}],\"inLanguage\":\"cs\"}]}<\/script>\n<!-- \/ Yoast SEO plugin. -->","yoast_head_json":{"title":"200 cm prodlu\u017eovac\u00ed kabel - LIGHT IMPRESSIONS Ak\u010dn\u00ed Nab\u00eddka -","robots":{"index":"index","follow":"follow","max-snippet":"max-snippet:-1","max-image-preview":"max-image-preview:large","max-video-preview":"max-video-preview:-1"},"canonical":"https:\/\/www.koupeltech.com\/index.php\/produkt\/200-cm-prodluzovaci-kabel-light-impressions-akcni-nabidka-24497\/","og_locale":"cs_CZ","og_type":"article","og_title":"200 cm prodlu\u017eovac\u00ed kabel - LIGHT IMPRESSIONS Ak\u010dn\u00ed Nab\u00eddka -","og_description":"Popis produktu 200 cm prodlu\u017e.kabel Parametry V\u00fdrobce LIGHT IMPRESSIONS Barva \u010dern\u00e1 Materi\u00e1l plast D\u00e9lka v mm 2000 T\u0159\u00edda ochrany III Hmotnost g 33 Nap\u00e1jec\u00ed nap\u011bt\u00ed 24V DC U v\u00fdrobce dostupn\u00fdch 567 ks","og_url":"https:\/\/www.koupeltech.com\/index.php\/produkt\/200-cm-prodluzovaci-kabel-light-impressions-akcni-nabidka-24497\/","og_image":[{"width":700,"height":560,"url":"https:\/\/www.koupeltech.com\/wp-content\/uploads\/2026\/SK0019288-CZ20260425-091535-0-1777079743-IMPR-843255.webp","type":"image\/webp"}],"twitter_card":"summary_large_image","schema":{"@context":"https:\/\/schema.org","@graph":[{"@type":"WebPage","@id":"https:\/\/www.koupeltech.com\/index.php\/produkt\/200-cm-prodluzovaci-kabel-light-impressions-akcni-nabidka-24497\/","url":"https:\/\/www.koupeltech.com\/index.php\/produkt\/200-cm-prodluzovaci-kabel-light-impressions-akcni-nabidka-24497\/","name":"200 cm prodlu\u017eovac\u00ed kabel - LIGHT IMPRESSIONS Ak\u010dn\u00ed Nab\u00eddka -","isPartOf":{"@id":"https:\/\/www.koupeltech.com\/#website"},"primaryImageOfPage":{"@id":"https:\/\/www.koupeltech.com\/index.php\/produkt\/200-cm-prodluzovaci-kabel-light-impressions-akcni-nabidka-24497\/#primaryimage"},"image":{"@id":"https:\/\/www.koupeltech.com\/index.php\/produkt\/200-cm-prodluzovaci-kabel-light-impressions-akcni-nabidka-24497\/#primaryimage"},"thumbnailUrl":"https:\/\/www.koupeltech.com\/wp-content\/uploads\/2026\/SK0019288-CZ20260425-091535-0-1777079743-IMPR-843255.webp","datePublished":"2026-04-27T13:59:33+00:00","breadcrumb":{"@id":"https:\/\/www.koupeltech.com\/index.php\/produkt\/200-cm-prodluzovaci-kabel-light-impressions-akcni-nabidka-24497\/#breadcrumb"},"inLanguage":"cs","potentialAction":[{"@type":"ReadAction","target":["https:\/\/www.koupeltech.com\/index.php\/produkt\/200-cm-prodluzovaci-kabel-light-impressions-akcni-nabidka-24497\/"]}]},{"@type":"ImageObject","inLanguage":"cs","@id":"https:\/\/www.koupeltech.com\/index.php\/produkt\/200-cm-prodluzovaci-kabel-light-impressions-akcni-nabidka-24497\/#primaryimage","url":"https:\/\/www.koupeltech.com\/wp-content\/uploads\/2026\/SK0019288-CZ20260425-091535-0-1777079743-IMPR-843255.webp","contentUrl":"https:\/\/www.koupeltech.com\/wp-content\/uploads\/2026\/SK0019288-CZ20260425-091535-0-1777079743-IMPR-843255.webp","width":700,"height":560},{"@type":"BreadcrumbList","@id":"https:\/\/www.koupeltech.com\/index.php\/produkt\/200-cm-prodluzovaci-kabel-light-impressions-akcni-nabidka-24497\/#breadcrumb","itemListElement":[{"@type":"ListItem","position":1,"name":"Home","item":"https:\/\/www.koupeltech.com\/"},{"@type":"ListItem","position":2,"name":"Products","item":"https:\/\/www.koupeltech.com\/index.php\/products\/"},{"@type":"ListItem","position":3,"name":"200 cm prodlu\u017eovac\u00ed kabel &#8211; LIGHT IMPRESSIONS Ak\u010dn\u00ed Nab\u00eddka"}]},{"@type":"WebSite","@id":"https:\/\/www.koupeltech.com\/#website","url":"https:\/\/www.koupeltech.com\/","name":"","description":"","potentialAction":[{"@type":"SearchAction","target":{"@type":"EntryPoint","urlTemplate":"https:\/\/www.koupeltech.com\/?s={search_term_string}"},"query-input":{"@type":"PropertyValueSpecification","valueRequired":true,"valueName":"search_term_string"}}],"inLanguage":"cs"}]}},"_links":{"self":[{"href":"https:\/\/www.koupeltech.com\/index.php\/wp-json\/wp\/v2\/product\/24497","targetHints":{"allow":["GET"]}}],"collection":[{"href":"https:\/\/www.koupeltech.com\/index.php\/wp-json\/wp\/v2\/product"}],"about":[{"href":"https:\/\/www.koupeltech.com\/index.php\/wp-json\/wp\/v2\/types\/product"}],"replies":[{"embeddable":true,"href":"https:\/\/www.koupeltech.com\/index.php\/wp-json\/wp\/v2\/comments?post=24497"}],"wp:featuredmedia":[{"embeddable":true,"href":"https:\/\/www.koupeltech.com\/index.php\/wp-json\/wp\/v2\/media\/24597"}],"wp:attachment":[{"href":"https:\/\/www.koupeltech.com\/index.php\/wp-json\/wp\/v2\/media?parent=24497"}],"wp:term":[{"taxonomy":"product_brand","embeddable":true,"href":"https:\/\/www.koupeltech.com\/index.php\/wp-json\/wp\/v2\/product_brand?post=24497"},{"taxonomy":"product_cat","embeddable":true,"href":"https:\/\/www.koupeltech.com\/index.php\/wp-json\/wp\/v2\/product_cat?post=24497"},{"taxonomy":"product_tag","embeddable":true,"href":"https:\/\/www.koupeltech.com\/index.php\/wp-json\/wp\/v2\/product_tag?post=24497"}],"curies":[{"name":"wp","href":"https:\/\/api.w.org\/{rel}","templated":true}]}}