{"id":28118,"date":"2026-04-27T14:00:06","date_gmt":"2026-04-27T14:00:06","guid":{"rendered":""},"modified":"2026-04-27T14:00:06","modified_gmt":"2026-04-27T14:00:06","slug":"akce-sikafloor-2600-ab-ral7035-25kg-28118","status":"publish","type":"product","link":"https:\/\/www.koupeltech.com\/index.php\/produkt\/akce-sikafloor-2600-ab-ral7035-25kg-28118\/","title":{"rendered":"Akce Sikafloor-2600 (AB) RAL7035 25KG"},"content":{"rendered":"<table>\n<div class=\"tab-pane active product-description\" id=\"popis\" role=\"tabpanel\">\n<div class=\"short-description\" itemprop=\"description\">2komponentn\u00ed, bezrozpou\u0161t\u011bdlov\u00e9, barevn\u00e9 pojivo na b\u00e1zi epoxidov\u00e9 prysky\u0159ice, pro zhotoven\u00ed samonivela\u010dn\u00edch podlahov\u00fdch n\u00e1t\u011br\u016f. <\/div>\n<div class=\"description\">\u25baSikafloor\u00ae-2600 je 2komponentn\u00ed, bezrozpou\u0161t\u011bdlov\u00e9, barevn\u00e9 pojivo na b\u00e1zi epoxidov\u00e9 prysky\u0159ice, pro zhotoven\u00ed samonivela\u010dn\u00edch podlahov\u00fdch n\u00e1t\u011br\u016f.<span class='bullet-line'>Snadn\u00e1 aplikace<br \/><\/span><span class='bullet-line'>Ekonomick\u00e9 \u0159e\u0161en\u00ed<br \/><\/span><span class='bullet-line'>Vodot\u011bsn\u00fd\/ odoln\u00fd v\u016f\u010di kapalin\u00e1m<br \/><\/span><br \/>\u25baPou\u017eit\u00ed<span class='bullet-line'>Pro zhotoven\u00ed samonivela\u010dn\u00edho podlahov\u00e9ho n\u00e1t\u011bru na beton a\/nebo cementov\u00e9 podklady, pro norm\u00e1ln\u00ed a\u017e st\u0159edn\u011b t\u011b\u017ek\u00e9 zat\u00ed\u017een\u00ed.<br \/><\/span><span class='bullet-line'>Vhodn\u00fd nap\u0159.: pro skladovac\u00ed a v\u00fdrobn\u00ed prostory, d\u00edlny, gar\u00e1\u017ee a nakl\u00e1dac\u00ed rampy.<br \/><\/span><span class='bullet-line'>Pro zhotoven\u00ed prosypan\u00e9ho, protiskluzn\u00e9ho podlahov\u00e9ho n\u00e1t\u011brov\u00e9ho syst\u00e9mu na beton nebo cementov\u00e9 podklady s protiskluzn\u00fdmi a protismykov\u00fdmi vlastnostmi, nap\u0159. v potravinov\u00e9m a n\u00e1pojov\u00e9m pr\u016fmyslu, v dal\u0161\u00edch v\u00fdrobn\u00edch prostorech apod.<br \/><\/span> <br \/>\u25ba V\u00fdhody<span class='bullet-line'>Snadn\u00e1 aplikace<br \/><\/span><span class='bullet-line'>Ekonomick\u00e9 \u0159e\u0161en\u00ed<br \/><\/span><span class='bullet-line'>Vodot\u011bsn\u00fd\/ odoln\u00fd v\u016f\u010di kapalin\u00e1m<br \/><\/span><span class='bullet-line'>Leskl\u00fd povrch<br \/><\/span><span class='bullet-line'>Mo\u017en\u00e1 \u00faprava jako protiskluzn\u00fd povrch<br \/><\/span><span class='bullet-line'>Bez obsahu fenolu<br \/><\/span><br \/>\u25ba Balen\u00ed<span class='bullet-line'>Komponent A &#8211; prysky\u0159ice 19.90 kg<br \/><\/span><span class='bullet-line'>Komponent B &#8211; tvrdidlo 5.10 kg<br \/><\/span><span class='bullet-line'>Komponenty A + B p\u0159ipraven\u00e9 k m\u00edch\u00e1n\u00ed 25.00 kg<br \/><\/span><br \/>\u25ba Barva<span class='bullet-line'>Komponent A &#8211; prysky\u0159ice <br \/><\/span>barevn\u00e1 kapalina <br \/>cca. RAL 7032, dal\u0161\u00ed barvy na vy\u017e\u00e1d\u00e1n\u00ed<span class='bullet-line'>* Komponent B &#8211; tvrdidlo<br \/><\/span>transparentn\u00ed kapalina<\/p>\n<p>\u25ba Chemick\u00e1 b\u00e1ze<span class='bullet-line'>Epoxidov\u00e1 prysky\u0159ice.<\/span><\/div>\n<div class=\"parameters\">\n<tr>\n<td>Tvrdost Shore D<\/td>\n<td><\/td>\n<\/tr>\n<tr>\n<td>~ 72<\/td>\n<td>po 7 dnech p\u0159i +23\u00b0C<\/td>\n<\/tr>\n<tr>\n<td>Pevnost v tlaku<\/td>\n<td>Pln\u011bn\u00e9 pojivo 1:0.5 s vhodn\u00fdm k\u0159emi\u010dit\u00fdm p\u00edskem nap\u0159. Geba BSC 413<\/td>\n<\/tr>\n<tr>\n<td>~ 50 N\/mm\u00b2<\/td>\n<td>po 28 dnech p\u0159i +23\u00b0C<\/td>\n<\/tr>\n<tr>\n<td>Pevnost v ohybu<\/td>\n<td>Pln\u011bn\u00e9 pojivo  1:0.5 s vhodn\u00fdm k\u0159emi\u010dit\u00fdm p\u00edskem nap\u0159. Geba BSC 413<\/td>\n<\/tr>\n<tr>\n<td>~ 25 N\/mm\u00b2<\/td>\n<td>po 28 dnech p\u0159i +23\u00b0C<\/td>\n<\/tr>\n<tr>\n<td>Chemick\u00e1 odolnost<\/td>\n<td><\/td>\n<\/tr>\n<tr>\n<td>Sikafloor\u00ae-2600 odol\u00e1v\u00e1 mnoha chemik\u00e1li\u00edm.<\/td>\n<td><\/td>\n<\/tr><\/div>\n<\/table>\n","protected":false},"excerpt":{"rendered":"<p>2komponentn\u00ed, bezrozpou\u0161t\u011bdlov\u00e9, barevn\u00e9 pojivo na b\u00e1zi epoxidov\u00e9 prysky\u0159ice, pro zhotoven\u00ed samonivela\u010dn\u00edch podlahov\u00fdch n\u00e1t\u011br\u016f. \u25baSikafloor\u00ae-2600 je 2komponentn\u00ed, bezrozpou\u0161t\u011bdlov\u00e9, barevn\u00e9 pojivo na b\u00e1zi epoxidov\u00e9 prysky\u0159ice, pro zhotoven\u00ed samonivela\u010dn\u00edch podlahov\u00fdch n\u00e1t\u011br\u016f.Snadn\u00e1 aplikaceEkonomick\u00e9 \u0159e\u0161en\u00edVodot\u011bsn\u00fd\/ odoln\u00fd v\u016f\u010di kapalin\u00e1m\u25baPou\u017eit\u00edPro zhotoven\u00ed samonivela\u010dn\u00edho podlahov\u00e9ho n\u00e1t\u011bru na beton a\/nebo cementov\u00e9 podklady, pro norm\u00e1ln\u00ed a\u017e st\u0159edn\u011b t\u011b\u017ek\u00e9 zat\u00ed\u017een\u00ed.Vhodn\u00fd nap\u0159.: pro skladovac\u00ed a v\u00fdrobn\u00ed prostory, d\u00edlny, [&hellip;]<\/p>\n","protected":false},"featured_media":28218,"comment_status":"open","ping_status":"open","template":"","meta":[],"product_brand":[],"product_cat":[40,42,41],"product_tag":[],"class_list":{"0":"post-28118","1":"product","2":"type-product","3":"status-publish","4":"has-post-thumbnail","6":"product_cat-barvy","7":"product_cat-chemie","8":"product_cat-laky","10":"first","11":"instock","12":"sale","13":"shipping-taxable","14":"purchasable","15":"product-type-simple"},"yoast_head":"<!-- This site is optimized with the Yoast SEO plugin v26.8 - https:\/\/yoast.com\/product\/yoast-seo-wordpress\/ -->\n<title>Akce Sikafloor-2600 (AB) RAL7035 25KG -<\/title>\n<meta name=\"robots\" content=\"index, follow, max-snippet:-1, max-image-preview:large, max-video-preview:-1\" \/>\n<link rel=\"canonical\" href=\"https:\/\/www.koupeltech.com\/index.php\/produkt\/akce-sikafloor-2600-ab-ral7035-25kg-28118\/\" \/>\n<meta property=\"og:locale\" content=\"cs_CZ\" \/>\n<meta property=\"og:type\" content=\"article\" \/>\n<meta property=\"og:title\" content=\"Akce Sikafloor-2600 (AB) RAL7035 25KG -\" \/>\n<meta property=\"og:description\" content=\"2komponentn\u00ed, bezrozpou\u0161t\u011bdlov\u00e9, barevn\u00e9 pojivo na b\u00e1zi epoxidov\u00e9 prysky\u0159ice, pro zhotoven\u00ed samonivela\u010dn\u00edch podlahov\u00fdch n\u00e1t\u011br\u016f. \u25baSikafloor\u00ae-2600 je 2komponentn\u00ed, bezrozpou\u0161t\u011bdlov\u00e9, barevn\u00e9 pojivo na b\u00e1zi epoxidov\u00e9 prysky\u0159ice, pro zhotoven\u00ed samonivela\u010dn\u00edch podlahov\u00fdch n\u00e1t\u011br\u016f.Snadn\u00e1 aplikaceEkonomick\u00e9 \u0159e\u0161en\u00edVodot\u011bsn\u00fd\/ odoln\u00fd v\u016f\u010di kapalin\u00e1m\u25baPou\u017eit\u00edPro zhotoven\u00ed samonivela\u010dn\u00edho podlahov\u00e9ho n\u00e1t\u011bru na beton a\/nebo cementov\u00e9 podklady, pro norm\u00e1ln\u00ed a\u017e st\u0159edn\u011b t\u011b\u017ek\u00e9 zat\u00ed\u017een\u00ed.Vhodn\u00fd nap\u0159.: pro skladovac\u00ed a v\u00fdrobn\u00ed prostory, d\u00edlny, [&hellip;]\" \/>\n<meta property=\"og:url\" content=\"https:\/\/www.koupeltech.com\/index.php\/produkt\/akce-sikafloor-2600-ab-ral7035-25kg-28118\/\" \/>\n<meta property=\"og:image\" content=\"https:\/\/www.koupeltech.com\/wp-content\/uploads\/2026\/SK0023756-CZ20260425-092328-0-1777080210-02-cs-sikafloor-2600_hybrisproductimages.webp\" \/>\n\t<meta property=\"og:image:width\" content=\"700\" \/>\n\t<meta property=\"og:image:height\" content=\"700\" \/>\n\t<meta property=\"og:image:type\" content=\"image\/webp\" \/>\n<meta name=\"twitter:card\" content=\"summary_large_image\" \/>\n<meta name=\"twitter:label1\" content=\"Odhadovan\u00e1 doba \u010dten\u00ed\" \/>\n\t<meta name=\"twitter:data1\" content=\"1 minuta\" \/>\n<script type=\"application\/ld+json\" class=\"yoast-schema-graph\">{\"@context\":\"https:\/\/schema.org\",\"@graph\":[{\"@type\":\"WebPage\",\"@id\":\"https:\/\/www.koupeltech.com\/index.php\/produkt\/akce-sikafloor-2600-ab-ral7035-25kg-28118\/\",\"url\":\"https:\/\/www.koupeltech.com\/index.php\/produkt\/akce-sikafloor-2600-ab-ral7035-25kg-28118\/\",\"name\":\"Akce Sikafloor-2600 (AB) RAL7035 25KG -\",\"isPartOf\":{\"@id\":\"https:\/\/www.koupeltech.com\/#website\"},\"primaryImageOfPage\":{\"@id\":\"https:\/\/www.koupeltech.com\/index.php\/produkt\/akce-sikafloor-2600-ab-ral7035-25kg-28118\/#primaryimage\"},\"image\":{\"@id\":\"https:\/\/www.koupeltech.com\/index.php\/produkt\/akce-sikafloor-2600-ab-ral7035-25kg-28118\/#primaryimage\"},\"thumbnailUrl\":\"https:\/\/www.koupeltech.com\/wp-content\/uploads\/2026\/SK0023756-CZ20260425-092328-0-1777080210-02-cs-sikafloor-2600_hybrisproductimages.webp\",\"datePublished\":\"2026-04-27T14:00:06+00:00\",\"breadcrumb\":{\"@id\":\"https:\/\/www.koupeltech.com\/index.php\/produkt\/akce-sikafloor-2600-ab-ral7035-25kg-28118\/#breadcrumb\"},\"inLanguage\":\"cs\",\"potentialAction\":[{\"@type\":\"ReadAction\",\"target\":[\"https:\/\/www.koupeltech.com\/index.php\/produkt\/akce-sikafloor-2600-ab-ral7035-25kg-28118\/\"]}]},{\"@type\":\"ImageObject\",\"inLanguage\":\"cs\",\"@id\":\"https:\/\/www.koupeltech.com\/index.php\/produkt\/akce-sikafloor-2600-ab-ral7035-25kg-28118\/#primaryimage\",\"url\":\"https:\/\/www.koupeltech.com\/wp-content\/uploads\/2026\/SK0023756-CZ20260425-092328-0-1777080210-02-cs-sikafloor-2600_hybrisproductimages.webp\",\"contentUrl\":\"https:\/\/www.koupeltech.com\/wp-content\/uploads\/2026\/SK0023756-CZ20260425-092328-0-1777080210-02-cs-sikafloor-2600_hybrisproductimages.webp\",\"width\":700,\"height\":700},{\"@type\":\"BreadcrumbList\",\"@id\":\"https:\/\/www.koupeltech.com\/index.php\/produkt\/akce-sikafloor-2600-ab-ral7035-25kg-28118\/#breadcrumb\",\"itemListElement\":[{\"@type\":\"ListItem\",\"position\":1,\"name\":\"Home\",\"item\":\"https:\/\/www.koupeltech.com\/\"},{\"@type\":\"ListItem\",\"position\":2,\"name\":\"Products\",\"item\":\"https:\/\/www.koupeltech.com\/index.php\/products\/\"},{\"@type\":\"ListItem\",\"position\":3,\"name\":\"Akce Sikafloor-2600 (AB) RAL7035 25KG\"}]},{\"@type\":\"WebSite\",\"@id\":\"https:\/\/www.koupeltech.com\/#website\",\"url\":\"https:\/\/www.koupeltech.com\/\",\"name\":\"\",\"description\":\"\",\"potentialAction\":[{\"@type\":\"SearchAction\",\"target\":{\"@type\":\"EntryPoint\",\"urlTemplate\":\"https:\/\/www.koupeltech.com\/?s={search_term_string}\"},\"query-input\":{\"@type\":\"PropertyValueSpecification\",\"valueRequired\":true,\"valueName\":\"search_term_string\"}}],\"inLanguage\":\"cs\"}]}<\/script>\n<!-- \/ Yoast SEO plugin. -->","yoast_head_json":{"title":"Akce Sikafloor-2600 (AB) RAL7035 25KG -","robots":{"index":"index","follow":"follow","max-snippet":"max-snippet:-1","max-image-preview":"max-image-preview:large","max-video-preview":"max-video-preview:-1"},"canonical":"https:\/\/www.koupeltech.com\/index.php\/produkt\/akce-sikafloor-2600-ab-ral7035-25kg-28118\/","og_locale":"cs_CZ","og_type":"article","og_title":"Akce Sikafloor-2600 (AB) RAL7035 25KG -","og_description":"2komponentn\u00ed, bezrozpou\u0161t\u011bdlov\u00e9, barevn\u00e9 pojivo na b\u00e1zi epoxidov\u00e9 prysky\u0159ice, pro zhotoven\u00ed samonivela\u010dn\u00edch podlahov\u00fdch n\u00e1t\u011br\u016f. \u25baSikafloor\u00ae-2600 je 2komponentn\u00ed, bezrozpou\u0161t\u011bdlov\u00e9, barevn\u00e9 pojivo na b\u00e1zi epoxidov\u00e9 prysky\u0159ice, pro zhotoven\u00ed samonivela\u010dn\u00edch podlahov\u00fdch n\u00e1t\u011br\u016f.Snadn\u00e1 aplikaceEkonomick\u00e9 \u0159e\u0161en\u00edVodot\u011bsn\u00fd\/ odoln\u00fd v\u016f\u010di kapalin\u00e1m\u25baPou\u017eit\u00edPro zhotoven\u00ed samonivela\u010dn\u00edho podlahov\u00e9ho n\u00e1t\u011bru na beton a\/nebo cementov\u00e9 podklady, pro norm\u00e1ln\u00ed a\u017e st\u0159edn\u011b t\u011b\u017ek\u00e9 zat\u00ed\u017een\u00ed.Vhodn\u00fd nap\u0159.: pro skladovac\u00ed a v\u00fdrobn\u00ed prostory, d\u00edlny, [&hellip;]","og_url":"https:\/\/www.koupeltech.com\/index.php\/produkt\/akce-sikafloor-2600-ab-ral7035-25kg-28118\/","og_image":[{"width":700,"height":700,"url":"https:\/\/www.koupeltech.com\/wp-content\/uploads\/2026\/SK0023756-CZ20260425-092328-0-1777080210-02-cs-sikafloor-2600_hybrisproductimages.webp","type":"image\/webp"}],"twitter_card":"summary_large_image","twitter_misc":{"Odhadovan\u00e1 doba \u010dten\u00ed":"1 minuta"},"schema":{"@context":"https:\/\/schema.org","@graph":[{"@type":"WebPage","@id":"https:\/\/www.koupeltech.com\/index.php\/produkt\/akce-sikafloor-2600-ab-ral7035-25kg-28118\/","url":"https:\/\/www.koupeltech.com\/index.php\/produkt\/akce-sikafloor-2600-ab-ral7035-25kg-28118\/","name":"Akce Sikafloor-2600 (AB) RAL7035 25KG -","isPartOf":{"@id":"https:\/\/www.koupeltech.com\/#website"},"primaryImageOfPage":{"@id":"https:\/\/www.koupeltech.com\/index.php\/produkt\/akce-sikafloor-2600-ab-ral7035-25kg-28118\/#primaryimage"},"image":{"@id":"https:\/\/www.koupeltech.com\/index.php\/produkt\/akce-sikafloor-2600-ab-ral7035-25kg-28118\/#primaryimage"},"thumbnailUrl":"https:\/\/www.koupeltech.com\/wp-content\/uploads\/2026\/SK0023756-CZ20260425-092328-0-1777080210-02-cs-sikafloor-2600_hybrisproductimages.webp","datePublished":"2026-04-27T14:00:06+00:00","breadcrumb":{"@id":"https:\/\/www.koupeltech.com\/index.php\/produkt\/akce-sikafloor-2600-ab-ral7035-25kg-28118\/#breadcrumb"},"inLanguage":"cs","potentialAction":[{"@type":"ReadAction","target":["https:\/\/www.koupeltech.com\/index.php\/produkt\/akce-sikafloor-2600-ab-ral7035-25kg-28118\/"]}]},{"@type":"ImageObject","inLanguage":"cs","@id":"https:\/\/www.koupeltech.com\/index.php\/produkt\/akce-sikafloor-2600-ab-ral7035-25kg-28118\/#primaryimage","url":"https:\/\/www.koupeltech.com\/wp-content\/uploads\/2026\/SK0023756-CZ20260425-092328-0-1777080210-02-cs-sikafloor-2600_hybrisproductimages.webp","contentUrl":"https:\/\/www.koupeltech.com\/wp-content\/uploads\/2026\/SK0023756-CZ20260425-092328-0-1777080210-02-cs-sikafloor-2600_hybrisproductimages.webp","width":700,"height":700},{"@type":"BreadcrumbList","@id":"https:\/\/www.koupeltech.com\/index.php\/produkt\/akce-sikafloor-2600-ab-ral7035-25kg-28118\/#breadcrumb","itemListElement":[{"@type":"ListItem","position":1,"name":"Home","item":"https:\/\/www.koupeltech.com\/"},{"@type":"ListItem","position":2,"name":"Products","item":"https:\/\/www.koupeltech.com\/index.php\/products\/"},{"@type":"ListItem","position":3,"name":"Akce Sikafloor-2600 (AB) RAL7035 25KG"}]},{"@type":"WebSite","@id":"https:\/\/www.koupeltech.com\/#website","url":"https:\/\/www.koupeltech.com\/","name":"","description":"","potentialAction":[{"@type":"SearchAction","target":{"@type":"EntryPoint","urlTemplate":"https:\/\/www.koupeltech.com\/?s={search_term_string}"},"query-input":{"@type":"PropertyValueSpecification","valueRequired":true,"valueName":"search_term_string"}}],"inLanguage":"cs"}]}},"_links":{"self":[{"href":"https:\/\/www.koupeltech.com\/index.php\/wp-json\/wp\/v2\/product\/28118","targetHints":{"allow":["GET"]}}],"collection":[{"href":"https:\/\/www.koupeltech.com\/index.php\/wp-json\/wp\/v2\/product"}],"about":[{"href":"https:\/\/www.koupeltech.com\/index.php\/wp-json\/wp\/v2\/types\/product"}],"replies":[{"embeddable":true,"href":"https:\/\/www.koupeltech.com\/index.php\/wp-json\/wp\/v2\/comments?post=28118"}],"wp:featuredmedia":[{"embeddable":true,"href":"https:\/\/www.koupeltech.com\/index.php\/wp-json\/wp\/v2\/media\/28218"}],"wp:attachment":[{"href":"https:\/\/www.koupeltech.com\/index.php\/wp-json\/wp\/v2\/media?parent=28118"}],"wp:term":[{"taxonomy":"product_brand","embeddable":true,"href":"https:\/\/www.koupeltech.com\/index.php\/wp-json\/wp\/v2\/product_brand?post=28118"},{"taxonomy":"product_cat","embeddable":true,"href":"https:\/\/www.koupeltech.com\/index.php\/wp-json\/wp\/v2\/product_cat?post=28118"},{"taxonomy":"product_tag","embeddable":true,"href":"https:\/\/www.koupeltech.com\/index.php\/wp-json\/wp\/v2\/product_tag?post=28118"}],"curies":[{"name":"wp","href":"https:\/\/api.w.org\/{rel}","templated":true}]}}