{"id":28137,"date":"2026-04-27T14:00:06","date_gmt":"2026-04-27T14:00:06","guid":{"rendered":""},"modified":"2026-04-27T14:00:06","modified_gmt":"2026-04-27T14:00:06","slug":"makita-dhw080zk-aku-vysokotlaka-mycka-li-ion-lxt-2x18v-bez-aku-z-zlevneny-28137","status":"publish","type":"product","link":"https:\/\/www.koupeltech.com\/index.php\/produkt\/makita-dhw080zk-aku-vysokotlaka-mycka-li-ion-lxt-2x18v-bez-aku-z-zlevneny-28137\/","title":{"rendered":"Makita DHW080ZK Aku vysokotlak\u00e1 my\u010dka Li-ion LXT 2x18V,bez aku    Z Zlevn\u011bn\u00fd"},"content":{"rendered":"<table>\n<div class=\"tab-pane active product-description\" id=\"popis\" role=\"tabpanel\">\n<div class=\"short-description\" itemprop=\"description\"><\/div>\n<div class=\"description\">\n<p><span class=\"bullet-line\">Lehk\u00e1 a tich\u00e1 tlakov\u00e1 my\u010dka funguj\u00ed na dva akumul\u00e1tory Li-ion 18V LXT<\/span><br \/><span class=\"bullet-line\">Umo\u017e\u0148uje pr\u00e1ci bez nutnosti p\u0159ipojen\u00ed k elektrick\u00e9 a vodovodn\u00ed s\u00edti<\/span><br \/><span class=\"bullet-line\">P\u0159epravn\u00ed kufr funguje z\u00e1rove\u0148 jako n\u00e1doba na vodu s objemem 50 l<\/span><br \/><span class=\"bullet-line\">Mo\u017enost nas\u00e1v\u00e1n\u00ed vody z n\u00e1doby<\/span><br \/><span class=\"bullet-line\">Spolehliv\u00fd bezuhl\u00edkov\u00fd motor<\/span><br \/><span class=\"bullet-line\">Stroj je odoln\u00fd proti prachu a vod\u011b<\/span><br \/><span class=\"bullet-line\">Mo\u017enost nastaven\u00ed dvou \u00farovn\u00ed tlaku podle prov\u00e1d\u011bn\u00e9 pr\u00e1ce 30\/55 bar<\/span><br \/><span class=\"bullet-line\">Mo\u017enost regulace tlaku pomoc\u00ed trysky<\/span><br \/><span class=\"bullet-line\">Integrovan\u00e9 dr\u017e\u00e1ky p\u0159\u00edslu\u0161enstv\u00ed<\/span><br \/><span class=\"bullet-line\">P\u0159epravn\u00ed kufr je kompatibiln\u00ed s kufry Makpac<\/span><br \/><span class=\"bullet-line\">Stejn\u00e9 p\u0159\u00edslu\u0161enstv\u00ed jako u tlakov\u00fdch my\u010dek HW1200 a HW1300<\/span><\/p>\n<p>\u25ba P\u0159\u00edslu\u0161enstv\u00ed<span class=\"bullet-line\">P\u0159epravn\u00ed kufr (127104-4)<\/span><br \/><span class=\"bullet-line\">Pistole (197842-2)<\/span><br \/><span class=\"bullet-line\">Tryska nastaviteln\u00e1 (197822-8)<\/span><br \/><span class=\"bullet-line\">Vysokotlak\u00e1 hadice 5 m (126766-5)<\/span><br \/><span class=\"bullet-line\">Adapt\u00e9r pro nas\u00e1v\u00e1n\u00ed (197873-1)<\/span><br \/><span class=\"bullet-line\">Adapt\u00e9r pro p\u0159ipojen\u00ed (197881-2)<\/span><br \/><span class=\"bullet-line\">Adapt\u00e9r pro p\u0159ipojen\u00ed k \u0159\u00e1du (197883-8)<\/span><br \/><span class=\"bullet-line\">Adapt\u00e9r na \u010di\u0161t\u011bn\u00ed trysky (197879-9)<\/span><\/p>\n<\/div>\n<div class=\"parameters\">\n<tr>\n<td>Akumul\u00e1tor<\/td>\n<td>Li-ion 2x18V<\/td>\n<\/tr>\n<tr>\n<td>Pracovn\u00ed tlak<\/td>\n<td>30 \/ 55 bar<\/td>\n<\/tr>\n<tr>\n<td>Maxim\u00e1ln\u00ed tlak<\/td>\n<td>80 bar<\/td>\n<\/tr>\n<tr>\n<td>Pr\u016ftok vody<\/td>\n<td>240 \/ 330 l \/ h<\/td>\n<\/tr>\n<tr>\n<td>Doba pou\u017eit\u00ed\/akumul\u00e1tor<\/td>\n<td>34\/15 min s BL1860B<\/td>\n<\/tr>\n<tr>\n<td>Max. teplota vody<\/td>\n<td>40 \u00b0C<\/td>\n<\/tr>\n<tr>\n<td>Hmotnost<\/td>\n<td>6,3 \/ 7,7 kg<\/td>\n<\/tr>\n<tr>\n<td>Rozm\u011bry (Dx\u0160xV)<\/td>\n<td>438 x 218 x 269 mm<\/td>\n<\/tr><\/div>\n<\/table>\n","protected":false},"excerpt":{"rendered":"<p>Lehk\u00e1 a tich\u00e1 tlakov\u00e1 my\u010dka funguj\u00ed na dva akumul\u00e1tory Li-ion 18V LXTUmo\u017e\u0148uje pr\u00e1ci bez nutnosti p\u0159ipojen\u00ed k elektrick\u00e9 a vodovodn\u00ed s\u00edtiP\u0159epravn\u00ed kufr funguje z\u00e1rove\u0148 jako n\u00e1doba na vodu s objemem 50 lMo\u017enost nas\u00e1v\u00e1n\u00ed vody z n\u00e1dobySpolehliv\u00fd bezuhl\u00edkov\u00fd motorStroj je odoln\u00fd proti prachu a vod\u011bMo\u017enost nastaven\u00ed dvou \u00farovn\u00ed tlaku podle prov\u00e1d\u011bn\u00e9 pr\u00e1ce 30\/55 barMo\u017enost regulace tlaku [&hellip;]<\/p>\n","protected":false},"featured_media":28237,"comment_status":"open","ping_status":"open","template":"","meta":[],"product_brand":[],"product_cat":[49],"product_tag":[],"class_list":{"0":"post-28137","1":"product","2":"type-product","3":"status-publish","4":"has-post-thumbnail","6":"product_cat-cistici-technika","8":"first","9":"instock","10":"sale","11":"shipping-taxable","12":"purchasable","13":"product-type-simple"},"yoast_head":"<!-- This site is optimized with the Yoast SEO plugin v26.8 - https:\/\/yoast.com\/product\/yoast-seo-wordpress\/ -->\n<title>Makita DHW080ZK Aku vysokotlak\u00e1 my\u010dka Li-ion LXT 2x18V,bez aku  Z Zlevn\u011bn\u00fd -<\/title>\n<meta name=\"robots\" content=\"index, follow, max-snippet:-1, max-image-preview:large, max-video-preview:-1\" \/>\n<link rel=\"canonical\" href=\"https:\/\/www.koupeltech.com\/index.php\/produkt\/makita-dhw080zk-aku-vysokotlaka-mycka-li-ion-lxt-2x18v-bez-aku-z-zlevneny-28137\/\" \/>\n<meta property=\"og:locale\" content=\"cs_CZ\" \/>\n<meta property=\"og:type\" content=\"article\" \/>\n<meta property=\"og:title\" content=\"Makita DHW080ZK Aku vysokotlak\u00e1 my\u010dka Li-ion LXT 2x18V,bez aku  Z Zlevn\u011bn\u00fd -\" \/>\n<meta property=\"og:description\" content=\"Lehk\u00e1 a tich\u00e1 tlakov\u00e1 my\u010dka funguj\u00ed na dva akumul\u00e1tory Li-ion 18V LXTUmo\u017e\u0148uje pr\u00e1ci bez nutnosti p\u0159ipojen\u00ed k elektrick\u00e9 a vodovodn\u00ed s\u00edtiP\u0159epravn\u00ed kufr funguje z\u00e1rove\u0148 jako n\u00e1doba na vodu s objemem 50 lMo\u017enost nas\u00e1v\u00e1n\u00ed vody z n\u00e1dobySpolehliv\u00fd bezuhl\u00edkov\u00fd motorStroj je odoln\u00fd proti prachu a vod\u011bMo\u017enost nastaven\u00ed dvou \u00farovn\u00ed tlaku podle prov\u00e1d\u011bn\u00e9 pr\u00e1ce 30\/55 barMo\u017enost regulace tlaku [&hellip;]\" \/>\n<meta property=\"og:url\" content=\"https:\/\/www.koupeltech.com\/index.php\/produkt\/makita-dhw080zk-aku-vysokotlaka-mycka-li-ion-lxt-2x18v-bez-aku-z-zlevneny-28137\/\" \/>\n<meta property=\"og:image\" content=\"https:\/\/www.koupeltech.com\/wp-content\/uploads\/2026\/SK0023775-CZ20260425-092328-0-1777080210-dhw080zk_c1c0.webp\" \/>\n\t<meta property=\"og:image:width\" content=\"966\" \/>\n\t<meta property=\"og:image:height\" content=\"800\" \/>\n\t<meta property=\"og:image:type\" content=\"image\/webp\" \/>\n<meta name=\"twitter:card\" content=\"summary_large_image\" \/>\n<meta name=\"twitter:label1\" content=\"Odhadovan\u00e1 doba \u010dten\u00ed\" \/>\n\t<meta name=\"twitter:data1\" content=\"1 minuta\" \/>\n<script type=\"application\/ld+json\" class=\"yoast-schema-graph\">{\"@context\":\"https:\/\/schema.org\",\"@graph\":[{\"@type\":\"WebPage\",\"@id\":\"https:\/\/www.koupeltech.com\/index.php\/produkt\/makita-dhw080zk-aku-vysokotlaka-mycka-li-ion-lxt-2x18v-bez-aku-z-zlevneny-28137\/\",\"url\":\"https:\/\/www.koupeltech.com\/index.php\/produkt\/makita-dhw080zk-aku-vysokotlaka-mycka-li-ion-lxt-2x18v-bez-aku-z-zlevneny-28137\/\",\"name\":\"Makita DHW080ZK Aku vysokotlak\u00e1 my\u010dka Li-ion LXT 2x18V,bez aku Z Zlevn\u011bn\u00fd -\",\"isPartOf\":{\"@id\":\"https:\/\/www.koupeltech.com\/#website\"},\"primaryImageOfPage\":{\"@id\":\"https:\/\/www.koupeltech.com\/index.php\/produkt\/makita-dhw080zk-aku-vysokotlaka-mycka-li-ion-lxt-2x18v-bez-aku-z-zlevneny-28137\/#primaryimage\"},\"image\":{\"@id\":\"https:\/\/www.koupeltech.com\/index.php\/produkt\/makita-dhw080zk-aku-vysokotlaka-mycka-li-ion-lxt-2x18v-bez-aku-z-zlevneny-28137\/#primaryimage\"},\"thumbnailUrl\":\"https:\/\/www.koupeltech.com\/wp-content\/uploads\/2026\/SK0023775-CZ20260425-092328-0-1777080210-dhw080zk_c1c0.webp\",\"datePublished\":\"2026-04-27T14:00:06+00:00\",\"breadcrumb\":{\"@id\":\"https:\/\/www.koupeltech.com\/index.php\/produkt\/makita-dhw080zk-aku-vysokotlaka-mycka-li-ion-lxt-2x18v-bez-aku-z-zlevneny-28137\/#breadcrumb\"},\"inLanguage\":\"cs\",\"potentialAction\":[{\"@type\":\"ReadAction\",\"target\":[\"https:\/\/www.koupeltech.com\/index.php\/produkt\/makita-dhw080zk-aku-vysokotlaka-mycka-li-ion-lxt-2x18v-bez-aku-z-zlevneny-28137\/\"]}]},{\"@type\":\"ImageObject\",\"inLanguage\":\"cs\",\"@id\":\"https:\/\/www.koupeltech.com\/index.php\/produkt\/makita-dhw080zk-aku-vysokotlaka-mycka-li-ion-lxt-2x18v-bez-aku-z-zlevneny-28137\/#primaryimage\",\"url\":\"https:\/\/www.koupeltech.com\/wp-content\/uploads\/2026\/SK0023775-CZ20260425-092328-0-1777080210-dhw080zk_c1c0.webp\",\"contentUrl\":\"https:\/\/www.koupeltech.com\/wp-content\/uploads\/2026\/SK0023775-CZ20260425-092328-0-1777080210-dhw080zk_c1c0.webp\",\"width\":966,\"height\":800},{\"@type\":\"BreadcrumbList\",\"@id\":\"https:\/\/www.koupeltech.com\/index.php\/produkt\/makita-dhw080zk-aku-vysokotlaka-mycka-li-ion-lxt-2x18v-bez-aku-z-zlevneny-28137\/#breadcrumb\",\"itemListElement\":[{\"@type\":\"ListItem\",\"position\":1,\"name\":\"Home\",\"item\":\"https:\/\/www.koupeltech.com\/\"},{\"@type\":\"ListItem\",\"position\":2,\"name\":\"Products\",\"item\":\"https:\/\/www.koupeltech.com\/index.php\/products\/\"},{\"@type\":\"ListItem\",\"position\":3,\"name\":\"Makita DHW080ZK Aku vysokotlak\u00e1 my\u010dka Li-ion LXT 2x18V,bez aku Z Zlevn\u011bn\u00fd\"}]},{\"@type\":\"WebSite\",\"@id\":\"https:\/\/www.koupeltech.com\/#website\",\"url\":\"https:\/\/www.koupeltech.com\/\",\"name\":\"\",\"description\":\"\",\"potentialAction\":[{\"@type\":\"SearchAction\",\"target\":{\"@type\":\"EntryPoint\",\"urlTemplate\":\"https:\/\/www.koupeltech.com\/?s={search_term_string}\"},\"query-input\":{\"@type\":\"PropertyValueSpecification\",\"valueRequired\":true,\"valueName\":\"search_term_string\"}}],\"inLanguage\":\"cs\"}]}<\/script>\n<!-- \/ Yoast SEO plugin. -->","yoast_head_json":{"title":"Makita DHW080ZK Aku vysokotlak\u00e1 my\u010dka Li-ion LXT 2x18V,bez aku  Z Zlevn\u011bn\u00fd -","robots":{"index":"index","follow":"follow","max-snippet":"max-snippet:-1","max-image-preview":"max-image-preview:large","max-video-preview":"max-video-preview:-1"},"canonical":"https:\/\/www.koupeltech.com\/index.php\/produkt\/makita-dhw080zk-aku-vysokotlaka-mycka-li-ion-lxt-2x18v-bez-aku-z-zlevneny-28137\/","og_locale":"cs_CZ","og_type":"article","og_title":"Makita DHW080ZK Aku vysokotlak\u00e1 my\u010dka Li-ion LXT 2x18V,bez aku  Z Zlevn\u011bn\u00fd -","og_description":"Lehk\u00e1 a tich\u00e1 tlakov\u00e1 my\u010dka funguj\u00ed na dva akumul\u00e1tory Li-ion 18V LXTUmo\u017e\u0148uje pr\u00e1ci bez nutnosti p\u0159ipojen\u00ed k elektrick\u00e9 a vodovodn\u00ed s\u00edtiP\u0159epravn\u00ed kufr funguje z\u00e1rove\u0148 jako n\u00e1doba na vodu s objemem 50 lMo\u017enost nas\u00e1v\u00e1n\u00ed vody z n\u00e1dobySpolehliv\u00fd bezuhl\u00edkov\u00fd motorStroj je odoln\u00fd proti prachu a vod\u011bMo\u017enost nastaven\u00ed dvou \u00farovn\u00ed tlaku podle prov\u00e1d\u011bn\u00e9 pr\u00e1ce 30\/55 barMo\u017enost regulace tlaku [&hellip;]","og_url":"https:\/\/www.koupeltech.com\/index.php\/produkt\/makita-dhw080zk-aku-vysokotlaka-mycka-li-ion-lxt-2x18v-bez-aku-z-zlevneny-28137\/","og_image":[{"width":966,"height":800,"url":"https:\/\/www.koupeltech.com\/wp-content\/uploads\/2026\/SK0023775-CZ20260425-092328-0-1777080210-dhw080zk_c1c0.webp","type":"image\/webp"}],"twitter_card":"summary_large_image","twitter_misc":{"Odhadovan\u00e1 doba \u010dten\u00ed":"1 minuta"},"schema":{"@context":"https:\/\/schema.org","@graph":[{"@type":"WebPage","@id":"https:\/\/www.koupeltech.com\/index.php\/produkt\/makita-dhw080zk-aku-vysokotlaka-mycka-li-ion-lxt-2x18v-bez-aku-z-zlevneny-28137\/","url":"https:\/\/www.koupeltech.com\/index.php\/produkt\/makita-dhw080zk-aku-vysokotlaka-mycka-li-ion-lxt-2x18v-bez-aku-z-zlevneny-28137\/","name":"Makita DHW080ZK Aku vysokotlak\u00e1 my\u010dka Li-ion LXT 2x18V,bez aku Z Zlevn\u011bn\u00fd -","isPartOf":{"@id":"https:\/\/www.koupeltech.com\/#website"},"primaryImageOfPage":{"@id":"https:\/\/www.koupeltech.com\/index.php\/produkt\/makita-dhw080zk-aku-vysokotlaka-mycka-li-ion-lxt-2x18v-bez-aku-z-zlevneny-28137\/#primaryimage"},"image":{"@id":"https:\/\/www.koupeltech.com\/index.php\/produkt\/makita-dhw080zk-aku-vysokotlaka-mycka-li-ion-lxt-2x18v-bez-aku-z-zlevneny-28137\/#primaryimage"},"thumbnailUrl":"https:\/\/www.koupeltech.com\/wp-content\/uploads\/2026\/SK0023775-CZ20260425-092328-0-1777080210-dhw080zk_c1c0.webp","datePublished":"2026-04-27T14:00:06+00:00","breadcrumb":{"@id":"https:\/\/www.koupeltech.com\/index.php\/produkt\/makita-dhw080zk-aku-vysokotlaka-mycka-li-ion-lxt-2x18v-bez-aku-z-zlevneny-28137\/#breadcrumb"},"inLanguage":"cs","potentialAction":[{"@type":"ReadAction","target":["https:\/\/www.koupeltech.com\/index.php\/produkt\/makita-dhw080zk-aku-vysokotlaka-mycka-li-ion-lxt-2x18v-bez-aku-z-zlevneny-28137\/"]}]},{"@type":"ImageObject","inLanguage":"cs","@id":"https:\/\/www.koupeltech.com\/index.php\/produkt\/makita-dhw080zk-aku-vysokotlaka-mycka-li-ion-lxt-2x18v-bez-aku-z-zlevneny-28137\/#primaryimage","url":"https:\/\/www.koupeltech.com\/wp-content\/uploads\/2026\/SK0023775-CZ20260425-092328-0-1777080210-dhw080zk_c1c0.webp","contentUrl":"https:\/\/www.koupeltech.com\/wp-content\/uploads\/2026\/SK0023775-CZ20260425-092328-0-1777080210-dhw080zk_c1c0.webp","width":966,"height":800},{"@type":"BreadcrumbList","@id":"https:\/\/www.koupeltech.com\/index.php\/produkt\/makita-dhw080zk-aku-vysokotlaka-mycka-li-ion-lxt-2x18v-bez-aku-z-zlevneny-28137\/#breadcrumb","itemListElement":[{"@type":"ListItem","position":1,"name":"Home","item":"https:\/\/www.koupeltech.com\/"},{"@type":"ListItem","position":2,"name":"Products","item":"https:\/\/www.koupeltech.com\/index.php\/products\/"},{"@type":"ListItem","position":3,"name":"Makita DHW080ZK Aku vysokotlak\u00e1 my\u010dka Li-ion LXT 2x18V,bez aku Z Zlevn\u011bn\u00fd"}]},{"@type":"WebSite","@id":"https:\/\/www.koupeltech.com\/#website","url":"https:\/\/www.koupeltech.com\/","name":"","description":"","potentialAction":[{"@type":"SearchAction","target":{"@type":"EntryPoint","urlTemplate":"https:\/\/www.koupeltech.com\/?s={search_term_string}"},"query-input":{"@type":"PropertyValueSpecification","valueRequired":true,"valueName":"search_term_string"}}],"inLanguage":"cs"}]}},"_links":{"self":[{"href":"https:\/\/www.koupeltech.com\/index.php\/wp-json\/wp\/v2\/product\/28137","targetHints":{"allow":["GET"]}}],"collection":[{"href":"https:\/\/www.koupeltech.com\/index.php\/wp-json\/wp\/v2\/product"}],"about":[{"href":"https:\/\/www.koupeltech.com\/index.php\/wp-json\/wp\/v2\/types\/product"}],"replies":[{"embeddable":true,"href":"https:\/\/www.koupeltech.com\/index.php\/wp-json\/wp\/v2\/comments?post=28137"}],"wp:featuredmedia":[{"embeddable":true,"href":"https:\/\/www.koupeltech.com\/index.php\/wp-json\/wp\/v2\/media\/28237"}],"wp:attachment":[{"href":"https:\/\/www.koupeltech.com\/index.php\/wp-json\/wp\/v2\/media?parent=28137"}],"wp:term":[{"taxonomy":"product_brand","embeddable":true,"href":"https:\/\/www.koupeltech.com\/index.php\/wp-json\/wp\/v2\/product_brand?post=28137"},{"taxonomy":"product_cat","embeddable":true,"href":"https:\/\/www.koupeltech.com\/index.php\/wp-json\/wp\/v2\/product_cat?post=28137"},{"taxonomy":"product_tag","embeddable":true,"href":"https:\/\/www.koupeltech.com\/index.php\/wp-json\/wp\/v2\/product_tag?post=28137"}],"curies":[{"name":"wp","href":"https:\/\/api.w.org\/{rel}","templated":true}]}}