{"id":28149,"date":"2026-04-27T14:00:06","date_gmt":"2026-04-27T14:00:06","guid":{"rendered":""},"modified":"2026-04-27T14:00:06","modified_gmt":"2026-04-27T14:00:06","slug":"cenova-bomba-gude-gmd-400-soustruh-mini-28149","status":"publish","type":"product","link":"https:\/\/www.koupeltech.com\/index.php\/produkt\/cenova-bomba-gude-gmd-400-soustruh-mini-28149\/","title":{"rendered":"Cenov\u00e1 Bomba G\u00dcDE GMD 400 Soustruh Mini"},"content":{"rendered":"<table>\n<div class=\"tab-pane active product-description\" id=\"popis\" role=\"tabpanel\">\n<div class=\"short-description\" itemprop=\"description\"><\/div>\n<div class=\"description\"><span class='bullet-line'>Stoln\u00ed soustruh, ur\u010den\u00fd k vn\u011bj\u0161\u00edmu\/vnit\u0159n\u00edmu soustru\u017een\u00ed v\u00e1lcov\u00fdch\/ku\u017eelov\u00fdch\/\u010deln\u00edch ploch, zapichov\u00e1n\u00ed, upichov\u00e1n\u00ed nebo \u0159ez\u00e1n\u00ed M z\u00e1vit\u016f (9 stup\u0148\u016f, 0,5 &#8211; 2,5 mm) v podm\u00ednk\u00e1ch men\u0161\u00edch d\u00edlen (\u2192 obrobky do max. d\u00e9lky\/v\u00fd\u0161ky\/pr\u016fm\u011bru: 300\/180\/180 mm nebo obrobky s d\u00e9lkou > 300 mm, je-li jejich \u00d8 < 150 mm).<br \/><\/span><span class='bullet-line'>Stabiln\u00ed podstavec, p\u0159esn\u011b brou\u0161en\u00e9 san\u011b, automatick\u00fd pod\u00e9ln\u00fd posuv (volba rychlosti prost\u0159ednictv\u00edm v\u00fdm\u011bnn\u00fdch ozuben\u00fdch kol), rybinov\u00e9 veden\u00ed, plynul\u00e1 regulace ot\u00e1\u010dek, chod vpravo\/vlevo, elektrick\u00e9 p\u0159ep\u00edn\u00e1n\u00ed, pohyb supportu prost\u0159ednictv\u00edm v\u0159etena s trap\u00e9zov\u00fdm z\u00e1vitem.<br \/><\/span><span class='bullet-line'>Vybaven\u00ed: 3-\u010delis\u0165ov\u00e9 univerz\u00e1ln\u00ed skl\u00ed\u010didlo (\u00d8 80 mm), up\u00edn\u00e1n\u00ed soustru\u017enick\u00fdch no\u017e\u016f 8 x 8 mm, v\u00fdkyvn\u00fd k\u0159\u00ed\u017eov\u00fd support s ocelov\u00fdm dr\u017e\u00e1kem a ru\u010dn\u00edm kole\u010dkem, posuvn\u00e9 za\u0159\u00edzen\u00ed, kon\u00edk s ru\u010dn\u00edm kole\u010dkem (ku\u017eel pinoly MK 2).<br \/><\/span><span class='bullet-line'>P\u0159\u00edslu\u0161enstv\u00ed (sou\u010d\u00e1st dod\u00e1vky): sada ozuben\u00fdch p\u0159evodov\u00fdch kol (6), 3-\u010delis\u0165ov\u00e9 skl\u00ed\u010didlo, v\u00fdm\u011bnn\u00e9 \u010delisti, st\u0159ed\u00edc\u00ed hrot, sada kl\u00ed\u010d\u016f, olejni\u010dka.<br \/><\/span><span class='bullet-line'>Celkov\u00e9 rozm\u011bry (d x \u0161 x v): 810 x 300 x 300 mm, hladina akustick\u00e9ho v\u00fdkonu LWA: 93 dB (A), elektrick\u00e1 ochrann\u00e1 t\u0159\u00edda: IP 20\/I.<\/span><\/div>\n<div class=\"parameters\">\n<tr>\n<td>P\u0159\u00edpojka<\/td>\n<td>230 V~50 Hz<\/td>\n<\/tr>\n<tr>\n<td>V\u00fd\u0161ka hrotu<\/td>\n<td>90 mm<\/td>\n<\/tr>\n<tr>\n<td>V\u00fdvrt v\u0159etena<\/td>\n<td>20 mm<\/td>\n<\/tr>\n<tr>\n<td>Ku\u017eel pinoly<\/td>\n<td>MK2<\/td>\n<\/tr>\n<tr>\n<td>Hmotnost (brutto)<\/td>\n<td>37,66 kg<\/td>\n<\/tr>\n<tr>\n<td>V\u00fdkon motoru<\/td>\n<td>370 W\/P1<\/td>\n<\/tr>\n<tr>\n<td>Ku\u017eel v\u0159etena<\/td>\n<td>MK3<\/td>\n<\/tr>\n<tr>\n<td>Skl\u00ed\u010didlo<\/td>\n<td>15 mm<\/td>\n<\/tr>\n<tr>\n<td>Ot\u00e1\u010dky (stupn\u011b 1 &#8211; 2)<\/td>\n<td>0 &#8211; 1.100 ot.\/min.<\/td>\n<\/tr>\n<tr>\n<td><\/td>\n<td>0 &#8211; 2.500 ot.\/min.<\/td>\n<\/tr><\/div>\n<\/table>\n","protected":false},"excerpt":{"rendered":"<p>Stoln\u00ed soustruh, ur\u010den\u00fd k vn\u011bj\u0161\u00edmu\/vnit\u0159n\u00edmu soustru\u017een\u00ed v\u00e1lcov\u00fdch\/ku\u017eelov\u00fdch\/\u010deln\u00edch ploch, zapichov\u00e1n\u00ed, upichov\u00e1n\u00ed nebo \u0159ez\u00e1n\u00ed M z\u00e1vit\u016f (9 stup\u0148\u016f, 0,5 &#8211; 2,5 mm) v podm\u00ednk\u00e1ch men\u0161\u00edch d\u00edlen (\u2192 obrobky do max. d\u00e9lky\/v\u00fd\u0161ky\/pr\u016fm\u011bru: 300\/180\/180 mm nebo obrobky s d\u00e9lkou > 300 mm, je-li jejich \u00d8 < 150 mm).Stabiln\u00ed podstavec, p\u0159esn\u011b brou\u0161en\u00e9 san\u011b, automatick\u00fd pod\u00e9ln\u00fd posuv (volba rychlosti prost\u0159ednictv\u00edm v\u00fdm\u011bnn\u00fdch [&hellip;]\n<\/p>\n","protected":false},"featured_media":28249,"comment_status":"open","ping_status":"open","template":"","meta":[],"product_brand":[],"product_cat":[47],"product_tag":[],"class_list":{"0":"post-28149","1":"product","2":"type-product","3":"status-publish","4":"has-post-thumbnail","6":"product_cat-stroje","8":"first","9":"instock","10":"sale","11":"shipping-taxable","12":"purchasable","13":"product-type-simple"},"yoast_head":"<!-- This site is optimized with the Yoast SEO plugin v26.8 - https:\/\/yoast.com\/product\/yoast-seo-wordpress\/ -->\n<title>Cenov\u00e1 Bomba G\u00dcDE GMD 400 Soustruh Mini -<\/title>\n<meta name=\"robots\" content=\"index, follow, max-snippet:-1, max-image-preview:large, max-video-preview:-1\" \/>\n<link rel=\"canonical\" href=\"https:\/\/www.koupeltech.com\/index.php\/produkt\/cenova-bomba-gude-gmd-400-soustruh-mini-28149\/\" \/>\n<meta property=\"og:locale\" content=\"cs_CZ\" \/>\n<meta property=\"og:type\" content=\"article\" \/>\n<meta property=\"og:title\" content=\"Cenov\u00e1 Bomba G\u00dcDE GMD 400 Soustruh Mini -\" \/>\n<meta property=\"og:description\" content=\"Stoln\u00ed soustruh, ur\u010den\u00fd k vn\u011bj\u0161\u00edmu\/vnit\u0159n\u00edmu soustru\u017een\u00ed v\u00e1lcov\u00fdch\/ku\u017eelov\u00fdch\/\u010deln\u00edch ploch, zapichov\u00e1n\u00ed, upichov\u00e1n\u00ed nebo \u0159ez\u00e1n\u00ed M z\u00e1vit\u016f (9 stup\u0148\u016f, 0,5 &#8211; 2,5 mm) v podm\u00ednk\u00e1ch men\u0161\u00edch d\u00edlen (\u2192 obrobky do max. d\u00e9lky\/v\u00fd\u0161ky\/pr\u016fm\u011bru: 300\/180\/180 mm nebo obrobky s d\u00e9lkou &gt; 300 mm, je-li jejich \u00d8 &lt; 150 mm).Stabiln\u00ed podstavec, p\u0159esn\u011b brou\u0161en\u00e9 san\u011b, automatick\u00fd pod\u00e9ln\u00fd posuv (volba rychlosti prost\u0159ednictv\u00edm v\u00fdm\u011bnn\u00fdch [&hellip;]\" \/>\n<meta property=\"og:url\" content=\"https:\/\/www.koupeltech.com\/index.php\/produkt\/cenova-bomba-gude-gmd-400-soustruh-mini-28149\/\" \/>\n<meta property=\"og:image\" content=\"https:\/\/www.koupeltech.com\/wp-content\/uploads\/2026\/SK0023787-CZ20260425-092328-0-1777080210-_vyr_1216001.webp\" \/>\n\t<meta property=\"og:image:width\" content=\"775\" \/>\n\t<meta property=\"og:image:height\" content=\"498\" \/>\n\t<meta property=\"og:image:type\" content=\"image\/webp\" \/>\n<meta name=\"twitter:card\" content=\"summary_large_image\" \/>\n<meta name=\"twitter:label1\" content=\"Odhadovan\u00e1 doba \u010dten\u00ed\" \/>\n\t<meta name=\"twitter:data1\" content=\"1 minuta\" \/>\n<script type=\"application\/ld+json\" class=\"yoast-schema-graph\">{\"@context\":\"https:\/\/schema.org\",\"@graph\":[{\"@type\":\"WebPage\",\"@id\":\"https:\/\/www.koupeltech.com\/index.php\/produkt\/cenova-bomba-gude-gmd-400-soustruh-mini-28149\/\",\"url\":\"https:\/\/www.koupeltech.com\/index.php\/produkt\/cenova-bomba-gude-gmd-400-soustruh-mini-28149\/\",\"name\":\"Cenov\u00e1 Bomba G\u00dcDE GMD 400 Soustruh Mini -\",\"isPartOf\":{\"@id\":\"https:\/\/www.koupeltech.com\/#website\"},\"primaryImageOfPage\":{\"@id\":\"https:\/\/www.koupeltech.com\/index.php\/produkt\/cenova-bomba-gude-gmd-400-soustruh-mini-28149\/#primaryimage\"},\"image\":{\"@id\":\"https:\/\/www.koupeltech.com\/index.php\/produkt\/cenova-bomba-gude-gmd-400-soustruh-mini-28149\/#primaryimage\"},\"thumbnailUrl\":\"https:\/\/www.koupeltech.com\/wp-content\/uploads\/2026\/SK0023787-CZ20260425-092328-0-1777080210-_vyr_1216001.webp\",\"datePublished\":\"2026-04-27T14:00:06+00:00\",\"breadcrumb\":{\"@id\":\"https:\/\/www.koupeltech.com\/index.php\/produkt\/cenova-bomba-gude-gmd-400-soustruh-mini-28149\/#breadcrumb\"},\"inLanguage\":\"cs\",\"potentialAction\":[{\"@type\":\"ReadAction\",\"target\":[\"https:\/\/www.koupeltech.com\/index.php\/produkt\/cenova-bomba-gude-gmd-400-soustruh-mini-28149\/\"]}]},{\"@type\":\"ImageObject\",\"inLanguage\":\"cs\",\"@id\":\"https:\/\/www.koupeltech.com\/index.php\/produkt\/cenova-bomba-gude-gmd-400-soustruh-mini-28149\/#primaryimage\",\"url\":\"https:\/\/www.koupeltech.com\/wp-content\/uploads\/2026\/SK0023787-CZ20260425-092328-0-1777080210-_vyr_1216001.webp\",\"contentUrl\":\"https:\/\/www.koupeltech.com\/wp-content\/uploads\/2026\/SK0023787-CZ20260425-092328-0-1777080210-_vyr_1216001.webp\",\"width\":775,\"height\":498},{\"@type\":\"BreadcrumbList\",\"@id\":\"https:\/\/www.koupeltech.com\/index.php\/produkt\/cenova-bomba-gude-gmd-400-soustruh-mini-28149\/#breadcrumb\",\"itemListElement\":[{\"@type\":\"ListItem\",\"position\":1,\"name\":\"Home\",\"item\":\"https:\/\/www.koupeltech.com\/\"},{\"@type\":\"ListItem\",\"position\":2,\"name\":\"Products\",\"item\":\"https:\/\/www.koupeltech.com\/index.php\/products\/\"},{\"@type\":\"ListItem\",\"position\":3,\"name\":\"Cenov\u00e1 Bomba G\u00dcDE GMD 400 Soustruh Mini\"}]},{\"@type\":\"WebSite\",\"@id\":\"https:\/\/www.koupeltech.com\/#website\",\"url\":\"https:\/\/www.koupeltech.com\/\",\"name\":\"\",\"description\":\"\",\"potentialAction\":[{\"@type\":\"SearchAction\",\"target\":{\"@type\":\"EntryPoint\",\"urlTemplate\":\"https:\/\/www.koupeltech.com\/?s={search_term_string}\"},\"query-input\":{\"@type\":\"PropertyValueSpecification\",\"valueRequired\":true,\"valueName\":\"search_term_string\"}}],\"inLanguage\":\"cs\"}]}<\/script>\n<!-- \/ Yoast SEO plugin. -->","yoast_head_json":{"title":"Cenov\u00e1 Bomba G\u00dcDE GMD 400 Soustruh Mini -","robots":{"index":"index","follow":"follow","max-snippet":"max-snippet:-1","max-image-preview":"max-image-preview:large","max-video-preview":"max-video-preview:-1"},"canonical":"https:\/\/www.koupeltech.com\/index.php\/produkt\/cenova-bomba-gude-gmd-400-soustruh-mini-28149\/","og_locale":"cs_CZ","og_type":"article","og_title":"Cenov\u00e1 Bomba G\u00dcDE GMD 400 Soustruh Mini -","og_description":"Stoln\u00ed soustruh, ur\u010den\u00fd k vn\u011bj\u0161\u00edmu\/vnit\u0159n\u00edmu soustru\u017een\u00ed v\u00e1lcov\u00fdch\/ku\u017eelov\u00fdch\/\u010deln\u00edch ploch, zapichov\u00e1n\u00ed, upichov\u00e1n\u00ed nebo \u0159ez\u00e1n\u00ed M z\u00e1vit\u016f (9 stup\u0148\u016f, 0,5 &#8211; 2,5 mm) v podm\u00ednk\u00e1ch men\u0161\u00edch d\u00edlen (\u2192 obrobky do max. d\u00e9lky\/v\u00fd\u0161ky\/pr\u016fm\u011bru: 300\/180\/180 mm nebo obrobky s d\u00e9lkou > 300 mm, je-li jejich \u00d8 < 150 mm).Stabiln\u00ed podstavec, p\u0159esn\u011b brou\u0161en\u00e9 san\u011b, automatick\u00fd pod\u00e9ln\u00fd posuv (volba rychlosti prost\u0159ednictv\u00edm v\u00fdm\u011bnn\u00fdch [&hellip;]","og_url":"https:\/\/www.koupeltech.com\/index.php\/produkt\/cenova-bomba-gude-gmd-400-soustruh-mini-28149\/","og_image":[{"width":775,"height":498,"url":"https:\/\/www.koupeltech.com\/wp-content\/uploads\/2026\/SK0023787-CZ20260425-092328-0-1777080210-_vyr_1216001.webp","type":"image\/webp"}],"twitter_card":"summary_large_image","twitter_misc":{"Odhadovan\u00e1 doba \u010dten\u00ed":"1 minuta"},"schema":{"@context":"https:\/\/schema.org","@graph":[{"@type":"WebPage","@id":"https:\/\/www.koupeltech.com\/index.php\/produkt\/cenova-bomba-gude-gmd-400-soustruh-mini-28149\/","url":"https:\/\/www.koupeltech.com\/index.php\/produkt\/cenova-bomba-gude-gmd-400-soustruh-mini-28149\/","name":"Cenov\u00e1 Bomba G\u00dcDE GMD 400 Soustruh Mini -","isPartOf":{"@id":"https:\/\/www.koupeltech.com\/#website"},"primaryImageOfPage":{"@id":"https:\/\/www.koupeltech.com\/index.php\/produkt\/cenova-bomba-gude-gmd-400-soustruh-mini-28149\/#primaryimage"},"image":{"@id":"https:\/\/www.koupeltech.com\/index.php\/produkt\/cenova-bomba-gude-gmd-400-soustruh-mini-28149\/#primaryimage"},"thumbnailUrl":"https:\/\/www.koupeltech.com\/wp-content\/uploads\/2026\/SK0023787-CZ20260425-092328-0-1777080210-_vyr_1216001.webp","datePublished":"2026-04-27T14:00:06+00:00","breadcrumb":{"@id":"https:\/\/www.koupeltech.com\/index.php\/produkt\/cenova-bomba-gude-gmd-400-soustruh-mini-28149\/#breadcrumb"},"inLanguage":"cs","potentialAction":[{"@type":"ReadAction","target":["https:\/\/www.koupeltech.com\/index.php\/produkt\/cenova-bomba-gude-gmd-400-soustruh-mini-28149\/"]}]},{"@type":"ImageObject","inLanguage":"cs","@id":"https:\/\/www.koupeltech.com\/index.php\/produkt\/cenova-bomba-gude-gmd-400-soustruh-mini-28149\/#primaryimage","url":"https:\/\/www.koupeltech.com\/wp-content\/uploads\/2026\/SK0023787-CZ20260425-092328-0-1777080210-_vyr_1216001.webp","contentUrl":"https:\/\/www.koupeltech.com\/wp-content\/uploads\/2026\/SK0023787-CZ20260425-092328-0-1777080210-_vyr_1216001.webp","width":775,"height":498},{"@type":"BreadcrumbList","@id":"https:\/\/www.koupeltech.com\/index.php\/produkt\/cenova-bomba-gude-gmd-400-soustruh-mini-28149\/#breadcrumb","itemListElement":[{"@type":"ListItem","position":1,"name":"Home","item":"https:\/\/www.koupeltech.com\/"},{"@type":"ListItem","position":2,"name":"Products","item":"https:\/\/www.koupeltech.com\/index.php\/products\/"},{"@type":"ListItem","position":3,"name":"Cenov\u00e1 Bomba G\u00dcDE GMD 400 Soustruh Mini"}]},{"@type":"WebSite","@id":"https:\/\/www.koupeltech.com\/#website","url":"https:\/\/www.koupeltech.com\/","name":"","description":"","potentialAction":[{"@type":"SearchAction","target":{"@type":"EntryPoint","urlTemplate":"https:\/\/www.koupeltech.com\/?s={search_term_string}"},"query-input":{"@type":"PropertyValueSpecification","valueRequired":true,"valueName":"search_term_string"}}],"inLanguage":"cs"}]}},"_links":{"self":[{"href":"https:\/\/www.koupeltech.com\/index.php\/wp-json\/wp\/v2\/product\/28149","targetHints":{"allow":["GET"]}}],"collection":[{"href":"https:\/\/www.koupeltech.com\/index.php\/wp-json\/wp\/v2\/product"}],"about":[{"href":"https:\/\/www.koupeltech.com\/index.php\/wp-json\/wp\/v2\/types\/product"}],"replies":[{"embeddable":true,"href":"https:\/\/www.koupeltech.com\/index.php\/wp-json\/wp\/v2\/comments?post=28149"}],"wp:featuredmedia":[{"embeddable":true,"href":"https:\/\/www.koupeltech.com\/index.php\/wp-json\/wp\/v2\/media\/28249"}],"wp:attachment":[{"href":"https:\/\/www.koupeltech.com\/index.php\/wp-json\/wp\/v2\/media?parent=28149"}],"wp:term":[{"taxonomy":"product_brand","embeddable":true,"href":"https:\/\/www.koupeltech.com\/index.php\/wp-json\/wp\/v2\/product_brand?post=28149"},{"taxonomy":"product_cat","embeddable":true,"href":"https:\/\/www.koupeltech.com\/index.php\/wp-json\/wp\/v2\/product_cat?post=28149"},{"taxonomy":"product_tag","embeddable":true,"href":"https:\/\/www.koupeltech.com\/index.php\/wp-json\/wp\/v2\/product_tag?post=28149"}],"curies":[{"name":"wp","href":"https:\/\/api.w.org\/{rel}","templated":true}]}}