{"id":28172,"date":"2026-04-27T14:00:06","date_gmt":"2026-04-27T14:00:06","guid":{"rendered":""},"modified":"2026-04-27T14:00:06","modified_gmt":"2026-04-27T14:00:06","slug":"metabo-spa-1702-w-zarizeni-pro-odsavani-pilin-specialni-cena-28172","status":"publish","type":"product","link":"https:\/\/www.koupeltech.com\/produkt\/metabo-spa-1702-w-zarizeni-pro-odsavani-pilin-specialni-cena-28172\/","title":{"rendered":"METABO SPA 1702 W Za\u0159\u00edzen\u00ed pro ods\u00e1v\u00e1n\u00ed pilin Speci\u00e1ln\u00ed Cena"},"content":{"rendered":"<table>\n<div class=\"tab-pane active product-description\" id=\"popis\" role=\"tabpanel\">\n<div class=\"short-description\" itemprop=\"description\"><\/div>\n<div class=\"description\">\n<p><span class=\"bullet-line\">Ods\u00e1vac\u00ed za\u0159\u00edzen\u00ed pro (polo) stacion\u00e1rn\u00ed d\u0159evozpracuj\u00edc\u00ed stroje (dodr\u017eovat p\u0159edpisy dan\u00e9 zem\u011b!)V\u00fdrazn\u011b sni\u017euje obsah prachuFiltra\u010dn\u00ed materi\u00e1l t\u0159\u00eddy prachu LRychl\u00e1 zm\u011bna m\u00edsta nasazen\u00ed d\u00edky stabiln\u00edm kole\u010dk\u016fm a jednoduch\u00e9mu p\u0159ipojen\u00edPodstavec zabezpe\u010den\u00fd proti p\u0159evr\u017een\u00ed s podep\u0159en\u00fdm pytlem na pilinyRozs\u00e1hl\u00e9 p\u0159\u00edslu\u0161enstv\u00ed: Sp\u00ednac\u00ed automaty, filtra\u010dn\u00ed vlo\u017eky, hadice a adapt\u00e9ry<\/span><br \/>\u25ba Rozsah dod\u00e1vky<span class=\"bullet-line\">Sac\u00ed hadice 100 x 2 500 mmFiltra\u010dn\u00ed s\u00e1\u010dek z jehlov\u00e9 plstiz\u00e1chytn\u00fd pytel na piliny<\/span><\/p>\n<\/div>\n<div class=\"parameters\">\n<tr>\n<td>Rozm\u011bry<\/td>\n<td>882 x 562 x 1671 mm<\/td>\n<\/tr>\n<tr>\n<td>Max. podtlak<\/td>\n<td>1730 Pa<\/td>\n<\/tr>\n<tr>\n<td>Max. objemov\u00fd proud<\/td>\n<td>1010 m\u00b3\/h<\/td>\n<\/tr>\n<tr>\n<td>Filtra\u010dn\u00ed plocha<\/td>\n<td>1.1 m\u00b2<\/td>\n<\/tr>\n<tr>\n<td>\u00d8 p\u0159\u00edpojky hadice<\/td>\n<td>100 mm<\/td>\n<\/tr>\n<tr>\n<td>Objem sac\u00edho s\u00e1\u010dku<\/td>\n<td>90 l<\/td>\n<\/tr>\n<tr>\n<td>S\u00ed\u0165ov\u00e9 nap\u011bt\u00ed<\/td>\n<td>220 &#8211; 240 V<\/td>\n<\/tr>\n<tr>\n<td>Jmenovit\u00fd p\u0159\u00edkon<\/td>\n<td>0.75 kW<\/td>\n<\/tr>\n<tr>\n<td>Hmotnost<\/td>\n<td>24 kg<\/td>\n<\/tr>\n<tr>\n<td>\u25ba<\/td>\n<td>Hlukov\u00e9 emise<\/td>\n<\/tr>\n<tr>\n<td>Hladina akustick\u00e9ho tlaku<\/td>\n<td>81 dB(A)<\/td>\n<\/tr><\/div>\n<\/table>\n","protected":false},"excerpt":{"rendered":"<p>Ods\u00e1vac\u00ed za\u0159\u00edzen\u00ed pro (polo) stacion\u00e1rn\u00ed d\u0159evozpracuj\u00edc\u00ed stroje (dodr\u017eovat p\u0159edpisy dan\u00e9 zem\u011b!)V\u00fdrazn\u011b sni\u017euje obsah prachuFiltra\u010dn\u00ed materi\u00e1l t\u0159\u00eddy prachu LRychl\u00e1 zm\u011bna m\u00edsta nasazen\u00ed d\u00edky stabiln\u00edm kole\u010dk\u016fm a jednoduch\u00e9mu p\u0159ipojen\u00edPodstavec zabezpe\u010den\u00fd proti p\u0159evr\u017een\u00ed s podep\u0159en\u00fdm pytlem na pilinyRozs\u00e1hl\u00e9 p\u0159\u00edslu\u0161enstv\u00ed: Sp\u00ednac\u00ed automaty, filtra\u010dn\u00ed vlo\u017eky, hadice a adapt\u00e9ry\u25ba Rozsah dod\u00e1vkySac\u00ed hadice 100 x 2 500 mmFiltra\u010dn\u00ed s\u00e1\u010dek z jehlov\u00e9 plstiz\u00e1chytn\u00fd [&hellip;]<\/p>\n","protected":false},"featured_media":28272,"template":"","meta":[],"product_brand":[],"product_cat":[47],"product_tag":[],"class_list":{"0":"post-28172","1":"product","2":"type-product","3":"status-publish","4":"has-post-thumbnail","6":"product_cat-stroje","8":"first","9":"instock","10":"sale","11":"shipping-taxable","12":"purchasable","13":"product-type-simple"},"yoast_head":"<!-- This site is optimized with the Yoast SEO plugin v26.8 - https:\/\/yoast.com\/product\/yoast-seo-wordpress\/ -->\n<title>METABO SPA 1702 W Za\u0159\u00edzen\u00ed pro ods\u00e1v\u00e1n\u00ed pilin Speci\u00e1ln\u00ed Cena -<\/title>\n<meta name=\"robots\" content=\"index, follow, max-snippet:-1, max-image-preview:large, max-video-preview:-1\" \/>\n<link rel=\"canonical\" href=\"https:\/\/www.koupeltech.com\/index.php\/produkt\/metabo-spa-1702-w-zarizeni-pro-odsavani-pilin-specialni-cena-28172\/\" \/>\n<meta property=\"og:locale\" content=\"cs_CZ\" \/>\n<meta property=\"og:type\" content=\"article\" \/>\n<meta property=\"og:title\" content=\"METABO SPA 1702 W Za\u0159\u00edzen\u00ed pro ods\u00e1v\u00e1n\u00ed pilin Speci\u00e1ln\u00ed Cena -\" \/>\n<meta property=\"og:description\" content=\"Ods\u00e1vac\u00ed za\u0159\u00edzen\u00ed pro (polo) stacion\u00e1rn\u00ed d\u0159evozpracuj\u00edc\u00ed stroje (dodr\u017eovat p\u0159edpisy dan\u00e9 zem\u011b!)V\u00fdrazn\u011b sni\u017euje obsah prachuFiltra\u010dn\u00ed materi\u00e1l t\u0159\u00eddy prachu LRychl\u00e1 zm\u011bna m\u00edsta nasazen\u00ed d\u00edky stabiln\u00edm kole\u010dk\u016fm a jednoduch\u00e9mu p\u0159ipojen\u00edPodstavec zabezpe\u010den\u00fd proti p\u0159evr\u017een\u00ed s podep\u0159en\u00fdm pytlem na pilinyRozs\u00e1hl\u00e9 p\u0159\u00edslu\u0161enstv\u00ed: Sp\u00ednac\u00ed automaty, filtra\u010dn\u00ed vlo\u017eky, hadice a adapt\u00e9ry\u25ba Rozsah dod\u00e1vkySac\u00ed hadice 100 x 2 500 mmFiltra\u010dn\u00ed s\u00e1\u010dek z jehlov\u00e9 plstiz\u00e1chytn\u00fd [&hellip;]\" \/>\n<meta property=\"og:url\" content=\"https:\/\/www.koupeltech.com\/index.php\/produkt\/metabo-spa-1702-w-zarizeni-pro-odsavani-pilin-specialni-cena-28172\/\" \/>\n<meta property=\"og:image\" content=\"https:\/\/www.koupeltech.com\/wp-content\/uploads\/2026\/SK0023810-CZ20260425-092328-0-1777080210-1244923-1_102539.webp\" \/>\n\t<meta property=\"og:image:width\" content=\"1000\" \/>\n\t<meta property=\"og:image:height\" content=\"666\" \/>\n\t<meta property=\"og:image:type\" content=\"image\/webp\" \/>\n<meta name=\"twitter:card\" content=\"summary_large_image\" \/>\n<meta name=\"twitter:label1\" content=\"Odhadovan\u00e1 doba \u010dten\u00ed\" \/>\n\t<meta name=\"twitter:data1\" content=\"1 minuta\" \/>\n<script type=\"application\/ld+json\" class=\"yoast-schema-graph\">{\"@context\":\"https:\/\/schema.org\",\"@graph\":[{\"@type\":\"WebPage\",\"@id\":\"https:\/\/www.koupeltech.com\/index.php\/produkt\/metabo-spa-1702-w-zarizeni-pro-odsavani-pilin-specialni-cena-28172\/\",\"url\":\"https:\/\/www.koupeltech.com\/index.php\/produkt\/metabo-spa-1702-w-zarizeni-pro-odsavani-pilin-specialni-cena-28172\/\",\"name\":\"METABO SPA 1702 W Za\u0159\u00edzen\u00ed pro ods\u00e1v\u00e1n\u00ed pilin Speci\u00e1ln\u00ed Cena -\",\"isPartOf\":{\"@id\":\"https:\/\/www.koupeltech.com\/#website\"},\"primaryImageOfPage\":{\"@id\":\"https:\/\/www.koupeltech.com\/index.php\/produkt\/metabo-spa-1702-w-zarizeni-pro-odsavani-pilin-specialni-cena-28172\/#primaryimage\"},\"image\":{\"@id\":\"https:\/\/www.koupeltech.com\/index.php\/produkt\/metabo-spa-1702-w-zarizeni-pro-odsavani-pilin-specialni-cena-28172\/#primaryimage\"},\"thumbnailUrl\":\"https:\/\/www.koupeltech.com\/wp-content\/uploads\/2026\/SK0023810-CZ20260425-092328-0-1777080210-1244923-1_102539.webp\",\"datePublished\":\"2026-04-27T14:00:06+00:00\",\"breadcrumb\":{\"@id\":\"https:\/\/www.koupeltech.com\/index.php\/produkt\/metabo-spa-1702-w-zarizeni-pro-odsavani-pilin-specialni-cena-28172\/#breadcrumb\"},\"inLanguage\":\"cs\",\"potentialAction\":[{\"@type\":\"ReadAction\",\"target\":[\"https:\/\/www.koupeltech.com\/index.php\/produkt\/metabo-spa-1702-w-zarizeni-pro-odsavani-pilin-specialni-cena-28172\/\"]}]},{\"@type\":\"ImageObject\",\"inLanguage\":\"cs\",\"@id\":\"https:\/\/www.koupeltech.com\/index.php\/produkt\/metabo-spa-1702-w-zarizeni-pro-odsavani-pilin-specialni-cena-28172\/#primaryimage\",\"url\":\"https:\/\/www.koupeltech.com\/wp-content\/uploads\/2026\/SK0023810-CZ20260425-092328-0-1777080210-1244923-1_102539.webp\",\"contentUrl\":\"https:\/\/www.koupeltech.com\/wp-content\/uploads\/2026\/SK0023810-CZ20260425-092328-0-1777080210-1244923-1_102539.webp\",\"width\":1000,\"height\":666},{\"@type\":\"BreadcrumbList\",\"@id\":\"https:\/\/www.koupeltech.com\/index.php\/produkt\/metabo-spa-1702-w-zarizeni-pro-odsavani-pilin-specialni-cena-28172\/#breadcrumb\",\"itemListElement\":[{\"@type\":\"ListItem\",\"position\":1,\"name\":\"Home\",\"item\":\"https:\/\/www.koupeltech.com\/\"},{\"@type\":\"ListItem\",\"position\":2,\"name\":\"Products\",\"item\":\"https:\/\/www.koupeltech.com\/products\/\"},{\"@type\":\"ListItem\",\"position\":3,\"name\":\"METABO SPA 1702 W Za\u0159\u00edzen\u00ed pro ods\u00e1v\u00e1n\u00ed pilin Speci\u00e1ln\u00ed Cena\"}]},{\"@type\":\"WebSite\",\"@id\":\"https:\/\/www.koupeltech.com\/#website\",\"url\":\"https:\/\/www.koupeltech.com\/\",\"name\":\"\",\"description\":\"\",\"potentialAction\":[{\"@type\":\"SearchAction\",\"target\":{\"@type\":\"EntryPoint\",\"urlTemplate\":\"https:\/\/www.koupeltech.com\/?s={search_term_string}\"},\"query-input\":{\"@type\":\"PropertyValueSpecification\",\"valueRequired\":true,\"valueName\":\"search_term_string\"}}],\"inLanguage\":\"cs\"}]}<\/script>\n<!-- \/ Yoast SEO plugin. -->","yoast_head_json":{"title":"METABO SPA 1702 W Za\u0159\u00edzen\u00ed pro ods\u00e1v\u00e1n\u00ed pilin Speci\u00e1ln\u00ed Cena -","robots":{"index":"index","follow":"follow","max-snippet":"max-snippet:-1","max-image-preview":"max-image-preview:large","max-video-preview":"max-video-preview:-1"},"canonical":"https:\/\/www.koupeltech.com\/index.php\/produkt\/metabo-spa-1702-w-zarizeni-pro-odsavani-pilin-specialni-cena-28172\/","og_locale":"cs_CZ","og_type":"article","og_title":"METABO SPA 1702 W Za\u0159\u00edzen\u00ed pro ods\u00e1v\u00e1n\u00ed pilin Speci\u00e1ln\u00ed Cena -","og_description":"Ods\u00e1vac\u00ed za\u0159\u00edzen\u00ed pro (polo) stacion\u00e1rn\u00ed d\u0159evozpracuj\u00edc\u00ed stroje (dodr\u017eovat p\u0159edpisy dan\u00e9 zem\u011b!)V\u00fdrazn\u011b sni\u017euje obsah prachuFiltra\u010dn\u00ed materi\u00e1l t\u0159\u00eddy prachu LRychl\u00e1 zm\u011bna m\u00edsta nasazen\u00ed d\u00edky stabiln\u00edm kole\u010dk\u016fm a jednoduch\u00e9mu p\u0159ipojen\u00edPodstavec zabezpe\u010den\u00fd proti p\u0159evr\u017een\u00ed s podep\u0159en\u00fdm pytlem na pilinyRozs\u00e1hl\u00e9 p\u0159\u00edslu\u0161enstv\u00ed: Sp\u00ednac\u00ed automaty, filtra\u010dn\u00ed vlo\u017eky, hadice a adapt\u00e9ry\u25ba Rozsah dod\u00e1vkySac\u00ed hadice 100 x 2 500 mmFiltra\u010dn\u00ed s\u00e1\u010dek z jehlov\u00e9 plstiz\u00e1chytn\u00fd [&hellip;]","og_url":"https:\/\/www.koupeltech.com\/index.php\/produkt\/metabo-spa-1702-w-zarizeni-pro-odsavani-pilin-specialni-cena-28172\/","og_image":[{"width":1000,"height":666,"url":"https:\/\/www.koupeltech.com\/wp-content\/uploads\/2026\/SK0023810-CZ20260425-092328-0-1777080210-1244923-1_102539.webp","type":"image\/webp"}],"twitter_card":"summary_large_image","twitter_misc":{"Odhadovan\u00e1 doba \u010dten\u00ed":"1 minuta"},"schema":{"@context":"https:\/\/schema.org","@graph":[{"@type":"WebPage","@id":"https:\/\/www.koupeltech.com\/index.php\/produkt\/metabo-spa-1702-w-zarizeni-pro-odsavani-pilin-specialni-cena-28172\/","url":"https:\/\/www.koupeltech.com\/index.php\/produkt\/metabo-spa-1702-w-zarizeni-pro-odsavani-pilin-specialni-cena-28172\/","name":"METABO SPA 1702 W Za\u0159\u00edzen\u00ed pro ods\u00e1v\u00e1n\u00ed pilin Speci\u00e1ln\u00ed Cena -","isPartOf":{"@id":"https:\/\/www.koupeltech.com\/#website"},"primaryImageOfPage":{"@id":"https:\/\/www.koupeltech.com\/index.php\/produkt\/metabo-spa-1702-w-zarizeni-pro-odsavani-pilin-specialni-cena-28172\/#primaryimage"},"image":{"@id":"https:\/\/www.koupeltech.com\/index.php\/produkt\/metabo-spa-1702-w-zarizeni-pro-odsavani-pilin-specialni-cena-28172\/#primaryimage"},"thumbnailUrl":"https:\/\/www.koupeltech.com\/wp-content\/uploads\/2026\/SK0023810-CZ20260425-092328-0-1777080210-1244923-1_102539.webp","datePublished":"2026-04-27T14:00:06+00:00","breadcrumb":{"@id":"https:\/\/www.koupeltech.com\/index.php\/produkt\/metabo-spa-1702-w-zarizeni-pro-odsavani-pilin-specialni-cena-28172\/#breadcrumb"},"inLanguage":"cs","potentialAction":[{"@type":"ReadAction","target":["https:\/\/www.koupeltech.com\/index.php\/produkt\/metabo-spa-1702-w-zarizeni-pro-odsavani-pilin-specialni-cena-28172\/"]}]},{"@type":"ImageObject","inLanguage":"cs","@id":"https:\/\/www.koupeltech.com\/index.php\/produkt\/metabo-spa-1702-w-zarizeni-pro-odsavani-pilin-specialni-cena-28172\/#primaryimage","url":"https:\/\/www.koupeltech.com\/wp-content\/uploads\/2026\/SK0023810-CZ20260425-092328-0-1777080210-1244923-1_102539.webp","contentUrl":"https:\/\/www.koupeltech.com\/wp-content\/uploads\/2026\/SK0023810-CZ20260425-092328-0-1777080210-1244923-1_102539.webp","width":1000,"height":666},{"@type":"BreadcrumbList","@id":"https:\/\/www.koupeltech.com\/index.php\/produkt\/metabo-spa-1702-w-zarizeni-pro-odsavani-pilin-specialni-cena-28172\/#breadcrumb","itemListElement":[{"@type":"ListItem","position":1,"name":"Home","item":"https:\/\/www.koupeltech.com\/"},{"@type":"ListItem","position":2,"name":"Products","item":"https:\/\/www.koupeltech.com\/products\/"},{"@type":"ListItem","position":3,"name":"METABO SPA 1702 W Za\u0159\u00edzen\u00ed pro ods\u00e1v\u00e1n\u00ed pilin Speci\u00e1ln\u00ed Cena"}]},{"@type":"WebSite","@id":"https:\/\/www.koupeltech.com\/#website","url":"https:\/\/www.koupeltech.com\/","name":"","description":"","potentialAction":[{"@type":"SearchAction","target":{"@type":"EntryPoint","urlTemplate":"https:\/\/www.koupeltech.com\/?s={search_term_string}"},"query-input":{"@type":"PropertyValueSpecification","valueRequired":true,"valueName":"search_term_string"}}],"inLanguage":"cs"}]}},"_links":{"self":[{"href":"https:\/\/www.koupeltech.com\/wp-json\/wp\/v2\/product\/28172","targetHints":{"allow":["GET"]}}],"collection":[{"href":"https:\/\/www.koupeltech.com\/wp-json\/wp\/v2\/product"}],"about":[{"href":"https:\/\/www.koupeltech.com\/wp-json\/wp\/v2\/types\/product"}],"wp:featuredmedia":[{"embeddable":true,"href":"https:\/\/www.koupeltech.com\/wp-json\/wp\/v2\/media\/28272"}],"wp:attachment":[{"href":"https:\/\/www.koupeltech.com\/wp-json\/wp\/v2\/media?parent=28172"}],"wp:term":[{"taxonomy":"product_brand","embeddable":true,"href":"https:\/\/www.koupeltech.com\/wp-json\/wp\/v2\/product_brand?post=28172"},{"taxonomy":"product_cat","embeddable":true,"href":"https:\/\/www.koupeltech.com\/wp-json\/wp\/v2\/product_cat?post=28172"},{"taxonomy":"product_tag","embeddable":true,"href":"https:\/\/www.koupeltech.com\/wp-json\/wp\/v2\/product_tag?post=28172"}],"curies":[{"name":"wp","href":"https:\/\/api.w.org\/{rel}","templated":true}]}}