{"id":28362,"date":"2026-04-27T14:00:08","date_gmt":"2026-04-27T14:00:08","guid":{"rendered":""},"modified":"2026-04-27T14:00:08","modified_gmt":"2026-04-27T14:00:08","slug":"znackovy-metabo-powermaxx-sb-12-aku-priklepovy-sroubovak-kufr-bez-aku-28362","status":"publish","type":"product","link":"https:\/\/www.koupeltech.com\/index.php\/produkt\/znackovy-metabo-powermaxx-sb-12-aku-priklepovy-sroubovak-kufr-bez-aku-28362\/","title":{"rendered":"Zna\u010dkov\u00fd METABO PowerMaxx\u00a0SB\u00a012 Aku p\u0159\u00edklepov\u00fd \u0161roubov\u00e1k + kufr, bez aku"},"content":{"rendered":"<table>\n<div class=\"tab-pane active product-description\" id=\"popis\" role=\"tabpanel\">\n<div class=\"short-description\" itemprop=\"description\"><\/div>\n<div class=\"description\"><span class='bullet-line'>Lehk\u00e1 kompaktn\u00ed akumul\u00e1torov\u00e1 p\u0159\u00edklepov\u00e1 vrta\u010dka s extr\u00e9mn\u011b kr\u00e1tkou konstrukc\u00ed pro r\u016fznorod\u00e9 pou\u017eit\u00ed<\/span><span class='bullet-line'>Metabo t\u0159\u00edda 12 V &#8211; lehk\u00e1 v ruce, siln\u00e1 v provozu<\/span><span class='bullet-line'>P\u0159\u00edklepov\u00e1 funkce k vrt\u00e1n\u00ed do zdiva<\/span><span class='bullet-line'>Integrovan\u00e1 pracovn\u00ed LED lampa s funkc\u00ed dosv\u00edcen\u00ed pro optim\u00e1ln\u00ed sv\u011btlost v pracovn\u00edm prostoru<\/span><span class='bullet-line'>S praktickou sponou na opasek a z\u00e1sobn\u00edkem bit\u016f, s mo\u017enost\u00ed zaji\u0161t\u011bn\u00ed vpravo nebo vlevo<\/span><br \/>\u25ba Rozsah dod\u00e1vky<span class='bullet-line'>rychloup\u00ednac\u00ed skl\u00ed\u010didlo<\/span><span class='bullet-line'>Spona na opasek a z\u00e1sobn\u00edk bit\u016f<\/span><span class='bullet-line'>Kufr MetaLoc<\/span><span class='bullet-line'>bez akumul\u00e1torov\u00e9ho \u010dl\u00e1nku, bez nab\u00edje\u010dky<\/span><\/div>\n<div class=\"parameters\">\n<tr>\n<td>Druh akumul\u00e1torov\u00fdch \u010dl\u00e1nk\u016f<\/td>\n<td>Li-Ion<\/td>\n<\/tr>\n<tr>\n<td>Nap\u011bt\u00ed akumul\u00e1toru<\/td>\n<td>12 V<\/td>\n<\/tr>\n<tr>\n<td>Max. to\u010div\u00fd moment m\u011bkk\u00fd<\/td>\n<td>17 Nm<\/td>\n<\/tr>\n<tr>\n<td>Max. to\u010div\u00fd moment tvrd\u00fd<\/td>\n<td>40 Nm<\/td>\n<\/tr>\n<tr>\n<td>Nastaviteln\u00fd to\u010div\u00fd moment<\/td>\n<td>0.5 &#8211; 5 Nm<\/td>\n<\/tr>\n<tr>\n<td>\u00d8 vrt\u00e1n\u00ed zdiva<\/td>\n<td>10 mm<\/td>\n<\/tr>\n<tr>\n<td>\u00d8 vrt\u00e1ku do oceli<\/td>\n<td>10 mm<\/td>\n<\/tr>\n<tr>\n<td>\u00d8 vrt\u00e1n\u00ed m\u011bkk\u00e9ho d\u0159eva<\/td>\n<td>18 mm<\/td>\n<\/tr>\n<tr>\n<td>Po\u010det ot\u00e1\u010dek p\u0159i volnob\u011bhu<\/td>\n<td>0 &#8211; 360 \/ 0 &#8211; 1400 \/min<\/td>\n<\/tr>\n<tr>\n<td>Max. po\u010det p\u0159\u00edklep\u016f21000 \/min<\/td>\n<td><\/td>\n<\/tr>\n<tr>\n<td>Rozp\u011bt\u00ed skl\u00ed\u010didla<\/td>\n<td>1.5 &#8211; 10 mm<\/td>\n<\/tr>\n<tr>\n<td>Hmotnost bez akumul\u00e1torov\u00e9ho \u010dl\u00e1nku<\/td>\n<td>0.9 kg<\/td>\n<\/tr>\n<tr>\n<td>Hmotnost v\u010d. akumul\u00e1torov\u00e9ho \u010dl\u00e1nku<\/td>\n<td>1.1 kg<\/td>\n<\/tr>\n<tr>\n<td>\u25ba<\/td>\n<td>Vibrace<\/td>\n<\/tr>\n<tr>\n<td>Vrt\u00e1n\u00ed kovu<\/td>\n<td>2.5 m\/s\u00b2<\/td>\n<\/tr>\n<tr>\n<td>Nejistota m\u011b\u0159en\u00ed K<\/td>\n<td>1.5 m\/s\u00b2<\/td>\n<\/tr>\n<tr>\n<td>P\u0159\u00edklepov\u00e9 vrt\u00e1n\u00ed do betonu<\/td>\n<td>13 m\/s\u00b2<\/td>\n<\/tr>\n<tr>\n<td>Nejistota m\u011b\u0159en\u00ed K<\/td>\n<td>1.5 m\/s\u00b2<\/td>\n<\/tr>\n<tr>\n<td>\u0160rouby bez r\u00e1zu<\/td>\n<td>2.5 m\/s\u00b2<\/td>\n<\/tr>\n<tr>\n<td>Nejistota m\u011b\u0159en\u00ed K<\/td>\n<td>1.5 m\/s\u00b2<\/td>\n<\/tr>\n<tr>\n<td>\u25ba<\/td>\n<td>Hlukov\u00e9 emise<\/td>\n<\/tr>\n<tr>\n<td>Hladina akustick\u00e9ho tlaku<\/td>\n<td>85 dB(A)<\/td>\n<\/tr>\n<tr>\n<td>Hladina akustick\u00e9ho v\u00fdkonu (LwA)<\/td>\n<td>96 dB(A)<\/td>\n<\/tr>\n<tr>\n<td>Nejistota m\u011b\u0159en\u00ed K<\/td>\n<td>3 dB(A)<\/td>\n<\/tr><\/div>\n<\/table>\n","protected":false},"excerpt":{"rendered":"<p>Lehk\u00e1 kompaktn\u00ed akumul\u00e1torov\u00e1 p\u0159\u00edklepov\u00e1 vrta\u010dka s extr\u00e9mn\u011b kr\u00e1tkou konstrukc\u00ed pro r\u016fznorod\u00e9 pou\u017eit\u00edMetabo t\u0159\u00edda 12 V &#8211; lehk\u00e1 v ruce, siln\u00e1 v provozuP\u0159\u00edklepov\u00e1 funkce k vrt\u00e1n\u00ed do zdivaIntegrovan\u00e1 pracovn\u00ed LED lampa s funkc\u00ed dosv\u00edcen\u00ed pro optim\u00e1ln\u00ed sv\u011btlost v pracovn\u00edm prostoruS praktickou sponou na opasek a z\u00e1sobn\u00edkem bit\u016f, s mo\u017enost\u00ed zaji\u0161t\u011bn\u00ed vpravo nebo vlevo\u25ba Rozsah dod\u00e1vkyrychloup\u00ednac\u00ed skl\u00ed\u010didloSpona [&hellip;]<\/p>\n","protected":false},"featured_media":28462,"comment_status":"open","ping_status":"open","template":"","meta":[],"product_brand":[],"product_cat":[43],"product_tag":[],"class_list":{"0":"post-28362","1":"product","2":"type-product","3":"status-publish","4":"has-post-thumbnail","6":"product_cat-naradi","8":"first","9":"instock","10":"sale","11":"shipping-taxable","12":"purchasable","13":"product-type-simple"},"yoast_head":"<!-- This site is optimized with the Yoast SEO plugin v26.8 - https:\/\/yoast.com\/product\/yoast-seo-wordpress\/ -->\n<title>Zna\u010dkov\u00fd METABO PowerMaxx\u00a0SB\u00a012 Aku p\u0159\u00edklepov\u00fd \u0161roubov\u00e1k + kufr, bez aku -<\/title>\n<meta name=\"robots\" content=\"index, follow, max-snippet:-1, max-image-preview:large, max-video-preview:-1\" \/>\n<link rel=\"canonical\" href=\"https:\/\/www.koupeltech.com\/index.php\/produkt\/znackovy-metabo-powermaxx-sb-12-aku-priklepovy-sroubovak-kufr-bez-aku-28362\/\" \/>\n<meta property=\"og:locale\" content=\"cs_CZ\" \/>\n<meta property=\"og:type\" content=\"article\" \/>\n<meta property=\"og:title\" content=\"Zna\u010dkov\u00fd METABO PowerMaxx\u00a0SB\u00a012 Aku p\u0159\u00edklepov\u00fd \u0161roubov\u00e1k + kufr, bez aku -\" \/>\n<meta property=\"og:description\" content=\"Lehk\u00e1 kompaktn\u00ed akumul\u00e1torov\u00e1 p\u0159\u00edklepov\u00e1 vrta\u010dka s extr\u00e9mn\u011b kr\u00e1tkou konstrukc\u00ed pro r\u016fznorod\u00e9 pou\u017eit\u00edMetabo t\u0159\u00edda 12 V &#8211; lehk\u00e1 v ruce, siln\u00e1 v provozuP\u0159\u00edklepov\u00e1 funkce k vrt\u00e1n\u00ed do zdivaIntegrovan\u00e1 pracovn\u00ed LED lampa s funkc\u00ed dosv\u00edcen\u00ed pro optim\u00e1ln\u00ed sv\u011btlost v pracovn\u00edm prostoruS praktickou sponou na opasek a z\u00e1sobn\u00edkem bit\u016f, s mo\u017enost\u00ed zaji\u0161t\u011bn\u00ed vpravo nebo vlevo\u25ba Rozsah dod\u00e1vkyrychloup\u00ednac\u00ed skl\u00ed\u010didloSpona [&hellip;]\" \/>\n<meta property=\"og:url\" content=\"https:\/\/www.koupeltech.com\/index.php\/produkt\/znackovy-metabo-powermaxx-sb-12-aku-priklepovy-sroubovak-kufr-bez-aku-28362\/\" \/>\n<meta property=\"og:image\" content=\"https:\/\/www.koupeltech.com\/wp-content\/uploads\/2026\/SK0023902-CZ20260425-092328-0-1777080210-1245035-1_103740.webp\" \/>\n\t<meta property=\"og:image:width\" content=\"1000\" \/>\n\t<meta property=\"og:image:height\" content=\"666\" \/>\n\t<meta property=\"og:image:type\" content=\"image\/webp\" \/>\n<meta name=\"twitter:card\" content=\"summary_large_image\" \/>\n<meta name=\"twitter:label1\" content=\"Odhadovan\u00e1 doba \u010dten\u00ed\" \/>\n\t<meta name=\"twitter:data1\" content=\"1 minuta\" \/>\n<script type=\"application\/ld+json\" class=\"yoast-schema-graph\">{\"@context\":\"https:\/\/schema.org\",\"@graph\":[{\"@type\":\"WebPage\",\"@id\":\"https:\/\/www.koupeltech.com\/index.php\/produkt\/znackovy-metabo-powermaxx-sb-12-aku-priklepovy-sroubovak-kufr-bez-aku-28362\/\",\"url\":\"https:\/\/www.koupeltech.com\/index.php\/produkt\/znackovy-metabo-powermaxx-sb-12-aku-priklepovy-sroubovak-kufr-bez-aku-28362\/\",\"name\":\"Zna\u010dkov\u00fd METABO PowerMaxx\u00a0SB\u00a012 Aku p\u0159\u00edklepov\u00fd \u0161roubov\u00e1k + kufr, bez aku -\",\"isPartOf\":{\"@id\":\"https:\/\/www.koupeltech.com\/#website\"},\"primaryImageOfPage\":{\"@id\":\"https:\/\/www.koupeltech.com\/index.php\/produkt\/znackovy-metabo-powermaxx-sb-12-aku-priklepovy-sroubovak-kufr-bez-aku-28362\/#primaryimage\"},\"image\":{\"@id\":\"https:\/\/www.koupeltech.com\/index.php\/produkt\/znackovy-metabo-powermaxx-sb-12-aku-priklepovy-sroubovak-kufr-bez-aku-28362\/#primaryimage\"},\"thumbnailUrl\":\"https:\/\/www.koupeltech.com\/wp-content\/uploads\/2026\/SK0023902-CZ20260425-092328-0-1777080210-1245035-1_103740.webp\",\"datePublished\":\"2026-04-27T14:00:08+00:00\",\"breadcrumb\":{\"@id\":\"https:\/\/www.koupeltech.com\/index.php\/produkt\/znackovy-metabo-powermaxx-sb-12-aku-priklepovy-sroubovak-kufr-bez-aku-28362\/#breadcrumb\"},\"inLanguage\":\"cs\",\"potentialAction\":[{\"@type\":\"ReadAction\",\"target\":[\"https:\/\/www.koupeltech.com\/index.php\/produkt\/znackovy-metabo-powermaxx-sb-12-aku-priklepovy-sroubovak-kufr-bez-aku-28362\/\"]}]},{\"@type\":\"ImageObject\",\"inLanguage\":\"cs\",\"@id\":\"https:\/\/www.koupeltech.com\/index.php\/produkt\/znackovy-metabo-powermaxx-sb-12-aku-priklepovy-sroubovak-kufr-bez-aku-28362\/#primaryimage\",\"url\":\"https:\/\/www.koupeltech.com\/wp-content\/uploads\/2026\/SK0023902-CZ20260425-092328-0-1777080210-1245035-1_103740.webp\",\"contentUrl\":\"https:\/\/www.koupeltech.com\/wp-content\/uploads\/2026\/SK0023902-CZ20260425-092328-0-1777080210-1245035-1_103740.webp\",\"width\":1000,\"height\":666},{\"@type\":\"BreadcrumbList\",\"@id\":\"https:\/\/www.koupeltech.com\/index.php\/produkt\/znackovy-metabo-powermaxx-sb-12-aku-priklepovy-sroubovak-kufr-bez-aku-28362\/#breadcrumb\",\"itemListElement\":[{\"@type\":\"ListItem\",\"position\":1,\"name\":\"Home\",\"item\":\"https:\/\/www.koupeltech.com\/\"},{\"@type\":\"ListItem\",\"position\":2,\"name\":\"Products\",\"item\":\"https:\/\/www.koupeltech.com\/index.php\/products\/\"},{\"@type\":\"ListItem\",\"position\":3,\"name\":\"Zna\u010dkov\u00fd METABO PowerMaxx\u00a0SB\u00a012 Aku p\u0159\u00edklepov\u00fd \u0161roubov\u00e1k + kufr, bez aku\"}]},{\"@type\":\"WebSite\",\"@id\":\"https:\/\/www.koupeltech.com\/#website\",\"url\":\"https:\/\/www.koupeltech.com\/\",\"name\":\"\",\"description\":\"\",\"potentialAction\":[{\"@type\":\"SearchAction\",\"target\":{\"@type\":\"EntryPoint\",\"urlTemplate\":\"https:\/\/www.koupeltech.com\/?s={search_term_string}\"},\"query-input\":{\"@type\":\"PropertyValueSpecification\",\"valueRequired\":true,\"valueName\":\"search_term_string\"}}],\"inLanguage\":\"cs\"}]}<\/script>\n<!-- \/ Yoast SEO plugin. -->","yoast_head_json":{"title":"Zna\u010dkov\u00fd METABO PowerMaxx\u00a0SB\u00a012 Aku p\u0159\u00edklepov\u00fd \u0161roubov\u00e1k + kufr, bez aku -","robots":{"index":"index","follow":"follow","max-snippet":"max-snippet:-1","max-image-preview":"max-image-preview:large","max-video-preview":"max-video-preview:-1"},"canonical":"https:\/\/www.koupeltech.com\/index.php\/produkt\/znackovy-metabo-powermaxx-sb-12-aku-priklepovy-sroubovak-kufr-bez-aku-28362\/","og_locale":"cs_CZ","og_type":"article","og_title":"Zna\u010dkov\u00fd METABO PowerMaxx\u00a0SB\u00a012 Aku p\u0159\u00edklepov\u00fd \u0161roubov\u00e1k + kufr, bez aku -","og_description":"Lehk\u00e1 kompaktn\u00ed akumul\u00e1torov\u00e1 p\u0159\u00edklepov\u00e1 vrta\u010dka s extr\u00e9mn\u011b kr\u00e1tkou konstrukc\u00ed pro r\u016fznorod\u00e9 pou\u017eit\u00edMetabo t\u0159\u00edda 12 V &#8211; lehk\u00e1 v ruce, siln\u00e1 v provozuP\u0159\u00edklepov\u00e1 funkce k vrt\u00e1n\u00ed do zdivaIntegrovan\u00e1 pracovn\u00ed LED lampa s funkc\u00ed dosv\u00edcen\u00ed pro optim\u00e1ln\u00ed sv\u011btlost v pracovn\u00edm prostoruS praktickou sponou na opasek a z\u00e1sobn\u00edkem bit\u016f, s mo\u017enost\u00ed zaji\u0161t\u011bn\u00ed vpravo nebo vlevo\u25ba Rozsah dod\u00e1vkyrychloup\u00ednac\u00ed skl\u00ed\u010didloSpona [&hellip;]","og_url":"https:\/\/www.koupeltech.com\/index.php\/produkt\/znackovy-metabo-powermaxx-sb-12-aku-priklepovy-sroubovak-kufr-bez-aku-28362\/","og_image":[{"width":1000,"height":666,"url":"https:\/\/www.koupeltech.com\/wp-content\/uploads\/2026\/SK0023902-CZ20260425-092328-0-1777080210-1245035-1_103740.webp","type":"image\/webp"}],"twitter_card":"summary_large_image","twitter_misc":{"Odhadovan\u00e1 doba \u010dten\u00ed":"1 minuta"},"schema":{"@context":"https:\/\/schema.org","@graph":[{"@type":"WebPage","@id":"https:\/\/www.koupeltech.com\/index.php\/produkt\/znackovy-metabo-powermaxx-sb-12-aku-priklepovy-sroubovak-kufr-bez-aku-28362\/","url":"https:\/\/www.koupeltech.com\/index.php\/produkt\/znackovy-metabo-powermaxx-sb-12-aku-priklepovy-sroubovak-kufr-bez-aku-28362\/","name":"Zna\u010dkov\u00fd METABO PowerMaxx\u00a0SB\u00a012 Aku p\u0159\u00edklepov\u00fd \u0161roubov\u00e1k + kufr, bez aku -","isPartOf":{"@id":"https:\/\/www.koupeltech.com\/#website"},"primaryImageOfPage":{"@id":"https:\/\/www.koupeltech.com\/index.php\/produkt\/znackovy-metabo-powermaxx-sb-12-aku-priklepovy-sroubovak-kufr-bez-aku-28362\/#primaryimage"},"image":{"@id":"https:\/\/www.koupeltech.com\/index.php\/produkt\/znackovy-metabo-powermaxx-sb-12-aku-priklepovy-sroubovak-kufr-bez-aku-28362\/#primaryimage"},"thumbnailUrl":"https:\/\/www.koupeltech.com\/wp-content\/uploads\/2026\/SK0023902-CZ20260425-092328-0-1777080210-1245035-1_103740.webp","datePublished":"2026-04-27T14:00:08+00:00","breadcrumb":{"@id":"https:\/\/www.koupeltech.com\/index.php\/produkt\/znackovy-metabo-powermaxx-sb-12-aku-priklepovy-sroubovak-kufr-bez-aku-28362\/#breadcrumb"},"inLanguage":"cs","potentialAction":[{"@type":"ReadAction","target":["https:\/\/www.koupeltech.com\/index.php\/produkt\/znackovy-metabo-powermaxx-sb-12-aku-priklepovy-sroubovak-kufr-bez-aku-28362\/"]}]},{"@type":"ImageObject","inLanguage":"cs","@id":"https:\/\/www.koupeltech.com\/index.php\/produkt\/znackovy-metabo-powermaxx-sb-12-aku-priklepovy-sroubovak-kufr-bez-aku-28362\/#primaryimage","url":"https:\/\/www.koupeltech.com\/wp-content\/uploads\/2026\/SK0023902-CZ20260425-092328-0-1777080210-1245035-1_103740.webp","contentUrl":"https:\/\/www.koupeltech.com\/wp-content\/uploads\/2026\/SK0023902-CZ20260425-092328-0-1777080210-1245035-1_103740.webp","width":1000,"height":666},{"@type":"BreadcrumbList","@id":"https:\/\/www.koupeltech.com\/index.php\/produkt\/znackovy-metabo-powermaxx-sb-12-aku-priklepovy-sroubovak-kufr-bez-aku-28362\/#breadcrumb","itemListElement":[{"@type":"ListItem","position":1,"name":"Home","item":"https:\/\/www.koupeltech.com\/"},{"@type":"ListItem","position":2,"name":"Products","item":"https:\/\/www.koupeltech.com\/index.php\/products\/"},{"@type":"ListItem","position":3,"name":"Zna\u010dkov\u00fd METABO PowerMaxx\u00a0SB\u00a012 Aku p\u0159\u00edklepov\u00fd \u0161roubov\u00e1k + kufr, bez aku"}]},{"@type":"WebSite","@id":"https:\/\/www.koupeltech.com\/#website","url":"https:\/\/www.koupeltech.com\/","name":"","description":"","potentialAction":[{"@type":"SearchAction","target":{"@type":"EntryPoint","urlTemplate":"https:\/\/www.koupeltech.com\/?s={search_term_string}"},"query-input":{"@type":"PropertyValueSpecification","valueRequired":true,"valueName":"search_term_string"}}],"inLanguage":"cs"}]}},"_links":{"self":[{"href":"https:\/\/www.koupeltech.com\/index.php\/wp-json\/wp\/v2\/product\/28362","targetHints":{"allow":["GET"]}}],"collection":[{"href":"https:\/\/www.koupeltech.com\/index.php\/wp-json\/wp\/v2\/product"}],"about":[{"href":"https:\/\/www.koupeltech.com\/index.php\/wp-json\/wp\/v2\/types\/product"}],"replies":[{"embeddable":true,"href":"https:\/\/www.koupeltech.com\/index.php\/wp-json\/wp\/v2\/comments?post=28362"}],"wp:featuredmedia":[{"embeddable":true,"href":"https:\/\/www.koupeltech.com\/index.php\/wp-json\/wp\/v2\/media\/28462"}],"wp:attachment":[{"href":"https:\/\/www.koupeltech.com\/index.php\/wp-json\/wp\/v2\/media?parent=28362"}],"wp:term":[{"taxonomy":"product_brand","embeddable":true,"href":"https:\/\/www.koupeltech.com\/index.php\/wp-json\/wp\/v2\/product_brand?post=28362"},{"taxonomy":"product_cat","embeddable":true,"href":"https:\/\/www.koupeltech.com\/index.php\/wp-json\/wp\/v2\/product_cat?post=28362"},{"taxonomy":"product_tag","embeddable":true,"href":"https:\/\/www.koupeltech.com\/index.php\/wp-json\/wp\/v2\/product_tag?post=28362"}],"curies":[{"name":"wp","href":"https:\/\/api.w.org\/{rel}","templated":true}]}}