{"id":28706,"date":"2026-04-27T14:00:12","date_gmt":"2026-04-27T14:00:12","guid":{"rendered":""},"modified":"2026-04-27T14:00:12","modified_gmt":"2026-04-27T14:00:12","slug":"akce-metabo-sse-18-ltx-bl-compact-aku-pila-ocaska-bez-aku-28706","status":"publish","type":"product","link":"https:\/\/www.koupeltech.com\/index.php\/produkt\/akce-metabo-sse-18-ltx-bl-compact-aku-pila-ocaska-bez-aku-28706\/","title":{"rendered":"Akce METABO SSE\u00a018\u00a0LTX\u00a0BL Compact Aku pila ocaska, bez aku"},"content":{"rendered":"<table>\n<div class=\"tab-pane active product-description\" id=\"popis\" role=\"tabpanel\">\n<div class=\"short-description\" itemprop=\"description\"><\/div>\n<div class=\"description\"><span class='bullet-line'>Lehk\u00e1, extr\u00e9mn\u011b \u0161ikovn\u00e1 pila pro ovl\u00e1d\u00e1n\u00ed jednou i dv\u011bma rukama<\/span><span class='bullet-line'>Obzvl\u00e1\u0161t\u011b vhodn\u00e9 pro pr\u00e1ci na t\u011b\u017eko p\u0159\u00edstupn\u00fdch m\u00edstech<\/span><span class='bullet-line'>Unik\u00e1tn\u00ed bezkart\u00e1\u010dov\u00fd motor Metabo pro rychl\u00fd postup pr\u00e1ce a maxim\u00e1ln\u00ed \u00fa\u010dinnost p\u0159i ka\u017ed\u00e9m pou\u017eit\u00ed<\/span><span class='bullet-line'>Elektronika Vario (V) pro pr\u00e1ci se zdvihem odpov\u00eddaj\u00edc\u00edm materi\u00e1lu<\/span><span class='bullet-line'>Pilov\u00fd kotou\u010d lze oto\u010dit o 180 \u00b0 pro pohodlnou pr\u00e1ci nad hlavou<\/span><span class='bullet-line'>Roz\u0161\u00ed\u0159en\u00e1 \u0159ada pou\u017eit\u00ed d\u00edky jedine\u010dn\u00e9mu rychl\u00e9mu upevn\u011bn\u00ed pro pilov\u00e9 listy a pilov\u00e9 listy<\/span><span class='bullet-line'>Hloubkov\u00fd doraz lze nastavit bez n\u00e1stroj\u016f pro optim\u00e1ln\u00ed vyu\u017eit\u00ed pilov\u00e9ho kotou\u010de a mnohostrann\u00e9 aplikace, jako jsou ponorn\u00e9 \u0159ezy<\/span><span class='bullet-line'>Integrovan\u00e9 pracovn\u00ed sv\u011btlo LED pro optim\u00e1ln\u00ed osv\u011btlen\u00ed rozhran\u00ed<\/span><span class='bullet-line'>\u0160irok\u00e9 spektrum pou\u017eit\u00ed d\u00edky koordinovan\u00e9 \u0159ad\u011b pilov\u00fdch list\u016f Metabo<\/span><span class='bullet-line'>Lze kombinovat se v\u0161emi 18V bateriemi a nab\u00edje\u010dkami zna\u010dek CAS<\/span><br \/>\u25ba Rozsah dod\u00e1vky<span class='bullet-line'>Pilov\u00fd list na d\u0159evo a kov<\/span><span class='bullet-line'>bez akumul\u00e1toru, bez nab\u00edje\u010dky<\/span><\/div>\n<div class=\"parameters\">\n<tr>\n<td>Napeti baterky<\/td>\n<td>18 V<\/td>\n<\/tr>\n<tr>\n<td>Po\u010det zdvih\u016f p\u0159i volnob\u011bhu<\/td>\n<td>0-3 000 ot.\/min<\/td>\n<\/tr>\n<tr>\n<td>Zdvih pilov\u00e9ho kotou\u010de<\/td>\n<td>16 mm<\/td>\n<\/tr>\n<tr>\n<td>Hmotnost bez baterie<\/td>\n<td>1,4 kg<\/td>\n<\/tr>\n<tr>\n<td>Hmotnost s bateri\u00ed<\/td>\n<td>1,8 kg<\/td>\n<\/tr>\n<tr>\n<td>\u0158ez\u00e1n\u00ed d\u0159evot\u0159\u00edsky<\/td>\n<td>13 m \/ s\u00b2<\/td>\n<\/tr>\n<tr>\n<td>Nejistota m\u011b\u0159en\u00ed K<\/td>\n<td>2 m \/ s\u00b2<\/td>\n<\/tr>\n<tr>\n<td>\u0158ez\u00e1n\u00ed d\u0159ev\u011bn\u00fdch tr\u00e1m\u016f<\/td>\n<td>15 m \/ s\u00b2<\/td>\n<\/tr>\n<tr>\n<td>Nejistota m\u011b\u0159en\u00ed K<\/td>\n<td>2,5 m \/ s\u00b2<\/td>\n<\/tr>\n<tr>\n<td>Hladina akustick\u00e9ho tlaku<\/td>\n<td>82 dB (A)<\/td>\n<\/tr>\n<tr>\n<td>Hladina akustick\u00e9ho v\u00fdkonu (LwA)<\/td>\n<td>93 dB (A)<\/td>\n<\/tr>\n<tr>\n<td>Nejistota m\u011b\u0159en\u00ed K<\/td>\n<td>5 dB (A)<\/td>\n<\/tr><\/div>\n<\/table>\n","protected":false},"excerpt":{"rendered":"<p>Lehk\u00e1, extr\u00e9mn\u011b \u0161ikovn\u00e1 pila pro ovl\u00e1d\u00e1n\u00ed jednou i dv\u011bma rukamaObzvl\u00e1\u0161t\u011b vhodn\u00e9 pro pr\u00e1ci na t\u011b\u017eko p\u0159\u00edstupn\u00fdch m\u00edstechUnik\u00e1tn\u00ed bezkart\u00e1\u010dov\u00fd motor Metabo pro rychl\u00fd postup pr\u00e1ce a maxim\u00e1ln\u00ed \u00fa\u010dinnost p\u0159i ka\u017ed\u00e9m pou\u017eit\u00edElektronika Vario (V) pro pr\u00e1ci se zdvihem odpov\u00eddaj\u00edc\u00edm materi\u00e1luPilov\u00fd kotou\u010d lze oto\u010dit o 180 \u00b0 pro pohodlnou pr\u00e1ci nad hlavouRoz\u0161\u00ed\u0159en\u00e1 \u0159ada pou\u017eit\u00ed d\u00edky jedine\u010dn\u00e9mu rychl\u00e9mu upevn\u011bn\u00ed [&hellip;]<\/p>\n","protected":false},"featured_media":28806,"comment_status":"open","ping_status":"open","template":"","meta":[],"product_brand":[],"product_cat":[43],"product_tag":[],"class_list":{"0":"post-28706","1":"product","2":"type-product","3":"status-publish","4":"has-post-thumbnail","6":"product_cat-naradi","8":"first","9":"instock","10":"sale","11":"shipping-taxable","12":"purchasable","13":"product-type-simple"},"yoast_head":"<!-- This site is optimized with the Yoast SEO plugin v26.8 - https:\/\/yoast.com\/product\/yoast-seo-wordpress\/ -->\n<title>Akce METABO SSE\u00a018\u00a0LTX\u00a0BL Compact Aku pila ocaska, bez aku -<\/title>\n<meta name=\"robots\" content=\"index, follow, max-snippet:-1, max-image-preview:large, max-video-preview:-1\" \/>\n<link rel=\"canonical\" href=\"https:\/\/www.koupeltech.com\/index.php\/produkt\/akce-metabo-sse-18-ltx-bl-compact-aku-pila-ocaska-bez-aku-28706\/\" \/>\n<meta property=\"og:locale\" content=\"cs_CZ\" \/>\n<meta property=\"og:type\" content=\"article\" \/>\n<meta property=\"og:title\" content=\"Akce METABO SSE\u00a018\u00a0LTX\u00a0BL Compact Aku pila ocaska, bez aku -\" \/>\n<meta property=\"og:description\" content=\"Lehk\u00e1, extr\u00e9mn\u011b \u0161ikovn\u00e1 pila pro ovl\u00e1d\u00e1n\u00ed jednou i dv\u011bma rukamaObzvl\u00e1\u0161t\u011b vhodn\u00e9 pro pr\u00e1ci na t\u011b\u017eko p\u0159\u00edstupn\u00fdch m\u00edstechUnik\u00e1tn\u00ed bezkart\u00e1\u010dov\u00fd motor Metabo pro rychl\u00fd postup pr\u00e1ce a maxim\u00e1ln\u00ed \u00fa\u010dinnost p\u0159i ka\u017ed\u00e9m pou\u017eit\u00edElektronika Vario (V) pro pr\u00e1ci se zdvihem odpov\u00eddaj\u00edc\u00edm materi\u00e1luPilov\u00fd kotou\u010d lze oto\u010dit o 180 \u00b0 pro pohodlnou pr\u00e1ci nad hlavouRoz\u0161\u00ed\u0159en\u00e1 \u0159ada pou\u017eit\u00ed d\u00edky jedine\u010dn\u00e9mu rychl\u00e9mu upevn\u011bn\u00ed [&hellip;]\" \/>\n<meta property=\"og:url\" content=\"https:\/\/www.koupeltech.com\/index.php\/produkt\/akce-metabo-sse-18-ltx-bl-compact-aku-pila-ocaska-bez-aku-28706\/\" \/>\n<meta property=\"og:image\" content=\"https:\/\/www.koupeltech.com\/wp-content\/uploads\/2026\/SK0024063-CZ20260425-092328-0-1777080210-1245205-1_105341.webp\" \/>\n\t<meta property=\"og:image:width\" content=\"1000\" \/>\n\t<meta property=\"og:image:height\" content=\"666\" \/>\n\t<meta property=\"og:image:type\" content=\"image\/webp\" \/>\n<meta name=\"twitter:card\" content=\"summary_large_image\" \/>\n<meta name=\"twitter:label1\" content=\"Odhadovan\u00e1 doba \u010dten\u00ed\" \/>\n\t<meta name=\"twitter:data1\" content=\"1 minuta\" \/>\n<script type=\"application\/ld+json\" class=\"yoast-schema-graph\">{\"@context\":\"https:\/\/schema.org\",\"@graph\":[{\"@type\":\"WebPage\",\"@id\":\"https:\/\/www.koupeltech.com\/index.php\/produkt\/akce-metabo-sse-18-ltx-bl-compact-aku-pila-ocaska-bez-aku-28706\/\",\"url\":\"https:\/\/www.koupeltech.com\/index.php\/produkt\/akce-metabo-sse-18-ltx-bl-compact-aku-pila-ocaska-bez-aku-28706\/\",\"name\":\"Akce METABO SSE\u00a018\u00a0LTX\u00a0BL Compact Aku pila ocaska, bez aku -\",\"isPartOf\":{\"@id\":\"https:\/\/www.koupeltech.com\/#website\"},\"primaryImageOfPage\":{\"@id\":\"https:\/\/www.koupeltech.com\/index.php\/produkt\/akce-metabo-sse-18-ltx-bl-compact-aku-pila-ocaska-bez-aku-28706\/#primaryimage\"},\"image\":{\"@id\":\"https:\/\/www.koupeltech.com\/index.php\/produkt\/akce-metabo-sse-18-ltx-bl-compact-aku-pila-ocaska-bez-aku-28706\/#primaryimage\"},\"thumbnailUrl\":\"https:\/\/www.koupeltech.com\/wp-content\/uploads\/2026\/SK0024063-CZ20260425-092328-0-1777080210-1245205-1_105341.webp\",\"datePublished\":\"2026-04-27T14:00:12+00:00\",\"breadcrumb\":{\"@id\":\"https:\/\/www.koupeltech.com\/index.php\/produkt\/akce-metabo-sse-18-ltx-bl-compact-aku-pila-ocaska-bez-aku-28706\/#breadcrumb\"},\"inLanguage\":\"cs\",\"potentialAction\":[{\"@type\":\"ReadAction\",\"target\":[\"https:\/\/www.koupeltech.com\/index.php\/produkt\/akce-metabo-sse-18-ltx-bl-compact-aku-pila-ocaska-bez-aku-28706\/\"]}]},{\"@type\":\"ImageObject\",\"inLanguage\":\"cs\",\"@id\":\"https:\/\/www.koupeltech.com\/index.php\/produkt\/akce-metabo-sse-18-ltx-bl-compact-aku-pila-ocaska-bez-aku-28706\/#primaryimage\",\"url\":\"https:\/\/www.koupeltech.com\/wp-content\/uploads\/2026\/SK0024063-CZ20260425-092328-0-1777080210-1245205-1_105341.webp\",\"contentUrl\":\"https:\/\/www.koupeltech.com\/wp-content\/uploads\/2026\/SK0024063-CZ20260425-092328-0-1777080210-1245205-1_105341.webp\",\"width\":1000,\"height\":666},{\"@type\":\"BreadcrumbList\",\"@id\":\"https:\/\/www.koupeltech.com\/index.php\/produkt\/akce-metabo-sse-18-ltx-bl-compact-aku-pila-ocaska-bez-aku-28706\/#breadcrumb\",\"itemListElement\":[{\"@type\":\"ListItem\",\"position\":1,\"name\":\"Home\",\"item\":\"https:\/\/www.koupeltech.com\/\"},{\"@type\":\"ListItem\",\"position\":2,\"name\":\"Products\",\"item\":\"https:\/\/www.koupeltech.com\/index.php\/products\/\"},{\"@type\":\"ListItem\",\"position\":3,\"name\":\"Akce METABO SSE\u00a018\u00a0LTX\u00a0BL Compact Aku pila ocaska, bez aku\"}]},{\"@type\":\"WebSite\",\"@id\":\"https:\/\/www.koupeltech.com\/#website\",\"url\":\"https:\/\/www.koupeltech.com\/\",\"name\":\"\",\"description\":\"\",\"potentialAction\":[{\"@type\":\"SearchAction\",\"target\":{\"@type\":\"EntryPoint\",\"urlTemplate\":\"https:\/\/www.koupeltech.com\/?s={search_term_string}\"},\"query-input\":{\"@type\":\"PropertyValueSpecification\",\"valueRequired\":true,\"valueName\":\"search_term_string\"}}],\"inLanguage\":\"cs\"}]}<\/script>\n<!-- \/ Yoast SEO plugin. -->","yoast_head_json":{"title":"Akce METABO SSE\u00a018\u00a0LTX\u00a0BL Compact Aku pila ocaska, bez aku -","robots":{"index":"index","follow":"follow","max-snippet":"max-snippet:-1","max-image-preview":"max-image-preview:large","max-video-preview":"max-video-preview:-1"},"canonical":"https:\/\/www.koupeltech.com\/index.php\/produkt\/akce-metabo-sse-18-ltx-bl-compact-aku-pila-ocaska-bez-aku-28706\/","og_locale":"cs_CZ","og_type":"article","og_title":"Akce METABO SSE\u00a018\u00a0LTX\u00a0BL Compact Aku pila ocaska, bez aku -","og_description":"Lehk\u00e1, extr\u00e9mn\u011b \u0161ikovn\u00e1 pila pro ovl\u00e1d\u00e1n\u00ed jednou i dv\u011bma rukamaObzvl\u00e1\u0161t\u011b vhodn\u00e9 pro pr\u00e1ci na t\u011b\u017eko p\u0159\u00edstupn\u00fdch m\u00edstechUnik\u00e1tn\u00ed bezkart\u00e1\u010dov\u00fd motor Metabo pro rychl\u00fd postup pr\u00e1ce a maxim\u00e1ln\u00ed \u00fa\u010dinnost p\u0159i ka\u017ed\u00e9m pou\u017eit\u00edElektronika Vario (V) pro pr\u00e1ci se zdvihem odpov\u00eddaj\u00edc\u00edm materi\u00e1luPilov\u00fd kotou\u010d lze oto\u010dit o 180 \u00b0 pro pohodlnou pr\u00e1ci nad hlavouRoz\u0161\u00ed\u0159en\u00e1 \u0159ada pou\u017eit\u00ed d\u00edky jedine\u010dn\u00e9mu rychl\u00e9mu upevn\u011bn\u00ed [&hellip;]","og_url":"https:\/\/www.koupeltech.com\/index.php\/produkt\/akce-metabo-sse-18-ltx-bl-compact-aku-pila-ocaska-bez-aku-28706\/","og_image":[{"width":1000,"height":666,"url":"https:\/\/www.koupeltech.com\/wp-content\/uploads\/2026\/SK0024063-CZ20260425-092328-0-1777080210-1245205-1_105341.webp","type":"image\/webp"}],"twitter_card":"summary_large_image","twitter_misc":{"Odhadovan\u00e1 doba \u010dten\u00ed":"1 minuta"},"schema":{"@context":"https:\/\/schema.org","@graph":[{"@type":"WebPage","@id":"https:\/\/www.koupeltech.com\/index.php\/produkt\/akce-metabo-sse-18-ltx-bl-compact-aku-pila-ocaska-bez-aku-28706\/","url":"https:\/\/www.koupeltech.com\/index.php\/produkt\/akce-metabo-sse-18-ltx-bl-compact-aku-pila-ocaska-bez-aku-28706\/","name":"Akce METABO SSE\u00a018\u00a0LTX\u00a0BL Compact Aku pila ocaska, bez aku -","isPartOf":{"@id":"https:\/\/www.koupeltech.com\/#website"},"primaryImageOfPage":{"@id":"https:\/\/www.koupeltech.com\/index.php\/produkt\/akce-metabo-sse-18-ltx-bl-compact-aku-pila-ocaska-bez-aku-28706\/#primaryimage"},"image":{"@id":"https:\/\/www.koupeltech.com\/index.php\/produkt\/akce-metabo-sse-18-ltx-bl-compact-aku-pila-ocaska-bez-aku-28706\/#primaryimage"},"thumbnailUrl":"https:\/\/www.koupeltech.com\/wp-content\/uploads\/2026\/SK0024063-CZ20260425-092328-0-1777080210-1245205-1_105341.webp","datePublished":"2026-04-27T14:00:12+00:00","breadcrumb":{"@id":"https:\/\/www.koupeltech.com\/index.php\/produkt\/akce-metabo-sse-18-ltx-bl-compact-aku-pila-ocaska-bez-aku-28706\/#breadcrumb"},"inLanguage":"cs","potentialAction":[{"@type":"ReadAction","target":["https:\/\/www.koupeltech.com\/index.php\/produkt\/akce-metabo-sse-18-ltx-bl-compact-aku-pila-ocaska-bez-aku-28706\/"]}]},{"@type":"ImageObject","inLanguage":"cs","@id":"https:\/\/www.koupeltech.com\/index.php\/produkt\/akce-metabo-sse-18-ltx-bl-compact-aku-pila-ocaska-bez-aku-28706\/#primaryimage","url":"https:\/\/www.koupeltech.com\/wp-content\/uploads\/2026\/SK0024063-CZ20260425-092328-0-1777080210-1245205-1_105341.webp","contentUrl":"https:\/\/www.koupeltech.com\/wp-content\/uploads\/2026\/SK0024063-CZ20260425-092328-0-1777080210-1245205-1_105341.webp","width":1000,"height":666},{"@type":"BreadcrumbList","@id":"https:\/\/www.koupeltech.com\/index.php\/produkt\/akce-metabo-sse-18-ltx-bl-compact-aku-pila-ocaska-bez-aku-28706\/#breadcrumb","itemListElement":[{"@type":"ListItem","position":1,"name":"Home","item":"https:\/\/www.koupeltech.com\/"},{"@type":"ListItem","position":2,"name":"Products","item":"https:\/\/www.koupeltech.com\/index.php\/products\/"},{"@type":"ListItem","position":3,"name":"Akce METABO SSE\u00a018\u00a0LTX\u00a0BL Compact Aku pila ocaska, bez aku"}]},{"@type":"WebSite","@id":"https:\/\/www.koupeltech.com\/#website","url":"https:\/\/www.koupeltech.com\/","name":"","description":"","potentialAction":[{"@type":"SearchAction","target":{"@type":"EntryPoint","urlTemplate":"https:\/\/www.koupeltech.com\/?s={search_term_string}"},"query-input":{"@type":"PropertyValueSpecification","valueRequired":true,"valueName":"search_term_string"}}],"inLanguage":"cs"}]}},"_links":{"self":[{"href":"https:\/\/www.koupeltech.com\/index.php\/wp-json\/wp\/v2\/product\/28706","targetHints":{"allow":["GET"]}}],"collection":[{"href":"https:\/\/www.koupeltech.com\/index.php\/wp-json\/wp\/v2\/product"}],"about":[{"href":"https:\/\/www.koupeltech.com\/index.php\/wp-json\/wp\/v2\/types\/product"}],"replies":[{"embeddable":true,"href":"https:\/\/www.koupeltech.com\/index.php\/wp-json\/wp\/v2\/comments?post=28706"}],"wp:featuredmedia":[{"embeddable":true,"href":"https:\/\/www.koupeltech.com\/index.php\/wp-json\/wp\/v2\/media\/28806"}],"wp:attachment":[{"href":"https:\/\/www.koupeltech.com\/index.php\/wp-json\/wp\/v2\/media?parent=28706"}],"wp:term":[{"taxonomy":"product_brand","embeddable":true,"href":"https:\/\/www.koupeltech.com\/index.php\/wp-json\/wp\/v2\/product_brand?post=28706"},{"taxonomy":"product_cat","embeddable":true,"href":"https:\/\/www.koupeltech.com\/index.php\/wp-json\/wp\/v2\/product_cat?post=28706"},{"taxonomy":"product_tag","embeddable":true,"href":"https:\/\/www.koupeltech.com\/index.php\/wp-json\/wp\/v2\/product_tag?post=28706"}],"curies":[{"name":"wp","href":"https:\/\/api.w.org\/{rel}","templated":true}]}}