{"id":28738,"date":"2026-04-27T14:00:12","date_gmt":"2026-04-27T14:00:12","guid":{"rendered":""},"modified":"2026-04-27T14:00:12","modified_gmt":"2026-04-27T14:00:12","slug":"znackovy-metabo-we-2200-230-uhlova-bruska-28738","status":"publish","type":"product","link":"https:\/\/www.koupeltech.com\/index.php\/produkt\/znackovy-metabo-we-2200-230-uhlova-bruska-28738\/","title":{"rendered":"Zna\u010dkov\u00fd METABO WE\u00a02200-230 \u00dahlov\u00e1 bruska"},"content":{"rendered":"<table>\n<div class=\"tab-pane active product-description\" id=\"popis\" role=\"tabpanel\">\n<div class=\"short-description\" itemprop=\"description\"><\/div>\n<div class=\"description\">\n<p><span class=\"bullet-line\">Robustn\u00ed motorOmezova\u010d rozb\u011bhov\u00e9ho proudu s pozvoln\u00fdm rozb\u011bhem br\u00e1n\u00ed vypadnut\u00ed pojistek p\u0159i spu\u0161t\u011bn\u00ed strojeOchrana proti op\u011btovn\u00e9mu rozb\u011bhnut\u00ed: Zamezuje ne\u00famysln\u00e9mu rozb\u011bhu po p\u0159eru\u0161en\u00ed prouduP\u0159\u00eddavnou rukoje\u0165 lze namontovat ve t\u0159ech poloh\u00e1chBezpe\u010dnostn\u00ed sp\u00edna\u010d Metabo br\u00e1n\u00ed ne\u00famysln\u00e9mu zapnut\u00ed<\/span><br \/>\u25ba Rozsah dod\u00e1vky<span class=\"bullet-line\">ochrann\u00fd krytop\u011brn\u00e1 p\u0159\u00edrubaMatice se dv\u011bma otvoryp\u0159\u00eddavn\u00e1 rukoje\u0165kl\u00ed\u010d se dv\u011bma \u010depy<\/span><\/p>\n<\/div>\n<div class=\"parameters\">\n<tr>\n<td>\u00d8 kotou\u010de<\/td>\n<td>230 mm<\/td>\n<\/tr>\n<tr>\n<td>Jmenovit\u00fd p\u0159\u00edkon<\/td>\n<td>2200 W<\/td>\n<\/tr>\n<tr>\n<td>Odevzdan\u00fd v\u00fdkon<\/td>\n<td>1520 W<\/td>\n<\/tr>\n<tr>\n<td>Po\u010det ot\u00e1\u010dek p\u0159i volnob\u011bhu<\/td>\n<td>6600 \/min<\/td>\n<\/tr>\n<tr>\n<td>Ot\u00e1\u010dky p\u0159i jmenovit\u00e9m zat\u00ed\u017een\u00ed<\/td>\n<td>4300 \/min<\/td>\n<\/tr>\n<tr>\n<td>To\u010div\u00fd moment<\/td>\n<td>13.5 Nm<\/td>\n<\/tr>\n<tr>\n<td>Z\u00e1vity v\u0159etena<\/td>\n<td>M 14<\/td>\n<\/tr>\n<tr>\n<td>Hmotnost bez s\u00ed\u0165ov\u00e9ho kabelu<\/td>\n<td>5.2 kg<\/td>\n<\/tr>\n<tr>\n<td>D\u00e9lka kabelu<\/td>\n<td>4 m<\/td>\n<\/tr>\n<tr>\n<td>Brou\u0161en\u00ed povrchu<\/td>\n<td>6.5 m\/s\u00b2<\/td>\n<\/tr>\n<tr>\n<td>Nejistota m\u011b\u0159en\u00ed K<\/td>\n<td>1.5 m\/s\u00b2<\/td>\n<\/tr>\n<tr>\n<td>Brou\u0161en\u00ed brusn\u00fdm listem<\/td>\n<td>2.5 m\/s\u00b2<\/td>\n<\/tr>\n<tr>\n<td>Nejistota m\u011b\u0159en\u00ed K<\/td>\n<td>1.5 m\/s\u00b2<\/td>\n<\/tr>\n<tr>\n<td>Hladina akustick\u00e9ho tlaku<\/td>\n<td>90 dB(A)<\/td>\n<\/tr>\n<tr>\n<td>Hladina akustick\u00e9ho v\u00fdkonu (LwA)<\/td>\n<td>101 dB(A)<\/td>\n<\/tr>\n<tr>\n<td>Nejistota m\u011b\u0159en\u00ed K<\/td>\n<td>3 dB(A)<\/td>\n<\/tr><\/div>\n<\/table>\n","protected":false},"excerpt":{"rendered":"<p>Robustn\u00ed motorOmezova\u010d rozb\u011bhov\u00e9ho proudu s pozvoln\u00fdm rozb\u011bhem br\u00e1n\u00ed vypadnut\u00ed pojistek p\u0159i spu\u0161t\u011bn\u00ed strojeOchrana proti op\u011btovn\u00e9mu rozb\u011bhnut\u00ed: Zamezuje ne\u00famysln\u00e9mu rozb\u011bhu po p\u0159eru\u0161en\u00ed prouduP\u0159\u00eddavnou rukoje\u0165 lze namontovat ve t\u0159ech poloh\u00e1chBezpe\u010dnostn\u00ed sp\u00edna\u010d Metabo br\u00e1n\u00ed ne\u00famysln\u00e9mu zapnut\u00ed\u25ba Rozsah dod\u00e1vkyochrann\u00fd krytop\u011brn\u00e1 p\u0159\u00edrubaMatice se dv\u011bma otvoryp\u0159\u00eddavn\u00e1 rukoje\u0165kl\u00ed\u010d se dv\u011bma \u010depy \u00d8 kotou\u010de 230 mm Jmenovit\u00fd p\u0159\u00edkon 2200 W Odevzdan\u00fd v\u00fdkon 1520 [&hellip;]<\/p>\n","protected":false},"featured_media":28838,"comment_status":"open","ping_status":"open","template":"","meta":[],"product_brand":[],"product_cat":[43],"product_tag":[],"class_list":{"0":"post-28738","1":"product","2":"type-product","3":"status-publish","4":"has-post-thumbnail","6":"product_cat-naradi","8":"first","9":"instock","10":"sale","11":"shipping-taxable","12":"purchasable","13":"product-type-simple"},"yoast_head":"<!-- This site is optimized with the Yoast SEO plugin v26.8 - https:\/\/yoast.com\/product\/yoast-seo-wordpress\/ -->\n<title>Zna\u010dkov\u00fd METABO WE\u00a02200-230 \u00dahlov\u00e1 bruska -<\/title>\n<meta name=\"robots\" content=\"index, follow, max-snippet:-1, max-image-preview:large, max-video-preview:-1\" \/>\n<link rel=\"canonical\" href=\"https:\/\/www.koupeltech.com\/index.php\/produkt\/znackovy-metabo-we-2200-230-uhlova-bruska-28738\/\" \/>\n<meta property=\"og:locale\" content=\"cs_CZ\" \/>\n<meta property=\"og:type\" content=\"article\" \/>\n<meta property=\"og:title\" content=\"Zna\u010dkov\u00fd METABO WE\u00a02200-230 \u00dahlov\u00e1 bruska -\" \/>\n<meta property=\"og:description\" content=\"Robustn\u00ed motorOmezova\u010d rozb\u011bhov\u00e9ho proudu s pozvoln\u00fdm rozb\u011bhem br\u00e1n\u00ed vypadnut\u00ed pojistek p\u0159i spu\u0161t\u011bn\u00ed strojeOchrana proti op\u011btovn\u00e9mu rozb\u011bhnut\u00ed: Zamezuje ne\u00famysln\u00e9mu rozb\u011bhu po p\u0159eru\u0161en\u00ed prouduP\u0159\u00eddavnou rukoje\u0165 lze namontovat ve t\u0159ech poloh\u00e1chBezpe\u010dnostn\u00ed sp\u00edna\u010d Metabo br\u00e1n\u00ed ne\u00famysln\u00e9mu zapnut\u00ed\u25ba Rozsah dod\u00e1vkyochrann\u00fd krytop\u011brn\u00e1 p\u0159\u00edrubaMatice se dv\u011bma otvoryp\u0159\u00eddavn\u00e1 rukoje\u0165kl\u00ed\u010d se dv\u011bma \u010depy \u00d8 kotou\u010de 230 mm Jmenovit\u00fd p\u0159\u00edkon 2200 W Odevzdan\u00fd v\u00fdkon 1520 [&hellip;]\" \/>\n<meta property=\"og:url\" content=\"https:\/\/www.koupeltech.com\/index.php\/produkt\/znackovy-metabo-we-2200-230-uhlova-bruska-28738\/\" \/>\n<meta property=\"og:image\" content=\"https:\/\/www.koupeltech.com\/wp-content\/uploads\/2026\/SK0024095-CZ20260425-092328-0-1777080210-1245245-1_101742.webp\" \/>\n\t<meta property=\"og:image:width\" content=\"1000\" \/>\n\t<meta property=\"og:image:height\" content=\"666\" \/>\n\t<meta property=\"og:image:type\" content=\"image\/webp\" \/>\n<meta name=\"twitter:card\" content=\"summary_large_image\" \/>\n<meta name=\"twitter:label1\" content=\"Odhadovan\u00e1 doba \u010dten\u00ed\" \/>\n\t<meta name=\"twitter:data1\" content=\"1 minuta\" \/>\n<script type=\"application\/ld+json\" class=\"yoast-schema-graph\">{\"@context\":\"https:\/\/schema.org\",\"@graph\":[{\"@type\":\"WebPage\",\"@id\":\"https:\/\/www.koupeltech.com\/index.php\/produkt\/znackovy-metabo-we-2200-230-uhlova-bruska-28738\/\",\"url\":\"https:\/\/www.koupeltech.com\/index.php\/produkt\/znackovy-metabo-we-2200-230-uhlova-bruska-28738\/\",\"name\":\"Zna\u010dkov\u00fd METABO WE\u00a02200-230 \u00dahlov\u00e1 bruska -\",\"isPartOf\":{\"@id\":\"https:\/\/www.koupeltech.com\/#website\"},\"primaryImageOfPage\":{\"@id\":\"https:\/\/www.koupeltech.com\/index.php\/produkt\/znackovy-metabo-we-2200-230-uhlova-bruska-28738\/#primaryimage\"},\"image\":{\"@id\":\"https:\/\/www.koupeltech.com\/index.php\/produkt\/znackovy-metabo-we-2200-230-uhlova-bruska-28738\/#primaryimage\"},\"thumbnailUrl\":\"https:\/\/www.koupeltech.com\/wp-content\/uploads\/2026\/SK0024095-CZ20260425-092328-0-1777080210-1245245-1_101742.webp\",\"datePublished\":\"2026-04-27T14:00:12+00:00\",\"breadcrumb\":{\"@id\":\"https:\/\/www.koupeltech.com\/index.php\/produkt\/znackovy-metabo-we-2200-230-uhlova-bruska-28738\/#breadcrumb\"},\"inLanguage\":\"cs\",\"potentialAction\":[{\"@type\":\"ReadAction\",\"target\":[\"https:\/\/www.koupeltech.com\/index.php\/produkt\/znackovy-metabo-we-2200-230-uhlova-bruska-28738\/\"]}]},{\"@type\":\"ImageObject\",\"inLanguage\":\"cs\",\"@id\":\"https:\/\/www.koupeltech.com\/index.php\/produkt\/znackovy-metabo-we-2200-230-uhlova-bruska-28738\/#primaryimage\",\"url\":\"https:\/\/www.koupeltech.com\/wp-content\/uploads\/2026\/SK0024095-CZ20260425-092328-0-1777080210-1245245-1_101742.webp\",\"contentUrl\":\"https:\/\/www.koupeltech.com\/wp-content\/uploads\/2026\/SK0024095-CZ20260425-092328-0-1777080210-1245245-1_101742.webp\",\"width\":1000,\"height\":666},{\"@type\":\"BreadcrumbList\",\"@id\":\"https:\/\/www.koupeltech.com\/index.php\/produkt\/znackovy-metabo-we-2200-230-uhlova-bruska-28738\/#breadcrumb\",\"itemListElement\":[{\"@type\":\"ListItem\",\"position\":1,\"name\":\"Home\",\"item\":\"https:\/\/www.koupeltech.com\/\"},{\"@type\":\"ListItem\",\"position\":2,\"name\":\"Products\",\"item\":\"https:\/\/www.koupeltech.com\/index.php\/products\/\"},{\"@type\":\"ListItem\",\"position\":3,\"name\":\"Zna\u010dkov\u00fd METABO WE\u00a02200-230 \u00dahlov\u00e1 bruska\"}]},{\"@type\":\"WebSite\",\"@id\":\"https:\/\/www.koupeltech.com\/#website\",\"url\":\"https:\/\/www.koupeltech.com\/\",\"name\":\"\",\"description\":\"\",\"potentialAction\":[{\"@type\":\"SearchAction\",\"target\":{\"@type\":\"EntryPoint\",\"urlTemplate\":\"https:\/\/www.koupeltech.com\/?s={search_term_string}\"},\"query-input\":{\"@type\":\"PropertyValueSpecification\",\"valueRequired\":true,\"valueName\":\"search_term_string\"}}],\"inLanguage\":\"cs\"}]}<\/script>\n<!-- \/ Yoast SEO plugin. -->","yoast_head_json":{"title":"Zna\u010dkov\u00fd METABO WE\u00a02200-230 \u00dahlov\u00e1 bruska -","robots":{"index":"index","follow":"follow","max-snippet":"max-snippet:-1","max-image-preview":"max-image-preview:large","max-video-preview":"max-video-preview:-1"},"canonical":"https:\/\/www.koupeltech.com\/index.php\/produkt\/znackovy-metabo-we-2200-230-uhlova-bruska-28738\/","og_locale":"cs_CZ","og_type":"article","og_title":"Zna\u010dkov\u00fd METABO WE\u00a02200-230 \u00dahlov\u00e1 bruska -","og_description":"Robustn\u00ed motorOmezova\u010d rozb\u011bhov\u00e9ho proudu s pozvoln\u00fdm rozb\u011bhem br\u00e1n\u00ed vypadnut\u00ed pojistek p\u0159i spu\u0161t\u011bn\u00ed strojeOchrana proti op\u011btovn\u00e9mu rozb\u011bhnut\u00ed: Zamezuje ne\u00famysln\u00e9mu rozb\u011bhu po p\u0159eru\u0161en\u00ed prouduP\u0159\u00eddavnou rukoje\u0165 lze namontovat ve t\u0159ech poloh\u00e1chBezpe\u010dnostn\u00ed sp\u00edna\u010d Metabo br\u00e1n\u00ed ne\u00famysln\u00e9mu zapnut\u00ed\u25ba Rozsah dod\u00e1vkyochrann\u00fd krytop\u011brn\u00e1 p\u0159\u00edrubaMatice se dv\u011bma otvoryp\u0159\u00eddavn\u00e1 rukoje\u0165kl\u00ed\u010d se dv\u011bma \u010depy \u00d8 kotou\u010de 230 mm Jmenovit\u00fd p\u0159\u00edkon 2200 W Odevzdan\u00fd v\u00fdkon 1520 [&hellip;]","og_url":"https:\/\/www.koupeltech.com\/index.php\/produkt\/znackovy-metabo-we-2200-230-uhlova-bruska-28738\/","og_image":[{"width":1000,"height":666,"url":"https:\/\/www.koupeltech.com\/wp-content\/uploads\/2026\/SK0024095-CZ20260425-092328-0-1777080210-1245245-1_101742.webp","type":"image\/webp"}],"twitter_card":"summary_large_image","twitter_misc":{"Odhadovan\u00e1 doba \u010dten\u00ed":"1 minuta"},"schema":{"@context":"https:\/\/schema.org","@graph":[{"@type":"WebPage","@id":"https:\/\/www.koupeltech.com\/index.php\/produkt\/znackovy-metabo-we-2200-230-uhlova-bruska-28738\/","url":"https:\/\/www.koupeltech.com\/index.php\/produkt\/znackovy-metabo-we-2200-230-uhlova-bruska-28738\/","name":"Zna\u010dkov\u00fd METABO WE\u00a02200-230 \u00dahlov\u00e1 bruska -","isPartOf":{"@id":"https:\/\/www.koupeltech.com\/#website"},"primaryImageOfPage":{"@id":"https:\/\/www.koupeltech.com\/index.php\/produkt\/znackovy-metabo-we-2200-230-uhlova-bruska-28738\/#primaryimage"},"image":{"@id":"https:\/\/www.koupeltech.com\/index.php\/produkt\/znackovy-metabo-we-2200-230-uhlova-bruska-28738\/#primaryimage"},"thumbnailUrl":"https:\/\/www.koupeltech.com\/wp-content\/uploads\/2026\/SK0024095-CZ20260425-092328-0-1777080210-1245245-1_101742.webp","datePublished":"2026-04-27T14:00:12+00:00","breadcrumb":{"@id":"https:\/\/www.koupeltech.com\/index.php\/produkt\/znackovy-metabo-we-2200-230-uhlova-bruska-28738\/#breadcrumb"},"inLanguage":"cs","potentialAction":[{"@type":"ReadAction","target":["https:\/\/www.koupeltech.com\/index.php\/produkt\/znackovy-metabo-we-2200-230-uhlova-bruska-28738\/"]}]},{"@type":"ImageObject","inLanguage":"cs","@id":"https:\/\/www.koupeltech.com\/index.php\/produkt\/znackovy-metabo-we-2200-230-uhlova-bruska-28738\/#primaryimage","url":"https:\/\/www.koupeltech.com\/wp-content\/uploads\/2026\/SK0024095-CZ20260425-092328-0-1777080210-1245245-1_101742.webp","contentUrl":"https:\/\/www.koupeltech.com\/wp-content\/uploads\/2026\/SK0024095-CZ20260425-092328-0-1777080210-1245245-1_101742.webp","width":1000,"height":666},{"@type":"BreadcrumbList","@id":"https:\/\/www.koupeltech.com\/index.php\/produkt\/znackovy-metabo-we-2200-230-uhlova-bruska-28738\/#breadcrumb","itemListElement":[{"@type":"ListItem","position":1,"name":"Home","item":"https:\/\/www.koupeltech.com\/"},{"@type":"ListItem","position":2,"name":"Products","item":"https:\/\/www.koupeltech.com\/index.php\/products\/"},{"@type":"ListItem","position":3,"name":"Zna\u010dkov\u00fd METABO WE\u00a02200-230 \u00dahlov\u00e1 bruska"}]},{"@type":"WebSite","@id":"https:\/\/www.koupeltech.com\/#website","url":"https:\/\/www.koupeltech.com\/","name":"","description":"","potentialAction":[{"@type":"SearchAction","target":{"@type":"EntryPoint","urlTemplate":"https:\/\/www.koupeltech.com\/?s={search_term_string}"},"query-input":{"@type":"PropertyValueSpecification","valueRequired":true,"valueName":"search_term_string"}}],"inLanguage":"cs"}]}},"_links":{"self":[{"href":"https:\/\/www.koupeltech.com\/index.php\/wp-json\/wp\/v2\/product\/28738","targetHints":{"allow":["GET"]}}],"collection":[{"href":"https:\/\/www.koupeltech.com\/index.php\/wp-json\/wp\/v2\/product"}],"about":[{"href":"https:\/\/www.koupeltech.com\/index.php\/wp-json\/wp\/v2\/types\/product"}],"replies":[{"embeddable":true,"href":"https:\/\/www.koupeltech.com\/index.php\/wp-json\/wp\/v2\/comments?post=28738"}],"wp:featuredmedia":[{"embeddable":true,"href":"https:\/\/www.koupeltech.com\/index.php\/wp-json\/wp\/v2\/media\/28838"}],"wp:attachment":[{"href":"https:\/\/www.koupeltech.com\/index.php\/wp-json\/wp\/v2\/media?parent=28738"}],"wp:term":[{"taxonomy":"product_brand","embeddable":true,"href":"https:\/\/www.koupeltech.com\/index.php\/wp-json\/wp\/v2\/product_brand?post=28738"},{"taxonomy":"product_cat","embeddable":true,"href":"https:\/\/www.koupeltech.com\/index.php\/wp-json\/wp\/v2\/product_cat?post=28738"},{"taxonomy":"product_tag","embeddable":true,"href":"https:\/\/www.koupeltech.com\/index.php\/wp-json\/wp\/v2\/product_tag?post=28738"}],"curies":[{"name":"wp","href":"https:\/\/api.w.org\/{rel}","templated":true}]}}