{"id":28747,"date":"2026-04-27T14:00:12","date_gmt":"2026-04-27T14:00:12","guid":{"rendered":""},"modified":"2026-04-27T14:00:12","modified_gmt":"2026-04-27T14:00:12","slug":"metabo-ts-254-m-stolni-okruzni-pila-akcni-cena-28747","status":"publish","type":"product","link":"https:\/\/www.koupeltech.com\/index.php\/produkt\/metabo-ts-254-m-stolni-okruzni-pila-akcni-cena-28747\/","title":{"rendered":"METABO TS\u00a0254\u00a0M Stoln\u00ed okru\u017en\u00ed pila Ak\u010dn\u00ed Cena"},"content":{"rendered":"<table>\n<div class=\"tab-pane active product-description\" id=\"popis\" role=\"tabpanel\">\n<div class=\"short-description\" itemprop=\"description\"><\/div>\n<div class=\"description\"><span class='bullet-line'>Kompaktn\u00ed mobiln\u00ed stoln\u00ed okru\u017en\u00ed pila s dobr\u00fdm \u0159ezn\u00fdm v\u00fdkonem a vysok\u00fdm pracovn\u00edm komfortem<\/span><span class='bullet-line'>Konstrukce s trubkov\u00fdm r\u00e1mem odoln\u00e1 proti zkroucen\u00ed pro nejtvrd\u0161\u00ed podm\u00ednky na stavb\u011b a mont\u00e1\u017e<\/span><span class='bullet-line'>Kabely a ve\u0161ker\u00e9 n\u00e1stavby lze pro p\u0159epravu ulo\u017eit na kryt<\/span><span class='bullet-line'>V\u00fdkonn\u00fd motor s elektronickou ochranou proti p\u0159et\u00ed\u017een\u00ed<\/span><span class='bullet-line'>Brzda motoru pro rychl\u00e9 zastaven\u00ed pilov\u00e9ho kotou\u010de b\u011bhem 3 vte\u0159in<\/span><span class='bullet-line'>Ochrana proti op\u011btovn\u00e9mu rozb\u011bhnut\u00ed: Zamezuje ne\u00famysln\u00e9mu rozb\u011bhu po p\u0159eru\u0161en\u00ed proudu<\/span><span class='bullet-line'>Pozvoln\u00fd rozb\u011bhem pro dlouhou \u017eivotnost motoru a p\u0159evodovky<\/span><span class='bullet-line'>Jemn\u011b nastaviteln\u00fd paraleln\u00ed doraz s dvojit\u00fdm sev\u0159en\u00edm a rychl\u00fdm up\u00edn\u00e1n\u00edm<\/span><span class='bullet-line'>P\u0159esn\u00fd sklon pilov\u00e9ho kotou\u010de pomoc\u00ed veden\u00ed ozuben\u00e9ho v\u011bnce<\/span><span class='bullet-line'>Automatick\u00e9 zp\u011btn\u00e9 nastaven\u00ed na 0 \u2013 45\u00b0 po zadn\u00edm \u0159ezu<\/span><span class='bullet-line'>Jednoduch\u00e1 v\u00fdm\u011bna pilov\u00e9ho kotou\u010de d\u00edky aretaci v\u0159etena<\/span><span class='bullet-line'>Rozev\u00edrac\u00ed kl\u00edn zapustiteln\u00fd bez pou\u017eit\u00ed n\u00e1\u0159ad\u00ed pro skryt\u00e9 \u0159ezy a p\u0159epravu<\/span><span class='bullet-line'>P\u0159esn\u00e9, vysouvateln\u00e9 roz\u0161\u00ed\u0159en\u00ed a prodlou\u017een\u00ed stolu pro extra velkou dosedac\u00ed plochu<\/span><br \/>\u25ba Rozsah dod\u00e1vky<span class='bullet-line'>Pilov\u00fd kotou\u010d z tvrdokovu se st\u0159\u00eddav\u00fdmi zuby (40 zub\u016f)<\/span><span class='bullet-line'>Paraleln\u00ed doraz<\/span><span class='bullet-line'>\u00fahlov\u00fd doraz<\/span><span class='bullet-line'>prodlou\u017een\u00ed stolu<\/span><span class='bullet-line'>Roz\u0161\u00ed\u0159en\u00ed stolu (vpravo)<\/span><span class='bullet-line'>Posuvn\u00e1 ty\u010d<\/span><\/div>\n<div class=\"parameters\">\n<tr>\n<td>Rozm\u011bry<\/td>\n<td>669 x 748 x 334 mm<\/td>\n<\/tr>\n<tr>\n<td>Pracovn\u00ed v\u00fd\u0161ka<\/td>\n<td>334 mm<\/td>\n<\/tr>\n<tr>\n<td>V\u00fd\u0161ka \u0159ezu<\/td>\n<td>0 &#8211; 80 mm<\/td>\n<\/tr>\n<tr>\n<td>Max. v\u00fd\u0161ka \u0159ezu 90\/45\u00b0<\/td>\n<td>80 \/ 48 mm<\/td>\n<\/tr>\n<tr>\n<td>Max. \u0161\u00ed\u0159ka \u0159ezu na paraleln\u00edm dorazu<\/td>\n<td>520 mm<\/td>\n<\/tr>\n<tr>\n<td>Max. \u0161\u00ed\u0159ka materi\u00e1lu na \u00fahlov\u00e9m dorazu<\/td>\n<td>195 mm<\/td>\n<\/tr>\n<tr>\n<td>Po\u010det ot\u00e1\u010dek p\u0159i volnob\u011bhu<\/td>\n<td>4200 \/min<\/td>\n<\/tr>\n<tr>\n<td>Rychlost \u0159ezu<\/td>\n<td>56 m\/s<\/td>\n<\/tr>\n<tr>\n<td>Pilov\u00fd kotou\u010d<\/td>\n<td>254 x 30 mm<\/td>\n<\/tr>\n<tr>\n<td>Rozsah pohybu pilov\u00e9ho kotou\u010de<\/td>\n<td>-1.5 &#8211; 46.5 \u00b0<\/td>\n<\/tr>\n<tr>\n<td>Jmenovit\u00fd p\u0159\u00edkon S1 100 %<\/td>\n<td>1500 W<\/td>\n<\/tr>\n<tr>\n<td>Hmotnost<\/td>\n<td>24.4 kg<\/td>\n<\/tr>\n<tr>\n<td>D\u00e9lka kabelu<\/td>\n<td>2.3 m<\/td>\n<\/tr>\n<tr>\n<td>Hladina akustick\u00e9ho tlaku<\/td>\n<td>92 dB(A)<\/td>\n<\/tr>\n<tr>\n<td>Hladina akustick\u00e9ho v\u00fdkonu (LwA)<\/td>\n<td>105 dB(A)<\/td>\n<\/tr>\n<tr>\n<td>Nejistota m\u011b\u0159en\u00ed K<\/td>\n<td>3 dB(A)<\/td>\n<\/tr><\/div>\n<\/table>\n","protected":false},"excerpt":{"rendered":"<p>Kompaktn\u00ed mobiln\u00ed stoln\u00ed okru\u017en\u00ed pila s dobr\u00fdm \u0159ezn\u00fdm v\u00fdkonem a vysok\u00fdm pracovn\u00edm komfortemKonstrukce s trubkov\u00fdm r\u00e1mem odoln\u00e1 proti zkroucen\u00ed pro nejtvrd\u0161\u00ed podm\u00ednky na stavb\u011b a mont\u00e1\u017eKabely a ve\u0161ker\u00e9 n\u00e1stavby lze pro p\u0159epravu ulo\u017eit na krytV\u00fdkonn\u00fd motor s elektronickou ochranou proti p\u0159et\u00ed\u017een\u00edBrzda motoru pro rychl\u00e9 zastaven\u00ed pilov\u00e9ho kotou\u010de b\u011bhem 3 vte\u0159inOchrana proti op\u011btovn\u00e9mu rozb\u011bhnut\u00ed: Zamezuje ne\u00famysln\u00e9mu [&hellip;]<\/p>\n","protected":false},"featured_media":28847,"comment_status":"open","ping_status":"open","template":"","meta":[],"product_brand":[],"product_cat":[47],"product_tag":[],"class_list":{"0":"post-28747","1":"product","2":"type-product","3":"status-publish","4":"has-post-thumbnail","6":"product_cat-stroje","8":"first","9":"instock","10":"sale","11":"shipping-taxable","12":"purchasable","13":"product-type-simple"},"yoast_head":"<!-- This site is optimized with the Yoast SEO plugin v26.8 - https:\/\/yoast.com\/product\/yoast-seo-wordpress\/ -->\n<title>METABO TS\u00a0254\u00a0M Stoln\u00ed okru\u017en\u00ed pila Ak\u010dn\u00ed Cena -<\/title>\n<meta name=\"robots\" content=\"index, follow, max-snippet:-1, max-image-preview:large, max-video-preview:-1\" \/>\n<link rel=\"canonical\" href=\"https:\/\/www.koupeltech.com\/index.php\/produkt\/metabo-ts-254-m-stolni-okruzni-pila-akcni-cena-28747\/\" \/>\n<meta property=\"og:locale\" content=\"cs_CZ\" \/>\n<meta property=\"og:type\" content=\"article\" \/>\n<meta property=\"og:title\" content=\"METABO TS\u00a0254\u00a0M Stoln\u00ed okru\u017en\u00ed pila Ak\u010dn\u00ed Cena -\" \/>\n<meta property=\"og:description\" content=\"Kompaktn\u00ed mobiln\u00ed stoln\u00ed okru\u017en\u00ed pila s dobr\u00fdm \u0159ezn\u00fdm v\u00fdkonem a vysok\u00fdm pracovn\u00edm komfortemKonstrukce s trubkov\u00fdm r\u00e1mem odoln\u00e1 proti zkroucen\u00ed pro nejtvrd\u0161\u00ed podm\u00ednky na stavb\u011b a mont\u00e1\u017eKabely a ve\u0161ker\u00e9 n\u00e1stavby lze pro p\u0159epravu ulo\u017eit na krytV\u00fdkonn\u00fd motor s elektronickou ochranou proti p\u0159et\u00ed\u017een\u00edBrzda motoru pro rychl\u00e9 zastaven\u00ed pilov\u00e9ho kotou\u010de b\u011bhem 3 vte\u0159inOchrana proti op\u011btovn\u00e9mu rozb\u011bhnut\u00ed: Zamezuje ne\u00famysln\u00e9mu [&hellip;]\" \/>\n<meta property=\"og:url\" content=\"https:\/\/www.koupeltech.com\/index.php\/produkt\/metabo-ts-254-m-stolni-okruzni-pila-akcni-cena-28747\/\" \/>\n<meta property=\"og:image\" content=\"https:\/\/www.koupeltech.com\/wp-content\/uploads\/2026\/SK0024104-CZ20260425-092328-0-1777080210-1245256-1_102342.webp\" \/>\n\t<meta property=\"og:image:width\" content=\"1000\" \/>\n\t<meta property=\"og:image:height\" content=\"666\" \/>\n\t<meta property=\"og:image:type\" content=\"image\/webp\" \/>\n<meta name=\"twitter:card\" content=\"summary_large_image\" \/>\n<meta name=\"twitter:label1\" content=\"Odhadovan\u00e1 doba \u010dten\u00ed\" \/>\n\t<meta name=\"twitter:data1\" content=\"1 minuta\" \/>\n<script type=\"application\/ld+json\" class=\"yoast-schema-graph\">{\"@context\":\"https:\/\/schema.org\",\"@graph\":[{\"@type\":\"WebPage\",\"@id\":\"https:\/\/www.koupeltech.com\/index.php\/produkt\/metabo-ts-254-m-stolni-okruzni-pila-akcni-cena-28747\/\",\"url\":\"https:\/\/www.koupeltech.com\/index.php\/produkt\/metabo-ts-254-m-stolni-okruzni-pila-akcni-cena-28747\/\",\"name\":\"METABO TS\u00a0254\u00a0M Stoln\u00ed okru\u017en\u00ed pila Ak\u010dn\u00ed Cena -\",\"isPartOf\":{\"@id\":\"https:\/\/www.koupeltech.com\/#website\"},\"primaryImageOfPage\":{\"@id\":\"https:\/\/www.koupeltech.com\/index.php\/produkt\/metabo-ts-254-m-stolni-okruzni-pila-akcni-cena-28747\/#primaryimage\"},\"image\":{\"@id\":\"https:\/\/www.koupeltech.com\/index.php\/produkt\/metabo-ts-254-m-stolni-okruzni-pila-akcni-cena-28747\/#primaryimage\"},\"thumbnailUrl\":\"https:\/\/www.koupeltech.com\/wp-content\/uploads\/2026\/SK0024104-CZ20260425-092328-0-1777080210-1245256-1_102342.webp\",\"datePublished\":\"2026-04-27T14:00:12+00:00\",\"breadcrumb\":{\"@id\":\"https:\/\/www.koupeltech.com\/index.php\/produkt\/metabo-ts-254-m-stolni-okruzni-pila-akcni-cena-28747\/#breadcrumb\"},\"inLanguage\":\"cs\",\"potentialAction\":[{\"@type\":\"ReadAction\",\"target\":[\"https:\/\/www.koupeltech.com\/index.php\/produkt\/metabo-ts-254-m-stolni-okruzni-pila-akcni-cena-28747\/\"]}]},{\"@type\":\"ImageObject\",\"inLanguage\":\"cs\",\"@id\":\"https:\/\/www.koupeltech.com\/index.php\/produkt\/metabo-ts-254-m-stolni-okruzni-pila-akcni-cena-28747\/#primaryimage\",\"url\":\"https:\/\/www.koupeltech.com\/wp-content\/uploads\/2026\/SK0024104-CZ20260425-092328-0-1777080210-1245256-1_102342.webp\",\"contentUrl\":\"https:\/\/www.koupeltech.com\/wp-content\/uploads\/2026\/SK0024104-CZ20260425-092328-0-1777080210-1245256-1_102342.webp\",\"width\":1000,\"height\":666},{\"@type\":\"BreadcrumbList\",\"@id\":\"https:\/\/www.koupeltech.com\/index.php\/produkt\/metabo-ts-254-m-stolni-okruzni-pila-akcni-cena-28747\/#breadcrumb\",\"itemListElement\":[{\"@type\":\"ListItem\",\"position\":1,\"name\":\"Home\",\"item\":\"https:\/\/www.koupeltech.com\/\"},{\"@type\":\"ListItem\",\"position\":2,\"name\":\"Products\",\"item\":\"https:\/\/www.koupeltech.com\/index.php\/products\/\"},{\"@type\":\"ListItem\",\"position\":3,\"name\":\"METABO TS\u00a0254\u00a0M Stoln\u00ed okru\u017en\u00ed pila Ak\u010dn\u00ed Cena\"}]},{\"@type\":\"WebSite\",\"@id\":\"https:\/\/www.koupeltech.com\/#website\",\"url\":\"https:\/\/www.koupeltech.com\/\",\"name\":\"\",\"description\":\"\",\"potentialAction\":[{\"@type\":\"SearchAction\",\"target\":{\"@type\":\"EntryPoint\",\"urlTemplate\":\"https:\/\/www.koupeltech.com\/?s={search_term_string}\"},\"query-input\":{\"@type\":\"PropertyValueSpecification\",\"valueRequired\":true,\"valueName\":\"search_term_string\"}}],\"inLanguage\":\"cs\"}]}<\/script>\n<!-- \/ Yoast SEO plugin. -->","yoast_head_json":{"title":"METABO TS\u00a0254\u00a0M Stoln\u00ed okru\u017en\u00ed pila Ak\u010dn\u00ed Cena -","robots":{"index":"index","follow":"follow","max-snippet":"max-snippet:-1","max-image-preview":"max-image-preview:large","max-video-preview":"max-video-preview:-1"},"canonical":"https:\/\/www.koupeltech.com\/index.php\/produkt\/metabo-ts-254-m-stolni-okruzni-pila-akcni-cena-28747\/","og_locale":"cs_CZ","og_type":"article","og_title":"METABO TS\u00a0254\u00a0M Stoln\u00ed okru\u017en\u00ed pila Ak\u010dn\u00ed Cena -","og_description":"Kompaktn\u00ed mobiln\u00ed stoln\u00ed okru\u017en\u00ed pila s dobr\u00fdm \u0159ezn\u00fdm v\u00fdkonem a vysok\u00fdm pracovn\u00edm komfortemKonstrukce s trubkov\u00fdm r\u00e1mem odoln\u00e1 proti zkroucen\u00ed pro nejtvrd\u0161\u00ed podm\u00ednky na stavb\u011b a mont\u00e1\u017eKabely a ve\u0161ker\u00e9 n\u00e1stavby lze pro p\u0159epravu ulo\u017eit na krytV\u00fdkonn\u00fd motor s elektronickou ochranou proti p\u0159et\u00ed\u017een\u00edBrzda motoru pro rychl\u00e9 zastaven\u00ed pilov\u00e9ho kotou\u010de b\u011bhem 3 vte\u0159inOchrana proti op\u011btovn\u00e9mu rozb\u011bhnut\u00ed: Zamezuje ne\u00famysln\u00e9mu [&hellip;]","og_url":"https:\/\/www.koupeltech.com\/index.php\/produkt\/metabo-ts-254-m-stolni-okruzni-pila-akcni-cena-28747\/","og_image":[{"width":1000,"height":666,"url":"https:\/\/www.koupeltech.com\/wp-content\/uploads\/2026\/SK0024104-CZ20260425-092328-0-1777080210-1245256-1_102342.webp","type":"image\/webp"}],"twitter_card":"summary_large_image","twitter_misc":{"Odhadovan\u00e1 doba \u010dten\u00ed":"1 minuta"},"schema":{"@context":"https:\/\/schema.org","@graph":[{"@type":"WebPage","@id":"https:\/\/www.koupeltech.com\/index.php\/produkt\/metabo-ts-254-m-stolni-okruzni-pila-akcni-cena-28747\/","url":"https:\/\/www.koupeltech.com\/index.php\/produkt\/metabo-ts-254-m-stolni-okruzni-pila-akcni-cena-28747\/","name":"METABO TS\u00a0254\u00a0M Stoln\u00ed okru\u017en\u00ed pila Ak\u010dn\u00ed Cena -","isPartOf":{"@id":"https:\/\/www.koupeltech.com\/#website"},"primaryImageOfPage":{"@id":"https:\/\/www.koupeltech.com\/index.php\/produkt\/metabo-ts-254-m-stolni-okruzni-pila-akcni-cena-28747\/#primaryimage"},"image":{"@id":"https:\/\/www.koupeltech.com\/index.php\/produkt\/metabo-ts-254-m-stolni-okruzni-pila-akcni-cena-28747\/#primaryimage"},"thumbnailUrl":"https:\/\/www.koupeltech.com\/wp-content\/uploads\/2026\/SK0024104-CZ20260425-092328-0-1777080210-1245256-1_102342.webp","datePublished":"2026-04-27T14:00:12+00:00","breadcrumb":{"@id":"https:\/\/www.koupeltech.com\/index.php\/produkt\/metabo-ts-254-m-stolni-okruzni-pila-akcni-cena-28747\/#breadcrumb"},"inLanguage":"cs","potentialAction":[{"@type":"ReadAction","target":["https:\/\/www.koupeltech.com\/index.php\/produkt\/metabo-ts-254-m-stolni-okruzni-pila-akcni-cena-28747\/"]}]},{"@type":"ImageObject","inLanguage":"cs","@id":"https:\/\/www.koupeltech.com\/index.php\/produkt\/metabo-ts-254-m-stolni-okruzni-pila-akcni-cena-28747\/#primaryimage","url":"https:\/\/www.koupeltech.com\/wp-content\/uploads\/2026\/SK0024104-CZ20260425-092328-0-1777080210-1245256-1_102342.webp","contentUrl":"https:\/\/www.koupeltech.com\/wp-content\/uploads\/2026\/SK0024104-CZ20260425-092328-0-1777080210-1245256-1_102342.webp","width":1000,"height":666},{"@type":"BreadcrumbList","@id":"https:\/\/www.koupeltech.com\/index.php\/produkt\/metabo-ts-254-m-stolni-okruzni-pila-akcni-cena-28747\/#breadcrumb","itemListElement":[{"@type":"ListItem","position":1,"name":"Home","item":"https:\/\/www.koupeltech.com\/"},{"@type":"ListItem","position":2,"name":"Products","item":"https:\/\/www.koupeltech.com\/index.php\/products\/"},{"@type":"ListItem","position":3,"name":"METABO TS\u00a0254\u00a0M Stoln\u00ed okru\u017en\u00ed pila Ak\u010dn\u00ed Cena"}]},{"@type":"WebSite","@id":"https:\/\/www.koupeltech.com\/#website","url":"https:\/\/www.koupeltech.com\/","name":"","description":"","potentialAction":[{"@type":"SearchAction","target":{"@type":"EntryPoint","urlTemplate":"https:\/\/www.koupeltech.com\/?s={search_term_string}"},"query-input":{"@type":"PropertyValueSpecification","valueRequired":true,"valueName":"search_term_string"}}],"inLanguage":"cs"}]}},"_links":{"self":[{"href":"https:\/\/www.koupeltech.com\/index.php\/wp-json\/wp\/v2\/product\/28747","targetHints":{"allow":["GET"]}}],"collection":[{"href":"https:\/\/www.koupeltech.com\/index.php\/wp-json\/wp\/v2\/product"}],"about":[{"href":"https:\/\/www.koupeltech.com\/index.php\/wp-json\/wp\/v2\/types\/product"}],"replies":[{"embeddable":true,"href":"https:\/\/www.koupeltech.com\/index.php\/wp-json\/wp\/v2\/comments?post=28747"}],"wp:featuredmedia":[{"embeddable":true,"href":"https:\/\/www.koupeltech.com\/index.php\/wp-json\/wp\/v2\/media\/28847"}],"wp:attachment":[{"href":"https:\/\/www.koupeltech.com\/index.php\/wp-json\/wp\/v2\/media?parent=28747"}],"wp:term":[{"taxonomy":"product_brand","embeddable":true,"href":"https:\/\/www.koupeltech.com\/index.php\/wp-json\/wp\/v2\/product_brand?post=28747"},{"taxonomy":"product_cat","embeddable":true,"href":"https:\/\/www.koupeltech.com\/index.php\/wp-json\/wp\/v2\/product_cat?post=28747"},{"taxonomy":"product_tag","embeddable":true,"href":"https:\/\/www.koupeltech.com\/index.php\/wp-json\/wp\/v2\/product_tag?post=28747"}],"curies":[{"name":"wp","href":"https:\/\/api.w.org\/{rel}","templated":true}]}}