{"id":28915,"date":"2026-04-27T14:00:13","date_gmt":"2026-04-27T14:00:13","guid":{"rendered":""},"modified":"2026-04-27T14:00:13","modified_gmt":"2026-04-27T14:00:13","slug":"nizka-cena-gude-isg-1200-1-invertorovy-generator-28915","status":"publish","type":"product","link":"https:\/\/www.koupeltech.com\/index.php\/produkt\/nizka-cena-gude-isg-1200-1-invertorovy-generator-28915\/","title":{"rendered":"N\u00edzk\u00e1 Cena G\u00dcDE ISG 1200-1 Invertorov\u00fd gener\u00e1tor"},"content":{"rendered":"<table>\n<div class=\"tab-pane active product-description\" id=\"popis\" role=\"tabpanel\">\n<div class=\"short-description\" itemprop=\"description\"><\/div>\n<div class=\"description\">\n<p><span class=\"bullet-line\">Benzinov\u00fd gener\u00e1tor s invertorovou technologi\u00ed, vhodn\u00fd k nap\u00e1jen\u00ed b\u011b\u017en\u00fdch dom\u00e1c\u00edch spot\u0159ebi\u010d\u016f i citliv\u00fdch elektronick\u00fdch za\u0159\u00edzen\u00ed.<\/span><br \/><span class=\"bullet-line\">Provoz men\u0161\u00edch elektrospot\u0159ebi\u010d\u016f nebo osv\u011btlen\u00ed na cest\u00e1ch, p\u0159i kempov\u00e1n\u00ed, na chat\u011b apod.; bezrizikov\u00e9 p\u0159ipojov\u00e1n\u00ed choulostiv\u00fdch elektronick\u00fdch p\u0159\u00edstroj\u016f s vysok\u00fdmi n\u00e1roky na kvalitu proudu (\u2192 v\u00fdpo\u010detn\u00ed technika, hern\u00ed konzole, televizory, Hi-Fi syst\u00e9my atp.).<\/span><br \/><span class=\"bullet-line\">Altern\u00e1tor s AC-DC-AC invertorem (\u2192 transformace vysokofrekven\u010dn\u00edho st\u0159\u00eddav\u00e9ho proudu na elektrick\u00fd proud s konstantn\u00edm nap\u011bt\u00edm\/frekvenc\u00ed).<\/span><br \/><span class=\"bullet-line\">Provozn\u00ed v\u00fdkon gener\u00e1toru (COP): 1.000 W; 1 x z\u00e1suvka AC 230 V~50 Hz (\u2192 proud: 4,35 A, \u00fa\u010din\u00edk cos \u03c6: 1, t\u0159\u00edda v\u00fdkonov\u00e9 charakteristiky: G1); 1 x z\u00e1suvka DC 12 V (\u2192 proud: 4 A, dob\u00edjen\u00ed 12 V olov\u011bn\u00fdch akumul\u00e1tor\u016f motorov\u00fdch vozidel).<\/span><br \/><span class=\"bullet-line\">Jednov\u00e1lcov\u00fd \u010dty\u0159taktn\u00ed OHV motor 1,3 kW\/5.500 min-1, reverzn\u00ed startovac\u00ed syst\u00e9m, Primer (\u2192 manu\u00e1ln\u00ed palivov\u00e9 \u010derpadlo),<\/span><br \/>2,8 l palivov\u00e1 n\u00e1dr\u017e.<span class=\"bullet-line\">Funkce Economy control (\u2192 elektronick\u00e1 regulace ot\u00e1\u010dek motoru podle okam\u017eit\u00e9ho zat\u00ed\u017een\u00ed centr\u00e1ly); ochrana proti p\u0159et\u00ed\u017een\u00ed gener\u00e1toru\/olejov\u00e9 \u010didlo se sv\u011btelnou signalizac\u00ed.<\/span><br \/><span class=\"bullet-line\">Konstrukce: korpus z odoln\u00e9ho plastu, p\u0159ehledn\u00fd obslu\u017en\u00fd panel, op\u011brn\u00e9 no\u017eky s gumov\u00fdmi patkami (4), transportn\u00ed rukoje\u0165.<\/span><br \/><span class=\"bullet-line\">P\u0159\u00edslu\u0161enstv\u00ed: nab\u00edjec\u00ed kabely, kl\u00ed\u010d na sv\u00ed\u010dku, \u0161roubov\u00e1k.<\/span><br \/><span class=\"bullet-line\">Celkov\u00e9 rozm\u011bry (d x \u0161 x v): 448 x 236 x 392 mm, hladina akustick\u00e9ho v\u00fdkonu LWA: 93 dB (A), stupe\u0148 kryt\u00ed: IP 23 M.<\/span><\/p>\n<\/div>\n<div class=\"parameters\">\n<tr>\n<td>Zdvihov\u00fd objem v\u00e1lce<\/td>\n<td>63 ccm<\/td>\n<\/tr>\n<tr>\n<td>V\u00fdstupn\u00ed nap\u011bt\u00ed<\/td>\n<td>1 \u00d7 AC 230 V<\/td>\n<\/tr>\n<tr>\n<td>Jmenovit\u00fd v\u00fdkon gener\u00e1toru<\/td>\n<td>230 V ~ 1.000 W\/1.000 VA<\/td>\n<\/tr>\n<tr>\n<td>V\u00fdkon motoru<\/td>\n<td>1,3 kW\/1,8 PS<\/td>\n<\/tr>\n<tr>\n<td>Maxim\u00e1ln\u00ed v\u00fdkon gener\u00e1toru<\/td>\n<td>230 V ~ 1.200 W\/1.200 VA<\/td>\n<\/tr>\n<tr>\n<td>Hmotnost (brutto)<\/td>\n<td>14,10 kg<\/td>\n<\/tr><\/div>\n<\/table>\n","protected":false},"excerpt":{"rendered":"<p>Benzinov\u00fd gener\u00e1tor s invertorovou technologi\u00ed, vhodn\u00fd k nap\u00e1jen\u00ed b\u011b\u017en\u00fdch dom\u00e1c\u00edch spot\u0159ebi\u010d\u016f i citliv\u00fdch elektronick\u00fdch za\u0159\u00edzen\u00ed.Provoz men\u0161\u00edch elektrospot\u0159ebi\u010d\u016f nebo osv\u011btlen\u00ed na cest\u00e1ch, p\u0159i kempov\u00e1n\u00ed, na chat\u011b apod.; bezrizikov\u00e9 p\u0159ipojov\u00e1n\u00ed choulostiv\u00fdch elektronick\u00fdch p\u0159\u00edstroj\u016f s vysok\u00fdmi n\u00e1roky na kvalitu proudu (\u2192 v\u00fdpo\u010detn\u00ed technika, hern\u00ed konzole, televizory, Hi-Fi syst\u00e9my atp.).Altern\u00e1tor s AC-DC-AC invertorem (\u2192 transformace vysokofrekven\u010dn\u00edho st\u0159\u00eddav\u00e9ho proudu na [&hellip;]<\/p>\n","protected":false},"featured_media":29015,"comment_status":"open","ping_status":"open","template":"","meta":[],"product_brand":[],"product_cat":[50],"product_tag":[],"class_list":{"0":"post-28915","1":"product","2":"type-product","3":"status-publish","4":"has-post-thumbnail","6":"product_cat-stavebni-technika","8":"first","9":"instock","10":"sale","11":"shipping-taxable","12":"purchasable","13":"product-type-simple"},"yoast_head":"<!-- This site is optimized with the Yoast SEO plugin v26.8 - https:\/\/yoast.com\/product\/yoast-seo-wordpress\/ -->\n<title>N\u00edzk\u00e1 Cena G\u00dcDE ISG 1200-1 Invertorov\u00fd gener\u00e1tor -<\/title>\n<meta name=\"robots\" content=\"index, follow, max-snippet:-1, max-image-preview:large, max-video-preview:-1\" \/>\n<link rel=\"canonical\" href=\"https:\/\/www.koupeltech.com\/index.php\/produkt\/nizka-cena-gude-isg-1200-1-invertorovy-generator-28915\/\" \/>\n<meta property=\"og:locale\" content=\"cs_CZ\" \/>\n<meta property=\"og:type\" content=\"article\" \/>\n<meta property=\"og:title\" content=\"N\u00edzk\u00e1 Cena G\u00dcDE ISG 1200-1 Invertorov\u00fd gener\u00e1tor -\" \/>\n<meta property=\"og:description\" content=\"Benzinov\u00fd gener\u00e1tor s invertorovou technologi\u00ed, vhodn\u00fd k nap\u00e1jen\u00ed b\u011b\u017en\u00fdch dom\u00e1c\u00edch spot\u0159ebi\u010d\u016f i citliv\u00fdch elektronick\u00fdch za\u0159\u00edzen\u00ed.Provoz men\u0161\u00edch elektrospot\u0159ebi\u010d\u016f nebo osv\u011btlen\u00ed na cest\u00e1ch, p\u0159i kempov\u00e1n\u00ed, na chat\u011b apod.; bezrizikov\u00e9 p\u0159ipojov\u00e1n\u00ed choulostiv\u00fdch elektronick\u00fdch p\u0159\u00edstroj\u016f s vysok\u00fdmi n\u00e1roky na kvalitu proudu (\u2192 v\u00fdpo\u010detn\u00ed technika, hern\u00ed konzole, televizory, Hi-Fi syst\u00e9my atp.).Altern\u00e1tor s AC-DC-AC invertorem (\u2192 transformace vysokofrekven\u010dn\u00edho st\u0159\u00eddav\u00e9ho proudu na [&hellip;]\" \/>\n<meta property=\"og:url\" content=\"https:\/\/www.koupeltech.com\/index.php\/produkt\/nizka-cena-gude-isg-1200-1-invertorovy-generator-28915\/\" \/>\n<meta property=\"og:image\" content=\"https:\/\/www.koupeltech.com\/wp-content\/uploads\/2026\/SK0024182-CZ20260425-092328-0-1777080210-9805659_71.webp\" \/>\n\t<meta property=\"og:image:width\" content=\"673\" \/>\n\t<meta property=\"og:image:height\" content=\"800\" \/>\n\t<meta property=\"og:image:type\" content=\"image\/webp\" \/>\n<meta name=\"twitter:card\" content=\"summary_large_image\" \/>\n<meta name=\"twitter:label1\" content=\"Odhadovan\u00e1 doba \u010dten\u00ed\" \/>\n\t<meta name=\"twitter:data1\" content=\"1 minuta\" \/>\n<script type=\"application\/ld+json\" class=\"yoast-schema-graph\">{\"@context\":\"https:\/\/schema.org\",\"@graph\":[{\"@type\":\"WebPage\",\"@id\":\"https:\/\/www.koupeltech.com\/index.php\/produkt\/nizka-cena-gude-isg-1200-1-invertorovy-generator-28915\/\",\"url\":\"https:\/\/www.koupeltech.com\/index.php\/produkt\/nizka-cena-gude-isg-1200-1-invertorovy-generator-28915\/\",\"name\":\"N\u00edzk\u00e1 Cena G\u00dcDE ISG 1200-1 Invertorov\u00fd gener\u00e1tor -\",\"isPartOf\":{\"@id\":\"https:\/\/www.koupeltech.com\/#website\"},\"primaryImageOfPage\":{\"@id\":\"https:\/\/www.koupeltech.com\/index.php\/produkt\/nizka-cena-gude-isg-1200-1-invertorovy-generator-28915\/#primaryimage\"},\"image\":{\"@id\":\"https:\/\/www.koupeltech.com\/index.php\/produkt\/nizka-cena-gude-isg-1200-1-invertorovy-generator-28915\/#primaryimage\"},\"thumbnailUrl\":\"https:\/\/www.koupeltech.com\/wp-content\/uploads\/2026\/SK0024182-CZ20260425-092328-0-1777080210-9805659_71.webp\",\"datePublished\":\"2026-04-27T14:00:13+00:00\",\"breadcrumb\":{\"@id\":\"https:\/\/www.koupeltech.com\/index.php\/produkt\/nizka-cena-gude-isg-1200-1-invertorovy-generator-28915\/#breadcrumb\"},\"inLanguage\":\"cs\",\"potentialAction\":[{\"@type\":\"ReadAction\",\"target\":[\"https:\/\/www.koupeltech.com\/index.php\/produkt\/nizka-cena-gude-isg-1200-1-invertorovy-generator-28915\/\"]}]},{\"@type\":\"ImageObject\",\"inLanguage\":\"cs\",\"@id\":\"https:\/\/www.koupeltech.com\/index.php\/produkt\/nizka-cena-gude-isg-1200-1-invertorovy-generator-28915\/#primaryimage\",\"url\":\"https:\/\/www.koupeltech.com\/wp-content\/uploads\/2026\/SK0024182-CZ20260425-092328-0-1777080210-9805659_71.webp\",\"contentUrl\":\"https:\/\/www.koupeltech.com\/wp-content\/uploads\/2026\/SK0024182-CZ20260425-092328-0-1777080210-9805659_71.webp\",\"width\":673,\"height\":800},{\"@type\":\"BreadcrumbList\",\"@id\":\"https:\/\/www.koupeltech.com\/index.php\/produkt\/nizka-cena-gude-isg-1200-1-invertorovy-generator-28915\/#breadcrumb\",\"itemListElement\":[{\"@type\":\"ListItem\",\"position\":1,\"name\":\"Home\",\"item\":\"https:\/\/www.koupeltech.com\/\"},{\"@type\":\"ListItem\",\"position\":2,\"name\":\"Products\",\"item\":\"https:\/\/www.koupeltech.com\/index.php\/products\/\"},{\"@type\":\"ListItem\",\"position\":3,\"name\":\"N\u00edzk\u00e1 Cena G\u00dcDE ISG 1200-1 Invertorov\u00fd gener\u00e1tor\"}]},{\"@type\":\"WebSite\",\"@id\":\"https:\/\/www.koupeltech.com\/#website\",\"url\":\"https:\/\/www.koupeltech.com\/\",\"name\":\"\",\"description\":\"\",\"potentialAction\":[{\"@type\":\"SearchAction\",\"target\":{\"@type\":\"EntryPoint\",\"urlTemplate\":\"https:\/\/www.koupeltech.com\/?s={search_term_string}\"},\"query-input\":{\"@type\":\"PropertyValueSpecification\",\"valueRequired\":true,\"valueName\":\"search_term_string\"}}],\"inLanguage\":\"cs\"}]}<\/script>\n<!-- \/ Yoast SEO plugin. -->","yoast_head_json":{"title":"N\u00edzk\u00e1 Cena G\u00dcDE ISG 1200-1 Invertorov\u00fd gener\u00e1tor -","robots":{"index":"index","follow":"follow","max-snippet":"max-snippet:-1","max-image-preview":"max-image-preview:large","max-video-preview":"max-video-preview:-1"},"canonical":"https:\/\/www.koupeltech.com\/index.php\/produkt\/nizka-cena-gude-isg-1200-1-invertorovy-generator-28915\/","og_locale":"cs_CZ","og_type":"article","og_title":"N\u00edzk\u00e1 Cena G\u00dcDE ISG 1200-1 Invertorov\u00fd gener\u00e1tor -","og_description":"Benzinov\u00fd gener\u00e1tor s invertorovou technologi\u00ed, vhodn\u00fd k nap\u00e1jen\u00ed b\u011b\u017en\u00fdch dom\u00e1c\u00edch spot\u0159ebi\u010d\u016f i citliv\u00fdch elektronick\u00fdch za\u0159\u00edzen\u00ed.Provoz men\u0161\u00edch elektrospot\u0159ebi\u010d\u016f nebo osv\u011btlen\u00ed na cest\u00e1ch, p\u0159i kempov\u00e1n\u00ed, na chat\u011b apod.; bezrizikov\u00e9 p\u0159ipojov\u00e1n\u00ed choulostiv\u00fdch elektronick\u00fdch p\u0159\u00edstroj\u016f s vysok\u00fdmi n\u00e1roky na kvalitu proudu (\u2192 v\u00fdpo\u010detn\u00ed technika, hern\u00ed konzole, televizory, Hi-Fi syst\u00e9my atp.).Altern\u00e1tor s AC-DC-AC invertorem (\u2192 transformace vysokofrekven\u010dn\u00edho st\u0159\u00eddav\u00e9ho proudu na [&hellip;]","og_url":"https:\/\/www.koupeltech.com\/index.php\/produkt\/nizka-cena-gude-isg-1200-1-invertorovy-generator-28915\/","og_image":[{"width":673,"height":800,"url":"https:\/\/www.koupeltech.com\/wp-content\/uploads\/2026\/SK0024182-CZ20260425-092328-0-1777080210-9805659_71.webp","type":"image\/webp"}],"twitter_card":"summary_large_image","twitter_misc":{"Odhadovan\u00e1 doba \u010dten\u00ed":"1 minuta"},"schema":{"@context":"https:\/\/schema.org","@graph":[{"@type":"WebPage","@id":"https:\/\/www.koupeltech.com\/index.php\/produkt\/nizka-cena-gude-isg-1200-1-invertorovy-generator-28915\/","url":"https:\/\/www.koupeltech.com\/index.php\/produkt\/nizka-cena-gude-isg-1200-1-invertorovy-generator-28915\/","name":"N\u00edzk\u00e1 Cena G\u00dcDE ISG 1200-1 Invertorov\u00fd gener\u00e1tor -","isPartOf":{"@id":"https:\/\/www.koupeltech.com\/#website"},"primaryImageOfPage":{"@id":"https:\/\/www.koupeltech.com\/index.php\/produkt\/nizka-cena-gude-isg-1200-1-invertorovy-generator-28915\/#primaryimage"},"image":{"@id":"https:\/\/www.koupeltech.com\/index.php\/produkt\/nizka-cena-gude-isg-1200-1-invertorovy-generator-28915\/#primaryimage"},"thumbnailUrl":"https:\/\/www.koupeltech.com\/wp-content\/uploads\/2026\/SK0024182-CZ20260425-092328-0-1777080210-9805659_71.webp","datePublished":"2026-04-27T14:00:13+00:00","breadcrumb":{"@id":"https:\/\/www.koupeltech.com\/index.php\/produkt\/nizka-cena-gude-isg-1200-1-invertorovy-generator-28915\/#breadcrumb"},"inLanguage":"cs","potentialAction":[{"@type":"ReadAction","target":["https:\/\/www.koupeltech.com\/index.php\/produkt\/nizka-cena-gude-isg-1200-1-invertorovy-generator-28915\/"]}]},{"@type":"ImageObject","inLanguage":"cs","@id":"https:\/\/www.koupeltech.com\/index.php\/produkt\/nizka-cena-gude-isg-1200-1-invertorovy-generator-28915\/#primaryimage","url":"https:\/\/www.koupeltech.com\/wp-content\/uploads\/2026\/SK0024182-CZ20260425-092328-0-1777080210-9805659_71.webp","contentUrl":"https:\/\/www.koupeltech.com\/wp-content\/uploads\/2026\/SK0024182-CZ20260425-092328-0-1777080210-9805659_71.webp","width":673,"height":800},{"@type":"BreadcrumbList","@id":"https:\/\/www.koupeltech.com\/index.php\/produkt\/nizka-cena-gude-isg-1200-1-invertorovy-generator-28915\/#breadcrumb","itemListElement":[{"@type":"ListItem","position":1,"name":"Home","item":"https:\/\/www.koupeltech.com\/"},{"@type":"ListItem","position":2,"name":"Products","item":"https:\/\/www.koupeltech.com\/index.php\/products\/"},{"@type":"ListItem","position":3,"name":"N\u00edzk\u00e1 Cena G\u00dcDE ISG 1200-1 Invertorov\u00fd gener\u00e1tor"}]},{"@type":"WebSite","@id":"https:\/\/www.koupeltech.com\/#website","url":"https:\/\/www.koupeltech.com\/","name":"","description":"","potentialAction":[{"@type":"SearchAction","target":{"@type":"EntryPoint","urlTemplate":"https:\/\/www.koupeltech.com\/?s={search_term_string}"},"query-input":{"@type":"PropertyValueSpecification","valueRequired":true,"valueName":"search_term_string"}}],"inLanguage":"cs"}]}},"_links":{"self":[{"href":"https:\/\/www.koupeltech.com\/index.php\/wp-json\/wp\/v2\/product\/28915","targetHints":{"allow":["GET"]}}],"collection":[{"href":"https:\/\/www.koupeltech.com\/index.php\/wp-json\/wp\/v2\/product"}],"about":[{"href":"https:\/\/www.koupeltech.com\/index.php\/wp-json\/wp\/v2\/types\/product"}],"replies":[{"embeddable":true,"href":"https:\/\/www.koupeltech.com\/index.php\/wp-json\/wp\/v2\/comments?post=28915"}],"wp:featuredmedia":[{"embeddable":true,"href":"https:\/\/www.koupeltech.com\/index.php\/wp-json\/wp\/v2\/media\/29015"}],"wp:attachment":[{"href":"https:\/\/www.koupeltech.com\/index.php\/wp-json\/wp\/v2\/media?parent=28915"}],"wp:term":[{"taxonomy":"product_brand","embeddable":true,"href":"https:\/\/www.koupeltech.com\/index.php\/wp-json\/wp\/v2\/product_brand?post=28915"},{"taxonomy":"product_cat","embeddable":true,"href":"https:\/\/www.koupeltech.com\/index.php\/wp-json\/wp\/v2\/product_cat?post=28915"},{"taxonomy":"product_tag","embeddable":true,"href":"https:\/\/www.koupeltech.com\/index.php\/wp-json\/wp\/v2\/product_tag?post=28915"}],"curies":[{"name":"wp","href":"https:\/\/api.w.org\/{rel}","templated":true}]}}