{"id":28945,"date":"2026-04-27T14:00:13","date_gmt":"2026-04-27T14:00:13","guid":{"rendered":""},"modified":"2026-04-27T14:00:13","modified_gmt":"2026-04-27T14:00:13","slug":"dewalt-dcs690n-54v-rozbusovaci-pila-na-beton-230mm-bez-aku-pouze-dnes-28945","status":"publish","type":"product","link":"https:\/\/www.koupeltech.com\/index.php\/produkt\/dewalt-dcs690n-54v-rozbusovaci-pila-na-beton-230mm-bez-aku-pouze-dnes-28945\/","title":{"rendered":"DeWalt DCS690N 54V rozbu\u0161ovac\u00ed pila na beton 230mm, bez aku Pouze Dnes"},"content":{"rendered":"<table>\n<div class=\"tab-pane active product-description\" id=\"popis\" role=\"tabpanel\">\n<div class=\"short-description\" itemprop=\"description\"><\/div>\n<div class=\"description\"><span class='bullet-line'>Kontrolka siln\u00e9ho zat\u00ed\u017een\u00ed poskytuje nap\u00e1jen\u00ed a zp\u011btnou vazbu b\u011bhem n\u00e1ro\u010dn\u00fdch aplikac\u00ed<\/span><span class='bullet-line'>5-polohov\u00fd oto\u010dn\u00fd kryt pro volbu \u00fahlu p\u0159ibl\u00ed\u017een\u00ed, umo\u017e\u0148uj\u00edc\u00ed optim\u00e1ln\u00ed viditelnost a p\u0159\u00edstupnost p\u0159i \u0159ez\u00e1n\u00ed v t\u011bsn\u00fdch prostorech<\/span><span class='bullet-line'>Syst\u00e9m pro oboustrann\u00fd p\u0159\u00edvod vody nab\u00edz\u00ed \u0159e\u0161en\u00ed \u0159ez\u00e1n\u00ed OSHA podle Tabulky 1 pro zvl\u00e1d\u00e1n\u00ed prachu p\u0159i \u0159ez\u00e1n\u00ed betonu<\/span><span class='bullet-line'>Uzav\u0159en\u00e1 a ut\u011bsn\u011bn\u00e1 akumul\u00e1torov\u00e1 sk\u0159\u00ed\u0148ka pro v\u011bt\u0161\u00ed ochranu v drsn\u00fdch podm\u00ednk\u00e1chVysoce v\u00fdkonn\u00fd st\u0159\u00eddav\u00fd motor dod\u00e1v\u00e1 bezdr\u00e1tov\u00fd v\u00fdkon FLEXVOLT\u00ae pro dlouhou \u017eivotnost v n\u00e1ro\u010dn\u00fdch aplikac\u00edch bez probl\u00e9m\u016f s plynemTool Connect \u2122 Tag-Ready \u2122 pro snadn\u00e9 sledov\u00e1n\u00ed n\u00e1stroj\u016f (Tool Connect Tag prod\u00e1v\u00e1 se samostatn\u011b)<\/span><span class='bullet-line'>Bez\u00fadr\u017ebov\u00fd celokovov\u00fd pohon pro trvanlivost a efektivitu pracovi\u0161t\u011b<\/span><span class='bullet-line'>Bez \u0159emen\u016f ke zm\u011bn\u011b, nap\u011bt\u00ed a \u00fadr\u017eb\u011b<\/span><span class='bullet-line'>P\u0159edn\u00ed rukoje\u0165 lze dr\u017eet ve 3 poloh\u00e1ch pro bezpe\u010dn\u00e9 dr\u017een\u00ed v horizont\u00e1ln\u00ed a svisl\u00e9 poloze  <\/span><span class='bullet-line'>Dod\u00e1vka bez akumul\u00e1toru a nab\u00edje\u010dky !!!<\/span><\/div>\n<div class=\"parameters\">\n<tr>\n<td>Hmotnost<\/td>\n<td>6,7 kg<\/td>\n<\/tr>\n<tr>\n<td>Pr\u016fm\u011br up\u00ednac\u00edho otvoru<\/td>\n<td>22,2 mm<\/td>\n<\/tr>\n<tr>\n<td>Pr\u016fm\u011br kotou\u010de<\/td>\n<td>230 mm<\/td>\n<\/tr>\n<tr>\n<td>Max. kapacita \u0159ezu<\/td>\n<td>83 mm<\/td>\n<\/tr>\n<tr>\n<td>Ot\u00e1\u010dky napr\u00e1zdno<\/td>\n<td>6.600 min-1<\/td>\n<\/tr><\/div>\n<\/table>\n","protected":false},"excerpt":{"rendered":"<p>Kontrolka siln\u00e9ho zat\u00ed\u017een\u00ed poskytuje nap\u00e1jen\u00ed a zp\u011btnou vazbu b\u011bhem n\u00e1ro\u010dn\u00fdch aplikac\u00ed5-polohov\u00fd oto\u010dn\u00fd kryt pro volbu \u00fahlu p\u0159ibl\u00ed\u017een\u00ed, umo\u017e\u0148uj\u00edc\u00ed optim\u00e1ln\u00ed viditelnost a p\u0159\u00edstupnost p\u0159i \u0159ez\u00e1n\u00ed v t\u011bsn\u00fdch prostorechSyst\u00e9m pro oboustrann\u00fd p\u0159\u00edvod vody nab\u00edz\u00ed \u0159e\u0161en\u00ed \u0159ez\u00e1n\u00ed OSHA podle Tabulky 1 pro zvl\u00e1d\u00e1n\u00ed prachu p\u0159i \u0159ez\u00e1n\u00ed betonuUzav\u0159en\u00e1 a ut\u011bsn\u011bn\u00e1 akumul\u00e1torov\u00e1 sk\u0159\u00ed\u0148ka pro v\u011bt\u0161\u00ed ochranu v drsn\u00fdch podm\u00ednk\u00e1chVysoce v\u00fdkonn\u00fd [&hellip;]<\/p>\n","protected":false},"featured_media":29045,"comment_status":"open","ping_status":"open","template":"","meta":[],"product_brand":[],"product_cat":[50],"product_tag":[],"class_list":{"0":"post-28945","1":"product","2":"type-product","3":"status-publish","4":"has-post-thumbnail","6":"product_cat-stavebni-technika","8":"first","9":"instock","10":"sale","11":"shipping-taxable","12":"purchasable","13":"product-type-simple"},"yoast_head":"<!-- This site is optimized with the Yoast SEO plugin v26.8 - https:\/\/yoast.com\/product\/yoast-seo-wordpress\/ -->\n<title>DeWalt DCS690N 54V rozbu\u0161ovac\u00ed pila na beton 230mm, bez aku Pouze Dnes -<\/title>\n<meta name=\"robots\" content=\"index, follow, max-snippet:-1, max-image-preview:large, max-video-preview:-1\" \/>\n<link rel=\"canonical\" href=\"https:\/\/www.koupeltech.com\/index.php\/produkt\/dewalt-dcs690n-54v-rozbusovaci-pila-na-beton-230mm-bez-aku-pouze-dnes-28945\/\" \/>\n<meta property=\"og:locale\" content=\"cs_CZ\" \/>\n<meta property=\"og:type\" content=\"article\" \/>\n<meta property=\"og:title\" content=\"DeWalt DCS690N 54V rozbu\u0161ovac\u00ed pila na beton 230mm, bez aku Pouze Dnes -\" \/>\n<meta property=\"og:description\" content=\"Kontrolka siln\u00e9ho zat\u00ed\u017een\u00ed poskytuje nap\u00e1jen\u00ed a zp\u011btnou vazbu b\u011bhem n\u00e1ro\u010dn\u00fdch aplikac\u00ed5-polohov\u00fd oto\u010dn\u00fd kryt pro volbu \u00fahlu p\u0159ibl\u00ed\u017een\u00ed, umo\u017e\u0148uj\u00edc\u00ed optim\u00e1ln\u00ed viditelnost a p\u0159\u00edstupnost p\u0159i \u0159ez\u00e1n\u00ed v t\u011bsn\u00fdch prostorechSyst\u00e9m pro oboustrann\u00fd p\u0159\u00edvod vody nab\u00edz\u00ed \u0159e\u0161en\u00ed \u0159ez\u00e1n\u00ed OSHA podle Tabulky 1 pro zvl\u00e1d\u00e1n\u00ed prachu p\u0159i \u0159ez\u00e1n\u00ed betonuUzav\u0159en\u00e1 a ut\u011bsn\u011bn\u00e1 akumul\u00e1torov\u00e1 sk\u0159\u00ed\u0148ka pro v\u011bt\u0161\u00ed ochranu v drsn\u00fdch podm\u00ednk\u00e1chVysoce v\u00fdkonn\u00fd [&hellip;]\" \/>\n<meta property=\"og:url\" content=\"https:\/\/www.koupeltech.com\/index.php\/produkt\/dewalt-dcs690n-54v-rozbusovaci-pila-na-beton-230mm-bez-aku-pouze-dnes-28945\/\" \/>\n<meta property=\"og:image\" content=\"https:\/\/www.koupeltech.com\/wp-content\/uploads\/2026\/SK0024225-CZ20260425-092328-0-1777080210-1245408-1_132141.webp\" \/>\n\t<meta property=\"og:image:width\" content=\"800\" \/>\n\t<meta property=\"og:image:height\" content=\"800\" \/>\n\t<meta property=\"og:image:type\" content=\"image\/webp\" \/>\n<meta name=\"twitter:card\" content=\"summary_large_image\" \/>\n<meta name=\"twitter:label1\" content=\"Odhadovan\u00e1 doba \u010dten\u00ed\" \/>\n\t<meta name=\"twitter:data1\" content=\"1 minuta\" \/>\n<script type=\"application\/ld+json\" class=\"yoast-schema-graph\">{\"@context\":\"https:\/\/schema.org\",\"@graph\":[{\"@type\":\"WebPage\",\"@id\":\"https:\/\/www.koupeltech.com\/index.php\/produkt\/dewalt-dcs690n-54v-rozbusovaci-pila-na-beton-230mm-bez-aku-pouze-dnes-28945\/\",\"url\":\"https:\/\/www.koupeltech.com\/index.php\/produkt\/dewalt-dcs690n-54v-rozbusovaci-pila-na-beton-230mm-bez-aku-pouze-dnes-28945\/\",\"name\":\"DeWalt DCS690N 54V rozbu\u0161ovac\u00ed pila na beton 230mm, bez aku Pouze Dnes -\",\"isPartOf\":{\"@id\":\"https:\/\/www.koupeltech.com\/#website\"},\"primaryImageOfPage\":{\"@id\":\"https:\/\/www.koupeltech.com\/index.php\/produkt\/dewalt-dcs690n-54v-rozbusovaci-pila-na-beton-230mm-bez-aku-pouze-dnes-28945\/#primaryimage\"},\"image\":{\"@id\":\"https:\/\/www.koupeltech.com\/index.php\/produkt\/dewalt-dcs690n-54v-rozbusovaci-pila-na-beton-230mm-bez-aku-pouze-dnes-28945\/#primaryimage\"},\"thumbnailUrl\":\"https:\/\/www.koupeltech.com\/wp-content\/uploads\/2026\/SK0024225-CZ20260425-092328-0-1777080210-1245408-1_132141.webp\",\"datePublished\":\"2026-04-27T14:00:13+00:00\",\"breadcrumb\":{\"@id\":\"https:\/\/www.koupeltech.com\/index.php\/produkt\/dewalt-dcs690n-54v-rozbusovaci-pila-na-beton-230mm-bez-aku-pouze-dnes-28945\/#breadcrumb\"},\"inLanguage\":\"cs\",\"potentialAction\":[{\"@type\":\"ReadAction\",\"target\":[\"https:\/\/www.koupeltech.com\/index.php\/produkt\/dewalt-dcs690n-54v-rozbusovaci-pila-na-beton-230mm-bez-aku-pouze-dnes-28945\/\"]}]},{\"@type\":\"ImageObject\",\"inLanguage\":\"cs\",\"@id\":\"https:\/\/www.koupeltech.com\/index.php\/produkt\/dewalt-dcs690n-54v-rozbusovaci-pila-na-beton-230mm-bez-aku-pouze-dnes-28945\/#primaryimage\",\"url\":\"https:\/\/www.koupeltech.com\/wp-content\/uploads\/2026\/SK0024225-CZ20260425-092328-0-1777080210-1245408-1_132141.webp\",\"contentUrl\":\"https:\/\/www.koupeltech.com\/wp-content\/uploads\/2026\/SK0024225-CZ20260425-092328-0-1777080210-1245408-1_132141.webp\",\"width\":800,\"height\":800},{\"@type\":\"BreadcrumbList\",\"@id\":\"https:\/\/www.koupeltech.com\/index.php\/produkt\/dewalt-dcs690n-54v-rozbusovaci-pila-na-beton-230mm-bez-aku-pouze-dnes-28945\/#breadcrumb\",\"itemListElement\":[{\"@type\":\"ListItem\",\"position\":1,\"name\":\"Home\",\"item\":\"https:\/\/www.koupeltech.com\/\"},{\"@type\":\"ListItem\",\"position\":2,\"name\":\"Products\",\"item\":\"https:\/\/www.koupeltech.com\/index.php\/products\/\"},{\"@type\":\"ListItem\",\"position\":3,\"name\":\"DeWalt DCS690N 54V rozbu\u0161ovac\u00ed pila na beton 230mm, bez aku Pouze Dnes\"}]},{\"@type\":\"WebSite\",\"@id\":\"https:\/\/www.koupeltech.com\/#website\",\"url\":\"https:\/\/www.koupeltech.com\/\",\"name\":\"\",\"description\":\"\",\"potentialAction\":[{\"@type\":\"SearchAction\",\"target\":{\"@type\":\"EntryPoint\",\"urlTemplate\":\"https:\/\/www.koupeltech.com\/?s={search_term_string}\"},\"query-input\":{\"@type\":\"PropertyValueSpecification\",\"valueRequired\":true,\"valueName\":\"search_term_string\"}}],\"inLanguage\":\"cs\"}]}<\/script>\n<!-- \/ Yoast SEO plugin. -->","yoast_head_json":{"title":"DeWalt DCS690N 54V rozbu\u0161ovac\u00ed pila na beton 230mm, bez aku Pouze Dnes -","robots":{"index":"index","follow":"follow","max-snippet":"max-snippet:-1","max-image-preview":"max-image-preview:large","max-video-preview":"max-video-preview:-1"},"canonical":"https:\/\/www.koupeltech.com\/index.php\/produkt\/dewalt-dcs690n-54v-rozbusovaci-pila-na-beton-230mm-bez-aku-pouze-dnes-28945\/","og_locale":"cs_CZ","og_type":"article","og_title":"DeWalt DCS690N 54V rozbu\u0161ovac\u00ed pila na beton 230mm, bez aku Pouze Dnes -","og_description":"Kontrolka siln\u00e9ho zat\u00ed\u017een\u00ed poskytuje nap\u00e1jen\u00ed a zp\u011btnou vazbu b\u011bhem n\u00e1ro\u010dn\u00fdch aplikac\u00ed5-polohov\u00fd oto\u010dn\u00fd kryt pro volbu \u00fahlu p\u0159ibl\u00ed\u017een\u00ed, umo\u017e\u0148uj\u00edc\u00ed optim\u00e1ln\u00ed viditelnost a p\u0159\u00edstupnost p\u0159i \u0159ez\u00e1n\u00ed v t\u011bsn\u00fdch prostorechSyst\u00e9m pro oboustrann\u00fd p\u0159\u00edvod vody nab\u00edz\u00ed \u0159e\u0161en\u00ed \u0159ez\u00e1n\u00ed OSHA podle Tabulky 1 pro zvl\u00e1d\u00e1n\u00ed prachu p\u0159i \u0159ez\u00e1n\u00ed betonuUzav\u0159en\u00e1 a ut\u011bsn\u011bn\u00e1 akumul\u00e1torov\u00e1 sk\u0159\u00ed\u0148ka pro v\u011bt\u0161\u00ed ochranu v drsn\u00fdch podm\u00ednk\u00e1chVysoce v\u00fdkonn\u00fd [&hellip;]","og_url":"https:\/\/www.koupeltech.com\/index.php\/produkt\/dewalt-dcs690n-54v-rozbusovaci-pila-na-beton-230mm-bez-aku-pouze-dnes-28945\/","og_image":[{"width":800,"height":800,"url":"https:\/\/www.koupeltech.com\/wp-content\/uploads\/2026\/SK0024225-CZ20260425-092328-0-1777080210-1245408-1_132141.webp","type":"image\/webp"}],"twitter_card":"summary_large_image","twitter_misc":{"Odhadovan\u00e1 doba \u010dten\u00ed":"1 minuta"},"schema":{"@context":"https:\/\/schema.org","@graph":[{"@type":"WebPage","@id":"https:\/\/www.koupeltech.com\/index.php\/produkt\/dewalt-dcs690n-54v-rozbusovaci-pila-na-beton-230mm-bez-aku-pouze-dnes-28945\/","url":"https:\/\/www.koupeltech.com\/index.php\/produkt\/dewalt-dcs690n-54v-rozbusovaci-pila-na-beton-230mm-bez-aku-pouze-dnes-28945\/","name":"DeWalt DCS690N 54V rozbu\u0161ovac\u00ed pila na beton 230mm, bez aku Pouze Dnes -","isPartOf":{"@id":"https:\/\/www.koupeltech.com\/#website"},"primaryImageOfPage":{"@id":"https:\/\/www.koupeltech.com\/index.php\/produkt\/dewalt-dcs690n-54v-rozbusovaci-pila-na-beton-230mm-bez-aku-pouze-dnes-28945\/#primaryimage"},"image":{"@id":"https:\/\/www.koupeltech.com\/index.php\/produkt\/dewalt-dcs690n-54v-rozbusovaci-pila-na-beton-230mm-bez-aku-pouze-dnes-28945\/#primaryimage"},"thumbnailUrl":"https:\/\/www.koupeltech.com\/wp-content\/uploads\/2026\/SK0024225-CZ20260425-092328-0-1777080210-1245408-1_132141.webp","datePublished":"2026-04-27T14:00:13+00:00","breadcrumb":{"@id":"https:\/\/www.koupeltech.com\/index.php\/produkt\/dewalt-dcs690n-54v-rozbusovaci-pila-na-beton-230mm-bez-aku-pouze-dnes-28945\/#breadcrumb"},"inLanguage":"cs","potentialAction":[{"@type":"ReadAction","target":["https:\/\/www.koupeltech.com\/index.php\/produkt\/dewalt-dcs690n-54v-rozbusovaci-pila-na-beton-230mm-bez-aku-pouze-dnes-28945\/"]}]},{"@type":"ImageObject","inLanguage":"cs","@id":"https:\/\/www.koupeltech.com\/index.php\/produkt\/dewalt-dcs690n-54v-rozbusovaci-pila-na-beton-230mm-bez-aku-pouze-dnes-28945\/#primaryimage","url":"https:\/\/www.koupeltech.com\/wp-content\/uploads\/2026\/SK0024225-CZ20260425-092328-0-1777080210-1245408-1_132141.webp","contentUrl":"https:\/\/www.koupeltech.com\/wp-content\/uploads\/2026\/SK0024225-CZ20260425-092328-0-1777080210-1245408-1_132141.webp","width":800,"height":800},{"@type":"BreadcrumbList","@id":"https:\/\/www.koupeltech.com\/index.php\/produkt\/dewalt-dcs690n-54v-rozbusovaci-pila-na-beton-230mm-bez-aku-pouze-dnes-28945\/#breadcrumb","itemListElement":[{"@type":"ListItem","position":1,"name":"Home","item":"https:\/\/www.koupeltech.com\/"},{"@type":"ListItem","position":2,"name":"Products","item":"https:\/\/www.koupeltech.com\/index.php\/products\/"},{"@type":"ListItem","position":3,"name":"DeWalt DCS690N 54V rozbu\u0161ovac\u00ed pila na beton 230mm, bez aku Pouze Dnes"}]},{"@type":"WebSite","@id":"https:\/\/www.koupeltech.com\/#website","url":"https:\/\/www.koupeltech.com\/","name":"","description":"","potentialAction":[{"@type":"SearchAction","target":{"@type":"EntryPoint","urlTemplate":"https:\/\/www.koupeltech.com\/?s={search_term_string}"},"query-input":{"@type":"PropertyValueSpecification","valueRequired":true,"valueName":"search_term_string"}}],"inLanguage":"cs"}]}},"_links":{"self":[{"href":"https:\/\/www.koupeltech.com\/index.php\/wp-json\/wp\/v2\/product\/28945","targetHints":{"allow":["GET"]}}],"collection":[{"href":"https:\/\/www.koupeltech.com\/index.php\/wp-json\/wp\/v2\/product"}],"about":[{"href":"https:\/\/www.koupeltech.com\/index.php\/wp-json\/wp\/v2\/types\/product"}],"replies":[{"embeddable":true,"href":"https:\/\/www.koupeltech.com\/index.php\/wp-json\/wp\/v2\/comments?post=28945"}],"wp:featuredmedia":[{"embeddable":true,"href":"https:\/\/www.koupeltech.com\/index.php\/wp-json\/wp\/v2\/media\/29045"}],"wp:attachment":[{"href":"https:\/\/www.koupeltech.com\/index.php\/wp-json\/wp\/v2\/media?parent=28945"}],"wp:term":[{"taxonomy":"product_brand","embeddable":true,"href":"https:\/\/www.koupeltech.com\/index.php\/wp-json\/wp\/v2\/product_brand?post=28945"},{"taxonomy":"product_cat","embeddable":true,"href":"https:\/\/www.koupeltech.com\/index.php\/wp-json\/wp\/v2\/product_cat?post=28945"},{"taxonomy":"product_tag","embeddable":true,"href":"https:\/\/www.koupeltech.com\/index.php\/wp-json\/wp\/v2\/product_tag?post=28945"}],"curies":[{"name":"wp","href":"https:\/\/api.w.org\/{rel}","templated":true}]}}