{"id":29091,"date":"2026-04-27T14:00:15","date_gmt":"2026-04-27T14:00:15","guid":{"rendered":""},"modified":"2026-04-27T14:00:15","modified_gmt":"2026-04-27T14:00:15","slug":"top-prodej-dewalt-dcn682n-18v-podlaharska-sponkovacka-bez-aku-29091","status":"publish","type":"product","link":"https:\/\/www.koupeltech.com\/index.php\/produkt\/top-prodej-dewalt-dcn682n-18v-podlaharska-sponkovacka-bez-aku-29091\/","title":{"rendered":"Top Prodej DeWalt DCN682N 18V podlah\u00e1\u0159sk\u00e1 sponkova\u010dka, bez aku"},"content":{"rendered":"<table>\n<div class=\"tab-pane active product-description\" id=\"popis\" role=\"tabpanel\">\n<div class=\"short-description\" itemprop=\"description\"><\/div>\n<div class=\"description\">Bezuhl\u00edkov\u00e1 podlah\u00e1\u0159sk\u00e1 sponkova\u010dka, pr\u016fm\u011br sponky 18Ga (1,25 mm), d\u00e9lka sponky 12-38 mm,bez akumul\u00e1tor\u016f a nab\u00edje\u010dky v kartonov\u00e9 krabici<span class='bullet-line'>Nejnov\u011bj\u0161\u00ed generace bezuhl\u00edkov\u00e9 nast\u0159elovac\u00ed pistole 18 V XR Li-Ion kalibr 16 nab\u00edz\u00ed \u0161pi\u010dkov\u00fd v\u00fdkon v technologii nast\u0159elov\u00e1n\u00ed h\u0159eb\u00edk\u016f.<\/span><span class='bullet-line'>BEZUHL\u00cdKOV\u00dd motor nab\u00edz\u00ed provozn\u00ed dobu, kter\u00e1 nem\u016f\u017ee b\u00fdt v tomto kompaktn\u00edm vyd\u00e1n\u00ed p\u0159ekon\u00e1na.<\/span><span class='bullet-line'>Kompaktn\u00ed, lehk\u00fd a ergonomick\u00fd design umo\u017e\u0148uje snadn\u00e9 a pohodln\u00e9 pou\u017eit\u00ed, ale tak\u00e9 dostate\u010dnou odolnost v\u016f\u010di provozn\u00edm podm\u00ednk\u00e1m.<\/span><span class='bullet-line'>Mechanick\u00fd pohon nab\u00edz\u00ed ni\u017e\u0161\u00ed provozn\u00ed n\u00e1klady ne\u017e pohon plynem a tak\u00e9 st\u00e1l\u00fd v\u00fdkon p\u0159i n\u00edzk\u00fdch provozn\u00edch teplot\u00e1ch.<\/span><span class='bullet-line'>Sekven\u010dn\u00ed re\u017eim umo\u017e\u0148uje p\u0159esn\u00e9 um\u00edst\u011bn\u00ed h\u0159eb\u00edku. R\u00e1zov\u00fd re\u017eim poskytuje u\u017eivateli vy\u0161\u0161\u00ed produktivitu pr\u00e1ce, proto\u017ee umo\u017e\u0148uje nast\u0159elen\u00ed a\u017e 4 h\u0159eb\u00edk\u016f za sekundu.<\/span><span class='bullet-line'>Hloubka nast\u0159elen\u00ed h\u0159eb\u00edku m\u016f\u017ee b\u00fdt snadno nastavena pomoc\u00ed kole\u010dka se\u0159izova\u010de hloubky nast\u0159elen\u00ed ovl\u00e1dan\u00e9ho palcem.<\/span><span class='bullet-line'>Odstran\u011bn\u00ed zablokovan\u00e9ho h\u0159eb\u00edku bez pou\u017eit\u00ed jin\u00e9ho n\u00e1\u0159ad\u00ed minimalizuje doby prostoj\u016f.<\/span><span class='bullet-line'>Pojistka spou\u0161t\u011bc\u00edho sp\u00edna\u010de a kontaktn\u00ed spou\u0161t\u011b zabra\u0148uj\u00ed n\u00e1hodn\u00e9mu nast\u0159elen\u00ed h\u0159eb\u00edku.<\/span><\/div>\n<div class=\"parameters\">\n<tr>\n<td>Typ baterie<\/td>\n<td>Li-Ion<\/td>\n<\/tr>\n<tr>\n<td>Nap\u00e1jec\u00ed nap\u011bt\u00ed<\/td>\n<td>18 V<\/td>\n<\/tr>\n<tr>\n<td>Kapacita baterie<\/td>\n<td>&#8211; Ah<\/td>\n<\/tr>\n<tr>\n<td>Pr\u016fm\u011br h\u0159eb\u00edku<\/td>\n<td>1,6 mm<\/td>\n<\/tr>\n<tr>\n<td>\u00dahel z\u00e1sobn\u00edku<\/td>\n<td>0 \u00b0<\/td>\n<\/tr>\n<tr>\n<td>Pln\u011bn\u00ed z\u00e1sobn\u00edku<\/td>\n<td>Zezadu<\/td>\n<\/tr>\n<tr>\n<td>D\u00e9lka h\u0159eb\u00edku<\/td>\n<td>12 &#8211; 38 mm<\/td>\n<\/tr>\n<tr>\n<td>Kapacita z\u00e1sobn\u00edku<\/td>\n<td>110 h\u0159eb\u00edk\u016f<\/td>\n<\/tr>\n<tr>\n<td>Re\u017eim nast\u0159elov\u00e1n\u00ed<\/td>\n<td>R\u00e1zov\u00fd a sekven\u010dn\u00ed<\/td>\n<\/tr>\n<tr>\n<td>D\u00e9lka<\/td>\n<td>312 mm<\/td>\n<\/tr>\n<tr>\n<td>\u0160\u00ed\u0159ka<\/td>\n<td>96 mm<\/td>\n<\/tr>\n<tr>\n<td>V\u00fd\u0161ka<\/td>\n<td>299 mm<\/td>\n<\/tr>\n<tr>\n<td>Hmotnost<\/td>\n<td>2.9 kg<\/td>\n<\/tr>\n<tr>\n<td>Pracovn\u00ed re\u017eim nast\u0159elovac\u00ed pistole<\/td>\n<td>R\u00e1zov\u00fd a sekven\u010dn\u00ed<\/td>\n<\/tr>\n<tr>\n<td>Z\u00e1v\u011bsn\u00fd popruh<\/td>\n<td>Ano<\/td>\n<\/tr>\n<tr>\n<td>Odstran\u011bn\u00ed zaseknut\u00fdch h\u0159eb\u00edk\u016f<\/td>\n<td>Bez pou\u017eit\u00ed jin\u00e9ho n\u00e1\u0159ad\u00ed<\/td>\n<\/tr>\n<tr>\n<td>Teplotn\u00ed rozsah<\/td>\n<td>-20 a\u017e 50 \u00b0C<\/td>\n<\/tr>\n<tr>\n<td>Indik\u00e1tor poruchy<\/td>\n<td>Ano<\/td>\n<\/tr><\/div>\n<\/table>\n","protected":false},"excerpt":{"rendered":"<p>Bezuhl\u00edkov\u00e1 podlah\u00e1\u0159sk\u00e1 sponkova\u010dka, pr\u016fm\u011br sponky 18Ga (1,25 mm), d\u00e9lka sponky 12-38 mm,bez akumul\u00e1tor\u016f a nab\u00edje\u010dky v kartonov\u00e9 krabiciNejnov\u011bj\u0161\u00ed generace bezuhl\u00edkov\u00e9 nast\u0159elovac\u00ed pistole 18 V XR Li-Ion kalibr 16 nab\u00edz\u00ed \u0161pi\u010dkov\u00fd v\u00fdkon v technologii nast\u0159elov\u00e1n\u00ed h\u0159eb\u00edk\u016f.BEZUHL\u00cdKOV\u00dd motor nab\u00edz\u00ed provozn\u00ed dobu, kter\u00e1 nem\u016f\u017ee b\u00fdt v tomto kompaktn\u00edm vyd\u00e1n\u00ed p\u0159ekon\u00e1na.Kompaktn\u00ed, lehk\u00fd a ergonomick\u00fd design umo\u017e\u0148uje snadn\u00e9 a pohodln\u00e9 [&hellip;]<\/p>\n","protected":false},"featured_media":29191,"comment_status":"open","ping_status":"open","template":"","meta":[],"product_brand":[],"product_cat":[39],"product_tag":[],"class_list":{"0":"post-29091","1":"product","2":"type-product","3":"status-publish","4":"has-post-thumbnail","6":"product_cat-specialni-nabidka","8":"first","9":"instock","10":"sale","11":"shipping-taxable","12":"purchasable","13":"product-type-simple"},"yoast_head":"<!-- This site is optimized with the Yoast SEO plugin v26.8 - https:\/\/yoast.com\/product\/yoast-seo-wordpress\/ -->\n<title>Top Prodej DeWalt DCN682N 18V podlah\u00e1\u0159sk\u00e1 sponkova\u010dka, bez aku -<\/title>\n<meta name=\"robots\" content=\"index, follow, max-snippet:-1, max-image-preview:large, max-video-preview:-1\" \/>\n<link rel=\"canonical\" href=\"https:\/\/www.koupeltech.com\/index.php\/produkt\/top-prodej-dewalt-dcn682n-18v-podlaharska-sponkovacka-bez-aku-29091\/\" \/>\n<meta property=\"og:locale\" content=\"cs_CZ\" \/>\n<meta property=\"og:type\" content=\"article\" \/>\n<meta property=\"og:title\" content=\"Top Prodej DeWalt DCN682N 18V podlah\u00e1\u0159sk\u00e1 sponkova\u010dka, bez aku -\" \/>\n<meta property=\"og:description\" content=\"Bezuhl\u00edkov\u00e1 podlah\u00e1\u0159sk\u00e1 sponkova\u010dka, pr\u016fm\u011br sponky 18Ga (1,25 mm), d\u00e9lka sponky 12-38 mm,bez akumul\u00e1tor\u016f a nab\u00edje\u010dky v kartonov\u00e9 krabiciNejnov\u011bj\u0161\u00ed generace bezuhl\u00edkov\u00e9 nast\u0159elovac\u00ed pistole 18 V XR Li-Ion kalibr 16 nab\u00edz\u00ed \u0161pi\u010dkov\u00fd v\u00fdkon v technologii nast\u0159elov\u00e1n\u00ed h\u0159eb\u00edk\u016f.BEZUHL\u00cdKOV\u00dd motor nab\u00edz\u00ed provozn\u00ed dobu, kter\u00e1 nem\u016f\u017ee b\u00fdt v tomto kompaktn\u00edm vyd\u00e1n\u00ed p\u0159ekon\u00e1na.Kompaktn\u00ed, lehk\u00fd a ergonomick\u00fd design umo\u017e\u0148uje snadn\u00e9 a pohodln\u00e9 [&hellip;]\" \/>\n<meta property=\"og:url\" content=\"https:\/\/www.koupeltech.com\/index.php\/produkt\/top-prodej-dewalt-dcn682n-18v-podlaharska-sponkovacka-bez-aku-29091\/\" \/>\n<meta property=\"og:image\" content=\"https:\/\/www.koupeltech.com\/wp-content\/uploads\/2026\/SK0024271-CZ20260425-092328-0-1777080210-1245466-1_134842.webp\" \/>\n\t<meta property=\"og:image:width\" content=\"600\" \/>\n\t<meta property=\"og:image:height\" content=\"600\" \/>\n\t<meta property=\"og:image:type\" content=\"image\/webp\" \/>\n<meta name=\"twitter:card\" content=\"summary_large_image\" \/>\n<meta name=\"twitter:label1\" content=\"Odhadovan\u00e1 doba \u010dten\u00ed\" \/>\n\t<meta name=\"twitter:data1\" content=\"2 minuty\" \/>\n<script type=\"application\/ld+json\" class=\"yoast-schema-graph\">{\"@context\":\"https:\/\/schema.org\",\"@graph\":[{\"@type\":\"WebPage\",\"@id\":\"https:\/\/www.koupeltech.com\/index.php\/produkt\/top-prodej-dewalt-dcn682n-18v-podlaharska-sponkovacka-bez-aku-29091\/\",\"url\":\"https:\/\/www.koupeltech.com\/index.php\/produkt\/top-prodej-dewalt-dcn682n-18v-podlaharska-sponkovacka-bez-aku-29091\/\",\"name\":\"Top Prodej DeWalt DCN682N 18V podlah\u00e1\u0159sk\u00e1 sponkova\u010dka, bez aku -\",\"isPartOf\":{\"@id\":\"https:\/\/www.koupeltech.com\/#website\"},\"primaryImageOfPage\":{\"@id\":\"https:\/\/www.koupeltech.com\/index.php\/produkt\/top-prodej-dewalt-dcn682n-18v-podlaharska-sponkovacka-bez-aku-29091\/#primaryimage\"},\"image\":{\"@id\":\"https:\/\/www.koupeltech.com\/index.php\/produkt\/top-prodej-dewalt-dcn682n-18v-podlaharska-sponkovacka-bez-aku-29091\/#primaryimage\"},\"thumbnailUrl\":\"https:\/\/www.koupeltech.com\/wp-content\/uploads\/2026\/SK0024271-CZ20260425-092328-0-1777080210-1245466-1_134842.webp\",\"datePublished\":\"2026-04-27T14:00:15+00:00\",\"breadcrumb\":{\"@id\":\"https:\/\/www.koupeltech.com\/index.php\/produkt\/top-prodej-dewalt-dcn682n-18v-podlaharska-sponkovacka-bez-aku-29091\/#breadcrumb\"},\"inLanguage\":\"cs\",\"potentialAction\":[{\"@type\":\"ReadAction\",\"target\":[\"https:\/\/www.koupeltech.com\/index.php\/produkt\/top-prodej-dewalt-dcn682n-18v-podlaharska-sponkovacka-bez-aku-29091\/\"]}]},{\"@type\":\"ImageObject\",\"inLanguage\":\"cs\",\"@id\":\"https:\/\/www.koupeltech.com\/index.php\/produkt\/top-prodej-dewalt-dcn682n-18v-podlaharska-sponkovacka-bez-aku-29091\/#primaryimage\",\"url\":\"https:\/\/www.koupeltech.com\/wp-content\/uploads\/2026\/SK0024271-CZ20260425-092328-0-1777080210-1245466-1_134842.webp\",\"contentUrl\":\"https:\/\/www.koupeltech.com\/wp-content\/uploads\/2026\/SK0024271-CZ20260425-092328-0-1777080210-1245466-1_134842.webp\",\"width\":600,\"height\":600},{\"@type\":\"BreadcrumbList\",\"@id\":\"https:\/\/www.koupeltech.com\/index.php\/produkt\/top-prodej-dewalt-dcn682n-18v-podlaharska-sponkovacka-bez-aku-29091\/#breadcrumb\",\"itemListElement\":[{\"@type\":\"ListItem\",\"position\":1,\"name\":\"Home\",\"item\":\"https:\/\/www.koupeltech.com\/\"},{\"@type\":\"ListItem\",\"position\":2,\"name\":\"Products\",\"item\":\"https:\/\/www.koupeltech.com\/index.php\/products\/\"},{\"@type\":\"ListItem\",\"position\":3,\"name\":\"Top Prodej DeWalt DCN682N 18V podlah\u00e1\u0159sk\u00e1 sponkova\u010dka, bez aku\"}]},{\"@type\":\"WebSite\",\"@id\":\"https:\/\/www.koupeltech.com\/#website\",\"url\":\"https:\/\/www.koupeltech.com\/\",\"name\":\"\",\"description\":\"\",\"potentialAction\":[{\"@type\":\"SearchAction\",\"target\":{\"@type\":\"EntryPoint\",\"urlTemplate\":\"https:\/\/www.koupeltech.com\/?s={search_term_string}\"},\"query-input\":{\"@type\":\"PropertyValueSpecification\",\"valueRequired\":true,\"valueName\":\"search_term_string\"}}],\"inLanguage\":\"cs\"}]}<\/script>\n<!-- \/ Yoast SEO plugin. -->","yoast_head_json":{"title":"Top Prodej DeWalt DCN682N 18V podlah\u00e1\u0159sk\u00e1 sponkova\u010dka, bez aku -","robots":{"index":"index","follow":"follow","max-snippet":"max-snippet:-1","max-image-preview":"max-image-preview:large","max-video-preview":"max-video-preview:-1"},"canonical":"https:\/\/www.koupeltech.com\/index.php\/produkt\/top-prodej-dewalt-dcn682n-18v-podlaharska-sponkovacka-bez-aku-29091\/","og_locale":"cs_CZ","og_type":"article","og_title":"Top Prodej DeWalt DCN682N 18V podlah\u00e1\u0159sk\u00e1 sponkova\u010dka, bez aku -","og_description":"Bezuhl\u00edkov\u00e1 podlah\u00e1\u0159sk\u00e1 sponkova\u010dka, pr\u016fm\u011br sponky 18Ga (1,25 mm), d\u00e9lka sponky 12-38 mm,bez akumul\u00e1tor\u016f a nab\u00edje\u010dky v kartonov\u00e9 krabiciNejnov\u011bj\u0161\u00ed generace bezuhl\u00edkov\u00e9 nast\u0159elovac\u00ed pistole 18 V XR Li-Ion kalibr 16 nab\u00edz\u00ed \u0161pi\u010dkov\u00fd v\u00fdkon v technologii nast\u0159elov\u00e1n\u00ed h\u0159eb\u00edk\u016f.BEZUHL\u00cdKOV\u00dd motor nab\u00edz\u00ed provozn\u00ed dobu, kter\u00e1 nem\u016f\u017ee b\u00fdt v tomto kompaktn\u00edm vyd\u00e1n\u00ed p\u0159ekon\u00e1na.Kompaktn\u00ed, lehk\u00fd a ergonomick\u00fd design umo\u017e\u0148uje snadn\u00e9 a pohodln\u00e9 [&hellip;]","og_url":"https:\/\/www.koupeltech.com\/index.php\/produkt\/top-prodej-dewalt-dcn682n-18v-podlaharska-sponkovacka-bez-aku-29091\/","og_image":[{"width":600,"height":600,"url":"https:\/\/www.koupeltech.com\/wp-content\/uploads\/2026\/SK0024271-CZ20260425-092328-0-1777080210-1245466-1_134842.webp","type":"image\/webp"}],"twitter_card":"summary_large_image","twitter_misc":{"Odhadovan\u00e1 doba \u010dten\u00ed":"2 minuty"},"schema":{"@context":"https:\/\/schema.org","@graph":[{"@type":"WebPage","@id":"https:\/\/www.koupeltech.com\/index.php\/produkt\/top-prodej-dewalt-dcn682n-18v-podlaharska-sponkovacka-bez-aku-29091\/","url":"https:\/\/www.koupeltech.com\/index.php\/produkt\/top-prodej-dewalt-dcn682n-18v-podlaharska-sponkovacka-bez-aku-29091\/","name":"Top Prodej DeWalt DCN682N 18V podlah\u00e1\u0159sk\u00e1 sponkova\u010dka, bez aku -","isPartOf":{"@id":"https:\/\/www.koupeltech.com\/#website"},"primaryImageOfPage":{"@id":"https:\/\/www.koupeltech.com\/index.php\/produkt\/top-prodej-dewalt-dcn682n-18v-podlaharska-sponkovacka-bez-aku-29091\/#primaryimage"},"image":{"@id":"https:\/\/www.koupeltech.com\/index.php\/produkt\/top-prodej-dewalt-dcn682n-18v-podlaharska-sponkovacka-bez-aku-29091\/#primaryimage"},"thumbnailUrl":"https:\/\/www.koupeltech.com\/wp-content\/uploads\/2026\/SK0024271-CZ20260425-092328-0-1777080210-1245466-1_134842.webp","datePublished":"2026-04-27T14:00:15+00:00","breadcrumb":{"@id":"https:\/\/www.koupeltech.com\/index.php\/produkt\/top-prodej-dewalt-dcn682n-18v-podlaharska-sponkovacka-bez-aku-29091\/#breadcrumb"},"inLanguage":"cs","potentialAction":[{"@type":"ReadAction","target":["https:\/\/www.koupeltech.com\/index.php\/produkt\/top-prodej-dewalt-dcn682n-18v-podlaharska-sponkovacka-bez-aku-29091\/"]}]},{"@type":"ImageObject","inLanguage":"cs","@id":"https:\/\/www.koupeltech.com\/index.php\/produkt\/top-prodej-dewalt-dcn682n-18v-podlaharska-sponkovacka-bez-aku-29091\/#primaryimage","url":"https:\/\/www.koupeltech.com\/wp-content\/uploads\/2026\/SK0024271-CZ20260425-092328-0-1777080210-1245466-1_134842.webp","contentUrl":"https:\/\/www.koupeltech.com\/wp-content\/uploads\/2026\/SK0024271-CZ20260425-092328-0-1777080210-1245466-1_134842.webp","width":600,"height":600},{"@type":"BreadcrumbList","@id":"https:\/\/www.koupeltech.com\/index.php\/produkt\/top-prodej-dewalt-dcn682n-18v-podlaharska-sponkovacka-bez-aku-29091\/#breadcrumb","itemListElement":[{"@type":"ListItem","position":1,"name":"Home","item":"https:\/\/www.koupeltech.com\/"},{"@type":"ListItem","position":2,"name":"Products","item":"https:\/\/www.koupeltech.com\/index.php\/products\/"},{"@type":"ListItem","position":3,"name":"Top Prodej DeWalt DCN682N 18V podlah\u00e1\u0159sk\u00e1 sponkova\u010dka, bez aku"}]},{"@type":"WebSite","@id":"https:\/\/www.koupeltech.com\/#website","url":"https:\/\/www.koupeltech.com\/","name":"","description":"","potentialAction":[{"@type":"SearchAction","target":{"@type":"EntryPoint","urlTemplate":"https:\/\/www.koupeltech.com\/?s={search_term_string}"},"query-input":{"@type":"PropertyValueSpecification","valueRequired":true,"valueName":"search_term_string"}}],"inLanguage":"cs"}]}},"_links":{"self":[{"href":"https:\/\/www.koupeltech.com\/index.php\/wp-json\/wp\/v2\/product\/29091","targetHints":{"allow":["GET"]}}],"collection":[{"href":"https:\/\/www.koupeltech.com\/index.php\/wp-json\/wp\/v2\/product"}],"about":[{"href":"https:\/\/www.koupeltech.com\/index.php\/wp-json\/wp\/v2\/types\/product"}],"replies":[{"embeddable":true,"href":"https:\/\/www.koupeltech.com\/index.php\/wp-json\/wp\/v2\/comments?post=29091"}],"wp:featuredmedia":[{"embeddable":true,"href":"https:\/\/www.koupeltech.com\/index.php\/wp-json\/wp\/v2\/media\/29191"}],"wp:attachment":[{"href":"https:\/\/www.koupeltech.com\/index.php\/wp-json\/wp\/v2\/media?parent=29091"}],"wp:term":[{"taxonomy":"product_brand","embeddable":true,"href":"https:\/\/www.koupeltech.com\/index.php\/wp-json\/wp\/v2\/product_brand?post=29091"},{"taxonomy":"product_cat","embeddable":true,"href":"https:\/\/www.koupeltech.com\/index.php\/wp-json\/wp\/v2\/product_cat?post=29091"},{"taxonomy":"product_tag","embeddable":true,"href":"https:\/\/www.koupeltech.com\/index.php\/wp-json\/wp\/v2\/product_tag?post=29091"}],"curies":[{"name":"wp","href":"https:\/\/api.w.org\/{rel}","templated":true}]}}