{"id":29153,"date":"2026-04-27T14:00:15","date_gmt":"2026-04-27T14:00:15","guid":{"rendered":""},"modified":"2026-04-27T14:00:15","modified_gmt":"2026-04-27T14:00:15","slug":"akce-dewalt-dcmps567p1-18v-prorezavaci-pila-1-x-5-0-ah-29153","status":"publish","type":"product","link":"https:\/\/www.koupeltech.com\/index.php\/produkt\/akce-dewalt-dcmps567p1-18v-prorezavaci-pila-1-x-5-0-ah-29153\/","title":{"rendered":"Akce DeWalt DCMPS567P1 18V pro\u0159ez\u00e1vac\u00ed pila, 1 x 5,0 Ah"},"content":{"rendered":"<table>\n<div class=\"tab-pane active product-description\" id=\"popis\" role=\"tabpanel\">\n<div class=\"short-description\" itemprop=\"description\"><\/div>\n<div class=\"description\">Bezuhl\u00edkov\u00fd aku pro\u0159ez\u00e1va\u010d v\u011btv\u00ed 18 V, li\u0161ta 20 cm, 1x aku 5,0 Ah<span class='bullet-line'>Kovov\u00e9 op\u011brn\u00e9 zuby poskytuj\u00ed oporu p\u0159i \u0159ez\u00e1n\u00ed<br \/><\/span><span class='bullet-line'>20cm li\u0161ta a \u0159et\u011bz Oregon.<br \/><\/span><span class='bullet-line'>Vysoce \u00fa\u010dinn\u00fd bezuhl\u00edkov\u00fd motor umo\u017e\u0148uje prov\u00e9st v\u00edce ne\u017e 55 \u0159ez\u016f hranolu 10 x 10 cm na jedno nabit\u00ed baterie 18V, 5Ah.<br \/><\/span><span class='bullet-line'>Automatick\u00e9 maz\u00e1n\u00ed &#8211; sni\u017eeje mno\u017estv\u00ed nastaven\u00ed a manipilace s pilou.<br \/><\/span><span class='bullet-line'>V\u00fdm\u011bna a vypnut\u00ed \u0159ezu bez pou\u017eit\u00ed jin\u00e9ho n\u00e1\u0159ad\u00ed.<br \/><\/span><span class='bullet-line'>Prodlu\u017eovac\u00ed ty\u010d &#8211; celkov\u00e1 d\u00e9lka a\u017e 4,5 m<br \/><\/span><span class='bullet-line'>Pogumovan\u00e9 rukojeti pro pohodln\u00fd a bezpe\u010dn\u00fd \u00fachop a sn\u00ed\u017een\u00ed \u00fanavy.<br \/><\/span><br \/>\u25ba Sou\u010d\u00e1st\u00ed dod\u00e1vky je:<span class='bullet-line'>Pro\u0159ez\u00e1vac\u00ed pila DCMPS567<br \/><\/span><span class='bullet-line'>Univerz\u00e1ln\u00ed nab\u00edje\u010dka<br \/><\/span><span class='bullet-line'>Baterie 18V\/5Ah<\/span><\/div>\n<div class=\"parameters\">\n<tr>\n<td>Nap\u011bt\u00ed akumul\u00e1toru<\/td>\n<td>18 V<\/td>\n<\/tr>\n<tr>\n<td>Po\u010det akumul\u00e1tor\u016f<\/td>\n<td>1<\/td>\n<\/tr>\n<tr>\n<td>Typ akumul\u00e1toru<\/td>\n<td>Li-Ion<\/td>\n<\/tr>\n<tr>\n<td>Hmotnost<\/td>\n<td>4,5 kg<\/td>\n<\/tr>\n<tr>\n<td>D\u00e9lka li\u0161ty<\/td>\n<td>20 cm<\/td>\n<\/tr>\n<tr>\n<td>Kapacita akumul\u00e1toru<\/td>\n<td>5 Ah<\/td>\n<\/tr><\/div>\n<\/table>\n","protected":false},"excerpt":{"rendered":"<p>Bezuhl\u00edkov\u00fd aku pro\u0159ez\u00e1va\u010d v\u011btv\u00ed 18 V, li\u0161ta 20 cm, 1x aku 5,0 AhKovov\u00e9 op\u011brn\u00e9 zuby poskytuj\u00ed oporu p\u0159i \u0159ez\u00e1n\u00ed20cm li\u0161ta a \u0159et\u011bz Oregon.Vysoce \u00fa\u010dinn\u00fd bezuhl\u00edkov\u00fd motor umo\u017e\u0148uje prov\u00e9st v\u00edce ne\u017e 55 \u0159ez\u016f hranolu 10 x 10 cm na jedno nabit\u00ed baterie 18V, 5Ah.Automatick\u00e9 maz\u00e1n\u00ed &#8211; sni\u017eeje mno\u017estv\u00ed nastaven\u00ed a manipilace s pilou.V\u00fdm\u011bna a vypnut\u00ed \u0159ezu [&hellip;]<\/p>\n","protected":false},"featured_media":29253,"comment_status":"open","ping_status":"open","template":"","meta":[],"product_brand":[],"product_cat":[44],"product_tag":[],"class_list":{"0":"post-29153","1":"product","2":"type-product","3":"status-publish","4":"has-post-thumbnail","6":"product_cat-zahrada","8":"first","9":"instock","10":"sale","11":"shipping-taxable","12":"purchasable","13":"product-type-simple"},"yoast_head":"<!-- This site is optimized with the Yoast SEO plugin v26.8 - https:\/\/yoast.com\/product\/yoast-seo-wordpress\/ -->\n<title>Akce DeWalt DCMPS567P1 18V pro\u0159ez\u00e1vac\u00ed pila, 1 x 5,0 Ah -<\/title>\n<meta name=\"robots\" content=\"index, follow, max-snippet:-1, max-image-preview:large, max-video-preview:-1\" \/>\n<link rel=\"canonical\" href=\"https:\/\/www.koupeltech.com\/index.php\/produkt\/akce-dewalt-dcmps567p1-18v-prorezavaci-pila-1-x-5-0-ah-29153\/\" \/>\n<meta property=\"og:locale\" content=\"cs_CZ\" \/>\n<meta property=\"og:type\" content=\"article\" \/>\n<meta property=\"og:title\" content=\"Akce DeWalt DCMPS567P1 18V pro\u0159ez\u00e1vac\u00ed pila, 1 x 5,0 Ah -\" \/>\n<meta property=\"og:description\" content=\"Bezuhl\u00edkov\u00fd aku pro\u0159ez\u00e1va\u010d v\u011btv\u00ed 18 V, li\u0161ta 20 cm, 1x aku 5,0 AhKovov\u00e9 op\u011brn\u00e9 zuby poskytuj\u00ed oporu p\u0159i \u0159ez\u00e1n\u00ed20cm li\u0161ta a \u0159et\u011bz Oregon.Vysoce \u00fa\u010dinn\u00fd bezuhl\u00edkov\u00fd motor umo\u017e\u0148uje prov\u00e9st v\u00edce ne\u017e 55 \u0159ez\u016f hranolu 10 x 10 cm na jedno nabit\u00ed baterie 18V, 5Ah.Automatick\u00e9 maz\u00e1n\u00ed &#8211; sni\u017eeje mno\u017estv\u00ed nastaven\u00ed a manipilace s pilou.V\u00fdm\u011bna a vypnut\u00ed \u0159ezu [&hellip;]\" \/>\n<meta property=\"og:url\" content=\"https:\/\/www.koupeltech.com\/index.php\/produkt\/akce-dewalt-dcmps567p1-18v-prorezavaci-pila-1-x-5-0-ah-29153\/\" \/>\n<meta property=\"og:image\" content=\"https:\/\/www.koupeltech.com\/wp-content\/uploads\/2026\/SK0024336-CZ20260425-092328-0-1777080210-1245535-1_133944.webp\" \/>\n\t<meta property=\"og:image:width\" content=\"800\" \/>\n\t<meta property=\"og:image:height\" content=\"800\" \/>\n\t<meta property=\"og:image:type\" content=\"image\/webp\" \/>\n<meta name=\"twitter:card\" content=\"summary_large_image\" \/>\n<meta name=\"twitter:label1\" content=\"Odhadovan\u00e1 doba \u010dten\u00ed\" \/>\n\t<meta name=\"twitter:data1\" content=\"1 minuta\" \/>\n<script type=\"application\/ld+json\" class=\"yoast-schema-graph\">{\"@context\":\"https:\/\/schema.org\",\"@graph\":[{\"@type\":\"WebPage\",\"@id\":\"https:\/\/www.koupeltech.com\/index.php\/produkt\/akce-dewalt-dcmps567p1-18v-prorezavaci-pila-1-x-5-0-ah-29153\/\",\"url\":\"https:\/\/www.koupeltech.com\/index.php\/produkt\/akce-dewalt-dcmps567p1-18v-prorezavaci-pila-1-x-5-0-ah-29153\/\",\"name\":\"Akce DeWalt DCMPS567P1 18V pro\u0159ez\u00e1vac\u00ed pila, 1 x 5,0 Ah -\",\"isPartOf\":{\"@id\":\"https:\/\/www.koupeltech.com\/#website\"},\"primaryImageOfPage\":{\"@id\":\"https:\/\/www.koupeltech.com\/index.php\/produkt\/akce-dewalt-dcmps567p1-18v-prorezavaci-pila-1-x-5-0-ah-29153\/#primaryimage\"},\"image\":{\"@id\":\"https:\/\/www.koupeltech.com\/index.php\/produkt\/akce-dewalt-dcmps567p1-18v-prorezavaci-pila-1-x-5-0-ah-29153\/#primaryimage\"},\"thumbnailUrl\":\"https:\/\/www.koupeltech.com\/wp-content\/uploads\/2026\/SK0024336-CZ20260425-092328-0-1777080210-1245535-1_133944.webp\",\"datePublished\":\"2026-04-27T14:00:15+00:00\",\"breadcrumb\":{\"@id\":\"https:\/\/www.koupeltech.com\/index.php\/produkt\/akce-dewalt-dcmps567p1-18v-prorezavaci-pila-1-x-5-0-ah-29153\/#breadcrumb\"},\"inLanguage\":\"cs\",\"potentialAction\":[{\"@type\":\"ReadAction\",\"target\":[\"https:\/\/www.koupeltech.com\/index.php\/produkt\/akce-dewalt-dcmps567p1-18v-prorezavaci-pila-1-x-5-0-ah-29153\/\"]}]},{\"@type\":\"ImageObject\",\"inLanguage\":\"cs\",\"@id\":\"https:\/\/www.koupeltech.com\/index.php\/produkt\/akce-dewalt-dcmps567p1-18v-prorezavaci-pila-1-x-5-0-ah-29153\/#primaryimage\",\"url\":\"https:\/\/www.koupeltech.com\/wp-content\/uploads\/2026\/SK0024336-CZ20260425-092328-0-1777080210-1245535-1_133944.webp\",\"contentUrl\":\"https:\/\/www.koupeltech.com\/wp-content\/uploads\/2026\/SK0024336-CZ20260425-092328-0-1777080210-1245535-1_133944.webp\",\"width\":800,\"height\":800},{\"@type\":\"BreadcrumbList\",\"@id\":\"https:\/\/www.koupeltech.com\/index.php\/produkt\/akce-dewalt-dcmps567p1-18v-prorezavaci-pila-1-x-5-0-ah-29153\/#breadcrumb\",\"itemListElement\":[{\"@type\":\"ListItem\",\"position\":1,\"name\":\"Home\",\"item\":\"https:\/\/www.koupeltech.com\/\"},{\"@type\":\"ListItem\",\"position\":2,\"name\":\"Products\",\"item\":\"https:\/\/www.koupeltech.com\/index.php\/products\/\"},{\"@type\":\"ListItem\",\"position\":3,\"name\":\"Akce DeWalt DCMPS567P1 18V pro\u0159ez\u00e1vac\u00ed pila, 1 x 5,0 Ah\"}]},{\"@type\":\"WebSite\",\"@id\":\"https:\/\/www.koupeltech.com\/#website\",\"url\":\"https:\/\/www.koupeltech.com\/\",\"name\":\"\",\"description\":\"\",\"potentialAction\":[{\"@type\":\"SearchAction\",\"target\":{\"@type\":\"EntryPoint\",\"urlTemplate\":\"https:\/\/www.koupeltech.com\/?s={search_term_string}\"},\"query-input\":{\"@type\":\"PropertyValueSpecification\",\"valueRequired\":true,\"valueName\":\"search_term_string\"}}],\"inLanguage\":\"cs\"}]}<\/script>\n<!-- \/ Yoast SEO plugin. -->","yoast_head_json":{"title":"Akce DeWalt DCMPS567P1 18V pro\u0159ez\u00e1vac\u00ed pila, 1 x 5,0 Ah -","robots":{"index":"index","follow":"follow","max-snippet":"max-snippet:-1","max-image-preview":"max-image-preview:large","max-video-preview":"max-video-preview:-1"},"canonical":"https:\/\/www.koupeltech.com\/index.php\/produkt\/akce-dewalt-dcmps567p1-18v-prorezavaci-pila-1-x-5-0-ah-29153\/","og_locale":"cs_CZ","og_type":"article","og_title":"Akce DeWalt DCMPS567P1 18V pro\u0159ez\u00e1vac\u00ed pila, 1 x 5,0 Ah -","og_description":"Bezuhl\u00edkov\u00fd aku pro\u0159ez\u00e1va\u010d v\u011btv\u00ed 18 V, li\u0161ta 20 cm, 1x aku 5,0 AhKovov\u00e9 op\u011brn\u00e9 zuby poskytuj\u00ed oporu p\u0159i \u0159ez\u00e1n\u00ed20cm li\u0161ta a \u0159et\u011bz Oregon.Vysoce \u00fa\u010dinn\u00fd bezuhl\u00edkov\u00fd motor umo\u017e\u0148uje prov\u00e9st v\u00edce ne\u017e 55 \u0159ez\u016f hranolu 10 x 10 cm na jedno nabit\u00ed baterie 18V, 5Ah.Automatick\u00e9 maz\u00e1n\u00ed &#8211; sni\u017eeje mno\u017estv\u00ed nastaven\u00ed a manipilace s pilou.V\u00fdm\u011bna a vypnut\u00ed \u0159ezu [&hellip;]","og_url":"https:\/\/www.koupeltech.com\/index.php\/produkt\/akce-dewalt-dcmps567p1-18v-prorezavaci-pila-1-x-5-0-ah-29153\/","og_image":[{"width":800,"height":800,"url":"https:\/\/www.koupeltech.com\/wp-content\/uploads\/2026\/SK0024336-CZ20260425-092328-0-1777080210-1245535-1_133944.webp","type":"image\/webp"}],"twitter_card":"summary_large_image","twitter_misc":{"Odhadovan\u00e1 doba \u010dten\u00ed":"1 minuta"},"schema":{"@context":"https:\/\/schema.org","@graph":[{"@type":"WebPage","@id":"https:\/\/www.koupeltech.com\/index.php\/produkt\/akce-dewalt-dcmps567p1-18v-prorezavaci-pila-1-x-5-0-ah-29153\/","url":"https:\/\/www.koupeltech.com\/index.php\/produkt\/akce-dewalt-dcmps567p1-18v-prorezavaci-pila-1-x-5-0-ah-29153\/","name":"Akce DeWalt DCMPS567P1 18V pro\u0159ez\u00e1vac\u00ed pila, 1 x 5,0 Ah -","isPartOf":{"@id":"https:\/\/www.koupeltech.com\/#website"},"primaryImageOfPage":{"@id":"https:\/\/www.koupeltech.com\/index.php\/produkt\/akce-dewalt-dcmps567p1-18v-prorezavaci-pila-1-x-5-0-ah-29153\/#primaryimage"},"image":{"@id":"https:\/\/www.koupeltech.com\/index.php\/produkt\/akce-dewalt-dcmps567p1-18v-prorezavaci-pila-1-x-5-0-ah-29153\/#primaryimage"},"thumbnailUrl":"https:\/\/www.koupeltech.com\/wp-content\/uploads\/2026\/SK0024336-CZ20260425-092328-0-1777080210-1245535-1_133944.webp","datePublished":"2026-04-27T14:00:15+00:00","breadcrumb":{"@id":"https:\/\/www.koupeltech.com\/index.php\/produkt\/akce-dewalt-dcmps567p1-18v-prorezavaci-pila-1-x-5-0-ah-29153\/#breadcrumb"},"inLanguage":"cs","potentialAction":[{"@type":"ReadAction","target":["https:\/\/www.koupeltech.com\/index.php\/produkt\/akce-dewalt-dcmps567p1-18v-prorezavaci-pila-1-x-5-0-ah-29153\/"]}]},{"@type":"ImageObject","inLanguage":"cs","@id":"https:\/\/www.koupeltech.com\/index.php\/produkt\/akce-dewalt-dcmps567p1-18v-prorezavaci-pila-1-x-5-0-ah-29153\/#primaryimage","url":"https:\/\/www.koupeltech.com\/wp-content\/uploads\/2026\/SK0024336-CZ20260425-092328-0-1777080210-1245535-1_133944.webp","contentUrl":"https:\/\/www.koupeltech.com\/wp-content\/uploads\/2026\/SK0024336-CZ20260425-092328-0-1777080210-1245535-1_133944.webp","width":800,"height":800},{"@type":"BreadcrumbList","@id":"https:\/\/www.koupeltech.com\/index.php\/produkt\/akce-dewalt-dcmps567p1-18v-prorezavaci-pila-1-x-5-0-ah-29153\/#breadcrumb","itemListElement":[{"@type":"ListItem","position":1,"name":"Home","item":"https:\/\/www.koupeltech.com\/"},{"@type":"ListItem","position":2,"name":"Products","item":"https:\/\/www.koupeltech.com\/index.php\/products\/"},{"@type":"ListItem","position":3,"name":"Akce DeWalt DCMPS567P1 18V pro\u0159ez\u00e1vac\u00ed pila, 1 x 5,0 Ah"}]},{"@type":"WebSite","@id":"https:\/\/www.koupeltech.com\/#website","url":"https:\/\/www.koupeltech.com\/","name":"","description":"","potentialAction":[{"@type":"SearchAction","target":{"@type":"EntryPoint","urlTemplate":"https:\/\/www.koupeltech.com\/?s={search_term_string}"},"query-input":{"@type":"PropertyValueSpecification","valueRequired":true,"valueName":"search_term_string"}}],"inLanguage":"cs"}]}},"_links":{"self":[{"href":"https:\/\/www.koupeltech.com\/index.php\/wp-json\/wp\/v2\/product\/29153","targetHints":{"allow":["GET"]}}],"collection":[{"href":"https:\/\/www.koupeltech.com\/index.php\/wp-json\/wp\/v2\/product"}],"about":[{"href":"https:\/\/www.koupeltech.com\/index.php\/wp-json\/wp\/v2\/types\/product"}],"replies":[{"embeddable":true,"href":"https:\/\/www.koupeltech.com\/index.php\/wp-json\/wp\/v2\/comments?post=29153"}],"wp:featuredmedia":[{"embeddable":true,"href":"https:\/\/www.koupeltech.com\/index.php\/wp-json\/wp\/v2\/media\/29253"}],"wp:attachment":[{"href":"https:\/\/www.koupeltech.com\/index.php\/wp-json\/wp\/v2\/media?parent=29153"}],"wp:term":[{"taxonomy":"product_brand","embeddable":true,"href":"https:\/\/www.koupeltech.com\/index.php\/wp-json\/wp\/v2\/product_brand?post=29153"},{"taxonomy":"product_cat","embeddable":true,"href":"https:\/\/www.koupeltech.com\/index.php\/wp-json\/wp\/v2\/product_cat?post=29153"},{"taxonomy":"product_tag","embeddable":true,"href":"https:\/\/www.koupeltech.com\/index.php\/wp-json\/wp\/v2\/product_tag?post=29153"}],"curies":[{"name":"wp","href":"https:\/\/api.w.org\/{rel}","templated":true}]}}