{"id":29311,"date":"2026-04-27T14:00:16","date_gmt":"2026-04-27T14:00:16","guid":{"rendered":""},"modified":"2026-04-27T14:00:16","modified_gmt":"2026-04-27T14:00:16","slug":"znackovy-dewalt-d25832k-sekaci-kladivo-sds-max-1250w-10-5-j-29311","status":"publish","type":"product","link":"https:\/\/www.koupeltech.com\/index.php\/produkt\/znackovy-dewalt-d25832k-sekaci-kladivo-sds-max-1250w-10-5-j-29311\/","title":{"rendered":"Zna\u010dkov\u00fd DeWalt D25832K sekac\u00ed kladivo SDS-Max, 1250W, 10,5 J"},"content":{"rendered":"<table>\n<div class=\"tab-pane active product-description\" id=\"popis\" role=\"tabpanel\">\n<div class=\"short-description\" itemprop=\"description\"><\/div>\n<div class=\"description\">\n<p>Sekac\u00ed kladivo 1350 W, \u00fader 10,5 J, SDS-Max, kufr<span class=\"bullet-line\">S energi\u00ed r\u00e1zu 10,5 J a regul\u00e1torem po\u010dtu r\u00e1z\u016f pro optim\u00e1ln\u00ed nastaven\u00ed.<\/span><br \/><span class=\"bullet-line\">Nov\u011b vyvinut\u00fd p\u0159\u00edklepov\u00fd mechanismus se zv\u011bt\u0161en\u00fdm v\u00fdkonem vytv\u00e1\u0159ej\u00edc\u00ed energii r\u00e1zu 10,5 J<\/span><br \/><span class=\"bullet-line\">Odd\u011blen\u00e1 a pru\u017en\u011b ulo\u017een\u00ed zadn\u00ed rukoje\u0165 umo\u017e\u0148uj\u00edc\u00ed sn\u00ed\u017eenou \u00farove\u0148 vibrac\u00ed s hodnotou 8,7 m\/s2<\/span><br \/><span class=\"bullet-line\">P\u0159\u00eddavn\u00e1 bo\u010dn\u00ed rukoje\u0165 s ergonomick\u00fdm designem pro pohodlnou a bezpe\u010dnou pr\u00e1ci<\/span><br \/><span class=\"bullet-line\">Regul\u00e1tor ot\u00e1\u010dek umo\u017e\u0148uje nastaven\u00ed po\u010dtu r\u00e1z\u016f podle prov\u00e1d\u011bn\u00e9 pr\u00e1ce<\/span><br \/><span class=\"bullet-line\">Kryt kladiva vyztu\u017een\u00fd skeln\u00fdmi vl\u00e1kny pro n\u00e1ro\u010dn\u00e9 ka\u017edodenn\u00ed pou\u017eit\u00ed na staveni\u0161t\u00edch<\/span><\/p>\n<p>\u25ba Sou\u010d\u00e1st\u00ed dod\u00e1vky je:<span class=\"bullet-line\">P\u0159\u00eddavn\u00e1 bo\u010dn\u00ed rukoje\u0165<\/span><br \/><span class=\"bullet-line\">Odoln\u00fd kuf\u0159\u00edk<\/span><\/p>\n<\/div>\n<div class=\"parameters\">\n<tr>\n<td>Energie \u00fader\u016f<\/td>\n<td>10,5 J<\/td>\n<\/tr>\n<tr>\n<td>Frekvence \u00fader\u016f<\/td>\n<td>1450-2900 \u00fad\/min<\/td>\n<\/tr>\n<tr>\n<td>P\u0159\u00edkon<\/td>\n<td>1350 W<\/td>\n<\/tr>\n<tr>\n<td>Hmotnost<\/td>\n<td>7.4 kg<\/td>\n<\/tr>\n<tr>\n<td>Indik\u00e1tor poruchy<\/td>\n<td>ano<\/td>\n<\/tr>\n<tr>\n<td>Vibrace ruka\/pa\u017ee (sek\u00e1n\u00ed)<\/td>\n<td>8,7<\/td>\n<\/tr>\n<tr>\n<td>Antivibra\u010dn\u00ed mechanismus<\/td>\n<td>ano<\/td>\n<\/tr>\n<tr>\n<td>Kufr<\/td>\n<td>ano<\/td>\n<\/tr>\n<tr>\n<td>Prav\u00fd i lev\u00fd chod<\/td>\n<td>ne<\/td>\n<\/tr>\n<tr>\n<td>Up\u00edn\u00e1n\u00ed n\u00e1stroje<\/td>\n<td>SDS-max<\/td>\n<\/tr><\/div>\n<\/table>\n","protected":false},"excerpt":{"rendered":"<p>Sekac\u00ed kladivo 1350 W, \u00fader 10,5 J, SDS-Max, kufrS energi\u00ed r\u00e1zu 10,5 J a regul\u00e1torem po\u010dtu r\u00e1z\u016f pro optim\u00e1ln\u00ed nastaven\u00ed.Nov\u011b vyvinut\u00fd p\u0159\u00edklepov\u00fd mechanismus se zv\u011bt\u0161en\u00fdm v\u00fdkonem vytv\u00e1\u0159ej\u00edc\u00ed energii r\u00e1zu 10,5 JOdd\u011blen\u00e1 a pru\u017en\u011b ulo\u017een\u00ed zadn\u00ed rukoje\u0165 umo\u017e\u0148uj\u00edc\u00ed sn\u00ed\u017eenou \u00farove\u0148 vibrac\u00ed s hodnotou 8,7 m\/s2P\u0159\u00eddavn\u00e1 bo\u010dn\u00ed rukoje\u0165 s ergonomick\u00fdm designem pro pohodlnou a bezpe\u010dnou pr\u00e1ciRegul\u00e1tor ot\u00e1\u010dek [&hellip;]<\/p>\n","protected":false},"featured_media":29411,"comment_status":"open","ping_status":"open","template":"","meta":[],"product_brand":[],"product_cat":[43],"product_tag":[],"class_list":{"0":"post-29311","1":"product","2":"type-product","3":"status-publish","4":"has-post-thumbnail","6":"product_cat-naradi","8":"first","9":"instock","10":"sale","11":"shipping-taxable","12":"purchasable","13":"product-type-simple"},"yoast_head":"<!-- This site is optimized with the Yoast SEO plugin v26.8 - https:\/\/yoast.com\/product\/yoast-seo-wordpress\/ -->\n<title>Zna\u010dkov\u00fd DeWalt D25832K sekac\u00ed kladivo SDS-Max, 1250W, 10,5 J -<\/title>\n<meta name=\"robots\" content=\"index, follow, max-snippet:-1, max-image-preview:large, max-video-preview:-1\" \/>\n<link rel=\"canonical\" href=\"https:\/\/www.koupeltech.com\/index.php\/produkt\/znackovy-dewalt-d25832k-sekaci-kladivo-sds-max-1250w-10-5-j-29311\/\" \/>\n<meta property=\"og:locale\" content=\"cs_CZ\" \/>\n<meta property=\"og:type\" content=\"article\" \/>\n<meta property=\"og:title\" content=\"Zna\u010dkov\u00fd DeWalt D25832K sekac\u00ed kladivo SDS-Max, 1250W, 10,5 J -\" \/>\n<meta property=\"og:description\" content=\"Sekac\u00ed kladivo 1350 W, \u00fader 10,5 J, SDS-Max, kufrS energi\u00ed r\u00e1zu 10,5 J a regul\u00e1torem po\u010dtu r\u00e1z\u016f pro optim\u00e1ln\u00ed nastaven\u00ed.Nov\u011b vyvinut\u00fd p\u0159\u00edklepov\u00fd mechanismus se zv\u011bt\u0161en\u00fdm v\u00fdkonem vytv\u00e1\u0159ej\u00edc\u00ed energii r\u00e1zu 10,5 JOdd\u011blen\u00e1 a pru\u017en\u011b ulo\u017een\u00ed zadn\u00ed rukoje\u0165 umo\u017e\u0148uj\u00edc\u00ed sn\u00ed\u017eenou \u00farove\u0148 vibrac\u00ed s hodnotou 8,7 m\/s2P\u0159\u00eddavn\u00e1 bo\u010dn\u00ed rukoje\u0165 s ergonomick\u00fdm designem pro pohodlnou a bezpe\u010dnou pr\u00e1ciRegul\u00e1tor ot\u00e1\u010dek [&hellip;]\" \/>\n<meta property=\"og:url\" content=\"https:\/\/www.koupeltech.com\/index.php\/produkt\/znackovy-dewalt-d25832k-sekaci-kladivo-sds-max-1250w-10-5-j-29311\/\" \/>\n<meta property=\"og:image\" content=\"https:\/\/www.koupeltech.com\/wp-content\/uploads\/2026\/SK0024408-CZ20260425-092328-0-1777080210-1245620-1_135547.webp\" \/>\n\t<meta property=\"og:image:width\" content=\"760\" \/>\n\t<meta property=\"og:image:height\" content=\"600\" \/>\n\t<meta property=\"og:image:type\" content=\"image\/webp\" \/>\n<meta name=\"twitter:card\" content=\"summary_large_image\" \/>\n<meta name=\"twitter:label1\" content=\"Odhadovan\u00e1 doba \u010dten\u00ed\" \/>\n\t<meta name=\"twitter:data1\" content=\"1 minuta\" \/>\n<script type=\"application\/ld+json\" class=\"yoast-schema-graph\">{\"@context\":\"https:\/\/schema.org\",\"@graph\":[{\"@type\":\"WebPage\",\"@id\":\"https:\/\/www.koupeltech.com\/index.php\/produkt\/znackovy-dewalt-d25832k-sekaci-kladivo-sds-max-1250w-10-5-j-29311\/\",\"url\":\"https:\/\/www.koupeltech.com\/index.php\/produkt\/znackovy-dewalt-d25832k-sekaci-kladivo-sds-max-1250w-10-5-j-29311\/\",\"name\":\"Zna\u010dkov\u00fd DeWalt D25832K sekac\u00ed kladivo SDS-Max, 1250W, 10,5 J -\",\"isPartOf\":{\"@id\":\"https:\/\/www.koupeltech.com\/#website\"},\"primaryImageOfPage\":{\"@id\":\"https:\/\/www.koupeltech.com\/index.php\/produkt\/znackovy-dewalt-d25832k-sekaci-kladivo-sds-max-1250w-10-5-j-29311\/#primaryimage\"},\"image\":{\"@id\":\"https:\/\/www.koupeltech.com\/index.php\/produkt\/znackovy-dewalt-d25832k-sekaci-kladivo-sds-max-1250w-10-5-j-29311\/#primaryimage\"},\"thumbnailUrl\":\"https:\/\/www.koupeltech.com\/wp-content\/uploads\/2026\/SK0024408-CZ20260425-092328-0-1777080210-1245620-1_135547.webp\",\"datePublished\":\"2026-04-27T14:00:16+00:00\",\"breadcrumb\":{\"@id\":\"https:\/\/www.koupeltech.com\/index.php\/produkt\/znackovy-dewalt-d25832k-sekaci-kladivo-sds-max-1250w-10-5-j-29311\/#breadcrumb\"},\"inLanguage\":\"cs\",\"potentialAction\":[{\"@type\":\"ReadAction\",\"target\":[\"https:\/\/www.koupeltech.com\/index.php\/produkt\/znackovy-dewalt-d25832k-sekaci-kladivo-sds-max-1250w-10-5-j-29311\/\"]}]},{\"@type\":\"ImageObject\",\"inLanguage\":\"cs\",\"@id\":\"https:\/\/www.koupeltech.com\/index.php\/produkt\/znackovy-dewalt-d25832k-sekaci-kladivo-sds-max-1250w-10-5-j-29311\/#primaryimage\",\"url\":\"https:\/\/www.koupeltech.com\/wp-content\/uploads\/2026\/SK0024408-CZ20260425-092328-0-1777080210-1245620-1_135547.webp\",\"contentUrl\":\"https:\/\/www.koupeltech.com\/wp-content\/uploads\/2026\/SK0024408-CZ20260425-092328-0-1777080210-1245620-1_135547.webp\",\"width\":760,\"height\":600},{\"@type\":\"BreadcrumbList\",\"@id\":\"https:\/\/www.koupeltech.com\/index.php\/produkt\/znackovy-dewalt-d25832k-sekaci-kladivo-sds-max-1250w-10-5-j-29311\/#breadcrumb\",\"itemListElement\":[{\"@type\":\"ListItem\",\"position\":1,\"name\":\"Home\",\"item\":\"https:\/\/www.koupeltech.com\/\"},{\"@type\":\"ListItem\",\"position\":2,\"name\":\"Products\",\"item\":\"https:\/\/www.koupeltech.com\/index.php\/products\/\"},{\"@type\":\"ListItem\",\"position\":3,\"name\":\"Zna\u010dkov\u00fd DeWalt D25832K sekac\u00ed kladivo SDS-Max, 1250W, 10,5 J\"}]},{\"@type\":\"WebSite\",\"@id\":\"https:\/\/www.koupeltech.com\/#website\",\"url\":\"https:\/\/www.koupeltech.com\/\",\"name\":\"\",\"description\":\"\",\"potentialAction\":[{\"@type\":\"SearchAction\",\"target\":{\"@type\":\"EntryPoint\",\"urlTemplate\":\"https:\/\/www.koupeltech.com\/?s={search_term_string}\"},\"query-input\":{\"@type\":\"PropertyValueSpecification\",\"valueRequired\":true,\"valueName\":\"search_term_string\"}}],\"inLanguage\":\"cs\"}]}<\/script>\n<!-- \/ Yoast SEO plugin. -->","yoast_head_json":{"title":"Zna\u010dkov\u00fd DeWalt D25832K sekac\u00ed kladivo SDS-Max, 1250W, 10,5 J -","robots":{"index":"index","follow":"follow","max-snippet":"max-snippet:-1","max-image-preview":"max-image-preview:large","max-video-preview":"max-video-preview:-1"},"canonical":"https:\/\/www.koupeltech.com\/index.php\/produkt\/znackovy-dewalt-d25832k-sekaci-kladivo-sds-max-1250w-10-5-j-29311\/","og_locale":"cs_CZ","og_type":"article","og_title":"Zna\u010dkov\u00fd DeWalt D25832K sekac\u00ed kladivo SDS-Max, 1250W, 10,5 J -","og_description":"Sekac\u00ed kladivo 1350 W, \u00fader 10,5 J, SDS-Max, kufrS energi\u00ed r\u00e1zu 10,5 J a regul\u00e1torem po\u010dtu r\u00e1z\u016f pro optim\u00e1ln\u00ed nastaven\u00ed.Nov\u011b vyvinut\u00fd p\u0159\u00edklepov\u00fd mechanismus se zv\u011bt\u0161en\u00fdm v\u00fdkonem vytv\u00e1\u0159ej\u00edc\u00ed energii r\u00e1zu 10,5 JOdd\u011blen\u00e1 a pru\u017en\u011b ulo\u017een\u00ed zadn\u00ed rukoje\u0165 umo\u017e\u0148uj\u00edc\u00ed sn\u00ed\u017eenou \u00farove\u0148 vibrac\u00ed s hodnotou 8,7 m\/s2P\u0159\u00eddavn\u00e1 bo\u010dn\u00ed rukoje\u0165 s ergonomick\u00fdm designem pro pohodlnou a bezpe\u010dnou pr\u00e1ciRegul\u00e1tor ot\u00e1\u010dek [&hellip;]","og_url":"https:\/\/www.koupeltech.com\/index.php\/produkt\/znackovy-dewalt-d25832k-sekaci-kladivo-sds-max-1250w-10-5-j-29311\/","og_image":[{"width":760,"height":600,"url":"https:\/\/www.koupeltech.com\/wp-content\/uploads\/2026\/SK0024408-CZ20260425-092328-0-1777080210-1245620-1_135547.webp","type":"image\/webp"}],"twitter_card":"summary_large_image","twitter_misc":{"Odhadovan\u00e1 doba \u010dten\u00ed":"1 minuta"},"schema":{"@context":"https:\/\/schema.org","@graph":[{"@type":"WebPage","@id":"https:\/\/www.koupeltech.com\/index.php\/produkt\/znackovy-dewalt-d25832k-sekaci-kladivo-sds-max-1250w-10-5-j-29311\/","url":"https:\/\/www.koupeltech.com\/index.php\/produkt\/znackovy-dewalt-d25832k-sekaci-kladivo-sds-max-1250w-10-5-j-29311\/","name":"Zna\u010dkov\u00fd DeWalt D25832K sekac\u00ed kladivo SDS-Max, 1250W, 10,5 J -","isPartOf":{"@id":"https:\/\/www.koupeltech.com\/#website"},"primaryImageOfPage":{"@id":"https:\/\/www.koupeltech.com\/index.php\/produkt\/znackovy-dewalt-d25832k-sekaci-kladivo-sds-max-1250w-10-5-j-29311\/#primaryimage"},"image":{"@id":"https:\/\/www.koupeltech.com\/index.php\/produkt\/znackovy-dewalt-d25832k-sekaci-kladivo-sds-max-1250w-10-5-j-29311\/#primaryimage"},"thumbnailUrl":"https:\/\/www.koupeltech.com\/wp-content\/uploads\/2026\/SK0024408-CZ20260425-092328-0-1777080210-1245620-1_135547.webp","datePublished":"2026-04-27T14:00:16+00:00","breadcrumb":{"@id":"https:\/\/www.koupeltech.com\/index.php\/produkt\/znackovy-dewalt-d25832k-sekaci-kladivo-sds-max-1250w-10-5-j-29311\/#breadcrumb"},"inLanguage":"cs","potentialAction":[{"@type":"ReadAction","target":["https:\/\/www.koupeltech.com\/index.php\/produkt\/znackovy-dewalt-d25832k-sekaci-kladivo-sds-max-1250w-10-5-j-29311\/"]}]},{"@type":"ImageObject","inLanguage":"cs","@id":"https:\/\/www.koupeltech.com\/index.php\/produkt\/znackovy-dewalt-d25832k-sekaci-kladivo-sds-max-1250w-10-5-j-29311\/#primaryimage","url":"https:\/\/www.koupeltech.com\/wp-content\/uploads\/2026\/SK0024408-CZ20260425-092328-0-1777080210-1245620-1_135547.webp","contentUrl":"https:\/\/www.koupeltech.com\/wp-content\/uploads\/2026\/SK0024408-CZ20260425-092328-0-1777080210-1245620-1_135547.webp","width":760,"height":600},{"@type":"BreadcrumbList","@id":"https:\/\/www.koupeltech.com\/index.php\/produkt\/znackovy-dewalt-d25832k-sekaci-kladivo-sds-max-1250w-10-5-j-29311\/#breadcrumb","itemListElement":[{"@type":"ListItem","position":1,"name":"Home","item":"https:\/\/www.koupeltech.com\/"},{"@type":"ListItem","position":2,"name":"Products","item":"https:\/\/www.koupeltech.com\/index.php\/products\/"},{"@type":"ListItem","position":3,"name":"Zna\u010dkov\u00fd DeWalt D25832K sekac\u00ed kladivo SDS-Max, 1250W, 10,5 J"}]},{"@type":"WebSite","@id":"https:\/\/www.koupeltech.com\/#website","url":"https:\/\/www.koupeltech.com\/","name":"","description":"","potentialAction":[{"@type":"SearchAction","target":{"@type":"EntryPoint","urlTemplate":"https:\/\/www.koupeltech.com\/?s={search_term_string}"},"query-input":{"@type":"PropertyValueSpecification","valueRequired":true,"valueName":"search_term_string"}}],"inLanguage":"cs"}]}},"_links":{"self":[{"href":"https:\/\/www.koupeltech.com\/index.php\/wp-json\/wp\/v2\/product\/29311","targetHints":{"allow":["GET"]}}],"collection":[{"href":"https:\/\/www.koupeltech.com\/index.php\/wp-json\/wp\/v2\/product"}],"about":[{"href":"https:\/\/www.koupeltech.com\/index.php\/wp-json\/wp\/v2\/types\/product"}],"replies":[{"embeddable":true,"href":"https:\/\/www.koupeltech.com\/index.php\/wp-json\/wp\/v2\/comments?post=29311"}],"wp:featuredmedia":[{"embeddable":true,"href":"https:\/\/www.koupeltech.com\/index.php\/wp-json\/wp\/v2\/media\/29411"}],"wp:attachment":[{"href":"https:\/\/www.koupeltech.com\/index.php\/wp-json\/wp\/v2\/media?parent=29311"}],"wp:term":[{"taxonomy":"product_brand","embeddable":true,"href":"https:\/\/www.koupeltech.com\/index.php\/wp-json\/wp\/v2\/product_brand?post=29311"},{"taxonomy":"product_cat","embeddable":true,"href":"https:\/\/www.koupeltech.com\/index.php\/wp-json\/wp\/v2\/product_cat?post=29311"},{"taxonomy":"product_tag","embeddable":true,"href":"https:\/\/www.koupeltech.com\/index.php\/wp-json\/wp\/v2\/product_tag?post=29311"}],"curies":[{"name":"wp","href":"https:\/\/api.w.org\/{rel}","templated":true}]}}