{"id":29319,"date":"2026-04-27T14:00:16","date_gmt":"2026-04-27T14:00:16","guid":{"rendered":""},"modified":"2026-04-27T14:00:16","modified_gmt":"2026-04-27T14:00:16","slug":"akcni-cena-dewalt-dwh079d-externi-odsavani-prachu-29319","status":"publish","type":"product","link":"https:\/\/www.koupeltech.com\/index.php\/produkt\/akcni-cena-dewalt-dwh079d-externi-odsavani-prachu-29319\/","title":{"rendered":"Ak\u010dn\u00ed Cena DeWalt DWH079D Extern\u00ed ods\u00e1v\u00e1n\u00ed prachu"},"content":{"rendered":"<table>\n<div class=\"tab-pane active product-description\" id=\"popis\" role=\"tabpanel\">\n<div class=\"short-description\" itemprop=\"description\"><\/div>\n<div class=\"description\">Extern\u00ed ods\u00e1v\u00e1n\u00ed pro D25303DH a D25304DH<span class='bullet-line'>Snadn\u00e9 vypr\u00e1zdn\u011bn\u00ed pln\u011b nabit\u00fdch prachov\u00fdch box\u016f ve 3 kroc\u00edch:<\/span><span class='bullet-line'>P\u0159ipojte ods\u00e1vac\u00ed adapt\u00e9r do M-t\u0159\u00eddy Sauger, nasa\u010fte pln\u00fd prachov\u00fd box a ods\u00e1va\u010d.<\/span><span class='bullet-line'>Pln\u00e9 boxy na prach se pln\u011b vypr\u00e1zdn\u00ed za m\u00e9n\u011b ne\u017e 30 sekund.<\/span><span class='bullet-line'>U\u017eivatel\u00e9 jsou v\u017edy chr\u00e1n\u011bni p\u0159ed ohro\u017euj\u00edc\u00edmi zdrav\u00ed.<\/span><span class='bullet-line'>Upevn\u011bn\u00ed na v\u0161echny ods\u00e1vac\u00ed syst\u00e9my Dewalt pomoc\u00ed konektoru Airlock<\/span><span class='bullet-line'>Kompatibiln\u00ed s D25303DH a D25304DH palubn\u00edmi extraktory SDS AIRLOCK<\/span><span class='bullet-line'>Kompatibiln\u00ed pro rychl\u00e9 a uzamykateln\u00e9 upevn\u011bn\u00ed k vysava\u010di<\/span><span class='bullet-line'>Odstra\u0148uje vzdu\u0161n\u00fd prach p\u0159i vyprazd\u0148ov\u00e1n\u00ed sk\u0159\u00ed\u0148ky na prach<\/span><span class='bullet-line'>Hmotnost 0,69 kg<\/span><\/div>\n<div class=\"parameters\">\n<tr>\n<td>Po\u010det ks v balen\u00ed<\/td>\n<td>1 ks<\/td>\n<\/tr>\n<tr>\n<td>Balen\u00ed<\/td>\n<td>kartonov\u00e1 krabice<\/td>\n<\/tr><\/div>\n<\/table>\n","protected":false},"excerpt":{"rendered":"<p>Extern\u00ed ods\u00e1v\u00e1n\u00ed pro D25303DH a D25304DHSnadn\u00e9 vypr\u00e1zdn\u011bn\u00ed pln\u011b nabit\u00fdch prachov\u00fdch box\u016f ve 3 kroc\u00edch:P\u0159ipojte ods\u00e1vac\u00ed adapt\u00e9r do M-t\u0159\u00eddy Sauger, nasa\u010fte pln\u00fd prachov\u00fd box a ods\u00e1va\u010d.Pln\u00e9 boxy na prach se pln\u011b vypr\u00e1zdn\u00ed za m\u00e9n\u011b ne\u017e 30 sekund.U\u017eivatel\u00e9 jsou v\u017edy chr\u00e1n\u011bni p\u0159ed ohro\u017euj\u00edc\u00edmi zdrav\u00ed.Upevn\u011bn\u00ed na v\u0161echny ods\u00e1vac\u00ed syst\u00e9my Dewalt pomoc\u00ed konektoru AirlockKompatibiln\u00ed s D25303DH a D25304DH palubn\u00edmi [&hellip;]<\/p>\n","protected":false},"featured_media":29419,"comment_status":"open","ping_status":"open","template":"","meta":[],"product_brand":[],"product_cat":[43],"product_tag":[],"class_list":{"0":"post-29319","1":"product","2":"type-product","3":"status-publish","4":"has-post-thumbnail","6":"product_cat-naradi","8":"first","9":"instock","10":"sale","11":"shipping-taxable","12":"purchasable","13":"product-type-simple"},"yoast_head":"<!-- This site is optimized with the Yoast SEO plugin v26.8 - https:\/\/yoast.com\/product\/yoast-seo-wordpress\/ -->\n<title>Ak\u010dn\u00ed Cena DeWalt DWH079D Extern\u00ed ods\u00e1v\u00e1n\u00ed prachu -<\/title>\n<meta name=\"robots\" content=\"index, follow, max-snippet:-1, max-image-preview:large, max-video-preview:-1\" \/>\n<link rel=\"canonical\" href=\"https:\/\/www.koupeltech.com\/index.php\/produkt\/akcni-cena-dewalt-dwh079d-externi-odsavani-prachu-29319\/\" \/>\n<meta property=\"og:locale\" content=\"cs_CZ\" \/>\n<meta property=\"og:type\" content=\"article\" \/>\n<meta property=\"og:title\" content=\"Ak\u010dn\u00ed Cena DeWalt DWH079D Extern\u00ed ods\u00e1v\u00e1n\u00ed prachu -\" \/>\n<meta property=\"og:description\" content=\"Extern\u00ed ods\u00e1v\u00e1n\u00ed pro D25303DH a D25304DHSnadn\u00e9 vypr\u00e1zdn\u011bn\u00ed pln\u011b nabit\u00fdch prachov\u00fdch box\u016f ve 3 kroc\u00edch:P\u0159ipojte ods\u00e1vac\u00ed adapt\u00e9r do M-t\u0159\u00eddy Sauger, nasa\u010fte pln\u00fd prachov\u00fd box a ods\u00e1va\u010d.Pln\u00e9 boxy na prach se pln\u011b vypr\u00e1zdn\u00ed za m\u00e9n\u011b ne\u017e 30 sekund.U\u017eivatel\u00e9 jsou v\u017edy chr\u00e1n\u011bni p\u0159ed ohro\u017euj\u00edc\u00edmi zdrav\u00ed.Upevn\u011bn\u00ed na v\u0161echny ods\u00e1vac\u00ed syst\u00e9my Dewalt pomoc\u00ed konektoru AirlockKompatibiln\u00ed s D25303DH a D25304DH palubn\u00edmi [&hellip;]\" \/>\n<meta property=\"og:url\" content=\"https:\/\/www.koupeltech.com\/index.php\/produkt\/akcni-cena-dewalt-dwh079d-externi-odsavani-prachu-29319\/\" \/>\n<meta property=\"og:image\" content=\"https:\/\/www.koupeltech.com\/wp-content\/uploads\/2026\/SK0024417-CZ20260425-092328-0-1777080210-1245629-1_131548.webp\" \/>\n\t<meta property=\"og:image:width\" content=\"800\" \/>\n\t<meta property=\"og:image:height\" content=\"800\" \/>\n\t<meta property=\"og:image:type\" content=\"image\/webp\" \/>\n<meta name=\"twitter:card\" content=\"summary_large_image\" \/>\n<meta name=\"twitter:label1\" content=\"Odhadovan\u00e1 doba \u010dten\u00ed\" \/>\n\t<meta name=\"twitter:data1\" content=\"1 minuta\" \/>\n<script type=\"application\/ld+json\" class=\"yoast-schema-graph\">{\"@context\":\"https:\/\/schema.org\",\"@graph\":[{\"@type\":\"WebPage\",\"@id\":\"https:\/\/www.koupeltech.com\/index.php\/produkt\/akcni-cena-dewalt-dwh079d-externi-odsavani-prachu-29319\/\",\"url\":\"https:\/\/www.koupeltech.com\/index.php\/produkt\/akcni-cena-dewalt-dwh079d-externi-odsavani-prachu-29319\/\",\"name\":\"Ak\u010dn\u00ed Cena DeWalt DWH079D Extern\u00ed ods\u00e1v\u00e1n\u00ed prachu -\",\"isPartOf\":{\"@id\":\"https:\/\/www.koupeltech.com\/#website\"},\"primaryImageOfPage\":{\"@id\":\"https:\/\/www.koupeltech.com\/index.php\/produkt\/akcni-cena-dewalt-dwh079d-externi-odsavani-prachu-29319\/#primaryimage\"},\"image\":{\"@id\":\"https:\/\/www.koupeltech.com\/index.php\/produkt\/akcni-cena-dewalt-dwh079d-externi-odsavani-prachu-29319\/#primaryimage\"},\"thumbnailUrl\":\"https:\/\/www.koupeltech.com\/wp-content\/uploads\/2026\/SK0024417-CZ20260425-092328-0-1777080210-1245629-1_131548.webp\",\"datePublished\":\"2026-04-27T14:00:16+00:00\",\"breadcrumb\":{\"@id\":\"https:\/\/www.koupeltech.com\/index.php\/produkt\/akcni-cena-dewalt-dwh079d-externi-odsavani-prachu-29319\/#breadcrumb\"},\"inLanguage\":\"cs\",\"potentialAction\":[{\"@type\":\"ReadAction\",\"target\":[\"https:\/\/www.koupeltech.com\/index.php\/produkt\/akcni-cena-dewalt-dwh079d-externi-odsavani-prachu-29319\/\"]}]},{\"@type\":\"ImageObject\",\"inLanguage\":\"cs\",\"@id\":\"https:\/\/www.koupeltech.com\/index.php\/produkt\/akcni-cena-dewalt-dwh079d-externi-odsavani-prachu-29319\/#primaryimage\",\"url\":\"https:\/\/www.koupeltech.com\/wp-content\/uploads\/2026\/SK0024417-CZ20260425-092328-0-1777080210-1245629-1_131548.webp\",\"contentUrl\":\"https:\/\/www.koupeltech.com\/wp-content\/uploads\/2026\/SK0024417-CZ20260425-092328-0-1777080210-1245629-1_131548.webp\",\"width\":800,\"height\":800},{\"@type\":\"BreadcrumbList\",\"@id\":\"https:\/\/www.koupeltech.com\/index.php\/produkt\/akcni-cena-dewalt-dwh079d-externi-odsavani-prachu-29319\/#breadcrumb\",\"itemListElement\":[{\"@type\":\"ListItem\",\"position\":1,\"name\":\"Home\",\"item\":\"https:\/\/www.koupeltech.com\/\"},{\"@type\":\"ListItem\",\"position\":2,\"name\":\"Products\",\"item\":\"https:\/\/www.koupeltech.com\/index.php\/products\/\"},{\"@type\":\"ListItem\",\"position\":3,\"name\":\"Ak\u010dn\u00ed Cena DeWalt DWH079D Extern\u00ed ods\u00e1v\u00e1n\u00ed prachu\"}]},{\"@type\":\"WebSite\",\"@id\":\"https:\/\/www.koupeltech.com\/#website\",\"url\":\"https:\/\/www.koupeltech.com\/\",\"name\":\"\",\"description\":\"\",\"potentialAction\":[{\"@type\":\"SearchAction\",\"target\":{\"@type\":\"EntryPoint\",\"urlTemplate\":\"https:\/\/www.koupeltech.com\/?s={search_term_string}\"},\"query-input\":{\"@type\":\"PropertyValueSpecification\",\"valueRequired\":true,\"valueName\":\"search_term_string\"}}],\"inLanguage\":\"cs\"}]}<\/script>\n<!-- \/ Yoast SEO plugin. -->","yoast_head_json":{"title":"Ak\u010dn\u00ed Cena DeWalt DWH079D Extern\u00ed ods\u00e1v\u00e1n\u00ed prachu -","robots":{"index":"index","follow":"follow","max-snippet":"max-snippet:-1","max-image-preview":"max-image-preview:large","max-video-preview":"max-video-preview:-1"},"canonical":"https:\/\/www.koupeltech.com\/index.php\/produkt\/akcni-cena-dewalt-dwh079d-externi-odsavani-prachu-29319\/","og_locale":"cs_CZ","og_type":"article","og_title":"Ak\u010dn\u00ed Cena DeWalt DWH079D Extern\u00ed ods\u00e1v\u00e1n\u00ed prachu -","og_description":"Extern\u00ed ods\u00e1v\u00e1n\u00ed pro D25303DH a D25304DHSnadn\u00e9 vypr\u00e1zdn\u011bn\u00ed pln\u011b nabit\u00fdch prachov\u00fdch box\u016f ve 3 kroc\u00edch:P\u0159ipojte ods\u00e1vac\u00ed adapt\u00e9r do M-t\u0159\u00eddy Sauger, nasa\u010fte pln\u00fd prachov\u00fd box a ods\u00e1va\u010d.Pln\u00e9 boxy na prach se pln\u011b vypr\u00e1zdn\u00ed za m\u00e9n\u011b ne\u017e 30 sekund.U\u017eivatel\u00e9 jsou v\u017edy chr\u00e1n\u011bni p\u0159ed ohro\u017euj\u00edc\u00edmi zdrav\u00ed.Upevn\u011bn\u00ed na v\u0161echny ods\u00e1vac\u00ed syst\u00e9my Dewalt pomoc\u00ed konektoru AirlockKompatibiln\u00ed s D25303DH a D25304DH palubn\u00edmi [&hellip;]","og_url":"https:\/\/www.koupeltech.com\/index.php\/produkt\/akcni-cena-dewalt-dwh079d-externi-odsavani-prachu-29319\/","og_image":[{"width":800,"height":800,"url":"https:\/\/www.koupeltech.com\/wp-content\/uploads\/2026\/SK0024417-CZ20260425-092328-0-1777080210-1245629-1_131548.webp","type":"image\/webp"}],"twitter_card":"summary_large_image","twitter_misc":{"Odhadovan\u00e1 doba \u010dten\u00ed":"1 minuta"},"schema":{"@context":"https:\/\/schema.org","@graph":[{"@type":"WebPage","@id":"https:\/\/www.koupeltech.com\/index.php\/produkt\/akcni-cena-dewalt-dwh079d-externi-odsavani-prachu-29319\/","url":"https:\/\/www.koupeltech.com\/index.php\/produkt\/akcni-cena-dewalt-dwh079d-externi-odsavani-prachu-29319\/","name":"Ak\u010dn\u00ed Cena DeWalt DWH079D Extern\u00ed ods\u00e1v\u00e1n\u00ed prachu -","isPartOf":{"@id":"https:\/\/www.koupeltech.com\/#website"},"primaryImageOfPage":{"@id":"https:\/\/www.koupeltech.com\/index.php\/produkt\/akcni-cena-dewalt-dwh079d-externi-odsavani-prachu-29319\/#primaryimage"},"image":{"@id":"https:\/\/www.koupeltech.com\/index.php\/produkt\/akcni-cena-dewalt-dwh079d-externi-odsavani-prachu-29319\/#primaryimage"},"thumbnailUrl":"https:\/\/www.koupeltech.com\/wp-content\/uploads\/2026\/SK0024417-CZ20260425-092328-0-1777080210-1245629-1_131548.webp","datePublished":"2026-04-27T14:00:16+00:00","breadcrumb":{"@id":"https:\/\/www.koupeltech.com\/index.php\/produkt\/akcni-cena-dewalt-dwh079d-externi-odsavani-prachu-29319\/#breadcrumb"},"inLanguage":"cs","potentialAction":[{"@type":"ReadAction","target":["https:\/\/www.koupeltech.com\/index.php\/produkt\/akcni-cena-dewalt-dwh079d-externi-odsavani-prachu-29319\/"]}]},{"@type":"ImageObject","inLanguage":"cs","@id":"https:\/\/www.koupeltech.com\/index.php\/produkt\/akcni-cena-dewalt-dwh079d-externi-odsavani-prachu-29319\/#primaryimage","url":"https:\/\/www.koupeltech.com\/wp-content\/uploads\/2026\/SK0024417-CZ20260425-092328-0-1777080210-1245629-1_131548.webp","contentUrl":"https:\/\/www.koupeltech.com\/wp-content\/uploads\/2026\/SK0024417-CZ20260425-092328-0-1777080210-1245629-1_131548.webp","width":800,"height":800},{"@type":"BreadcrumbList","@id":"https:\/\/www.koupeltech.com\/index.php\/produkt\/akcni-cena-dewalt-dwh079d-externi-odsavani-prachu-29319\/#breadcrumb","itemListElement":[{"@type":"ListItem","position":1,"name":"Home","item":"https:\/\/www.koupeltech.com\/"},{"@type":"ListItem","position":2,"name":"Products","item":"https:\/\/www.koupeltech.com\/index.php\/products\/"},{"@type":"ListItem","position":3,"name":"Ak\u010dn\u00ed Cena DeWalt DWH079D Extern\u00ed ods\u00e1v\u00e1n\u00ed prachu"}]},{"@type":"WebSite","@id":"https:\/\/www.koupeltech.com\/#website","url":"https:\/\/www.koupeltech.com\/","name":"","description":"","potentialAction":[{"@type":"SearchAction","target":{"@type":"EntryPoint","urlTemplate":"https:\/\/www.koupeltech.com\/?s={search_term_string}"},"query-input":{"@type":"PropertyValueSpecification","valueRequired":true,"valueName":"search_term_string"}}],"inLanguage":"cs"}]}},"_links":{"self":[{"href":"https:\/\/www.koupeltech.com\/index.php\/wp-json\/wp\/v2\/product\/29319","targetHints":{"allow":["GET"]}}],"collection":[{"href":"https:\/\/www.koupeltech.com\/index.php\/wp-json\/wp\/v2\/product"}],"about":[{"href":"https:\/\/www.koupeltech.com\/index.php\/wp-json\/wp\/v2\/types\/product"}],"replies":[{"embeddable":true,"href":"https:\/\/www.koupeltech.com\/index.php\/wp-json\/wp\/v2\/comments?post=29319"}],"wp:featuredmedia":[{"embeddable":true,"href":"https:\/\/www.koupeltech.com\/index.php\/wp-json\/wp\/v2\/media\/29419"}],"wp:attachment":[{"href":"https:\/\/www.koupeltech.com\/index.php\/wp-json\/wp\/v2\/media?parent=29319"}],"wp:term":[{"taxonomy":"product_brand","embeddable":true,"href":"https:\/\/www.koupeltech.com\/index.php\/wp-json\/wp\/v2\/product_brand?post=29319"},{"taxonomy":"product_cat","embeddable":true,"href":"https:\/\/www.koupeltech.com\/index.php\/wp-json\/wp\/v2\/product_cat?post=29319"},{"taxonomy":"product_tag","embeddable":true,"href":"https:\/\/www.koupeltech.com\/index.php\/wp-json\/wp\/v2\/product_tag?post=29319"}],"curies":[{"name":"wp","href":"https:\/\/api.w.org\/{rel}","templated":true}]}}