{"id":29346,"date":"2026-04-27T14:00:16","date_gmt":"2026-04-27T14:00:16","guid":{"rendered":""},"modified":"2026-04-27T14:00:16","modified_gmt":"2026-04-27T14:00:16","slug":"znackovy-dewalt-dws5026-dve-rychlospojky-na-vodici-listu-pro-ponornou-pilu-dws520-29346","status":"publish","type":"product","link":"https:\/\/www.koupeltech.com\/index.php\/produkt\/znackovy-dewalt-dws5026-dve-rychlospojky-na-vodici-listu-pro-ponornou-pilu-dws520-29346\/","title":{"rendered":"Zna\u010dkov\u00fd DeWalt DWS5026 Dv\u011b rychlospojky na vod\u00edc\u00ed li\u0161tu pro ponornou pilu DWS520"},"content":{"rendered":"<table>\n<div class=\"tab-pane active product-description\" id=\"popis\" role=\"tabpanel\">\n<div class=\"short-description\" itemprop=\"description\"><\/div>\n<div class=\"description\"><span class='bullet-line'>Svorky pro pou\u017eit\u00ed s vodic\u00edmi li\u0161tami DEWALT<\/span><span class='bullet-line'>Pro DWS5021 \/ DWS5022 \/ DWS5023<\/span><\/div>\n<\/table>\n","protected":false},"excerpt":{"rendered":"<p>Svorky pro pou\u017eit\u00ed s vodic\u00edmi li\u0161tami DEWALTPro DWS5021 \/ DWS5022 \/ DWS5023<\/p>\n","protected":false},"featured_media":29446,"comment_status":"open","ping_status":"open","template":"","meta":[],"product_brand":[],"product_cat":[43],"product_tag":[],"class_list":{"0":"post-29346","1":"product","2":"type-product","3":"status-publish","4":"has-post-thumbnail","6":"product_cat-naradi","8":"first","9":"instock","10":"sale","11":"shipping-taxable","12":"purchasable","13":"product-type-simple"},"yoast_head":"<!-- This site is optimized with the Yoast SEO plugin v26.8 - https:\/\/yoast.com\/product\/yoast-seo-wordpress\/ -->\n<title>Zna\u010dkov\u00fd DeWalt DWS5026 Dv\u011b rychlospojky na vod\u00edc\u00ed li\u0161tu pro ponornou pilu DWS520 -<\/title>\n<meta name=\"robots\" content=\"index, follow, max-snippet:-1, max-image-preview:large, max-video-preview:-1\" \/>\n<link rel=\"canonical\" href=\"https:\/\/www.koupeltech.com\/index.php\/produkt\/znackovy-dewalt-dws5026-dve-rychlospojky-na-vodici-listu-pro-ponornou-pilu-dws520-29346\/\" \/>\n<meta property=\"og:locale\" content=\"cs_CZ\" \/>\n<meta property=\"og:type\" content=\"article\" \/>\n<meta property=\"og:title\" content=\"Zna\u010dkov\u00fd DeWalt DWS5026 Dv\u011b rychlospojky na vod\u00edc\u00ed li\u0161tu pro ponornou pilu DWS520 -\" \/>\n<meta property=\"og:description\" content=\"Svorky pro pou\u017eit\u00ed s vodic\u00edmi li\u0161tami DEWALTPro DWS5021 \/ DWS5022 \/ DWS5023\" \/>\n<meta property=\"og:url\" content=\"https:\/\/www.koupeltech.com\/index.php\/produkt\/znackovy-dewalt-dws5026-dve-rychlospojky-na-vodici-listu-pro-ponornou-pilu-dws520-29346\/\" \/>\n<meta property=\"og:image\" content=\"https:\/\/www.koupeltech.com\/wp-content\/uploads\/2026\/SK0024445-CZ20260425-092328-0-1777080210-1245662-1_132350.webp\" \/>\n\t<meta property=\"og:image:width\" content=\"600\" \/>\n\t<meta property=\"og:image:height\" content=\"600\" \/>\n\t<meta property=\"og:image:type\" content=\"image\/webp\" \/>\n<meta name=\"twitter:card\" content=\"summary_large_image\" \/>\n<script type=\"application\/ld+json\" class=\"yoast-schema-graph\">{\"@context\":\"https:\/\/schema.org\",\"@graph\":[{\"@type\":\"WebPage\",\"@id\":\"https:\/\/www.koupeltech.com\/index.php\/produkt\/znackovy-dewalt-dws5026-dve-rychlospojky-na-vodici-listu-pro-ponornou-pilu-dws520-29346\/\",\"url\":\"https:\/\/www.koupeltech.com\/index.php\/produkt\/znackovy-dewalt-dws5026-dve-rychlospojky-na-vodici-listu-pro-ponornou-pilu-dws520-29346\/\",\"name\":\"Zna\u010dkov\u00fd DeWalt DWS5026 Dv\u011b rychlospojky na vod\u00edc\u00ed li\u0161tu pro ponornou pilu DWS520 -\",\"isPartOf\":{\"@id\":\"https:\/\/www.koupeltech.com\/#website\"},\"primaryImageOfPage\":{\"@id\":\"https:\/\/www.koupeltech.com\/index.php\/produkt\/znackovy-dewalt-dws5026-dve-rychlospojky-na-vodici-listu-pro-ponornou-pilu-dws520-29346\/#primaryimage\"},\"image\":{\"@id\":\"https:\/\/www.koupeltech.com\/index.php\/produkt\/znackovy-dewalt-dws5026-dve-rychlospojky-na-vodici-listu-pro-ponornou-pilu-dws520-29346\/#primaryimage\"},\"thumbnailUrl\":\"https:\/\/www.koupeltech.com\/wp-content\/uploads\/2026\/SK0024445-CZ20260425-092328-0-1777080210-1245662-1_132350.webp\",\"datePublished\":\"2026-04-27T14:00:16+00:00\",\"breadcrumb\":{\"@id\":\"https:\/\/www.koupeltech.com\/index.php\/produkt\/znackovy-dewalt-dws5026-dve-rychlospojky-na-vodici-listu-pro-ponornou-pilu-dws520-29346\/#breadcrumb\"},\"inLanguage\":\"cs\",\"potentialAction\":[{\"@type\":\"ReadAction\",\"target\":[\"https:\/\/www.koupeltech.com\/index.php\/produkt\/znackovy-dewalt-dws5026-dve-rychlospojky-na-vodici-listu-pro-ponornou-pilu-dws520-29346\/\"]}]},{\"@type\":\"ImageObject\",\"inLanguage\":\"cs\",\"@id\":\"https:\/\/www.koupeltech.com\/index.php\/produkt\/znackovy-dewalt-dws5026-dve-rychlospojky-na-vodici-listu-pro-ponornou-pilu-dws520-29346\/#primaryimage\",\"url\":\"https:\/\/www.koupeltech.com\/wp-content\/uploads\/2026\/SK0024445-CZ20260425-092328-0-1777080210-1245662-1_132350.webp\",\"contentUrl\":\"https:\/\/www.koupeltech.com\/wp-content\/uploads\/2026\/SK0024445-CZ20260425-092328-0-1777080210-1245662-1_132350.webp\",\"width\":600,\"height\":600},{\"@type\":\"BreadcrumbList\",\"@id\":\"https:\/\/www.koupeltech.com\/index.php\/produkt\/znackovy-dewalt-dws5026-dve-rychlospojky-na-vodici-listu-pro-ponornou-pilu-dws520-29346\/#breadcrumb\",\"itemListElement\":[{\"@type\":\"ListItem\",\"position\":1,\"name\":\"Home\",\"item\":\"https:\/\/www.koupeltech.com\/\"},{\"@type\":\"ListItem\",\"position\":2,\"name\":\"Products\",\"item\":\"https:\/\/www.koupeltech.com\/index.php\/products\/\"},{\"@type\":\"ListItem\",\"position\":3,\"name\":\"Zna\u010dkov\u00fd DeWalt DWS5026 Dv\u011b rychlospojky na vod\u00edc\u00ed li\u0161tu pro ponornou pilu DWS520\"}]},{\"@type\":\"WebSite\",\"@id\":\"https:\/\/www.koupeltech.com\/#website\",\"url\":\"https:\/\/www.koupeltech.com\/\",\"name\":\"\",\"description\":\"\",\"potentialAction\":[{\"@type\":\"SearchAction\",\"target\":{\"@type\":\"EntryPoint\",\"urlTemplate\":\"https:\/\/www.koupeltech.com\/?s={search_term_string}\"},\"query-input\":{\"@type\":\"PropertyValueSpecification\",\"valueRequired\":true,\"valueName\":\"search_term_string\"}}],\"inLanguage\":\"cs\"}]}<\/script>\n<!-- \/ Yoast SEO plugin. -->","yoast_head_json":{"title":"Zna\u010dkov\u00fd DeWalt DWS5026 Dv\u011b rychlospojky na vod\u00edc\u00ed li\u0161tu pro ponornou pilu DWS520 -","robots":{"index":"index","follow":"follow","max-snippet":"max-snippet:-1","max-image-preview":"max-image-preview:large","max-video-preview":"max-video-preview:-1"},"canonical":"https:\/\/www.koupeltech.com\/index.php\/produkt\/znackovy-dewalt-dws5026-dve-rychlospojky-na-vodici-listu-pro-ponornou-pilu-dws520-29346\/","og_locale":"cs_CZ","og_type":"article","og_title":"Zna\u010dkov\u00fd DeWalt DWS5026 Dv\u011b rychlospojky na vod\u00edc\u00ed li\u0161tu pro ponornou pilu DWS520 -","og_description":"Svorky pro pou\u017eit\u00ed s vodic\u00edmi li\u0161tami DEWALTPro DWS5021 \/ DWS5022 \/ DWS5023","og_url":"https:\/\/www.koupeltech.com\/index.php\/produkt\/znackovy-dewalt-dws5026-dve-rychlospojky-na-vodici-listu-pro-ponornou-pilu-dws520-29346\/","og_image":[{"width":600,"height":600,"url":"https:\/\/www.koupeltech.com\/wp-content\/uploads\/2026\/SK0024445-CZ20260425-092328-0-1777080210-1245662-1_132350.webp","type":"image\/webp"}],"twitter_card":"summary_large_image","schema":{"@context":"https:\/\/schema.org","@graph":[{"@type":"WebPage","@id":"https:\/\/www.koupeltech.com\/index.php\/produkt\/znackovy-dewalt-dws5026-dve-rychlospojky-na-vodici-listu-pro-ponornou-pilu-dws520-29346\/","url":"https:\/\/www.koupeltech.com\/index.php\/produkt\/znackovy-dewalt-dws5026-dve-rychlospojky-na-vodici-listu-pro-ponornou-pilu-dws520-29346\/","name":"Zna\u010dkov\u00fd DeWalt DWS5026 Dv\u011b rychlospojky na vod\u00edc\u00ed li\u0161tu pro ponornou pilu DWS520 -","isPartOf":{"@id":"https:\/\/www.koupeltech.com\/#website"},"primaryImageOfPage":{"@id":"https:\/\/www.koupeltech.com\/index.php\/produkt\/znackovy-dewalt-dws5026-dve-rychlospojky-na-vodici-listu-pro-ponornou-pilu-dws520-29346\/#primaryimage"},"image":{"@id":"https:\/\/www.koupeltech.com\/index.php\/produkt\/znackovy-dewalt-dws5026-dve-rychlospojky-na-vodici-listu-pro-ponornou-pilu-dws520-29346\/#primaryimage"},"thumbnailUrl":"https:\/\/www.koupeltech.com\/wp-content\/uploads\/2026\/SK0024445-CZ20260425-092328-0-1777080210-1245662-1_132350.webp","datePublished":"2026-04-27T14:00:16+00:00","breadcrumb":{"@id":"https:\/\/www.koupeltech.com\/index.php\/produkt\/znackovy-dewalt-dws5026-dve-rychlospojky-na-vodici-listu-pro-ponornou-pilu-dws520-29346\/#breadcrumb"},"inLanguage":"cs","potentialAction":[{"@type":"ReadAction","target":["https:\/\/www.koupeltech.com\/index.php\/produkt\/znackovy-dewalt-dws5026-dve-rychlospojky-na-vodici-listu-pro-ponornou-pilu-dws520-29346\/"]}]},{"@type":"ImageObject","inLanguage":"cs","@id":"https:\/\/www.koupeltech.com\/index.php\/produkt\/znackovy-dewalt-dws5026-dve-rychlospojky-na-vodici-listu-pro-ponornou-pilu-dws520-29346\/#primaryimage","url":"https:\/\/www.koupeltech.com\/wp-content\/uploads\/2026\/SK0024445-CZ20260425-092328-0-1777080210-1245662-1_132350.webp","contentUrl":"https:\/\/www.koupeltech.com\/wp-content\/uploads\/2026\/SK0024445-CZ20260425-092328-0-1777080210-1245662-1_132350.webp","width":600,"height":600},{"@type":"BreadcrumbList","@id":"https:\/\/www.koupeltech.com\/index.php\/produkt\/znackovy-dewalt-dws5026-dve-rychlospojky-na-vodici-listu-pro-ponornou-pilu-dws520-29346\/#breadcrumb","itemListElement":[{"@type":"ListItem","position":1,"name":"Home","item":"https:\/\/www.koupeltech.com\/"},{"@type":"ListItem","position":2,"name":"Products","item":"https:\/\/www.koupeltech.com\/index.php\/products\/"},{"@type":"ListItem","position":3,"name":"Zna\u010dkov\u00fd DeWalt DWS5026 Dv\u011b rychlospojky na vod\u00edc\u00ed li\u0161tu pro ponornou pilu DWS520"}]},{"@type":"WebSite","@id":"https:\/\/www.koupeltech.com\/#website","url":"https:\/\/www.koupeltech.com\/","name":"","description":"","potentialAction":[{"@type":"SearchAction","target":{"@type":"EntryPoint","urlTemplate":"https:\/\/www.koupeltech.com\/?s={search_term_string}"},"query-input":{"@type":"PropertyValueSpecification","valueRequired":true,"valueName":"search_term_string"}}],"inLanguage":"cs"}]}},"_links":{"self":[{"href":"https:\/\/www.koupeltech.com\/index.php\/wp-json\/wp\/v2\/product\/29346","targetHints":{"allow":["GET"]}}],"collection":[{"href":"https:\/\/www.koupeltech.com\/index.php\/wp-json\/wp\/v2\/product"}],"about":[{"href":"https:\/\/www.koupeltech.com\/index.php\/wp-json\/wp\/v2\/types\/product"}],"replies":[{"embeddable":true,"href":"https:\/\/www.koupeltech.com\/index.php\/wp-json\/wp\/v2\/comments?post=29346"}],"wp:featuredmedia":[{"embeddable":true,"href":"https:\/\/www.koupeltech.com\/index.php\/wp-json\/wp\/v2\/media\/29446"}],"wp:attachment":[{"href":"https:\/\/www.koupeltech.com\/index.php\/wp-json\/wp\/v2\/media?parent=29346"}],"wp:term":[{"taxonomy":"product_brand","embeddable":true,"href":"https:\/\/www.koupeltech.com\/index.php\/wp-json\/wp\/v2\/product_brand?post=29346"},{"taxonomy":"product_cat","embeddable":true,"href":"https:\/\/www.koupeltech.com\/index.php\/wp-json\/wp\/v2\/product_cat?post=29346"},{"taxonomy":"product_tag","embeddable":true,"href":"https:\/\/www.koupeltech.com\/index.php\/wp-json\/wp\/v2\/product_tag?post=29346"}],"curies":[{"name":"wp","href":"https:\/\/api.w.org\/{rel}","templated":true}]}}