{"id":29503,"date":"2026-04-27T14:00:18","date_gmt":"2026-04-27T14:00:18","guid":{"rendered":""},"modified":"2026-04-27T14:00:18","modified_gmt":"2026-04-27T14:00:18","slug":"akcni-cena-dewalt-de0892g-detektor-pro-zelene-carove-lasery-29503","status":"publish","type":"product","link":"https:\/\/www.koupeltech.com\/index.php\/produkt\/akcni-cena-dewalt-de0892g-detektor-pro-zelene-carove-lasery-29503\/","title":{"rendered":"Ak\u010dn\u00ed Cena DeWalt DE0892G Detektor pro ZELEN\u00c9 \u010d\u00e1rov\u00e9 lasery"},"content":{"rendered":"<table>\n<div class=\"tab-pane active product-description\" id=\"popis\" role=\"tabpanel\">\n<div class=\"short-description\" itemprop=\"description\"><\/div>\n<div class=\"description\">\n<p>P\u0159ij\u00edma\u010d zelen\u00e9ho paprsku pro \u010d\u00e1rov\u00e9 lasery DeWALT, max. dosah 50 m<span class=\"bullet-line\">Kompatibilita s lasery se zelen\u00fdm paprskem<\/span><br \/><span class=\"bullet-line\">Velmi jednoduch\u00e9 pou\u017eit\u00ed.<\/span><br \/><span class=\"bullet-line\">Pracovn\u00ed dosah a\u017e 60 m.<\/span><br \/><span class=\"bullet-line\">Voliteln\u00e9 nastaven\u00ed omezen\u00e9 nebo roz\u0161\u00ed\u0159en\u00e9 p\u0159esnosti.<\/span><br \/><span class=\"bullet-line\">Odoln\u00e1 p\u0159\u00edchytka pro mont\u00e1\u017e na vym\u011b\u0159ovac\u00ed ty\u010d.<\/span><br \/><span class=\"bullet-line\">Podsv\u00edcen\u00fd LCD displej.<\/span><br \/><span class=\"bullet-line\">Magnety umo\u017e\u0148uj\u00edc\u00ed p\u0159ipevn\u011bn\u00ed detektoru na kovov\u00e9 povrchy.<\/span><br \/><span class=\"bullet-line\">Automatick\u00e9 vyp\u00edn\u00e1n\u00ed vyp\u00edn\u00e1 detektor, nen\u00ed-li pou\u017e\u00edv\u00e1n d\u00e9le ne\u017e 5 minut.<\/span><\/p>\n<p>\u25ba Sou\u010d\u00e1st\u00ed dod\u00e1vky je:<span class=\"bullet-line\">Detektor DE0892<\/span><br \/><span class=\"bullet-line\">Baterie 9 V<\/span><br \/><span class=\"bullet-line\">p\u0159\u00edchytka detektoru pro n\u00e1ro\u010dn\u00e9 pou\u017eit\u00ed<\/span><\/p>\n<\/div>\n<div class=\"parameters\">\n<tr>\n<td>Pracovn\u00ed dosah<\/td>\n<td>50 m<\/td>\n<\/tr>\n<tr>\n<td>Bluetooth<\/td>\n<td>ne<\/td>\n<\/tr><\/div>\n<\/table>\n","protected":false},"excerpt":{"rendered":"<p>P\u0159ij\u00edma\u010d zelen\u00e9ho paprsku pro \u010d\u00e1rov\u00e9 lasery DeWALT, max. dosah 50 mKompatibilita s lasery se zelen\u00fdm paprskemVelmi jednoduch\u00e9 pou\u017eit\u00ed.Pracovn\u00ed dosah a\u017e 60 m.Voliteln\u00e9 nastaven\u00ed omezen\u00e9 nebo roz\u0161\u00ed\u0159en\u00e9 p\u0159esnosti.Odoln\u00e1 p\u0159\u00edchytka pro mont\u00e1\u017e na vym\u011b\u0159ovac\u00ed ty\u010d.Podsv\u00edcen\u00fd LCD displej.Magnety umo\u017e\u0148uj\u00edc\u00ed p\u0159ipevn\u011bn\u00ed detektoru na kovov\u00e9 povrchy.Automatick\u00e9 vyp\u00edn\u00e1n\u00ed vyp\u00edn\u00e1 detektor, nen\u00ed-li pou\u017e\u00edv\u00e1n d\u00e9le ne\u017e 5 minut. \u25ba Sou\u010d\u00e1st\u00ed dod\u00e1vky je:Detektor DE0892Baterie [&hellip;]<\/p>\n","protected":false},"featured_media":29603,"comment_status":"open","ping_status":"open","template":"","meta":[],"product_brand":[],"product_cat":[43],"product_tag":[],"class_list":{"0":"post-29503","1":"product","2":"type-product","3":"status-publish","4":"has-post-thumbnail","6":"product_cat-naradi","8":"first","9":"instock","10":"sale","11":"shipping-taxable","12":"purchasable","13":"product-type-simple"},"yoast_head":"<!-- This site is optimized with the Yoast SEO plugin v26.8 - https:\/\/yoast.com\/product\/yoast-seo-wordpress\/ -->\n<title>Ak\u010dn\u00ed Cena DeWalt DE0892G Detektor pro ZELEN\u00c9 \u010d\u00e1rov\u00e9 lasery -<\/title>\n<meta name=\"robots\" content=\"index, follow, max-snippet:-1, max-image-preview:large, max-video-preview:-1\" \/>\n<link rel=\"canonical\" href=\"https:\/\/www.koupeltech.com\/index.php\/produkt\/akcni-cena-dewalt-de0892g-detektor-pro-zelene-carove-lasery-29503\/\" \/>\n<meta property=\"og:locale\" content=\"cs_CZ\" \/>\n<meta property=\"og:type\" content=\"article\" \/>\n<meta property=\"og:title\" content=\"Ak\u010dn\u00ed Cena DeWalt DE0892G Detektor pro ZELEN\u00c9 \u010d\u00e1rov\u00e9 lasery -\" \/>\n<meta property=\"og:description\" content=\"P\u0159ij\u00edma\u010d zelen\u00e9ho paprsku pro \u010d\u00e1rov\u00e9 lasery DeWALT, max. dosah 50 mKompatibilita s lasery se zelen\u00fdm paprskemVelmi jednoduch\u00e9 pou\u017eit\u00ed.Pracovn\u00ed dosah a\u017e 60 m.Voliteln\u00e9 nastaven\u00ed omezen\u00e9 nebo roz\u0161\u00ed\u0159en\u00e9 p\u0159esnosti.Odoln\u00e1 p\u0159\u00edchytka pro mont\u00e1\u017e na vym\u011b\u0159ovac\u00ed ty\u010d.Podsv\u00edcen\u00fd LCD displej.Magnety umo\u017e\u0148uj\u00edc\u00ed p\u0159ipevn\u011bn\u00ed detektoru na kovov\u00e9 povrchy.Automatick\u00e9 vyp\u00edn\u00e1n\u00ed vyp\u00edn\u00e1 detektor, nen\u00ed-li pou\u017e\u00edv\u00e1n d\u00e9le ne\u017e 5 minut. \u25ba Sou\u010d\u00e1st\u00ed dod\u00e1vky je:Detektor DE0892Baterie [&hellip;]\" \/>\n<meta property=\"og:url\" content=\"https:\/\/www.koupeltech.com\/index.php\/produkt\/akcni-cena-dewalt-de0892g-detektor-pro-zelene-carove-lasery-29503\/\" \/>\n<meta property=\"og:image\" content=\"https:\/\/www.koupeltech.com\/wp-content\/uploads\/2026\/SK0024503-CZ20260425-092328-0-1777080210-1245754-1_132052.webp\" \/>\n\t<meta property=\"og:image:width\" content=\"800\" \/>\n\t<meta property=\"og:image:height\" content=\"800\" \/>\n\t<meta property=\"og:image:type\" content=\"image\/webp\" \/>\n<meta name=\"twitter:card\" content=\"summary_large_image\" \/>\n<script type=\"application\/ld+json\" class=\"yoast-schema-graph\">{\"@context\":\"https:\/\/schema.org\",\"@graph\":[{\"@type\":\"WebPage\",\"@id\":\"https:\/\/www.koupeltech.com\/index.php\/produkt\/akcni-cena-dewalt-de0892g-detektor-pro-zelene-carove-lasery-29503\/\",\"url\":\"https:\/\/www.koupeltech.com\/index.php\/produkt\/akcni-cena-dewalt-de0892g-detektor-pro-zelene-carove-lasery-29503\/\",\"name\":\"Ak\u010dn\u00ed Cena DeWalt DE0892G Detektor pro ZELEN\u00c9 \u010d\u00e1rov\u00e9 lasery -\",\"isPartOf\":{\"@id\":\"https:\/\/www.koupeltech.com\/#website\"},\"primaryImageOfPage\":{\"@id\":\"https:\/\/www.koupeltech.com\/index.php\/produkt\/akcni-cena-dewalt-de0892g-detektor-pro-zelene-carove-lasery-29503\/#primaryimage\"},\"image\":{\"@id\":\"https:\/\/www.koupeltech.com\/index.php\/produkt\/akcni-cena-dewalt-de0892g-detektor-pro-zelene-carove-lasery-29503\/#primaryimage\"},\"thumbnailUrl\":\"https:\/\/www.koupeltech.com\/wp-content\/uploads\/2026\/SK0024503-CZ20260425-092328-0-1777080210-1245754-1_132052.webp\",\"datePublished\":\"2026-04-27T14:00:18+00:00\",\"breadcrumb\":{\"@id\":\"https:\/\/www.koupeltech.com\/index.php\/produkt\/akcni-cena-dewalt-de0892g-detektor-pro-zelene-carove-lasery-29503\/#breadcrumb\"},\"inLanguage\":\"cs\",\"potentialAction\":[{\"@type\":\"ReadAction\",\"target\":[\"https:\/\/www.koupeltech.com\/index.php\/produkt\/akcni-cena-dewalt-de0892g-detektor-pro-zelene-carove-lasery-29503\/\"]}]},{\"@type\":\"ImageObject\",\"inLanguage\":\"cs\",\"@id\":\"https:\/\/www.koupeltech.com\/index.php\/produkt\/akcni-cena-dewalt-de0892g-detektor-pro-zelene-carove-lasery-29503\/#primaryimage\",\"url\":\"https:\/\/www.koupeltech.com\/wp-content\/uploads\/2026\/SK0024503-CZ20260425-092328-0-1777080210-1245754-1_132052.webp\",\"contentUrl\":\"https:\/\/www.koupeltech.com\/wp-content\/uploads\/2026\/SK0024503-CZ20260425-092328-0-1777080210-1245754-1_132052.webp\",\"width\":800,\"height\":800},{\"@type\":\"BreadcrumbList\",\"@id\":\"https:\/\/www.koupeltech.com\/index.php\/produkt\/akcni-cena-dewalt-de0892g-detektor-pro-zelene-carove-lasery-29503\/#breadcrumb\",\"itemListElement\":[{\"@type\":\"ListItem\",\"position\":1,\"name\":\"Home\",\"item\":\"https:\/\/www.koupeltech.com\/\"},{\"@type\":\"ListItem\",\"position\":2,\"name\":\"Products\",\"item\":\"https:\/\/www.koupeltech.com\/index.php\/products\/\"},{\"@type\":\"ListItem\",\"position\":3,\"name\":\"Ak\u010dn\u00ed Cena DeWalt DE0892G Detektor pro ZELEN\u00c9 \u010d\u00e1rov\u00e9 lasery\"}]},{\"@type\":\"WebSite\",\"@id\":\"https:\/\/www.koupeltech.com\/#website\",\"url\":\"https:\/\/www.koupeltech.com\/\",\"name\":\"\",\"description\":\"\",\"potentialAction\":[{\"@type\":\"SearchAction\",\"target\":{\"@type\":\"EntryPoint\",\"urlTemplate\":\"https:\/\/www.koupeltech.com\/?s={search_term_string}\"},\"query-input\":{\"@type\":\"PropertyValueSpecification\",\"valueRequired\":true,\"valueName\":\"search_term_string\"}}],\"inLanguage\":\"cs\"}]}<\/script>\n<!-- \/ Yoast SEO plugin. -->","yoast_head_json":{"title":"Ak\u010dn\u00ed Cena DeWalt DE0892G Detektor pro ZELEN\u00c9 \u010d\u00e1rov\u00e9 lasery -","robots":{"index":"index","follow":"follow","max-snippet":"max-snippet:-1","max-image-preview":"max-image-preview:large","max-video-preview":"max-video-preview:-1"},"canonical":"https:\/\/www.koupeltech.com\/index.php\/produkt\/akcni-cena-dewalt-de0892g-detektor-pro-zelene-carove-lasery-29503\/","og_locale":"cs_CZ","og_type":"article","og_title":"Ak\u010dn\u00ed Cena DeWalt DE0892G Detektor pro ZELEN\u00c9 \u010d\u00e1rov\u00e9 lasery -","og_description":"P\u0159ij\u00edma\u010d zelen\u00e9ho paprsku pro \u010d\u00e1rov\u00e9 lasery DeWALT, max. dosah 50 mKompatibilita s lasery se zelen\u00fdm paprskemVelmi jednoduch\u00e9 pou\u017eit\u00ed.Pracovn\u00ed dosah a\u017e 60 m.Voliteln\u00e9 nastaven\u00ed omezen\u00e9 nebo roz\u0161\u00ed\u0159en\u00e9 p\u0159esnosti.Odoln\u00e1 p\u0159\u00edchytka pro mont\u00e1\u017e na vym\u011b\u0159ovac\u00ed ty\u010d.Podsv\u00edcen\u00fd LCD displej.Magnety umo\u017e\u0148uj\u00edc\u00ed p\u0159ipevn\u011bn\u00ed detektoru na kovov\u00e9 povrchy.Automatick\u00e9 vyp\u00edn\u00e1n\u00ed vyp\u00edn\u00e1 detektor, nen\u00ed-li pou\u017e\u00edv\u00e1n d\u00e9le ne\u017e 5 minut. \u25ba Sou\u010d\u00e1st\u00ed dod\u00e1vky je:Detektor DE0892Baterie [&hellip;]","og_url":"https:\/\/www.koupeltech.com\/index.php\/produkt\/akcni-cena-dewalt-de0892g-detektor-pro-zelene-carove-lasery-29503\/","og_image":[{"width":800,"height":800,"url":"https:\/\/www.koupeltech.com\/wp-content\/uploads\/2026\/SK0024503-CZ20260425-092328-0-1777080210-1245754-1_132052.webp","type":"image\/webp"}],"twitter_card":"summary_large_image","schema":{"@context":"https:\/\/schema.org","@graph":[{"@type":"WebPage","@id":"https:\/\/www.koupeltech.com\/index.php\/produkt\/akcni-cena-dewalt-de0892g-detektor-pro-zelene-carove-lasery-29503\/","url":"https:\/\/www.koupeltech.com\/index.php\/produkt\/akcni-cena-dewalt-de0892g-detektor-pro-zelene-carove-lasery-29503\/","name":"Ak\u010dn\u00ed Cena DeWalt DE0892G Detektor pro ZELEN\u00c9 \u010d\u00e1rov\u00e9 lasery -","isPartOf":{"@id":"https:\/\/www.koupeltech.com\/#website"},"primaryImageOfPage":{"@id":"https:\/\/www.koupeltech.com\/index.php\/produkt\/akcni-cena-dewalt-de0892g-detektor-pro-zelene-carove-lasery-29503\/#primaryimage"},"image":{"@id":"https:\/\/www.koupeltech.com\/index.php\/produkt\/akcni-cena-dewalt-de0892g-detektor-pro-zelene-carove-lasery-29503\/#primaryimage"},"thumbnailUrl":"https:\/\/www.koupeltech.com\/wp-content\/uploads\/2026\/SK0024503-CZ20260425-092328-0-1777080210-1245754-1_132052.webp","datePublished":"2026-04-27T14:00:18+00:00","breadcrumb":{"@id":"https:\/\/www.koupeltech.com\/index.php\/produkt\/akcni-cena-dewalt-de0892g-detektor-pro-zelene-carove-lasery-29503\/#breadcrumb"},"inLanguage":"cs","potentialAction":[{"@type":"ReadAction","target":["https:\/\/www.koupeltech.com\/index.php\/produkt\/akcni-cena-dewalt-de0892g-detektor-pro-zelene-carove-lasery-29503\/"]}]},{"@type":"ImageObject","inLanguage":"cs","@id":"https:\/\/www.koupeltech.com\/index.php\/produkt\/akcni-cena-dewalt-de0892g-detektor-pro-zelene-carove-lasery-29503\/#primaryimage","url":"https:\/\/www.koupeltech.com\/wp-content\/uploads\/2026\/SK0024503-CZ20260425-092328-0-1777080210-1245754-1_132052.webp","contentUrl":"https:\/\/www.koupeltech.com\/wp-content\/uploads\/2026\/SK0024503-CZ20260425-092328-0-1777080210-1245754-1_132052.webp","width":800,"height":800},{"@type":"BreadcrumbList","@id":"https:\/\/www.koupeltech.com\/index.php\/produkt\/akcni-cena-dewalt-de0892g-detektor-pro-zelene-carove-lasery-29503\/#breadcrumb","itemListElement":[{"@type":"ListItem","position":1,"name":"Home","item":"https:\/\/www.koupeltech.com\/"},{"@type":"ListItem","position":2,"name":"Products","item":"https:\/\/www.koupeltech.com\/index.php\/products\/"},{"@type":"ListItem","position":3,"name":"Ak\u010dn\u00ed Cena DeWalt DE0892G Detektor pro ZELEN\u00c9 \u010d\u00e1rov\u00e9 lasery"}]},{"@type":"WebSite","@id":"https:\/\/www.koupeltech.com\/#website","url":"https:\/\/www.koupeltech.com\/","name":"","description":"","potentialAction":[{"@type":"SearchAction","target":{"@type":"EntryPoint","urlTemplate":"https:\/\/www.koupeltech.com\/?s={search_term_string}"},"query-input":{"@type":"PropertyValueSpecification","valueRequired":true,"valueName":"search_term_string"}}],"inLanguage":"cs"}]}},"_links":{"self":[{"href":"https:\/\/www.koupeltech.com\/index.php\/wp-json\/wp\/v2\/product\/29503","targetHints":{"allow":["GET"]}}],"collection":[{"href":"https:\/\/www.koupeltech.com\/index.php\/wp-json\/wp\/v2\/product"}],"about":[{"href":"https:\/\/www.koupeltech.com\/index.php\/wp-json\/wp\/v2\/types\/product"}],"replies":[{"embeddable":true,"href":"https:\/\/www.koupeltech.com\/index.php\/wp-json\/wp\/v2\/comments?post=29503"}],"wp:featuredmedia":[{"embeddable":true,"href":"https:\/\/www.koupeltech.com\/index.php\/wp-json\/wp\/v2\/media\/29603"}],"wp:attachment":[{"href":"https:\/\/www.koupeltech.com\/index.php\/wp-json\/wp\/v2\/media?parent=29503"}],"wp:term":[{"taxonomy":"product_brand","embeddable":true,"href":"https:\/\/www.koupeltech.com\/index.php\/wp-json\/wp\/v2\/product_brand?post=29503"},{"taxonomy":"product_cat","embeddable":true,"href":"https:\/\/www.koupeltech.com\/index.php\/wp-json\/wp\/v2\/product_cat?post=29503"},{"taxonomy":"product_tag","embeddable":true,"href":"https:\/\/www.koupeltech.com\/index.php\/wp-json\/wp\/v2\/product_tag?post=29503"}],"curies":[{"name":"wp","href":"https:\/\/api.w.org\/{rel}","templated":true}]}}